{"id":10481,"date":"2020-05-22T12:09:42","date_gmt":"2020-05-22T10:09:42","guid":{"rendered":"http:\/\/les-gets.votre-projet.com\/weather-and-snow-report\/"},"modified":"2025-12-11T11:30:09","modified_gmt":"2025-12-11T10:30:09","slug":"weather-and-snow-report","status":"publish","type":"page","link":"https:\/\/www.lesgets.com\/en\/weather-and-snow-report\/","title":{"rendered":"Weather and snow report"},"content":{"rendered":"<div class=\"block block-core-spacer\">\n<div style=\"height:20px\" aria-hidden=\"true\" class=\"wp-block-spacer\"><\/div>\n<\/div>\n\n<p>This weather page is updated in real time with data from M\u00e9t\u00e9o France.<\/p>\n<p>Find all the information about snowfall, wind, temperatures and possible avalanche risks to make the most of your outing in the ski area.<\/p>\n\n<div class=\"block block-core-spacer\">\n<div style=\"height:20px\" aria-hidden=\"true\" class=\"wp-block-spacer\"><\/div>\n<\/div>\n\n<div class=\"block block-lba-weather-weather-simple\"><div class=\"background-wrapper\" >\r\n    <div class=\"container\">\r\n        <h2>Snow weather<br\/><span class=\"small\">Thursday 9 April<\/span><\/h2>\r\n        <p>Update: 09\/04\/2026 07:35, forecasts provided by M\u00e9t\u00e9o France<\/p>\r\n        <div class=\"row\">\r\n                                        <div class=\"col-3\">\r\n                    <div class=\"conteneur\">\r\n                        <h3>Morning<\/h3>\r\n                        <i class=\"wi wi-day-sunny\" alt=\"Soleil\" title=\"Soleil\"><\/i>                        <div class=\"temp\">\r\n                            8\u00b0<br\/>\r\n                        <\/div>\r\n                        <div class=\"wind\">\r\n                            4<sup>km\/h<\/sup><br\/>\r\n                        <\/div>\r\n                    <\/div>\r\n                <\/div>\r\n            \r\n                            <div class=\"col-3\">\r\n                    <div class=\"conteneur\">\r\n                        <h3>Afternoon<\/h3>\r\n                        <i class=\"wi wi-day-sunny\" alt=\"Soleil\" title=\"Soleil\"><\/i>                        <div class=\"temp\">\r\n                            14\u00b0<br\/>\r\n                        <\/div>\r\n                        <div class=\"wind\">\r\n                            10<sup>km\/h<\/sup><br\/>\r\n                        <\/div>\r\n                    <\/div>\r\n                <\/div>\r\n            \r\n                            <div class=\"col-6\">\r\n                    <div class=\"row\">\r\n                        <div class=\"col-12\">\r\n                            <div class=\"conteneur\">\r\n                                <h3>Next 3 days<\/h3>\r\n                                <table>\r\n                                    <thead>\r\n                                    <tr>\r\n                                        <th><\/th>\r\n                                        <th>morning<\/th>\r\n                                        <th>afternoon<\/th>\r\n                                    <\/tr>\r\n                                    <\/thead>\r\n                                    <tbody>\r\n                                                                                <tr>\r\n                                                <td>Friday 10 April<\/td>\r\n                                                <td>\r\n                                                    <i class=\"wi wi-day-cloudy\" alt=\"Soleil voil\u00e9\" title=\"Soleil voil\u00e9\"><\/i> 8                                                    \u00b0\r\n                                                <\/td>\r\n                                                <td>\r\n                                                    <i class=\"wi wi-day-cloudy\" alt=\"Tr\u00e8s nuageux, courtes \u00e9claircies\" title=\"Tr\u00e8s nuageux, courtes \u00e9claircies\"><\/i> 13                                                    \u00b0\r\n                                                <\/td>\r\n                                            <\/tr>\r\n                                                                                        <tr>\r\n                                                <td>Saturday 11 April<\/td>\r\n                                                <td>\r\n                                                    <i class=\"wi wi-day-sunny\" alt=\"Soleil\" title=\"Soleil\"><\/i> 9                                                    \u00b0\r\n                                                <\/td>\r\n                                                <td>\r\n                                                    <i class=\"wi wi-day-sunny\" alt=\"Soleil\" title=\"Soleil\"><\/i> 17                                                    \u00b0\r\n                                                <\/td>\r\n                                            <\/tr>\r\n                                                                                        <tr>\r\n                                                <td>Sunday 12 April<\/td>\r\n                                                <td>\r\n                                                    <i class=\"wi wi-day-cloudy\" alt=\"Soleil voil\u00e9\" title=\"Soleil voil\u00e9\"><\/i> 6                                                    \u00b0\r\n                                                <\/td>\r\n                                                <td>\r\n                                                    <i class=\"wi wi-rain-mix\" alt=\"Couvert, bruines ou pluies faibles\" title=\"Couvert, bruines ou pluies faibles\"><\/i> 5                                                    \u00b0\r\n                                                <\/td>\r\n                                            <\/tr>\r\n                                                                                <\/tbody>\r\n                                <\/table>\r\n                            <\/div>\r\n                        <\/div>\r\n                    <\/div>\r\n                <\/div>\r\n                            <p class=\"legende\">Note: temperature at the foot of the slopes<\/p>\r\n        <\/div>\r\n    <\/div>\r\n<\/div>\r\n<\/div>\n\n<div class=\"block block-lba-weather-sonde\"><div class=\"sonde\">\r\n  <h3>Live temperatures<\/h3>\r\n  <h4>Last update: Thursday 9 April 2026 at 13:32<\/h4>\r\n  <div class=\"temperatures-live\">\r\n    <ul class=\"list-group\">\r\n      <li class=\"list-group-item\">\r\n        <span class=\"badge\">23\u00b0<\/span>\r\n        Town:      <\/li>\r\n      <li class=\"list-group-item\">\r\n        <span class=\"badge\">15\u00b0<\/span>\r\n        Intermediate:      <\/li>\r\n      <li class=\"list-group-item\">\r\n        <span class=\"badge\">10\u00b0<\/span>\r\n        Mountain peak:      <\/li>\r\n    <\/ul>\r\n  <\/div>\r\n<\/div><\/div>\n\n<div class=\"block block-core-heading\">\n<h2 class=\"wp-block-heading\">Snow cover<\/h2>\n<\/div>\n\n<div class=\"block block-core-html\">\n<script src=\"https:\/\/lesgets.digisnow.app\/widget\/widget-digisnow-main.js\" station=\"lesgets\"><\/script>\n<widget-digisnow-snow station=\"lesgets\" lang=\"fr\" id=\"1\" ><\/widget-digisnow-snow>\n<\/div>\n\n<div class=\"block block-core-html\">\n<script src=\"https:\/\/lesgets.digisnow.app\/widget\/widget-digisnow-main.js\" station=\"lesgets\"><\/script>\n<widget-digisnow-avalanche station=\"lesgets\" lang=\"fr\" id=\"1\"><\/widget-digisnow-avalanche>\n<\/div>\n\n<div class=\"block block-core-spacer\">\n<div style=\"height:100px\" aria-hidden=\"true\" class=\"wp-block-spacer\"><\/div>\n<\/div>\n\n<div class=\"block block-core-heading\">\n<h2 class=\"wp-block-heading\"><strong>Our best sites<\/strong> for weather forecast<\/h2>\n<\/div>\n\n<ul>\n<li><strong><a href=\"https:\/\/meteofrance.com\/previsions-meteo-france\/haute-savoie\/74\" target=\"_blank\" rel=\"noopener noreferrer\">M\u00e9t\u00e9o France<\/a><\/strong>: THE essential website for weather forecasts in France.<\/li>\n<li><a href=\"https:\/\/www.lachainemeteo.com\/meteo-france\/departement-75\/previsions-meteo-haute-savoie-samedi\" target=\"_blank\" rel=\"noopener noreferrer\"><strong>La Cha\u00eene M\u00e9t\u00e9o<\/strong><\/a> : Renowned for its reliable hourly and fortnightly forecasts.<\/li>\n<li><a href=\"https:\/\/chamonix-meteo.com\/chamonix-mont-blanc\/meteo\/prevision\/matin\/previ_meteo_5_jours.php\" target=\"_blank\" rel=\"noopener noreferrer\"><strong>M\u00e9t\u00e9o Chamonix<\/strong><\/a> : Very reliable and gives indications on temperatures and rainfall in low, medium and high altitude.&nbsp;<\/li>\n<li><a href=\"https:\/\/www.meteosuisse.admin.ch\/home.html?tab=overview\" target=\"_blank\" rel=\"noopener noreferrer\"><strong>M\u00e9t\u00e9o Suisse<\/strong><\/a> : The Geneva airport meteorological office provides very accurate and instantaneous weather forecasts.&nbsp;<\/li>\n<li><a href=\"https:\/\/www.meteoblue.com\/fr\/meteo\/semaine\/les-gets_france_3000902\" target=\"_blank\" rel=\"noopener noreferrer\"><strong>M\u00e9t\u00e9o blue<\/strong><\/a><\/li>\n<\/ul>\n\n<div class=\"block block-core-spacer\">\n<div style=\"height:20px\" aria-hidden=\"true\" class=\"wp-block-spacer\"><\/div>\n<\/div>\n\n<div class=\"block block-core-heading\">\n<h2 class=\"wp-block-heading\">Webcams <\/h2>\n<\/div>\n\n<p>Thanks to our live webcams installed in several strategic places in the resort, you can see in one click the <strong>snow conditions<\/strong> of the area as well as the <strong>weather<\/strong> all year round.<\/p>\n\n<div class=\"block block-core-html\">\n<iframe loading=\"lazy\" width=\"1200\" height=\"600\" src=\"https:\/\/www.skaping.com\/portes-du-soleil\/les-gets\"><\/iframe>\n<\/div>\n\n<div class=\"block block-core-heading\">\n<h2 class=\"wp-block-heading has-luminous-vivid-amber-color has-text-color has-link-color wp-elements-28e1c6726401a252367a7f9075563b8b\">Top of Ranfoilly<\/h2>\n<\/div>\n\n<div class=\"block block-core-button\">\n<div class=\"wp-block-button\"><a class=\"wp-block-button__link has-luminous-vivid-amber-background-color has-background wp-element-button\" href=\"https:\/\/www.lesgets.com\/en\/webcams\/\">Watch all webcams<\/a><\/div>\n<\/div>\n\n<div class=\"block block-core-spacer\">\n<div style=\"height:40px\" aria-hidden=\"true\" class=\"wp-block-spacer\"><\/div>\n<\/div>\n\n<div class=\"block block-core-heading\">\n<h2 class=\"wp-block-heading\">Weather in <strong>the Portes du Soleil<\/strong><\/h2>\n<\/div>\n\n<p>You can also find the weather and snow forecasts for Morzine, Avoriaz, Saint Jean d&#8217;Aulps, Chatel and the other ski resorts of les Portes du Soleil<\/p>\n\n<div class=\"block block-core-button\">\n<div class=\"wp-block-button\"><a class=\"wp-block-button__link wp-element-button\" href=\"https:\/\/en.portesdusoleil.com\/weather\/vallee-daulps.html\">Learn more<\/a><\/div>\n<\/div>\n\n<div class=\"block block-core-spacer\">\n<div style=\"height:20px\" aria-hidden=\"true\" class=\"wp-block-spacer\"><\/div>\n<\/div>\n\n<div class=\"block block-core-heading\">\n<h2 class=\"wp-block-heading\"><strong>Snowfall in Les Gets:<\/strong> history<\/h2>\n<\/div>\n\n<p>Below are some tables showing the historical average snowfall for Les Gets between 2007 and 2018.<\/p>\n<p>To find out the snowfall history for each season in Les Gets, you can consult the websites<strong> <a href=\"https:\/\/www.skiinfo.fr\/alpes-du-nord\/les-gets\/historique-enneigement.html\">skiinfo<\/a> <\/strong>and <a href=\"https:\/\/www.snow-forecast.com\/resorts\/Les-Gets\/history\"><strong>snow-forecast<\/strong><\/a><\/p>\n\n\n<figure class=\"wp-block-gallery has-nested-images columns-default wp-block-gallery-1 is-layout-flex wp-block-gallery-is-layout-flex\">\n<figure class=\"wp-block-image size-large\"><img loading=\"lazy\" decoding=\"async\" width=\"788\" height=\"506\" data-id=\"27423\" src=\"https:\/\/www.lesgets.com\/app\/uploads\/2021\/03\/Chutes-neige-moyenne-Lesgets-2.png\" alt=\"\" class=\"wp-image-27423\" srcset=\"https:\/\/www.lesgets.com\/wp\/..\/app\/uploads\/2021\/03\/Chutes-neige-moyenne-Lesgets-2.png 788w, https:\/\/www.lesgets.com\/wp\/..\/app\/uploads\/2021\/03\/Chutes-neige-moyenne-Lesgets-2-768x493.png 768w\" sizes=\"auto, (max-width: 788px) 100vw, 788px\" \/><\/figure>\n\n\n\n<figure class=\"wp-block-image size-large\"><img loading=\"lazy\" decoding=\"async\" width=\"1670\" height=\"1204\" data-id=\"27426\" src=\"https:\/\/www.lesgets.com\/app\/uploads\/2021\/03\/Chutes-neige-moyenne-Lesgets.png\" alt=\"\" class=\"wp-image-27426\" srcset=\"https:\/\/www.lesgets.com\/wp\/..\/app\/uploads\/2021\/03\/Chutes-neige-moyenne-Lesgets.png 1670w, https:\/\/www.lesgets.com\/wp\/..\/app\/uploads\/2021\/03\/Chutes-neige-moyenne-Lesgets-768x554.png 768w, https:\/\/www.lesgets.com\/wp\/..\/app\/uploads\/2021\/03\/Chutes-neige-moyenne-Lesgets-1536x1107.png 1536w, https:\/\/www.lesgets.com\/wp\/..\/app\/uploads\/2021\/03\/Chutes-neige-moyenne-Lesgets-960x692.png 960w\" sizes=\"auto, (max-width: 1670px) 100vw, 1670px\" \/><\/figure>\n<\/figure>\n","protected":false},"excerpt":{"rendered":"<p>Discover the 4-day weather forecast in Les Gets: weather, snow, latest snowfall on Les Gets-Morzine ski area and in the village. <\/p>\n","protected":false},"author":1,"featured_media":77320,"parent":0,"menu_order":0,"comment_status":"closed","ping_status":"closed","template":"","meta":{"_acf_changed":false,"footnotes":""},"class_list":["post-10481","page","type-page","status-publish","has-post-thumbnail","hentry"],"acf":[],"yoast_head":"<!-- This site is optimized with the Yoast SEO plugin v27.2 - https:\/\/yoast.com\/product\/yoast-seo-wordpress\/ -->\n<title>Weather and snow forecast Ski area and village Les Gets-Morzine<\/title>\n<meta name=\"description\" content=\"Discover the 4-day weather forecast in Les Gets: weather, snow, latest snowfall on Les Gets-Morzine ski area and in the village.\" \/>\n<meta name=\"robots\" content=\"index, follow, max-snippet:-1, max-image-preview:large, max-video-preview:-1\" \/>\n<link rel=\"canonical\" href=\"https:\/\/www.lesgets.com\/en\/weather-and-snow-report\/\" \/>\n<meta property=\"og:locale\" content=\"en_US\" \/>\n<meta property=\"og:type\" content=\"article\" \/>\n<meta property=\"og:title\" content=\"Weather and snow forecast Ski area and village Les Gets-Morzine\" \/>\n<meta property=\"og:description\" content=\"Discover the 4-day weather forecast in Les Gets: weather, snow, latest snowfall on Les Gets-Morzine ski area and in the village.\" \/>\n<meta property=\"og:url\" content=\"https:\/\/www.lesgets.com\/en\/weather-and-snow-report\/\" \/>\n<meta property=\"og:site_name\" content=\"Les Gets\" \/>\n<meta property=\"article:modified_time\" content=\"2025-12-11T10:30:09+00:00\" \/>\n<meta property=\"og:image\" content=\"https:\/\/www.lesgets.com\/wp\/..\/app\/uploads\/2025\/10\/2020_01_20_domaine_ski_alpin_amis_lesgets_Manon_Guenot_AMG09117_LD.jpg\" \/>\n\t<meta property=\"og:image:width\" content=\"640\" \/>\n\t<meta property=\"og:image:height\" content=\"427\" \/>\n\t<meta property=\"og:image:type\" content=\"image\/jpeg\" \/>\n<meta name=\"twitter:card\" content=\"summary_large_image\" \/>\n<meta name=\"twitter:label1\" content=\"Est. reading time\" \/>\n\t<meta name=\"twitter:data1\" content=\"2 minutes\" \/>\n<script type=\"application\/ld+json\" class=\"yoast-schema-graph\">{\"@context\":\"https:\/\/schema.org\",\"@graph\":[{\"@type\":\"WebPage\",\"@id\":\"https:\/\/www.lesgets.com\/en\/weather-and-snow-report\/\",\"url\":\"https:\/\/www.lesgets.com\/en\/weather-and-snow-report\/\",\"name\":\"Weather and snow forecast Ski area and village Les Gets-Morzine\",\"isPartOf\":{\"@id\":\"https:\/\/www.lesgets.com\/en\/#website\"},\"primaryImageOfPage\":{\"@id\":\"https:\/\/www.lesgets.com\/en\/weather-and-snow-report\/#primaryimage\"},\"image\":{\"@id\":\"https:\/\/www.lesgets.com\/en\/weather-and-snow-report\/#primaryimage\"},\"thumbnailUrl\":\"https:\/\/www.lesgets.com\/wp\/..\/app\/uploads\/2025\/10\/2020_01_20_domaine_ski_alpin_amis_lesgets_Manon_Guenot_AMG09117_LD.jpg\",\"datePublished\":\"2020-05-22T10:09:42+00:00\",\"dateModified\":\"2025-12-11T10:30:09+00:00\",\"description\":\"Discover the 4-day weather forecast in Les Gets: weather, snow, latest snowfall on Les Gets-Morzine ski area and in the village.\",\"breadcrumb\":{\"@id\":\"https:\/\/www.lesgets.com\/en\/weather-and-snow-report\/#breadcrumb\"},\"inLanguage\":\"en-US\",\"potentialAction\":[{\"@type\":\"ReadAction\",\"target\":[\"https:\/\/www.lesgets.com\/en\/weather-and-snow-report\/\"]}]},{\"@type\":\"ImageObject\",\"inLanguage\":\"en-US\",\"@id\":\"https:\/\/www.lesgets.com\/en\/weather-and-snow-report\/#primaryimage\",\"url\":\"https:\/\/www.lesgets.com\/wp\/..\/app\/uploads\/2025\/10\/2020_01_20_domaine_ski_alpin_amis_lesgets_Manon_Guenot_AMG09117_LD.jpg\",\"contentUrl\":\"https:\/\/www.lesgets.com\/wp\/..\/app\/uploads\/2025\/10\/2020_01_20_domaine_ski_alpin_amis_lesgets_Manon_Guenot_AMG09117_LD.jpg\",\"width\":2500,\"height\":1667,\"caption\":\"meteo_les_Gets\"},{\"@type\":\"BreadcrumbList\",\"@id\":\"https:\/\/www.lesgets.com\/en\/weather-and-snow-report\/#breadcrumb\",\"itemListElement\":[{\"@type\":\"ListItem\",\"position\":1,\"name\":\"Home\",\"item\":\"https:\/\/www.lesgets.com\/en\/\"},{\"@type\":\"ListItem\",\"position\":2,\"name\":\"Weather and snow report\"}]},{\"@type\":\"WebSite\",\"@id\":\"https:\/\/www.lesgets.com\/en\/#website\",\"url\":\"https:\/\/www.lesgets.com\/en\/\",\"name\":\"Les Gets\",\"description\":\"\",\"publisher\":{\"@id\":\"https:\/\/www.lesgets.com\/en\/#organization\"},\"potentialAction\":[{\"@type\":\"SearchAction\",\"target\":{\"@type\":\"EntryPoint\",\"urlTemplate\":\"https:\/\/www.lesgets.com\/en\/?s={search_term_string}\"},\"query-input\":{\"@type\":\"PropertyValueSpecification\",\"valueRequired\":true,\"valueName\":\"search_term_string\"}}],\"inLanguage\":\"en-US\"},{\"@type\":\"Organization\",\"@id\":\"https:\/\/www.lesgets.com\/en\/#organization\",\"name\":\"Les Gets\",\"url\":\"https:\/\/www.lesgets.com\/en\/\",\"logo\":{\"@type\":\"ImageObject\",\"inLanguage\":\"en-US\",\"@id\":\"https:\/\/www.lesgets.com\/en\/#\/schema\/logo\/image\/\",\"url\":\"https:\/\/www.lesgets.com\/wp\/..\/app\/uploads\/2020\/06\/logo_lesgets.png\",\"contentUrl\":\"https:\/\/www.lesgets.com\/wp\/..\/app\/uploads\/2020\/06\/logo_lesgets.png\",\"width\":136,\"height\":115,\"caption\":\"Les Gets\"},\"image\":{\"@id\":\"https:\/\/www.lesgets.com\/en\/#\/schema\/logo\/image\/\"}}]}<\/script>\n<!-- \/ Yoast SEO plugin. -->","yoast_head_json":{"title":"Weather and snow forecast Ski area and village Les Gets-Morzine","description":"Discover the 4-day weather forecast in Les Gets: weather, snow, latest snowfall on Les Gets-Morzine ski area and in the village.","robots":{"index":"index","follow":"follow","max-snippet":"max-snippet:-1","max-image-preview":"max-image-preview:large","max-video-preview":"max-video-preview:-1"},"canonical":"https:\/\/www.lesgets.com\/en\/weather-and-snow-report\/","og_locale":"en_US","og_type":"article","og_title":"Weather and snow forecast Ski area and village Les Gets-Morzine","og_description":"Discover the 4-day weather forecast in Les Gets: weather, snow, latest snowfall on Les Gets-Morzine ski area and in the village.","og_url":"https:\/\/www.lesgets.com\/en\/weather-and-snow-report\/","og_site_name":"Les Gets","article_modified_time":"2025-12-11T10:30:09+00:00","og_image":[{"url":"https:\/\/www.lesgets.com\/wp\/..\/app\/uploads\/2025\/10\/2020_01_20_domaine_ski_alpin_amis_lesgets_Manon_Guenot_AMG09117_LD.jpg","width":640,"height":427,"type":"image\/jpeg"}],"twitter_card":"summary_large_image","twitter_misc":{"Est. reading time":"2 minutes"},"schema":{"@context":"https:\/\/schema.org","@graph":[{"@type":"WebPage","@id":"https:\/\/www.lesgets.com\/en\/weather-and-snow-report\/","url":"https:\/\/www.lesgets.com\/en\/weather-and-snow-report\/","name":"Weather and snow forecast Ski area and village Les Gets-Morzine","isPartOf":{"@id":"https:\/\/www.lesgets.com\/en\/#website"},"primaryImageOfPage":{"@id":"https:\/\/www.lesgets.com\/en\/weather-and-snow-report\/#primaryimage"},"image":{"@id":"https:\/\/www.lesgets.com\/en\/weather-and-snow-report\/#primaryimage"},"thumbnailUrl":"https:\/\/www.lesgets.com\/wp\/..\/app\/uploads\/2025\/10\/2020_01_20_domaine_ski_alpin_amis_lesgets_Manon_Guenot_AMG09117_LD.jpg","datePublished":"2020-05-22T10:09:42+00:00","dateModified":"2025-12-11T10:30:09+00:00","description":"Discover the 4-day weather forecast in Les Gets: weather, snow, latest snowfall on Les Gets-Morzine ski area and in the village.","breadcrumb":{"@id":"https:\/\/www.lesgets.com\/en\/weather-and-snow-report\/#breadcrumb"},"inLanguage":"en-US","potentialAction":[{"@type":"ReadAction","target":["https:\/\/www.lesgets.com\/en\/weather-and-snow-report\/"]}]},{"@type":"ImageObject","inLanguage":"en-US","@id":"https:\/\/www.lesgets.com\/en\/weather-and-snow-report\/#primaryimage","url":"https:\/\/www.lesgets.com\/wp\/..\/app\/uploads\/2025\/10\/2020_01_20_domaine_ski_alpin_amis_lesgets_Manon_Guenot_AMG09117_LD.jpg","contentUrl":"https:\/\/www.lesgets.com\/wp\/..\/app\/uploads\/2025\/10\/2020_01_20_domaine_ski_alpin_amis_lesgets_Manon_Guenot_AMG09117_LD.jpg","width":2500,"height":1667,"caption":"meteo_les_Gets"},{"@type":"BreadcrumbList","@id":"https:\/\/www.lesgets.com\/en\/weather-and-snow-report\/#breadcrumb","itemListElement":[{"@type":"ListItem","position":1,"name":"Home","item":"https:\/\/www.lesgets.com\/en\/"},{"@type":"ListItem","position":2,"name":"Weather and snow report"}]},{"@type":"WebSite","@id":"https:\/\/www.lesgets.com\/en\/#website","url":"https:\/\/www.lesgets.com\/en\/","name":"Les Gets","description":"","publisher":{"@id":"https:\/\/www.lesgets.com\/en\/#organization"},"potentialAction":[{"@type":"SearchAction","target":{"@type":"EntryPoint","urlTemplate":"https:\/\/www.lesgets.com\/en\/?s={search_term_string}"},"query-input":{"@type":"PropertyValueSpecification","valueRequired":true,"valueName":"search_term_string"}}],"inLanguage":"en-US"},{"@type":"Organization","@id":"https:\/\/www.lesgets.com\/en\/#organization","name":"Les Gets","url":"https:\/\/www.lesgets.com\/en\/","logo":{"@type":"ImageObject","inLanguage":"en-US","@id":"https:\/\/www.lesgets.com\/en\/#\/schema\/logo\/image\/","url":"https:\/\/www.lesgets.com\/wp\/..\/app\/uploads\/2020\/06\/logo_lesgets.png","contentUrl":"https:\/\/www.lesgets.com\/wp\/..\/app\/uploads\/2020\/06\/logo_lesgets.png","width":136,"height":115,"caption":"Les Gets"},"image":{"@id":"https:\/\/www.lesgets.com\/en\/#\/schema\/logo\/image\/"}}]}},"featured_image_src":"https:\/\/www.lesgets.com\/wp\/..\/app\/uploads\/2025\/10\/2020_01_20_domaine_ski_alpin_amis_lesgets_Manon_Guenot_AMG09117_LD-600x400.jpg","featured_image_src_square":"https:\/\/www.lesgets.com\/wp\/..\/app\/uploads\/2025\/10\/2020_01_20_domaine_ski_alpin_amis_lesgets_Manon_Guenot_AMG09117_LD-600x600.jpg","_links":{"self":[{"href":"https:\/\/www.lesgets.com\/en\/wp-json\/wp\/v2\/pages\/10481","targetHints":{"allow":["GET"]}}],"collection":[{"href":"https:\/\/www.lesgets.com\/en\/wp-json\/wp\/v2\/pages"}],"about":[{"href":"https:\/\/www.lesgets.com\/en\/wp-json\/wp\/v2\/types\/page"}],"author":[{"embeddable":true,"href":"https:\/\/www.lesgets.com\/en\/wp-json\/wp\/v2\/users\/1"}],"replies":[{"embeddable":true,"href":"https:\/\/www.lesgets.com\/en\/wp-json\/wp\/v2\/comments?post=10481"}],"version-history":[{"count":5,"href":"https:\/\/www.lesgets.com\/en\/wp-json\/wp\/v2\/pages\/10481\/revisions"}],"predecessor-version":[{"id":82987,"href":"https:\/\/www.lesgets.com\/en\/wp-json\/wp\/v2\/pages\/10481\/revisions\/82987"}],"wp:featuredmedia":[{"embeddable":true,"href":"https:\/\/www.lesgets.com\/en\/wp-json\/wp\/v2\/media\/77320"}],"wp:attachment":[{"href":"https:\/\/www.lesgets.com\/en\/wp-json\/wp\/v2\/media?parent=10481"}],"curies":[{"name":"wp","href":"https:\/\/api.w.org\/{rel}","templated":true}]}}