{"id":1085,"date":"2020-05-27T17:15:14","date_gmt":"2020-05-27T15:15:14","guid":{"rendered":"http:\/\/les-gets.votre-projet.com\/?page_id=1085"},"modified":"2026-03-05T08:28:48","modified_gmt":"2026-03-05T07:28:48","slug":"opening-hours-and-dates","status":"publish","type":"page","link":"https:\/\/www.lesgets.com\/en\/discover-the-resort\/ski-winter-sports\/opening-hours-and-dates\/","title":{"rendered":"Ski Area opening hours and dates"},"content":{"rendered":"<div class=\"block block-core-heading\">\n<h2 class=\"wp-block-heading\" id=\"opening-dates\">Opening <strong>dates<\/strong><\/h2>\n<\/div>\n\n<div class=\"block block-core-spacer\">\n<div style=\"height:30px\" aria-hidden=\"true\" class=\"wp-block-spacer\"><\/div>\n<\/div>\n\n<div class=\"block block-core-heading\">\n<h4 class=\"wp-block-heading\" id=\"winter-2021-2022\">Winter 2025-2026<\/h4>\n<\/div>\n\n<div class=\"block block-core-table\">\n<figure class=\"wp-block-table is-style-stripes\"><table><tbody><tr><td>Opening<\/td><td>Saturday 20 December<\/td><\/tr><tr><td>Closing<\/td><td>Sunday 12 April *<\/td><\/tr><tr><td>Closure of Mont-Ch\u00e9ry<\/td><td>Sunday 29 March<\/td><\/tr><\/tbody><\/table><\/figure>\n<\/div>\n\n<div class=\"block block-core-paragraph\">\n<p>*<em>Depending on snow conditions and visitor forecasts, some slopes and lifts may close earlier.<\/em><\/p>\n<\/div>\n\n<div class=\"block block-core-spacer\">\n<div style=\"height:30px\" aria-hidden=\"true\" class=\"wp-block-spacer\"><\/div>\n<\/div>\n\n<div class=\"block block-core-heading\">\n<h2 class=\"wp-block-heading\" id=\"lift-closing-hours\">Lift <strong>closing hours<\/strong><\/h2>\n<\/div>\n\n<div class=\"block block-core-heading\">\n<h4 class=\"wp-block-heading\" id=\"winter-2021-2022\">Winter 2025-2026<\/h4>\n<\/div>\n\n<div class=\"block block-core-paragraph\">\n<p>THE SKI AREA OPENS AT 9:00 AM<\/p>\n<\/div>\n\n<div class=\"block block-genesis-custom-blocks-surtitre\"><span class=\"subtitle\">T\u00e9l\u00e9cabine des Chavannes <\/span><\/div>\n\n<div class=\"block block-core-table\">\n<figure class=\"wp-block-table is-style-stripes\"><table><tbody><tr><td>From 20 Dec. to 16 Jan.<\/td><td>4 : 20 PM<\/td><\/tr><tr><td>From 17 Jan. to 06 Feb.<\/td><td>4 : 50 PM<\/td><\/tr><tr><td>From 07 Feb. to 06 March<\/td><td>5 : 20 PM<\/td><\/tr><tr><td>From 07 March to the Closing<\/td><td>4 : 50 PM<\/td><\/tr><\/tbody><\/table><\/figure>\n<\/div>\n\n<div class=\"block block-genesis-custom-blocks-surtitre\"><span class=\"subtitle\">T\u00e9l\u00e9si\u00e8ge express des Chavannes <\/span><\/div>\n\n<div class=\"block block-core-table\">\n<figure class=\"wp-block-table is-style-stripes\"><table><tbody><tr><td>From 20 Dec. to 16 Jan.<\/td><td>4 : 10 PM<\/td><\/tr><tr><td>From 17 Jan. to 06 Feb.<\/td><td>5 : 00 PM<\/td><\/tr><tr><td>From 06 Feb. to 06 March<\/td><td>5 : 30 PM<\/td><\/tr><tr><td>From 06 March to the Closing<\/td><td>5 : 00 PM<\/td><\/tr><\/tbody><\/table><\/figure>\n<\/div>\n\n<div class=\"block block-genesis-custom-blocks-surtitre\"><span class=\"subtitle\">T\u00e9l\u00e9si\u00e8ge des Folliets (retour Morzine)<\/span><\/div>\n\n<div class=\"block block-core-table\">\n<figure class=\"wp-block-table is-style-stripes\"><table><tbody><tr><td>From 20 Dec. to 16 Jan.<\/td><td>4 : 30 PM<\/td><\/tr><tr><td>From 17 Jan. to 06 Feb.<\/td><td>5 : 00 PM<\/td><\/tr><tr><td>From 07 Feb. to 06 March<\/td><td>5 : 30 PM<\/td><\/tr><tr><td>From 07 March to the Closing<\/td><td>5 : 00 PM<\/td><\/tr><\/tbody><\/table><\/figure>\n<\/div>\n\n<div class=\"block block-genesis-custom-blocks-surtitre\"><span class=\"subtitle\">T\u00e9l\u00e9cabine du Ch\u00e9ry<\/span><\/div>\n\n<div class=\"block block-core-table\">\n<figure class=\"wp-block-table is-style-stripes\"><table><tbody><tr><td>From 20 Dec. to 16 Jan.<\/td><td>4 : 20 PM<\/td><\/tr><tr><td>From 17 Jan. to 06 Feb.<\/td><td>4 : 50 PM<\/td><\/tr><tr><td>From 07 Feb. to 06 March<\/td><td>5 : 20 PM<\/td><\/tr><tr><td>From 07 March to the 29 March<\/td><td>4 : 50 PM<\/td><\/tr><\/tbody><\/table><\/figure>\n<\/div>\n\n<div class=\"block block-core-button\">\n<div class=\"wp-block-button alignleft\"><a class=\"wp-block-button__link wp-element-button\" href=\"https:\/\/pass.lesgets.com\/wp-content\/uploads\/2025\/12\/Horaires-RM-Les-Gets-Morzine-2025-2026-1.pdf\" target=\"_blank\" rel=\"noreferrer noopener\">All opening hours<\/a><\/div>\n<\/div>\n\n<div class=\"block block-core-spacer\">\n<div style=\"height:30px\" aria-hidden=\"true\" class=\"wp-block-spacer\"><\/div>\n<\/div>","protected":false},"excerpt":{"rendered":"<p>All the dates and opening hours of the Les Gets Morzine ski area and ski lifts for the winter season.<\/p>\n","protected":false},"author":5,"featured_media":76987,"parent":10619,"menu_order":0,"comment_status":"closed","ping_status":"closed","template":"","meta":{"_acf_changed":false,"footnotes":""},"class_list":["post-1085","page","type-page","status-publish","has-post-thumbnail","hentry"],"acf":[],"yoast_head":"<!-- This site is optimized with the Yoast SEO plugin v27.3 - https:\/\/yoast.com\/product\/yoast-seo-wordpress\/ -->\n<title>Les Gets-Morzine - Opening hours and dates<\/title>\n<meta name=\"description\" content=\"All the dates and opening hours of the Les Gets Morzine ski area and ski lifts for the winter season.\" \/>\n<meta name=\"robots\" content=\"index, follow, max-snippet:-1, max-image-preview:large, max-video-preview:-1\" \/>\n<link rel=\"canonical\" href=\"https:\/\/www.lesgets.com\/en\/discover-the-resort\/ski-winter-sports\/opening-hours-and-dates\/\" \/>\n<meta property=\"og:locale\" content=\"en_US\" \/>\n<meta property=\"og:type\" content=\"article\" \/>\n<meta property=\"og:title\" content=\"Les Gets-Morzine - Opening hours and dates\" \/>\n<meta property=\"og:description\" content=\"All the dates and opening hours of the Les Gets Morzine ski area and ski lifts for the winter season.\" \/>\n<meta property=\"og:url\" content=\"https:\/\/www.lesgets.com\/en\/discover-the-resort\/ski-winter-sports\/opening-hours-and-dates\/\" \/>\n<meta property=\"og:site_name\" content=\"Les Gets\" \/>\n<meta property=\"article:modified_time\" content=\"2026-03-05T07:28:48+00:00\" \/>\n<meta property=\"og:image\" content=\"https:\/\/www.lesgets.com\/wp\/..\/app\/uploads\/2025\/10\/2020_01_20_ski_amis_chery_spot_photo_LesGets_Manon_Guenot_AMG06818_LD.jpg\" \/>\n\t<meta property=\"og:image:width\" content=\"640\" \/>\n\t<meta property=\"og:image:height\" content=\"427\" \/>\n\t<meta property=\"og:image:type\" content=\"image\/jpeg\" \/>\n<meta name=\"twitter:card\" content=\"summary_large_image\" \/>\n<meta name=\"twitter:label1\" content=\"Est. reading time\" \/>\n\t<meta name=\"twitter:data1\" content=\"2 minutes\" \/>\n<script type=\"application\/ld+json\" class=\"yoast-schema-graph\">{\"@context\":\"https:\\\/\\\/schema.org\",\"@graph\":[{\"@type\":\"WebPage\",\"@id\":\"https:\\\/\\\/www.lesgets.com\\\/en\\\/discover-the-resort\\\/ski-winter-sports\\\/opening-hours-and-dates\\\/\",\"url\":\"https:\\\/\\\/www.lesgets.com\\\/en\\\/discover-the-resort\\\/ski-winter-sports\\\/opening-hours-and-dates\\\/\",\"name\":\"Les Gets-Morzine - Opening hours and dates\",\"isPartOf\":{\"@id\":\"https:\\\/\\\/www.lesgets.com\\\/en\\\/#website\"},\"primaryImageOfPage\":{\"@id\":\"https:\\\/\\\/www.lesgets.com\\\/en\\\/discover-the-resort\\\/ski-winter-sports\\\/opening-hours-and-dates\\\/#primaryimage\"},\"image\":{\"@id\":\"https:\\\/\\\/www.lesgets.com\\\/en\\\/discover-the-resort\\\/ski-winter-sports\\\/opening-hours-and-dates\\\/#primaryimage\"},\"thumbnailUrl\":\"https:\\\/\\\/www.lesgets.com\\\/wp\\\/..\\\/app\\\/uploads\\\/2025\\\/10\\\/2020_01_20_ski_amis_chery_spot_photo_LesGets_Manon_Guenot_AMG06818_LD.jpg\",\"datePublished\":\"2020-05-27T15:15:14+00:00\",\"dateModified\":\"2026-03-05T07:28:48+00:00\",\"description\":\"All the dates and opening hours of the Les Gets Morzine ski area and ski lifts for the winter season.\",\"breadcrumb\":{\"@id\":\"https:\\\/\\\/www.lesgets.com\\\/en\\\/discover-the-resort\\\/ski-winter-sports\\\/opening-hours-and-dates\\\/#breadcrumb\"},\"inLanguage\":\"en-US\",\"potentialAction\":[{\"@type\":\"ReadAction\",\"target\":[\"https:\\\/\\\/www.lesgets.com\\\/en\\\/discover-the-resort\\\/ski-winter-sports\\\/opening-hours-and-dates\\\/\"]}]},{\"@type\":\"ImageObject\",\"inLanguage\":\"en-US\",\"@id\":\"https:\\\/\\\/www.lesgets.com\\\/en\\\/discover-the-resort\\\/ski-winter-sports\\\/opening-hours-and-dates\\\/#primaryimage\",\"url\":\"https:\\\/\\\/www.lesgets.com\\\/wp\\\/..\\\/app\\\/uploads\\\/2025\\\/10\\\/2020_01_20_ski_amis_chery_spot_photo_LesGets_Manon_Guenot_AMG06818_LD.jpg\",\"contentUrl\":\"https:\\\/\\\/www.lesgets.com\\\/wp\\\/..\\\/app\\\/uploads\\\/2025\\\/10\\\/2020_01_20_ski_amis_chery_spot_photo_LesGets_Manon_Guenot_AMG06818_LD.jpg\",\"width\":2500,\"height\":1668,\"caption\":\"horaires-dates-ouvertures\"},{\"@type\":\"BreadcrumbList\",\"@id\":\"https:\\\/\\\/www.lesgets.com\\\/en\\\/discover-the-resort\\\/ski-winter-sports\\\/opening-hours-and-dates\\\/#breadcrumb\",\"itemListElement\":[{\"@type\":\"ListItem\",\"position\":1,\"name\":\"Home\",\"item\":\"https:\\\/\\\/www.lesgets.com\\\/en\\\/\"},{\"@type\":\"ListItem\",\"position\":2,\"name\":\"Discover the resort\",\"item\":\"https:\\\/\\\/www.lesgets.com\\\/en\\\/discover-the-resort\\\/\"},{\"@type\":\"ListItem\",\"position\":3,\"name\":\"Ski &#8211; Winter sports\",\"item\":\"https:\\\/\\\/www.lesgets.com\\\/en\\\/discover-the-resort\\\/ski-winter-sports\\\/\"},{\"@type\":\"ListItem\",\"position\":4,\"name\":\"Ski Area opening hours and dates\"}]},{\"@type\":\"WebSite\",\"@id\":\"https:\\\/\\\/www.lesgets.com\\\/en\\\/#website\",\"url\":\"https:\\\/\\\/www.lesgets.com\\\/en\\\/\",\"name\":\"Les Gets\",\"description\":\"\",\"publisher\":{\"@id\":\"https:\\\/\\\/www.lesgets.com\\\/en\\\/#organization\"},\"potentialAction\":[{\"@type\":\"SearchAction\",\"target\":{\"@type\":\"EntryPoint\",\"urlTemplate\":\"https:\\\/\\\/www.lesgets.com\\\/en\\\/?s={search_term_string}\"},\"query-input\":{\"@type\":\"PropertyValueSpecification\",\"valueRequired\":true,\"valueName\":\"search_term_string\"}}],\"inLanguage\":\"en-US\"},{\"@type\":\"Organization\",\"@id\":\"https:\\\/\\\/www.lesgets.com\\\/en\\\/#organization\",\"name\":\"Les Gets\",\"url\":\"https:\\\/\\\/www.lesgets.com\\\/en\\\/\",\"logo\":{\"@type\":\"ImageObject\",\"inLanguage\":\"en-US\",\"@id\":\"https:\\\/\\\/www.lesgets.com\\\/en\\\/#\\\/schema\\\/logo\\\/image\\\/\",\"url\":\"https:\\\/\\\/www.lesgets.com\\\/wp\\\/..\\\/app\\\/uploads\\\/2020\\\/06\\\/logo_lesgets.png\",\"contentUrl\":\"https:\\\/\\\/www.lesgets.com\\\/wp\\\/..\\\/app\\\/uploads\\\/2020\\\/06\\\/logo_lesgets.png\",\"width\":136,\"height\":115,\"caption\":\"Les Gets\"},\"image\":{\"@id\":\"https:\\\/\\\/www.lesgets.com\\\/en\\\/#\\\/schema\\\/logo\\\/image\\\/\"}}]}<\/script>\n<!-- \/ Yoast SEO plugin. -->","yoast_head_json":{"title":"Les Gets-Morzine - Opening hours and dates","description":"All the dates and opening hours of the Les Gets Morzine ski area and ski lifts for the winter season.","robots":{"index":"index","follow":"follow","max-snippet":"max-snippet:-1","max-image-preview":"max-image-preview:large","max-video-preview":"max-video-preview:-1"},"canonical":"https:\/\/www.lesgets.com\/en\/discover-the-resort\/ski-winter-sports\/opening-hours-and-dates\/","og_locale":"en_US","og_type":"article","og_title":"Les Gets-Morzine - Opening hours and dates","og_description":"All the dates and opening hours of the Les Gets Morzine ski area and ski lifts for the winter season.","og_url":"https:\/\/www.lesgets.com\/en\/discover-the-resort\/ski-winter-sports\/opening-hours-and-dates\/","og_site_name":"Les Gets","article_modified_time":"2026-03-05T07:28:48+00:00","og_image":[{"url":"https:\/\/www.lesgets.com\/wp\/..\/app\/uploads\/2025\/10\/2020_01_20_ski_amis_chery_spot_photo_LesGets_Manon_Guenot_AMG06818_LD.jpg","width":640,"height":427,"type":"image\/jpeg"}],"twitter_card":"summary_large_image","twitter_misc":{"Est. reading time":"2 minutes"},"schema":{"@context":"https:\/\/schema.org","@graph":[{"@type":"WebPage","@id":"https:\/\/www.lesgets.com\/en\/discover-the-resort\/ski-winter-sports\/opening-hours-and-dates\/","url":"https:\/\/www.lesgets.com\/en\/discover-the-resort\/ski-winter-sports\/opening-hours-and-dates\/","name":"Les Gets-Morzine - Opening hours and dates","isPartOf":{"@id":"https:\/\/www.lesgets.com\/en\/#website"},"primaryImageOfPage":{"@id":"https:\/\/www.lesgets.com\/en\/discover-the-resort\/ski-winter-sports\/opening-hours-and-dates\/#primaryimage"},"image":{"@id":"https:\/\/www.lesgets.com\/en\/discover-the-resort\/ski-winter-sports\/opening-hours-and-dates\/#primaryimage"},"thumbnailUrl":"https:\/\/www.lesgets.com\/wp\/..\/app\/uploads\/2025\/10\/2020_01_20_ski_amis_chery_spot_photo_LesGets_Manon_Guenot_AMG06818_LD.jpg","datePublished":"2020-05-27T15:15:14+00:00","dateModified":"2026-03-05T07:28:48+00:00","description":"All the dates and opening hours of the Les Gets Morzine ski area and ski lifts for the winter season.","breadcrumb":{"@id":"https:\/\/www.lesgets.com\/en\/discover-the-resort\/ski-winter-sports\/opening-hours-and-dates\/#breadcrumb"},"inLanguage":"en-US","potentialAction":[{"@type":"ReadAction","target":["https:\/\/www.lesgets.com\/en\/discover-the-resort\/ski-winter-sports\/opening-hours-and-dates\/"]}]},{"@type":"ImageObject","inLanguage":"en-US","@id":"https:\/\/www.lesgets.com\/en\/discover-the-resort\/ski-winter-sports\/opening-hours-and-dates\/#primaryimage","url":"https:\/\/www.lesgets.com\/wp\/..\/app\/uploads\/2025\/10\/2020_01_20_ski_amis_chery_spot_photo_LesGets_Manon_Guenot_AMG06818_LD.jpg","contentUrl":"https:\/\/www.lesgets.com\/wp\/..\/app\/uploads\/2025\/10\/2020_01_20_ski_amis_chery_spot_photo_LesGets_Manon_Guenot_AMG06818_LD.jpg","width":2500,"height":1668,"caption":"horaires-dates-ouvertures"},{"@type":"BreadcrumbList","@id":"https:\/\/www.lesgets.com\/en\/discover-the-resort\/ski-winter-sports\/opening-hours-and-dates\/#breadcrumb","itemListElement":[{"@type":"ListItem","position":1,"name":"Home","item":"https:\/\/www.lesgets.com\/en\/"},{"@type":"ListItem","position":2,"name":"Discover the resort","item":"https:\/\/www.lesgets.com\/en\/discover-the-resort\/"},{"@type":"ListItem","position":3,"name":"Ski &#8211; Winter sports","item":"https:\/\/www.lesgets.com\/en\/discover-the-resort\/ski-winter-sports\/"},{"@type":"ListItem","position":4,"name":"Ski Area opening hours and dates"}]},{"@type":"WebSite","@id":"https:\/\/www.lesgets.com\/en\/#website","url":"https:\/\/www.lesgets.com\/en\/","name":"Les Gets","description":"","publisher":{"@id":"https:\/\/www.lesgets.com\/en\/#organization"},"potentialAction":[{"@type":"SearchAction","target":{"@type":"EntryPoint","urlTemplate":"https:\/\/www.lesgets.com\/en\/?s={search_term_string}"},"query-input":{"@type":"PropertyValueSpecification","valueRequired":true,"valueName":"search_term_string"}}],"inLanguage":"en-US"},{"@type":"Organization","@id":"https:\/\/www.lesgets.com\/en\/#organization","name":"Les Gets","url":"https:\/\/www.lesgets.com\/en\/","logo":{"@type":"ImageObject","inLanguage":"en-US","@id":"https:\/\/www.lesgets.com\/en\/#\/schema\/logo\/image\/","url":"https:\/\/www.lesgets.com\/wp\/..\/app\/uploads\/2020\/06\/logo_lesgets.png","contentUrl":"https:\/\/www.lesgets.com\/wp\/..\/app\/uploads\/2020\/06\/logo_lesgets.png","width":136,"height":115,"caption":"Les Gets"},"image":{"@id":"https:\/\/www.lesgets.com\/en\/#\/schema\/logo\/image\/"}}]}},"featured_image_src":"https:\/\/www.lesgets.com\/wp\/..\/app\/uploads\/2025\/10\/2020_01_20_ski_amis_chery_spot_photo_LesGets_Manon_Guenot_AMG06818_LD-600x400.jpg","featured_image_src_square":"https:\/\/www.lesgets.com\/wp\/..\/app\/uploads\/2025\/10\/2020_01_20_ski_amis_chery_spot_photo_LesGets_Manon_Guenot_AMG06818_LD-600x600.jpg","_links":{"self":[{"href":"https:\/\/www.lesgets.com\/en\/wp-json\/wp\/v2\/pages\/1085","targetHints":{"allow":["GET"]}}],"collection":[{"href":"https:\/\/www.lesgets.com\/en\/wp-json\/wp\/v2\/pages"}],"about":[{"href":"https:\/\/www.lesgets.com\/en\/wp-json\/wp\/v2\/types\/page"}],"author":[{"embeddable":true,"href":"https:\/\/www.lesgets.com\/en\/wp-json\/wp\/v2\/users\/5"}],"replies":[{"embeddable":true,"href":"https:\/\/www.lesgets.com\/en\/wp-json\/wp\/v2\/comments?post=1085"}],"version-history":[{"count":5,"href":"https:\/\/www.lesgets.com\/en\/wp-json\/wp\/v2\/pages\/1085\/revisions"}],"predecessor-version":[{"id":103202,"href":"https:\/\/www.lesgets.com\/en\/wp-json\/wp\/v2\/pages\/1085\/revisions\/103202"}],"up":[{"embeddable":true,"href":"https:\/\/www.lesgets.com\/en\/wp-json\/wp\/v2\/pages\/10619"}],"wp:featuredmedia":[{"embeddable":true,"href":"https:\/\/www.lesgets.com\/en\/wp-json\/wp\/v2\/media\/76987"}],"wp:attachment":[{"href":"https:\/\/www.lesgets.com\/en\/wp-json\/wp\/v2\/media?parent=1085"}],"curies":[{"name":"wp","href":"https:\/\/api.w.org\/{rel}","templated":true}]}}