{"id":11757,"date":"2020-05-27T15:54:40","date_gmt":"2020-05-27T13:54:40","guid":{"rendered":"http:\/\/les-gets.votre-projet.com\/ski-passes\/summer-packages-prices\/"},"modified":"2025-04-02T14:44:10","modified_gmt":"2025-04-02T12:44:10","slug":"summer-lift-pass-prices","status":"publish","type":"page","link":"https:\/\/www.lesgets.com\/en\/lift-pass\/summer-lift-pass-prices\/","title":{"rendered":"Summer lift pass prices"},"content":{"rendered":"<div class=\"block block-core-paragraph\">\n<p>Les Gets Bikepark is 128 km of marked trails for all levels, and 3 lifts open all summer. <br>From Les Gets, immerse yourself in the largest Bikepark in Europe: the Portes du Soleil mountain bike area with 650 km of marked routes and 22 ski lifts. <\/p>\n<\/div>\n\n<div class=\"block block-core-paragraph\">\n<p>You can also enjoy the numerous hiking trails starting from the village by taking the ski lifts. <\/p>\n<\/div>\n\n<div class=\"block block-genesis-custom-blocks-achetez-recharger\"><div class=\"achetez-rechargez jaune\">\r\n\t\t\t<a href=\"https:\/\/pass.lesgets.com\/en\/\">\r\n\t\t\t<div class=\"picto-cart\"><\/div>\t\t\t<h3>Buy \/ Reload your pass online<\/h3>\r\n\t\t<\/a>\r\n\t<\/div><\/div>\n\n<div class=\"block block-core-spacer\">\n<div style=\"height:30px\" aria-hidden=\"true\" class=\"wp-block-spacer\"><\/div>\n<\/div>\n\n<div class=\"block block-core-heading\">\n<h2 class=\"wp-block-heading\">MTB lift pass <strong>Les Gets<\/strong><\/h2>\n<\/div>\n\n<div class=\"block block-genesis-custom-blocks-surtitre\"><span class=\"subtitle\">Summer 2025 rates<\/span><\/div>\n\n<div class=\"block block-core-table\">\n<figure class=\"wp-block-table is-style-stripes\"><table><thead><tr><th><\/th><th> <strong>ADULT<\/strong><\/th><th>CHILD<br><em>(5-15 yo)<\/em> <\/th><th> <strong>YOUNG<br><em>(16-25 yo)<\/em><br> <strong>SENIOR<\/strong><br><em>(65+ yo)<\/em><\/strong><\/th><\/tr><\/thead><tbody><tr><td> <strong>1 way Les Gets<\/strong> Mont Ch\u00e9ry cable car OR Chavannes Express chairlift <\/td><td>9.3 \u20ac<\/td><td>7 \u20ac<\/td><td>7,9 \u20ac<\/td><\/tr><tr><td> <strong>6-ways card<\/strong>* <\/td><td>27.5 \u20ac<\/td><td>27.5 \u20ac<\/td><td>27.5 \u20ac<\/td><\/tr><tr><td> <strong>12-ways card<\/strong>* <\/td><td>49 \u20ac<\/td><td>49 \u20ac<\/td><td>49 \u20ac<\/td><\/tr><\/tbody><\/table><figcaption class=\"wp-element-caption\"><em>Free for children under 5 (upon presentation of ID).<\/em><br><em>*&nbsp;<\/em>Valid for 18 months, can be used by several people<\/figcaption><\/figure>\n<\/div>\n\n<div class=\"block block-core-spacer\">\n<div style=\"height:30px\" aria-hidden=\"true\" class=\"wp-block-spacer\"><\/div>\n<\/div>\n\n<div class=\"block block-core-heading\">\n<h2 class=\"wp-block-heading\">MTB lift pass <strong>Portes du Soleil<\/strong><\/h2>\n<\/div>\n\n<div class=\"block block-genesis-custom-blocks-surtitre\"><span class=\"subtitle\">Summer 2025 rates<\/span><\/div>\n\n<div class=\"block block-genesis-custom-blocks-titre-tableau\">\t<h3 class=\"titre-tableau bleu\">\r\n\t\tOnline prices\t<\/h3>\r\n\t<\/div>\n\n<div class=\"block block-core-table\">\n<figure class=\"wp-block-table is-style-stripes\"><table><thead><tr><th><\/th><th>ADULT <\/th><th>CHILD<br><em>(5-15 yo)<\/em><\/th><th>YOUNG<br><em>(16-25 yo)<\/em><br> <strong>SENIOR<\/strong><br><em>(65 +)<\/em> <\/th><\/tr><\/thead><tbody><tr><td><strong>1 day<\/strong><\/td><td><strong>38 \u20ac<\/strong><\/td><td><strong>29 \u20ac<\/strong><\/td><td><strong>34 \u20ac<\/strong><\/td><\/tr><tr><td>6 days<\/td><td>194 \u20ac<\/td><td>146 \u20ac<\/td><td>175 \u20ac<\/td><\/tr><tr><td><strong>Season<\/strong><\/td><td><strong>438 \u20ac<\/strong><\/td><td><strong>329 \u20ac<\/strong><\/td><td><strong>394 \u20ac<\/strong><\/td><\/tr><\/tbody><\/table><figcaption class=\"wp-element-caption\"><em><em>Free for children under 5 years old (upon presentation of an ID card).<br>All days are consecutive.<\/em><\/em><\/figcaption><\/figure>\n<\/div>\n\n<p><!--StartFragment--><\/p>\n\n<div class=\"block block-genesis-custom-blocks-titre-tableau\">\t<h3 class=\"titre-tableau gris\">\r\n\t\tCashier prices\t<\/h3>\r\n\t<\/div>\n\n<div class=\"block block-core-table\">\n<figure class=\"wp-block-table is-style-stripes\"><table><thead><tr><th><\/th><th>ADULT<\/th><th>CHILD<br><em>(5-15 yo)<\/em><\/th><th>YOUNG<br><em>(16-25 yo)<\/em><br> <strong>SENIOR<\/strong><br><em>(65+)<\/em> <\/th><\/tr><\/thead><tbody><tr><td><strong>1 day<\/strong><\/td><td><strong>40 \u20ac<\/strong><\/td><td><strong>30 \u20ac<\/strong><\/td><td><strong>36 \u20ac<\/strong><\/td><\/tr><tr><td>6 jours<\/td><td>204 \u20ac<\/td><td>153 \u20ac<\/td><td>183 \u20ac<\/td><\/tr><tr><td><strong>Season<\/strong><\/td><td><strong>438 \u20ac<\/strong><\/td><td><strong>329 \u20ac<\/strong><\/td><td><strong>394 \u20ac<\/strong><\/td><\/tr><\/tbody><\/table><figcaption class=\"wp-element-caption\"><em><em>Free for children under 5 years old (upon presentation of an ID card).<br>All days are consecutive.<\/em><\/em><\/figcaption><\/figure>\n<\/div>\n\n<div class=\"block block-core-buttons\">\n<div class=\"wp-block-buttons is-layout-flex wp-block-buttons-is-layout-flex\"><div class=\"block block-core-button\">\n<div class=\"wp-block-button has-custom-width wp-block-button__width-50 has-custom-font-size has-small-font-size\"><a class=\"wp-block-button__link wp-element-button\" href=\"https:\/\/www.lesgets.com\/wp\/..\/app\/uploads\/2025\/04\/PDS-Tarifs-ete-2025.pdf\" style=\"border-radius:100px\" target=\"_blank\" rel=\"noreferrer noopener\">DOWNLOAD THE PORTES DU SOLEIL 2025 PRICE LIST<\/a><\/div>\n<\/div><\/div>\n<\/div>\n\n<div class=\"block block-core-heading\">\n<h2 class=\"wp-block-heading\">Good Deal<\/h2>\n<\/div>\n\n<div class=\"block block-genesis-custom-blocks-surtitre\"><span class=\"subtitle\">Pass Group<\/span><\/div>\n\n<div class=\"block block-core-paragraph\">\n<p>-10% off for 4 people or more, on 4+ day passes (same length, same area), one payment. Also valid for season passes.&nbsp;<\/p>\n<\/div>\n\n<div class=\"block block-core-spacer\">\n<div style=\"height:30px\" aria-hidden=\"true\" class=\"wp-block-spacer\"><\/div>\n<\/div>\n\n<div class=\"block block-core-heading\">\n<h2 class=\"wp-block-heading\"><strong>Pedestrian<\/strong> lift pass<\/h2>\n<\/div>\n\n<div class=\"block block-genesis-custom-blocks-surtitre\"><span class=\"subtitle\">Summer 2025 rates<\/span><\/div>\n\n<div class=\"block block-core-table\">\n<figure class=\"wp-block-table is-style-stripes\"><table><thead><tr><th><\/th><th> <strong>ADULT<\/strong><\/th><th>CHILD<br><em>(5-15)<\/em> <\/th><th> <strong>YOUNG<br><em>(16-25)<\/em><br> <strong>SENIOR<\/strong><br><em>(65+)<\/em><\/strong><\/th><\/tr><\/thead><tbody><tr><td><strong>Mont Ch\u00e9ry summit <\/strong>(round trip gondola + chairlift)<\/td><td>10 \u20ac<\/td><td>7 \u20ac<\/td><td>8,5 \u20ac<\/td><\/tr><tr><td><strong>Family pass Mont-Ch\u00e9ry<\/strong> <strong>summit<\/strong>* (mini 4 pers., 2 adults, 2child with id)  <\/td><td>9 \u20ac<\/td><td>6,3 \u20ac<\/td><td>7,7 \u20ac<\/td><\/tr><tr><td><strong>One-way<\/strong> Chavannes Express chairlift<\/td><td>72 \u20ac<\/td><td>5,4 \u20ac<\/td><td>6.1 \u20ac<\/td><\/tr><tr><td> <strong>6-ways card<\/strong> **<\/td><td>27.5\u20ac<\/td><td>27.5\u20ac<\/td><td>27.5\u20ac<\/td><\/tr><tr><td> <strong>12-ways card<\/strong> **<\/td><td>49 \u20ac<\/td><td>49 \u20ac<\/td><td>49 \u20ac<\/td><\/tr><\/tbody><\/table><figcaption class=\"wp-element-caption\"><em>* On presentation of proof of identity.&nbsp;Limited to 1 return per lift.<br>**&nbsp;<\/em>Valid for 18 months, can be used by several people<\/figcaption><\/figure>\n<\/div>\n\n<div class=\"block block-core-paragraph\">\n<p>Please note: pass for the use of the La Pointe chairlift are only sold at the cash desks in the resort and not at the start\/finish of the chairlift.&nbsp;<\/p>\n<\/div>\n\n<p><!--EndFragment--><\/p>\n\n<div class=\"block block-lba-forfait-forfait-widget\">  <h2>Buy or reload your lift pass<\/h2>\r\n<div id=\"eplwidget-\" class=\"eplwidget\" data-url=\"https:\/\/pass.lesgets.com\/\" data-conf=\"lang=en&#038;conf%5Bcss%5D=https:\/\/www.lesgets.com\/app\/themes\/les-gets\/css\/widget_xsalto.css&#038;requestOffer=&#038;version=full&#038;id=eplwidget-&#038;season=\"><\/div>\r\n<script src=\"https:\/\/pass.lesgets.com\/epasslibre\/js\/eplwidget.js\" type=\"text\/javascript\" id=\"eplwidgetjs\" charset=\"UTF-8\"><\/script>\r\n<\/div>","protected":false},"excerpt":{"rendered":"<p>Find the prices of the summer lift pass in Les Gets and the Portes du Soleil: mountain bike, Bike Park, ebike and pedestrian packages for your hikes. <\/p>\n","protected":false},"author":5,"featured_media":3741,"parent":10628,"menu_order":2,"comment_status":"closed","ping_status":"closed","template":"","meta":{"_acf_changed":false,"footnotes":""},"class_list":["post-11757","page","type-page","status-publish","has-post-thumbnail","hentry"],"acf":[],"yoast_head":"<!-- This site is optimized with the Yoast SEO plugin v27.3 - https:\/\/yoast.com\/product\/yoast-seo-wordpress\/ -->\n<title>Summer lift pass prices : MTB and Bike Park in Les Gets and Portes du Soleil<\/title>\n<meta name=\"description\" content=\"Find the prices of the summer lift pass in Les Gets and the Portes du Soleil: mountain bike, Bike Park, ebike and pedestrian packages for your hikes.\" \/>\n<meta name=\"robots\" content=\"index, follow, max-snippet:-1, max-image-preview:large, max-video-preview:-1\" \/>\n<link rel=\"canonical\" href=\"https:\/\/www.lesgets.com\/en\/lift-pass\/summer-lift-pass-prices\/\" \/>\n<meta property=\"og:locale\" content=\"en_US\" \/>\n<meta property=\"og:type\" content=\"article\" \/>\n<meta property=\"og:title\" content=\"Summer lift pass prices : MTB and Bike Park in Les Gets and Portes du Soleil\" \/>\n<meta property=\"og:description\" content=\"Find the prices of the summer lift pass in Les Gets and the Portes du Soleil: mountain bike, Bike Park, ebike and pedestrian packages for your hikes.\" \/>\n<meta property=\"og:url\" content=\"https:\/\/www.lesgets.com\/en\/lift-pass\/summer-lift-pass-prices\/\" \/>\n<meta property=\"og:site_name\" content=\"Les Gets\" \/>\n<meta property=\"article:modified_time\" content=\"2025-04-02T12:44:10+00:00\" \/>\n<meta property=\"og:image\" content=\"https:\/\/www.lesgets.com\/wp\/..\/app\/uploads\/2020\/04\/telesiege_des_chavannes_ete_vtt.jpg\" \/>\n\t<meta property=\"og:image:width\" content=\"1500\" \/>\n\t<meta property=\"og:image:height\" content=\"1000\" \/>\n\t<meta property=\"og:image:type\" content=\"image\/jpeg\" \/>\n<meta name=\"twitter:card\" content=\"summary_large_image\" \/>\n<meta name=\"twitter:label1\" content=\"Est. reading time\" \/>\n\t<meta name=\"twitter:data1\" content=\"3 minutes\" \/>\n<script type=\"application\/ld+json\" class=\"yoast-schema-graph\">{\"@context\":\"https:\\\/\\\/schema.org\",\"@graph\":[{\"@type\":\"WebPage\",\"@id\":\"https:\\\/\\\/www.lesgets.com\\\/en\\\/lift-pass\\\/summer-lift-pass-prices\\\/\",\"url\":\"https:\\\/\\\/www.lesgets.com\\\/en\\\/lift-pass\\\/summer-lift-pass-prices\\\/\",\"name\":\"Summer lift pass prices : MTB and Bike Park in Les Gets and Portes du Soleil\",\"isPartOf\":{\"@id\":\"https:\\\/\\\/www.lesgets.com\\\/en\\\/#website\"},\"primaryImageOfPage\":{\"@id\":\"https:\\\/\\\/www.lesgets.com\\\/en\\\/lift-pass\\\/summer-lift-pass-prices\\\/#primaryimage\"},\"image\":{\"@id\":\"https:\\\/\\\/www.lesgets.com\\\/en\\\/lift-pass\\\/summer-lift-pass-prices\\\/#primaryimage\"},\"thumbnailUrl\":\"https:\\\/\\\/www.lesgets.com\\\/wp\\\/..\\\/app\\\/uploads\\\/2020\\\/04\\\/telesiege_des_chavannes_ete_vtt.jpg\",\"datePublished\":\"2020-05-27T13:54:40+00:00\",\"dateModified\":\"2025-04-02T12:44:10+00:00\",\"description\":\"Find the prices of the summer lift pass in Les Gets and the Portes du Soleil: mountain bike, Bike Park, ebike and pedestrian packages for your hikes.\",\"breadcrumb\":{\"@id\":\"https:\\\/\\\/www.lesgets.com\\\/en\\\/lift-pass\\\/summer-lift-pass-prices\\\/#breadcrumb\"},\"inLanguage\":\"en-US\",\"potentialAction\":[{\"@type\":\"ReadAction\",\"target\":[\"https:\\\/\\\/www.lesgets.com\\\/en\\\/lift-pass\\\/summer-lift-pass-prices\\\/\"]}]},{\"@type\":\"ImageObject\",\"inLanguage\":\"en-US\",\"@id\":\"https:\\\/\\\/www.lesgets.com\\\/en\\\/lift-pass\\\/summer-lift-pass-prices\\\/#primaryimage\",\"url\":\"https:\\\/\\\/www.lesgets.com\\\/wp\\\/..\\\/app\\\/uploads\\\/2020\\\/04\\\/telesiege_des_chavannes_ete_vtt.jpg\",\"contentUrl\":\"https:\\\/\\\/www.lesgets.com\\\/wp\\\/..\\\/app\\\/uploads\\\/2020\\\/04\\\/telesiege_des_chavannes_ete_vtt.jpg\",\"width\":1500,\"height\":1000,\"caption\":\"T\u00e9l\u00e9si\u00e8ge VTT les Gets\"},{\"@type\":\"BreadcrumbList\",\"@id\":\"https:\\\/\\\/www.lesgets.com\\\/en\\\/lift-pass\\\/summer-lift-pass-prices\\\/#breadcrumb\",\"itemListElement\":[{\"@type\":\"ListItem\",\"position\":1,\"name\":\"Home\",\"item\":\"https:\\\/\\\/www.lesgets.com\\\/en\\\/\"},{\"@type\":\"ListItem\",\"position\":2,\"name\":\"Lift passes\",\"item\":\"https:\\\/\\\/www.lesgets.com\\\/en\\\/lift-pass\\\/\"},{\"@type\":\"ListItem\",\"position\":3,\"name\":\"Summer lift pass prices\"}]},{\"@type\":\"WebSite\",\"@id\":\"https:\\\/\\\/www.lesgets.com\\\/en\\\/#website\",\"url\":\"https:\\\/\\\/www.lesgets.com\\\/en\\\/\",\"name\":\"Les Gets\",\"description\":\"\",\"publisher\":{\"@id\":\"https:\\\/\\\/www.lesgets.com\\\/en\\\/#organization\"},\"potentialAction\":[{\"@type\":\"SearchAction\",\"target\":{\"@type\":\"EntryPoint\",\"urlTemplate\":\"https:\\\/\\\/www.lesgets.com\\\/en\\\/?s={search_term_string}\"},\"query-input\":{\"@type\":\"PropertyValueSpecification\",\"valueRequired\":true,\"valueName\":\"search_term_string\"}}],\"inLanguage\":\"en-US\"},{\"@type\":\"Organization\",\"@id\":\"https:\\\/\\\/www.lesgets.com\\\/en\\\/#organization\",\"name\":\"Les Gets\",\"url\":\"https:\\\/\\\/www.lesgets.com\\\/en\\\/\",\"logo\":{\"@type\":\"ImageObject\",\"inLanguage\":\"en-US\",\"@id\":\"https:\\\/\\\/www.lesgets.com\\\/en\\\/#\\\/schema\\\/logo\\\/image\\\/\",\"url\":\"https:\\\/\\\/www.lesgets.com\\\/wp\\\/..\\\/app\\\/uploads\\\/2020\\\/06\\\/logo_lesgets.png\",\"contentUrl\":\"https:\\\/\\\/www.lesgets.com\\\/wp\\\/..\\\/app\\\/uploads\\\/2020\\\/06\\\/logo_lesgets.png\",\"width\":136,\"height\":115,\"caption\":\"Les Gets\"},\"image\":{\"@id\":\"https:\\\/\\\/www.lesgets.com\\\/en\\\/#\\\/schema\\\/logo\\\/image\\\/\"}}]}<\/script>\n<!-- \/ Yoast SEO plugin. -->","yoast_head_json":{"title":"Summer lift pass prices : MTB and Bike Park in Les Gets and Portes du Soleil","description":"Find the prices of the summer lift pass in Les Gets and the Portes du Soleil: mountain bike, Bike Park, ebike and pedestrian packages for your hikes.","robots":{"index":"index","follow":"follow","max-snippet":"max-snippet:-1","max-image-preview":"max-image-preview:large","max-video-preview":"max-video-preview:-1"},"canonical":"https:\/\/www.lesgets.com\/en\/lift-pass\/summer-lift-pass-prices\/","og_locale":"en_US","og_type":"article","og_title":"Summer lift pass prices : MTB and Bike Park in Les Gets and Portes du Soleil","og_description":"Find the prices of the summer lift pass in Les Gets and the Portes du Soleil: mountain bike, Bike Park, ebike and pedestrian packages for your hikes.","og_url":"https:\/\/www.lesgets.com\/en\/lift-pass\/summer-lift-pass-prices\/","og_site_name":"Les Gets","article_modified_time":"2025-04-02T12:44:10+00:00","og_image":[{"width":1500,"height":1000,"url":"https:\/\/www.lesgets.com\/wp\/..\/app\/uploads\/2020\/04\/telesiege_des_chavannes_ete_vtt.jpg","type":"image\/jpeg"}],"twitter_card":"summary_large_image","twitter_misc":{"Est. reading time":"3 minutes"},"schema":{"@context":"https:\/\/schema.org","@graph":[{"@type":"WebPage","@id":"https:\/\/www.lesgets.com\/en\/lift-pass\/summer-lift-pass-prices\/","url":"https:\/\/www.lesgets.com\/en\/lift-pass\/summer-lift-pass-prices\/","name":"Summer lift pass prices : MTB and Bike Park in Les Gets and Portes du Soleil","isPartOf":{"@id":"https:\/\/www.lesgets.com\/en\/#website"},"primaryImageOfPage":{"@id":"https:\/\/www.lesgets.com\/en\/lift-pass\/summer-lift-pass-prices\/#primaryimage"},"image":{"@id":"https:\/\/www.lesgets.com\/en\/lift-pass\/summer-lift-pass-prices\/#primaryimage"},"thumbnailUrl":"https:\/\/www.lesgets.com\/wp\/..\/app\/uploads\/2020\/04\/telesiege_des_chavannes_ete_vtt.jpg","datePublished":"2020-05-27T13:54:40+00:00","dateModified":"2025-04-02T12:44:10+00:00","description":"Find the prices of the summer lift pass in Les Gets and the Portes du Soleil: mountain bike, Bike Park, ebike and pedestrian packages for your hikes.","breadcrumb":{"@id":"https:\/\/www.lesgets.com\/en\/lift-pass\/summer-lift-pass-prices\/#breadcrumb"},"inLanguage":"en-US","potentialAction":[{"@type":"ReadAction","target":["https:\/\/www.lesgets.com\/en\/lift-pass\/summer-lift-pass-prices\/"]}]},{"@type":"ImageObject","inLanguage":"en-US","@id":"https:\/\/www.lesgets.com\/en\/lift-pass\/summer-lift-pass-prices\/#primaryimage","url":"https:\/\/www.lesgets.com\/wp\/..\/app\/uploads\/2020\/04\/telesiege_des_chavannes_ete_vtt.jpg","contentUrl":"https:\/\/www.lesgets.com\/wp\/..\/app\/uploads\/2020\/04\/telesiege_des_chavannes_ete_vtt.jpg","width":1500,"height":1000,"caption":"T\u00e9l\u00e9si\u00e8ge VTT les Gets"},{"@type":"BreadcrumbList","@id":"https:\/\/www.lesgets.com\/en\/lift-pass\/summer-lift-pass-prices\/#breadcrumb","itemListElement":[{"@type":"ListItem","position":1,"name":"Home","item":"https:\/\/www.lesgets.com\/en\/"},{"@type":"ListItem","position":2,"name":"Lift passes","item":"https:\/\/www.lesgets.com\/en\/lift-pass\/"},{"@type":"ListItem","position":3,"name":"Summer lift pass prices"}]},{"@type":"WebSite","@id":"https:\/\/www.lesgets.com\/en\/#website","url":"https:\/\/www.lesgets.com\/en\/","name":"Les Gets","description":"","publisher":{"@id":"https:\/\/www.lesgets.com\/en\/#organization"},"potentialAction":[{"@type":"SearchAction","target":{"@type":"EntryPoint","urlTemplate":"https:\/\/www.lesgets.com\/en\/?s={search_term_string}"},"query-input":{"@type":"PropertyValueSpecification","valueRequired":true,"valueName":"search_term_string"}}],"inLanguage":"en-US"},{"@type":"Organization","@id":"https:\/\/www.lesgets.com\/en\/#organization","name":"Les Gets","url":"https:\/\/www.lesgets.com\/en\/","logo":{"@type":"ImageObject","inLanguage":"en-US","@id":"https:\/\/www.lesgets.com\/en\/#\/schema\/logo\/image\/","url":"https:\/\/www.lesgets.com\/wp\/..\/app\/uploads\/2020\/06\/logo_lesgets.png","contentUrl":"https:\/\/www.lesgets.com\/wp\/..\/app\/uploads\/2020\/06\/logo_lesgets.png","width":136,"height":115,"caption":"Les Gets"},"image":{"@id":"https:\/\/www.lesgets.com\/en\/#\/schema\/logo\/image\/"}}]}},"featured_image_src":"https:\/\/www.lesgets.com\/wp\/..\/app\/uploads\/2020\/04\/telesiege_des_chavannes_ete_vtt.jpg","featured_image_src_square":"https:\/\/www.lesgets.com\/wp\/..\/app\/uploads\/2020\/04\/telesiege_des_chavannes_ete_vtt.jpg","_links":{"self":[{"href":"https:\/\/www.lesgets.com\/en\/wp-json\/wp\/v2\/pages\/11757","targetHints":{"allow":["GET"]}}],"collection":[{"href":"https:\/\/www.lesgets.com\/en\/wp-json\/wp\/v2\/pages"}],"about":[{"href":"https:\/\/www.lesgets.com\/en\/wp-json\/wp\/v2\/types\/page"}],"author":[{"embeddable":true,"href":"https:\/\/www.lesgets.com\/en\/wp-json\/wp\/v2\/users\/5"}],"replies":[{"embeddable":true,"href":"https:\/\/www.lesgets.com\/en\/wp-json\/wp\/v2\/comments?post=11757"}],"version-history":[{"count":5,"href":"https:\/\/www.lesgets.com\/en\/wp-json\/wp\/v2\/pages\/11757\/revisions"}],"predecessor-version":[{"id":54973,"href":"https:\/\/www.lesgets.com\/en\/wp-json\/wp\/v2\/pages\/11757\/revisions\/54973"}],"up":[{"embeddable":true,"href":"https:\/\/www.lesgets.com\/en\/wp-json\/wp\/v2\/pages\/10628"}],"wp:featuredmedia":[{"embeddable":true,"href":"https:\/\/www.lesgets.com\/en\/wp-json\/wp\/v2\/media\/3741"}],"wp:attachment":[{"href":"https:\/\/www.lesgets.com\/en\/wp-json\/wp\/v2\/media?parent=11757"}],"curies":[{"name":"wp","href":"https:\/\/api.w.org\/{rel}","templated":true}]}}