{"id":11766,"date":"2020-05-27T16:40:42","date_gmt":"2020-05-27T14:40:42","guid":{"rendered":"http:\/\/les-gets.votre-projet.com\/ski-passes\/petite-glisse-ski-pass\/"},"modified":"2022-12-06T16:49:16","modified_gmt":"2022-12-06T15:49:16","slug":"petite-glisse-ski-pass","status":"publish","type":"page","link":"https:\/\/www.lesgets.com\/en\/lift-pass\/petite-glisse-ski-pass\/","title":{"rendered":"P&#8217;tite glisse skipass"},"content":{"rendered":"<div class=\"block block-core-heading\">\n<h2 class=\"wp-block-heading\">Beginner&#8217;ski pass <strong>at little price !<\/strong><\/h2>\n<\/div>\n\n<div class=\"block block-core-paragraph\">\n<p>The \u00ab P\u2019tite Glisse \u00bb skipass offers access to the ski area at a special low price, for trying out or enjoying skiing in part of the resort. <\/p>\n<\/div>\n\n<div class=\"block block-core-paragraph\">\n<p>12 ski lifts and 13 slopes are available when using this particular skipass.<\/p>\n<\/div>\n\n<div class=\"block block-core-spacer\">\n<div style=\"height:40px\" aria-hidden=\"true\" class=\"wp-block-spacer\"><\/div>\n<\/div>\n\n<div class=\"block block-core-heading\">\n<h3 class=\"wp-block-heading\">Accessible ski lifts<\/h3>\n<\/div>\n\n<div class=\"block block-core-list\">\n<ul class=\"wp-block-list\"><li>Chavannes express Chairlift  <\/li><li>Chavannes cable car<\/li><li>La Croix chairlift<\/li><li>Vieux-Ch\u00eane teleski<\/li><li>Boule de gomme teleski<\/li><li>Stade teleski<\/li><li>La Mouille au Roy teleski<\/li><li>Grand-Cry teleski<\/li><li><span style=\"color: initial;\">+ Mappys<\/span> <span style=\"color: initial;\">zone : Chavannes carpets, Platets carpets, telecorde<\/span><\/li><\/ul>\n<\/div>\n\n<div class=\"block block-core-spacer\">\n<div style=\"height:40px\" aria-hidden=\"true\" class=\"wp-block-spacer\"><\/div>\n<\/div>\n\n<div class=\"block block-core-heading\">\n<h3 class=\"wp-block-heading\">Accessible slopes<\/h3>\n<\/div>\n\n<div class=\"block block-genesis-custom-blocks-surtitre\"><span class=\"subtitle\"> Pistes vertes et pistes ludiques <\/span><\/div>\n\n<div class=\"block block-core-list\">\n<ul class=\"wp-block-list\"><li>Mappys area<\/li><li>Slope 64<\/li><li>Indians<\/li><li>Grand Cry Territorrium<\/li><li>The Cowboys  <\/li><li>Vieux Ch\u00eane <\/li><li>Cyclamen<\/li><\/ul>\n<\/div>\n\n<div class=\"block block-genesis-custom-blocks-surtitre\"><span class=\"subtitle\">Pistes Bleues <\/span><\/div>\n\n<div class=\"block block-core-list\">\n<ul class=\"wp-block-list\"><li>Foug\u00e8re<\/li><li>Bleuet<\/li><li>Gentiane<\/li><li>Bruy\u00e8re<\/li><li>Vieux Ch\u00eane<\/li><\/ul>\n<\/div>\n\n<div class=\"block block-genesis-custom-blocks-surtitre\"><span class=\"subtitle\">Piste Rouge <\/span><\/div>\n\n<div class=\"block block-core-list\">\n<ul class=\"wp-block-list\"><li>Orchis<\/li><\/ul>\n<\/div>\n\n<div class=\"block block-core-spacer\">\n<div style=\"height:40px\" aria-hidden=\"true\" class=\"wp-block-spacer\"><\/div>\n<\/div>\n\n<div class=\"block block-lba-forfait-offre\"><\/div>\n\n<div class=\"block block-core-spacer\">\n<div style=\"height:40px\" aria-hidden=\"true\" class=\"wp-block-spacer\"><\/div>\n<\/div>\n\n<div class=\"block block-core-heading\">\n<h3 class=\"wp-block-heading\">Petite Glisse ski pass map<\/h3>\n<\/div>\n\n\n<figure class=\"wp-block-image size-full\"><img loading=\"lazy\" decoding=\"async\" width=\"2534\" height=\"1728\" src=\"https:\/\/www.lesgets.com\/wp\/..\/app\/uploads\/2022\/12\/Sagets-PlanForfaitPtiteGlisseH2022-2023_HD.png\" alt=\"\" class=\"wp-image-39146\" srcset=\"https:\/\/www.lesgets.com\/wp\/..\/app\/uploads\/2022\/12\/Sagets-PlanForfaitPtiteGlisseH2022-2023_HD.png 2534w, https:\/\/www.lesgets.com\/wp\/..\/app\/uploads\/2022\/12\/Sagets-PlanForfaitPtiteGlisseH2022-2023_HD-768x524.png 768w, https:\/\/www.lesgets.com\/wp\/..\/app\/uploads\/2022\/12\/Sagets-PlanForfaitPtiteGlisseH2022-2023_HD-1536x1047.png 1536w, https:\/\/www.lesgets.com\/wp\/..\/app\/uploads\/2022\/12\/Sagets-PlanForfaitPtiteGlisseH2022-2023_HD-2048x1397.png 2048w, https:\/\/www.lesgets.com\/wp\/..\/app\/uploads\/2022\/12\/Sagets-PlanForfaitPtiteGlisseH2022-2023_HD-960x655.png 960w\" sizes=\"auto, (max-width: 2534px) 100vw, 2534px\" \/><\/figure>\n\n\n<div class=\"block block-core-file\">\n<div class=\"wp-block-file\"><a id=\"wp-block-file--media-d8d5f329-85f1-46b9-9ca6-0b778a826fac\" href=\"https:\/\/www.lesgets.com\/app\/uploads\/2022\/12\/Sagets-FlyerForfaitPtiteGlisseH2022-2023_WEB.pdf\">Flyer p&#8217;tite glisse<\/a><a href=\"https:\/\/www.lesgets.com\/app\/uploads\/2022\/12\/Sagets-FlyerForfaitPtiteGlisseH2022-2023_WEB.pdf\" class=\"wp-block-file__button\" download aria-describedby=\"wp-block-file--media-d8d5f329-85f1-46b9-9ca6-0b778a826fac\">Download<\/a><\/div>\n<\/div>\n\n<div class=\"block block-core-spacer\">\n<div style=\"height:40px\" aria-hidden=\"true\" class=\"wp-block-spacer\"><\/div>\n<\/div>\n\n<div class=\"block block-core-heading\">\n<h2 class=\"wp-block-heading\">Prices<\/h2>\n<\/div>\n\n<div class=\"block block-core-paragraph\">\n<p>Find the rates of the Petite glisse ski pass<\/p>\n<\/div>\n\n<div class=\"block block-core-button\">\n<div class=\"wp-block-button\"><a class=\"wp-block-button__link\" href=\"https:\/\/www.lesgets.com\/en\/skipass-prices\/\">Petite glisse ski pass rates<\/a><\/div>\n<\/div>","protected":false},"excerpt":{"rendered":"<p>Le forfait p&#8217;tite glisse est un forfait sp\u00e9cial d\u00e9butant \u00e0 petit prix, donnant acc\u00e8s \u00e0 7 remont\u00e9es m\u00e9caniques et 13 pistes. <\/p>\n","protected":false},"author":5,"featured_media":4130,"parent":10628,"menu_order":0,"comment_status":"closed","ping_status":"closed","template":"","meta":{"_acf_changed":false,"footnotes":""},"class_list":["post-11766","page","type-page","status-publish","has-post-thumbnail","hentry"],"acf":[],"yoast_head":"<!-- This site is optimized with the Yoast SEO plugin v27.2 - https:\/\/yoast.com\/product\/yoast-seo-wordpress\/ -->\n<title>Petite glisse ski pass, a special beginner&#039;s package at mini price<\/title>\n<meta name=\"description\" content=\"The Petite glisse ski pass is a special beginner&#039;s ski pass at a low price, giving access to 7 lifts and 13 slopes.\" \/>\n<meta name=\"robots\" content=\"index, follow, max-snippet:-1, max-image-preview:large, max-video-preview:-1\" \/>\n<link rel=\"canonical\" href=\"https:\/\/www.lesgets.com\/en\/lift-pass\/petite-glisse-ski-pass\/\" \/>\n<meta property=\"og:locale\" content=\"en_US\" \/>\n<meta property=\"og:type\" content=\"article\" \/>\n<meta property=\"og:title\" content=\"Petite glisse ski pass, a special beginner&#039;s package at mini price\" \/>\n<meta property=\"og:description\" content=\"The Petite glisse ski pass is a special beginner&#039;s ski pass at a low price, giving access to 7 lifts and 13 slopes.\" \/>\n<meta property=\"og:url\" content=\"https:\/\/www.lesgets.com\/en\/lift-pass\/petite-glisse-ski-pass\/\" \/>\n<meta property=\"og:site_name\" content=\"Les Gets\" \/>\n<meta property=\"article:modified_time\" content=\"2022-12-06T15:49:16+00:00\" \/>\n<meta property=\"og:image\" content=\"https:\/\/www.lesgets.com\/wp\/..\/app\/uploads\/2020\/05\/d\u00e9butants-enfants-les-gets-1.jpg\" \/>\n\t<meta property=\"og:image:width\" content=\"2250\" \/>\n\t<meta property=\"og:image:height\" content=\"1500\" \/>\n\t<meta property=\"og:image:type\" content=\"image\/jpeg\" \/>\n<meta name=\"twitter:card\" content=\"summary_large_image\" \/>\n<meta name=\"twitter:label1\" content=\"Est. reading time\" \/>\n\t<meta name=\"twitter:data1\" content=\"1 minute\" \/>\n<script type=\"application\/ld+json\" class=\"yoast-schema-graph\">{\"@context\":\"https:\/\/schema.org\",\"@graph\":[{\"@type\":\"WebPage\",\"@id\":\"https:\/\/www.lesgets.com\/en\/lift-pass\/petite-glisse-ski-pass\/\",\"url\":\"https:\/\/www.lesgets.com\/en\/lift-pass\/petite-glisse-ski-pass\/\",\"name\":\"Petite glisse ski pass, a special beginner's package at mini price\",\"isPartOf\":{\"@id\":\"https:\/\/www.lesgets.com\/en\/#website\"},\"primaryImageOfPage\":{\"@id\":\"https:\/\/www.lesgets.com\/en\/lift-pass\/petite-glisse-ski-pass\/#primaryimage\"},\"image\":{\"@id\":\"https:\/\/www.lesgets.com\/en\/lift-pass\/petite-glisse-ski-pass\/#primaryimage\"},\"thumbnailUrl\":\"https:\/\/www.lesgets.com\/wp\/..\/app\/uploads\/2020\/05\/d\u00e9butants-enfants-les-gets-1.jpg\",\"datePublished\":\"2020-05-27T14:40:42+00:00\",\"dateModified\":\"2022-12-06T15:49:16+00:00\",\"description\":\"The Petite glisse ski pass is a special beginner's ski pass at a low price, giving access to 7 lifts and 13 slopes.\",\"breadcrumb\":{\"@id\":\"https:\/\/www.lesgets.com\/en\/lift-pass\/petite-glisse-ski-pass\/#breadcrumb\"},\"inLanguage\":\"en-US\",\"potentialAction\":[{\"@type\":\"ReadAction\",\"target\":[\"https:\/\/www.lesgets.com\/en\/lift-pass\/petite-glisse-ski-pass\/\"]}]},{\"@type\":\"ImageObject\",\"inLanguage\":\"en-US\",\"@id\":\"https:\/\/www.lesgets.com\/en\/lift-pass\/petite-glisse-ski-pass\/#primaryimage\",\"url\":\"https:\/\/www.lesgets.com\/wp\/..\/app\/uploads\/2020\/05\/d\u00e9butants-enfants-les-gets-1.jpg\",\"contentUrl\":\"https:\/\/www.lesgets.com\/wp\/..\/app\/uploads\/2020\/05\/d\u00e9butants-enfants-les-gets-1.jpg\",\"width\":2250,\"height\":1500,\"caption\":\"Beginner area\"},{\"@type\":\"BreadcrumbList\",\"@id\":\"https:\/\/www.lesgets.com\/en\/lift-pass\/petite-glisse-ski-pass\/#breadcrumb\",\"itemListElement\":[{\"@type\":\"ListItem\",\"position\":1,\"name\":\"Home\",\"item\":\"https:\/\/www.lesgets.com\/en\/\"},{\"@type\":\"ListItem\",\"position\":2,\"name\":\"Lift passes\",\"item\":\"https:\/\/www.lesgets.com\/en\/lift-pass\/\"},{\"@type\":\"ListItem\",\"position\":3,\"name\":\"P&#8217;tite glisse skipass\"}]},{\"@type\":\"WebSite\",\"@id\":\"https:\/\/www.lesgets.com\/en\/#website\",\"url\":\"https:\/\/www.lesgets.com\/en\/\",\"name\":\"Les Gets\",\"description\":\"\",\"publisher\":{\"@id\":\"https:\/\/www.lesgets.com\/en\/#organization\"},\"potentialAction\":[{\"@type\":\"SearchAction\",\"target\":{\"@type\":\"EntryPoint\",\"urlTemplate\":\"https:\/\/www.lesgets.com\/en\/?s={search_term_string}\"},\"query-input\":{\"@type\":\"PropertyValueSpecification\",\"valueRequired\":true,\"valueName\":\"search_term_string\"}}],\"inLanguage\":\"en-US\"},{\"@type\":\"Organization\",\"@id\":\"https:\/\/www.lesgets.com\/en\/#organization\",\"name\":\"Les Gets\",\"url\":\"https:\/\/www.lesgets.com\/en\/\",\"logo\":{\"@type\":\"ImageObject\",\"inLanguage\":\"en-US\",\"@id\":\"https:\/\/www.lesgets.com\/en\/#\/schema\/logo\/image\/\",\"url\":\"https:\/\/www.lesgets.com\/wp\/..\/app\/uploads\/2020\/06\/logo_lesgets.png\",\"contentUrl\":\"https:\/\/www.lesgets.com\/wp\/..\/app\/uploads\/2020\/06\/logo_lesgets.png\",\"width\":136,\"height\":115,\"caption\":\"Les Gets\"},\"image\":{\"@id\":\"https:\/\/www.lesgets.com\/en\/#\/schema\/logo\/image\/\"}}]}<\/script>\n<!-- \/ Yoast SEO plugin. -->","yoast_head_json":{"title":"Petite glisse ski pass, a special beginner's package at mini price","description":"The Petite glisse ski pass is a special beginner's ski pass at a low price, giving access to 7 lifts and 13 slopes.","robots":{"index":"index","follow":"follow","max-snippet":"max-snippet:-1","max-image-preview":"max-image-preview:large","max-video-preview":"max-video-preview:-1"},"canonical":"https:\/\/www.lesgets.com\/en\/lift-pass\/petite-glisse-ski-pass\/","og_locale":"en_US","og_type":"article","og_title":"Petite glisse ski pass, a special beginner's package at mini price","og_description":"The Petite glisse ski pass is a special beginner's ski pass at a low price, giving access to 7 lifts and 13 slopes.","og_url":"https:\/\/www.lesgets.com\/en\/lift-pass\/petite-glisse-ski-pass\/","og_site_name":"Les Gets","article_modified_time":"2022-12-06T15:49:16+00:00","og_image":[{"width":2250,"height":1500,"url":"https:\/\/www.lesgets.com\/wp\/..\/app\/uploads\/2020\/05\/d\u00e9butants-enfants-les-gets-1.jpg","type":"image\/jpeg"}],"twitter_card":"summary_large_image","twitter_misc":{"Est. reading time":"1 minute"},"schema":{"@context":"https:\/\/schema.org","@graph":[{"@type":"WebPage","@id":"https:\/\/www.lesgets.com\/en\/lift-pass\/petite-glisse-ski-pass\/","url":"https:\/\/www.lesgets.com\/en\/lift-pass\/petite-glisse-ski-pass\/","name":"Petite glisse ski pass, a special beginner's package at mini price","isPartOf":{"@id":"https:\/\/www.lesgets.com\/en\/#website"},"primaryImageOfPage":{"@id":"https:\/\/www.lesgets.com\/en\/lift-pass\/petite-glisse-ski-pass\/#primaryimage"},"image":{"@id":"https:\/\/www.lesgets.com\/en\/lift-pass\/petite-glisse-ski-pass\/#primaryimage"},"thumbnailUrl":"https:\/\/www.lesgets.com\/wp\/..\/app\/uploads\/2020\/05\/d\u00e9butants-enfants-les-gets-1.jpg","datePublished":"2020-05-27T14:40:42+00:00","dateModified":"2022-12-06T15:49:16+00:00","description":"The Petite glisse ski pass is a special beginner's ski pass at a low price, giving access to 7 lifts and 13 slopes.","breadcrumb":{"@id":"https:\/\/www.lesgets.com\/en\/lift-pass\/petite-glisse-ski-pass\/#breadcrumb"},"inLanguage":"en-US","potentialAction":[{"@type":"ReadAction","target":["https:\/\/www.lesgets.com\/en\/lift-pass\/petite-glisse-ski-pass\/"]}]},{"@type":"ImageObject","inLanguage":"en-US","@id":"https:\/\/www.lesgets.com\/en\/lift-pass\/petite-glisse-ski-pass\/#primaryimage","url":"https:\/\/www.lesgets.com\/wp\/..\/app\/uploads\/2020\/05\/d\u00e9butants-enfants-les-gets-1.jpg","contentUrl":"https:\/\/www.lesgets.com\/wp\/..\/app\/uploads\/2020\/05\/d\u00e9butants-enfants-les-gets-1.jpg","width":2250,"height":1500,"caption":"Beginner area"},{"@type":"BreadcrumbList","@id":"https:\/\/www.lesgets.com\/en\/lift-pass\/petite-glisse-ski-pass\/#breadcrumb","itemListElement":[{"@type":"ListItem","position":1,"name":"Home","item":"https:\/\/www.lesgets.com\/en\/"},{"@type":"ListItem","position":2,"name":"Lift passes","item":"https:\/\/www.lesgets.com\/en\/lift-pass\/"},{"@type":"ListItem","position":3,"name":"P&#8217;tite glisse skipass"}]},{"@type":"WebSite","@id":"https:\/\/www.lesgets.com\/en\/#website","url":"https:\/\/www.lesgets.com\/en\/","name":"Les Gets","description":"","publisher":{"@id":"https:\/\/www.lesgets.com\/en\/#organization"},"potentialAction":[{"@type":"SearchAction","target":{"@type":"EntryPoint","urlTemplate":"https:\/\/www.lesgets.com\/en\/?s={search_term_string}"},"query-input":{"@type":"PropertyValueSpecification","valueRequired":true,"valueName":"search_term_string"}}],"inLanguage":"en-US"},{"@type":"Organization","@id":"https:\/\/www.lesgets.com\/en\/#organization","name":"Les Gets","url":"https:\/\/www.lesgets.com\/en\/","logo":{"@type":"ImageObject","inLanguage":"en-US","@id":"https:\/\/www.lesgets.com\/en\/#\/schema\/logo\/image\/","url":"https:\/\/www.lesgets.com\/wp\/..\/app\/uploads\/2020\/06\/logo_lesgets.png","contentUrl":"https:\/\/www.lesgets.com\/wp\/..\/app\/uploads\/2020\/06\/logo_lesgets.png","width":136,"height":115,"caption":"Les Gets"},"image":{"@id":"https:\/\/www.lesgets.com\/en\/#\/schema\/logo\/image\/"}}]}},"featured_image_src":"https:\/\/www.lesgets.com\/wp\/..\/app\/uploads\/2020\/05\/d\u00e9butants-enfants-les-gets-1.jpg","featured_image_src_square":"https:\/\/www.lesgets.com\/wp\/..\/app\/uploads\/2020\/05\/d\u00e9butants-enfants-les-gets-1.jpg","_links":{"self":[{"href":"https:\/\/www.lesgets.com\/en\/wp-json\/wp\/v2\/pages\/11766","targetHints":{"allow":["GET"]}}],"collection":[{"href":"https:\/\/www.lesgets.com\/en\/wp-json\/wp\/v2\/pages"}],"about":[{"href":"https:\/\/www.lesgets.com\/en\/wp-json\/wp\/v2\/types\/page"}],"author":[{"embeddable":true,"href":"https:\/\/www.lesgets.com\/en\/wp-json\/wp\/v2\/users\/5"}],"replies":[{"embeddable":true,"href":"https:\/\/www.lesgets.com\/en\/wp-json\/wp\/v2\/comments?post=11766"}],"version-history":[{"count":5,"href":"https:\/\/www.lesgets.com\/en\/wp-json\/wp\/v2\/pages\/11766\/revisions"}],"predecessor-version":[{"id":39155,"href":"https:\/\/www.lesgets.com\/en\/wp-json\/wp\/v2\/pages\/11766\/revisions\/39155"}],"up":[{"embeddable":true,"href":"https:\/\/www.lesgets.com\/en\/wp-json\/wp\/v2\/pages\/10628"}],"wp:featuredmedia":[{"embeddable":true,"href":"https:\/\/www.lesgets.com\/en\/wp-json\/wp\/v2\/media\/4130"}],"wp:attachment":[{"href":"https:\/\/www.lesgets.com\/en\/wp-json\/wp\/v2\/media?parent=11766"}],"curies":[{"name":"wp","href":"https:\/\/api.w.org\/{rel}","templated":true}]}}