{"id":11857,"date":"2020-05-28T10:46:50","date_gmt":"2020-05-28T08:46:50","guid":{"rendered":"http:\/\/les-gets.votre-projet.com\/xx\/"},"modified":"2020-07-24T17:39:04","modified_gmt":"2020-07-24T15:39:04","slug":"accommodation","status":"publish","type":"page","link":"https:\/\/www.lesgets.com\/en\/discover-the-resort\/mountain-resort\/adapted-tourism\/accommodation\/","title":{"rendered":"Accommodation"},"content":{"rendered":"<div class=\"block block-core-spacer\">\n<div style=\"height:50px\" aria-hidden=\"true\" class=\"wp-block-spacer\"><\/div>\n<\/div>\n\n<div class=\"block block-lba-apidae-selection\"><!--BEGIN FILTER -->\r\n<!--BEGIN FILTER -->\r\n\r\n<!--BEGIN ITEMS APIDAE -->\r\n  <p class=\"alert alert-info\">Aucun \u00e9l\u00e9ment trouv\u00e9..!<\/p>\r\n<!--END ITEMS APIDAE -->\r\n\r\n<!--BEGIN PAGINATOR -->\r\n<!--BEGIN PAGINATOR --><\/div>","protected":false},"excerpt":{"rendered":"<p>You will find here the list of accommodations in the resort that are accessible and adapted people with disabilities.<\/p>\n","protected":false},"author":4,"featured_media":3061,"parent":12632,"menu_order":1,"comment_status":"closed","ping_status":"closed","template":"","meta":{"_acf_changed":false,"footnotes":""},"class_list":["post-11857","page","type-page","status-publish","has-post-thumbnail","hentry"],"acf":[],"yoast_head":"<!-- This site is optimized with the Yoast SEO plugin v27.2 - https:\/\/yoast.com\/product\/yoast-seo-wordpress\/ -->\n<title>Accommodation - Adapted tourism - Les Gets for everyone<\/title>\n<meta name=\"description\" content=\"You will find here the list of accommodations in the resort that are accessible and adapted to people with disabilities.\" \/>\n<meta name=\"robots\" content=\"index, follow, max-snippet:-1, max-image-preview:large, max-video-preview:-1\" \/>\n<link rel=\"canonical\" href=\"https:\/\/www.lesgets.com\/en\/discover-the-resort\/mountain-resort\/adapted-tourism\/accommodation\/\" \/>\n<meta property=\"og:locale\" content=\"en_US\" \/>\n<meta property=\"og:type\" content=\"article\" \/>\n<meta property=\"og:title\" content=\"Accommodation - Adapted tourism - Les Gets for everyone\" \/>\n<meta property=\"og:description\" content=\"You will find here the list of accommodations in the resort that are accessible and adapted to people with disabilities.\" \/>\n<meta property=\"og:url\" content=\"https:\/\/www.lesgets.com\/en\/discover-the-resort\/mountain-resort\/adapted-tourism\/accommodation\/\" \/>\n<meta property=\"og:site_name\" content=\"Les Gets\" \/>\n<meta property=\"article:modified_time\" content=\"2020-07-24T15:39:04+00:00\" \/>\n<meta property=\"og:image\" content=\"https:\/\/www.lesgets.com\/wp\/..\/app\/uploads\/2020\/04\/Bedroom-06004.jpg\" \/>\n\t<meta property=\"og:image:width\" content=\"2000\" \/>\n\t<meta property=\"og:image:height\" content=\"1335\" \/>\n\t<meta property=\"og:image:type\" content=\"image\/jpeg\" \/>\n<meta name=\"twitter:card\" content=\"summary_large_image\" \/>\n<script type=\"application\/ld+json\" class=\"yoast-schema-graph\">{\"@context\":\"https:\/\/schema.org\",\"@graph\":[{\"@type\":\"WebPage\",\"@id\":\"https:\/\/www.lesgets.com\/en\/discover-the-resort\/mountain-resort\/adapted-tourism\/accommodation\/\",\"url\":\"https:\/\/www.lesgets.com\/en\/discover-the-resort\/mountain-resort\/adapted-tourism\/accommodation\/\",\"name\":\"Accommodation - Adapted tourism - Les Gets for everyone\",\"isPartOf\":{\"@id\":\"https:\/\/www.lesgets.com\/en\/#website\"},\"primaryImageOfPage\":{\"@id\":\"https:\/\/www.lesgets.com\/en\/discover-the-resort\/mountain-resort\/adapted-tourism\/accommodation\/#primaryimage\"},\"image\":{\"@id\":\"https:\/\/www.lesgets.com\/en\/discover-the-resort\/mountain-resort\/adapted-tourism\/accommodation\/#primaryimage\"},\"thumbnailUrl\":\"https:\/\/www.lesgets.com\/wp\/..\/app\/uploads\/2020\/04\/Bedroom-06004.jpg\",\"datePublished\":\"2020-05-28T08:46:50+00:00\",\"dateModified\":\"2020-07-24T15:39:04+00:00\",\"description\":\"You will find here the list of accommodations in the resort that are accessible and adapted to people with disabilities.\",\"breadcrumb\":{\"@id\":\"https:\/\/www.lesgets.com\/en\/discover-the-resort\/mountain-resort\/adapted-tourism\/accommodation\/#breadcrumb\"},\"inLanguage\":\"en-US\",\"potentialAction\":[{\"@type\":\"ReadAction\",\"target\":[\"https:\/\/www.lesgets.com\/en\/discover-the-resort\/mountain-resort\/adapted-tourism\/accommodation\/\"]}]},{\"@type\":\"ImageObject\",\"inLanguage\":\"en-US\",\"@id\":\"https:\/\/www.lesgets.com\/en\/discover-the-resort\/mountain-resort\/adapted-tourism\/accommodation\/#primaryimage\",\"url\":\"https:\/\/www.lesgets.com\/wp\/..\/app\/uploads\/2020\/04\/Bedroom-06004.jpg\",\"contentUrl\":\"https:\/\/www.lesgets.com\/wp\/..\/app\/uploads\/2020\/04\/Bedroom-06004.jpg\",\"width\":2000,\"height\":1335,\"caption\":\"Chambre d'h\u00f4tel avec deux lits simples, tout en bois et peau de b\u00eate\"},{\"@type\":\"BreadcrumbList\",\"@id\":\"https:\/\/www.lesgets.com\/en\/discover-the-resort\/mountain-resort\/adapted-tourism\/accommodation\/#breadcrumb\",\"itemListElement\":[{\"@type\":\"ListItem\",\"position\":1,\"name\":\"Home\",\"item\":\"https:\/\/www.lesgets.com\/en\/\"},{\"@type\":\"ListItem\",\"position\":2,\"name\":\"Discover the resort\",\"item\":\"https:\/\/www.lesgets.com\/en\/discover-the-resort\/\"},{\"@type\":\"ListItem\",\"position\":3,\"name\":\"Charming resort and village\",\"item\":\"https:\/\/www.lesgets.com\/en\/discover-the-resort\/mountain-resort\/\"},{\"@type\":\"ListItem\",\"position\":4,\"name\":\"Adapted tourism\",\"item\":\"https:\/\/www.lesgets.com\/en\/discover-the-resort\/mountain-resort\/adapted-tourism\/\"},{\"@type\":\"ListItem\",\"position\":5,\"name\":\"Accommodation\"}]},{\"@type\":\"WebSite\",\"@id\":\"https:\/\/www.lesgets.com\/en\/#website\",\"url\":\"https:\/\/www.lesgets.com\/en\/\",\"name\":\"Les Gets\",\"description\":\"\",\"publisher\":{\"@id\":\"https:\/\/www.lesgets.com\/en\/#organization\"},\"potentialAction\":[{\"@type\":\"SearchAction\",\"target\":{\"@type\":\"EntryPoint\",\"urlTemplate\":\"https:\/\/www.lesgets.com\/en\/?s={search_term_string}\"},\"query-input\":{\"@type\":\"PropertyValueSpecification\",\"valueRequired\":true,\"valueName\":\"search_term_string\"}}],\"inLanguage\":\"en-US\"},{\"@type\":\"Organization\",\"@id\":\"https:\/\/www.lesgets.com\/en\/#organization\",\"name\":\"Les Gets\",\"url\":\"https:\/\/www.lesgets.com\/en\/\",\"logo\":{\"@type\":\"ImageObject\",\"inLanguage\":\"en-US\",\"@id\":\"https:\/\/www.lesgets.com\/en\/#\/schema\/logo\/image\/\",\"url\":\"https:\/\/www.lesgets.com\/wp\/..\/app\/uploads\/2020\/06\/logo_lesgets.png\",\"contentUrl\":\"https:\/\/www.lesgets.com\/wp\/..\/app\/uploads\/2020\/06\/logo_lesgets.png\",\"width\":136,\"height\":115,\"caption\":\"Les Gets\"},\"image\":{\"@id\":\"https:\/\/www.lesgets.com\/en\/#\/schema\/logo\/image\/\"}}]}<\/script>\n<!-- \/ Yoast SEO plugin. -->","yoast_head_json":{"title":"Accommodation - Adapted tourism - Les Gets for everyone","description":"You will find here the list of accommodations in the resort that are accessible and adapted to people with disabilities.","robots":{"index":"index","follow":"follow","max-snippet":"max-snippet:-1","max-image-preview":"max-image-preview:large","max-video-preview":"max-video-preview:-1"},"canonical":"https:\/\/www.lesgets.com\/en\/discover-the-resort\/mountain-resort\/adapted-tourism\/accommodation\/","og_locale":"en_US","og_type":"article","og_title":"Accommodation - Adapted tourism - Les Gets for everyone","og_description":"You will find here the list of accommodations in the resort that are accessible and adapted to people with disabilities.","og_url":"https:\/\/www.lesgets.com\/en\/discover-the-resort\/mountain-resort\/adapted-tourism\/accommodation\/","og_site_name":"Les Gets","article_modified_time":"2020-07-24T15:39:04+00:00","og_image":[{"width":2000,"height":1335,"url":"https:\/\/www.lesgets.com\/wp\/..\/app\/uploads\/2020\/04\/Bedroom-06004.jpg","type":"image\/jpeg"}],"twitter_card":"summary_large_image","schema":{"@context":"https:\/\/schema.org","@graph":[{"@type":"WebPage","@id":"https:\/\/www.lesgets.com\/en\/discover-the-resort\/mountain-resort\/adapted-tourism\/accommodation\/","url":"https:\/\/www.lesgets.com\/en\/discover-the-resort\/mountain-resort\/adapted-tourism\/accommodation\/","name":"Accommodation - Adapted tourism - Les Gets for everyone","isPartOf":{"@id":"https:\/\/www.lesgets.com\/en\/#website"},"primaryImageOfPage":{"@id":"https:\/\/www.lesgets.com\/en\/discover-the-resort\/mountain-resort\/adapted-tourism\/accommodation\/#primaryimage"},"image":{"@id":"https:\/\/www.lesgets.com\/en\/discover-the-resort\/mountain-resort\/adapted-tourism\/accommodation\/#primaryimage"},"thumbnailUrl":"https:\/\/www.lesgets.com\/wp\/..\/app\/uploads\/2020\/04\/Bedroom-06004.jpg","datePublished":"2020-05-28T08:46:50+00:00","dateModified":"2020-07-24T15:39:04+00:00","description":"You will find here the list of accommodations in the resort that are accessible and adapted to people with disabilities.","breadcrumb":{"@id":"https:\/\/www.lesgets.com\/en\/discover-the-resort\/mountain-resort\/adapted-tourism\/accommodation\/#breadcrumb"},"inLanguage":"en-US","potentialAction":[{"@type":"ReadAction","target":["https:\/\/www.lesgets.com\/en\/discover-the-resort\/mountain-resort\/adapted-tourism\/accommodation\/"]}]},{"@type":"ImageObject","inLanguage":"en-US","@id":"https:\/\/www.lesgets.com\/en\/discover-the-resort\/mountain-resort\/adapted-tourism\/accommodation\/#primaryimage","url":"https:\/\/www.lesgets.com\/wp\/..\/app\/uploads\/2020\/04\/Bedroom-06004.jpg","contentUrl":"https:\/\/www.lesgets.com\/wp\/..\/app\/uploads\/2020\/04\/Bedroom-06004.jpg","width":2000,"height":1335,"caption":"Chambre d'h\u00f4tel avec deux lits simples, tout en bois et peau de b\u00eate"},{"@type":"BreadcrumbList","@id":"https:\/\/www.lesgets.com\/en\/discover-the-resort\/mountain-resort\/adapted-tourism\/accommodation\/#breadcrumb","itemListElement":[{"@type":"ListItem","position":1,"name":"Home","item":"https:\/\/www.lesgets.com\/en\/"},{"@type":"ListItem","position":2,"name":"Discover the resort","item":"https:\/\/www.lesgets.com\/en\/discover-the-resort\/"},{"@type":"ListItem","position":3,"name":"Charming resort and village","item":"https:\/\/www.lesgets.com\/en\/discover-the-resort\/mountain-resort\/"},{"@type":"ListItem","position":4,"name":"Adapted tourism","item":"https:\/\/www.lesgets.com\/en\/discover-the-resort\/mountain-resort\/adapted-tourism\/"},{"@type":"ListItem","position":5,"name":"Accommodation"}]},{"@type":"WebSite","@id":"https:\/\/www.lesgets.com\/en\/#website","url":"https:\/\/www.lesgets.com\/en\/","name":"Les Gets","description":"","publisher":{"@id":"https:\/\/www.lesgets.com\/en\/#organization"},"potentialAction":[{"@type":"SearchAction","target":{"@type":"EntryPoint","urlTemplate":"https:\/\/www.lesgets.com\/en\/?s={search_term_string}"},"query-input":{"@type":"PropertyValueSpecification","valueRequired":true,"valueName":"search_term_string"}}],"inLanguage":"en-US"},{"@type":"Organization","@id":"https:\/\/www.lesgets.com\/en\/#organization","name":"Les Gets","url":"https:\/\/www.lesgets.com\/en\/","logo":{"@type":"ImageObject","inLanguage":"en-US","@id":"https:\/\/www.lesgets.com\/en\/#\/schema\/logo\/image\/","url":"https:\/\/www.lesgets.com\/wp\/..\/app\/uploads\/2020\/06\/logo_lesgets.png","contentUrl":"https:\/\/www.lesgets.com\/wp\/..\/app\/uploads\/2020\/06\/logo_lesgets.png","width":136,"height":115,"caption":"Les Gets"},"image":{"@id":"https:\/\/www.lesgets.com\/en\/#\/schema\/logo\/image\/"}}]}},"featured_image_src":"https:\/\/www.lesgets.com\/wp\/..\/app\/uploads\/2020\/04\/Bedroom-06004.jpg","featured_image_src_square":"https:\/\/www.lesgets.com\/wp\/..\/app\/uploads\/2020\/04\/Bedroom-06004.jpg","_links":{"self":[{"href":"https:\/\/www.lesgets.com\/en\/wp-json\/wp\/v2\/pages\/11857","targetHints":{"allow":["GET"]}}],"collection":[{"href":"https:\/\/www.lesgets.com\/en\/wp-json\/wp\/v2\/pages"}],"about":[{"href":"https:\/\/www.lesgets.com\/en\/wp-json\/wp\/v2\/types\/page"}],"author":[{"embeddable":true,"href":"https:\/\/www.lesgets.com\/en\/wp-json\/wp\/v2\/users\/4"}],"replies":[{"embeddable":true,"href":"https:\/\/www.lesgets.com\/en\/wp-json\/wp\/v2\/comments?post=11857"}],"version-history":[{"count":5,"href":"https:\/\/www.lesgets.com\/en\/wp-json\/wp\/v2\/pages\/11857\/revisions"}],"predecessor-version":[{"id":12887,"href":"https:\/\/www.lesgets.com\/en\/wp-json\/wp\/v2\/pages\/11857\/revisions\/12887"}],"up":[{"embeddable":true,"href":"https:\/\/www.lesgets.com\/en\/wp-json\/wp\/v2\/pages\/12632"}],"wp:featuredmedia":[{"embeddable":true,"href":"https:\/\/www.lesgets.com\/en\/wp-json\/wp\/v2\/media\/3061"}],"wp:attachment":[{"href":"https:\/\/www.lesgets.com\/en\/wp-json\/wp\/v2\/media?parent=11857"}],"curies":[{"name":"wp","href":"https:\/\/api.w.org\/{rel}","templated":true}]}}