{"id":11934,"date":"2020-05-28T14:43:58","date_gmt":"2020-05-28T12:43:58","guid":{"rendered":"http:\/\/les-gets.votre-projet.com\/activities-included-in-the-multi-pass\/"},"modified":"2024-06-19T12:08:33","modified_gmt":"2024-06-19T10:08:33","slug":"activities-included-in-the-multi-pass","status":"publish","type":"page","link":"https:\/\/www.lesgets.com\/en\/what-to-do\/the-multi-pass\/activities-included-in-the-multi-pass\/","title":{"rendered":"Activities included in the Multi Pass"},"content":{"rendered":"<div class=\"block block-lba-apidae-selection\"><!--BEGIN FILTER -->\r\n<!--BEGIN FILTER -->\r\n\r\n<!--BEGIN ITEMS APIDAE -->\r\n  <div class=\"selection-mode-default\">\r\n          <div class=\"card 0-3places 0-3pieces\">\r\n        <div class=\"row\">\r\n          <div class=\"col-md-3\">\r\n            <img decoding=\"async\" src=\"https:\/\/static.apidae-tourisme.com\/filestore\/objets-touristiques\/images\/102\/181\/38516070-fiche.jpg\" class=\"w-100\"\r\n                 alt=\"Image DSCN5923\">\r\n          <\/div>\r\n          <div class=\"col-md-7\">\r\n            <div class=\"card-block px-1\">\r\n              <h2 class=\"card-title\">\r\n                                    <a href=\"https:\/\/www.lesgets.com\/en\/details\/cinema-le-club-204391-En\/\">Cin\u00e9ma Le Club<\/a>\r\n                              <\/h2>\r\n              <p class=\"classement\"><\/p>\r\n              <p class=\"card-text\">Dolby Digital. Movies change every day with several daily sessions in the event of bad weather and programming exclusivity.<\/p>\r\n            <\/div>\r\n          <\/div>\r\n          <div class=\"col-md-2\">\r\n                            <a href=\"https:\/\/www.lesgets.com\/en\/details\/cinema-le-club-204391-En\/\" class=\"btn\">Learn more<\/a>\r\n                      <\/div>\r\n        <\/div>\r\n      <\/div>\r\n          <div class=\"card 0-3places 0-3pieces\">\r\n        <div class=\"row\">\r\n          <div class=\"col-md-3\">\r\n            <img decoding=\"async\" src=\"https:\/\/static.apidae-tourisme.com\/filestore\/objets-touristiques\/images\/95\/254\/17301087-fiche.jpg\" class=\"w-100\"\r\n                 alt=\"Image 2021_07_21_wibit_plage_lac_LD_LesGets_MelCarle_IMG_1244\">\r\n          <\/div>\r\n          <div class=\"col-md-7\">\r\n            <div class=\"card-block px-1\">\r\n              <h2 class=\"card-title\">\r\n                                    <a href=\"https:\/\/www.lesgets.com\/en\/details\/lake-des-ecoles-7753643-En\/\">Lake &#8220;des Ecoles&#8221;<\/a>\r\n                              <\/h2>\r\n              <p class=\"classement\"><\/p>\r\n              <p class=\"card-text\">The swimming lake is supervised by qualified personnel to ensure everyone&#8217;s safety.<\/p>\r\n            <\/div>\r\n          <\/div>\r\n          <div class=\"col-md-2\">\r\n                            <a href=\"https:\/\/www.lesgets.com\/en\/details\/lake-des-ecoles-7753643-En\/\" class=\"btn\">Learn more<\/a>\r\n                      <\/div>\r\n        <\/div>\r\n      <\/div>\r\n          <div class=\"card 0-3places 0-3pieces\">\r\n        <div class=\"row\">\r\n          <div class=\"col-md-3\">\r\n            <img decoding=\"async\" src=\"https:\/\/static.apidae-tourisme.com\/filestore\/objets-touristiques\/images\/54\/190\/30916150-fiche.jpg\" class=\"w-100\"\r\n                 alt=\"Image b902fd5a5093f7f4f242\">\r\n          <\/div>\r\n          <div class=\"col-md-7\">\r\n            <div class=\"card-block px-1\">\r\n              <h2 class=\"card-title\">\r\n                                    <a href=\"https:\/\/www.lesgets.com\/en\/details\/mechanical-music-museum-191340-En\/\">Mechanical Music Museum<\/a>\r\n                              <\/h2>\r\n              <p class=\"classement\"><\/p>\r\n              <p class=\"card-text\">Come to discover the incredible mechanical instruments collection of the museum. More than 1000 pieces are exposed : carillons, clocks, music boxes, orchestrions, mechanical pianos, stringed instruments, barrel organs, automates, phonographes&#8230;<\/p>\r\n            <\/div>\r\n          <\/div>\r\n          <div class=\"col-md-2\">\r\n                            <a href=\"https:\/\/www.lesgets.com\/en\/details\/mechanical-music-museum-191340-En\/\" class=\"btn\">Learn more<\/a>\r\n                      <\/div>\r\n        <\/div>\r\n      <\/div>\r\n          <div class=\"card 0-3places 0-3pieces\">\r\n        <div class=\"row\">\r\n          <div class=\"col-md-3\">\r\n            <img decoding=\"async\" src=\"https:\/\/static.apidae-tourisme.com\/filestore\/objets-touristiques\/images\/8\/196\/40027144-fiche.jpg\" class=\"w-100\"\r\n                 alt=\"Image unnamed-scaled-e1751552917524-300x125\">\r\n          <\/div>\r\n          <div class=\"col-md-7\">\r\n            <div class=\"card-block px-1\">\r\n              <h2 class=\"card-title\">\r\n                                    <a href=\"https:\/\/www.lesgets.com\/en\/details\/perrieres-aventures-7764578-En\/\">Perri\u00e8res Aventures<\/a>\r\n                              <\/h2>\r\n              <p class=\"classement\"><\/p>\r\n              <p class=\"card-text\">Located next to the all-season toboggan run, discover Perri\u00e8res Aventures, a brand-new leisure area designed for the whole family. This small, welcoming park invites young and old alike to enjoy time together in a natural, relaxed setting.<\/p>\r\n            <\/div>\r\n          <\/div>\r\n          <div class=\"col-md-2\">\r\n                            <a href=\"https:\/\/www.lesgets.com\/en\/details\/perrieres-aventures-7764578-En\/\" class=\"btn\">Learn more<\/a>\r\n                      <\/div>\r\n        <\/div>\r\n      <\/div>\r\n          <div class=\"card 0-3places 0-3pieces\">\r\n        <div class=\"row\">\r\n          <div class=\"col-md-3\">\r\n            <img decoding=\"async\" src=\"https:\/\/static.apidae-tourisme.com\/filestore\/objets-touristiques\/images\/141\/150\/17274509-fiche.jpg\" class=\"w-100\"\r\n                 alt=\"Image 2017_09_14_Golf_Lesgets_Peignee_Verticale_Nalet_9926_LD\">\r\n          <\/div>\r\n          <div class=\"col-md-7\">\r\n            <div class=\"card-block px-1\">\r\n              <h2 class=\"card-title\">\r\n                                    <a href=\"https:\/\/www.lesgets.com\/en\/details\/practice-golf-les-gets-6501328-En\/\">Practice Golf Les Gets<\/a>\r\n                              <\/h2>\r\n              <p class=\"classement\"><\/p>\r\n              <p class=\"card-text\">In Les Gets, drift facing the Mont Blanc!\r\nThe Golf des Gets driving range, located 55 minutes from Geneva and 30 minutes from the Evian Championship, offers exceptional panoramas.\r\nCome and try your hand at golf in this idyllic setting!<\/p>\r\n            <\/div>\r\n          <\/div>\r\n          <div class=\"col-md-2\">\r\n                            <a href=\"https:\/\/www.lesgets.com\/en\/details\/practice-golf-les-gets-6501328-En\/\" class=\"btn\">Learn more<\/a>\r\n                      <\/div>\r\n        <\/div>\r\n      <\/div>\r\n          <div class=\"card 0-3places 0-3pieces\">\r\n        <div class=\"row\">\r\n          <div class=\"col-md-3\">\r\n            <img decoding=\"async\" src=\"https:\/\/static.apidae-tourisme.com\/filestore\/objets-touristiques\/images\/225\/112\/17199329-fiche.jpg\" class=\"w-100\"\r\n                 alt=\"Image dsc_5265\">\r\n          <\/div>\r\n          <div class=\"col-md-7\">\r\n            <div class=\"card-block px-1\">\r\n              <h2 class=\"card-title\">\r\n                                    <a href=\"https:\/\/www.lesgets.com\/en\/details\/telecabine-du-mont-chery-262660-En\/\">T\u00e9l\u00e9cabine du Mont Chery<\/a>\r\n                              <\/h2>\r\n              <p class=\"classement\"><\/p>\r\n              <p class=\"card-text\">A 6-seater gondola linking the village to Mont Ch\u00e9ry, open to pedestrians and offering magnificent views of the Mont Blanc massif.<\/p>\r\n            <\/div>\r\n          <\/div>\r\n          <div class=\"col-md-2\">\r\n                            <a href=\"https:\/\/www.lesgets.com\/en\/details\/telecabine-du-mont-chery-262660-En\/\" class=\"btn\">Learn more<\/a>\r\n                      <\/div>\r\n        <\/div>\r\n      <\/div>\r\n          <div class=\"card 0-3places 0-3pieces\">\r\n        <div class=\"row\">\r\n          <div class=\"col-md-3\">\r\n            <img decoding=\"async\" src=\"https:\/\/static.apidae-tourisme.com\/filestore\/objets-touristiques\/images\/36\/114\/17199652-fiche.jpg\" class=\"w-100\"\r\n                 alt=\"Image 2017_07_20_Telesiege_Mont_Chery_Mont_Blanc_Lesgets_Valentinducrettet_1\">\r\n          <\/div>\r\n          <div class=\"col-md-7\">\r\n            <div class=\"card-block px-1\">\r\n              <h2 class=\"card-title\">\r\n                                    <a href=\"https:\/\/www.lesgets.com\/en\/details\/telesiege-de-la-pointe-172376-En\/\">T\u00e9l\u00e9si\u00e8ge de la Pointe<\/a>\r\n                              <\/h2>\r\n              <p class=\"classement\"><\/p>\r\n              <p class=\"card-text\">Magnificent panorama with an exceptional view of the Mont Blanc range from Mont Ch\u00e9ry.<\/p>\r\n            <\/div>\r\n          <\/div>\r\n          <div class=\"col-md-2\">\r\n                            <a href=\"https:\/\/www.lesgets.com\/en\/details\/telesiege-de-la-pointe-172376-En\/\" class=\"btn\">Learn more<\/a>\r\n                      <\/div>\r\n        <\/div>\r\n      <\/div>\r\n          <div class=\"card 0-3places 0-3pieces\">\r\n        <div class=\"row\">\r\n          <div class=\"col-md-3\">\r\n            <img decoding=\"async\" src=\"https:\/\/static.apidae-tourisme.com\/filestore\/objets-touristiques\/images\/26\/113\/17199386-fiche.png\" class=\"w-100\"\r\n                 alt=\"Image MicrosoftTeams-image\">\r\n          <\/div>\r\n          <div class=\"col-md-7\">\r\n            <div class=\"card-block px-1\">\r\n              <h2 class=\"card-title\">\r\n                                    <a href=\"https:\/\/www.lesgets.com\/en\/details\/telesiege-des-chavannes-express-172380-En\/\">T\u00e9l\u00e9si\u00e8ge des Chavannes Express<\/a>\r\n                              <\/h2>\r\n              <p class=\"classement\"><\/p>\r\n              <p class=\"card-text\">A 6-seater chairlift located in the Chavannes area.<\/p>\r\n            <\/div>\r\n          <\/div>\r\n          <div class=\"col-md-2\">\r\n                            <a href=\"https:\/\/www.lesgets.com\/en\/details\/telesiege-des-chavannes-express-172380-En\/\" class=\"btn\">Learn more<\/a>\r\n                      <\/div>\r\n        <\/div>\r\n      <\/div>\r\n          <div class=\"card 0-3places 0-3pieces\">\r\n        <div class=\"row\">\r\n          <div class=\"col-md-3\">\r\n            <img decoding=\"async\" src=\"https:\/\/static.apidae-tourisme.com\/filestore\/objets-touristiques\/images\/5\/248\/18216965-fiche.jpg\" class=\"w-100\"\r\n                 alt=\"Image 20230707_155918\">\r\n          <\/div>\r\n          <div class=\"col-md-7\">\r\n            <div class=\"card-block px-1\">\r\n              <h2 class=\"card-title\">\r\n                                    <a href=\"https:\/\/www.lesgets.com\/en\/details\/trampolines-7140173-En\/\">Trampolines<\/a>\r\n                              <\/h2>\r\n              <p class=\"classement\"><\/p>\r\n              <p class=\"card-text\">6 trampolines suitable for everyone aged 3 and over<\/p>\r\n            <\/div>\r\n          <\/div>\r\n          <div class=\"col-md-2\">\r\n                            <a href=\"https:\/\/www.lesgets.com\/en\/details\/trampolines-7140173-En\/\" class=\"btn\">Learn more<\/a>\r\n                      <\/div>\r\n        <\/div>\r\n      <\/div>\r\n          <div class=\"card 0-3places 0-3pieces\">\r\n        <div class=\"row\">\r\n          <div class=\"col-md-3\">\r\n            <img decoding=\"async\" src=\"https:\/\/static.apidae-tourisme.com\/filestore\/objets-touristiques\/images\/233\/228\/20899049-fiche.jpg\" class=\"w-100\"\r\n                 alt=\"Image 2023_09_journee_patrimoine_LucieBartholome_LD-29\">\r\n          <\/div>\r\n          <div class=\"col-md-7\">\r\n            <div class=\"card-block px-1\">\r\n              <h2 class=\"card-title\">\r\n                                    <a href=\"https:\/\/www.lesgets.com\/en\/agenda\/visit-to-the-fruitiere-des-perrieres-cheese-dairy-6588334-En\/\">Visit to the Fruiti\u00e8re des Perri\u00e8res cheese dairy<\/a>\r\n                              <\/h2>\r\n              <p class=\"classement\"><\/p>\r\n              <p class=\"card-text\">The Perri\u00e8res cheese factory is a veritable paradise for cheese lovers and those curious about traditional cheese-making.<\/p>\r\n            <\/div>\r\n          <\/div>\r\n          <div class=\"col-md-2\">\r\n                            <a href=\"https:\/\/www.lesgets.com\/en\/agenda\/visit-to-the-fruitiere-des-perrieres-cheese-dairy-6588334-En\/\" class=\"btn\">Learn more<\/a>\r\n                      <\/div>\r\n        <\/div>\r\n      <\/div>\r\n      <\/div>\r\n<!--END ITEMS APIDAE -->\r\n\r\n<!--BEGIN PAGINATOR -->\r\n<!--BEGIN PAGINATOR --><\/div>\n\n<div class=\"block block-lba-apidae-fiche\"><!-- BEGIN TEMPLATE fiche.php -->\n    <div class=\"row\">\n        <div class=\"col-md-3 col-sm-12\">\n            <a href=\"https:\/\/www.lesgets.com\/en\/agenda\/visite-de-la-fruitiere-des-perrieres-6588334-Fr\/\">\n                <img decoding=\"async\" src=\"https:\/\/static.apidae-tourisme.com\/filestore\/objets-touristiques\/images\/233\/228\/20899049-diaporama.jpg\" class=\"w-100\" alt=\"Image 2023_09_journee_patrimoine_LucieBartholome_LD-29\">\n            <\/a>\n        <\/div>\n        <div class=\"col-md-7 col-sm-12\">\n            <div class=\"card-block px-1\">\n                <h2 class=\"card-title\">\n                    <a href=\"https:\/\/www.lesgets.com\/en\/agenda\/visite-de-la-fruitiere-des-perrieres-6588334-Fr\/\">Visite de la Fruiti\u00e8re des Perri\u00e8res<\/a>\n                <\/h2>\n                <p class=\"classement\"><\/p>\n                <p class=\"card-text\">La Fruiti\u00e8re des Perri\u00e8res, un v\u00e9ritable paradis pour les amoureux du fromage et les curieux de la fabrication artisanale.<\/p>\n            <\/div>\n        <\/div>\n        <div class=\"col-md-2 col-sm-12\">\n            <a href=\"https:\/\/www.lesgets.com\/en\/agenda\/visite-de-la-fruitiere-des-perrieres-6588334-Fr\/\" class=\"btn\">Learn more<\/a>\n        <\/div>\n    <\/div>\n<!-- END TEMPLATE fiche.php -->\n\n<\/div>","protected":false},"excerpt":{"rendered":"<p>Here is the list of unlimited activities and services available as part of the Multi Pass Portes du Soleil. <\/p>\n","protected":false},"author":4,"featured_media":966,"parent":11944,"menu_order":0,"comment_status":"closed","ping_status":"closed","template":"","meta":{"_acf_changed":false,"footnotes":""},"class_list":["post-11934","page","type-page","status-publish","has-post-thumbnail","hentry"],"acf":[],"yoast_head":"<!-- This site is optimized with the Yoast SEO plugin v27.3 - https:\/\/yoast.com\/product\/yoast-seo-wordpress\/ -->\n<title>Activities included in the Multi Pass - Les Gets<\/title>\n<meta name=\"description\" content=\"Here is the list of unlimited activities and services available as part of the Multi Pass Portes du Soleil.\" \/>\n<meta name=\"robots\" content=\"index, follow, max-snippet:-1, max-image-preview:large, max-video-preview:-1\" \/>\n<link rel=\"canonical\" href=\"https:\/\/www.lesgets.com\/en\/what-to-do\/the-multi-pass\/activities-included-in-the-multi-pass\/\" \/>\n<meta property=\"og:locale\" content=\"en_US\" \/>\n<meta property=\"og:type\" content=\"article\" \/>\n<meta property=\"og:title\" content=\"Activities included in the Multi Pass - Les Gets\" \/>\n<meta property=\"og:description\" content=\"Here is the list of unlimited activities and services available as part of the Multi Pass Portes du Soleil.\" \/>\n<meta property=\"og:url\" content=\"https:\/\/www.lesgets.com\/en\/what-to-do\/the-multi-pass\/activities-included-in-the-multi-pass\/\" \/>\n<meta property=\"og:site_name\" content=\"Les Gets\" \/>\n<meta property=\"article:modified_time\" content=\"2024-06-19T10:08:33+00:00\" \/>\n<meta property=\"og:image\" content=\"https:\/\/www.lesgets.com\/wp\/..\/app\/uploads\/2020\/03\/DSC08753-min.jpg\" \/>\n\t<meta property=\"og:image:width\" content=\"2560\" \/>\n\t<meta property=\"og:image:height\" content=\"1707\" \/>\n\t<meta property=\"og:image:type\" content=\"image\/jpeg\" \/>\n<meta name=\"twitter:card\" content=\"summary_large_image\" \/>\n<meta name=\"twitter:label1\" content=\"Est. reading time\" \/>\n\t<meta name=\"twitter:data1\" content=\"1 minute\" \/>\n<script type=\"application\/ld+json\" class=\"yoast-schema-graph\">{\"@context\":\"https:\\\/\\\/schema.org\",\"@graph\":[{\"@type\":\"WebPage\",\"@id\":\"https:\\\/\\\/www.lesgets.com\\\/en\\\/what-to-do\\\/the-multi-pass\\\/activities-included-in-the-multi-pass\\\/\",\"url\":\"https:\\\/\\\/www.lesgets.com\\\/en\\\/what-to-do\\\/the-multi-pass\\\/activities-included-in-the-multi-pass\\\/\",\"name\":\"Activities included in the Multi Pass - Les Gets\",\"isPartOf\":{\"@id\":\"https:\\\/\\\/www.lesgets.com\\\/en\\\/#website\"},\"primaryImageOfPage\":{\"@id\":\"https:\\\/\\\/www.lesgets.com\\\/en\\\/what-to-do\\\/the-multi-pass\\\/activities-included-in-the-multi-pass\\\/#primaryimage\"},\"image\":{\"@id\":\"https:\\\/\\\/www.lesgets.com\\\/en\\\/what-to-do\\\/the-multi-pass\\\/activities-included-in-the-multi-pass\\\/#primaryimage\"},\"thumbnailUrl\":\"https:\\\/\\\/www.lesgets.com\\\/wp\\\/..\\\/app\\\/uploads\\\/2020\\\/03\\\/DSC08753-min.jpg\",\"datePublished\":\"2020-05-28T12:43:58+00:00\",\"dateModified\":\"2024-06-19T10:08:33+00:00\",\"description\":\"Here is the list of unlimited activities and services available as part of the Multi Pass Portes du Soleil.\",\"breadcrumb\":{\"@id\":\"https:\\\/\\\/www.lesgets.com\\\/en\\\/what-to-do\\\/the-multi-pass\\\/activities-included-in-the-multi-pass\\\/#breadcrumb\"},\"inLanguage\":\"en-US\",\"potentialAction\":[{\"@type\":\"ReadAction\",\"target\":[\"https:\\\/\\\/www.lesgets.com\\\/en\\\/what-to-do\\\/the-multi-pass\\\/activities-included-in-the-multi-pass\\\/\"]}]},{\"@type\":\"ImageObject\",\"inLanguage\":\"en-US\",\"@id\":\"https:\\\/\\\/www.lesgets.com\\\/en\\\/what-to-do\\\/the-multi-pass\\\/activities-included-in-the-multi-pass\\\/#primaryimage\",\"url\":\"https:\\\/\\\/www.lesgets.com\\\/wp\\\/..\\\/app\\\/uploads\\\/2020\\\/03\\\/DSC08753-min.jpg\",\"contentUrl\":\"https:\\\/\\\/www.lesgets.com\\\/wp\\\/..\\\/app\\\/uploads\\\/2020\\\/03\\\/DSC08753-min.jpg\",\"width\":2560,\"height\":1707,\"caption\":\"Femme et son fils se promenant en \u00e9t\u00e9 en montagne avec t\u00e9l\u00e9si\u00e8ges derri\u00e8re\"},{\"@type\":\"BreadcrumbList\",\"@id\":\"https:\\\/\\\/www.lesgets.com\\\/en\\\/what-to-do\\\/the-multi-pass\\\/activities-included-in-the-multi-pass\\\/#breadcrumb\",\"itemListElement\":[{\"@type\":\"ListItem\",\"position\":1,\"name\":\"Home\",\"item\":\"https:\\\/\\\/www.lesgets.com\\\/en\\\/\"},{\"@type\":\"ListItem\",\"position\":2,\"name\":\"What to do?\",\"item\":\"https:\\\/\\\/www.lesgets.com\\\/en\\\/what-to-do\\\/\"},{\"@type\":\"ListItem\",\"position\":3,\"name\":\"The Multi Pass\",\"item\":\"https:\\\/\\\/www.lesgets.com\\\/en\\\/what-to-do\\\/the-multi-pass\\\/\"},{\"@type\":\"ListItem\",\"position\":4,\"name\":\"Activities included in the Multi Pass\"}]},{\"@type\":\"WebSite\",\"@id\":\"https:\\\/\\\/www.lesgets.com\\\/en\\\/#website\",\"url\":\"https:\\\/\\\/www.lesgets.com\\\/en\\\/\",\"name\":\"Les Gets\",\"description\":\"\",\"publisher\":{\"@id\":\"https:\\\/\\\/www.lesgets.com\\\/en\\\/#organization\"},\"potentialAction\":[{\"@type\":\"SearchAction\",\"target\":{\"@type\":\"EntryPoint\",\"urlTemplate\":\"https:\\\/\\\/www.lesgets.com\\\/en\\\/?s={search_term_string}\"},\"query-input\":{\"@type\":\"PropertyValueSpecification\",\"valueRequired\":true,\"valueName\":\"search_term_string\"}}],\"inLanguage\":\"en-US\"},{\"@type\":\"Organization\",\"@id\":\"https:\\\/\\\/www.lesgets.com\\\/en\\\/#organization\",\"name\":\"Les Gets\",\"url\":\"https:\\\/\\\/www.lesgets.com\\\/en\\\/\",\"logo\":{\"@type\":\"ImageObject\",\"inLanguage\":\"en-US\",\"@id\":\"https:\\\/\\\/www.lesgets.com\\\/en\\\/#\\\/schema\\\/logo\\\/image\\\/\",\"url\":\"https:\\\/\\\/www.lesgets.com\\\/wp\\\/..\\\/app\\\/uploads\\\/2020\\\/06\\\/logo_lesgets.png\",\"contentUrl\":\"https:\\\/\\\/www.lesgets.com\\\/wp\\\/..\\\/app\\\/uploads\\\/2020\\\/06\\\/logo_lesgets.png\",\"width\":136,\"height\":115,\"caption\":\"Les Gets\"},\"image\":{\"@id\":\"https:\\\/\\\/www.lesgets.com\\\/en\\\/#\\\/schema\\\/logo\\\/image\\\/\"}}]}<\/script>\n<!-- \/ Yoast SEO plugin. -->","yoast_head_json":{"title":"Activities included in the Multi Pass - Les Gets","description":"Here is the list of unlimited activities and services available as part of the Multi Pass Portes du Soleil.","robots":{"index":"index","follow":"follow","max-snippet":"max-snippet:-1","max-image-preview":"max-image-preview:large","max-video-preview":"max-video-preview:-1"},"canonical":"https:\/\/www.lesgets.com\/en\/what-to-do\/the-multi-pass\/activities-included-in-the-multi-pass\/","og_locale":"en_US","og_type":"article","og_title":"Activities included in the Multi Pass - Les Gets","og_description":"Here is the list of unlimited activities and services available as part of the Multi Pass Portes du Soleil.","og_url":"https:\/\/www.lesgets.com\/en\/what-to-do\/the-multi-pass\/activities-included-in-the-multi-pass\/","og_site_name":"Les Gets","article_modified_time":"2024-06-19T10:08:33+00:00","og_image":[{"width":2560,"height":1707,"url":"https:\/\/www.lesgets.com\/wp\/..\/app\/uploads\/2020\/03\/DSC08753-min.jpg","type":"image\/jpeg"}],"twitter_card":"summary_large_image","twitter_misc":{"Est. reading time":"1 minute"},"schema":{"@context":"https:\/\/schema.org","@graph":[{"@type":"WebPage","@id":"https:\/\/www.lesgets.com\/en\/what-to-do\/the-multi-pass\/activities-included-in-the-multi-pass\/","url":"https:\/\/www.lesgets.com\/en\/what-to-do\/the-multi-pass\/activities-included-in-the-multi-pass\/","name":"Activities included in the Multi Pass - Les Gets","isPartOf":{"@id":"https:\/\/www.lesgets.com\/en\/#website"},"primaryImageOfPage":{"@id":"https:\/\/www.lesgets.com\/en\/what-to-do\/the-multi-pass\/activities-included-in-the-multi-pass\/#primaryimage"},"image":{"@id":"https:\/\/www.lesgets.com\/en\/what-to-do\/the-multi-pass\/activities-included-in-the-multi-pass\/#primaryimage"},"thumbnailUrl":"https:\/\/www.lesgets.com\/wp\/..\/app\/uploads\/2020\/03\/DSC08753-min.jpg","datePublished":"2020-05-28T12:43:58+00:00","dateModified":"2024-06-19T10:08:33+00:00","description":"Here is the list of unlimited activities and services available as part of the Multi Pass Portes du Soleil.","breadcrumb":{"@id":"https:\/\/www.lesgets.com\/en\/what-to-do\/the-multi-pass\/activities-included-in-the-multi-pass\/#breadcrumb"},"inLanguage":"en-US","potentialAction":[{"@type":"ReadAction","target":["https:\/\/www.lesgets.com\/en\/what-to-do\/the-multi-pass\/activities-included-in-the-multi-pass\/"]}]},{"@type":"ImageObject","inLanguage":"en-US","@id":"https:\/\/www.lesgets.com\/en\/what-to-do\/the-multi-pass\/activities-included-in-the-multi-pass\/#primaryimage","url":"https:\/\/www.lesgets.com\/wp\/..\/app\/uploads\/2020\/03\/DSC08753-min.jpg","contentUrl":"https:\/\/www.lesgets.com\/wp\/..\/app\/uploads\/2020\/03\/DSC08753-min.jpg","width":2560,"height":1707,"caption":"Femme et son fils se promenant en \u00e9t\u00e9 en montagne avec t\u00e9l\u00e9si\u00e8ges derri\u00e8re"},{"@type":"BreadcrumbList","@id":"https:\/\/www.lesgets.com\/en\/what-to-do\/the-multi-pass\/activities-included-in-the-multi-pass\/#breadcrumb","itemListElement":[{"@type":"ListItem","position":1,"name":"Home","item":"https:\/\/www.lesgets.com\/en\/"},{"@type":"ListItem","position":2,"name":"What to do?","item":"https:\/\/www.lesgets.com\/en\/what-to-do\/"},{"@type":"ListItem","position":3,"name":"The Multi Pass","item":"https:\/\/www.lesgets.com\/en\/what-to-do\/the-multi-pass\/"},{"@type":"ListItem","position":4,"name":"Activities included in the Multi Pass"}]},{"@type":"WebSite","@id":"https:\/\/www.lesgets.com\/en\/#website","url":"https:\/\/www.lesgets.com\/en\/","name":"Les Gets","description":"","publisher":{"@id":"https:\/\/www.lesgets.com\/en\/#organization"},"potentialAction":[{"@type":"SearchAction","target":{"@type":"EntryPoint","urlTemplate":"https:\/\/www.lesgets.com\/en\/?s={search_term_string}"},"query-input":{"@type":"PropertyValueSpecification","valueRequired":true,"valueName":"search_term_string"}}],"inLanguage":"en-US"},{"@type":"Organization","@id":"https:\/\/www.lesgets.com\/en\/#organization","name":"Les Gets","url":"https:\/\/www.lesgets.com\/en\/","logo":{"@type":"ImageObject","inLanguage":"en-US","@id":"https:\/\/www.lesgets.com\/en\/#\/schema\/logo\/image\/","url":"https:\/\/www.lesgets.com\/wp\/..\/app\/uploads\/2020\/06\/logo_lesgets.png","contentUrl":"https:\/\/www.lesgets.com\/wp\/..\/app\/uploads\/2020\/06\/logo_lesgets.png","width":136,"height":115,"caption":"Les Gets"},"image":{"@id":"https:\/\/www.lesgets.com\/en\/#\/schema\/logo\/image\/"}}]}},"featured_image_src":"https:\/\/www.lesgets.com\/wp\/..\/app\/uploads\/2020\/03\/DSC08753-min.jpg","featured_image_src_square":"https:\/\/www.lesgets.com\/wp\/..\/app\/uploads\/2020\/03\/DSC08753-min.jpg","_links":{"self":[{"href":"https:\/\/www.lesgets.com\/en\/wp-json\/wp\/v2\/pages\/11934","targetHints":{"allow":["GET"]}}],"collection":[{"href":"https:\/\/www.lesgets.com\/en\/wp-json\/wp\/v2\/pages"}],"about":[{"href":"https:\/\/www.lesgets.com\/en\/wp-json\/wp\/v2\/types\/page"}],"author":[{"embeddable":true,"href":"https:\/\/www.lesgets.com\/en\/wp-json\/wp\/v2\/users\/4"}],"replies":[{"embeddable":true,"href":"https:\/\/www.lesgets.com\/en\/wp-json\/wp\/v2\/comments?post=11934"}],"version-history":[{"count":5,"href":"https:\/\/www.lesgets.com\/en\/wp-json\/wp\/v2\/pages\/11934\/revisions"}],"predecessor-version":[{"id":47523,"href":"https:\/\/www.lesgets.com\/en\/wp-json\/wp\/v2\/pages\/11934\/revisions\/47523"}],"up":[{"embeddable":true,"href":"https:\/\/www.lesgets.com\/en\/wp-json\/wp\/v2\/pages\/11944"}],"wp:featuredmedia":[{"embeddable":true,"href":"https:\/\/www.lesgets.com\/en\/wp-json\/wp\/v2\/media\/966"}],"wp:attachment":[{"href":"https:\/\/www.lesgets.com\/en\/wp-json\/wp\/v2\/media?parent=11934"}],"curies":[{"name":"wp","href":"https:\/\/api.w.org\/{rel}","templated":true}]}}