{"id":11944,"date":"2020-05-28T15:10:47","date_gmt":"2020-05-28T13:10:47","guid":{"rendered":"http:\/\/les-gets.votre-projet.com\/the-multi-pass-portes-du-soleil\/"},"modified":"2025-07-08T16:21:34","modified_gmt":"2025-07-08T14:21:34","slug":"the-multi-pass","status":"publish","type":"page","link":"https:\/\/www.lesgets.com\/en\/what-to-do\/the-multi-pass\/","title":{"rendered":"The Multi Pass"},"content":{"rendered":"<div class=\"block block-core-spacer\">\n<div style=\"height:30px\" aria-hidden=\"true\" class=\"wp-block-spacer\"><\/div>\n<\/div>\n\n<div class=\"block block-core-heading\">\n<h2 class=\"wp-block-heading\"><strong>The Portes du Soleil<\/strong> reinvents summer holidays in the mountains !<\/h2>\n<\/div>\n\n<div class=\"block block-core-paragraph\">\n<p>The Multi Pass gives you access to more than 70 all-you-can-eat activities in the 12 village resorts of the Portes du Soleil. Enjoy them on your own, as a couple, with your family or in a group&#8230; <strong>for only 3\u20ac* per day of stay<\/strong> or 15\u20ac* for a day.<\/p>\n<\/div>\n\n<div class=\"block block-core-spacer\">\n<div style=\"height:20px\" aria-hidden=\"true\" class=\"wp-block-spacer\"><\/div>\n<\/div>\n\n<div class=\"block block-core-heading\">\n<h2 class=\"wp-block-heading\">Opening dates<\/h2>\n<\/div>\n\n<div class=\"container tpl-free-content colored-violet-famille\">\n<div class=\"row\">\n<div class=\"col span_2\">\n<h3><strong>From 29 May to 2 November 2025**<br \/><\/strong><\/h3>\n<h4>The Multi Pass gives you unlimited access to :<\/h4>\n<ul>\n<li>25 lifts for pedestrians<\/li>\n<li>Swimming pools and mountain lakes<\/li>\n<li>Mini golf courses and ice rink<\/li>\n<li>Climbing room<\/li>\n<li>Cinema<\/li>\n<li>Museums and cultural areas: the mechanical music museum in Les Gets, the Vall\u00e9e d&#8217;Aulps discovery area, the Abbey complex in Abondance, the Maison du Val d&#8217;Abondance and the Moulins de la Tine in Troistorrents.<\/li>\n<li>Shuttles between resorts<\/li>\n<li>Tennis courts, padel and squash<\/li>\n<\/ul>\n<\/div>\n<\/div>\n<\/div>\n\n<div class=\"block block-core-buttons\">\n<div class=\"wp-block-buttons is-content-justification-center is-layout-flex wp-container-core-buttons-is-layout-16018d1d wp-block-buttons-is-layout-flex\"><div class=\"block block-core-button\">\n<div class=\"wp-block-button is-style-outline is-style-outline--1\"><a class=\"wp-block-button__link has-luminous-vivid-amber-background-color has-background wp-element-button\" href=\"https:\/\/en.portesdusoleil.com\/in-summer\/multi-pass-all-activities\/\" target=\"_blank\" rel=\"noreferrer noopener\">Discover all Multi Pass Activities<\/a><\/div>\n<\/div><\/div>\n<\/div>\n\n<div class=\"block block-core-spacer\">\n<div style=\"height:20px\" aria-hidden=\"true\" class=\"wp-block-spacer\"><\/div>\n<\/div>\n\n<div class=\"block block-core-heading\">\n<h2 class=\"wp-block-heading\">Multi Pass Activities and Accomodations in Les Gets<\/h2>\n<\/div>\n\n<div class=\"block block-genesis-custom-blocks-pushs\">    <div class=\"pushs-inside blanc\">\r\n        <div class=\"container\">\r\n            <div class=\"row\">\r\n                                        <div class=\"col-4\">\r\n                            <a href=\"https:\/\/www.lesgets.com\/en\/what-to-do\/the-multi-pass\/activities-included-in-the-multi-pass\/\">\r\n                                <div class=\"img\"><img decoding=\"async\" src=\"https:\/\/www.lesgets.com\/wp\/..\/app\/uploads\/2020\/03\/DSC08753-min-1920x1080.jpg\" alt=\"Femme et son fils se promenant en \u00e9t\u00e9 en montagne avec t\u00e9l\u00e9si\u00e8ges derri\u00e8re\">\r\n                                <\/div>\r\n                                <div class=\"conteneur\">\r\n                                    <h3>Activities included in the Multi Pass<\/h3>\r\n                                    <p>Here is the list of unlimited activities and services available as part of the Multi Pass Portes du Soleil. <\/p>\r\n                                <\/div>\r\n                            <\/a>\r\n                        <\/div>\r\n                                                <div class=\"col-4\">\r\n                            <a href=\"https:\/\/www.lesgets.com\/en\/what-to-do\/the-multi-pass\/activities-special-discount-multi-pass\/\">\r\n                                <div class=\"img\"><img decoding=\"async\" src=\"https:\/\/www.lesgets.com\/wp\/..\/app\/uploads\/2024\/07\/2023_07_13_luge_4S_cpTimArnold_HD-05-1920x1080.jpg\" alt=\"\">\r\n                                <\/div>\r\n                                <div class=\"conteneur\">\r\n                                    <h3>Activities : special discount Multi Pass<\/h3>\r\n                                    <p>Here is the list of activities and services available at a reduced price on presentation of a valid Multi Pass card. <\/p>\r\n                                <\/div>\r\n                            <\/a>\r\n                        <\/div>\r\n                                                <div class=\"col-4\">\r\n                            <a href=\"https:\/\/www.lesgets.com\/en\/what-to-do\/the-multi-pass\/accommodations-multi-pass\/\">\r\n                                <div class=\"img\"><img decoding=\"async\" src=\"https:\/\/www.lesgets.com\/wp\/..\/app\/uploads\/2020\/05\/LesGets_Gite_Exterieur_Ete_\u00a9arah_Galvan-1920x1080.jpg\" alt=\"Chalets en bois en \u00e9t\u00e9 avec sapin devant et pelouse verte.\">\r\n                                <\/div>\r\n                                <div class=\"conteneur\">\r\n                                    <h3>Accommodations Multi Pass<\/h3>\r\n                                    <p>Here is the list of accommodation participating in the Multi Pass Portes du Soleil.<\/p>\r\n                                <\/div>\r\n                            <\/a>\r\n                        <\/div>\r\n                                    <\/div>\r\n        <\/div>\r\n    <\/div>\r\n<\/div>\n\n<div class=\"block block-core-heading\">\n<h2 class=\"wp-block-heading\">A Multi Pass for everyone<\/h2>\n<\/div>\n\n<p>Whether you&#8217;re a holidaymaker, a day-tripper or a regular visitor to the estate, we&#8217;ve designed several MultiPass packages to suit your needs.<\/p>\n<h3>Multi Pass <strong>Stay<\/strong><\/h3>\n<p><strong>3\u20ac* per day of stay<\/strong> for all <span style=\"text-decoration: underline;\"><strong>holidaymakers at a participating accommodation provider<\/strong><\/span>. For example, for 6 days on site, the Portes du Soleil Multi Pass costs only 18\u20ac* for unlimited access to all the activities included in the package.<\/p>\n<h3>Multi Pass <strong>1 day<\/strong><\/h3>\n<p>Would you like to discover the area and its resorts but only enjoy the activities for one day? The <strong>15\u20ac* card<\/strong> and unlimited access to the activities are yours!<\/p>\n<h3>Multi Pass <strong>Season<\/strong><\/h3>\n<p>Is the Portes du Soleil your favourite playground? Opt for the 110\u20ac* pass for adults and 80\u20ac* for young people.<\/p>\n<p><strong>\u2705 For children under 5, the Portes du Soleil Multi Pass is FREE !<\/strong><\/p>\n\n<div class=\"block block-core-buttons\">\n<div class=\"wp-block-buttons is-content-justification-center is-layout-flex wp-container-core-buttons-is-layout-16018d1d wp-block-buttons-is-layout-flex\"><div class=\"block block-core-button\">\n<div class=\"wp-block-button is-style-outline is-style-outline--2\"><a class=\"wp-block-button__link has-luminous-vivid-amber-background-color has-background wp-element-button\" href=\"https:\/\/www.lesgets.com\/wp\/..\/app\/uploads\/2025\/07\/PDS_Guide_Multipass_2025_A6_GB_BD-1.pdf\">Download the Multi Pass Guide<\/a><\/div>\n<\/div><\/div>\n<\/div>\n\n<div class=\"block block-genesis-blocks-gb-spacer\">\n<div style=\"color:#ddd\" class=\"wp-block-genesis-blocks-gb-spacer gb-block-spacer gb-divider-solid gb-divider-size-1\"><hr style=\"height:30px\"\/><\/div>\n<\/div>\n\n<div class=\"block block-core-heading\">\n<h2 class=\"wp-block-heading\">And more<\/h2>\n<\/div>\n\n<div class=\"block block-core-paragraph\">\n<p>With your valid Portes du Soleil mountain bike pass (excluding season and 6-day non-consecutive passes), and provided you stay with a participating accommodation provider, the Multi Pass is offered to you within the validity of the mountain bike pass.<\/p>\n<\/div>\n\n<div class=\"block block-core-spacer\">\n<div style=\"height:16px\" aria-hidden=\"true\" class=\"wp-block-spacer\"><\/div>\n<\/div>\n\n<div class=\"block block-core-paragraph\">\n<p><em>*Offer valid from 29 May to 2 November 2025, subject to availability, opening times and dates of service providers, and to current sales conditions. Hands-free card compulsory, \u20ac3 supplement non-refundable but reusable in summer and winter in the 12 Portes du Soleil resorts. You can bring your own holder. 6\u20ac for the wooden stand.<\/em><\/p>\n<\/div>\n\n<div class=\"block block-core-paragraph\">\n<p><em>**Subject to availability, opening times and dates of service providers, according to current sales conditions.<\/em><\/p>\n<\/div>\n\n<div class=\"block block-core-spacer\">\n<div style=\"height:28px\" aria-hidden=\"true\" class=\"wp-block-spacer\"><\/div>\n<\/div>\n\n<div class=\"block block-core-buttons\">\n<div class=\"wp-block-buttons is-content-justification-center is-layout-flex wp-container-core-buttons-is-layout-16018d1d wp-block-buttons-is-layout-flex\"><div class=\"block block-core-button\">\n<div class=\"wp-block-button\"><a class=\"wp-block-button__link wp-element-button\" href=\"https:\/\/en.portesdusoleil.com\/in-summer\/multi-pass-all-accommodation-providers\/\">MultiPass portes du soleil host<\/a><\/div>\n<\/div><\/div>\n<\/div>\n\n<div class=\"block block-genesis-blocks-gb-spacer\">\n<div style=\"color:#ddd\" class=\"wp-block-genesis-blocks-gb-spacer gb-block-spacer gb-divider-solid gb-divider-size-1\"><hr style=\"height:78px\"\/><\/div>\n<\/div>","protected":false},"excerpt":{"rendered":"<p>The Multi Pass Portes du Soleil is THE card to enjoy a mountain of activities in the 12 French-Swiss resorts, for only 2,5\u20ac per day. <\/p>\n","protected":false},"author":4,"featured_media":35982,"parent":12281,"menu_order":0,"comment_status":"closed","ping_status":"closed","template":"","meta":{"_acf_changed":false,"footnotes":""},"class_list":["post-11944","page","type-page","status-publish","has-post-thumbnail","hentry"],"acf":[],"yoast_head":"<!-- This site is optimized with the Yoast SEO plugin v27.2 - https:\/\/yoast.com\/product\/yoast-seo-wordpress\/ -->\n<title>The Multi Pass Portes du Soleil - All summer activities - Les Gets<\/title>\n<meta name=\"description\" content=\"The Multi Pass Portes du Soleil is THE card to enjoy a multitude of activities in the 12 Franco-Swiss resorts, for only 2,5\u20ac per day.\" \/>\n<meta name=\"robots\" content=\"index, follow, max-snippet:-1, max-image-preview:large, max-video-preview:-1\" \/>\n<link rel=\"canonical\" href=\"https:\/\/www.lesgets.com\/en\/what-to-do\/the-multi-pass\/\" \/>\n<meta property=\"og:locale\" content=\"en_US\" \/>\n<meta property=\"og:type\" content=\"article\" \/>\n<meta property=\"og:title\" content=\"The Multi Pass Portes du Soleil - All summer activities - Les Gets\" \/>\n<meta property=\"og:description\" content=\"The Multi Pass Portes du Soleil is THE card to enjoy a multitude of activities in the 12 Franco-Swiss resorts, for only 2,5\u20ac per day.\" \/>\n<meta property=\"og:url\" content=\"https:\/\/www.lesgets.com\/en\/what-to-do\/the-multi-pass\/\" \/>\n<meta property=\"og:site_name\" content=\"Les Gets\" \/>\n<meta property=\"article:modified_time\" content=\"2025-07-08T14:21:34+00:00\" \/>\n<meta property=\"og:image\" content=\"https:\/\/www.lesgets.com\/wp\/..\/app\/uploads\/2022\/04\/MULTIPASS_FR_2022.jpg\" \/>\n\t<meta property=\"og:image:width\" content=\"886\" \/>\n\t<meta property=\"og:image:height\" content=\"594\" \/>\n\t<meta property=\"og:image:type\" content=\"image\/jpeg\" \/>\n<meta name=\"twitter:card\" content=\"summary_large_image\" \/>\n<meta name=\"twitter:label1\" content=\"Est. reading time\" \/>\n\t<meta name=\"twitter:data1\" content=\"3 minutes\" \/>\n<script type=\"application\/ld+json\" class=\"yoast-schema-graph\">{\"@context\":\"https:\/\/schema.org\",\"@graph\":[{\"@type\":\"WebPage\",\"@id\":\"https:\/\/www.lesgets.com\/en\/what-to-do\/the-multi-pass\/\",\"url\":\"https:\/\/www.lesgets.com\/en\/what-to-do\/the-multi-pass\/\",\"name\":\"The Multi Pass Portes du Soleil - All summer activities - Les Gets\",\"isPartOf\":{\"@id\":\"https:\/\/www.lesgets.com\/en\/#website\"},\"primaryImageOfPage\":{\"@id\":\"https:\/\/www.lesgets.com\/en\/what-to-do\/the-multi-pass\/#primaryimage\"},\"image\":{\"@id\":\"https:\/\/www.lesgets.com\/en\/what-to-do\/the-multi-pass\/#primaryimage\"},\"thumbnailUrl\":\"https:\/\/www.lesgets.com\/wp\/..\/app\/uploads\/2022\/04\/MULTIPASS_FR_2022.jpg\",\"datePublished\":\"2020-05-28T13:10:47+00:00\",\"dateModified\":\"2025-07-08T14:21:34+00:00\",\"description\":\"The Multi Pass Portes du Soleil is THE card to enjoy a multitude of activities in the 12 Franco-Swiss resorts, for only 2,5\u20ac per day.\",\"breadcrumb\":{\"@id\":\"https:\/\/www.lesgets.com\/en\/what-to-do\/the-multi-pass\/#breadcrumb\"},\"inLanguage\":\"en-US\",\"potentialAction\":[{\"@type\":\"ReadAction\",\"target\":[\"https:\/\/www.lesgets.com\/en\/what-to-do\/the-multi-pass\/\"]}]},{\"@type\":\"ImageObject\",\"inLanguage\":\"en-US\",\"@id\":\"https:\/\/www.lesgets.com\/en\/what-to-do\/the-multi-pass\/#primaryimage\",\"url\":\"https:\/\/www.lesgets.com\/wp\/..\/app\/uploads\/2022\/04\/MULTIPASS_FR_2022.jpg\",\"contentUrl\":\"https:\/\/www.lesgets.com\/wp\/..\/app\/uploads\/2022\/04\/MULTIPASS_FR_2022.jpg\",\"width\":886,\"height\":594},{\"@type\":\"BreadcrumbList\",\"@id\":\"https:\/\/www.lesgets.com\/en\/what-to-do\/the-multi-pass\/#breadcrumb\",\"itemListElement\":[{\"@type\":\"ListItem\",\"position\":1,\"name\":\"Home\",\"item\":\"https:\/\/www.lesgets.com\/en\/\"},{\"@type\":\"ListItem\",\"position\":2,\"name\":\"What to do?\",\"item\":\"https:\/\/www.lesgets.com\/en\/what-to-do\/\"},{\"@type\":\"ListItem\",\"position\":3,\"name\":\"The Multi Pass\"}]},{\"@type\":\"WebSite\",\"@id\":\"https:\/\/www.lesgets.com\/en\/#website\",\"url\":\"https:\/\/www.lesgets.com\/en\/\",\"name\":\"Les Gets\",\"description\":\"\",\"publisher\":{\"@id\":\"https:\/\/www.lesgets.com\/en\/#organization\"},\"potentialAction\":[{\"@type\":\"SearchAction\",\"target\":{\"@type\":\"EntryPoint\",\"urlTemplate\":\"https:\/\/www.lesgets.com\/en\/?s={search_term_string}\"},\"query-input\":{\"@type\":\"PropertyValueSpecification\",\"valueRequired\":true,\"valueName\":\"search_term_string\"}}],\"inLanguage\":\"en-US\"},{\"@type\":\"Organization\",\"@id\":\"https:\/\/www.lesgets.com\/en\/#organization\",\"name\":\"Les Gets\",\"url\":\"https:\/\/www.lesgets.com\/en\/\",\"logo\":{\"@type\":\"ImageObject\",\"inLanguage\":\"en-US\",\"@id\":\"https:\/\/www.lesgets.com\/en\/#\/schema\/logo\/image\/\",\"url\":\"https:\/\/www.lesgets.com\/wp\/..\/app\/uploads\/2020\/06\/logo_lesgets.png\",\"contentUrl\":\"https:\/\/www.lesgets.com\/wp\/..\/app\/uploads\/2020\/06\/logo_lesgets.png\",\"width\":136,\"height\":115,\"caption\":\"Les Gets\"},\"image\":{\"@id\":\"https:\/\/www.lesgets.com\/en\/#\/schema\/logo\/image\/\"}}]}<\/script>\n<!-- \/ Yoast SEO plugin. -->","yoast_head_json":{"title":"The Multi Pass Portes du Soleil - All summer activities - Les Gets","description":"The Multi Pass Portes du Soleil is THE card to enjoy a multitude of activities in the 12 Franco-Swiss resorts, for only 2,5\u20ac per day.","robots":{"index":"index","follow":"follow","max-snippet":"max-snippet:-1","max-image-preview":"max-image-preview:large","max-video-preview":"max-video-preview:-1"},"canonical":"https:\/\/www.lesgets.com\/en\/what-to-do\/the-multi-pass\/","og_locale":"en_US","og_type":"article","og_title":"The Multi Pass Portes du Soleil - All summer activities - Les Gets","og_description":"The Multi Pass Portes du Soleil is THE card to enjoy a multitude of activities in the 12 Franco-Swiss resorts, for only 2,5\u20ac per day.","og_url":"https:\/\/www.lesgets.com\/en\/what-to-do\/the-multi-pass\/","og_site_name":"Les Gets","article_modified_time":"2025-07-08T14:21:34+00:00","og_image":[{"width":886,"height":594,"url":"https:\/\/www.lesgets.com\/wp\/..\/app\/uploads\/2022\/04\/MULTIPASS_FR_2022.jpg","type":"image\/jpeg"}],"twitter_card":"summary_large_image","twitter_misc":{"Est. reading time":"3 minutes"},"schema":{"@context":"https:\/\/schema.org","@graph":[{"@type":"WebPage","@id":"https:\/\/www.lesgets.com\/en\/what-to-do\/the-multi-pass\/","url":"https:\/\/www.lesgets.com\/en\/what-to-do\/the-multi-pass\/","name":"The Multi Pass Portes du Soleil - All summer activities - Les Gets","isPartOf":{"@id":"https:\/\/www.lesgets.com\/en\/#website"},"primaryImageOfPage":{"@id":"https:\/\/www.lesgets.com\/en\/what-to-do\/the-multi-pass\/#primaryimage"},"image":{"@id":"https:\/\/www.lesgets.com\/en\/what-to-do\/the-multi-pass\/#primaryimage"},"thumbnailUrl":"https:\/\/www.lesgets.com\/wp\/..\/app\/uploads\/2022\/04\/MULTIPASS_FR_2022.jpg","datePublished":"2020-05-28T13:10:47+00:00","dateModified":"2025-07-08T14:21:34+00:00","description":"The Multi Pass Portes du Soleil is THE card to enjoy a multitude of activities in the 12 Franco-Swiss resorts, for only 2,5\u20ac per day.","breadcrumb":{"@id":"https:\/\/www.lesgets.com\/en\/what-to-do\/the-multi-pass\/#breadcrumb"},"inLanguage":"en-US","potentialAction":[{"@type":"ReadAction","target":["https:\/\/www.lesgets.com\/en\/what-to-do\/the-multi-pass\/"]}]},{"@type":"ImageObject","inLanguage":"en-US","@id":"https:\/\/www.lesgets.com\/en\/what-to-do\/the-multi-pass\/#primaryimage","url":"https:\/\/www.lesgets.com\/wp\/..\/app\/uploads\/2022\/04\/MULTIPASS_FR_2022.jpg","contentUrl":"https:\/\/www.lesgets.com\/wp\/..\/app\/uploads\/2022\/04\/MULTIPASS_FR_2022.jpg","width":886,"height":594},{"@type":"BreadcrumbList","@id":"https:\/\/www.lesgets.com\/en\/what-to-do\/the-multi-pass\/#breadcrumb","itemListElement":[{"@type":"ListItem","position":1,"name":"Home","item":"https:\/\/www.lesgets.com\/en\/"},{"@type":"ListItem","position":2,"name":"What to do?","item":"https:\/\/www.lesgets.com\/en\/what-to-do\/"},{"@type":"ListItem","position":3,"name":"The Multi Pass"}]},{"@type":"WebSite","@id":"https:\/\/www.lesgets.com\/en\/#website","url":"https:\/\/www.lesgets.com\/en\/","name":"Les Gets","description":"","publisher":{"@id":"https:\/\/www.lesgets.com\/en\/#organization"},"potentialAction":[{"@type":"SearchAction","target":{"@type":"EntryPoint","urlTemplate":"https:\/\/www.lesgets.com\/en\/?s={search_term_string}"},"query-input":{"@type":"PropertyValueSpecification","valueRequired":true,"valueName":"search_term_string"}}],"inLanguage":"en-US"},{"@type":"Organization","@id":"https:\/\/www.lesgets.com\/en\/#organization","name":"Les Gets","url":"https:\/\/www.lesgets.com\/en\/","logo":{"@type":"ImageObject","inLanguage":"en-US","@id":"https:\/\/www.lesgets.com\/en\/#\/schema\/logo\/image\/","url":"https:\/\/www.lesgets.com\/wp\/..\/app\/uploads\/2020\/06\/logo_lesgets.png","contentUrl":"https:\/\/www.lesgets.com\/wp\/..\/app\/uploads\/2020\/06\/logo_lesgets.png","width":136,"height":115,"caption":"Les Gets"},"image":{"@id":"https:\/\/www.lesgets.com\/en\/#\/schema\/logo\/image\/"}}]}},"featured_image_src":"https:\/\/www.lesgets.com\/wp\/..\/app\/uploads\/2022\/04\/MULTIPASS_FR_2022-600x400.jpg","featured_image_src_square":"https:\/\/www.lesgets.com\/wp\/..\/app\/uploads\/2022\/04\/MULTIPASS_FR_2022-600x594.jpg","_links":{"self":[{"href":"https:\/\/www.lesgets.com\/en\/wp-json\/wp\/v2\/pages\/11944","targetHints":{"allow":["GET"]}}],"collection":[{"href":"https:\/\/www.lesgets.com\/en\/wp-json\/wp\/v2\/pages"}],"about":[{"href":"https:\/\/www.lesgets.com\/en\/wp-json\/wp\/v2\/types\/page"}],"author":[{"embeddable":true,"href":"https:\/\/www.lesgets.com\/en\/wp-json\/wp\/v2\/users\/4"}],"replies":[{"embeddable":true,"href":"https:\/\/www.lesgets.com\/en\/wp-json\/wp\/v2\/comments?post=11944"}],"version-history":[{"count":5,"href":"https:\/\/www.lesgets.com\/en\/wp-json\/wp\/v2\/pages\/11944\/revisions"}],"predecessor-version":[{"id":64330,"href":"https:\/\/www.lesgets.com\/en\/wp-json\/wp\/v2\/pages\/11944\/revisions\/64330"}],"up":[{"embeddable":true,"href":"https:\/\/www.lesgets.com\/en\/wp-json\/wp\/v2\/pages\/12281"}],"wp:featuredmedia":[{"embeddable":true,"href":"https:\/\/www.lesgets.com\/en\/wp-json\/wp\/v2\/media\/35982"}],"wp:attachment":[{"href":"https:\/\/www.lesgets.com\/en\/wp-json\/wp\/v2\/media?parent=11944"}],"curies":[{"name":"wp","href":"https:\/\/api.w.org\/{rel}","templated":true}]}}