{"id":12211,"date":"2020-05-29T10:55:23","date_gmt":"2020-05-29T08:55:23","guid":{"rendered":"http:\/\/les-gets.votre-projet.com\/summer-activities\/"},"modified":"2024-08-12T14:23:56","modified_gmt":"2024-08-12T12:23:56","slug":"summer-activities","status":"publish","type":"page","link":"https:\/\/www.lesgets.com\/en\/what-to-do\/summer-activities\/","title":{"rendered":"Summer activities"},"content":{"rendered":"<div class=\"block block-core-spacer\">\n<div style=\"height:30px\" aria-hidden=\"true\" class=\"wp-block-spacer\"><\/div>\n<\/div>\n\n<div class=\"block block-core-heading\">\n<h2 class=\"wp-block-heading\"><strong>A bubble of oxygen<\/strong> for your summer holidays <\/h2>\n<\/div>\n\n<p>Whatever your interests, succumb to your desires in the wonderfully diverse mountain area of Les Gets: hiking, MTB, cycling, Alta Lumina, 18-hole golf course, trail, paragliding, swimming lake, wellness moments&#8230; So many activities, games and sports accessible to all.<\/p>\n<p>To enjoy the best stay in Les Gets, discover our tips, advices and practical information in our info guide.<\/p>\n\n<div class=\"block block-core-spacer\">\n<div style=\"height:30px\" aria-hidden=\"true\" class=\"wp-block-spacer\"><\/div>\n<\/div>\n\n<div class=\"block block-genesis-custom-blocks-image-full-texte\">\t\t<div class=\"container-fluid texte-droite\" style=\"background-image: url('https:\/\/www.lesgets.com\/wp\/..\/app\/uploads\/2022\/06\/2018_06_26_VTT_Electrique_Adeline_Mont_Blanc_Lesgets_O.Miclo_Cube_2254.jpg') \">\n\t\t\t<div class=\"row\">\n\t\t\t\t<div class=\"col-lg-6\">\n\t\t\t\t\t<span class=\"subtitle\">Les Gets is bike<\/span>\n\t\t\t\t\t<h2>Cycling in all its forms<\/h2>\n\t\t\t\t\t<div class=\"description\"><p>Downhill, cross-country, road or electric bikes\u2026 Les Gets has been a pioneering destination for cycling for 30 years! I Today it is a European benchmark, with an exceptional Bikepark with over 128 km of marked trails for all levels. The resort also offers great e-bike routes and direct access to the Portes du Soleil mountain bike area !<\/p>\n<p>You prefer road cycling ? No problem. You are here on the 1st stage of the Route des Grandes Alpes, with several emblematic passes accessible from the resort.<\/p>\n<\/div>\n                    \t\t\t\t\t    <a class=\"button button-ghost hvr-outline-in\" href=\"https:\/\/www.lesgets.com\/en\/discover-the-resort\/bike\/\">Discover<\/a>\n                    \t\t\t\t<\/div>\n\t\t\t<\/div>\n\t\t<\/div>\n\t\t\n<\/div>\n\n<div class=\"block block-genesis-custom-blocks-image-texte\">\r\n\t\t    <div class=\"container-fluid full-width image-gauche fond-blanc\">\r\n\t\t\t\t<div class=\"row\">\r\n\t\t\t\t\t<div class=\"col-lg-6\">\r\n\t\t\t\t\t\t<div class=\"image\" style=\"background-image:url('https:\/\/www.lesgets.com\/wp\/..\/app\/uploads\/2020\/05\/LesGets_2018_Rando_V.Ducrettet_02-1-960x1080.jpg');\"><\/div>\r\n\t\t\t\t\t<\/div>\r\n\t\t\t\t\t<div class=\"col-lg-6\">\r\n\t\t\t\t\t\t<div class=\"conteneur\">\r\n\t\t\t\t\t\t\t<span class=\"subtitle\"><\/span>\r\n\t\t\t\t\t\t\t<h2>Sporting holidays<\/h2>\r\n\t\t\t\t\t\t\t<div><p>If you are a sports enthusiast, come and have fun at the <a rel=\"noreferrer noopener\" aria-label=\"Bikepark des Gets (s\u2019ouvre dans un nouvel onglet)\" href=\"https:\/\/www.lesgets.com\/en\/discover-the-resort\/bike\/\" target=\"_blank\"><strong>Bikepark des Gets<\/strong><\/a> and its 128km of marked trails for all levels. You can also use an electric mountain bike to explore the trails in the area.<\/p>\n<p><strong>Mountains are mainly explored&#8230; on foot.<\/strong> Put on your hiking boots and set off to discover the quiet summits and exceptional panoramas of the Mont Blanc chain. In Les Gets, you will find all kinds of hikes to meet your expectations. Take the opportunity of a walk to <a rel=\"noreferrer noopener\" aria-label=\"visit the local farms (s\u2019ouvre dans un nouvel onglet)\" href=\"https:\/\/www.lesgets.com\/en\/what-to-do\/summer-activities\/summer-terroir-visits\/\" target=\"_blank\"><strong>visit the local farms<\/strong><\/a> on the area.<\/p>\n<p>For thrill-seekers, there are many possibilities: in white water, in the air, on horseback or even on the tops of trees&#8230;to each his own !<\/p>\n<\/div>\r\n                            \t\t\t\t\t\t\t    <a class=\"button hvr-outline-out\" href=\"https:\/\/www.lesgets.com\/en\/what-to-do\/summer-activities\/sports\/\">Discover<\/a>\r\n                            \t\t\t\t\t\t<\/div>\r\n\t\t\t\t\t<\/div>\r\n\t\t\t\t<\/div>\r\n\t\t\t<\/div>\r\n\t\t\t<\/div>\n\n<div class=\"block block-genesis-custom-blocks-activite\">\t\t<div class=\"container-fluid\">\r\n\t\t\t<div class=\"fond-image\" style=\"background-image:url('https:\/\/www.lesgets.com\/wp\/..\/app\/uploads\/2020\/07\/AltaLumina_MomentFactory_3-1920x1080.jpg');\">\r\n\t\t\t\t<div class=\"container\">\r\n\t\t\t\t\t<div class=\"row\">\r\n\t\t\t\t\t\t<div class=\"col-sm-12\">\r\n\t\t\t\t\t\t\t<span class=\"subtitle\">An enchanted night walk<\/span>\r\n\t\t\t\t\t\t\t<h2>Alta Lumina<\/h2>\r\n\t\t\t\t\t\t\t<a class=\"button hvr-outline-out\" href=\"\/en\/what-to-do\/alta-lumina\/\">Discover<\/a>\t\t\t\t\t\t\t\r\n\t\t\t\t\t\t<\/div>\r\n\t\t\t\t\t<\/div>\r\n\t\t\t\t<\/div>\r\n\t\t\t<\/div>\r\n\t\t<\/div>\r\n\t\t<\/div>\n\n<div class=\"block block-genesis-custom-blocks-activite\">\t\t<div class=\"container-fluid\">\r\n\t\t\t<div class=\"fond-image\" style=\"background-image:url('https:\/\/www.lesgets.com\/wp\/..\/app\/uploads\/2021\/04\/2020_07_20_yoga_ranfoilly_LesGets_Manon_Guenot_7RA00563_LD-1920x1080.jpg');\">\r\n\t\t\t\t<div class=\"container\">\r\n\t\t\t\t\t<div class=\"row\">\r\n\t\t\t\t\t\t<div class=\"col-sm-12\">\r\n\t\t\t\t\t\t\t<span class=\"subtitle\">High altitude wellness<\/span>\r\n\t\t\t\t\t\t\t<h2>Wellness in all its forms<\/h2>\r\n\t\t\t\t\t\t\t<a class=\"button hvr-outline-out\" href=\"\/en\/what-to-do\/high-altitude-wellness\/\">Discover<\/a>\t\t\t\t\t\t\t\r\n\t\t\t\t\t\t<\/div>\r\n\t\t\t\t\t<\/div>\r\n\t\t\t\t<\/div>\r\n\t\t\t<\/div>\r\n\t\t<\/div>\r\n\t\t<\/div>\n\n<div class=\"block block-genesis-custom-blocks-image-texte\">\r\n\t\t\t<div class=\"container-fluid full-width image-droite fond-blanc\">\r\n\t\t\t\t<div class=\"row\">\r\n\t\t\t\t\t<div class=\"col-lg-6\">\r\n\t\t\t\t\t\t<div class=\"conteneur\">\r\n\t\t\t\t\t\t\t<span class=\"subtitle\"><\/span>\r\n\t\t\t\t\t\t\t<h2>More and more leisure activities<\/h2>\r\n\t\t\t\t\t\t\t<div><p>Spend a cheerful moment at the <a rel=\"noreferrer noopener\" aria-label=\"Lac des \u00c9coles (s\u2019ouvre dans un nouvel onglet)\" href=\"https:\/\/www.lesgets.com\/en\/what-to-do\/summer-activities\/sports-activities\/swimming-lake\/\" target=\"_blank\"><strong>Lac des \u00c9coles<\/strong><\/a>, a high altitude lake surrounded by large grassy beaches with a superb view of the mountains.<\/p>\n<p>While the grown-ups are lounging on a deckchair by the water, the younger ones can enjoy the <a rel=\"noreferrer noopener\" aria-label=\"Wibit water park (s\u2019ouvre dans un nouvel onglet)\" href=\"https:\/\/www.lesgets.com\/en\/what-to-do\/summer-activities\/sports-activities\/wibit\/\" target=\"_blank\"><strong>Wibit water park<\/strong><\/a> with its slides and inflatable water slides under the supervision of lifeguards. <\/p>\n<p>And why not finish the day with a game of tennis, p\u00e9tanque or bowling with family or friends ?<\/p>\n<p>Another option: after a day in fresh air, you might want to enjoy <a rel=\"noreferrer noopener\" aria-label=\"a wellness moment (s\u2019ouvre dans un nouvel onglet)\" href=\"https:\/\/www.lesgets.com\/en\/what-to-do\/high-altitude-wellness\/\" target=\"_blank\"><strong>a wellness momen<\/strong>t<\/a> at the spa, a relaxing massage or a yoga session in the open air facing the mountains. <\/p>\n<\/div>\r\n                                                            <a class=\"button hvr-outline-out\" href=\"https:\/\/www.lesgets.com\/en\/what-to-do\/summer-activities\/sports-activities\/\">Discover<\/a>\r\n                            \t\t\t\t\t\t<\/div>\r\n\t\t\t\t\t<\/div>\r\n\t\t\t\t\t<div class=\"col-lg-6\">\r\n\t\t\t\t\t\t<div class=\"image\" style=\"background-image:url('https:\/\/www.lesgets.com\/wp\/..\/app\/uploads\/2021\/04\/2020_08_27_Lac_Ecoles_Famille_Lesgets_Mel_Carle_5966_LD-960x1080.jpg');\"><\/div>\r\n\t\t\t\t\t<\/div>\r\n\t\t\t\t<\/div>\r\n\t\t\t<\/div>\r\n\t\t\t<\/div>\n\n<div class=\"block block-genesis-custom-blocks-image-texte\">\r\n\t\t    <div class=\"container-fluid full-width image-gauche fond-blanc\">\r\n\t\t\t\t<div class=\"row\">\r\n\t\t\t\t\t<div class=\"col-lg-6\">\r\n\t\t\t\t\t\t<div class=\"image\" style=\"background-image:url('https:\/\/www.lesgets.com\/wp\/..\/app\/uploads\/2020\/05\/LesGets_2018_JardinPe\u0300reDelavay_V.Ducrettet_01-960x1080.jpg');\"><\/div>\r\n\t\t\t\t\t<\/div>\r\n\t\t\t\t\t<div class=\"col-lg-6\">\r\n\t\t\t\t\t\t<div class=\"conteneur\">\r\n\t\t\t\t\t\t\t<span class=\"subtitle\"><\/span>\r\n\t\t\t\t\t\t\t<h2>A priceless heritage<\/h2>\r\n\t\t\t\t\t\t\t<div><p>Les Gets resort has a unique venue in Europe, the Museum of Mechanical Music, whose 800 instruments, some of which date from the 17th century, are all in working order to the delight of visitors. <\/p>\n<p>Les Gets resort can also count on a rich heritage of biodiversity, as demonstrated by the protected geological site of the peatlands, labelled UNESCO Geopark Chablais and the P\u00e8re Delavay botanical garden which has contributed to the discovery of many new plant species. <\/p>\n<p>Other <a href=\"https:\/\/www.lesgets.com\/en\/what-to-do\/summer-activities\/cultural-activities-in-summer\/\" target=\"_blank\" rel=\"noreferrer noopener\" aria-label=\"cultural activities (s\u2019ouvre dans un nouvel onglet)\"><strong>cultural activities<\/strong><\/a> are also available in Les Gets, such as access to the library, the cinema, the Art&#8217;N&#8217;Chery gallery, etc.<\/p>\n<\/div>\r\n                            \t\t\t\t\t\t\t    <a class=\"button hvr-outline-out\" href=\"https:\/\/www.lesgets.com\/en\/what-to-do\/summer-activities\/heritage-in-summer\/\">Discover<\/a>\r\n                            \t\t\t\t\t\t<\/div>\r\n\t\t\t\t\t<\/div>\r\n\t\t\t\t<\/div>\r\n\t\t\t<\/div>\r\n\t\t\t<\/div>\n\n<div class=\"block block-core-spacer\">\n<div style=\"height:30px\" aria-hidden=\"true\" class=\"wp-block-spacer\"><\/div>\n<\/div>\n\n<div class=\"block block-genesis-custom-blocks-surtitre\"><span class=\"subtitle\">Multi Pass Portes du Soleil<\/span><\/div>\n\n<div class=\"block block-core-heading\">\n<h2 class=\"wp-block-heading\"><strong>Multi Pass :<\/strong> a unique pass for the whole family this summer<\/h2>\n<\/div>\n\n<p>Les Gets offers the best for a family summer holiday: marked trails, leisure area at the Lac des \u00c9coles (wibit), wooden horse-gear, discovery of the farm world, daycare centres&#8230;<\/p>\n<p>With the Multi Pass, no less than 60 activities await you in the 12 village-resorts of the Portes du Soleil !<\/p>\n\n<div class=\"block block-core-spacer\">\n<div style=\"height:20px\" aria-hidden=\"true\" class=\"wp-block-spacer\"><\/div>\n<\/div>\n\n\n<figure class=\"wp-block-gallery has-nested-images columns-2 is-cropped wp-block-gallery-1 is-layout-flex wp-block-gallery-is-layout-flex\">\n<figure class=\"wp-block-image size-large\"><img loading=\"lazy\" decoding=\"async\" width=\"1631\" height=\"1080\" data-id=\"10846\" src=\"https:\/\/www.lesgets.com\/app\/uploads\/2020\/05\/LesGets_2016_animations_V.Ducrettet_02.jpg\" alt=\"Mom and kid creating a wooden piece during a workshop\" class=\"wp-image-10846\" srcset=\"https:\/\/www.lesgets.com\/wp\/..\/app\/uploads\/2020\/05\/LesGets_2016_animations_V.Ducrettet_02.jpg 1631w, https:\/\/www.lesgets.com\/wp\/..\/app\/uploads\/2020\/05\/LesGets_2016_animations_V.Ducrettet_02-768x509.jpg 768w, https:\/\/www.lesgets.com\/wp\/..\/app\/uploads\/2020\/05\/LesGets_2016_animations_V.Ducrettet_02-1536x1017.jpg 1536w, https:\/\/www.lesgets.com\/wp\/..\/app\/uploads\/2020\/05\/LesGets_2016_animations_V.Ducrettet_02-960x636.jpg 960w\" sizes=\"auto, (max-width: 1631px) 100vw, 1631px\" \/><figcaption class=\"wp-element-caption\">Manual activities workshop<\/figcaption><\/figure>\n\n\n\n<figure class=\"wp-block-image size-large\"><img loading=\"lazy\" decoding=\"async\" width=\"1920\" height=\"1282\" data-id=\"17523\" src=\"https:\/\/www.lesgets.com\/wp\/..\/app\/uploads\/2020\/08\/LesGets_2016-Musee_Musique_Mecanique_Val_Ducrettet-3.jpg\" alt=\"\" class=\"wp-image-17523\" srcset=\"https:\/\/www.lesgets.com\/wp\/..\/app\/uploads\/2020\/08\/LesGets_2016-Musee_Musique_Mecanique_Val_Ducrettet-3.jpg 1920w, https:\/\/www.lesgets.com\/wp\/..\/app\/uploads\/2020\/08\/LesGets_2016-Musee_Musique_Mecanique_Val_Ducrettet-3-768x513.jpg 768w, https:\/\/www.lesgets.com\/wp\/..\/app\/uploads\/2020\/08\/LesGets_2016-Musee_Musique_Mecanique_Val_Ducrettet-3-1536x1026.jpg 1536w, https:\/\/www.lesgets.com\/wp\/..\/app\/uploads\/2020\/08\/LesGets_2016-Musee_Musique_Mecanique_Val_Ducrettet-3-960x641.jpg 960w\" sizes=\"auto, (max-width: 1920px) 100vw, 1920px\" \/><figcaption class=\"wp-element-caption\">Mechanical Music Museum<\/figcaption><\/figure>\n<\/figure>\n\n\n<div class=\"block block-core-columns\">\n<div class=\"wp-block-columns is-layout-flex wp-container-core-columns-is-layout-9d6595d7 wp-block-columns-is-layout-flex\"><div class=\"block block-core-column\">\n<div class=\"wp-block-column is-layout-flow wp-block-column-is-layout-flow\"><div class=\"block block-core-button\">\n<div class=\"wp-block-button\"><a class=\"wp-block-button__link wp-element-button\" href=\"https:\/\/www.lesgets.com\/en\/the-multi-pass-portes-du-soleil\/\">What is The Multi Pass ?<\/a><\/div>\n<\/div><\/div>\n<\/div>\n\n<div class=\"block block-core-column\">\n<div class=\"wp-block-column is-layout-flow wp-block-column-is-layout-flow\"><div class=\"block block-core-button\">\n<div class=\"wp-block-button\"><a class=\"wp-block-button__link wp-element-button\" href=\"https:\/\/www.lesgets.com\/en\/what-to-do\/summer-activities\/childrens-summer-activities\/\">Children&#8217;s summer activities<\/a><\/div>\n<\/div><\/div>\n<\/div><\/div>\n<\/div>\n\n<div class=\"block block-core-spacer\">\n<div style=\"height:50px\" aria-hidden=\"true\" class=\"wp-block-spacer\"><\/div>\n<\/div>","protected":false},"excerpt":{"rendered":"<p>Whatever your interests, succumb to your desires in the wonderfully diverse mountain area of Les Gets: hiking, MTB, cycling, 18-hole golf course, trail, swimming lake&#8230;<\/p>\n","protected":false},"author":1,"featured_media":11009,"parent":12281,"menu_order":0,"comment_status":"closed","ping_status":"closed","template":"","meta":{"_acf_changed":false,"footnotes":""},"class_list":["post-12211","page","type-page","status-publish","has-post-thumbnail","hentry"],"acf":[],"yoast_head":"<!-- This site is optimized with the Yoast SEO plugin v27.2 - https:\/\/yoast.com\/product\/yoast-seo-wordpress\/ -->\n<title>Summer activities - Sports and leisure during your stay in Les Gets<\/title>\n<meta name=\"description\" content=\"Whatever your interests, succumb to your desires in the wonderfully diverse mountain area of Les Gets: hiking, MTB, 18-hole golf course opposite Mont Blanc, swimming lake...\" \/>\n<meta name=\"robots\" content=\"index, follow, max-snippet:-1, max-image-preview:large, max-video-preview:-1\" \/>\n<link rel=\"canonical\" href=\"https:\/\/www.lesgets.com\/en\/what-to-do\/summer-activities\/\" \/>\n<meta property=\"og:locale\" content=\"en_US\" \/>\n<meta property=\"og:type\" content=\"article\" \/>\n<meta property=\"og:title\" content=\"Summer activities - Sports and leisure during your stay in Les Gets\" \/>\n<meta property=\"og:description\" content=\"Whatever your interests, succumb to your desires in the wonderfully diverse mountain area of Les Gets: hiking, MTB, 18-hole golf course opposite Mont Blanc, swimming lake...\" \/>\n<meta property=\"og:url\" content=\"https:\/\/www.lesgets.com\/en\/what-to-do\/summer-activities\/\" \/>\n<meta property=\"og:site_name\" content=\"Les Gets\" \/>\n<meta property=\"article:modified_time\" content=\"2024-08-12T12:23:56+00:00\" \/>\n<meta property=\"og:image\" content=\"https:\/\/www.lesgets.com\/wp\/..\/app\/uploads\/2020\/05\/LesGets_2019_famille_Keno.Photographie_08.jpg\" \/>\n\t<meta property=\"og:image:width\" content=\"640\" \/>\n\t<meta property=\"og:image:height\" content=\"427\" \/>\n\t<meta property=\"og:image:type\" content=\"image\/jpeg\" \/>\n<meta name=\"twitter:card\" content=\"summary_large_image\" \/>\n<meta name=\"twitter:label1\" content=\"Est. reading time\" \/>\n\t<meta name=\"twitter:data1\" content=\"2 minutes\" \/>\n<script type=\"application\/ld+json\" class=\"yoast-schema-graph\">{\"@context\":\"https:\/\/schema.org\",\"@graph\":[{\"@type\":\"WebPage\",\"@id\":\"https:\/\/www.lesgets.com\/en\/what-to-do\/summer-activities\/\",\"url\":\"https:\/\/www.lesgets.com\/en\/what-to-do\/summer-activities\/\",\"name\":\"Summer activities - Sports and leisure during your stay in Les Gets\",\"isPartOf\":{\"@id\":\"https:\/\/www.lesgets.com\/en\/#website\"},\"primaryImageOfPage\":{\"@id\":\"https:\/\/www.lesgets.com\/en\/what-to-do\/summer-activities\/#primaryimage\"},\"image\":{\"@id\":\"https:\/\/www.lesgets.com\/en\/what-to-do\/summer-activities\/#primaryimage\"},\"thumbnailUrl\":\"https:\/\/www.lesgets.com\/wp\/..\/app\/uploads\/2020\/05\/LesGets_2019_famille_Keno.Photographie_08.jpg\",\"datePublished\":\"2020-05-29T08:55:23+00:00\",\"dateModified\":\"2024-08-12T12:23:56+00:00\",\"description\":\"Whatever your interests, succumb to your desires in the wonderfully diverse mountain area of Les Gets: hiking, MTB, 18-hole golf course opposite Mont Blanc, swimming lake...\",\"breadcrumb\":{\"@id\":\"https:\/\/www.lesgets.com\/en\/what-to-do\/summer-activities\/#breadcrumb\"},\"inLanguage\":\"en-US\",\"potentialAction\":[{\"@type\":\"ReadAction\",\"target\":[\"https:\/\/www.lesgets.com\/en\/what-to-do\/summer-activities\/\"]}]},{\"@type\":\"ImageObject\",\"inLanguage\":\"en-US\",\"@id\":\"https:\/\/www.lesgets.com\/en\/what-to-do\/summer-activities\/#primaryimage\",\"url\":\"https:\/\/www.lesgets.com\/wp\/..\/app\/uploads\/2020\/05\/LesGets_2019_famille_Keno.Photographie_08.jpg\",\"contentUrl\":\"https:\/\/www.lesgets.com\/wp\/..\/app\/uploads\/2020\/05\/LesGets_2019_famille_Keno.Photographie_08.jpg\",\"width\":1618,\"height\":1080,\"caption\":\"Famille faisant du v\u00e9lo dans la nature en \u00e9t\u00e9\"},{\"@type\":\"BreadcrumbList\",\"@id\":\"https:\/\/www.lesgets.com\/en\/what-to-do\/summer-activities\/#breadcrumb\",\"itemListElement\":[{\"@type\":\"ListItem\",\"position\":1,\"name\":\"Home\",\"item\":\"https:\/\/www.lesgets.com\/en\/\"},{\"@type\":\"ListItem\",\"position\":2,\"name\":\"What to do?\",\"item\":\"https:\/\/www.lesgets.com\/en\/what-to-do\/\"},{\"@type\":\"ListItem\",\"position\":3,\"name\":\"Summer activities\"}]},{\"@type\":\"WebSite\",\"@id\":\"https:\/\/www.lesgets.com\/en\/#website\",\"url\":\"https:\/\/www.lesgets.com\/en\/\",\"name\":\"Les Gets\",\"description\":\"\",\"publisher\":{\"@id\":\"https:\/\/www.lesgets.com\/en\/#organization\"},\"potentialAction\":[{\"@type\":\"SearchAction\",\"target\":{\"@type\":\"EntryPoint\",\"urlTemplate\":\"https:\/\/www.lesgets.com\/en\/?s={search_term_string}\"},\"query-input\":{\"@type\":\"PropertyValueSpecification\",\"valueRequired\":true,\"valueName\":\"search_term_string\"}}],\"inLanguage\":\"en-US\"},{\"@type\":\"Organization\",\"@id\":\"https:\/\/www.lesgets.com\/en\/#organization\",\"name\":\"Les Gets\",\"url\":\"https:\/\/www.lesgets.com\/en\/\",\"logo\":{\"@type\":\"ImageObject\",\"inLanguage\":\"en-US\",\"@id\":\"https:\/\/www.lesgets.com\/en\/#\/schema\/logo\/image\/\",\"url\":\"https:\/\/www.lesgets.com\/wp\/..\/app\/uploads\/2020\/06\/logo_lesgets.png\",\"contentUrl\":\"https:\/\/www.lesgets.com\/wp\/..\/app\/uploads\/2020\/06\/logo_lesgets.png\",\"width\":136,\"height\":115,\"caption\":\"Les Gets\"},\"image\":{\"@id\":\"https:\/\/www.lesgets.com\/en\/#\/schema\/logo\/image\/\"}}]}<\/script>\n<!-- \/ Yoast SEO plugin. -->","yoast_head_json":{"title":"Summer activities - Sports and leisure during your stay in Les Gets","description":"Whatever your interests, succumb to your desires in the wonderfully diverse mountain area of Les Gets: hiking, MTB, 18-hole golf course opposite Mont Blanc, swimming lake...","robots":{"index":"index","follow":"follow","max-snippet":"max-snippet:-1","max-image-preview":"max-image-preview:large","max-video-preview":"max-video-preview:-1"},"canonical":"https:\/\/www.lesgets.com\/en\/what-to-do\/summer-activities\/","og_locale":"en_US","og_type":"article","og_title":"Summer activities - Sports and leisure during your stay in Les Gets","og_description":"Whatever your interests, succumb to your desires in the wonderfully diverse mountain area of Les Gets: hiking, MTB, 18-hole golf course opposite Mont Blanc, swimming lake...","og_url":"https:\/\/www.lesgets.com\/en\/what-to-do\/summer-activities\/","og_site_name":"Les Gets","article_modified_time":"2024-08-12T12:23:56+00:00","og_image":[{"url":"https:\/\/www.lesgets.com\/wp\/..\/app\/uploads\/2020\/05\/LesGets_2019_famille_Keno.Photographie_08.jpg","width":640,"height":427,"type":"image\/jpeg"}],"twitter_card":"summary_large_image","twitter_misc":{"Est. reading time":"2 minutes"},"schema":{"@context":"https:\/\/schema.org","@graph":[{"@type":"WebPage","@id":"https:\/\/www.lesgets.com\/en\/what-to-do\/summer-activities\/","url":"https:\/\/www.lesgets.com\/en\/what-to-do\/summer-activities\/","name":"Summer activities - Sports and leisure during your stay in Les Gets","isPartOf":{"@id":"https:\/\/www.lesgets.com\/en\/#website"},"primaryImageOfPage":{"@id":"https:\/\/www.lesgets.com\/en\/what-to-do\/summer-activities\/#primaryimage"},"image":{"@id":"https:\/\/www.lesgets.com\/en\/what-to-do\/summer-activities\/#primaryimage"},"thumbnailUrl":"https:\/\/www.lesgets.com\/wp\/..\/app\/uploads\/2020\/05\/LesGets_2019_famille_Keno.Photographie_08.jpg","datePublished":"2020-05-29T08:55:23+00:00","dateModified":"2024-08-12T12:23:56+00:00","description":"Whatever your interests, succumb to your desires in the wonderfully diverse mountain area of Les Gets: hiking, MTB, 18-hole golf course opposite Mont Blanc, swimming lake...","breadcrumb":{"@id":"https:\/\/www.lesgets.com\/en\/what-to-do\/summer-activities\/#breadcrumb"},"inLanguage":"en-US","potentialAction":[{"@type":"ReadAction","target":["https:\/\/www.lesgets.com\/en\/what-to-do\/summer-activities\/"]}]},{"@type":"ImageObject","inLanguage":"en-US","@id":"https:\/\/www.lesgets.com\/en\/what-to-do\/summer-activities\/#primaryimage","url":"https:\/\/www.lesgets.com\/wp\/..\/app\/uploads\/2020\/05\/LesGets_2019_famille_Keno.Photographie_08.jpg","contentUrl":"https:\/\/www.lesgets.com\/wp\/..\/app\/uploads\/2020\/05\/LesGets_2019_famille_Keno.Photographie_08.jpg","width":1618,"height":1080,"caption":"Famille faisant du v\u00e9lo dans la nature en \u00e9t\u00e9"},{"@type":"BreadcrumbList","@id":"https:\/\/www.lesgets.com\/en\/what-to-do\/summer-activities\/#breadcrumb","itemListElement":[{"@type":"ListItem","position":1,"name":"Home","item":"https:\/\/www.lesgets.com\/en\/"},{"@type":"ListItem","position":2,"name":"What to do?","item":"https:\/\/www.lesgets.com\/en\/what-to-do\/"},{"@type":"ListItem","position":3,"name":"Summer activities"}]},{"@type":"WebSite","@id":"https:\/\/www.lesgets.com\/en\/#website","url":"https:\/\/www.lesgets.com\/en\/","name":"Les Gets","description":"","publisher":{"@id":"https:\/\/www.lesgets.com\/en\/#organization"},"potentialAction":[{"@type":"SearchAction","target":{"@type":"EntryPoint","urlTemplate":"https:\/\/www.lesgets.com\/en\/?s={search_term_string}"},"query-input":{"@type":"PropertyValueSpecification","valueRequired":true,"valueName":"search_term_string"}}],"inLanguage":"en-US"},{"@type":"Organization","@id":"https:\/\/www.lesgets.com\/en\/#organization","name":"Les Gets","url":"https:\/\/www.lesgets.com\/en\/","logo":{"@type":"ImageObject","inLanguage":"en-US","@id":"https:\/\/www.lesgets.com\/en\/#\/schema\/logo\/image\/","url":"https:\/\/www.lesgets.com\/wp\/..\/app\/uploads\/2020\/06\/logo_lesgets.png","contentUrl":"https:\/\/www.lesgets.com\/wp\/..\/app\/uploads\/2020\/06\/logo_lesgets.png","width":136,"height":115,"caption":"Les Gets"},"image":{"@id":"https:\/\/www.lesgets.com\/en\/#\/schema\/logo\/image\/"}}]}},"featured_image_src":"https:\/\/www.lesgets.com\/wp\/..\/app\/uploads\/2020\/05\/LesGets_2019_famille_Keno.Photographie_08.jpg","featured_image_src_square":"https:\/\/www.lesgets.com\/wp\/..\/app\/uploads\/2020\/05\/LesGets_2019_famille_Keno.Photographie_08.jpg","_links":{"self":[{"href":"https:\/\/www.lesgets.com\/en\/wp-json\/wp\/v2\/pages\/12211","targetHints":{"allow":["GET"]}}],"collection":[{"href":"https:\/\/www.lesgets.com\/en\/wp-json\/wp\/v2\/pages"}],"about":[{"href":"https:\/\/www.lesgets.com\/en\/wp-json\/wp\/v2\/types\/page"}],"author":[{"embeddable":true,"href":"https:\/\/www.lesgets.com\/en\/wp-json\/wp\/v2\/users\/1"}],"replies":[{"embeddable":true,"href":"https:\/\/www.lesgets.com\/en\/wp-json\/wp\/v2\/comments?post=12211"}],"version-history":[{"count":5,"href":"https:\/\/www.lesgets.com\/en\/wp-json\/wp\/v2\/pages\/12211\/revisions"}],"predecessor-version":[{"id":49029,"href":"https:\/\/www.lesgets.com\/en\/wp-json\/wp\/v2\/pages\/12211\/revisions\/49029"}],"up":[{"embeddable":true,"href":"https:\/\/www.lesgets.com\/en\/wp-json\/wp\/v2\/pages\/12281"}],"wp:featuredmedia":[{"embeddable":true,"href":"https:\/\/www.lesgets.com\/en\/wp-json\/wp\/v2\/media\/11009"}],"wp:attachment":[{"href":"https:\/\/www.lesgets.com\/en\/wp-json\/wp\/v2\/media?parent=12211"}],"curies":[{"name":"wp","href":"https:\/\/api.w.org\/{rel}","templated":true}]}}