{"id":12316,"date":"2020-05-30T10:21:51","date_gmt":"2020-05-30T08:21:51","guid":{"rendered":"http:\/\/les-gets.votre-projet.com\/what-to-do\/high-altitude-wellness\/"},"modified":"2025-10-30T15:39:06","modified_gmt":"2025-10-30T14:39:06","slug":"high-altitude-wellness","status":"publish","type":"page","link":"https:\/\/www.lesgets.com\/en\/what-to-do\/high-altitude-wellness\/","title":{"rendered":"High altitude wellness"},"content":{"rendered":"<div class=\"block block-core-spacer\">\n<div style=\"height:30px\" aria-hidden=\"true\" class=\"wp-block-spacer\"><\/div>\n<\/div>\n\n<p>Relaxing and spending time together as a family in a warm, friendly atmosphere, enjoying well-being breaks, lazing about on a sunny terrace, recharge your batteries, strengthening your health and lighten your mind\u2026 Isn\u2019t that what holidays are all about ?<\/p>\n<p>In this section &#8220;High altitude wellness&#8221;, we offer you a wide range of activities that are good for your body and soul!<\/p>\n\n<div class=\"block block-core-spacer\">\n<div style=\"height:30px\" aria-hidden=\"true\" class=\"wp-block-spacer\"><\/div>\n<\/div>\n\n<div class=\"block block-core-heading\">\n<h2 class=\"wp-block-heading\">Spas<\/h2>\n<\/div>\n\n<div class=\"block block-core-spacer\">\n<div style=\"height:20px\" aria-hidden=\"true\" class=\"wp-block-spacer\"><\/div>\n<\/div>\n\n<div class=\"block block-core-columns\">\n<div class=\"wp-block-columns is-layout-flex wp-container-core-columns-is-layout-9d6595d7 wp-block-columns-is-layout-flex\"><div class=\"block block-core-column\">\n<div class=\"wp-block-column is-layout-flow wp-block-column-is-layout-flow\" style=\"flex-basis:40%\"><div class=\"wp-block-image\">\n<figure class=\"alignleft size-full is-resized\"><img loading=\"lazy\" decoding=\"async\" width=\"2560\" height=\"1707\" src=\"https:\/\/www.lesgets.com\/wp\/..\/app\/uploads\/2024\/10\/2019_11_28_SPA_Sources_Du_Chery_Piscine_Lesgets_Jean_Baptiste_Premat_2-scaled.jpg\" alt=\"\" class=\"wp-image-50562\" style=\"width:350px\" srcset=\"https:\/\/www.lesgets.com\/wp\/..\/app\/uploads\/2024\/10\/2019_11_28_SPA_Sources_Du_Chery_Piscine_Lesgets_Jean_Baptiste_Premat_2-scaled.jpg 2560w, https:\/\/www.lesgets.com\/wp\/..\/app\/uploads\/2024\/10\/2019_11_28_SPA_Sources_Du_Chery_Piscine_Lesgets_Jean_Baptiste_Premat_2-768x512.jpg 768w, https:\/\/www.lesgets.com\/wp\/..\/app\/uploads\/2024\/10\/2019_11_28_SPA_Sources_Du_Chery_Piscine_Lesgets_Jean_Baptiste_Premat_2-1536x1024.jpg 1536w, https:\/\/www.lesgets.com\/wp\/..\/app\/uploads\/2024\/10\/2019_11_28_SPA_Sources_Du_Chery_Piscine_Lesgets_Jean_Baptiste_Premat_2-2048x1365.jpg 2048w, https:\/\/www.lesgets.com\/wp\/..\/app\/uploads\/2024\/10\/2019_11_28_SPA_Sources_Du_Chery_Piscine_Lesgets_Jean_Baptiste_Premat_2-600x400.jpg 600w, https:\/\/www.lesgets.com\/wp\/..\/app\/uploads\/2024\/10\/2019_11_28_SPA_Sources_Du_Chery_Piscine_Lesgets_Jean_Baptiste_Premat_2-960x640.jpg 960w\" sizes=\"auto, (max-width: 2560px) 100vw, 2560px\" \/><figcaption class=\"wp-element-caption\">Sources du Ch\u00e9ry<\/figcaption><\/figure>\n<\/div><\/div>\n<\/div>\n\n<div class=\"block block-core-column\">\n<div class=\"wp-block-column is-layout-flow wp-block-column-is-layout-flow\" style=\"flex-basis:50%\"><div class=\"wp-block-image\">\n<figure class=\"alignright size-large is-resized\"><img loading=\"lazy\" decoding=\"async\" width=\"2250\" height=\"1500\" src=\"https:\/\/www.lesgets.com\/app\/uploads\/2020\/05\/LesGets_2019_spas_KenoDerleyn_04.jpg\" alt=\"Trois personnes assis avec des peignoirs les pieds dans l'eau\" class=\"wp-image-7243\" style=\"width:350px\" srcset=\"https:\/\/www.lesgets.com\/wp\/..\/app\/uploads\/2020\/05\/LesGets_2019_spas_KenoDerleyn_04.jpg 2250w, https:\/\/www.lesgets.com\/wp\/..\/app\/uploads\/2020\/05\/LesGets_2019_spas_KenoDerleyn_04-768x512.jpg 768w, https:\/\/www.lesgets.com\/wp\/..\/app\/uploads\/2020\/05\/LesGets_2019_spas_KenoDerleyn_04-1536x1024.jpg 1536w, https:\/\/www.lesgets.com\/wp\/..\/app\/uploads\/2020\/05\/LesGets_2019_spas_KenoDerleyn_04-2048x1365.jpg 2048w, https:\/\/www.lesgets.com\/wp\/..\/app\/uploads\/2020\/05\/LesGets_2019_spas_KenoDerleyn_04-960x640.jpg 960w\" sizes=\"auto, (max-width: 2250px) 100vw, 2250px\" \/><figcaption class=\"wp-element-caption\">S\u00e9r\u00e9ni Cimes<\/figcaption><\/figure>\n<\/div><\/div>\n<\/div><\/div>\n<\/div>\n\n<div class=\"block block-core-spacer\">\n<div style=\"height:30px\" aria-hidden=\"true\" class=\"wp-block-spacer\"><\/div>\n<\/div>\n\n<p>Live to the rhythm of the gentle mountains, offering you wellness breaks and unique moments of relaxation. At the Spas <strong>Les Sources du Ch\u00e9ry, S\u00e9r\u00e9ni Cimes and Sapana Spa,<\/strong> we promise you intimate and authentic experiences.<\/p>\n<p>Beautiful natural and refined spaces with swimming pools, waterfalls and sensory showers, steam baths, saunas, whirlpools&#8230; as well as a range of treatments and massages carefully elaborated according to protocols and with products Made in France.<\/p>\n\n<div class=\"block block-core-buttons\">\n<div class=\"wp-block-buttons is-content-justification-center is-layout-flex wp-container-core-buttons-is-layout-16018d1d wp-block-buttons-is-layout-flex\"><div class=\"block block-core-button\">\n<div class=\"wp-block-button\"><a class=\"wp-block-button__link wp-element-button\" href=\"https:\/\/www.lesgets.com\/en\/what-to-do\/high-altitude-wellness\/spas\/\">Discover<\/a><\/div>\n<\/div><\/div>\n<\/div>\n\n<div class=\"block block-core-spacer\">\n<div style=\"height:30px\" aria-hidden=\"true\" class=\"wp-block-spacer\"><\/div>\n<\/div>\n\n<div class=\"block block-core-heading\">\n<h2 class=\"wp-block-heading\">Massages and body treatments<\/h2>\n<\/div>\n\n\n<figure class=\"wp-block-gallery has-nested-images columns-default is-cropped wp-block-gallery-1 is-layout-flex wp-block-gallery-is-layout-flex\">\n<figure class=\"wp-block-image size-large\"><img loading=\"lazy\" decoding=\"async\" width=\"1920\" height=\"1280\" data-id=\"21534\" src=\"https:\/\/www.lesgets.com\/wp\/..\/app\/uploads\/2020\/10\/2020_08_13_SPA_Sources_Du_Chery_Lesgets_David_Machet_P9868.jpg\" alt=\"\" class=\"wp-image-21534\" srcset=\"https:\/\/www.lesgets.com\/wp\/..\/app\/uploads\/2020\/10\/2020_08_13_SPA_Sources_Du_Chery_Lesgets_David_Machet_P9868.jpg 1920w, https:\/\/www.lesgets.com\/wp\/..\/app\/uploads\/2020\/10\/2020_08_13_SPA_Sources_Du_Chery_Lesgets_David_Machet_P9868-768x512.jpg 768w, https:\/\/www.lesgets.com\/wp\/..\/app\/uploads\/2020\/10\/2020_08_13_SPA_Sources_Du_Chery_Lesgets_David_Machet_P9868-1536x1024.jpg 1536w, https:\/\/www.lesgets.com\/wp\/..\/app\/uploads\/2020\/10\/2020_08_13_SPA_Sources_Du_Chery_Lesgets_David_Machet_P9868-960x640.jpg 960w\" sizes=\"auto, (max-width: 1920px) 100vw, 1920px\" \/><\/figure>\n\n\n\n<figure class=\"wp-block-image size-large\"><img loading=\"lazy\" decoding=\"async\" width=\"2250\" height=\"1500\" data-id=\"7264\" src=\"https:\/\/www.lesgets.com\/wp\/..\/app\/uploads\/2020\/05\/LesGets_2019_spas_KenoDerleyn_07.jpg\" alt=\"Femme se faisant masser le dos\" class=\"wp-image-7264\" srcset=\"https:\/\/www.lesgets.com\/wp\/..\/app\/uploads\/2020\/05\/LesGets_2019_spas_KenoDerleyn_07.jpg 2250w, https:\/\/www.lesgets.com\/wp\/..\/app\/uploads\/2020\/05\/LesGets_2019_spas_KenoDerleyn_07-768x512.jpg 768w, https:\/\/www.lesgets.com\/wp\/..\/app\/uploads\/2020\/05\/LesGets_2019_spas_KenoDerleyn_07-1536x1024.jpg 1536w, https:\/\/www.lesgets.com\/wp\/..\/app\/uploads\/2020\/05\/LesGets_2019_spas_KenoDerleyn_07-2048x1365.jpg 2048w, https:\/\/www.lesgets.com\/wp\/..\/app\/uploads\/2020\/05\/LesGets_2019_spas_KenoDerleyn_07-960x640.jpg 960w\" sizes=\"auto, (max-width: 2250px) 100vw, 2250px\" \/><\/figure>\n<\/figure>\n\n\n<div class=\"block block-core-spacer\">\n<div style=\"height:30px\" aria-hidden=\"true\" class=\"wp-block-spacer\"><\/div>\n<\/div>\n\n<p>Immerse yourself in a cocoon of softness thanks to the know-how and expert hands of the resort&#8217;s professionals. Massages, scrubs, body modelling, facials using carefully selected natural products, but also nail and hair care&#8230;<\/p>\n<p>A world of absolute relaxation awaits you in Les Gets !<\/p>\n\n<div class=\"block block-core-columns\">\n<div class=\"wp-block-columns is-layout-flex wp-container-core-columns-is-layout-9d6595d7 wp-block-columns-is-layout-flex\"><div class=\"block block-core-column\">\n<div class=\"wp-block-column is-layout-flow wp-block-column-is-layout-flow\"><div class=\"block block-core-button\">\n<div class=\"wp-block-button\"><a class=\"wp-block-button__link wp-element-button\" href=\"https:\/\/www.lesgets.com\/en\/what-to-do\/high-altitude-wellness\/massages-and-body-treatments\/\" target=\"_blank\" rel=\"noreferrer noopener\">Massages<\/a><\/div>\n<\/div><\/div>\n<\/div>\n\n<div class=\"block block-core-column\">\n<div class=\"wp-block-column is-layout-flow wp-block-column-is-layout-flow\"><div class=\"block block-core-button\">\n<div class=\"wp-block-button\"><a class=\"wp-block-button__link wp-element-button\" href=\"https:\/\/www.lesgets.com\/what-to-do\/high-altitude-wellness\/hairdressers-and-barbers\/\" target=\"_blank\" rel=\"noreferrer noopener\">Hairdressers<\/a><\/div>\n<\/div><\/div>\n<\/div>\n\n<div class=\"block block-core-column\">\n<div class=\"wp-block-column is-layout-flow wp-block-column-is-layout-flow\"><div class=\"block block-core-buttons\">\n<div class=\"wp-block-buttons is-content-justification-center is-layout-flex wp-container-core-buttons-is-layout-16018d1d wp-block-buttons-is-layout-flex\"><div class=\"block block-core-button\">\n<div class=\"wp-block-button\"><a class=\"wp-block-button__link wp-element-button\" href=\"https:\/\/www.lesgets.com\/en\/what-to-do\/high-altitude-wellness\/beauty-and-cosmetics\/\">Cosmetics<\/a><\/div>\n<\/div><\/div>\n<\/div><\/div>\n<\/div><\/div>\n<\/div>\n\n<div class=\"block block-core-spacer\">\n<div style=\"height:30px\" aria-hidden=\"true\" class=\"wp-block-spacer\"><\/div>\n<\/div>\n\n<div class=\"block block-genesis-custom-blocks-image-full-texte\">\t    <div class=\"container-fluid texte-gauche\" style=\"background-image: url('https:\/\/www.lesgets.com\/wp\/..\/app\/uploads\/2024\/10\/2019_02_18_montagne_yoga_sunset_Keno_Derleyn_DSC04024-1920x1080.jpg') \">\n\t\t\t<div class=\"row\">\n\t\t\t\t<div class=\"col-lg-6\">\n\t\t\t\t\t<span class=\"subtitle\"><\/span>\n\t\t\t\t\t<h2>Yoga<\/h2>\n\t\t\t\t\t<div class=\"description\"><p>Sun Salutation facing the Mont Blanc or on the edge of a mountain lake, reconnecting with nature, gentle postures, dynamic practices and stretching&#8230; <\/p>\n<p>Discover yoga in Les Gets as you\u2019ve never practiced it before during relaxing sessions in idyllic settings.  \u00a0<\/p>\n<p>Several formulas are offered by different service providers:\u00a0 <\/p>\n<p> &#8211; Energising session at sunrise <\/p>\n<p> &#8211; Relaxing session at sunset <\/p>\n<p> &#8211; Family session on the edge of a mountain lake <\/p>\n<\/div>\n                    \t\t\t\t\t    <a class=\"button button-ghost hvr-outline-in\" href=\"https:\/\/www.lesgets.com\/en\/what-to-do\/high-altitude-wellness\/yoga\/\">Breathe in and out<\/a>\n                    \t\t\t\t<\/div>\n\t\t\t<\/div>\n\t\t<\/div>\n\t\t\n<\/div>\n\n<div class=\"block block-core-spacer\">\n<div style=\"height:30px\" aria-hidden=\"true\" class=\"wp-block-spacer\"><\/div>\n<\/div>\n\n<div class=\"block block-core-heading\">\n<h2 class=\"wp-block-heading\">Fitness<\/h2>\n<\/div>\n\n<p>Need to get back into shape ? Do you want a cardio or weight training session, alone or in a group ? Several gyms are available in Les Gets and professionals are on hand to help you with your sports project.<\/p>\n\n<div class=\"block block-core-buttons\">\n<div class=\"wp-block-buttons is-content-justification-center is-layout-flex wp-container-core-buttons-is-layout-16018d1d wp-block-buttons-is-layout-flex\"><div class=\"block block-core-button\">\n<div class=\"wp-block-button\"><a class=\"wp-block-button__link wp-element-button\" href=\"https:\/\/www.lesgets.com\/en\/what-to-do\/summer-activities\/sports\/fitness\/\">Our gyms<\/a><\/div>\n<\/div><\/div>\n<\/div>\n\n<div class=\"block block-core-heading\">\n<h2 class=\"wp-block-heading\">Alternative medicines<\/h2>\n<\/div>\n\n<p>Practitioners of alternative medicine welcome you in Les Gets to help you take better care of your health. Osteopathy, naturopathy, reflexology, ayurvedic medicine&#8230; Alternative medicine is there to help you on a daily basis with your personal health and well-being.\u00a0<\/p>\n\n<div class=\"block block-core-buttons\">\n<div class=\"wp-block-buttons is-content-justification-center is-layout-flex wp-container-core-buttons-is-layout-16018d1d wp-block-buttons-is-layout-flex\"><div class=\"block block-core-button\">\n<div class=\"wp-block-button\"><a class=\"wp-block-button__link wp-element-button\" href=\"https:\/\/www.lesgets.com\/en\/what-to-do\/high-altitude-wellness\/alternative-medecine\/\">Discover<\/a><\/div>\n<\/div><\/div>\n<\/div>\n\n<div class=\"block block-core-spacer\">\n<div style=\"height:50px\" aria-hidden=\"true\" class=\"wp-block-spacer\"><\/div>\n<\/div>","protected":false},"excerpt":{"rendered":"<p>Live to the gentle rhythm of the mountains by offering you a wellness break and moments of relaxation: massages, body care, yoga, etc.<\/p>\n","protected":false},"author":1,"featured_media":76980,"parent":12281,"menu_order":3,"comment_status":"closed","ping_status":"closed","template":"","meta":{"_acf_changed":false,"footnotes":""},"class_list":["post-12316","page","type-page","status-publish","has-post-thumbnail","hentry"],"acf":[],"yoast_head":"<!-- This site is optimized with the Yoast SEO plugin v27.3 - https:\/\/yoast.com\/product\/yoast-seo-wordpress\/ -->\n<title>High altitude wellness - Relaxation - Les Gets<\/title>\n<meta name=\"description\" content=\"Live to the gentle rhythm of the mountains by offering you a wellness break and moments of relaxation: massages, body care, yoga, etc.\" \/>\n<meta name=\"robots\" content=\"index, follow, max-snippet:-1, max-image-preview:large, max-video-preview:-1\" \/>\n<link rel=\"canonical\" href=\"https:\/\/www.lesgets.com\/en\/what-to-do\/high-altitude-wellness\/\" \/>\n<meta property=\"og:locale\" content=\"en_US\" \/>\n<meta property=\"og:type\" content=\"article\" \/>\n<meta property=\"og:title\" content=\"High altitude wellness - Relaxation - Les Gets\" \/>\n<meta property=\"og:description\" content=\"Live to the gentle rhythm of the mountains by offering you a wellness break and moments of relaxation: massages, body care, yoga, etc.\" \/>\n<meta property=\"og:url\" content=\"https:\/\/www.lesgets.com\/en\/what-to-do\/high-altitude-wellness\/\" \/>\n<meta property=\"og:site_name\" content=\"Les Gets\" \/>\n<meta property=\"article:modified_time\" content=\"2025-10-30T14:39:06+00:00\" \/>\n<meta property=\"og:image\" content=\"https:\/\/www.lesgets.com\/wp\/..\/app\/uploads\/2025\/10\/2019_02_18_montagne_yoga_sunset_Keno_Derleyn_DSC04125.jpg\" \/>\n\t<meta property=\"og:image:width\" content=\"2000\" \/>\n\t<meta property=\"og:image:height\" content=\"1334\" \/>\n\t<meta property=\"og:image:type\" content=\"image\/jpeg\" \/>\n<meta name=\"twitter:card\" content=\"summary_large_image\" \/>\n<meta name=\"twitter:label1\" content=\"Est. reading time\" \/>\n\t<meta name=\"twitter:data1\" content=\"3 minutes\" \/>\n<script type=\"application\/ld+json\" class=\"yoast-schema-graph\">{\"@context\":\"https:\\\/\\\/schema.org\",\"@graph\":[{\"@type\":\"WebPage\",\"@id\":\"https:\\\/\\\/www.lesgets.com\\\/en\\\/what-to-do\\\/high-altitude-wellness\\\/\",\"url\":\"https:\\\/\\\/www.lesgets.com\\\/en\\\/what-to-do\\\/high-altitude-wellness\\\/\",\"name\":\"High altitude wellness - Relaxation - Les Gets\",\"isPartOf\":{\"@id\":\"https:\\\/\\\/www.lesgets.com\\\/en\\\/#website\"},\"primaryImageOfPage\":{\"@id\":\"https:\\\/\\\/www.lesgets.com\\\/en\\\/what-to-do\\\/high-altitude-wellness\\\/#primaryimage\"},\"image\":{\"@id\":\"https:\\\/\\\/www.lesgets.com\\\/en\\\/what-to-do\\\/high-altitude-wellness\\\/#primaryimage\"},\"thumbnailUrl\":\"https:\\\/\\\/www.lesgets.com\\\/wp\\\/..\\\/app\\\/uploads\\\/2025\\\/10\\\/2019_02_18_montagne_yoga_sunset_Keno_Derleyn_DSC04125.jpg\",\"datePublished\":\"2020-05-30T08:21:51+00:00\",\"dateModified\":\"2025-10-30T14:39:06+00:00\",\"description\":\"Live to the gentle rhythm of the mountains by offering you a wellness break and moments of relaxation: massages, body care, yoga, etc.\",\"breadcrumb\":{\"@id\":\"https:\\\/\\\/www.lesgets.com\\\/en\\\/what-to-do\\\/high-altitude-wellness\\\/#breadcrumb\"},\"inLanguage\":\"en-US\",\"potentialAction\":[{\"@type\":\"ReadAction\",\"target\":[\"https:\\\/\\\/www.lesgets.com\\\/en\\\/what-to-do\\\/high-altitude-wellness\\\/\"]}]},{\"@type\":\"ImageObject\",\"inLanguage\":\"en-US\",\"@id\":\"https:\\\/\\\/www.lesgets.com\\\/en\\\/what-to-do\\\/high-altitude-wellness\\\/#primaryimage\",\"url\":\"https:\\\/\\\/www.lesgets.com\\\/wp\\\/..\\\/app\\\/uploads\\\/2025\\\/10\\\/2019_02_18_montagne_yoga_sunset_Keno_Derleyn_DSC04125.jpg\",\"contentUrl\":\"https:\\\/\\\/www.lesgets.com\\\/wp\\\/..\\\/app\\\/uploads\\\/2025\\\/10\\\/2019_02_18_montagne_yoga_sunset_Keno_Derleyn_DSC04125.jpg\",\"width\":2000,\"height\":1334},{\"@type\":\"BreadcrumbList\",\"@id\":\"https:\\\/\\\/www.lesgets.com\\\/en\\\/what-to-do\\\/high-altitude-wellness\\\/#breadcrumb\",\"itemListElement\":[{\"@type\":\"ListItem\",\"position\":1,\"name\":\"Home\",\"item\":\"https:\\\/\\\/www.lesgets.com\\\/en\\\/\"},{\"@type\":\"ListItem\",\"position\":2,\"name\":\"What to do?\",\"item\":\"https:\\\/\\\/www.lesgets.com\\\/en\\\/what-to-do\\\/\"},{\"@type\":\"ListItem\",\"position\":3,\"name\":\"High altitude wellness\"}]},{\"@type\":\"WebSite\",\"@id\":\"https:\\\/\\\/www.lesgets.com\\\/en\\\/#website\",\"url\":\"https:\\\/\\\/www.lesgets.com\\\/en\\\/\",\"name\":\"Les Gets\",\"description\":\"\",\"publisher\":{\"@id\":\"https:\\\/\\\/www.lesgets.com\\\/en\\\/#organization\"},\"potentialAction\":[{\"@type\":\"SearchAction\",\"target\":{\"@type\":\"EntryPoint\",\"urlTemplate\":\"https:\\\/\\\/www.lesgets.com\\\/en\\\/?s={search_term_string}\"},\"query-input\":{\"@type\":\"PropertyValueSpecification\",\"valueRequired\":true,\"valueName\":\"search_term_string\"}}],\"inLanguage\":\"en-US\"},{\"@type\":\"Organization\",\"@id\":\"https:\\\/\\\/www.lesgets.com\\\/en\\\/#organization\",\"name\":\"Les Gets\",\"url\":\"https:\\\/\\\/www.lesgets.com\\\/en\\\/\",\"logo\":{\"@type\":\"ImageObject\",\"inLanguage\":\"en-US\",\"@id\":\"https:\\\/\\\/www.lesgets.com\\\/en\\\/#\\\/schema\\\/logo\\\/image\\\/\",\"url\":\"https:\\\/\\\/www.lesgets.com\\\/wp\\\/..\\\/app\\\/uploads\\\/2020\\\/06\\\/logo_lesgets.png\",\"contentUrl\":\"https:\\\/\\\/www.lesgets.com\\\/wp\\\/..\\\/app\\\/uploads\\\/2020\\\/06\\\/logo_lesgets.png\",\"width\":136,\"height\":115,\"caption\":\"Les Gets\"},\"image\":{\"@id\":\"https:\\\/\\\/www.lesgets.com\\\/en\\\/#\\\/schema\\\/logo\\\/image\\\/\"}}]}<\/script>\n<!-- \/ Yoast SEO plugin. -->","yoast_head_json":{"title":"High altitude wellness - Relaxation - Les Gets","description":"Live to the gentle rhythm of the mountains by offering you a wellness break and moments of relaxation: massages, body care, yoga, etc.","robots":{"index":"index","follow":"follow","max-snippet":"max-snippet:-1","max-image-preview":"max-image-preview:large","max-video-preview":"max-video-preview:-1"},"canonical":"https:\/\/www.lesgets.com\/en\/what-to-do\/high-altitude-wellness\/","og_locale":"en_US","og_type":"article","og_title":"High altitude wellness - Relaxation - Les Gets","og_description":"Live to the gentle rhythm of the mountains by offering you a wellness break and moments of relaxation: massages, body care, yoga, etc.","og_url":"https:\/\/www.lesgets.com\/en\/what-to-do\/high-altitude-wellness\/","og_site_name":"Les Gets","article_modified_time":"2025-10-30T14:39:06+00:00","og_image":[{"width":2000,"height":1334,"url":"https:\/\/www.lesgets.com\/wp\/..\/app\/uploads\/2025\/10\/2019_02_18_montagne_yoga_sunset_Keno_Derleyn_DSC04125.jpg","type":"image\/jpeg"}],"twitter_card":"summary_large_image","twitter_misc":{"Est. reading time":"3 minutes"},"schema":{"@context":"https:\/\/schema.org","@graph":[{"@type":"WebPage","@id":"https:\/\/www.lesgets.com\/en\/what-to-do\/high-altitude-wellness\/","url":"https:\/\/www.lesgets.com\/en\/what-to-do\/high-altitude-wellness\/","name":"High altitude wellness - Relaxation - Les Gets","isPartOf":{"@id":"https:\/\/www.lesgets.com\/en\/#website"},"primaryImageOfPage":{"@id":"https:\/\/www.lesgets.com\/en\/what-to-do\/high-altitude-wellness\/#primaryimage"},"image":{"@id":"https:\/\/www.lesgets.com\/en\/what-to-do\/high-altitude-wellness\/#primaryimage"},"thumbnailUrl":"https:\/\/www.lesgets.com\/wp\/..\/app\/uploads\/2025\/10\/2019_02_18_montagne_yoga_sunset_Keno_Derleyn_DSC04125.jpg","datePublished":"2020-05-30T08:21:51+00:00","dateModified":"2025-10-30T14:39:06+00:00","description":"Live to the gentle rhythm of the mountains by offering you a wellness break and moments of relaxation: massages, body care, yoga, etc.","breadcrumb":{"@id":"https:\/\/www.lesgets.com\/en\/what-to-do\/high-altitude-wellness\/#breadcrumb"},"inLanguage":"en-US","potentialAction":[{"@type":"ReadAction","target":["https:\/\/www.lesgets.com\/en\/what-to-do\/high-altitude-wellness\/"]}]},{"@type":"ImageObject","inLanguage":"en-US","@id":"https:\/\/www.lesgets.com\/en\/what-to-do\/high-altitude-wellness\/#primaryimage","url":"https:\/\/www.lesgets.com\/wp\/..\/app\/uploads\/2025\/10\/2019_02_18_montagne_yoga_sunset_Keno_Derleyn_DSC04125.jpg","contentUrl":"https:\/\/www.lesgets.com\/wp\/..\/app\/uploads\/2025\/10\/2019_02_18_montagne_yoga_sunset_Keno_Derleyn_DSC04125.jpg","width":2000,"height":1334},{"@type":"BreadcrumbList","@id":"https:\/\/www.lesgets.com\/en\/what-to-do\/high-altitude-wellness\/#breadcrumb","itemListElement":[{"@type":"ListItem","position":1,"name":"Home","item":"https:\/\/www.lesgets.com\/en\/"},{"@type":"ListItem","position":2,"name":"What to do?","item":"https:\/\/www.lesgets.com\/en\/what-to-do\/"},{"@type":"ListItem","position":3,"name":"High altitude wellness"}]},{"@type":"WebSite","@id":"https:\/\/www.lesgets.com\/en\/#website","url":"https:\/\/www.lesgets.com\/en\/","name":"Les Gets","description":"","publisher":{"@id":"https:\/\/www.lesgets.com\/en\/#organization"},"potentialAction":[{"@type":"SearchAction","target":{"@type":"EntryPoint","urlTemplate":"https:\/\/www.lesgets.com\/en\/?s={search_term_string}"},"query-input":{"@type":"PropertyValueSpecification","valueRequired":true,"valueName":"search_term_string"}}],"inLanguage":"en-US"},{"@type":"Organization","@id":"https:\/\/www.lesgets.com\/en\/#organization","name":"Les Gets","url":"https:\/\/www.lesgets.com\/en\/","logo":{"@type":"ImageObject","inLanguage":"en-US","@id":"https:\/\/www.lesgets.com\/en\/#\/schema\/logo\/image\/","url":"https:\/\/www.lesgets.com\/wp\/..\/app\/uploads\/2020\/06\/logo_lesgets.png","contentUrl":"https:\/\/www.lesgets.com\/wp\/..\/app\/uploads\/2020\/06\/logo_lesgets.png","width":136,"height":115,"caption":"Les Gets"},"image":{"@id":"https:\/\/www.lesgets.com\/en\/#\/schema\/logo\/image\/"}}]}},"featured_image_src":"https:\/\/www.lesgets.com\/wp\/..\/app\/uploads\/2025\/10\/2019_02_18_montagne_yoga_sunset_Keno_Derleyn_DSC04125-600x400.jpg","featured_image_src_square":"https:\/\/www.lesgets.com\/wp\/..\/app\/uploads\/2025\/10\/2019_02_18_montagne_yoga_sunset_Keno_Derleyn_DSC04125-600x600.jpg","_links":{"self":[{"href":"https:\/\/www.lesgets.com\/en\/wp-json\/wp\/v2\/pages\/12316","targetHints":{"allow":["GET"]}}],"collection":[{"href":"https:\/\/www.lesgets.com\/en\/wp-json\/wp\/v2\/pages"}],"about":[{"href":"https:\/\/www.lesgets.com\/en\/wp-json\/wp\/v2\/types\/page"}],"author":[{"embeddable":true,"href":"https:\/\/www.lesgets.com\/en\/wp-json\/wp\/v2\/users\/1"}],"replies":[{"embeddable":true,"href":"https:\/\/www.lesgets.com\/en\/wp-json\/wp\/v2\/comments?post=12316"}],"version-history":[{"count":5,"href":"https:\/\/www.lesgets.com\/en\/wp-json\/wp\/v2\/pages\/12316\/revisions"}],"predecessor-version":[{"id":77732,"href":"https:\/\/www.lesgets.com\/en\/wp-json\/wp\/v2\/pages\/12316\/revisions\/77732"}],"up":[{"embeddable":true,"href":"https:\/\/www.lesgets.com\/en\/wp-json\/wp\/v2\/pages\/12281"}],"wp:featuredmedia":[{"embeddable":true,"href":"https:\/\/www.lesgets.com\/en\/wp-json\/wp\/v2\/media\/76980"}],"wp:attachment":[{"href":"https:\/\/www.lesgets.com\/en\/wp-json\/wp\/v2\/media?parent=12316"}],"curies":[{"name":"wp","href":"https:\/\/api.w.org\/{rel}","templated":true}]}}