{"id":12453,"date":"2020-05-31T10:31:24","date_gmt":"2020-05-31T08:31:24","guid":{"rendered":"http:\/\/les-gets.votre-projet.com\/hiking\/list-of-summer-marked-footpaths\/"},"modified":"2024-05-22T16:37:39","modified_gmt":"2024-05-22T14:37:39","slug":"list-of-summer-marked-footpaths","status":"publish","type":"page","link":"https:\/\/www.lesgets.com\/en\/what-to-do\/summer-activities\/sports\/hiking\/list-of-summer-marked-footpaths\/","title":{"rendered":"List of summer marked footpaths"},"content":{"rendered":"<div class=\"block block-core-buttons\">\n<div class=\"wp-block-buttons is-layout-flex wp-block-buttons-is-layout-flex\"><div class=\"block block-core-button\">\n<div class=\"wp-block-button\"><a class=\"wp-block-button__link wp-element-button\" href=\"https:\/\/www.lesgets.com\/wp\/..\/app\/uploads\/2024\/05\/SoleGets-GuideRandoE2024_Web2.pdf\">Download Hiking trails guide ! <\/a><\/div>\n<\/div><\/div>\n<\/div>\n\n<div class=\"block block-lba-apidae-selection\"><!--BEGIN FILTER -->\r\n<!--BEGIN FILTER -->\r\n\r\n<!--BEGIN ITEMS APIDAE -->\r\n  <div class=\"selection-mode-default\">\r\n          <div class=\"card 0-3places 0-3pieces\">\r\n        <div class=\"row\">\r\n          <div class=\"col-md-3\">\r\n            <img decoding=\"async\" src=\"https:\/\/static.apidae-tourisme.com\/filestore\/objets-touristiques\/images\/228\/86\/24073956-fiche.jpg\" class=\"w-100\"\r\n                 alt=\"Image Nauchets \u00e9t\u00e9\">\r\n          <\/div>\r\n          <div class=\"col-md-7\">\r\n            <div class=\"card-block px-1\">\r\n              <h2 class=\"card-title\">\r\n                                    <a href=\"https:\/\/www.lesgets.com\/en\/details\/belvedere-des-nauchets-131103-En\/\">Belv\u00e9d\u00e8re des Nauchets<\/a>\r\n                              <\/h2>\r\n              <p class=\"classement\"><\/p>\r\n              <p class=\"card-text\">An easy trail designed for families with young children and perfect for an afternoon snack.<\/p>\r\n            <\/div>\r\n          <\/div>\r\n          <div class=\"col-md-2\">\r\n                            <a href=\"https:\/\/www.lesgets.com\/en\/details\/belvedere-des-nauchets-131103-En\/\" class=\"btn\">Learn more<\/a>\r\n                      <\/div>\r\n        <\/div>\r\n      <\/div>\r\n          <div class=\"card 0-3places 0-3pieces\">\r\n        <div class=\"row\">\r\n          <div class=\"col-md-3\">\r\n            <img decoding=\"async\" src=\"https:\/\/static.apidae-tourisme.com\/filestore\/objets-touristiques\/images\/61\/188\/29604925-fiche.jpg\" class=\"w-100\"\r\n                 alt=\"Image mt caly 3\">\r\n          <\/div>\r\n          <div class=\"col-md-7\">\r\n            <div class=\"card-block px-1\">\r\n              <h2 class=\"card-title\">\r\n                                    <a href=\"https:\/\/www.lesgets.com\/en\/details\/boucle-pedestre-mont-chery-par-col-de-lachat-depuis-mont-caly-7261018-En\/\">Boucle p\u00e9destre &#8211; Mont Ch\u00e9ry par Col de Lachat depuis Mont Caly<\/a>\r\n                              <\/h2>\r\n              <p class=\"classement\"><\/p>\r\n              <p class=\"card-text\">Offrez-vous un moment en nature sur les sentiers bucoliques du Mont Ch\u00e9ry et profitez d&#8217;une vue \u00e9poustouflante sur le Massif du Mont Blanc et les montagnes environnantes (Aravis, Montagnes du Giffre). Un itin\u00e9raire sans difficult\u00e9 majeure.<\/p>\r\n            <\/div>\r\n          <\/div>\r\n          <div class=\"col-md-2\">\r\n                            <a href=\"https:\/\/www.lesgets.com\/en\/details\/boucle-pedestre-mont-chery-par-col-de-lachat-depuis-mont-caly-7261018-En\/\" class=\"btn\">Learn more<\/a>\r\n                      <\/div>\r\n        <\/div>\r\n      <\/div>\r\n          <div class=\"card 0-3places 0-3pieces\">\r\n        <div class=\"row\">\r\n          <div class=\"col-md-3\">\r\n            <img decoding=\"async\" src=\"https:\/\/static.apidae-tourisme.com\/filestore\/objets-touristiques\/images\/115\/74\/805491-fiche.jpg\" class=\"w-100\"\r\n                 alt=\"Image boucles des clarines \">\r\n          <\/div>\r\n          <div class=\"col-md-7\">\r\n            <div class=\"card-block px-1\">\r\n              <h2 class=\"card-title\">\r\n                                    <a href=\"https:\/\/www.lesgets.com\/en\/details\/la-boucle-des-clarines-131110-En\/\">La Boucle des Clarines<\/a>\r\n                              <\/h2>\r\n              <p class=\"classement\"><\/p>\r\n              <p class=\"card-text\">Magnificent views over Mont Blanc. Suitable for all ages, this walk is possible with a pushchair, as long as you have one with off-road wheels.<\/p>\r\n            <\/div>\r\n          <\/div>\r\n          <div class=\"col-md-2\">\r\n                            <a href=\"https:\/\/www.lesgets.com\/en\/details\/la-boucle-des-clarines-131110-En\/\" class=\"btn\">Learn more<\/a>\r\n                      <\/div>\r\n        <\/div>\r\n      <\/div>\r\n          <div class=\"card 0-3places 0-3pieces\">\r\n        <div class=\"row\">\r\n          <div class=\"col-md-3\">\r\n            <img decoding=\"async\" src=\"https:\/\/static.apidae-tourisme.com\/filestore\/objets-touristiques\/images\/45\/208\/22859821-fiche.jpg\" class=\"w-100\"\r\n                 alt=\"Image 2018_07_20_Chapelle_Jacquicourt_Lesgets_Valentinducrettet\">\r\n          <\/div>\r\n          <div class=\"col-md-7\">\r\n            <div class=\"card-block px-1\">\r\n              <h2 class=\"card-title\">\r\n                                    <a href=\"https:\/\/www.lesgets.com\/en\/details\/the-jacquicourt-chapel-6928762-En\/\">The Jacquicourt Chapel<\/a>\r\n                              <\/h2>\r\n              <p class=\"classement\"><\/p>\r\n              <p class=\"card-text\">Admire the Jacquicourt Chapel, built in 1679 and reconstructed from 1986 to 1989, marking the end of centuries-old conflicts between Taninges, Verchaix, and Les Gets.<\/p>\r\n            <\/div>\r\n          <\/div>\r\n          <div class=\"col-md-2\">\r\n                            <a href=\"https:\/\/www.lesgets.com\/en\/details\/the-jacquicourt-chapel-6928762-En\/\" class=\"btn\">Learn more<\/a>\r\n                      <\/div>\r\n        <\/div>\r\n      <\/div>\r\n          <div class=\"card 0-3places 0-3pieces\">\r\n        <div class=\"row\">\r\n          <div class=\"col-md-3\">\r\n            <img decoding=\"async\" src=\"https:\/\/static.apidae-tourisme.com\/filestore\/objets-touristiques\/images\/136\/189\/310664-fiche.jpg\" class=\"w-100\"\r\n                 alt=\"Image sitraLOI595009_273895_circuits-chevres-2\">\r\n          <\/div>\r\n          <div class=\"col-md-7\">\r\n            <div class=\"card-block px-1\">\r\n              <h2 class=\"card-title\">\r\n                                    <a href=\"https:\/\/www.lesgets.com\/en\/details\/le-circuit-des-chevres-131134-En\/\">Le Circuit des ch\u00e8vres<\/a>\r\n                              <\/h2>\r\n              <p class=\"classement\"><\/p>\r\n              <p class=\"card-text\">An easy family walk, during which you can meet a free-ranging flock of sheep near the Lassare pottery and sheepfold.<\/p>\r\n            <\/div>\r\n          <\/div>\r\n          <div class=\"col-md-2\">\r\n                            <a href=\"https:\/\/www.lesgets.com\/en\/details\/le-circuit-des-chevres-131134-En\/\" class=\"btn\">Learn more<\/a>\r\n                      <\/div>\r\n        <\/div>\r\n      <\/div>\r\n          <div class=\"card 0-3places 0-3pieces\">\r\n        <div class=\"row\">\r\n          <div class=\"col-md-3\">\r\n            <img decoding=\"async\" src=\"https:\/\/static.apidae-tourisme.com\/filestore\/objets-touristiques\/images-principales\/203\/189\/310731-fiche.jpg\" class=\"w-100\"\r\n                 alt=\"Image sitraLOI595003_273916_tour-chavannes\">\r\n          <\/div>\r\n          <div class=\"col-md-7\">\r\n            <div class=\"card-block px-1\">\r\n              <h2 class=\"card-title\">\r\n                                    <a href=\"https:\/\/www.lesgets.com\/en\/details\/le-grand-tour-des-chavannes-131137-En\/\">Le Grand Tour des Chavannes<\/a>\r\n                              <\/h2>\r\n              <p class=\"classement\"><\/p>\r\n              <p class=\"card-text\">Bring a picnic and drinks. Route for good walkers and those interested in discovering the whole of Les Chavannes area.  Views over Mont Blanc, the valley of Morzine and all of the most stunning peaks of the Chablais area.<\/p>\r\n            <\/div>\r\n          <\/div>\r\n          <div class=\"col-md-2\">\r\n                            <a href=\"https:\/\/www.lesgets.com\/en\/details\/le-grand-tour-des-chavannes-131137-En\/\" class=\"btn\">Learn more<\/a>\r\n                      <\/div>\r\n        <\/div>\r\n      <\/div>\r\n          <div class=\"card 0-3places 0-3pieces\">\r\n        <div class=\"row\">\r\n          <div class=\"col-md-3\">\r\n            <img decoding=\"async\" src=\"https:\/\/static.apidae-tourisme.com\/filestore\/objets-touristiques\/images-principales\/124\/191\/311164-fiche.jpg\" class=\"w-100\"\r\n                 alt=\"Image sitraLOI595005_274236_variante-chery\">\r\n          <\/div>\r\n          <div class=\"col-md-7\">\r\n            <div class=\"card-block px-1\">\r\n              <h2 class=\"card-title\">\r\n                                    <a href=\"https:\/\/www.lesgets.com\/en\/details\/le-grand-tour-du-mont-chery-et-variante-131131-En\/\">Le Grand Tour du Mont Ch\u00e9ry  et variante<\/a>\r\n                              <\/h2>\r\n              <p class=\"classement\"><\/p>\r\n              <p class=\"card-text\">This route takes in the whole of the Mont Ch\u00e9ry area.  The variant of the Grand Tour du Mont Ch\u00e9ry takes you up to the Col de Lachat, where the panorama of the Mont Blanc chain and the Pre-Alps is superb.<\/p>\r\n            <\/div>\r\n          <\/div>\r\n          <div class=\"col-md-2\">\r\n                            <a href=\"https:\/\/www.lesgets.com\/en\/details\/le-grand-tour-du-mont-chery-et-variante-131131-En\/\" class=\"btn\">Learn more<\/a>\r\n                      <\/div>\r\n        <\/div>\r\n      <\/div>\r\n          <div class=\"card 0-3places 0-3pieces\">\r\n        <div class=\"row\">\r\n          <div class=\"col-md-3\">\r\n            <img decoding=\"async\" src=\"https:\/\/www.lesgets.com\/app\/plugins\/lba_apidae\/assets\/img\/default.png\" class=\"w-100\"\r\n                 alt=\"Image \">\r\n          <\/div>\r\n          <div class=\"col-md-7\">\r\n            <div class=\"card-block px-1\">\r\n              <h2 class=\"card-title\">\r\n                                    <a href=\"https:\/\/www.lesgets.com\/en\/details\/le-sentier-des-myrtilles-6367853-En\/\">Le sentier des Myrtilles<\/a>\r\n                              <\/h2>\r\n              <p class=\"classement\"><\/p>\r\n              <p class=\"card-text\">An easy trail suitable for families with small children.<\/p>\r\n            <\/div>\r\n          <\/div>\r\n          <div class=\"col-md-2\">\r\n                            <a href=\"https:\/\/www.lesgets.com\/en\/details\/le-sentier-des-myrtilles-6367853-En\/\" class=\"btn\">Learn more<\/a>\r\n                      <\/div>\r\n        <\/div>\r\n      <\/div>\r\n          <div class=\"card 0-3places 0-3pieces\">\r\n        <div class=\"row\">\r\n          <div class=\"col-md-3\">\r\n            <img decoding=\"async\" src=\"https:\/\/static.apidae-tourisme.com\/filestore\/objets-touristiques\/images-principales\/144\/191\/311184-fiche.jpg\" class=\"w-100\"\r\n                 alt=\"Image sitraLOI595010_274238_sentiers-des-tetrards\">\r\n          <\/div>\r\n          <div class=\"col-md-7\">\r\n            <div class=\"card-block px-1\">\r\n              <h2 class=\"card-title\">\r\n                                    <a href=\"https:\/\/www.lesgets.com\/en\/details\/le-sentier-des-tetards-131127-En\/\">Le Sentier des T\u00e9tards<\/a>\r\n                              <\/h2>\r\n              <p class=\"classement\"><\/p>\r\n              <p class=\"card-text\">An easy walk suitable for children and pleasant for an afternoon snack by the lake.<\/p>\r\n            <\/div>\r\n          <\/div>\r\n          <div class=\"col-md-2\">\r\n                            <a href=\"https:\/\/www.lesgets.com\/en\/details\/le-sentier-des-tetards-131127-En\/\" class=\"btn\">Learn more<\/a>\r\n                      <\/div>\r\n        <\/div>\r\n      <\/div>\r\n          <div class=\"card 0-3places 0-3pieces\">\r\n        <div class=\"row\">\r\n          <div class=\"col-md-3\">\r\n            <img decoding=\"async\" src=\"https:\/\/static.apidae-tourisme.com\/filestore\/objets-touristiques\/images\/134\/71\/804742-fiche.jpg\" class=\"w-100\"\r\n                 alt=\"Image mauve1\">\r\n          <\/div>\r\n          <div class=\"col-md-7\">\r\n            <div class=\"card-block px-1\">\r\n              <h2 class=\"card-title\">\r\n                                    <a href=\"https:\/\/www.lesgets.com\/en\/details\/le-sentier-mauve-4645709-En\/\">Le sentier mauve<\/a>\r\n                              <\/h2>\r\n              <p class=\"classement\"><\/p>\r\n              <p class=\"card-text\">A short, fun hike, an introduction to the alpine environment, with the aim of discovering the mountains.<\/p>\r\n            <\/div>\r\n          <\/div>\r\n          <div class=\"col-md-2\">\r\n                            <a href=\"https:\/\/www.lesgets.com\/en\/details\/le-sentier-mauve-4645709-En\/\" class=\"btn\">Learn more<\/a>\r\n                      <\/div>\r\n        <\/div>\r\n      <\/div>\r\n      <\/div>\r\n<!--END ITEMS APIDAE -->\r\n\r\n<!--BEGIN PAGINATOR -->\r\n  \r\n<nav>\r\n    <ul class=\"pagination text-center\">\r\n        <li class=\"page-item disabled\">\r\n            <a class=\"page-link\" href=\"https:\/\/www.lesgets.com\/en\/wp-json\/wp\/v2\/pages\/12453\/\" tabindex=\"-1\">Pr\u00e9c\u00e9dent<\/a>\r\n        <\/li>\r\n                                    <li class=\"page-item active\">\r\n                    <a class=\"page-link\" href=\"https:\/\/www.lesgets.com\/en\/wp-json\/wp\/v2\/pages\/12453\/\">1                        <span class=\"sr-only\">(current)<\/span>\r\n                    <\/a>\r\n                <\/li>\r\n                                                <li class=\"page-item\">\r\n                    <a class=\"page-link\" href=\"https:\/\/www.lesgets.com\/en\/wp-json\/wp\/v2\/pages\/12453\/?paged=2\">2<\/a>\r\n                <\/li>\r\n                    \r\n        <li class=\"page-item \">\r\n            <a class=\"page-link\" href=\"https:\/\/www.lesgets.com\/en\/wp-json\/wp\/v2\/pages\/12453\/?paged=2\">Suivant<\/a>\r\n        <\/li>\r\n\r\n    <\/ul>\r\n<\/nav><!--BEGIN PAGINATOR --><\/div>","protected":false},"excerpt":{"rendered":"<p>You will find here the list of marked footpaths and several hiking routes to enjoy! <\/p>\n","protected":false},"author":4,"featured_media":53256,"parent":12342,"menu_order":0,"comment_status":"closed","ping_status":"closed","template":"","meta":{"_acf_changed":false,"footnotes":""},"class_list":["post-12453","page","type-page","status-publish","has-post-thumbnail","hentry"],"acf":[],"yoast_head":"<!-- This site is optimized with the Yoast SEO plugin v27.2 - https:\/\/yoast.com\/product\/yoast-seo-wordpress\/ -->\n<title>List of summer marked footpaths - Hiking - All summer activities in les Gets<\/title>\n<meta name=\"description\" content=\"You will find here the list of marked footpaths and several hiking routes to enjoy!\" \/>\n<meta name=\"robots\" content=\"index, follow, max-snippet:-1, max-image-preview:large, max-video-preview:-1\" \/>\n<link rel=\"canonical\" href=\"https:\/\/www.lesgets.com\/en\/what-to-do\/summer-activities\/sports\/hiking\/list-of-summer-marked-footpaths\/\" \/>\n<meta property=\"og:locale\" content=\"en_US\" \/>\n<meta property=\"og:type\" content=\"article\" \/>\n<meta property=\"og:title\" content=\"List of summer marked footpaths - Hiking - All summer activities in les Gets\" \/>\n<meta property=\"og:description\" content=\"You will find here the list of marked footpaths and several hiking routes to enjoy!\" \/>\n<meta property=\"og:url\" content=\"https:\/\/www.lesgets.com\/en\/what-to-do\/summer-activities\/sports\/hiking\/list-of-summer-marked-footpaths\/\" \/>\n<meta property=\"og:site_name\" content=\"Les Gets\" \/>\n<meta property=\"article:modified_time\" content=\"2024-05-22T14:37:39+00:00\" \/>\n<meta property=\"og:image\" content=\"https:\/\/www.lesgets.com\/wp\/..\/app\/uploads\/2020\/05\/LesGets_2017_Rando_Gio_Fleming_05.jpg\" \/>\n\t<meta property=\"og:image:width\" content=\"640\" \/>\n\t<meta property=\"og:image:height\" content=\"427\" \/>\n\t<meta property=\"og:image:type\" content=\"image\/jpeg\" \/>\n<meta name=\"twitter:card\" content=\"summary_large_image\" \/>\n<meta name=\"twitter:label1\" content=\"Est. reading time\" \/>\n\t<meta name=\"twitter:data1\" content=\"1 minute\" \/>\n<script type=\"application\/ld+json\" class=\"yoast-schema-graph\">{\"@context\":\"https:\/\/schema.org\",\"@graph\":[{\"@type\":\"WebPage\",\"@id\":\"https:\/\/www.lesgets.com\/en\/what-to-do\/summer-activities\/sports\/hiking\/list-of-summer-marked-footpaths\/\",\"url\":\"https:\/\/www.lesgets.com\/en\/what-to-do\/summer-activities\/sports\/hiking\/list-of-summer-marked-footpaths\/\",\"name\":\"List of summer marked footpaths - Hiking - All summer activities in les Gets\",\"isPartOf\":{\"@id\":\"https:\/\/www.lesgets.com\/en\/#website\"},\"primaryImageOfPage\":{\"@id\":\"https:\/\/www.lesgets.com\/en\/what-to-do\/summer-activities\/sports\/hiking\/list-of-summer-marked-footpaths\/#primaryimage\"},\"image\":{\"@id\":\"https:\/\/www.lesgets.com\/en\/what-to-do\/summer-activities\/sports\/hiking\/list-of-summer-marked-footpaths\/#primaryimage\"},\"thumbnailUrl\":\"https:\/\/www.lesgets.com\/wp\/..\/app\/uploads\/2025\/02\/2023_08_21_rando_jacquicourt_loex_cpTimArnold_LD-04.jpg\",\"datePublished\":\"2020-05-31T08:31:24+00:00\",\"dateModified\":\"2024-05-22T14:37:39+00:00\",\"description\":\"You will find here the list of marked footpaths and several hiking routes to enjoy!\",\"breadcrumb\":{\"@id\":\"https:\/\/www.lesgets.com\/en\/what-to-do\/summer-activities\/sports\/hiking\/list-of-summer-marked-footpaths\/#breadcrumb\"},\"inLanguage\":\"en-US\",\"potentialAction\":[{\"@type\":\"ReadAction\",\"target\":[\"https:\/\/www.lesgets.com\/en\/what-to-do\/summer-activities\/sports\/hiking\/list-of-summer-marked-footpaths\/\"]}]},{\"@type\":\"ImageObject\",\"inLanguage\":\"en-US\",\"@id\":\"https:\/\/www.lesgets.com\/en\/what-to-do\/summer-activities\/sports\/hiking\/list-of-summer-marked-footpaths\/#primaryimage\",\"url\":\"https:\/\/www.lesgets.com\/wp\/..\/app\/uploads\/2025\/02\/2023_08_21_rando_jacquicourt_loex_cpTimArnold_LD-04.jpg\",\"contentUrl\":\"https:\/\/www.lesgets.com\/wp\/..\/app\/uploads\/2025\/02\/2023_08_21_rando_jacquicourt_loex_cpTimArnold_LD-04.jpg\",\"width\":1920,\"height\":1280},{\"@type\":\"BreadcrumbList\",\"@id\":\"https:\/\/www.lesgets.com\/en\/what-to-do\/summer-activities\/sports\/hiking\/list-of-summer-marked-footpaths\/#breadcrumb\",\"itemListElement\":[{\"@type\":\"ListItem\",\"position\":1,\"name\":\"Home\",\"item\":\"https:\/\/www.lesgets.com\/en\/\"},{\"@type\":\"ListItem\",\"position\":2,\"name\":\"What to do?\",\"item\":\"https:\/\/www.lesgets.com\/en\/what-to-do\/\"},{\"@type\":\"ListItem\",\"position\":3,\"name\":\"Summer activities\",\"item\":\"https:\/\/www.lesgets.com\/en\/what-to-do\/summer-activities\/\"},{\"@type\":\"ListItem\",\"position\":4,\"name\":\"Sports &#038; outdoor activities\",\"item\":\"https:\/\/www.lesgets.com\/en\/what-to-do\/summer-activities\/sports\/\"},{\"@type\":\"ListItem\",\"position\":5,\"name\":\"Hiking\",\"item\":\"https:\/\/www.lesgets.com\/en\/what-to-do\/summer-activities\/sports\/hiking\/\"},{\"@type\":\"ListItem\",\"position\":6,\"name\":\"List of summer marked footpaths\"}]},{\"@type\":\"WebSite\",\"@id\":\"https:\/\/www.lesgets.com\/en\/#website\",\"url\":\"https:\/\/www.lesgets.com\/en\/\",\"name\":\"Les Gets\",\"description\":\"\",\"publisher\":{\"@id\":\"https:\/\/www.lesgets.com\/en\/#organization\"},\"potentialAction\":[{\"@type\":\"SearchAction\",\"target\":{\"@type\":\"EntryPoint\",\"urlTemplate\":\"https:\/\/www.lesgets.com\/en\/?s={search_term_string}\"},\"query-input\":{\"@type\":\"PropertyValueSpecification\",\"valueRequired\":true,\"valueName\":\"search_term_string\"}}],\"inLanguage\":\"en-US\"},{\"@type\":\"Organization\",\"@id\":\"https:\/\/www.lesgets.com\/en\/#organization\",\"name\":\"Les Gets\",\"url\":\"https:\/\/www.lesgets.com\/en\/\",\"logo\":{\"@type\":\"ImageObject\",\"inLanguage\":\"en-US\",\"@id\":\"https:\/\/www.lesgets.com\/en\/#\/schema\/logo\/image\/\",\"url\":\"https:\/\/www.lesgets.com\/wp\/..\/app\/uploads\/2020\/06\/logo_lesgets.png\",\"contentUrl\":\"https:\/\/www.lesgets.com\/wp\/..\/app\/uploads\/2020\/06\/logo_lesgets.png\",\"width\":136,\"height\":115,\"caption\":\"Les Gets\"},\"image\":{\"@id\":\"https:\/\/www.lesgets.com\/en\/#\/schema\/logo\/image\/\"}}]}<\/script>\n<!-- \/ Yoast SEO plugin. -->","yoast_head_json":{"title":"List of summer marked footpaths - Hiking - All summer activities in les Gets","description":"You will find here the list of marked footpaths and several hiking routes to enjoy!","robots":{"index":"index","follow":"follow","max-snippet":"max-snippet:-1","max-image-preview":"max-image-preview:large","max-video-preview":"max-video-preview:-1"},"canonical":"https:\/\/www.lesgets.com\/en\/what-to-do\/summer-activities\/sports\/hiking\/list-of-summer-marked-footpaths\/","og_locale":"en_US","og_type":"article","og_title":"List of summer marked footpaths - Hiking - All summer activities in les Gets","og_description":"You will find here the list of marked footpaths and several hiking routes to enjoy!","og_url":"https:\/\/www.lesgets.com\/en\/what-to-do\/summer-activities\/sports\/hiking\/list-of-summer-marked-footpaths\/","og_site_name":"Les Gets","article_modified_time":"2024-05-22T14:37:39+00:00","og_image":[{"url":"https:\/\/www.lesgets.com\/wp\/..\/app\/uploads\/2020\/05\/LesGets_2017_Rando_Gio_Fleming_05.jpg","width":640,"height":427,"type":"image\/jpeg"}],"twitter_card":"summary_large_image","twitter_misc":{"Est. reading time":"1 minute"},"schema":{"@context":"https:\/\/schema.org","@graph":[{"@type":"WebPage","@id":"https:\/\/www.lesgets.com\/en\/what-to-do\/summer-activities\/sports\/hiking\/list-of-summer-marked-footpaths\/","url":"https:\/\/www.lesgets.com\/en\/what-to-do\/summer-activities\/sports\/hiking\/list-of-summer-marked-footpaths\/","name":"List of summer marked footpaths - Hiking - All summer activities in les Gets","isPartOf":{"@id":"https:\/\/www.lesgets.com\/en\/#website"},"primaryImageOfPage":{"@id":"https:\/\/www.lesgets.com\/en\/what-to-do\/summer-activities\/sports\/hiking\/list-of-summer-marked-footpaths\/#primaryimage"},"image":{"@id":"https:\/\/www.lesgets.com\/en\/what-to-do\/summer-activities\/sports\/hiking\/list-of-summer-marked-footpaths\/#primaryimage"},"thumbnailUrl":"https:\/\/www.lesgets.com\/wp\/..\/app\/uploads\/2025\/02\/2023_08_21_rando_jacquicourt_loex_cpTimArnold_LD-04.jpg","datePublished":"2020-05-31T08:31:24+00:00","dateModified":"2024-05-22T14:37:39+00:00","description":"You will find here the list of marked footpaths and several hiking routes to enjoy!","breadcrumb":{"@id":"https:\/\/www.lesgets.com\/en\/what-to-do\/summer-activities\/sports\/hiking\/list-of-summer-marked-footpaths\/#breadcrumb"},"inLanguage":"en-US","potentialAction":[{"@type":"ReadAction","target":["https:\/\/www.lesgets.com\/en\/what-to-do\/summer-activities\/sports\/hiking\/list-of-summer-marked-footpaths\/"]}]},{"@type":"ImageObject","inLanguage":"en-US","@id":"https:\/\/www.lesgets.com\/en\/what-to-do\/summer-activities\/sports\/hiking\/list-of-summer-marked-footpaths\/#primaryimage","url":"https:\/\/www.lesgets.com\/wp\/..\/app\/uploads\/2025\/02\/2023_08_21_rando_jacquicourt_loex_cpTimArnold_LD-04.jpg","contentUrl":"https:\/\/www.lesgets.com\/wp\/..\/app\/uploads\/2025\/02\/2023_08_21_rando_jacquicourt_loex_cpTimArnold_LD-04.jpg","width":1920,"height":1280},{"@type":"BreadcrumbList","@id":"https:\/\/www.lesgets.com\/en\/what-to-do\/summer-activities\/sports\/hiking\/list-of-summer-marked-footpaths\/#breadcrumb","itemListElement":[{"@type":"ListItem","position":1,"name":"Home","item":"https:\/\/www.lesgets.com\/en\/"},{"@type":"ListItem","position":2,"name":"What to do?","item":"https:\/\/www.lesgets.com\/en\/what-to-do\/"},{"@type":"ListItem","position":3,"name":"Summer activities","item":"https:\/\/www.lesgets.com\/en\/what-to-do\/summer-activities\/"},{"@type":"ListItem","position":4,"name":"Sports &#038; outdoor activities","item":"https:\/\/www.lesgets.com\/en\/what-to-do\/summer-activities\/sports\/"},{"@type":"ListItem","position":5,"name":"Hiking","item":"https:\/\/www.lesgets.com\/en\/what-to-do\/summer-activities\/sports\/hiking\/"},{"@type":"ListItem","position":6,"name":"List of summer marked footpaths"}]},{"@type":"WebSite","@id":"https:\/\/www.lesgets.com\/en\/#website","url":"https:\/\/www.lesgets.com\/en\/","name":"Les Gets","description":"","publisher":{"@id":"https:\/\/www.lesgets.com\/en\/#organization"},"potentialAction":[{"@type":"SearchAction","target":{"@type":"EntryPoint","urlTemplate":"https:\/\/www.lesgets.com\/en\/?s={search_term_string}"},"query-input":{"@type":"PropertyValueSpecification","valueRequired":true,"valueName":"search_term_string"}}],"inLanguage":"en-US"},{"@type":"Organization","@id":"https:\/\/www.lesgets.com\/en\/#organization","name":"Les Gets","url":"https:\/\/www.lesgets.com\/en\/","logo":{"@type":"ImageObject","inLanguage":"en-US","@id":"https:\/\/www.lesgets.com\/en\/#\/schema\/logo\/image\/","url":"https:\/\/www.lesgets.com\/wp\/..\/app\/uploads\/2020\/06\/logo_lesgets.png","contentUrl":"https:\/\/www.lesgets.com\/wp\/..\/app\/uploads\/2020\/06\/logo_lesgets.png","width":136,"height":115,"caption":"Les Gets"},"image":{"@id":"https:\/\/www.lesgets.com\/en\/#\/schema\/logo\/image\/"}}]}},"featured_image_src":"https:\/\/www.lesgets.com\/wp\/..\/app\/uploads\/2025\/02\/2023_08_21_rando_jacquicourt_loex_cpTimArnold_LD-04-600x400.jpg","featured_image_src_square":"https:\/\/www.lesgets.com\/wp\/..\/app\/uploads\/2025\/02\/2023_08_21_rando_jacquicourt_loex_cpTimArnold_LD-04-600x600.jpg","_links":{"self":[{"href":"https:\/\/www.lesgets.com\/en\/wp-json\/wp\/v2\/pages\/12453","targetHints":{"allow":["GET"]}}],"collection":[{"href":"https:\/\/www.lesgets.com\/en\/wp-json\/wp\/v2\/pages"}],"about":[{"href":"https:\/\/www.lesgets.com\/en\/wp-json\/wp\/v2\/types\/page"}],"author":[{"embeddable":true,"href":"https:\/\/www.lesgets.com\/en\/wp-json\/wp\/v2\/users\/4"}],"replies":[{"embeddable":true,"href":"https:\/\/www.lesgets.com\/en\/wp-json\/wp\/v2\/comments?post=12453"}],"version-history":[{"count":5,"href":"https:\/\/www.lesgets.com\/en\/wp-json\/wp\/v2\/pages\/12453\/revisions"}],"predecessor-version":[{"id":46920,"href":"https:\/\/www.lesgets.com\/en\/wp-json\/wp\/v2\/pages\/12453\/revisions\/46920"}],"up":[{"embeddable":true,"href":"https:\/\/www.lesgets.com\/en\/wp-json\/wp\/v2\/pages\/12342"}],"wp:featuredmedia":[{"embeddable":true,"href":"https:\/\/www.lesgets.com\/en\/wp-json\/wp\/v2\/media\/53256"}],"wp:attachment":[{"href":"https:\/\/www.lesgets.com\/en\/wp-json\/wp\/v2\/media?parent=12453"}],"curies":[{"name":"wp","href":"https:\/\/api.w.org\/{rel}","templated":true}]}}