{"id":12669,"date":"2020-06-01T15:14:00","date_gmt":"2020-06-01T13:14:00","guid":{"rendered":"http:\/\/les-gets.votre-projet.com\/discover-the-resort\/mountain-resort\/adaptive-tourism\/restaurants-and-bars\/"},"modified":"2020-06-03T11:20:54","modified_gmt":"2020-06-03T09:20:54","slug":"restaurants-and-bars","status":"publish","type":"page","link":"https:\/\/www.lesgets.com\/en\/discover-the-resort\/mountain-resort\/adapted-tourism\/restaurants-and-bars\/","title":{"rendered":"Restaurants and bars"},"content":{"rendered":"<div class=\"block block-core-spacer\">\n<div style=\"height:50px\" aria-hidden=\"true\" class=\"wp-block-spacer\"><\/div>\n<\/div>\n\n<div class=\"block block-lba-apidae-selection\"><!--BEGIN FILTER -->\r\n<!--BEGIN FILTER -->\r\n\r\n<!--BEGIN ITEMS APIDAE -->\r\n  <p class=\"alert alert-info\">Aucun \u00e9l\u00e9ment trouv\u00e9..!<\/p>\r\n<!--END ITEMS APIDAE -->\r\n\r\n<!--BEGIN PAGINATOR -->\r\n<!--BEGIN PAGINATOR --><\/div>\n\n<div class=\"block block-core-spacer\">\n<div style=\"height:100px\" aria-hidden=\"true\" class=\"wp-block-spacer\"><\/div>\n<\/div>\n\n<div class=\"block block-lba-apidae-selection\"><!--BEGIN FILTER -->\r\n<!--BEGIN FILTER -->\r\n\r\n<!--BEGIN ITEMS APIDAE -->\r\n  <div class=\"selection-mode-default\">\r\n          <div class=\"card 4-6places 0-3pieces\">\r\n        <div class=\"row\">\r\n          <div class=\"col-md-3\">\r\n            <img decoding=\"async\" src=\"https:\/\/static.apidae-tourisme.com\/filestore\/objets-touristiques\/images\/70\/203\/1887046-fiche.jpg\" class=\"w-100\"\r\n                 alt=\"Image skilove1\">\r\n          <\/div>\r\n          <div class=\"col-md-7\">\r\n            <div class=\"card-block px-1\">\r\n              <h2 class=\"card-title\">\r\n                                    <a href=\"https:\/\/www.lesgets.com\/en\/details\/skilove-jours-de-neige-appartment-214236-En\/\">Skilove Jours de Neige Appartment<\/a>\r\n                              <\/h2>\r\n              <p class=\"classement\"><\/p>\r\n              <p class=\"card-text\">This 37m\u00b2 accommodation can sleep up to 4 people.<\/p>\r\n            <\/div>\r\n          <\/div>\r\n          <div class=\"col-md-2\">\r\n                            <a href=\"https:\/\/www.lesgets.com\/en\/details\/skilove-jours-de-neige-appartment-214236-En\/\" class=\"btn\">Learn more<\/a>\r\n                      <\/div>\r\n        <\/div>\r\n      <\/div>\r\n          <div class=\"card 4-6places 0-3pieces\">\r\n        <div class=\"row\">\r\n          <div class=\"col-md-3\">\r\n            <img decoding=\"async\" src=\"https:\/\/static.apidae-tourisme.com\/filestore\/objets-touristiques\/images\/82\/203\/1887058-fiche.jpg\" class=\"w-100\"\r\n                 alt=\"Image skilove1\">\r\n          <\/div>\r\n          <div class=\"col-md-7\">\r\n            <div class=\"card-block px-1\">\r\n              <h2 class=\"card-title\">\r\n                                    <a href=\"https:\/\/www.lesgets.com\/en\/details\/skilove-le-marmotton-apartment-214228-En\/\">Skilove Le Marmotton Apartment<\/a>\r\n                              <\/h2>\r\n              <p class=\"classement\"><\/p>\r\n              <p class=\"card-text\">Furnished 3-star accommodation of approximately 68m\u00b2 located on the 2nd floor of the Skilove chalet<\/p>\r\n            <\/div>\r\n          <\/div>\r\n          <div class=\"col-md-2\">\r\n                            <a href=\"https:\/\/www.lesgets.com\/en\/details\/skilove-le-marmotton-apartment-214228-En\/\" class=\"btn\">Learn more<\/a>\r\n                      <\/div>\r\n        <\/div>\r\n      <\/div>\r\n          <div class=\"card 4-6places 4-6pieces\">\r\n        <div class=\"row\">\r\n          <div class=\"col-md-3\">\r\n            <img decoding=\"async\" src=\"https:\/\/static.apidae-tourisme.com\/filestore\/objets-touristiques\/images\/105\/203\/1887081-fiche.jpg\" class=\"w-100\"\r\n                 alt=\"Image skilove1\">\r\n          <\/div>\r\n          <div class=\"col-md-7\">\r\n            <div class=\"card-block px-1\">\r\n              <h2 class=\"card-title\">\r\n                                    <a href=\"https:\/\/www.lesgets.com\/en\/details\/skilove-mont-chery-appartment-214238-En\/\">Skilove Mont Ch\u00e9ry Appartment<\/a>\r\n                              <\/h2>\r\n              <p class=\"classement\"><\/p>\r\n              <p class=\"card-text\">This 77m\u00b2 property can accommodate up to 6 people.<\/p>\r\n            <\/div>\r\n          <\/div>\r\n          <div class=\"col-md-2\">\r\n                            <a href=\"https:\/\/www.lesgets.com\/en\/details\/skilove-mont-chery-appartment-214238-En\/\" class=\"btn\">Learn more<\/a>\r\n                      <\/div>\r\n        <\/div>\r\n      <\/div>\r\n          <div class=\"card 7-10places 4-6pieces\">\r\n        <div class=\"row\">\r\n          <div class=\"col-md-3\">\r\n            <img decoding=\"async\" src=\"https:\/\/static.apidae-tourisme.com\/filestore\/objets-touristiques\/images\/102\/203\/1887078-fiche.jpg\" class=\"w-100\"\r\n                 alt=\"Image skilove1\">\r\n          <\/div>\r\n          <div class=\"col-md-7\">\r\n            <div class=\"card-block px-1\">\r\n              <h2 class=\"card-title\">\r\n                                    <a href=\"https:\/\/www.lesgets.com\/en\/details\/skilove-telemark-appartment-214237-En\/\">Skilove T\u00e9l\u00e9mark Appartment<\/a>\r\n                              <\/h2>\r\n              <p class=\"classement\"><\/p>\r\n              <p class=\"card-text\">This 95m\u00b2 property can accommodate up to 7 people.<\/p>\r\n            <\/div>\r\n          <\/div>\r\n          <div class=\"col-md-2\">\r\n                            <a href=\"https:\/\/www.lesgets.com\/en\/details\/skilove-telemark-appartment-214237-En\/\" class=\"btn\">Learn more<\/a>\r\n                      <\/div>\r\n        <\/div>\r\n      <\/div>\r\n          <div class=\"card 4etoiles 7-10places 4-6pieces\">\r\n        <div class=\"row\">\r\n          <div class=\"col-md-3\">\r\n            <img decoding=\"async\" src=\"https:\/\/static.apidae-tourisme.com\/filestore\/objets-touristiques\/images\/171\/187\/38124459-fiche.png\" class=\"w-100\"\r\n                 alt=\"Image aecdc3f23a9c46c52a58\">\r\n          <\/div>\r\n          <div class=\"col-md-7\">\r\n            <div class=\"card-block px-1\">\r\n              <h2 class=\"card-title\">\r\n                                    <a href=\"https:\/\/www.lesgets.com\/en\/details\/chalet-amitie-147347-En\/\">Chalet Amiti\u00e9<\/a>\r\n                              <\/h2>\r\n              <p class=\"classement\"><i class=\"label label-4toiles\">4 \u00e9toiles<\/i><\/p>\r\n              <p class=\"card-text\">Exceptional chalet of 170\u202fm\u00b2, accommodating up to 10 people<\/p>\r\n            <\/div>\r\n          <\/div>\r\n          <div class=\"col-md-2\">\r\n                            <a href=\"https:\/\/www.lesgets.com\/en\/details\/chalet-amitie-147347-En\/\" class=\"btn\">Learn more<\/a>\r\n                      <\/div>\r\n        <\/div>\r\n      <\/div>\r\n          <div class=\"card 3etoiles 4-6places 4-6pieces\">\r\n        <div class=\"row\">\r\n          <div class=\"col-md-3\">\r\n            <img decoding=\"async\" src=\"https:\/\/static.apidae-tourisme.com\/filestore\/objets-touristiques\/images\/166\/233\/39774630-fiche.jpg\" class=\"w-100\"\r\n                 alt=\"Image f5a6280fe9bb52b56a04ef1549b39651\">\r\n          <\/div>\r\n          <div class=\"col-md-7\">\r\n            <div class=\"card-block px-1\">\r\n              <h2 class=\"card-title\">\r\n                                    <a href=\"https:\/\/www.lesgets.com\/en\/details\/semi-detached-chalet-la-villaz-206914-En\/\">Semi-detached chalet La Villaz<\/a>\r\n                              <\/h2>\r\n              <p class=\"classement\"><i class=\"label label-3toiles\">3 \u00e9toiles<\/i><\/p>\r\n              <p class=\"card-text\">Renovated semi-detached farmhouse overlooking the resort, facing due south on the slope of Mt Ch\u00e9ry, located at an altitude of 1270 m and 2 km from the village centre and ski slopes.<\/p>\r\n            <\/div>\r\n          <\/div>\r\n          <div class=\"col-md-2\">\r\n                            <a href=\"https:\/\/www.lesgets.com\/en\/details\/semi-detached-chalet-la-villaz-206914-En\/\" class=\"btn\">Learn more<\/a>\r\n                      <\/div>\r\n        <\/div>\r\n      <\/div>\r\n          <div class=\"card 3etoiles 4-6places 0-3pieces\">\r\n        <div class=\"row\">\r\n          <div class=\"col-md-3\">\r\n            <img decoding=\"async\" src=\"https:\/\/static.apidae-tourisme.com\/filestore\/objets-touristiques\/images\/45\/141\/39816493-fiche.jpg\" class=\"w-100\"\r\n                 alt=\"Image Chez Rose1\">\r\n          <\/div>\r\n          <div class=\"col-md-7\">\r\n            <div class=\"card-block px-1\">\r\n              <h2 class=\"card-title\">\r\n                                    <a href=\"https:\/\/www.lesgets.com\/en\/details\/chez-rose-206554-En\/\">Chez Rose<\/a>\r\n                              <\/h2>\r\n              <p class=\"classement\"><i class=\"label label-3toiles\">3 \u00e9toiles<\/i><\/p>\r\n              <p class=\"card-text\">This 69 m\u00b2 accommodation can sleep up to 5 people.<\/p>\r\n            <\/div>\r\n          <\/div>\r\n          <div class=\"col-md-2\">\r\n                            <a href=\"https:\/\/www.lesgets.com\/en\/details\/chez-rose-206554-En\/\" class=\"btn\">Learn more<\/a>\r\n                      <\/div>\r\n        <\/div>\r\n      <\/div>\r\n          <div class=\"card 3etoiles 7-10places 4-6pieces\">\r\n        <div class=\"row\">\r\n          <div class=\"col-md-3\">\r\n            <img decoding=\"async\" src=\"https:\/\/static.apidae-tourisme.com\/filestore\/objets-touristiques\/images\/49\/239\/39776049-fiche.jpg\" class=\"w-100\"\r\n                 alt=\"Image Gueret-IMG_8548\">\r\n          <\/div>\r\n          <div class=\"col-md-7\">\r\n            <div class=\"card-block px-1\">\r\n              <h2 class=\"card-title\">\r\n                                    <a href=\"https:\/\/www.lesgets.com\/en\/details\/la-ferme-des-rouzalets-6066327-En\/\">La ferme des Rouzalets<\/a>\r\n                              <\/h2>\r\n              <p class=\"classement\"><i class=\"label label-3toiles\">3 \u00e9toiles<\/i><\/p>\r\n              <p class=\"card-text\">3-star apartment, private garden, sauna, multipass<\/p>\r\n            <\/div>\r\n          <\/div>\r\n          <div class=\"col-md-2\">\r\n                            <a href=\"https:\/\/www.lesgets.com\/en\/details\/la-ferme-des-rouzalets-6066327-En\/\" class=\"btn\">Learn more<\/a>\r\n                      <\/div>\r\n        <\/div>\r\n      <\/div>\r\n          <div class=\"card 3etoiles 7-10places 4-6pieces\">\r\n        <div class=\"row\">\r\n          <div class=\"col-md-3\">\r\n            <img decoding=\"async\" src=\"https:\/\/static.apidae-tourisme.com\/filestore\/objets-touristiques\/images\/134\/230\/39773830-fiche.png\" class=\"w-100\"\r\n                 alt=\"Image Cristal-1\">\r\n          <\/div>\r\n          <div class=\"col-md-7\">\r\n            <div class=\"card-block px-1\">\r\n              <h2 class=\"card-title\">\r\n                                    <a href=\"https:\/\/www.lesgets.com\/en\/details\/le-cristal-n1-6577334-En\/\">Le Cristal N\u00b01<\/a>\r\n                              <\/h2>\r\n              <p class=\"classement\"><i class=\"label label-3toiles\">3 \u00e9toiles<\/i><\/p>\r\n              <p class=\"card-text\">The Cristal apartment is located less than 100\u202fmeters from the Mont Ch\u00e9ry and Chavannes ski lifts and the ESF meeting point<\/p>\r\n            <\/div>\r\n          <\/div>\r\n          <div class=\"col-md-2\">\r\n                            <a href=\"https:\/\/www.lesgets.com\/en\/details\/le-cristal-n1-6577334-En\/\" class=\"btn\">Learn more<\/a>\r\n                      <\/div>\r\n        <\/div>\r\n      <\/div>\r\n          <div class=\"card 4-6places 0-3pieces\">\r\n        <div class=\"row\">\r\n          <div class=\"col-md-3\">\r\n            <img decoding=\"async\" src=\"https:\/\/static.apidae-tourisme.com\/filestore\/objets-touristiques\/images\/55\/240\/39776311-fiche.jpg\" class=\"w-100\"\r\n                 alt=\"Image 1920x1440_1-1sejour-882\">\r\n          <\/div>\r\n          <div class=\"col-md-7\">\r\n            <div class=\"card-block px-1\">\r\n              <h2 class=\"card-title\">\r\n                                    <a href=\"https:\/\/www.lesgets.com\/en\/details\/le-retour-aux-neiges-214223-En\/\">Le retour aux neiges<\/a>\r\n                              <\/h2>\r\n              <p class=\"classement\"><\/p>\r\n              <p class=\"card-text\">2-room apartment of 36\u202fm\u00b2 accommodating up to 4 people<\/p>\r\n            <\/div>\r\n          <\/div>\r\n          <div class=\"col-md-2\">\r\n                            <a href=\"https:\/\/www.lesgets.com\/en\/details\/le-retour-aux-neiges-214223-En\/\" class=\"btn\">Learn more<\/a>\r\n                      <\/div>\r\n        <\/div>\r\n      <\/div>\r\n      <\/div>\r\n<!--END ITEMS APIDAE -->\r\n\r\n<!--BEGIN PAGINATOR -->\r\n  \r\n<nav>\r\n    <ul class=\"pagination text-center\">\r\n        <li class=\"page-item disabled\">\r\n            <a class=\"page-link\" href=\"https:\/\/www.lesgets.com\/en\/wp-json\/wp\/v2\/pages\/12669\/\" tabindex=\"-1\">Pr\u00e9c\u00e9dent<\/a>\r\n        <\/li>\r\n                                    <li class=\"page-item active\">\r\n                    <a class=\"page-link\" href=\"https:\/\/www.lesgets.com\/en\/wp-json\/wp\/v2\/pages\/12669\/\">1                        <span class=\"sr-only\">(current)<\/span>\r\n                    <\/a>\r\n                <\/li>\r\n                                                <li class=\"page-item\">\r\n                    <a class=\"page-link\" href=\"https:\/\/www.lesgets.com\/en\/wp-json\/wp\/v2\/pages\/12669\/?paged=2\">2<\/a>\r\n                <\/li>\r\n                    \r\n        <li class=\"page-item \">\r\n            <a class=\"page-link\" href=\"https:\/\/www.lesgets.com\/en\/wp-json\/wp\/v2\/pages\/12669\/?paged=2\">Suivant<\/a>\r\n        <\/li>\r\n\r\n    <\/ul>\r\n<\/nav><!--BEGIN PAGINATOR --><\/div>","protected":false},"excerpt":{"rendered":"<p>Find here the list of restaurants and bars in the resort that are accessible and adapted to welcome people with disabilities.<\/p>\n","protected":false},"author":4,"featured_media":8315,"parent":12632,"menu_order":2,"comment_status":"closed","ping_status":"closed","template":"","meta":{"_acf_changed":false,"footnotes":""},"class_list":["post-12669","page","type-page","status-publish","has-post-thumbnail","hentry"],"acf":[],"yoast_head":"<!-- This site is optimized with the Yoast SEO plugin v27.2 - https:\/\/yoast.com\/product\/yoast-seo-wordpress\/ -->\n<title>Restaurants and bars - Adapted tourism - Les Gets for everyone<\/title>\n<meta name=\"description\" content=\"Find here the list of restaurants and bars in the resort that are accessible and adapted to welcome people with disabilities.\" \/>\n<meta name=\"robots\" content=\"index, follow, max-snippet:-1, max-image-preview:large, max-video-preview:-1\" \/>\n<link rel=\"canonical\" href=\"https:\/\/www.lesgets.com\/en\/discover-the-resort\/mountain-resort\/adapted-tourism\/restaurants-and-bars\/\" \/>\n<meta property=\"og:locale\" content=\"en_US\" \/>\n<meta property=\"og:type\" content=\"article\" \/>\n<meta property=\"og:title\" content=\"Restaurants and bars - Adapted tourism - Les Gets for everyone\" \/>\n<meta property=\"og:description\" content=\"Find here the list of restaurants and bars in the resort that are accessible and adapted to welcome people with disabilities.\" \/>\n<meta property=\"og:url\" content=\"https:\/\/www.lesgets.com\/en\/discover-the-resort\/mountain-resort\/adapted-tourism\/restaurants-and-bars\/\" \/>\n<meta property=\"og:site_name\" content=\"Les Gets\" \/>\n<meta property=\"article:modified_time\" content=\"2020-06-03T09:20:54+00:00\" \/>\n<meta property=\"og:image\" content=\"https:\/\/www.lesgets.com\/..\/app\/uploads\/2020\/05\/LesGets_2019_restos_bars_KenoDerleyn_04.jpg\" \/>\n\t<meta property=\"og:image:width\" content=\"1920\" \/>\n\t<meta property=\"og:image:height\" content=\"1280\" \/>\n\t<meta property=\"og:image:type\" content=\"image\/jpeg\" \/>\n<meta name=\"twitter:card\" content=\"summary_large_image\" \/>\n<script type=\"application\/ld+json\" class=\"yoast-schema-graph\">{\"@context\":\"https:\/\/schema.org\",\"@graph\":[{\"@type\":\"WebPage\",\"@id\":\"https:\/\/www.lesgets.com\/en\/discover-the-resort\/mountain-resort\/adapted-tourism\/restaurants-and-bars\/\",\"url\":\"https:\/\/www.lesgets.com\/en\/discover-the-resort\/mountain-resort\/adapted-tourism\/restaurants-and-bars\/\",\"name\":\"Restaurants and bars - Adapted tourism - Les Gets for everyone\",\"isPartOf\":{\"@id\":\"https:\/\/www.lesgets.com\/en\/#website\"},\"primaryImageOfPage\":{\"@id\":\"https:\/\/www.lesgets.com\/en\/discover-the-resort\/mountain-resort\/adapted-tourism\/restaurants-and-bars\/#primaryimage\"},\"image\":{\"@id\":\"https:\/\/www.lesgets.com\/en\/discover-the-resort\/mountain-resort\/adapted-tourism\/restaurants-and-bars\/#primaryimage\"},\"thumbnailUrl\":\"https:\/\/www.lesgets.com\/wp\/..\/app\/uploads\/2020\/05\/LesGets_2019_restos_bars_KenoDerleyn_04.jpg\",\"datePublished\":\"2020-06-01T13:14:00+00:00\",\"dateModified\":\"2020-06-03T09:20:54+00:00\",\"description\":\"Find here the list of restaurants and bars in the resort that are accessible and adapted to welcome people with disabilities.\",\"breadcrumb\":{\"@id\":\"https:\/\/www.lesgets.com\/en\/discover-the-resort\/mountain-resort\/adapted-tourism\/restaurants-and-bars\/#breadcrumb\"},\"inLanguage\":\"en-US\",\"potentialAction\":[{\"@type\":\"ReadAction\",\"target\":[\"https:\/\/www.lesgets.com\/en\/discover-the-resort\/mountain-resort\/adapted-tourism\/restaurants-and-bars\/\"]}]},{\"@type\":\"ImageObject\",\"inLanguage\":\"en-US\",\"@id\":\"https:\/\/www.lesgets.com\/en\/discover-the-resort\/mountain-resort\/adapted-tourism\/restaurants-and-bars\/#primaryimage\",\"url\":\"https:\/\/www.lesgets.com\/wp\/..\/app\/uploads\/2020\/05\/LesGets_2019_restos_bars_KenoDerleyn_04.jpg\",\"contentUrl\":\"https:\/\/www.lesgets.com\/wp\/..\/app\/uploads\/2020\/05\/LesGets_2019_restos_bars_KenoDerleyn_04.jpg\",\"width\":1920,\"height\":1280,\"caption\":\"Friends who choose their menus at the restaurant\"},{\"@type\":\"BreadcrumbList\",\"@id\":\"https:\/\/www.lesgets.com\/en\/discover-the-resort\/mountain-resort\/adapted-tourism\/restaurants-and-bars\/#breadcrumb\",\"itemListElement\":[{\"@type\":\"ListItem\",\"position\":1,\"name\":\"Home\",\"item\":\"https:\/\/www.lesgets.com\/en\/\"},{\"@type\":\"ListItem\",\"position\":2,\"name\":\"Discover the resort\",\"item\":\"https:\/\/www.lesgets.com\/en\/discover-the-resort\/\"},{\"@type\":\"ListItem\",\"position\":3,\"name\":\"Charming resort and village\",\"item\":\"https:\/\/www.lesgets.com\/en\/discover-the-resort\/mountain-resort\/\"},{\"@type\":\"ListItem\",\"position\":4,\"name\":\"Adapted tourism\",\"item\":\"https:\/\/www.lesgets.com\/en\/discover-the-resort\/mountain-resort\/adapted-tourism\/\"},{\"@type\":\"ListItem\",\"position\":5,\"name\":\"Restaurants and bars\"}]},{\"@type\":\"WebSite\",\"@id\":\"https:\/\/www.lesgets.com\/en\/#website\",\"url\":\"https:\/\/www.lesgets.com\/en\/\",\"name\":\"Les Gets\",\"description\":\"\",\"publisher\":{\"@id\":\"https:\/\/www.lesgets.com\/en\/#organization\"},\"potentialAction\":[{\"@type\":\"SearchAction\",\"target\":{\"@type\":\"EntryPoint\",\"urlTemplate\":\"https:\/\/www.lesgets.com\/en\/?s={search_term_string}\"},\"query-input\":{\"@type\":\"PropertyValueSpecification\",\"valueRequired\":true,\"valueName\":\"search_term_string\"}}],\"inLanguage\":\"en-US\"},{\"@type\":\"Organization\",\"@id\":\"https:\/\/www.lesgets.com\/en\/#organization\",\"name\":\"Les Gets\",\"url\":\"https:\/\/www.lesgets.com\/en\/\",\"logo\":{\"@type\":\"ImageObject\",\"inLanguage\":\"en-US\",\"@id\":\"https:\/\/www.lesgets.com\/en\/#\/schema\/logo\/image\/\",\"url\":\"https:\/\/www.lesgets.com\/wp\/..\/app\/uploads\/2020\/06\/logo_lesgets.png\",\"contentUrl\":\"https:\/\/www.lesgets.com\/wp\/..\/app\/uploads\/2020\/06\/logo_lesgets.png\",\"width\":136,\"height\":115,\"caption\":\"Les Gets\"},\"image\":{\"@id\":\"https:\/\/www.lesgets.com\/en\/#\/schema\/logo\/image\/\"}}]}<\/script>\n<!-- \/ Yoast SEO plugin. -->","yoast_head_json":{"title":"Restaurants and bars - Adapted tourism - Les Gets for everyone","description":"Find here the list of restaurants and bars in the resort that are accessible and adapted to welcome people with disabilities.","robots":{"index":"index","follow":"follow","max-snippet":"max-snippet:-1","max-image-preview":"max-image-preview:large","max-video-preview":"max-video-preview:-1"},"canonical":"https:\/\/www.lesgets.com\/en\/discover-the-resort\/mountain-resort\/adapted-tourism\/restaurants-and-bars\/","og_locale":"en_US","og_type":"article","og_title":"Restaurants and bars - Adapted tourism - Les Gets for everyone","og_description":"Find here the list of restaurants and bars in the resort that are accessible and adapted to welcome people with disabilities.","og_url":"https:\/\/www.lesgets.com\/en\/discover-the-resort\/mountain-resort\/adapted-tourism\/restaurants-and-bars\/","og_site_name":"Les Gets","article_modified_time":"2020-06-03T09:20:54+00:00","og_image":[{"width":1920,"height":1280,"url":"https:\/\/www.lesgets.com\/..\/app\/uploads\/2020\/05\/LesGets_2019_restos_bars_KenoDerleyn_04.jpg","type":"image\/jpeg"}],"twitter_card":"summary_large_image","schema":{"@context":"https:\/\/schema.org","@graph":[{"@type":"WebPage","@id":"https:\/\/www.lesgets.com\/en\/discover-the-resort\/mountain-resort\/adapted-tourism\/restaurants-and-bars\/","url":"https:\/\/www.lesgets.com\/en\/discover-the-resort\/mountain-resort\/adapted-tourism\/restaurants-and-bars\/","name":"Restaurants and bars - Adapted tourism - Les Gets for everyone","isPartOf":{"@id":"https:\/\/www.lesgets.com\/en\/#website"},"primaryImageOfPage":{"@id":"https:\/\/www.lesgets.com\/en\/discover-the-resort\/mountain-resort\/adapted-tourism\/restaurants-and-bars\/#primaryimage"},"image":{"@id":"https:\/\/www.lesgets.com\/en\/discover-the-resort\/mountain-resort\/adapted-tourism\/restaurants-and-bars\/#primaryimage"},"thumbnailUrl":"https:\/\/www.lesgets.com\/wp\/..\/app\/uploads\/2020\/05\/LesGets_2019_restos_bars_KenoDerleyn_04.jpg","datePublished":"2020-06-01T13:14:00+00:00","dateModified":"2020-06-03T09:20:54+00:00","description":"Find here the list of restaurants and bars in the resort that are accessible and adapted to welcome people with disabilities.","breadcrumb":{"@id":"https:\/\/www.lesgets.com\/en\/discover-the-resort\/mountain-resort\/adapted-tourism\/restaurants-and-bars\/#breadcrumb"},"inLanguage":"en-US","potentialAction":[{"@type":"ReadAction","target":["https:\/\/www.lesgets.com\/en\/discover-the-resort\/mountain-resort\/adapted-tourism\/restaurants-and-bars\/"]}]},{"@type":"ImageObject","inLanguage":"en-US","@id":"https:\/\/www.lesgets.com\/en\/discover-the-resort\/mountain-resort\/adapted-tourism\/restaurants-and-bars\/#primaryimage","url":"https:\/\/www.lesgets.com\/wp\/..\/app\/uploads\/2020\/05\/LesGets_2019_restos_bars_KenoDerleyn_04.jpg","contentUrl":"https:\/\/www.lesgets.com\/wp\/..\/app\/uploads\/2020\/05\/LesGets_2019_restos_bars_KenoDerleyn_04.jpg","width":1920,"height":1280,"caption":"Friends who choose their menus at the restaurant"},{"@type":"BreadcrumbList","@id":"https:\/\/www.lesgets.com\/en\/discover-the-resort\/mountain-resort\/adapted-tourism\/restaurants-and-bars\/#breadcrumb","itemListElement":[{"@type":"ListItem","position":1,"name":"Home","item":"https:\/\/www.lesgets.com\/en\/"},{"@type":"ListItem","position":2,"name":"Discover the resort","item":"https:\/\/www.lesgets.com\/en\/discover-the-resort\/"},{"@type":"ListItem","position":3,"name":"Charming resort and village","item":"https:\/\/www.lesgets.com\/en\/discover-the-resort\/mountain-resort\/"},{"@type":"ListItem","position":4,"name":"Adapted tourism","item":"https:\/\/www.lesgets.com\/en\/discover-the-resort\/mountain-resort\/adapted-tourism\/"},{"@type":"ListItem","position":5,"name":"Restaurants and bars"}]},{"@type":"WebSite","@id":"https:\/\/www.lesgets.com\/en\/#website","url":"https:\/\/www.lesgets.com\/en\/","name":"Les Gets","description":"","publisher":{"@id":"https:\/\/www.lesgets.com\/en\/#organization"},"potentialAction":[{"@type":"SearchAction","target":{"@type":"EntryPoint","urlTemplate":"https:\/\/www.lesgets.com\/en\/?s={search_term_string}"},"query-input":{"@type":"PropertyValueSpecification","valueRequired":true,"valueName":"search_term_string"}}],"inLanguage":"en-US"},{"@type":"Organization","@id":"https:\/\/www.lesgets.com\/en\/#organization","name":"Les Gets","url":"https:\/\/www.lesgets.com\/en\/","logo":{"@type":"ImageObject","inLanguage":"en-US","@id":"https:\/\/www.lesgets.com\/en\/#\/schema\/logo\/image\/","url":"https:\/\/www.lesgets.com\/wp\/..\/app\/uploads\/2020\/06\/logo_lesgets.png","contentUrl":"https:\/\/www.lesgets.com\/wp\/..\/app\/uploads\/2020\/06\/logo_lesgets.png","width":136,"height":115,"caption":"Les Gets"},"image":{"@id":"https:\/\/www.lesgets.com\/en\/#\/schema\/logo\/image\/"}}]}},"featured_image_src":"https:\/\/www.lesgets.com\/wp\/..\/app\/uploads\/2020\/05\/LesGets_2019_restos_bars_KenoDerleyn_04.jpg","featured_image_src_square":"https:\/\/www.lesgets.com\/wp\/..\/app\/uploads\/2020\/05\/LesGets_2019_restos_bars_KenoDerleyn_04.jpg","_links":{"self":[{"href":"https:\/\/www.lesgets.com\/en\/wp-json\/wp\/v2\/pages\/12669","targetHints":{"allow":["GET"]}}],"collection":[{"href":"https:\/\/www.lesgets.com\/en\/wp-json\/wp\/v2\/pages"}],"about":[{"href":"https:\/\/www.lesgets.com\/en\/wp-json\/wp\/v2\/types\/page"}],"author":[{"embeddable":true,"href":"https:\/\/www.lesgets.com\/en\/wp-json\/wp\/v2\/users\/4"}],"replies":[{"embeddable":true,"href":"https:\/\/www.lesgets.com\/en\/wp-json\/wp\/v2\/comments?post=12669"}],"version-history":[{"count":4,"href":"https:\/\/www.lesgets.com\/en\/wp-json\/wp\/v2\/pages\/12669\/revisions"}],"predecessor-version":[{"id":12888,"href":"https:\/\/www.lesgets.com\/en\/wp-json\/wp\/v2\/pages\/12669\/revisions\/12888"}],"up":[{"embeddable":true,"href":"https:\/\/www.lesgets.com\/en\/wp-json\/wp\/v2\/pages\/12632"}],"wp:featuredmedia":[{"embeddable":true,"href":"https:\/\/www.lesgets.com\/en\/wp-json\/wp\/v2\/media\/8315"}],"wp:attachment":[{"href":"https:\/\/www.lesgets.com\/en\/wp-json\/wp\/v2\/media?parent=12669"}],"curies":[{"name":"wp","href":"https:\/\/api.w.org\/{rel}","templated":true}]}}