{"id":12945,"date":"2020-06-03T15:12:49","date_gmt":"2020-06-03T13:12:49","guid":{"rendered":"https:\/\/www.lesgets.com\/vtt\/"},"modified":"2021-08-31T09:42:02","modified_gmt":"2021-08-31T07:42:02","slug":"mtb","status":"publish","type":"page","link":"https:\/\/www.lesgets.com\/en\/what-to-do\/summer-activities\/sports\/mtb\/","title":{"rendered":"MTB"},"content":{"rendered":"<div class=\"block block-core-spacer\">\n<div style=\"height:50px\" aria-hidden=\"true\" class=\"wp-block-spacer\"><\/div>\n<\/div>\n\n<p>As part of the Portes du Soleil area and its 12 Franco-Swiss resorts, Les Gets is a pioneering destination for mountain biking and leisure cycling, with a <a href=\"https:\/\/www.lesgets.com\/en\/discover-the-resort\/bike\/\" target=\"_blank\" rel=\"noopener noreferrer\">Bikepark<\/a> accessible to all levels of practice.<\/p>\n<p>\u00a0<\/p>\n<p>Find all the information on the official Les Gets website dedicated to cycling:<\/p>\n\n<div class=\"block block-core-button\">\n<div class=\"wp-block-button\"><a class=\"wp-block-button__link\" href=\"https:\/\/www.lesgets.bike\/en\/\">lesgets.bike<\/a><\/div>\n<\/div>\n\n<div class=\"block block-core-paragraph\">\n<p>To help you prepare your cycling holiday with us, here is a list of schools and rental providers in the resort. <\/p>\n<\/div>\n\n<div class=\"block block-genesis-custom-blocks-pushs\">    <div class=\"pushs-inside blanc\">\r\n        <div class=\"container\">\r\n            <div class=\"row\">\r\n                                        <div class=\"col-4\">\r\n                            <a href=\"https:\/\/www.lesgets.com\/en\/what-to-do\/summer-activities\/sports\/mtb\/mtb-schools\/\">\r\n                                <div class=\"img\"><img decoding=\"async\" src=\"https:\/\/www.lesgets.com\/wp\/..\/app\/uploads\/2020\/05\/VTT_Enfants_Cours2_Les_Gets_Bike_School-1-1920x1080.jpg\" alt=\"Enfants prenant des cours de VTT en \u00e9t\u00e9\">\r\n                                <\/div>\r\n                                <div class=\"conteneur\">\r\n                                    <h3>MTB schools<\/h3>\r\n                                    <p>Find all the schools to introduce you to the practice of mountain biking, to improve your skills or to explore the mountain biking area while being supervised. <\/p>\r\n                                <\/div>\r\n                            <\/a>\r\n                        <\/div>\r\n                                                <div class=\"col-4\">\r\n                            <a href=\"https:\/\/www.lesgets.com\/en\/what-to-do\/summer-activities\/sports\/mtb\/cycling-schools\/\">\r\n                                <div class=\"img\"><img decoding=\"async\" src=\"https:\/\/www.lesgets.com\/wp\/..\/app\/uploads\/2020\/05\/LesGets_2019_ve\u0301loderoute_Mel_Carle_06-1920x1080.jpg\" alt=\"Cyclistes en \u00e9t\u00e9 sur une route de montagne\">\r\n                                <\/div>\r\n                                <div class=\"conteneur\">\r\n                                    <h3>Cycling schools<\/h3>\r\n                                    <p>Find the schools to introduce you to road biking, to improve your skills or to explore the area while being supervised. <\/p>\r\n                                <\/div>\r\n                            <\/a>\r\n                        <\/div>\r\n                                                <div class=\"col-4\">\r\n                            <a href=\"https:\/\/www.lesgets.com\/en\/what-to-do\/summer-activities\/sports\/mtb\/bike-rental-and-equipment-repair\/\">\r\n                                <div class=\"img\"><img decoding=\"async\" src=\"https:\/\/www.lesgets.com\/wp\/..\/app\/uploads\/2020\/05\/Ouverture_Bikepark_V.Ducrettet-7-1920x1080.jpg\" alt=\"Group of friends on mountain bikes in summer\">\r\n                                <\/div>\r\n                                <div class=\"conteneur\">\r\n                                    <h3>Bike rental and equipment repair<\/h3>\r\n                                    <p>You will find here all providers of bike rental (mountain bike, road bike, electric bike\/mountain bike&#8230;) and equipment repair. <\/p>\r\n                                <\/div>\r\n                            <\/a>\r\n                        <\/div>\r\n                                    <\/div>\r\n        <\/div>\r\n    <\/div>\r\n<\/div>","protected":false},"excerpt":{"rendered":"<p>Find all the practical information relating to mountain biking and cycling in Les Gets: mountain biking schools, cycling schools, bike hire, equipment repair&#8230;<\/p>\n","protected":false},"author":4,"featured_media":9565,"parent":13053,"menu_order":0,"comment_status":"closed","ping_status":"closed","template":"","meta":{"_acf_changed":false,"footnotes":""},"class_list":["post-12945","page","type-page","status-publish","has-post-thumbnail","hentry"],"acf":[],"yoast_head":"<!-- This site is optimized with the Yoast SEO plugin v27.3 - https:\/\/yoast.com\/product\/yoast-seo-wordpress\/ -->\n<title>MTB - Practical information - All summer activities in Les Gets<\/title>\n<meta name=\"description\" content=\"Find all the practical information relating to mountain biking and cycling in Les Gets: mountain biking schools, cycling schools, bike hire, equipment repair...\" \/>\n<meta name=\"robots\" content=\"index, follow, max-snippet:-1, max-image-preview:large, max-video-preview:-1\" \/>\n<link rel=\"canonical\" href=\"https:\/\/www.lesgets.com\/en\/what-to-do\/summer-activities\/sports\/mtb\/\" \/>\n<meta property=\"og:locale\" content=\"en_US\" \/>\n<meta property=\"og:type\" content=\"article\" \/>\n<meta property=\"og:title\" content=\"MTB - Practical information - All summer activities in Les Gets\" \/>\n<meta property=\"og:description\" content=\"Find all the practical information relating to mountain biking and cycling in Les Gets: mountain biking schools, cycling schools, bike hire, equipment repair...\" \/>\n<meta property=\"og:url\" content=\"https:\/\/www.lesgets.com\/en\/what-to-do\/summer-activities\/sports\/mtb\/\" \/>\n<meta property=\"og:site_name\" content=\"Les Gets\" \/>\n<meta property=\"article:modified_time\" content=\"2021-08-31T07:42:02+00:00\" \/>\n<meta property=\"og:image\" content=\"https:\/\/www.lesgets.com\/..\/app\/uploads\/2020\/05\/VTT_Passportes3_Laurent_Reviron.jpg\" \/>\n\t<meta property=\"og:image:width\" content=\"2560\" \/>\n\t<meta property=\"og:image:height\" content=\"1707\" \/>\n\t<meta property=\"og:image:type\" content=\"image\/jpeg\" \/>\n<meta name=\"twitter:card\" content=\"summary_large_image\" \/>\n<script type=\"application\/ld+json\" class=\"yoast-schema-graph\">{\"@context\":\"https:\\\/\\\/schema.org\",\"@graph\":[{\"@type\":\"WebPage\",\"@id\":\"https:\\\/\\\/www.lesgets.com\\\/en\\\/what-to-do\\\/summer-activities\\\/sports\\\/mtb\\\/\",\"url\":\"https:\\\/\\\/www.lesgets.com\\\/en\\\/what-to-do\\\/summer-activities\\\/sports\\\/mtb\\\/\",\"name\":\"MTB - Practical information - All summer activities in Les Gets\",\"isPartOf\":{\"@id\":\"https:\\\/\\\/www.lesgets.com\\\/en\\\/#website\"},\"primaryImageOfPage\":{\"@id\":\"https:\\\/\\\/www.lesgets.com\\\/en\\\/what-to-do\\\/summer-activities\\\/sports\\\/mtb\\\/#primaryimage\"},\"image\":{\"@id\":\"https:\\\/\\\/www.lesgets.com\\\/en\\\/what-to-do\\\/summer-activities\\\/sports\\\/mtb\\\/#primaryimage\"},\"thumbnailUrl\":\"https:\\\/\\\/www.lesgets.com\\\/wp\\\/..\\\/app\\\/uploads\\\/2020\\\/05\\\/VTT_Passportes3_Laurent_Reviron.jpg\",\"datePublished\":\"2020-06-03T13:12:49+00:00\",\"dateModified\":\"2021-08-31T07:42:02+00:00\",\"description\":\"Find all the practical information relating to mountain biking and cycling in Les Gets: mountain biking schools, cycling schools, bike hire, equipment repair...\",\"breadcrumb\":{\"@id\":\"https:\\\/\\\/www.lesgets.com\\\/en\\\/what-to-do\\\/summer-activities\\\/sports\\\/mtb\\\/#breadcrumb\"},\"inLanguage\":\"en-US\",\"potentialAction\":[{\"@type\":\"ReadAction\",\"target\":[\"https:\\\/\\\/www.lesgets.com\\\/en\\\/what-to-do\\\/summer-activities\\\/sports\\\/mtb\\\/\"]}]},{\"@type\":\"ImageObject\",\"inLanguage\":\"en-US\",\"@id\":\"https:\\\/\\\/www.lesgets.com\\\/en\\\/what-to-do\\\/summer-activities\\\/sports\\\/mtb\\\/#primaryimage\",\"url\":\"https:\\\/\\\/www.lesgets.com\\\/wp\\\/..\\\/app\\\/uploads\\\/2020\\\/05\\\/VTT_Passportes3_Laurent_Reviron.jpg\",\"contentUrl\":\"https:\\\/\\\/www.lesgets.com\\\/wp\\\/..\\\/app\\\/uploads\\\/2020\\\/05\\\/VTT_Passportes3_Laurent_Reviron.jpg\",\"width\":2560,\"height\":1707,\"caption\":\"Hommes faisant du VTT en \u00e9t\u00e9 sur les cr\u00eates avec montagnes en fond\"},{\"@type\":\"BreadcrumbList\",\"@id\":\"https:\\\/\\\/www.lesgets.com\\\/en\\\/what-to-do\\\/summer-activities\\\/sports\\\/mtb\\\/#breadcrumb\",\"itemListElement\":[{\"@type\":\"ListItem\",\"position\":1,\"name\":\"Home\",\"item\":\"https:\\\/\\\/www.lesgets.com\\\/en\\\/\"},{\"@type\":\"ListItem\",\"position\":2,\"name\":\"What to do?\",\"item\":\"https:\\\/\\\/www.lesgets.com\\\/en\\\/what-to-do\\\/\"},{\"@type\":\"ListItem\",\"position\":3,\"name\":\"Summer activities\",\"item\":\"https:\\\/\\\/www.lesgets.com\\\/en\\\/what-to-do\\\/summer-activities\\\/\"},{\"@type\":\"ListItem\",\"position\":4,\"name\":\"Sports &#038; outdoor activities\",\"item\":\"https:\\\/\\\/www.lesgets.com\\\/en\\\/what-to-do\\\/summer-activities\\\/sports\\\/\"},{\"@type\":\"ListItem\",\"position\":5,\"name\":\"MTB\"}]},{\"@type\":\"WebSite\",\"@id\":\"https:\\\/\\\/www.lesgets.com\\\/en\\\/#website\",\"url\":\"https:\\\/\\\/www.lesgets.com\\\/en\\\/\",\"name\":\"Les Gets\",\"description\":\"\",\"publisher\":{\"@id\":\"https:\\\/\\\/www.lesgets.com\\\/en\\\/#organization\"},\"potentialAction\":[{\"@type\":\"SearchAction\",\"target\":{\"@type\":\"EntryPoint\",\"urlTemplate\":\"https:\\\/\\\/www.lesgets.com\\\/en\\\/?s={search_term_string}\"},\"query-input\":{\"@type\":\"PropertyValueSpecification\",\"valueRequired\":true,\"valueName\":\"search_term_string\"}}],\"inLanguage\":\"en-US\"},{\"@type\":\"Organization\",\"@id\":\"https:\\\/\\\/www.lesgets.com\\\/en\\\/#organization\",\"name\":\"Les Gets\",\"url\":\"https:\\\/\\\/www.lesgets.com\\\/en\\\/\",\"logo\":{\"@type\":\"ImageObject\",\"inLanguage\":\"en-US\",\"@id\":\"https:\\\/\\\/www.lesgets.com\\\/en\\\/#\\\/schema\\\/logo\\\/image\\\/\",\"url\":\"https:\\\/\\\/www.lesgets.com\\\/wp\\\/..\\\/app\\\/uploads\\\/2020\\\/06\\\/logo_lesgets.png\",\"contentUrl\":\"https:\\\/\\\/www.lesgets.com\\\/wp\\\/..\\\/app\\\/uploads\\\/2020\\\/06\\\/logo_lesgets.png\",\"width\":136,\"height\":115,\"caption\":\"Les Gets\"},\"image\":{\"@id\":\"https:\\\/\\\/www.lesgets.com\\\/en\\\/#\\\/schema\\\/logo\\\/image\\\/\"}}]}<\/script>\n<!-- \/ Yoast SEO plugin. -->","yoast_head_json":{"title":"MTB - Practical information - All summer activities in Les Gets","description":"Find all the practical information relating to mountain biking and cycling in Les Gets: mountain biking schools, cycling schools, bike hire, equipment repair...","robots":{"index":"index","follow":"follow","max-snippet":"max-snippet:-1","max-image-preview":"max-image-preview:large","max-video-preview":"max-video-preview:-1"},"canonical":"https:\/\/www.lesgets.com\/en\/what-to-do\/summer-activities\/sports\/mtb\/","og_locale":"en_US","og_type":"article","og_title":"MTB - Practical information - All summer activities in Les Gets","og_description":"Find all the practical information relating to mountain biking and cycling in Les Gets: mountain biking schools, cycling schools, bike hire, equipment repair...","og_url":"https:\/\/www.lesgets.com\/en\/what-to-do\/summer-activities\/sports\/mtb\/","og_site_name":"Les Gets","article_modified_time":"2021-08-31T07:42:02+00:00","og_image":[{"width":2560,"height":1707,"url":"https:\/\/www.lesgets.com\/..\/app\/uploads\/2020\/05\/VTT_Passportes3_Laurent_Reviron.jpg","type":"image\/jpeg"}],"twitter_card":"summary_large_image","schema":{"@context":"https:\/\/schema.org","@graph":[{"@type":"WebPage","@id":"https:\/\/www.lesgets.com\/en\/what-to-do\/summer-activities\/sports\/mtb\/","url":"https:\/\/www.lesgets.com\/en\/what-to-do\/summer-activities\/sports\/mtb\/","name":"MTB - Practical information - All summer activities in Les Gets","isPartOf":{"@id":"https:\/\/www.lesgets.com\/en\/#website"},"primaryImageOfPage":{"@id":"https:\/\/www.lesgets.com\/en\/what-to-do\/summer-activities\/sports\/mtb\/#primaryimage"},"image":{"@id":"https:\/\/www.lesgets.com\/en\/what-to-do\/summer-activities\/sports\/mtb\/#primaryimage"},"thumbnailUrl":"https:\/\/www.lesgets.com\/wp\/..\/app\/uploads\/2020\/05\/VTT_Passportes3_Laurent_Reviron.jpg","datePublished":"2020-06-03T13:12:49+00:00","dateModified":"2021-08-31T07:42:02+00:00","description":"Find all the practical information relating to mountain biking and cycling in Les Gets: mountain biking schools, cycling schools, bike hire, equipment repair...","breadcrumb":{"@id":"https:\/\/www.lesgets.com\/en\/what-to-do\/summer-activities\/sports\/mtb\/#breadcrumb"},"inLanguage":"en-US","potentialAction":[{"@type":"ReadAction","target":["https:\/\/www.lesgets.com\/en\/what-to-do\/summer-activities\/sports\/mtb\/"]}]},{"@type":"ImageObject","inLanguage":"en-US","@id":"https:\/\/www.lesgets.com\/en\/what-to-do\/summer-activities\/sports\/mtb\/#primaryimage","url":"https:\/\/www.lesgets.com\/wp\/..\/app\/uploads\/2020\/05\/VTT_Passportes3_Laurent_Reviron.jpg","contentUrl":"https:\/\/www.lesgets.com\/wp\/..\/app\/uploads\/2020\/05\/VTT_Passportes3_Laurent_Reviron.jpg","width":2560,"height":1707,"caption":"Hommes faisant du VTT en \u00e9t\u00e9 sur les cr\u00eates avec montagnes en fond"},{"@type":"BreadcrumbList","@id":"https:\/\/www.lesgets.com\/en\/what-to-do\/summer-activities\/sports\/mtb\/#breadcrumb","itemListElement":[{"@type":"ListItem","position":1,"name":"Home","item":"https:\/\/www.lesgets.com\/en\/"},{"@type":"ListItem","position":2,"name":"What to do?","item":"https:\/\/www.lesgets.com\/en\/what-to-do\/"},{"@type":"ListItem","position":3,"name":"Summer activities","item":"https:\/\/www.lesgets.com\/en\/what-to-do\/summer-activities\/"},{"@type":"ListItem","position":4,"name":"Sports &#038; outdoor activities","item":"https:\/\/www.lesgets.com\/en\/what-to-do\/summer-activities\/sports\/"},{"@type":"ListItem","position":5,"name":"MTB"}]},{"@type":"WebSite","@id":"https:\/\/www.lesgets.com\/en\/#website","url":"https:\/\/www.lesgets.com\/en\/","name":"Les Gets","description":"","publisher":{"@id":"https:\/\/www.lesgets.com\/en\/#organization"},"potentialAction":[{"@type":"SearchAction","target":{"@type":"EntryPoint","urlTemplate":"https:\/\/www.lesgets.com\/en\/?s={search_term_string}"},"query-input":{"@type":"PropertyValueSpecification","valueRequired":true,"valueName":"search_term_string"}}],"inLanguage":"en-US"},{"@type":"Organization","@id":"https:\/\/www.lesgets.com\/en\/#organization","name":"Les Gets","url":"https:\/\/www.lesgets.com\/en\/","logo":{"@type":"ImageObject","inLanguage":"en-US","@id":"https:\/\/www.lesgets.com\/en\/#\/schema\/logo\/image\/","url":"https:\/\/www.lesgets.com\/wp\/..\/app\/uploads\/2020\/06\/logo_lesgets.png","contentUrl":"https:\/\/www.lesgets.com\/wp\/..\/app\/uploads\/2020\/06\/logo_lesgets.png","width":136,"height":115,"caption":"Les Gets"},"image":{"@id":"https:\/\/www.lesgets.com\/en\/#\/schema\/logo\/image\/"}}]}},"featured_image_src":"https:\/\/www.lesgets.com\/wp\/..\/app\/uploads\/2020\/05\/VTT_Passportes3_Laurent_Reviron.jpg","featured_image_src_square":"https:\/\/www.lesgets.com\/wp\/..\/app\/uploads\/2020\/05\/VTT_Passportes3_Laurent_Reviron.jpg","_links":{"self":[{"href":"https:\/\/www.lesgets.com\/en\/wp-json\/wp\/v2\/pages\/12945","targetHints":{"allow":["GET"]}}],"collection":[{"href":"https:\/\/www.lesgets.com\/en\/wp-json\/wp\/v2\/pages"}],"about":[{"href":"https:\/\/www.lesgets.com\/en\/wp-json\/wp\/v2\/types\/page"}],"author":[{"embeddable":true,"href":"https:\/\/www.lesgets.com\/en\/wp-json\/wp\/v2\/users\/4"}],"replies":[{"embeddable":true,"href":"https:\/\/www.lesgets.com\/en\/wp-json\/wp\/v2\/comments?post=12945"}],"version-history":[{"count":5,"href":"https:\/\/www.lesgets.com\/en\/wp-json\/wp\/v2\/pages\/12945\/revisions"}],"predecessor-version":[{"id":31654,"href":"https:\/\/www.lesgets.com\/en\/wp-json\/wp\/v2\/pages\/12945\/revisions\/31654"}],"up":[{"embeddable":true,"href":"https:\/\/www.lesgets.com\/en\/wp-json\/wp\/v2\/pages\/13053"}],"wp:featuredmedia":[{"embeddable":true,"href":"https:\/\/www.lesgets.com\/en\/wp-json\/wp\/v2\/media\/9565"}],"wp:attachment":[{"href":"https:\/\/www.lesgets.com\/en\/wp-json\/wp\/v2\/media?parent=12945"}],"curies":[{"name":"wp","href":"https:\/\/api.w.org\/{rel}","templated":true}]}}