{"id":12978,"date":"2020-06-03T16:20:11","date_gmt":"2020-06-03T14:20:11","guid":{"rendered":"https:\/\/www.lesgets.com\/trail\/"},"modified":"2024-07-30T10:58:56","modified_gmt":"2024-07-30T08:58:56","slug":"trail","status":"publish","type":"page","link":"https:\/\/www.lesgets.com\/en\/what-to-do\/summer-activities\/sports\/trail\/","title":{"rendered":"Trail"},"content":{"rendered":"<div class=\"block block-core-spacer\">\n<div style=\"height:50px\" aria-hidden=\"true\" class=\"wp-block-spacer\"><\/div>\n<\/div>\n\n<p>An ideal territory for all mountain running enthusiasts who wish to improve their skills or just recharge their batteries.<\/p>\n<p>Explore this natural area of great richness, between forest and mountain pastures. Just look up to appreciate the exceptional panorama \u00a0 with the Mont Blanc in the background.<\/p>\n<p>2 marked trails, including an easy loop for the whole family, are offered in a unique setting on the Mont Ch\u00e9ry sector.<\/p>\n\n<div class=\"block block-core-spacer\">\n<div style=\"height:50px\" aria-hidden=\"true\" class=\"wp-block-spacer\"><\/div>\n<\/div>\n\n<div class=\"block block-genesis-custom-blocks-activite\">\t\t<!-- Modal -->\r\n\t\t<div class=\"modal fade\" id=\"videoActivite-r-IVKEdOtV8\" role=\"dialog\">\r\n\t\t  <div class=\"modal-dialog\" role=\"document\">\r\n\t\t    <div class=\"modal-content\">\r\n\t\t      <div class=\"modal-header\">\r\n\t\t        <button type=\"button\" class=\"close\" data-dismiss=\"modal\" aria-label=\"Close\"><\/button>\r\n\t\t      <\/div>\r\n\t\t      <div class=\"modal-body\">\r\n\t\t        <iframe width=\"560\" height=\"315\" data-requires-vendor-consent=\"Youtube\" data-src=\"https:\/\/www.youtube.com\/embed\/r-IVKEdOtV8?rel=0;\" frameborder=\"0\" allowfullscreen><\/iframe>\r\n\t\t      <\/div>\r\n\t\t    <\/div>\r\n\t\t  <\/div>\r\n\t\t<\/div>\r\n\t\t<script>\r\n\t\t\t$(\"#videoActivite-r-IVKEdOtV8\").on('hidden.bs.modal', function (e) {\r\n\t\t        $(\"#videoActivite-r-IVKEdOtV8 iframe\").attr(\"src\", $(\"#videoActivite-r-IVKEdOtV8 iframe\").attr(\"src\"));\r\n\t\t    });\r\n\t\t<\/script>\r\n\t\t<div class=\"container-fluid\">\r\n\t\t\t<div class=\"fond-image video\" style=\"background-image:url('https:\/\/www.lesgets.com\/wp\/..\/app\/uploads\/2024\/07\/2024_07_20__trail_des_gets_cp_marie_tardy_HD-25-1920x1080.jpg');\">\r\n\t\t\t<iframe width=\"560\" height=\"315\" data-requires-vendor-consent=\"Youtube\" data-src=\"https:\/\/www.youtube.com\/embed\/r-IVKEdOtV8?rel=0;&#038;autoplay=1&#038;start=22&#038;mute=1&#038;controls=0&#038;loop=1&#038;playlist=r-IVKEdOtV8\" frameborder=\"0\" allowfullscreen><\/iframe>\r\n\t\t\t\t<div class=\"container\">\r\n\t\t\t\t\t<div class=\"row\">\r\n\t\t\t\t\t\t<div class=\"col-sm-12\">\r\n\t\t\t\t\t\t\t<span class=\"subtitle\">Mont Ch\u00e9ry sector<\/span>\r\n\t\t\t\t\t\t\t<h2>2 marked trail routes<\/h2>\r\n\t\t\t\t\t\t\t<button type=\"button\" class=\"video-btn btn btn-primary hvr-outline-out\" data-toggle=\"modal\" data-target=\"#videoActivite-r-IVKEdOtV8\">See the video<\/button>\r\n\t\t\t\t\t\t<\/div>\r\n\t\t\t\t\t<\/div>\r\n\t\t\t\t<\/div>\r\n\t\t\t<\/div>\r\n\t\t<\/div>\r\n\t\t<\/div>\n\n<div class=\"block block-core-spacer\">\n<div style=\"height:50px\" aria-hidden=\"true\" class=\"wp-block-spacer\"><\/div>\n<\/div>\n\n<div class=\"block block-core-heading\">\n<h1 class=\"wp-block-heading\">Trail routes in Les Gets <\/h1>\n<\/div>\n\n<p>Accessible by the Mont Ch\u00e9ry cable car, all routes start and end at the arrival station.<\/p>\n<h3>Trail 17 &#8211; Green &#8211; <strong>Mont Caly<\/strong><\/h3>\n<p>Distance : 5.8 km<br \/>Elevation gain : 165m D+<br \/><a href=\"https:\/\/www.lesgets.com\/app\/uploads\/2020\/05\/LesGets_TOPO_Trail17Vert_MontCaly.pdf\" target=\"_blank\" rel=\"noopener noreferrer\">Topographie<\/a><\/p>\n<h3>Trail 19 &#8211; Red &#8211; <strong>Les Cr\u00eates du Mont Ch\u00e9ry<\/strong><\/h3>\n<p>Distance : 11.5 km<br \/>Elevation gain : 800m D+<br \/><a href=\"https:\/\/www.lesgets.com\/app\/uploads\/2020\/05\/LesGets_TOPO_Trail19Rouge_Cretes-du-Chery.pdf\" target=\"_blank\" rel=\"noopener noreferrer\">Topographie<\/a><\/p>\n<h3>Tags<\/h3>\n<p>All the routes are marked with signs indicating :<\/p>\n<p>&#8211; The colour of the route corresponding to the difficulty (like the ski slopes)<br \/>&#8211; The number of the tag<br \/>&#8211; The direction to follow<\/p>\n\n<div class=\"block block-core-spacer\">\n<div style=\"height:50px\" aria-hidden=\"true\" class=\"wp-block-spacer\"><\/div>\n<\/div>\n\n<div class=\"block block-genesis-custom-blocks-image-texte\">\r\n\t\t    <div class=\"container-fluid full-width image-gauche fond-blanc\">\r\n\t\t\t\t<div class=\"row\">\r\n\t\t\t\t\t<div class=\"col-lg-6\">\r\n\t\t\t\t\t\t<div class=\"image\" style=\"background-image:url('https:\/\/www.lesgets.com\/wp\/..\/app\/uploads\/2021\/03\/2017_06_21_coureurs_Trail_PDS_dents_du_midi_Lesgets_Marc_Daviet_084_LD-960x1080.jpg');\"><\/div>\r\n\t\t\t\t\t<\/div>\r\n\t\t\t\t\t<div class=\"col-lg-6\">\r\n\t\t\t\t\t\t<div class=\"conteneur\">\r\n\t\t\t\t\t\t\t<span class=\"subtitle\"><\/span>\r\n\t\t\t\t\t\t\t<h2>Trail in The Portes du Soleil <\/h2>\r\n\t\t\t\t\t\t\t<div><p>Discover or re-discover the Portes du Soleil via its 44 permanent trail routes, accessible to all levels. Cross the borders and follow the 470 km of marked trails. Enjoy breathtaking panoramic views thanks to the 25 ski lifts that operate in summer.The Portes du Soleil Trail Running offer meets the needs of mountain and open space enthusiasts. Whether you are an expert or a beginner, you can learn to trail run, progress or train. The pedestrian lifts help everyone to manage their effort according to their level and their desires.In total by difficulty :<br \/>14 green trails<br \/>17 blue trails<br \/>12 red trails<br \/>1 black courseGo to <a href=\"https:\/\/tracedetrail.fr\/en\/trace\/search\" target=\"_blank\" rel=\"noreferrer noopener\">http:\/\/tracedetrail.fr\/fr\/portesdusoleil <\/a>or the Les Gets Tourist Office to find out more!<\/p>\n<\/div>\r\n                            \t\t\t\t\t\t<\/div>\r\n\t\t\t\t\t<\/div>\r\n\t\t\t\t<\/div>\r\n\t\t\t<\/div>\r\n\t\t\t<\/div>\n\n<div class=\"block block-core-spacer\">\n<div style=\"height:50px\" aria-hidden=\"true\" class=\"wp-block-spacer\"><\/div>\n<\/div>\n\n<div class=\"block block-core-heading\">\n<h2 class=\"wp-block-heading\">Download the GPS App to learn about the trail in the Portes du Soleil <\/h2>\n<\/div>\n\n<p><em>Click here to dowload the App TRAIL RUNNING PORTES DU SOLEIL :<\/em><\/p>\n<ul>\n<li><a href=\"https:\/\/play.google.com\/store\/apps\/details?id=com.tracedetrail.portesdusoleil&amp;hl=fr\" target=\"_blank\" rel=\"noopener noreferrer\">Google Play Store<\/a><\/li>\n<li><a href=\"https:\/\/apps.apple.com\/fr\/app\/trail-running-portes-du-soleil\/id1203003208\" target=\"_blank\" rel=\"noopener noreferrer\">Apple Store<\/a><\/li>\n<\/ul>\n<p>With this application, download the Portes du Soleil trail itineraries in your smartphone ! Search for your route on the application according to your starting point, length and difficulty. Follow your progress live with GPS tracking on the route, live weather forecast with webcams, a rescue alert function etc.<\/p>\n\n<div class=\"block block-core-spacer\">\n<div style=\"height:100px\" aria-hidden=\"true\" class=\"wp-block-spacer\"><\/div>\n<\/div>","protected":false},"excerpt":{"rendered":"<p>With its 3 marked trail routes, and its access to the Portes du Soleil, Les Gets is an ideal area for all trails enthusiasts. <\/p>\n","protected":false},"author":4,"featured_media":7762,"parent":13053,"menu_order":2,"comment_status":"closed","ping_status":"closed","template":"","meta":{"_acf_changed":false,"footnotes":""},"class_list":["post-12978","page","type-page","status-publish","has-post-thumbnail","hentry"],"acf":[],"yoast_head":"<!-- This site is optimized with the Yoast SEO plugin v27.3 - https:\/\/yoast.com\/product\/yoast-seo-wordpress\/ -->\n<title>Trail &amp; Running - Sports - All summer activities in Les Gets<\/title>\n<meta name=\"description\" content=\"With its 3 marked trail routes, and its access to the Portes du Soleil, Les Gets is an ideal area for all trail enthusiasts.\" \/>\n<meta name=\"robots\" content=\"index, follow, max-snippet:-1, max-image-preview:large, max-video-preview:-1\" \/>\n<link rel=\"canonical\" href=\"https:\/\/www.lesgets.com\/en\/what-to-do\/summer-activities\/sports\/trail\/\" \/>\n<meta property=\"og:locale\" content=\"en_US\" \/>\n<meta property=\"og:type\" content=\"article\" \/>\n<meta property=\"og:title\" content=\"Trail &amp; Running - Sports - All summer activities in Les Gets\" \/>\n<meta property=\"og:description\" content=\"With its 3 marked trail routes, and its access to the Portes du Soleil, Les Gets is an ideal area for all trail enthusiasts.\" \/>\n<meta property=\"og:url\" content=\"https:\/\/www.lesgets.com\/en\/what-to-do\/summer-activities\/sports\/trail\/\" \/>\n<meta property=\"og:site_name\" content=\"Les Gets\" \/>\n<meta property=\"article:modified_time\" content=\"2024-07-30T08:58:56+00:00\" \/>\n<meta property=\"og:image\" content=\"https:\/\/www.lesgets.com\/wp\/..\/app\/uploads\/2020\/05\/LesGets_2019_traildesGets_MANON_GUENOT_09.jpg\" \/>\n\t<meta property=\"og:image:width\" content=\"640\" \/>\n\t<meta property=\"og:image:height\" content=\"427\" \/>\n\t<meta property=\"og:image:type\" content=\"image\/jpeg\" \/>\n<meta name=\"twitter:card\" content=\"summary_large_image\" \/>\n<meta name=\"twitter:label1\" content=\"Est. reading time\" \/>\n\t<meta name=\"twitter:data1\" content=\"2 minutes\" \/>\n<script type=\"application\/ld+json\" class=\"yoast-schema-graph\">{\"@context\":\"https:\\\/\\\/schema.org\",\"@graph\":[{\"@type\":\"WebPage\",\"@id\":\"https:\\\/\\\/www.lesgets.com\\\/en\\\/what-to-do\\\/summer-activities\\\/sports\\\/trail\\\/\",\"url\":\"https:\\\/\\\/www.lesgets.com\\\/en\\\/what-to-do\\\/summer-activities\\\/sports\\\/trail\\\/\",\"name\":\"Trail & Running - Sports - All summer activities in Les Gets\",\"isPartOf\":{\"@id\":\"https:\\\/\\\/www.lesgets.com\\\/en\\\/#website\"},\"primaryImageOfPage\":{\"@id\":\"https:\\\/\\\/www.lesgets.com\\\/en\\\/what-to-do\\\/summer-activities\\\/sports\\\/trail\\\/#primaryimage\"},\"image\":{\"@id\":\"https:\\\/\\\/www.lesgets.com\\\/en\\\/what-to-do\\\/summer-activities\\\/sports\\\/trail\\\/#primaryimage\"},\"thumbnailUrl\":\"https:\\\/\\\/www.lesgets.com\\\/wp\\\/..\\\/app\\\/uploads\\\/2020\\\/05\\\/LesGets_2019_traildesGets_MANON_GUENOT_09.jpg\",\"datePublished\":\"2020-06-03T14:20:11+00:00\",\"dateModified\":\"2024-07-30T08:58:56+00:00\",\"description\":\"With its 3 marked trail routes, and its access to the Portes du Soleil, Les Gets is an ideal area for all trail enthusiasts.\",\"breadcrumb\":{\"@id\":\"https:\\\/\\\/www.lesgets.com\\\/en\\\/what-to-do\\\/summer-activities\\\/sports\\\/trail\\\/#breadcrumb\"},\"inLanguage\":\"en-US\",\"potentialAction\":[{\"@type\":\"ReadAction\",\"target\":[\"https:\\\/\\\/www.lesgets.com\\\/en\\\/what-to-do\\\/summer-activities\\\/sports\\\/trail\\\/\"]}]},{\"@type\":\"ImageObject\",\"inLanguage\":\"en-US\",\"@id\":\"https:\\\/\\\/www.lesgets.com\\\/en\\\/what-to-do\\\/summer-activities\\\/sports\\\/trail\\\/#primaryimage\",\"url\":\"https:\\\/\\\/www.lesgets.com\\\/wp\\\/..\\\/app\\\/uploads\\\/2020\\\/05\\\/LesGets_2019_traildesGets_MANON_GUENOT_09.jpg\",\"contentUrl\":\"https:\\\/\\\/www.lesgets.com\\\/wp\\\/..\\\/app\\\/uploads\\\/2020\\\/05\\\/LesGets_2019_traildesGets_MANON_GUENOT_09.jpg\",\"width\":1920,\"height\":1281,\"caption\":\"Homme faisant de la course \u00e0 pied en \u00e9t\u00e9 en montagne\"},{\"@type\":\"BreadcrumbList\",\"@id\":\"https:\\\/\\\/www.lesgets.com\\\/en\\\/what-to-do\\\/summer-activities\\\/sports\\\/trail\\\/#breadcrumb\",\"itemListElement\":[{\"@type\":\"ListItem\",\"position\":1,\"name\":\"Home\",\"item\":\"https:\\\/\\\/www.lesgets.com\\\/en\\\/\"},{\"@type\":\"ListItem\",\"position\":2,\"name\":\"What to do?\",\"item\":\"https:\\\/\\\/www.lesgets.com\\\/en\\\/what-to-do\\\/\"},{\"@type\":\"ListItem\",\"position\":3,\"name\":\"Summer activities\",\"item\":\"https:\\\/\\\/www.lesgets.com\\\/en\\\/what-to-do\\\/summer-activities\\\/\"},{\"@type\":\"ListItem\",\"position\":4,\"name\":\"Sports &#038; outdoor activities\",\"item\":\"https:\\\/\\\/www.lesgets.com\\\/en\\\/what-to-do\\\/summer-activities\\\/sports\\\/\"},{\"@type\":\"ListItem\",\"position\":5,\"name\":\"Trail\"}]},{\"@type\":\"WebSite\",\"@id\":\"https:\\\/\\\/www.lesgets.com\\\/en\\\/#website\",\"url\":\"https:\\\/\\\/www.lesgets.com\\\/en\\\/\",\"name\":\"Les Gets\",\"description\":\"\",\"publisher\":{\"@id\":\"https:\\\/\\\/www.lesgets.com\\\/en\\\/#organization\"},\"potentialAction\":[{\"@type\":\"SearchAction\",\"target\":{\"@type\":\"EntryPoint\",\"urlTemplate\":\"https:\\\/\\\/www.lesgets.com\\\/en\\\/?s={search_term_string}\"},\"query-input\":{\"@type\":\"PropertyValueSpecification\",\"valueRequired\":true,\"valueName\":\"search_term_string\"}}],\"inLanguage\":\"en-US\"},{\"@type\":\"Organization\",\"@id\":\"https:\\\/\\\/www.lesgets.com\\\/en\\\/#organization\",\"name\":\"Les Gets\",\"url\":\"https:\\\/\\\/www.lesgets.com\\\/en\\\/\",\"logo\":{\"@type\":\"ImageObject\",\"inLanguage\":\"en-US\",\"@id\":\"https:\\\/\\\/www.lesgets.com\\\/en\\\/#\\\/schema\\\/logo\\\/image\\\/\",\"url\":\"https:\\\/\\\/www.lesgets.com\\\/wp\\\/..\\\/app\\\/uploads\\\/2020\\\/06\\\/logo_lesgets.png\",\"contentUrl\":\"https:\\\/\\\/www.lesgets.com\\\/wp\\\/..\\\/app\\\/uploads\\\/2020\\\/06\\\/logo_lesgets.png\",\"width\":136,\"height\":115,\"caption\":\"Les Gets\"},\"image\":{\"@id\":\"https:\\\/\\\/www.lesgets.com\\\/en\\\/#\\\/schema\\\/logo\\\/image\\\/\"}}]}<\/script>\n<!-- \/ Yoast SEO plugin. -->","yoast_head_json":{"title":"Trail & Running - Sports - All summer activities in Les Gets","description":"With its 3 marked trail routes, and its access to the Portes du Soleil, Les Gets is an ideal area for all trail enthusiasts.","robots":{"index":"index","follow":"follow","max-snippet":"max-snippet:-1","max-image-preview":"max-image-preview:large","max-video-preview":"max-video-preview:-1"},"canonical":"https:\/\/www.lesgets.com\/en\/what-to-do\/summer-activities\/sports\/trail\/","og_locale":"en_US","og_type":"article","og_title":"Trail & Running - Sports - All summer activities in Les Gets","og_description":"With its 3 marked trail routes, and its access to the Portes du Soleil, Les Gets is an ideal area for all trail enthusiasts.","og_url":"https:\/\/www.lesgets.com\/en\/what-to-do\/summer-activities\/sports\/trail\/","og_site_name":"Les Gets","article_modified_time":"2024-07-30T08:58:56+00:00","og_image":[{"url":"https:\/\/www.lesgets.com\/wp\/..\/app\/uploads\/2020\/05\/LesGets_2019_traildesGets_MANON_GUENOT_09.jpg","width":640,"height":427,"type":"image\/jpeg"}],"twitter_card":"summary_large_image","twitter_misc":{"Est. reading time":"2 minutes"},"schema":{"@context":"https:\/\/schema.org","@graph":[{"@type":"WebPage","@id":"https:\/\/www.lesgets.com\/en\/what-to-do\/summer-activities\/sports\/trail\/","url":"https:\/\/www.lesgets.com\/en\/what-to-do\/summer-activities\/sports\/trail\/","name":"Trail & Running - Sports - All summer activities in Les Gets","isPartOf":{"@id":"https:\/\/www.lesgets.com\/en\/#website"},"primaryImageOfPage":{"@id":"https:\/\/www.lesgets.com\/en\/what-to-do\/summer-activities\/sports\/trail\/#primaryimage"},"image":{"@id":"https:\/\/www.lesgets.com\/en\/what-to-do\/summer-activities\/sports\/trail\/#primaryimage"},"thumbnailUrl":"https:\/\/www.lesgets.com\/wp\/..\/app\/uploads\/2020\/05\/LesGets_2019_traildesGets_MANON_GUENOT_09.jpg","datePublished":"2020-06-03T14:20:11+00:00","dateModified":"2024-07-30T08:58:56+00:00","description":"With its 3 marked trail routes, and its access to the Portes du Soleil, Les Gets is an ideal area for all trail enthusiasts.","breadcrumb":{"@id":"https:\/\/www.lesgets.com\/en\/what-to-do\/summer-activities\/sports\/trail\/#breadcrumb"},"inLanguage":"en-US","potentialAction":[{"@type":"ReadAction","target":["https:\/\/www.lesgets.com\/en\/what-to-do\/summer-activities\/sports\/trail\/"]}]},{"@type":"ImageObject","inLanguage":"en-US","@id":"https:\/\/www.lesgets.com\/en\/what-to-do\/summer-activities\/sports\/trail\/#primaryimage","url":"https:\/\/www.lesgets.com\/wp\/..\/app\/uploads\/2020\/05\/LesGets_2019_traildesGets_MANON_GUENOT_09.jpg","contentUrl":"https:\/\/www.lesgets.com\/wp\/..\/app\/uploads\/2020\/05\/LesGets_2019_traildesGets_MANON_GUENOT_09.jpg","width":1920,"height":1281,"caption":"Homme faisant de la course \u00e0 pied en \u00e9t\u00e9 en montagne"},{"@type":"BreadcrumbList","@id":"https:\/\/www.lesgets.com\/en\/what-to-do\/summer-activities\/sports\/trail\/#breadcrumb","itemListElement":[{"@type":"ListItem","position":1,"name":"Home","item":"https:\/\/www.lesgets.com\/en\/"},{"@type":"ListItem","position":2,"name":"What to do?","item":"https:\/\/www.lesgets.com\/en\/what-to-do\/"},{"@type":"ListItem","position":3,"name":"Summer activities","item":"https:\/\/www.lesgets.com\/en\/what-to-do\/summer-activities\/"},{"@type":"ListItem","position":4,"name":"Sports &#038; outdoor activities","item":"https:\/\/www.lesgets.com\/en\/what-to-do\/summer-activities\/sports\/"},{"@type":"ListItem","position":5,"name":"Trail"}]},{"@type":"WebSite","@id":"https:\/\/www.lesgets.com\/en\/#website","url":"https:\/\/www.lesgets.com\/en\/","name":"Les Gets","description":"","publisher":{"@id":"https:\/\/www.lesgets.com\/en\/#organization"},"potentialAction":[{"@type":"SearchAction","target":{"@type":"EntryPoint","urlTemplate":"https:\/\/www.lesgets.com\/en\/?s={search_term_string}"},"query-input":{"@type":"PropertyValueSpecification","valueRequired":true,"valueName":"search_term_string"}}],"inLanguage":"en-US"},{"@type":"Organization","@id":"https:\/\/www.lesgets.com\/en\/#organization","name":"Les Gets","url":"https:\/\/www.lesgets.com\/en\/","logo":{"@type":"ImageObject","inLanguage":"en-US","@id":"https:\/\/www.lesgets.com\/en\/#\/schema\/logo\/image\/","url":"https:\/\/www.lesgets.com\/wp\/..\/app\/uploads\/2020\/06\/logo_lesgets.png","contentUrl":"https:\/\/www.lesgets.com\/wp\/..\/app\/uploads\/2020\/06\/logo_lesgets.png","width":136,"height":115,"caption":"Les Gets"},"image":{"@id":"https:\/\/www.lesgets.com\/en\/#\/schema\/logo\/image\/"}}]}},"featured_image_src":"https:\/\/www.lesgets.com\/wp\/..\/app\/uploads\/2020\/05\/LesGets_2019_traildesGets_MANON_GUENOT_09.jpg","featured_image_src_square":"https:\/\/www.lesgets.com\/wp\/..\/app\/uploads\/2020\/05\/LesGets_2019_traildesGets_MANON_GUENOT_09.jpg","_links":{"self":[{"href":"https:\/\/www.lesgets.com\/en\/wp-json\/wp\/v2\/pages\/12978","targetHints":{"allow":["GET"]}}],"collection":[{"href":"https:\/\/www.lesgets.com\/en\/wp-json\/wp\/v2\/pages"}],"about":[{"href":"https:\/\/www.lesgets.com\/en\/wp-json\/wp\/v2\/types\/page"}],"author":[{"embeddable":true,"href":"https:\/\/www.lesgets.com\/en\/wp-json\/wp\/v2\/users\/4"}],"replies":[{"embeddable":true,"href":"https:\/\/www.lesgets.com\/en\/wp-json\/wp\/v2\/comments?post=12978"}],"version-history":[{"count":5,"href":"https:\/\/www.lesgets.com\/en\/wp-json\/wp\/v2\/pages\/12978\/revisions"}],"predecessor-version":[{"id":48783,"href":"https:\/\/www.lesgets.com\/en\/wp-json\/wp\/v2\/pages\/12978\/revisions\/48783"}],"up":[{"embeddable":true,"href":"https:\/\/www.lesgets.com\/en\/wp-json\/wp\/v2\/pages\/13053"}],"wp:featuredmedia":[{"embeddable":true,"href":"https:\/\/www.lesgets.com\/en\/wp-json\/wp\/v2\/media\/7762"}],"wp:attachment":[{"href":"https:\/\/www.lesgets.com\/en\/wp-json\/wp\/v2\/media?parent=12978"}],"curies":[{"name":"wp","href":"https:\/\/api.w.org\/{rel}","templated":true}]}}