{"id":13020,"date":"2020-06-04T09:38:41","date_gmt":"2020-06-04T07:38:41","guid":{"rendered":"https:\/\/www.lesgets.com\/cani-rando\/"},"modified":"2024-03-23T11:26:18","modified_gmt":"2024-03-23T10:26:18","slug":"dog-hiking-in-summer","status":"publish","type":"page","link":"https:\/\/www.lesgets.com\/en\/what-to-do\/summer-activities\/sports\/dog-hiking-in-summer\/","title":{"rendered":"Cani-cross in summer"},"content":{"rendered":"<div class=\"block block-core-spacer\">\n<div style=\"height:50px\" aria-hidden=\"true\" class=\"wp-block-spacer\"><\/div>\n<\/div>\n\n<p>Cani-cross is a hike during which you are harnessed to a dog. It is ideal for giving children a taste for hiking, and allows adults to venture onto new paths.<\/p>\n\n<div class=\"block block-lba-apidae-selection\"><!--BEGIN FILTER -->\r\n<!--BEGIN FILTER -->\r\n\r\n<!--BEGIN ITEMS APIDAE -->\r\n  <p class=\"alert alert-info\">Aucun \u00e9l\u00e9ment trouv\u00e9..!<\/p>\r\n<!--END ITEMS APIDAE -->\r\n\r\n<!--BEGIN PAGINATOR -->\r\n<!--BEGIN PAGINATOR --><\/div>","protected":false},"excerpt":{"rendered":"<p>Discover the dog-hiking, a hike in which you are harnessed to a dog. A great way to discover the trails in a different way.<\/p>\n","protected":false},"author":4,"featured_media":47224,"parent":13053,"menu_order":4,"comment_status":"closed","ping_status":"closed","template":"","meta":{"_acf_changed":false,"footnotes":""},"class_list":["post-13020","page","type-page","status-publish","has-post-thumbnail","hentry"],"acf":[],"yoast_head":"<!-- This site is optimized with the Yoast SEO plugin v27.3 - https:\/\/yoast.com\/product\/yoast-seo-wordpress\/ -->\n<title>Cani-cross in summer - All summer activities in Les Gets<\/title>\n<meta name=\"description\" content=\"Discover the dog-hiking, a hike in which you are harnessed to a dog. A great way to discover the trails in a different way.\" \/>\n<meta name=\"robots\" content=\"index, follow, max-snippet:-1, max-image-preview:large, max-video-preview:-1\" \/>\n<link rel=\"canonical\" href=\"https:\/\/www.lesgets.com\/en\/what-to-do\/summer-activities\/sports\/dog-hiking-in-summer\/\" \/>\n<meta property=\"og:locale\" content=\"en_US\" \/>\n<meta property=\"og:type\" content=\"article\" \/>\n<meta property=\"og:title\" content=\"Cani-cross in summer - All summer activities in Les Gets\" \/>\n<meta property=\"og:description\" content=\"Discover the dog-hiking, a hike in which you are harnessed to a dog. A great way to discover the trails in a different way.\" \/>\n<meta property=\"og:url\" content=\"https:\/\/www.lesgets.com\/en\/what-to-do\/summer-activities\/sports\/dog-hiking-in-summer\/\" \/>\n<meta property=\"og:site_name\" content=\"Les Gets\" \/>\n<meta property=\"article:modified_time\" content=\"2024-03-23T10:26:18+00:00\" \/>\n<meta property=\"og:image\" content=\"https:\/\/www.lesgets.com\/wp\/..\/app\/uploads\/2020\/05\/LesGets_2019_Canirando_e\u0301te\u0301_D.Lagorce_03-1.jpg\" \/>\n\t<meta property=\"og:image:width\" content=\"1920\" \/>\n\t<meta property=\"og:image:height\" content=\"1280\" \/>\n\t<meta property=\"og:image:type\" content=\"image\/jpeg\" \/>\n<meta name=\"twitter:card\" content=\"summary_large_image\" \/>\n<meta name=\"twitter:label1\" content=\"Est. reading time\" \/>\n\t<meta name=\"twitter:data1\" content=\"1 minute\" \/>\n<script type=\"application\/ld+json\" class=\"yoast-schema-graph\">{\"@context\":\"https:\\\/\\\/schema.org\",\"@graph\":[{\"@type\":\"WebPage\",\"@id\":\"https:\\\/\\\/www.lesgets.com\\\/en\\\/what-to-do\\\/summer-activities\\\/sports\\\/dog-hiking-in-summer\\\/\",\"url\":\"https:\\\/\\\/www.lesgets.com\\\/en\\\/what-to-do\\\/summer-activities\\\/sports\\\/dog-hiking-in-summer\\\/\",\"name\":\"Cani-cross in summer - All summer activities in Les Gets\",\"isPartOf\":{\"@id\":\"https:\\\/\\\/www.lesgets.com\\\/en\\\/#website\"},\"primaryImageOfPage\":{\"@id\":\"https:\\\/\\\/www.lesgets.com\\\/en\\\/what-to-do\\\/summer-activities\\\/sports\\\/dog-hiking-in-summer\\\/#primaryimage\"},\"image\":{\"@id\":\"https:\\\/\\\/www.lesgets.com\\\/en\\\/what-to-do\\\/summer-activities\\\/sports\\\/dog-hiking-in-summer\\\/#primaryimage\"},\"thumbnailUrl\":\"https:\\\/\\\/www.lesgets.com\\\/wp\\\/..\\\/app\\\/uploads\\\/2024\\\/06\\\/2022_07_21_cani_rando_ete_Les_Gets_La_Patte_Nordic_cpLauraBureau-38_LD.jpg\",\"datePublished\":\"2020-06-04T07:38:41+00:00\",\"dateModified\":\"2024-03-23T10:26:18+00:00\",\"description\":\"Discover the dog-hiking, a hike in which you are harnessed to a dog. A great way to discover the trails in a different way.\",\"breadcrumb\":{\"@id\":\"https:\\\/\\\/www.lesgets.com\\\/en\\\/what-to-do\\\/summer-activities\\\/sports\\\/dog-hiking-in-summer\\\/#breadcrumb\"},\"inLanguage\":\"en-US\",\"potentialAction\":[{\"@type\":\"ReadAction\",\"target\":[\"https:\\\/\\\/www.lesgets.com\\\/en\\\/what-to-do\\\/summer-activities\\\/sports\\\/dog-hiking-in-summer\\\/\"]}]},{\"@type\":\"ImageObject\",\"inLanguage\":\"en-US\",\"@id\":\"https:\\\/\\\/www.lesgets.com\\\/en\\\/what-to-do\\\/summer-activities\\\/sports\\\/dog-hiking-in-summer\\\/#primaryimage\",\"url\":\"https:\\\/\\\/www.lesgets.com\\\/wp\\\/..\\\/app\\\/uploads\\\/2024\\\/06\\\/2022_07_21_cani_rando_ete_Les_Gets_La_Patte_Nordic_cpLauraBureau-38_LD.jpg\",\"contentUrl\":\"https:\\\/\\\/www.lesgets.com\\\/wp\\\/..\\\/app\\\/uploads\\\/2024\\\/06\\\/2022_07_21_cani_rando_ete_Les_Gets_La_Patte_Nordic_cpLauraBureau-38_LD.jpg\",\"width\":1920,\"height\":1280},{\"@type\":\"BreadcrumbList\",\"@id\":\"https:\\\/\\\/www.lesgets.com\\\/en\\\/what-to-do\\\/summer-activities\\\/sports\\\/dog-hiking-in-summer\\\/#breadcrumb\",\"itemListElement\":[{\"@type\":\"ListItem\",\"position\":1,\"name\":\"Home\",\"item\":\"https:\\\/\\\/www.lesgets.com\\\/en\\\/\"},{\"@type\":\"ListItem\",\"position\":2,\"name\":\"What to do?\",\"item\":\"https:\\\/\\\/www.lesgets.com\\\/en\\\/what-to-do\\\/\"},{\"@type\":\"ListItem\",\"position\":3,\"name\":\"Summer activities\",\"item\":\"https:\\\/\\\/www.lesgets.com\\\/en\\\/what-to-do\\\/summer-activities\\\/\"},{\"@type\":\"ListItem\",\"position\":4,\"name\":\"Sports &#038; outdoor activities\",\"item\":\"https:\\\/\\\/www.lesgets.com\\\/en\\\/what-to-do\\\/summer-activities\\\/sports\\\/\"},{\"@type\":\"ListItem\",\"position\":5,\"name\":\"Cani-cross in summer\"}]},{\"@type\":\"WebSite\",\"@id\":\"https:\\\/\\\/www.lesgets.com\\\/en\\\/#website\",\"url\":\"https:\\\/\\\/www.lesgets.com\\\/en\\\/\",\"name\":\"Les Gets\",\"description\":\"\",\"publisher\":{\"@id\":\"https:\\\/\\\/www.lesgets.com\\\/en\\\/#organization\"},\"potentialAction\":[{\"@type\":\"SearchAction\",\"target\":{\"@type\":\"EntryPoint\",\"urlTemplate\":\"https:\\\/\\\/www.lesgets.com\\\/en\\\/?s={search_term_string}\"},\"query-input\":{\"@type\":\"PropertyValueSpecification\",\"valueRequired\":true,\"valueName\":\"search_term_string\"}}],\"inLanguage\":\"en-US\"},{\"@type\":\"Organization\",\"@id\":\"https:\\\/\\\/www.lesgets.com\\\/en\\\/#organization\",\"name\":\"Les Gets\",\"url\":\"https:\\\/\\\/www.lesgets.com\\\/en\\\/\",\"logo\":{\"@type\":\"ImageObject\",\"inLanguage\":\"en-US\",\"@id\":\"https:\\\/\\\/www.lesgets.com\\\/en\\\/#\\\/schema\\\/logo\\\/image\\\/\",\"url\":\"https:\\\/\\\/www.lesgets.com\\\/wp\\\/..\\\/app\\\/uploads\\\/2020\\\/06\\\/logo_lesgets.png\",\"contentUrl\":\"https:\\\/\\\/www.lesgets.com\\\/wp\\\/..\\\/app\\\/uploads\\\/2020\\\/06\\\/logo_lesgets.png\",\"width\":136,\"height\":115,\"caption\":\"Les Gets\"},\"image\":{\"@id\":\"https:\\\/\\\/www.lesgets.com\\\/en\\\/#\\\/schema\\\/logo\\\/image\\\/\"}}]}<\/script>\n<!-- \/ Yoast SEO plugin. -->","yoast_head_json":{"title":"Cani-cross in summer - All summer activities in Les Gets","description":"Discover the dog-hiking, a hike in which you are harnessed to a dog. A great way to discover the trails in a different way.","robots":{"index":"index","follow":"follow","max-snippet":"max-snippet:-1","max-image-preview":"max-image-preview:large","max-video-preview":"max-video-preview:-1"},"canonical":"https:\/\/www.lesgets.com\/en\/what-to-do\/summer-activities\/sports\/dog-hiking-in-summer\/","og_locale":"en_US","og_type":"article","og_title":"Cani-cross in summer - All summer activities in Les Gets","og_description":"Discover the dog-hiking, a hike in which you are harnessed to a dog. A great way to discover the trails in a different way.","og_url":"https:\/\/www.lesgets.com\/en\/what-to-do\/summer-activities\/sports\/dog-hiking-in-summer\/","og_site_name":"Les Gets","article_modified_time":"2024-03-23T10:26:18+00:00","og_image":[{"width":1920,"height":1280,"url":"https:\/\/www.lesgets.com\/wp\/..\/app\/uploads\/2020\/05\/LesGets_2019_Canirando_e\u0301te\u0301_D.Lagorce_03-1.jpg","type":"image\/jpeg"}],"twitter_card":"summary_large_image","twitter_misc":{"Est. reading time":"1 minute"},"schema":{"@context":"https:\/\/schema.org","@graph":[{"@type":"WebPage","@id":"https:\/\/www.lesgets.com\/en\/what-to-do\/summer-activities\/sports\/dog-hiking-in-summer\/","url":"https:\/\/www.lesgets.com\/en\/what-to-do\/summer-activities\/sports\/dog-hiking-in-summer\/","name":"Cani-cross in summer - All summer activities in Les Gets","isPartOf":{"@id":"https:\/\/www.lesgets.com\/en\/#website"},"primaryImageOfPage":{"@id":"https:\/\/www.lesgets.com\/en\/what-to-do\/summer-activities\/sports\/dog-hiking-in-summer\/#primaryimage"},"image":{"@id":"https:\/\/www.lesgets.com\/en\/what-to-do\/summer-activities\/sports\/dog-hiking-in-summer\/#primaryimage"},"thumbnailUrl":"https:\/\/www.lesgets.com\/wp\/..\/app\/uploads\/2024\/06\/2022_07_21_cani_rando_ete_Les_Gets_La_Patte_Nordic_cpLauraBureau-38_LD.jpg","datePublished":"2020-06-04T07:38:41+00:00","dateModified":"2024-03-23T10:26:18+00:00","description":"Discover the dog-hiking, a hike in which you are harnessed to a dog. A great way to discover the trails in a different way.","breadcrumb":{"@id":"https:\/\/www.lesgets.com\/en\/what-to-do\/summer-activities\/sports\/dog-hiking-in-summer\/#breadcrumb"},"inLanguage":"en-US","potentialAction":[{"@type":"ReadAction","target":["https:\/\/www.lesgets.com\/en\/what-to-do\/summer-activities\/sports\/dog-hiking-in-summer\/"]}]},{"@type":"ImageObject","inLanguage":"en-US","@id":"https:\/\/www.lesgets.com\/en\/what-to-do\/summer-activities\/sports\/dog-hiking-in-summer\/#primaryimage","url":"https:\/\/www.lesgets.com\/wp\/..\/app\/uploads\/2024\/06\/2022_07_21_cani_rando_ete_Les_Gets_La_Patte_Nordic_cpLauraBureau-38_LD.jpg","contentUrl":"https:\/\/www.lesgets.com\/wp\/..\/app\/uploads\/2024\/06\/2022_07_21_cani_rando_ete_Les_Gets_La_Patte_Nordic_cpLauraBureau-38_LD.jpg","width":1920,"height":1280},{"@type":"BreadcrumbList","@id":"https:\/\/www.lesgets.com\/en\/what-to-do\/summer-activities\/sports\/dog-hiking-in-summer\/#breadcrumb","itemListElement":[{"@type":"ListItem","position":1,"name":"Home","item":"https:\/\/www.lesgets.com\/en\/"},{"@type":"ListItem","position":2,"name":"What to do?","item":"https:\/\/www.lesgets.com\/en\/what-to-do\/"},{"@type":"ListItem","position":3,"name":"Summer activities","item":"https:\/\/www.lesgets.com\/en\/what-to-do\/summer-activities\/"},{"@type":"ListItem","position":4,"name":"Sports &#038; outdoor activities","item":"https:\/\/www.lesgets.com\/en\/what-to-do\/summer-activities\/sports\/"},{"@type":"ListItem","position":5,"name":"Cani-cross in summer"}]},{"@type":"WebSite","@id":"https:\/\/www.lesgets.com\/en\/#website","url":"https:\/\/www.lesgets.com\/en\/","name":"Les Gets","description":"","publisher":{"@id":"https:\/\/www.lesgets.com\/en\/#organization"},"potentialAction":[{"@type":"SearchAction","target":{"@type":"EntryPoint","urlTemplate":"https:\/\/www.lesgets.com\/en\/?s={search_term_string}"},"query-input":{"@type":"PropertyValueSpecification","valueRequired":true,"valueName":"search_term_string"}}],"inLanguage":"en-US"},{"@type":"Organization","@id":"https:\/\/www.lesgets.com\/en\/#organization","name":"Les Gets","url":"https:\/\/www.lesgets.com\/en\/","logo":{"@type":"ImageObject","inLanguage":"en-US","@id":"https:\/\/www.lesgets.com\/en\/#\/schema\/logo\/image\/","url":"https:\/\/www.lesgets.com\/wp\/..\/app\/uploads\/2020\/06\/logo_lesgets.png","contentUrl":"https:\/\/www.lesgets.com\/wp\/..\/app\/uploads\/2020\/06\/logo_lesgets.png","width":136,"height":115,"caption":"Les Gets"},"image":{"@id":"https:\/\/www.lesgets.com\/en\/#\/schema\/logo\/image\/"}}]}},"featured_image_src":"https:\/\/www.lesgets.com\/wp\/..\/app\/uploads\/2024\/06\/2022_07_21_cani_rando_ete_Les_Gets_La_Patte_Nordic_cpLauraBureau-38_LD-600x400.jpg","featured_image_src_square":"https:\/\/www.lesgets.com\/wp\/..\/app\/uploads\/2024\/06\/2022_07_21_cani_rando_ete_Les_Gets_La_Patte_Nordic_cpLauraBureau-38_LD-600x600.jpg","_links":{"self":[{"href":"https:\/\/www.lesgets.com\/en\/wp-json\/wp\/v2\/pages\/13020","targetHints":{"allow":["GET"]}}],"collection":[{"href":"https:\/\/www.lesgets.com\/en\/wp-json\/wp\/v2\/pages"}],"about":[{"href":"https:\/\/www.lesgets.com\/en\/wp-json\/wp\/v2\/types\/page"}],"author":[{"embeddable":true,"href":"https:\/\/www.lesgets.com\/en\/wp-json\/wp\/v2\/users\/4"}],"replies":[{"embeddable":true,"href":"https:\/\/www.lesgets.com\/en\/wp-json\/wp\/v2\/comments?post=13020"}],"version-history":[{"count":5,"href":"https:\/\/www.lesgets.com\/en\/wp-json\/wp\/v2\/pages\/13020\/revisions"}],"predecessor-version":[{"id":46230,"href":"https:\/\/www.lesgets.com\/en\/wp-json\/wp\/v2\/pages\/13020\/revisions\/46230"}],"up":[{"embeddable":true,"href":"https:\/\/www.lesgets.com\/en\/wp-json\/wp\/v2\/pages\/13053"}],"wp:featuredmedia":[{"embeddable":true,"href":"https:\/\/www.lesgets.com\/en\/wp-json\/wp\/v2\/media\/47224"}],"wp:attachment":[{"href":"https:\/\/www.lesgets.com\/en\/wp-json\/wp\/v2\/media?parent=13020"}],"curies":[{"name":"wp","href":"https:\/\/api.w.org\/{rel}","templated":true}]}}