{"id":13053,"date":"2020-06-04T10:41:57","date_gmt":"2020-06-04T08:41:57","guid":{"rendered":"https:\/\/www.lesgets.com\/what-to-do\/summer-activities\/sports\/"},"modified":"2021-08-31T09:42:03","modified_gmt":"2021-08-31T07:42:03","slug":"sports","status":"publish","type":"page","link":"https:\/\/www.lesgets.com\/en\/what-to-do\/summer-activities\/sports\/","title":{"rendered":"Sports &#038; outdoor activities"},"content":{"rendered":"<div class=\"block block-core-spacer\">\n<div style=\"height:50px\" aria-hidden=\"true\" class=\"wp-block-spacer\"><\/div>\n<\/div>\n\n<p>With an open-air playground, in an environment that is both preserved and dynamic, the resort of Les Gets offers a wide range of outdoor and indoor sports to recharge your batteries while preserving nature.<\/p>\n<p>Mountain biking, road biking, hiking, trail, golf, swimming lake, cani-rando, white water sports&#8230; Find all the summer activities possible in Les Gets.<\/p>\n\n<div class=\"block block-core-spacer\">\n<div style=\"height:50px\" aria-hidden=\"true\" class=\"wp-block-spacer\"><\/div>\n<\/div>\n\n<div class=\"block block-core-html\">\n<iframe loading=\"lazy\" src=\"https:\/\/www.youtube.com\/embed\/_d3GCryspK8\" allow=\"accelerometer; autoplay; encrypted-media; gyroscope; picture-in-picture\" allowfullscreen=\"\" width=\"1100\" height=\"619\" frameborder=\"0\"><\/iframe>\n<\/div>\n\n<div class=\"block block-core-spacer\">\n<div style=\"height:30px\" aria-hidden=\"true\" class=\"wp-block-spacer\"><\/div>\n<\/div>\n\n<div class=\"block block-genesis-custom-blocks-pushs\">    <div class=\"pushs-inside blanc\">\r\n        <div class=\"container\">\r\n            <div class=\"row\">\r\n                                        <div class=\"col-4\">\r\n                            <a href=\"https:\/\/www.lesgets.com\/en\/what-to-do\/summer-activities\/sports\/mtb\/\">\r\n                                <div class=\"img\"><img decoding=\"async\" src=\"https:\/\/www.lesgets.com\/wp\/..\/app\/uploads\/2020\/05\/VTT_Passportes3_Laurent_Reviron-1920x1080.jpg\" alt=\"Hommes faisant du VTT en \u00e9t\u00e9 sur les cr\u00eates avec montagnes en fond\">\r\n                                <\/div>\r\n                                <div class=\"conteneur\">\r\n                                    <h3>MTB<\/h3>\r\n                                    <p>Find all the practical information relating to mountain biking and cycling in Les Gets: mountain biking schools, cycling schools, bike hire, equipment repair&#8230;<\/p>\r\n                                <\/div>\r\n                            <\/a>\r\n                        <\/div>\r\n                                                <div class=\"col-4\">\r\n                            <a href=\"https:\/\/www.lesgets.com\/en\/what-to-do\/summer-activities\/sports\/road-cycling\/\">\r\n                                <div class=\"img\"><img decoding=\"async\" src=\"https:\/\/www.lesgets.com\/wp\/..\/app\/uploads\/2020\/05\/LesGets_2019_ve\u0301loderoute_Mel_Carle_01-1920x1080.jpg\" alt=\"Cyclists on a mountain road in summer\">\r\n                                <\/div>\r\n                                <div class=\"conteneur\">\r\n                                    <h3>Road cycling<\/h3>\r\n                                    <p>Road-bikers come to the region, both as part of the Routes des Grandes Alpes, or to climb the mythical Tour de France cols surrounding the village. <\/p>\r\n                                <\/div>\r\n                            <\/a>\r\n                        <\/div>\r\n                                                <div class=\"col-4\">\r\n                            <a href=\"https:\/\/www.lesgets.com\/en\/what-to-do\/summer-activities\/sports\/hiking\/\">\r\n                                <div class=\"img\"><img decoding=\"async\" src=\"https:\/\/www.lesgets.com\/wp\/..\/app\/uploads\/2023\/03\/2020_07_20_randonnee_amis_panorama_ranfoilly_mont_blanc_LESGETS_MANONGUENOT_7RA00468_LD-1920x1080.jpg\" alt=\"\">\r\n                                <\/div>\r\n                                <div class=\"conteneur\">\r\n                                    <h3>Hiking<\/h3>\r\n                                    <p>Here you will find all the practical information you need for hiking in Les Gets: list of trails and itineraries, contact details of guides, pedestrian lift pass&#8230;<\/p>\r\n                                <\/div>\r\n                            <\/a>\r\n                        <\/div>\r\n                                    <\/div>\r\n        <\/div>\r\n    <\/div>\r\n<\/div>\n\n<div class=\"block block-genesis-custom-blocks-pushs\">    <div class=\"pushs-inside blanc\">\r\n        <div class=\"container\">\r\n            <div class=\"row\">\r\n                                        <div class=\"col-4\">\r\n                            <a href=\"https:\/\/www.lesgets.com\/en\/what-to-do\/summer-activities\/sports\/golf\/\">\r\n                                <div class=\"img\"><img decoding=\"async\" src=\"https:\/\/www.lesgets.com\/wp\/..\/app\/uploads\/2020\/05\/LesGets_2017_Golf_T.Nalet_01-1920x1080.jpg\" alt=\"Three people playing golf with a woman putting the ball down.\">\r\n                                <\/div>\r\n                                <div class=\"conteneur\">\r\n                                    <h3>Golf<\/h3>\r\n                                    <p>The 18-holes Golf of les Gets, located in France, 55 minutes from Geneva, offers a course with exceptional panoramas facing Mont Blanc. <\/p>\r\n                                <\/div>\r\n                            <\/a>\r\n                        <\/div>\r\n                                                <div class=\"col-4\">\r\n                            <a href=\"https:\/\/www.lesgets.com\/en\/what-to-do\/summer-activities\/sports\/trail\/\">\r\n                                <div class=\"img\"><img decoding=\"async\" src=\"https:\/\/www.lesgets.com\/wp\/..\/app\/uploads\/2020\/05\/LesGets_2019_traildesGets_MANON_GUENOT_09-1920x1080.jpg\" alt=\"Homme faisant de la course \u00e0 pied en \u00e9t\u00e9 en montagne\">\r\n                                <\/div>\r\n                                <div class=\"conteneur\">\r\n                                    <h3>Trail<\/h3>\r\n                                    <p>With its 3 marked trail routes, and its access to the Portes du Soleil, Les Gets is an ideal area for all trails enthusiasts. <\/p>\r\n                                <\/div>\r\n                            <\/a>\r\n                        <\/div>\r\n                                                <div class=\"col-4\">\r\n                            <a href=\"https:\/\/www.lesgets.com\/en\/what-to-do\/summer-activities\/sports\/dog-hiking-in-summer\/\">\r\n                                <div class=\"img\"><img decoding=\"async\" src=\"https:\/\/www.lesgets.com\/wp\/..\/app\/uploads\/2024\/06\/2022_07_21_cani_rando_ete_Les_Gets_La_Patte_Nordic_cpLauraBureau-38_LD-1920x1080.jpg\" alt=\"\">\r\n                                <\/div>\r\n                                <div class=\"conteneur\">\r\n                                    <h3>Cani-cross in summer<\/h3>\r\n                                    <p>Discover the dog-hiking, a hike in which you are harnessed to a dog. A great way to discover the trails in a different way.<\/p>\r\n                                <\/div>\r\n                            <\/a>\r\n                        <\/div>\r\n                                    <\/div>\r\n        <\/div>\r\n    <\/div>\r\n<\/div>\n\n<div class=\"block block-genesis-custom-blocks-pushs\">    <div class=\"pushs-inside blanc\">\r\n        <div class=\"container\">\r\n            <div class=\"row\">\r\n                                        <div class=\"col-4\">\r\n                            <a href=\"https:\/\/www.lesgets.com\/en\/what-to-do\/summer-activities\/sports\/tennis\/\">\r\n                                <div class=\"img\"><img decoding=\"async\" src=\"https:\/\/www.lesgets.com\/wp\/..\/app\/uploads\/2020\/08\/Tennis_7966_Keno_Photographie_OT_Les_Gets-1920x1080.jpg\" alt=\"\">\r\n                                <\/div>\r\n                                <div class=\"conteneur\">\r\n                                    <h3>Tennis<\/h3>\r\n                                    <p>Enjoy a game of tennis with family and friends on one of the resort&#8217;s tennis courts. <\/p>\r\n                                <\/div>\r\n                            <\/a>\r\n                        <\/div>\r\n                                                <div class=\"col-4\">\r\n                            <a href=\"https:\/\/www.lesgets.com\/en\/what-to-do\/summer-activities\/sports\/white-water-sports\/\">\r\n                                <div class=\"img\"><img decoding=\"async\" src=\"https:\/\/www.lesgets.com\/wp\/..\/app\/uploads\/2020\/05\/LesGets_2013_EauVive_LesGets_04-1-1920x1080.jpg\" alt=\"Deux kayaks jaunes dans une rivi\u00e8re\">\r\n                                <\/div>\r\n                                <div class=\"conteneur\">\r\n                                    <h3>White water sports<\/h3>\r\n                                    <p>Find various service providers offering white water activities near Les Gets. <\/p>\r\n                                <\/div>\r\n                            <\/a>\r\n                        <\/div>\r\n                                                <div class=\"col-4\">\r\n                            <a href=\"https:\/\/www.lesgets.com\/en\/what-to-do\/summer-activities\/sports\/climbing-via-ferrata\/\">\r\n                                <div class=\"img\"><img decoding=\"async\" src=\"https:\/\/www.lesgets.com\/wp\/..\/app\/uploads\/2020\/05\/Via_Ferrata_site-1920x1080.jpg\" alt=\"Personnes grimpant un rocher \u00e0 l'aide d'une corde. Via ferr\u00e2t\">\r\n                                <\/div>\r\n                                <div class=\"conteneur\">\r\n                                    <h3>Climbing &#8211; Via Ferrata<\/h3>\r\n                                    <p>You will find here the list of providers offering activities such as climbing or Via Ferrata near Les Gets.<\/p>\r\n                                <\/div>\r\n                            <\/a>\r\n                        <\/div>\r\n                                    <\/div>\r\n        <\/div>\r\n    <\/div>\r\n<\/div>\n\n<div class=\"block block-genesis-custom-blocks-pushs\">    <div class=\"pushs-inside blanc\">\r\n        <div class=\"container\">\r\n            <div class=\"row\">\r\n                                        <div class=\"col-4\">\r\n                            <a href=\"https:\/\/www.lesgets.com\/en\/what-to-do\/summer-activities\/sports\/fitness\/\">\r\n                                <div class=\"img\"><img decoding=\"async\" src=\"https:\/\/www.lesgets.com\/wp\/..\/app\/uploads\/2020\/05\/LesGets_2020_Fitness_Fitlife_01-1-1920x1080.jpeg\" alt=\"Salle de fitness et de musculation avec tapis et appareils\">\r\n                                <\/div>\r\n                                <div class=\"conteneur\">\r\n                                    <h3>Fitness<\/h3>\r\n                                    <p>Here is the list of establishments in Les Gets with fitness rooms or classes. <\/p>\r\n                                <\/div>\r\n                            <\/a>\r\n                        <\/div>\r\n                                                <div class=\"col-4\">\r\n                            <a href=\"https:\/\/www.lesgets.com\/en\/what-to-do\/summer-activities\/sports\/swimming-lessons\/\">\r\n                                <div class=\"img\"><img decoding=\"async\" src=\"https:\/\/www.lesgets.com\/wp\/..\/app\/uploads\/2020\/05\/cours-natation.jpg\" alt=\"Personne nageant dans une piscine\">\r\n                                <\/div>\r\n                                <div class=\"conteneur\">\r\n                                    <h3>Swimming lessons<\/h3>\r\n                                    <p>Find here the establishments in Les Gets offering swimming lessons for all levels, in heated outdoor and indoor swimming pools. <\/p>\r\n                                <\/div>\r\n                            <\/a>\r\n                        <\/div>\r\n                                    <\/div>\r\n        <\/div>\r\n    <\/div>\r\n<\/div>","protected":false},"excerpt":{"rendered":"<p>Mountain biking, road biking, hiking, trail, golf, swimming lake, cani-rando, white water sports&#8230; Find all the summer activities possible in Les Gets <\/p>\n","protected":false},"author":4,"featured_media":7748,"parent":12211,"menu_order":0,"comment_status":"closed","ping_status":"closed","template":"","meta":{"_acf_changed":false,"footnotes":""},"class_list":["post-13053","page","type-page","status-publish","has-post-thumbnail","hentry"],"acf":[],"yoast_head":"<!-- This site is optimized with the Yoast SEO plugin v27.3 - https:\/\/yoast.com\/product\/yoast-seo-wordpress\/ -->\n<title>Sports &amp; outdoor activities - All summer activities - Les Gets<\/title>\n<meta name=\"description\" content=\"Mountain biking, road biking, hiking, trail, golf, swimming lake, cani-rando, white water sports... Find all the summer activities possible in Les Gets.\" \/>\n<meta name=\"robots\" content=\"index, follow, max-snippet:-1, max-image-preview:large, max-video-preview:-1\" \/>\n<link rel=\"canonical\" href=\"https:\/\/www.lesgets.com\/en\/what-to-do\/summer-activities\/sports\/\" \/>\n<meta property=\"og:locale\" content=\"en_US\" \/>\n<meta property=\"og:type\" content=\"article\" \/>\n<meta property=\"og:title\" content=\"Sports &amp; outdoor activities - All summer activities - Les Gets\" \/>\n<meta property=\"og:description\" content=\"Mountain biking, road biking, hiking, trail, golf, swimming lake, cani-rando, white water sports... Find all the summer activities possible in Les Gets.\" \/>\n<meta property=\"og:url\" content=\"https:\/\/www.lesgets.com\/en\/what-to-do\/summer-activities\/sports\/\" \/>\n<meta property=\"og:site_name\" content=\"Les Gets\" \/>\n<meta property=\"article:modified_time\" content=\"2021-08-31T07:42:03+00:00\" \/>\n<meta property=\"og:image\" content=\"https:\/\/www.lesgets.com\/..\/app\/uploads\/2020\/05\/LesGets_2019_traildesGets_MANON_GUENOT_07.jpg\" \/>\n\t<meta property=\"og:image:width\" content=\"1920\" \/>\n\t<meta property=\"og:image:height\" content=\"1281\" \/>\n\t<meta property=\"og:image:type\" content=\"image\/jpeg\" \/>\n<meta name=\"twitter:card\" content=\"summary_large_image\" \/>\n<script type=\"application\/ld+json\" class=\"yoast-schema-graph\">{\"@context\":\"https:\\\/\\\/schema.org\",\"@graph\":[{\"@type\":\"WebPage\",\"@id\":\"https:\\\/\\\/www.lesgets.com\\\/en\\\/what-to-do\\\/summer-activities\\\/sports\\\/\",\"url\":\"https:\\\/\\\/www.lesgets.com\\\/en\\\/what-to-do\\\/summer-activities\\\/sports\\\/\",\"name\":\"Sports & outdoor activities - All summer activities - Les Gets\",\"isPartOf\":{\"@id\":\"https:\\\/\\\/www.lesgets.com\\\/en\\\/#website\"},\"primaryImageOfPage\":{\"@id\":\"https:\\\/\\\/www.lesgets.com\\\/en\\\/what-to-do\\\/summer-activities\\\/sports\\\/#primaryimage\"},\"image\":{\"@id\":\"https:\\\/\\\/www.lesgets.com\\\/en\\\/what-to-do\\\/summer-activities\\\/sports\\\/#primaryimage\"},\"thumbnailUrl\":\"https:\\\/\\\/www.lesgets.com\\\/wp\\\/..\\\/app\\\/uploads\\\/2020\\\/05\\\/LesGets_2019_traildesGets_MANON_GUENOT_07.jpg\",\"datePublished\":\"2020-06-04T08:41:57+00:00\",\"dateModified\":\"2021-08-31T07:42:03+00:00\",\"description\":\"Mountain biking, road biking, hiking, trail, golf, swimming lake, cani-rando, white water sports... Find all the summer activities possible in Les Gets.\",\"breadcrumb\":{\"@id\":\"https:\\\/\\\/www.lesgets.com\\\/en\\\/what-to-do\\\/summer-activities\\\/sports\\\/#breadcrumb\"},\"inLanguage\":\"en-US\",\"potentialAction\":[{\"@type\":\"ReadAction\",\"target\":[\"https:\\\/\\\/www.lesgets.com\\\/en\\\/what-to-do\\\/summer-activities\\\/sports\\\/\"]}]},{\"@type\":\"ImageObject\",\"inLanguage\":\"en-US\",\"@id\":\"https:\\\/\\\/www.lesgets.com\\\/en\\\/what-to-do\\\/summer-activities\\\/sports\\\/#primaryimage\",\"url\":\"https:\\\/\\\/www.lesgets.com\\\/wp\\\/..\\\/app\\\/uploads\\\/2020\\\/05\\\/LesGets_2019_traildesGets_MANON_GUENOT_07.jpg\",\"contentUrl\":\"https:\\\/\\\/www.lesgets.com\\\/wp\\\/..\\\/app\\\/uploads\\\/2020\\\/05\\\/LesGets_2019_traildesGets_MANON_GUENOT_07.jpg\",\"width\":1920,\"height\":1281,\"caption\":\"Personnes faisant un trail en \u00e9t\u00e9 en montagne\"},{\"@type\":\"BreadcrumbList\",\"@id\":\"https:\\\/\\\/www.lesgets.com\\\/en\\\/what-to-do\\\/summer-activities\\\/sports\\\/#breadcrumb\",\"itemListElement\":[{\"@type\":\"ListItem\",\"position\":1,\"name\":\"Home\",\"item\":\"https:\\\/\\\/www.lesgets.com\\\/en\\\/\"},{\"@type\":\"ListItem\",\"position\":2,\"name\":\"What to do?\",\"item\":\"https:\\\/\\\/www.lesgets.com\\\/en\\\/what-to-do\\\/\"},{\"@type\":\"ListItem\",\"position\":3,\"name\":\"Summer activities\",\"item\":\"https:\\\/\\\/www.lesgets.com\\\/en\\\/what-to-do\\\/summer-activities\\\/\"},{\"@type\":\"ListItem\",\"position\":4,\"name\":\"Sports &#038; outdoor activities\"}]},{\"@type\":\"WebSite\",\"@id\":\"https:\\\/\\\/www.lesgets.com\\\/en\\\/#website\",\"url\":\"https:\\\/\\\/www.lesgets.com\\\/en\\\/\",\"name\":\"Les Gets\",\"description\":\"\",\"publisher\":{\"@id\":\"https:\\\/\\\/www.lesgets.com\\\/en\\\/#organization\"},\"potentialAction\":[{\"@type\":\"SearchAction\",\"target\":{\"@type\":\"EntryPoint\",\"urlTemplate\":\"https:\\\/\\\/www.lesgets.com\\\/en\\\/?s={search_term_string}\"},\"query-input\":{\"@type\":\"PropertyValueSpecification\",\"valueRequired\":true,\"valueName\":\"search_term_string\"}}],\"inLanguage\":\"en-US\"},{\"@type\":\"Organization\",\"@id\":\"https:\\\/\\\/www.lesgets.com\\\/en\\\/#organization\",\"name\":\"Les Gets\",\"url\":\"https:\\\/\\\/www.lesgets.com\\\/en\\\/\",\"logo\":{\"@type\":\"ImageObject\",\"inLanguage\":\"en-US\",\"@id\":\"https:\\\/\\\/www.lesgets.com\\\/en\\\/#\\\/schema\\\/logo\\\/image\\\/\",\"url\":\"https:\\\/\\\/www.lesgets.com\\\/wp\\\/..\\\/app\\\/uploads\\\/2020\\\/06\\\/logo_lesgets.png\",\"contentUrl\":\"https:\\\/\\\/www.lesgets.com\\\/wp\\\/..\\\/app\\\/uploads\\\/2020\\\/06\\\/logo_lesgets.png\",\"width\":136,\"height\":115,\"caption\":\"Les Gets\"},\"image\":{\"@id\":\"https:\\\/\\\/www.lesgets.com\\\/en\\\/#\\\/schema\\\/logo\\\/image\\\/\"}}]}<\/script>\n<!-- \/ Yoast SEO plugin. -->","yoast_head_json":{"title":"Sports & outdoor activities - All summer activities - Les Gets","description":"Mountain biking, road biking, hiking, trail, golf, swimming lake, cani-rando, white water sports... Find all the summer activities possible in Les Gets.","robots":{"index":"index","follow":"follow","max-snippet":"max-snippet:-1","max-image-preview":"max-image-preview:large","max-video-preview":"max-video-preview:-1"},"canonical":"https:\/\/www.lesgets.com\/en\/what-to-do\/summer-activities\/sports\/","og_locale":"en_US","og_type":"article","og_title":"Sports & outdoor activities - All summer activities - Les Gets","og_description":"Mountain biking, road biking, hiking, trail, golf, swimming lake, cani-rando, white water sports... Find all the summer activities possible in Les Gets.","og_url":"https:\/\/www.lesgets.com\/en\/what-to-do\/summer-activities\/sports\/","og_site_name":"Les Gets","article_modified_time":"2021-08-31T07:42:03+00:00","og_image":[{"width":1920,"height":1281,"url":"https:\/\/www.lesgets.com\/..\/app\/uploads\/2020\/05\/LesGets_2019_traildesGets_MANON_GUENOT_07.jpg","type":"image\/jpeg"}],"twitter_card":"summary_large_image","schema":{"@context":"https:\/\/schema.org","@graph":[{"@type":"WebPage","@id":"https:\/\/www.lesgets.com\/en\/what-to-do\/summer-activities\/sports\/","url":"https:\/\/www.lesgets.com\/en\/what-to-do\/summer-activities\/sports\/","name":"Sports & outdoor activities - All summer activities - Les Gets","isPartOf":{"@id":"https:\/\/www.lesgets.com\/en\/#website"},"primaryImageOfPage":{"@id":"https:\/\/www.lesgets.com\/en\/what-to-do\/summer-activities\/sports\/#primaryimage"},"image":{"@id":"https:\/\/www.lesgets.com\/en\/what-to-do\/summer-activities\/sports\/#primaryimage"},"thumbnailUrl":"https:\/\/www.lesgets.com\/wp\/..\/app\/uploads\/2020\/05\/LesGets_2019_traildesGets_MANON_GUENOT_07.jpg","datePublished":"2020-06-04T08:41:57+00:00","dateModified":"2021-08-31T07:42:03+00:00","description":"Mountain biking, road biking, hiking, trail, golf, swimming lake, cani-rando, white water sports... Find all the summer activities possible in Les Gets.","breadcrumb":{"@id":"https:\/\/www.lesgets.com\/en\/what-to-do\/summer-activities\/sports\/#breadcrumb"},"inLanguage":"en-US","potentialAction":[{"@type":"ReadAction","target":["https:\/\/www.lesgets.com\/en\/what-to-do\/summer-activities\/sports\/"]}]},{"@type":"ImageObject","inLanguage":"en-US","@id":"https:\/\/www.lesgets.com\/en\/what-to-do\/summer-activities\/sports\/#primaryimage","url":"https:\/\/www.lesgets.com\/wp\/..\/app\/uploads\/2020\/05\/LesGets_2019_traildesGets_MANON_GUENOT_07.jpg","contentUrl":"https:\/\/www.lesgets.com\/wp\/..\/app\/uploads\/2020\/05\/LesGets_2019_traildesGets_MANON_GUENOT_07.jpg","width":1920,"height":1281,"caption":"Personnes faisant un trail en \u00e9t\u00e9 en montagne"},{"@type":"BreadcrumbList","@id":"https:\/\/www.lesgets.com\/en\/what-to-do\/summer-activities\/sports\/#breadcrumb","itemListElement":[{"@type":"ListItem","position":1,"name":"Home","item":"https:\/\/www.lesgets.com\/en\/"},{"@type":"ListItem","position":2,"name":"What to do?","item":"https:\/\/www.lesgets.com\/en\/what-to-do\/"},{"@type":"ListItem","position":3,"name":"Summer activities","item":"https:\/\/www.lesgets.com\/en\/what-to-do\/summer-activities\/"},{"@type":"ListItem","position":4,"name":"Sports &#038; outdoor activities"}]},{"@type":"WebSite","@id":"https:\/\/www.lesgets.com\/en\/#website","url":"https:\/\/www.lesgets.com\/en\/","name":"Les Gets","description":"","publisher":{"@id":"https:\/\/www.lesgets.com\/en\/#organization"},"potentialAction":[{"@type":"SearchAction","target":{"@type":"EntryPoint","urlTemplate":"https:\/\/www.lesgets.com\/en\/?s={search_term_string}"},"query-input":{"@type":"PropertyValueSpecification","valueRequired":true,"valueName":"search_term_string"}}],"inLanguage":"en-US"},{"@type":"Organization","@id":"https:\/\/www.lesgets.com\/en\/#organization","name":"Les Gets","url":"https:\/\/www.lesgets.com\/en\/","logo":{"@type":"ImageObject","inLanguage":"en-US","@id":"https:\/\/www.lesgets.com\/en\/#\/schema\/logo\/image\/","url":"https:\/\/www.lesgets.com\/wp\/..\/app\/uploads\/2020\/06\/logo_lesgets.png","contentUrl":"https:\/\/www.lesgets.com\/wp\/..\/app\/uploads\/2020\/06\/logo_lesgets.png","width":136,"height":115,"caption":"Les Gets"},"image":{"@id":"https:\/\/www.lesgets.com\/en\/#\/schema\/logo\/image\/"}}]}},"featured_image_src":"https:\/\/www.lesgets.com\/wp\/..\/app\/uploads\/2020\/05\/LesGets_2019_traildesGets_MANON_GUENOT_07.jpg","featured_image_src_square":"https:\/\/www.lesgets.com\/wp\/..\/app\/uploads\/2020\/05\/LesGets_2019_traildesGets_MANON_GUENOT_07.jpg","_links":{"self":[{"href":"https:\/\/www.lesgets.com\/en\/wp-json\/wp\/v2\/pages\/13053","targetHints":{"allow":["GET"]}}],"collection":[{"href":"https:\/\/www.lesgets.com\/en\/wp-json\/wp\/v2\/pages"}],"about":[{"href":"https:\/\/www.lesgets.com\/en\/wp-json\/wp\/v2\/types\/page"}],"author":[{"embeddable":true,"href":"https:\/\/www.lesgets.com\/en\/wp-json\/wp\/v2\/users\/4"}],"replies":[{"embeddable":true,"href":"https:\/\/www.lesgets.com\/en\/wp-json\/wp\/v2\/comments?post=13053"}],"version-history":[{"count":5,"href":"https:\/\/www.lesgets.com\/en\/wp-json\/wp\/v2\/pages\/13053\/revisions"}],"predecessor-version":[{"id":31657,"href":"https:\/\/www.lesgets.com\/en\/wp-json\/wp\/v2\/pages\/13053\/revisions\/31657"}],"up":[{"embeddable":true,"href":"https:\/\/www.lesgets.com\/en\/wp-json\/wp\/v2\/pages\/12211"}],"wp:featuredmedia":[{"embeddable":true,"href":"https:\/\/www.lesgets.com\/en\/wp-json\/wp\/v2\/media\/7748"}],"wp:attachment":[{"href":"https:\/\/www.lesgets.com\/en\/wp-json\/wp\/v2\/media?parent=13053"}],"curies":[{"name":"wp","href":"https:\/\/api.w.org\/{rel}","templated":true}]}}