{"id":13088,"date":"2020-06-04T15:46:59","date_gmt":"2020-06-04T13:46:59","guid":{"rendered":"https:\/\/www.lesgets.com\/what-to-do\/summer-activities\/cultural-activities-in-summer\/"},"modified":"2020-10-07T10:47:37","modified_gmt":"2020-10-07T08:47:37","slug":"summer-cultural-activities","status":"publish","type":"page","link":"https:\/\/www.lesgets.com\/en\/what-to-do\/summer-activities\/summer-cultural-activities\/","title":{"rendered":"Summer cultural activities"},"content":{"rendered":"<div class=\"block block-core-spacer\">\n<div style=\"height:50px\" aria-hidden=\"true\" class=\"wp-block-spacer\"><\/div>\n<\/div>\n\n<div class=\"block block-lba-apidae-selection\"><!--BEGIN FILTER -->\r\n<!--BEGIN FILTER -->\r\n\r\n<!--BEGIN ITEMS APIDAE -->\r\n  <div class=\"selection-mode-default\">\r\n          <div class=\"card 0-3places 0-3pieces\">\r\n        <div class=\"row\">\r\n          <div class=\"col-md-3\">\r\n            <img decoding=\"async\" src=\"https:\/\/static.apidae-tourisme.com\/filestore\/objets-touristiques\/images\/87\/34\/34808407-fiche.jpg\" class=\"w-100\"\r\n                 alt=\"Image 2022_10_31_animation_halloween_cpOTLesGets_LD-12\">\r\n          <\/div>\r\n          <div class=\"col-md-7\">\r\n            <div class=\"card-block px-1\">\r\n              <h2 class=\"card-title\">\r\n                                    <a href=\"https:\/\/www.lesgets.com\/en\/agenda\/welcome-reception-halloween-week-7544081-En\/\">Welcome reception &#8211; Halloween week<\/a>\r\n                              <\/h2>\r\n              <p class=\"classement\"><\/p>\r\n              <p class=\"card-text\">Les Gets welcomes you with a presentation of the week&#8217;s events and activities.<\/p>\r\n            <\/div>\r\n          <\/div>\r\n          <div class=\"col-md-2\">\r\n                            <a href=\"https:\/\/www.lesgets.com\/en\/agenda\/welcome-reception-halloween-week-7544081-En\/\" class=\"btn\">Learn more<\/a>\r\n                      <\/div>\r\n        <\/div>\r\n      <\/div>\r\n          <div class=\"card 0-3places 0-3pieces\">\r\n        <div class=\"row\">\r\n          <div class=\"col-md-3\">\r\n            <img decoding=\"async\" src=\"https:\/\/static.apidae-tourisme.com\/filestore\/objets-touristiques\/images\/165\/174\/39169701-fiche.jpg\" class=\"w-100\"\r\n                 alt=\"Image It 214\">\r\n          <\/div>\r\n          <div class=\"col-md-7\">\r\n            <div class=\"card-block px-1\">\r\n              <h2 class=\"card-title\">\r\n                                    <a href=\"https:\/\/www.lesgets.com\/en\/agenda\/european-museum-night-mechanical-music-museum-786267-En\/\">European Museum Night &#8211; Mechanical Music Museum<\/a>\r\n                              <\/h2>\r\n              <p class=\"classement\"><\/p>\r\n              <p class=\"card-text\">On the occasion of the European Night of Museums, come and discover Les Gets museum from a different angle. On the theme of &#8220;Let&#8217;s go back in time&#8221;<\/p>\r\n            <\/div>\r\n          <\/div>\r\n          <div class=\"col-md-2\">\r\n                            <a href=\"https:\/\/www.lesgets.com\/en\/agenda\/european-museum-night-mechanical-music-museum-786267-En\/\" class=\"btn\">Learn more<\/a>\r\n                      <\/div>\r\n        <\/div>\r\n      <\/div>\r\n          <div class=\"card 0-3places 0-3pieces\">\r\n        <div class=\"row\">\r\n          <div class=\"col-md-3\">\r\n            <img decoding=\"async\" src=\"https:\/\/static.apidae-tourisme.com\/filestore\/objets-touristiques\/images\/89\/62\/3620441-fiche.jpg\" class=\"w-100\"\r\n                 alt=\"Image GRE_0360s\">\r\n          <\/div>\r\n          <div class=\"col-md-7\">\r\n            <div class=\"card-block px-1\">\r\n              <h2 class=\"card-title\">\r\n                                    <a href=\"https:\/\/www.lesgets.com\/en\/details\/esprit-photo-179441-En\/\">Esprit photo<\/a>\r\n                              <\/h2>\r\n              <p class=\"classement\"><\/p>\r\n              <p class=\"card-text\">Esprit Photo is a professional photography studio, specialized in black and white, located in Les Gets and Calvi in Corsica since 2008.<\/p>\r\n            <\/div>\r\n          <\/div>\r\n          <div class=\"col-md-2\">\r\n                            <a href=\"https:\/\/www.lesgets.com\/en\/details\/esprit-photo-179441-En\/\" class=\"btn\">Learn more<\/a>\r\n                      <\/div>\r\n        <\/div>\r\n      <\/div>\r\n          <div class=\"card 0-3places 0-3pieces\">\r\n        <div class=\"row\">\r\n          <div class=\"col-md-3\">\r\n            <img decoding=\"async\" src=\"https:\/\/static.apidae-tourisme.com\/filestore\/objets-touristiques\/images\/54\/190\/30916150-fiche.jpg\" class=\"w-100\"\r\n                 alt=\"Image b902fd5a5093f7f4f242\">\r\n          <\/div>\r\n          <div class=\"col-md-7\">\r\n            <div class=\"card-block px-1\">\r\n              <h2 class=\"card-title\">\r\n                                    <a href=\"https:\/\/www.lesgets.com\/en\/details\/mechanical-music-museum-191340-En\/\">Mechanical Music Museum<\/a>\r\n                              <\/h2>\r\n              <p class=\"classement\"><\/p>\r\n              <p class=\"card-text\">Come to discover the incredible mechanical instruments collection of the museum. More than 1000 pieces are exposed : carillons, clocks, music boxes, orchestrions, mechanical pianos, stringed instruments, barrel organs, automates, phonographes&#8230;<\/p>\r\n            <\/div>\r\n          <\/div>\r\n          <div class=\"col-md-2\">\r\n                            <a href=\"https:\/\/www.lesgets.com\/en\/details\/mechanical-music-museum-191340-En\/\" class=\"btn\">Learn more<\/a>\r\n                      <\/div>\r\n        <\/div>\r\n      <\/div>\r\n          <div class=\"card 0-3places 0-3pieces\">\r\n        <div class=\"row\">\r\n          <div class=\"col-md-3\">\r\n            <img decoding=\"async\" src=\"https:\/\/static.apidae-tourisme.com\/filestore\/objets-touristiques\/images\/141\/244\/3667085-fiche.jpg\" class=\"w-100\"\r\n                 alt=\"Image bar 13+\">\r\n          <\/div>\r\n          <div class=\"col-md-7\">\r\n            <div class=\"card-block px-1\">\r\n              <h2 class=\"card-title\">\r\n                                    <a href=\"https:\/\/www.lesgets.com\/en\/details\/jeux-trinque-4923287-En\/\">Jeux Trinque<\/a>\r\n                              <\/h2>\r\n              <p class=\"classement\"><\/p>\r\n              <p class=\"card-text\">&#8220;Jeux Trinque&#8221;. Come and enjoy our famous games like billiards, baby-foot, connected dart games&#8230;<\/p>\r\n            <\/div>\r\n          <\/div>\r\n          <div class=\"col-md-2\">\r\n                            <a href=\"https:\/\/www.lesgets.com\/en\/details\/jeux-trinque-4923287-En\/\" class=\"btn\">Learn more<\/a>\r\n                      <\/div>\r\n        <\/div>\r\n      <\/div>\r\n          <div class=\"card 0-3places 0-3pieces\">\r\n        <div class=\"row\">\r\n          <div class=\"col-md-3\">\r\n            <img decoding=\"async\" src=\"https:\/\/static.apidae-tourisme.com\/filestore\/objets-touristiques\/images\/135\/190\/28425863-fiche.jpg\" class=\"w-100\"\r\n                 alt=\"Image museemeca_expo_dessin\">\r\n          <\/div>\r\n          <div class=\"col-md-7\">\r\n            <div class=\"card-block px-1\">\r\n              <h2 class=\"card-title\">\r\n                                    <a href=\"https:\/\/www.lesgets.com\/en\/agenda\/exposition-la-musique-mecanique-et-le-dessin-7224033-En\/\">Exposition &#8220;La musique m\u00e9canique et le dessin&#8221;<\/a>\r\n                              <\/h2>\r\n              <p class=\"classement\"><\/p>\r\n              <p class=\"card-text\">D\u00e9couvrez la nouvelle exposition temporaire du Mus\u00e9e de la musique m\u00e9canique des Gets pour l&#8217;ann\u00e9e 2025, consacr\u00e9e \u00e0 &#8220;La musique m\u00e9canique et le dessin&#8221;.<\/p>\r\n            <\/div>\r\n          <\/div>\r\n          <div class=\"col-md-2\">\r\n                            <a href=\"https:\/\/www.lesgets.com\/en\/agenda\/exposition-la-musique-mecanique-et-le-dessin-7224033-En\/\" class=\"btn\">Learn more<\/a>\r\n                      <\/div>\r\n        <\/div>\r\n      <\/div>\r\n          <div class=\"card 0-3places 0-3pieces\">\r\n        <div class=\"row\">\r\n          <div class=\"col-md-3\">\r\n            <img decoding=\"async\" src=\"https:\/\/static.apidae-tourisme.com\/filestore\/objets-touristiques\/images\/39\/4\/6751271-fiche.jpg\" class=\"w-100\"\r\n                 alt=\"Image bandeau_bibliotheque_exterieur\">\r\n          <\/div>\r\n          <div class=\"col-md-7\">\r\n            <div class=\"card-block px-1\">\r\n              <h2 class=\"card-title\">\r\n                                    <a href=\"https:\/\/www.lesgets.com\/en\/details\/library-198586-En\/\">Library<\/a>\r\n                              <\/h2>\r\n              <p class=\"classement\"><\/p>\r\n              <p class=\"card-text\">The library offers books and documents for all ages. You will find a wide variety of books: novels, biographies, comics, children&#8217;s stories and albums, newspapers etc.<\/p>\r\n            <\/div>\r\n          <\/div>\r\n          <div class=\"col-md-2\">\r\n                            <a href=\"https:\/\/www.lesgets.com\/en\/details\/library-198586-En\/\" class=\"btn\">Learn more<\/a>\r\n                      <\/div>\r\n        <\/div>\r\n      <\/div>\r\n          <div class=\"card 0-3places 0-3pieces\">\r\n        <div class=\"row\">\r\n          <div class=\"col-md-3\">\r\n            <img decoding=\"async\" src=\"https:\/\/static.apidae-tourisme.com\/filestore\/objets-touristiques\/images\/102\/181\/38516070-fiche.jpg\" class=\"w-100\"\r\n                 alt=\"Image DSCN5923\">\r\n          <\/div>\r\n          <div class=\"col-md-7\">\r\n            <div class=\"card-block px-1\">\r\n              <h2 class=\"card-title\">\r\n                                    <a href=\"https:\/\/www.lesgets.com\/en\/details\/cinema-le-club-204391-En\/\">Cin\u00e9ma Le Club<\/a>\r\n                              <\/h2>\r\n              <p class=\"classement\"><\/p>\r\n              <p class=\"card-text\">Dolby Digital. Movies change every day with several daily sessions in the event of bad weather and programming exclusivity.<\/p>\r\n            <\/div>\r\n          <\/div>\r\n          <div class=\"col-md-2\">\r\n                            <a href=\"https:\/\/www.lesgets.com\/en\/details\/cinema-le-club-204391-En\/\" class=\"btn\">Learn more<\/a>\r\n                      <\/div>\r\n        <\/div>\r\n      <\/div>\r\n          <div class=\"card 0-3places 0-3pieces\">\r\n        <div class=\"row\">\r\n          <div class=\"col-md-3\">\r\n            <img decoding=\"async\" src=\"https:\/\/static.apidae-tourisme.com\/filestore\/objets-touristiques\/images\/51\/65\/32325939-fiche.jpg\" class=\"w-100\"\r\n                 alt=\"Image groupe luge\">\r\n          <\/div>\r\n          <div class=\"col-md-7\">\r\n            <div class=\"card-block px-1\">\r\n              <h2 class=\"card-title\">\r\n                                    <a href=\"https:\/\/www.lesgets.com\/en\/agenda\/the-bouses-brotherssister-concert-at-the-snack-bar-on-the-luge-7429053-En\/\">&#8220;The Bouses Brothers&#038;sister&#8221; concert at the snack bar on the luge<\/a>\r\n                              <\/h2>\r\n              <p class=\"classement\"><\/p>\r\n              <p class=\"card-text\">On Saturday 17 July, the snack bar at the Perri\u00e8res toboggan run will play host to the group \u2018the Bouses Brother&#038;sisters\u2019.\r\nFor this special occasion, we are offering a unique evening menu: Spit-roasted ham, gratins dauphinois and ratatouille.<\/p>\r\n            <\/div>\r\n          <\/div>\r\n          <div class=\"col-md-2\">\r\n                            <a href=\"https:\/\/www.lesgets.com\/en\/agenda\/the-bouses-brotherssister-concert-at-the-snack-bar-on-the-luge-7429053-En\/\" class=\"btn\">Learn more<\/a>\r\n                      <\/div>\r\n        <\/div>\r\n      <\/div>\r\n          <div class=\"card 0-3places 0-3pieces\">\r\n        <div class=\"row\">\r\n          <div class=\"col-md-3\">\r\n            <img decoding=\"async\" src=\"https:\/\/static.apidae-tourisme.com\/filestore\/objets-touristiques\/images\/139\/243\/32568203-fiche.jpg\" class=\"w-100\"\r\n                 alt=\"Image cin\u00e9ma le club\">\r\n          <\/div>\r\n          <div class=\"col-md-7\">\r\n            <div class=\"card-block px-1\">\r\n              <h2 class=\"card-title\">\r\n                                    <a href=\"https:\/\/www.lesgets.com\/en\/details\/movie-theater-458568-En\/\">Movie Theater<\/a>\r\n                              <\/h2>\r\n              <p class=\"classement\"><\/p>\r\n              <p class=\"card-text\">Dolby Digital. Movies change every day with several daily sessions in the event of bad weather and programming exclusivity.<\/p>\r\n            <\/div>\r\n          <\/div>\r\n          <div class=\"col-md-2\">\r\n                            <a href=\"https:\/\/www.lesgets.com\/en\/details\/movie-theater-458568-En\/\" class=\"btn\">Learn more<\/a>\r\n                      <\/div>\r\n        <\/div>\r\n      <\/div>\r\n      <\/div>\r\n<!--END ITEMS APIDAE -->\r\n\r\n<!--BEGIN PAGINATOR -->\r\n<!--BEGIN PAGINATOR --><\/div>","protected":false},"excerpt":{"rendered":"<p>Mechanical Music Museum, cinema, library, Art&#8217;n&#8217;Chery gallery&#8230; Cultural discoveries are also on the agenda in Les Gets. <\/p>\n","protected":false},"author":4,"featured_media":9663,"parent":12211,"menu_order":3,"comment_status":"closed","ping_status":"closed","template":"","meta":{"_acf_changed":false,"footnotes":""},"class_list":["post-13088","page","type-page","status-publish","has-post-thumbnail","hentry"],"acf":[],"yoast_head":"<!-- This site is optimized with the Yoast SEO plugin v27.3 - https:\/\/yoast.com\/product\/yoast-seo-wordpress\/ -->\n<title>Summer cultural activities - All summer activities in Les Gets<\/title>\n<meta name=\"description\" content=\"Mechanical Music Museum, cinema, library, Art&#039;n&#039;Chery gallery... Cultural discoveries are also on the agenda in Les Gets.\" \/>\n<meta name=\"robots\" content=\"index, follow, max-snippet:-1, max-image-preview:large, max-video-preview:-1\" \/>\n<link rel=\"canonical\" href=\"https:\/\/www.lesgets.com\/en\/what-to-do\/summer-activities\/summer-cultural-activities\/\" \/>\n<meta property=\"og:locale\" content=\"en_US\" \/>\n<meta property=\"og:type\" content=\"article\" \/>\n<meta property=\"og:title\" content=\"Summer cultural activities - All summer activities in Les Gets\" \/>\n<meta property=\"og:description\" content=\"Mechanical Music Museum, cinema, library, Art&#039;n&#039;Chery gallery... Cultural discoveries are also on the agenda in Les Gets.\" \/>\n<meta property=\"og:url\" content=\"https:\/\/www.lesgets.com\/en\/what-to-do\/summer-activities\/summer-cultural-activities\/\" \/>\n<meta property=\"og:site_name\" content=\"Les Gets\" \/>\n<meta property=\"article:modified_time\" content=\"2020-10-07T08:47:37+00:00\" \/>\n<meta property=\"og:image\" content=\"https:\/\/www.lesgets.com\/..\/app\/uploads\/2020\/05\/LesGets_2016_Muse\u0301eMusiqueMe\u0301canique_V.Ducrettet_01.jpg\" \/>\n\t<meta property=\"og:image:width\" content=\"1920\" \/>\n\t<meta property=\"og:image:height\" content=\"1282\" \/>\n\t<meta property=\"og:image:type\" content=\"image\/jpeg\" \/>\n<meta name=\"twitter:card\" content=\"summary_large_image\" \/>\n<script type=\"application\/ld+json\" class=\"yoast-schema-graph\">{\"@context\":\"https:\\\/\\\/schema.org\",\"@graph\":[{\"@type\":\"WebPage\",\"@id\":\"https:\\\/\\\/www.lesgets.com\\\/en\\\/what-to-do\\\/summer-activities\\\/summer-cultural-activities\\\/\",\"url\":\"https:\\\/\\\/www.lesgets.com\\\/en\\\/what-to-do\\\/summer-activities\\\/summer-cultural-activities\\\/\",\"name\":\"Summer cultural activities - All summer activities in Les Gets\",\"isPartOf\":{\"@id\":\"https:\\\/\\\/www.lesgets.com\\\/en\\\/#website\"},\"primaryImageOfPage\":{\"@id\":\"https:\\\/\\\/www.lesgets.com\\\/en\\\/what-to-do\\\/summer-activities\\\/summer-cultural-activities\\\/#primaryimage\"},\"image\":{\"@id\":\"https:\\\/\\\/www.lesgets.com\\\/en\\\/what-to-do\\\/summer-activities\\\/summer-cultural-activities\\\/#primaryimage\"},\"thumbnailUrl\":\"https:\\\/\\\/www.lesgets.com\\\/wp\\\/..\\\/app\\\/uploads\\\/2020\\\/05\\\/LesGets_2016_Muse\u0301eMusiqueMe\u0301canique_V.Ducrettet_01.jpg\",\"datePublished\":\"2020-06-04T13:46:59+00:00\",\"dateModified\":\"2020-10-07T08:47:37+00:00\",\"description\":\"Mechanical Music Museum, cinema, library, Art'n'Chery gallery... Cultural discoveries are also on the agenda in Les Gets.\",\"breadcrumb\":{\"@id\":\"https:\\\/\\\/www.lesgets.com\\\/en\\\/what-to-do\\\/summer-activities\\\/summer-cultural-activities\\\/#breadcrumb\"},\"inLanguage\":\"en-US\",\"potentialAction\":[{\"@type\":\"ReadAction\",\"target\":[\"https:\\\/\\\/www.lesgets.com\\\/en\\\/what-to-do\\\/summer-activities\\\/summer-cultural-activities\\\/\"]}]},{\"@type\":\"ImageObject\",\"inLanguage\":\"en-US\",\"@id\":\"https:\\\/\\\/www.lesgets.com\\\/en\\\/what-to-do\\\/summer-activities\\\/summer-cultural-activities\\\/#primaryimage\",\"url\":\"https:\\\/\\\/www.lesgets.com\\\/wp\\\/..\\\/app\\\/uploads\\\/2020\\\/05\\\/LesGets_2016_Muse\u0301eMusiqueMe\u0301canique_V.Ducrettet_01.jpg\",\"contentUrl\":\"https:\\\/\\\/www.lesgets.com\\\/wp\\\/..\\\/app\\\/uploads\\\/2020\\\/05\\\/LesGets_2016_Muse\u0301eMusiqueMe\u0301canique_V.Ducrettet_01.jpg\",\"width\":1920,\"height\":1282,\"caption\":\"Int\u00e9rieur d'un mus\u00e9e de musique m\u00e9canique avec objets, instruments et tableaux\"},{\"@type\":\"BreadcrumbList\",\"@id\":\"https:\\\/\\\/www.lesgets.com\\\/en\\\/what-to-do\\\/summer-activities\\\/summer-cultural-activities\\\/#breadcrumb\",\"itemListElement\":[{\"@type\":\"ListItem\",\"position\":1,\"name\":\"Home\",\"item\":\"https:\\\/\\\/www.lesgets.com\\\/en\\\/\"},{\"@type\":\"ListItem\",\"position\":2,\"name\":\"What to do?\",\"item\":\"https:\\\/\\\/www.lesgets.com\\\/en\\\/what-to-do\\\/\"},{\"@type\":\"ListItem\",\"position\":3,\"name\":\"Summer activities\",\"item\":\"https:\\\/\\\/www.lesgets.com\\\/en\\\/what-to-do\\\/summer-activities\\\/\"},{\"@type\":\"ListItem\",\"position\":4,\"name\":\"Summer cultural activities\"}]},{\"@type\":\"WebSite\",\"@id\":\"https:\\\/\\\/www.lesgets.com\\\/en\\\/#website\",\"url\":\"https:\\\/\\\/www.lesgets.com\\\/en\\\/\",\"name\":\"Les Gets\",\"description\":\"\",\"publisher\":{\"@id\":\"https:\\\/\\\/www.lesgets.com\\\/en\\\/#organization\"},\"potentialAction\":[{\"@type\":\"SearchAction\",\"target\":{\"@type\":\"EntryPoint\",\"urlTemplate\":\"https:\\\/\\\/www.lesgets.com\\\/en\\\/?s={search_term_string}\"},\"query-input\":{\"@type\":\"PropertyValueSpecification\",\"valueRequired\":true,\"valueName\":\"search_term_string\"}}],\"inLanguage\":\"en-US\"},{\"@type\":\"Organization\",\"@id\":\"https:\\\/\\\/www.lesgets.com\\\/en\\\/#organization\",\"name\":\"Les Gets\",\"url\":\"https:\\\/\\\/www.lesgets.com\\\/en\\\/\",\"logo\":{\"@type\":\"ImageObject\",\"inLanguage\":\"en-US\",\"@id\":\"https:\\\/\\\/www.lesgets.com\\\/en\\\/#\\\/schema\\\/logo\\\/image\\\/\",\"url\":\"https:\\\/\\\/www.lesgets.com\\\/wp\\\/..\\\/app\\\/uploads\\\/2020\\\/06\\\/logo_lesgets.png\",\"contentUrl\":\"https:\\\/\\\/www.lesgets.com\\\/wp\\\/..\\\/app\\\/uploads\\\/2020\\\/06\\\/logo_lesgets.png\",\"width\":136,\"height\":115,\"caption\":\"Les Gets\"},\"image\":{\"@id\":\"https:\\\/\\\/www.lesgets.com\\\/en\\\/#\\\/schema\\\/logo\\\/image\\\/\"}}]}<\/script>\n<!-- \/ Yoast SEO plugin. -->","yoast_head_json":{"title":"Summer cultural activities - All summer activities in Les Gets","description":"Mechanical Music Museum, cinema, library, Art'n'Chery gallery... Cultural discoveries are also on the agenda in Les Gets.","robots":{"index":"index","follow":"follow","max-snippet":"max-snippet:-1","max-image-preview":"max-image-preview:large","max-video-preview":"max-video-preview:-1"},"canonical":"https:\/\/www.lesgets.com\/en\/what-to-do\/summer-activities\/summer-cultural-activities\/","og_locale":"en_US","og_type":"article","og_title":"Summer cultural activities - All summer activities in Les Gets","og_description":"Mechanical Music Museum, cinema, library, Art'n'Chery gallery... Cultural discoveries are also on the agenda in Les Gets.","og_url":"https:\/\/www.lesgets.com\/en\/what-to-do\/summer-activities\/summer-cultural-activities\/","og_site_name":"Les Gets","article_modified_time":"2020-10-07T08:47:37+00:00","og_image":[{"width":1920,"height":1282,"url":"https:\/\/www.lesgets.com\/..\/app\/uploads\/2020\/05\/LesGets_2016_Muse\u0301eMusiqueMe\u0301canique_V.Ducrettet_01.jpg","type":"image\/jpeg"}],"twitter_card":"summary_large_image","schema":{"@context":"https:\/\/schema.org","@graph":[{"@type":"WebPage","@id":"https:\/\/www.lesgets.com\/en\/what-to-do\/summer-activities\/summer-cultural-activities\/","url":"https:\/\/www.lesgets.com\/en\/what-to-do\/summer-activities\/summer-cultural-activities\/","name":"Summer cultural activities - All summer activities in Les Gets","isPartOf":{"@id":"https:\/\/www.lesgets.com\/en\/#website"},"primaryImageOfPage":{"@id":"https:\/\/www.lesgets.com\/en\/what-to-do\/summer-activities\/summer-cultural-activities\/#primaryimage"},"image":{"@id":"https:\/\/www.lesgets.com\/en\/what-to-do\/summer-activities\/summer-cultural-activities\/#primaryimage"},"thumbnailUrl":"https:\/\/www.lesgets.com\/wp\/..\/app\/uploads\/2020\/05\/LesGets_2016_Muse\u0301eMusiqueMe\u0301canique_V.Ducrettet_01.jpg","datePublished":"2020-06-04T13:46:59+00:00","dateModified":"2020-10-07T08:47:37+00:00","description":"Mechanical Music Museum, cinema, library, Art'n'Chery gallery... Cultural discoveries are also on the agenda in Les Gets.","breadcrumb":{"@id":"https:\/\/www.lesgets.com\/en\/what-to-do\/summer-activities\/summer-cultural-activities\/#breadcrumb"},"inLanguage":"en-US","potentialAction":[{"@type":"ReadAction","target":["https:\/\/www.lesgets.com\/en\/what-to-do\/summer-activities\/summer-cultural-activities\/"]}]},{"@type":"ImageObject","inLanguage":"en-US","@id":"https:\/\/www.lesgets.com\/en\/what-to-do\/summer-activities\/summer-cultural-activities\/#primaryimage","url":"https:\/\/www.lesgets.com\/wp\/..\/app\/uploads\/2020\/05\/LesGets_2016_Muse\u0301eMusiqueMe\u0301canique_V.Ducrettet_01.jpg","contentUrl":"https:\/\/www.lesgets.com\/wp\/..\/app\/uploads\/2020\/05\/LesGets_2016_Muse\u0301eMusiqueMe\u0301canique_V.Ducrettet_01.jpg","width":1920,"height":1282,"caption":"Int\u00e9rieur d'un mus\u00e9e de musique m\u00e9canique avec objets, instruments et tableaux"},{"@type":"BreadcrumbList","@id":"https:\/\/www.lesgets.com\/en\/what-to-do\/summer-activities\/summer-cultural-activities\/#breadcrumb","itemListElement":[{"@type":"ListItem","position":1,"name":"Home","item":"https:\/\/www.lesgets.com\/en\/"},{"@type":"ListItem","position":2,"name":"What to do?","item":"https:\/\/www.lesgets.com\/en\/what-to-do\/"},{"@type":"ListItem","position":3,"name":"Summer activities","item":"https:\/\/www.lesgets.com\/en\/what-to-do\/summer-activities\/"},{"@type":"ListItem","position":4,"name":"Summer cultural activities"}]},{"@type":"WebSite","@id":"https:\/\/www.lesgets.com\/en\/#website","url":"https:\/\/www.lesgets.com\/en\/","name":"Les Gets","description":"","publisher":{"@id":"https:\/\/www.lesgets.com\/en\/#organization"},"potentialAction":[{"@type":"SearchAction","target":{"@type":"EntryPoint","urlTemplate":"https:\/\/www.lesgets.com\/en\/?s={search_term_string}"},"query-input":{"@type":"PropertyValueSpecification","valueRequired":true,"valueName":"search_term_string"}}],"inLanguage":"en-US"},{"@type":"Organization","@id":"https:\/\/www.lesgets.com\/en\/#organization","name":"Les Gets","url":"https:\/\/www.lesgets.com\/en\/","logo":{"@type":"ImageObject","inLanguage":"en-US","@id":"https:\/\/www.lesgets.com\/en\/#\/schema\/logo\/image\/","url":"https:\/\/www.lesgets.com\/wp\/..\/app\/uploads\/2020\/06\/logo_lesgets.png","contentUrl":"https:\/\/www.lesgets.com\/wp\/..\/app\/uploads\/2020\/06\/logo_lesgets.png","width":136,"height":115,"caption":"Les Gets"},"image":{"@id":"https:\/\/www.lesgets.com\/en\/#\/schema\/logo\/image\/"}}]}},"featured_image_src":"https:\/\/www.lesgets.com\/wp\/..\/app\/uploads\/2020\/05\/LesGets_2016_Muse\u0301eMusiqueMe\u0301canique_V.Ducrettet_01.jpg","featured_image_src_square":"https:\/\/www.lesgets.com\/wp\/..\/app\/uploads\/2020\/05\/LesGets_2016_Muse\u0301eMusiqueMe\u0301canique_V.Ducrettet_01.jpg","_links":{"self":[{"href":"https:\/\/www.lesgets.com\/en\/wp-json\/wp\/v2\/pages\/13088","targetHints":{"allow":["GET"]}}],"collection":[{"href":"https:\/\/www.lesgets.com\/en\/wp-json\/wp\/v2\/pages"}],"about":[{"href":"https:\/\/www.lesgets.com\/en\/wp-json\/wp\/v2\/types\/page"}],"author":[{"embeddable":true,"href":"https:\/\/www.lesgets.com\/en\/wp-json\/wp\/v2\/users\/4"}],"replies":[{"embeddable":true,"href":"https:\/\/www.lesgets.com\/en\/wp-json\/wp\/v2\/comments?post=13088"}],"version-history":[{"count":5,"href":"https:\/\/www.lesgets.com\/en\/wp-json\/wp\/v2\/pages\/13088\/revisions"}],"predecessor-version":[{"id":20250,"href":"https:\/\/www.lesgets.com\/en\/wp-json\/wp\/v2\/pages\/13088\/revisions\/20250"}],"up":[{"embeddable":true,"href":"https:\/\/www.lesgets.com\/en\/wp-json\/wp\/v2\/pages\/12211"}],"wp:featuredmedia":[{"embeddable":true,"href":"https:\/\/www.lesgets.com\/en\/wp-json\/wp\/v2\/media\/9663"}],"wp:attachment":[{"href":"https:\/\/www.lesgets.com\/en\/wp-json\/wp\/v2\/media?parent=13088"}],"curies":[{"name":"wp","href":"https:\/\/api.w.org\/{rel}","templated":true}]}}