{"id":13107,"date":"2020-06-04T16:27:51","date_gmt":"2020-06-04T14:27:51","guid":{"rendered":"https:\/\/www.lesgets.com\/children-playgrounds\/"},"modified":"2022-05-04T10:10:46","modified_gmt":"2022-05-04T08:10:46","slug":"children-playgrounds","status":"publish","type":"page","link":"https:\/\/www.lesgets.com\/en\/what-to-do\/summer-activities\/children-summer-activities\/children-playgrounds\/","title":{"rendered":"Children playgrounds"},"content":{"rendered":"<div class=\"block block-lba-apidae-selection\"><!--BEGIN FILTER -->\r\n<!--BEGIN FILTER -->\r\n\r\n<!--BEGIN ITEMS APIDAE -->\r\n  <div class=\"selection-mode-default\">\r\n          <div class=\"card 0-3places 0-3pieces\">\r\n        <div class=\"row\">\r\n          <div class=\"col-md-3\">\r\n            <img decoding=\"async\" src=\"https:\/\/static.apidae-tourisme.com\/filestore\/objets-touristiques\/images\/123\/58\/32782971-fiche.jpg\" class=\"w-100\"\r\n                 alt=\"Image mome\">\r\n          <\/div>\r\n          <div class=\"col-md-7\">\r\n            <div class=\"card-block px-1\">\r\n              <h2 class=\"card-title\">\r\n                                    <a href=\"https:\/\/www.lesgets.com\/en\/details\/centre-de-loisirs-les-momes-475517-En\/\">Centre de loisirs Les M\u00f4mes<\/a>\r\n                              <\/h2>\r\n              <p class=\"classement\"><\/p>\r\n              <p class=\"card-text\">The \u201cLes M\u00f4mes\u201d leisure center is open during the summer school vacations for children aged 3 to 12.<\/p>\r\n            <\/div>\r\n          <\/div>\r\n          <div class=\"col-md-2\">\r\n                            <a href=\"https:\/\/www.lesgets.com\/en\/details\/centre-de-loisirs-les-momes-475517-En\/\" class=\"btn\">Learn more<\/a>\r\n                      <\/div>\r\n        <\/div>\r\n      <\/div>\r\n          <div class=\"card 0-3places 0-3pieces\">\r\n        <div class=\"row\">\r\n          <div class=\"col-md-3\">\r\n            <img decoding=\"async\" src=\"https:\/\/static.apidae-tourisme.com\/filestore\/objets-touristiques\/images\/250\/197\/8439290-fiche.jpg\" class=\"w-100\"\r\n                 alt=\"Image jeux_lac_1200px\">\r\n          <\/div>\r\n          <div class=\"col-md-7\">\r\n            <div class=\"card-block px-1\">\r\n              <h2 class=\"card-title\">\r\n                                    <a href=\"https:\/\/www.lesgets.com\/en\/details\/playground-lac-des-ecoles-5261450-En\/\">Playground Lac des Ecoles<\/a>\r\n                              <\/h2>\r\n              <p class=\"classement\"><\/p>\r\n              <p class=\"card-text\">For children from 4 to 12 years old. Located above the swimming lake. Accessible by foot (It is not possible to access with a stroller) by the Vieux-Ch\u00eane walking path, with the free bus (line B) or with the little train (summer only).<\/p>\r\n            <\/div>\r\n          <\/div>\r\n          <div class=\"col-md-2\">\r\n                            <a href=\"https:\/\/www.lesgets.com\/en\/details\/playground-lac-des-ecoles-5261450-En\/\" class=\"btn\">Learn more<\/a>\r\n                      <\/div>\r\n        <\/div>\r\n      <\/div>\r\n          <div class=\"card 0-3places 0-3pieces\">\r\n        <div class=\"row\">\r\n          <div class=\"col-md-3\">\r\n            <img decoding=\"async\" src=\"https:\/\/static.apidae-tourisme.com\/filestore\/objets-touristiques\/images\/234\/71\/13387754-fiche.jpg\" class=\"w-100\"\r\n                 alt=\"Image 2018_02_13_Manege_Lesgets_Valentinducrettet_28\">\r\n          <\/div>\r\n          <div class=\"col-md-7\">\r\n            <div class=\"card-block px-1\">\r\n              <h2 class=\"card-title\">\r\n                                    <a href=\"https:\/\/www.lesgets.com\/en\/details\/the-wooden-merry-go-round-173272-En\/\">The wooden Merry-go-round<\/a>\r\n                              <\/h2>\r\n              <p class=\"classement\"><\/p>\r\n              <p class=\"card-text\">This emblematic monument to fairground art dates from 1871and id the oldest known model in France and a principal exhibit in Les Gets Mechanical Music Museum collection.<\/p>\r\n            <\/div>\r\n          <\/div>\r\n          <div class=\"col-md-2\">\r\n                            <a href=\"https:\/\/www.lesgets.com\/en\/details\/the-wooden-merry-go-round-173272-En\/\" class=\"btn\">Learn more<\/a>\r\n                      <\/div>\r\n        <\/div>\r\n      <\/div>\r\n          <div class=\"card 0-3places 0-3pieces\">\r\n        <div class=\"row\">\r\n          <div class=\"col-md-3\">\r\n            <img decoding=\"async\" src=\"https:\/\/static.apidae-tourisme.com\/filestore\/objets-touristiques\/images\/242\/126\/8158962-fiche.jpg\" class=\"w-100\"\r\n                 alt=\"Image airedejeuxducentre1200px\">\r\n          <\/div>\r\n          <div class=\"col-md-7\">\r\n            <div class=\"card-block px-1\">\r\n              <h2 class=\"card-title\">\r\n                                    <a href=\"https:\/\/www.lesgets.com\/en\/details\/playground-in-the-town-center-171839-En\/\">Playground in the town center<\/a>\r\n                              <\/h2>\r\n              <p class=\"classement\"><\/p>\r\n              <p class=\"card-text\">Situated at about a hundred meters from the merry-go-round next to the war memorial. \r\nFor children from 4 to 10 years old. A sanitary point (toilets and water) is located at the Maison des Gets 100 meters further\r\n\r\nCompletely renewed in 2019!<\/p>\r\n            <\/div>\r\n          <\/div>\r\n          <div class=\"col-md-2\">\r\n                            <a href=\"https:\/\/www.lesgets.com\/en\/details\/playground-in-the-town-center-171839-En\/\" class=\"btn\">Learn more<\/a>\r\n                      <\/div>\r\n        <\/div>\r\n      <\/div>\r\n          <div class=\"card 0-3places 0-3pieces\">\r\n        <div class=\"row\">\r\n          <div class=\"col-md-3\">\r\n            <img decoding=\"async\" src=\"https:\/\/static.apidae-tourisme.com\/filestore\/objets-touristiques\/images\/19\/205\/13028627-fiche.jpg\" class=\"w-100\"\r\n                 alt=\"Image _M3A7741\">\r\n          <\/div>\r\n          <div class=\"col-md-7\">\r\n            <div class=\"card-block px-1\">\r\n              <h2 class=\"card-title\">\r\n                                    <a href=\"https:\/\/www.lesgets.com\/en\/details\/motocross-100-electric-4772233-En\/\">Motocross, 100% electric<\/a>\r\n                              <\/h2>\r\n              <p class=\"classement\"><\/p>\r\n              <p class=\"card-text\">Experience the joy of moto trial, 100% electric, zero emissions, 200% fun! \r\n\u00ab Zero emission \u00bb dedicated to everyone from 6 to 99, all levels from beginners to expert.<\/p>\r\n            <\/div>\r\n          <\/div>\r\n          <div class=\"col-md-2\">\r\n                            <a href=\"https:\/\/www.lesgets.com\/en\/details\/motocross-100-electric-4772233-En\/\" class=\"btn\">Learn more<\/a>\r\n                      <\/div>\r\n        <\/div>\r\n      <\/div>\r\n          <div class=\"card 0-3places 0-3pieces\">\r\n        <div class=\"row\">\r\n          <div class=\"col-md-3\">\r\n            <img decoding=\"async\" src=\"https:\/\/static.apidae-tourisme.com\/filestore\/objets-touristiques\/images\/240\/34\/13050608-fiche.jpg\" class=\"w-100\"\r\n                 alt=\"Image Sulky en 2021\">\r\n          <\/div>\r\n          <div class=\"col-md-7\">\r\n            <div class=\"card-block px-1\">\r\n              <h2 class=\"card-title\">\r\n                                    <a href=\"https:\/\/www.lesgets.com\/en\/details\/sulky-7140200-En\/\">Sulky<\/a>\r\n                              <\/h2>\r\n              <p class=\"classement\"><\/p>\r\n              <p class=\"card-text\">Rent a small pedal horse from the 1950s.\r\nReal collector&#8217;s items from the Museum of Mechanical Music.\r\nThe pedalos are only to be used in the riding arena and accompanied by an adult.\r\nNext to the merry-go-round.<\/p>\r\n            <\/div>\r\n          <\/div>\r\n          <div class=\"col-md-2\">\r\n                            <a href=\"https:\/\/www.lesgets.com\/en\/details\/sulky-7140200-En\/\" class=\"btn\">Learn more<\/a>\r\n                      <\/div>\r\n        <\/div>\r\n      <\/div>\r\n          <div class=\"card 0-3places 0-3pieces\">\r\n        <div class=\"row\">\r\n          <div class=\"col-md-3\">\r\n            <img decoding=\"async\" src=\"https:\/\/static.apidae-tourisme.com\/filestore\/objets-touristiques\/images\/111\/218\/13163119-fiche.jpg\" class=\"w-100\"\r\n                 alt=\"Image 19642600_1347547985361263_8757648549739147502_n\">\r\n          <\/div>\r\n          <div class=\"col-md-7\">\r\n            <div class=\"card-block px-1\">\r\n              <h2 class=\"card-title\">\r\n                                    <a href=\"https:\/\/www.lesgets.com\/en\/details\/bellevue-inflatable-game-5537819-En\/\">Bellevue&#8217; inflatable game<\/a>\r\n                              <\/h2>\r\n              <p class=\"classement\"><\/p>\r\n              <p class=\"card-text\">Inflatable game open for kids from 2 to 10 years old.<\/p>\r\n            <\/div>\r\n          <\/div>\r\n          <div class=\"col-md-2\">\r\n                            <a href=\"https:\/\/www.lesgets.com\/en\/details\/bellevue-inflatable-game-5537819-En\/\" class=\"btn\">Learn more<\/a>\r\n                      <\/div>\r\n        <\/div>\r\n      <\/div>\r\n      <\/div>\r\n<!--END ITEMS APIDAE -->\r\n\r\n<!--BEGIN PAGINATOR -->\r\n<!--BEGIN PAGINATOR --><\/div>\n\n<div class=\"block block-lba-apidae-fiche\"><!-- BEGIN TEMPLATE fiche.php -->\n<!-- END TEMPLATE fiche.php -->\n\n<\/div>","protected":false},"excerpt":{"rendered":"<p>Enjoy with your children the different playgrounds and leisure areas of the resort. <\/p>\n","protected":false},"author":4,"featured_media":10238,"parent":13110,"menu_order":0,"comment_status":"closed","ping_status":"closed","template":"","meta":{"_acf_changed":false,"footnotes":""},"class_list":["post-13107","page","type-page","status-publish","has-post-thumbnail","hentry"],"acf":[],"yoast_head":"<!-- This site is optimized with the Yoast SEO plugin v27.2 - https:\/\/yoast.com\/product\/yoast-seo-wordpress\/ -->\n<title>Children playgrounds - All summer activities - Les Gets<\/title>\n<meta name=\"description\" content=\"Enjoy with your children the different playgrounds and leisure areas of the resort.\" \/>\n<meta name=\"robots\" content=\"index, follow, max-snippet:-1, max-image-preview:large, max-video-preview:-1\" \/>\n<link rel=\"canonical\" href=\"https:\/\/www.lesgets.com\/en\/what-to-do\/summer-activities\/children-summer-activities\/children-playgrounds\/\" \/>\n<meta property=\"og:locale\" content=\"en_US\" \/>\n<meta property=\"og:type\" content=\"article\" \/>\n<meta property=\"og:title\" content=\"Children playgrounds - All summer activities - Les Gets\" \/>\n<meta property=\"og:description\" content=\"Enjoy with your children the different playgrounds and leisure areas of the resort.\" \/>\n<meta property=\"og:url\" content=\"https:\/\/www.lesgets.com\/en\/what-to-do\/summer-activities\/children-summer-activities\/children-playgrounds\/\" \/>\n<meta property=\"og:site_name\" content=\"Les Gets\" \/>\n<meta property=\"article:modified_time\" content=\"2022-05-04T08:10:46+00:00\" \/>\n<meta property=\"og:image\" content=\"https:\/\/www.lesgets.com\/wp\/..\/app\/uploads\/2020\/05\/LesGets_2018_Mane\u0300geChevaux_e\u0301te\u0301_Muse\u0301eMusiqueMe\u0301canique_02.jpeg\" \/>\n\t<meta property=\"og:image:width\" content=\"1920\" \/>\n\t<meta property=\"og:image:height\" content=\"1283\" \/>\n\t<meta property=\"og:image:type\" content=\"image\/jpeg\" \/>\n<meta name=\"twitter:card\" content=\"summary_large_image\" \/>\n<meta name=\"twitter:label1\" content=\"Est. reading time\" \/>\n\t<meta name=\"twitter:data1\" content=\"1 minute\" \/>\n<script type=\"application\/ld+json\" class=\"yoast-schema-graph\">{\"@context\":\"https:\/\/schema.org\",\"@graph\":[{\"@type\":\"WebPage\",\"@id\":\"https:\/\/www.lesgets.com\/en\/what-to-do\/summer-activities\/children-summer-activities\/children-playgrounds\/\",\"url\":\"https:\/\/www.lesgets.com\/en\/what-to-do\/summer-activities\/children-summer-activities\/children-playgrounds\/\",\"name\":\"Children playgrounds - All summer activities - Les Gets\",\"isPartOf\":{\"@id\":\"https:\/\/www.lesgets.com\/en\/#website\"},\"primaryImageOfPage\":{\"@id\":\"https:\/\/www.lesgets.com\/en\/what-to-do\/summer-activities\/children-summer-activities\/children-playgrounds\/#primaryimage\"},\"image\":{\"@id\":\"https:\/\/www.lesgets.com\/en\/what-to-do\/summer-activities\/children-summer-activities\/children-playgrounds\/#primaryimage\"},\"thumbnailUrl\":\"https:\/\/www.lesgets.com\/wp\/..\/app\/uploads\/2020\/05\/LesGets_2018_Mane\u0300geChevaux_e\u0301te\u0301_Muse\u0301eMusiqueMe\u0301canique_02.jpeg\",\"datePublished\":\"2020-06-04T14:27:51+00:00\",\"dateModified\":\"2022-05-04T08:10:46+00:00\",\"description\":\"Enjoy with your children the different playgrounds and leisure areas of the resort.\",\"breadcrumb\":{\"@id\":\"https:\/\/www.lesgets.com\/en\/what-to-do\/summer-activities\/children-summer-activities\/children-playgrounds\/#breadcrumb\"},\"inLanguage\":\"en-US\",\"potentialAction\":[{\"@type\":\"ReadAction\",\"target\":[\"https:\/\/www.lesgets.com\/en\/what-to-do\/summer-activities\/children-summer-activities\/children-playgrounds\/\"]}]},{\"@type\":\"ImageObject\",\"inLanguage\":\"en-US\",\"@id\":\"https:\/\/www.lesgets.com\/en\/what-to-do\/summer-activities\/children-summer-activities\/children-playgrounds\/#primaryimage\",\"url\":\"https:\/\/www.lesgets.com\/wp\/..\/app\/uploads\/2020\/05\/LesGets_2018_Mane\u0300geChevaux_e\u0301te\u0301_Muse\u0301eMusiqueMe\u0301canique_02.jpeg\",\"contentUrl\":\"https:\/\/www.lesgets.com\/wp\/..\/app\/uploads\/2020\/05\/LesGets_2018_Mane\u0300geChevaux_e\u0301te\u0301_Muse\u0301eMusiqueMe\u0301canique_02.jpeg\",\"width\":1920,\"height\":1283,\"caption\":\"Vue d'ensemble d'un man\u00e8ge en \u00e9t\u00e9\"},{\"@type\":\"BreadcrumbList\",\"@id\":\"https:\/\/www.lesgets.com\/en\/what-to-do\/summer-activities\/children-summer-activities\/children-playgrounds\/#breadcrumb\",\"itemListElement\":[{\"@type\":\"ListItem\",\"position\":1,\"name\":\"Home\",\"item\":\"https:\/\/www.lesgets.com\/en\/\"},{\"@type\":\"ListItem\",\"position\":2,\"name\":\"What to do?\",\"item\":\"https:\/\/www.lesgets.com\/en\/what-to-do\/\"},{\"@type\":\"ListItem\",\"position\":3,\"name\":\"Summer activities\",\"item\":\"https:\/\/www.lesgets.com\/en\/what-to-do\/summer-activities\/\"},{\"@type\":\"ListItem\",\"position\":4,\"name\":\"Children&#8217;s summer activities\",\"item\":\"https:\/\/www.lesgets.com\/en\/what-to-do\/summer-activities\/children-summer-activities\/\"},{\"@type\":\"ListItem\",\"position\":5,\"name\":\"Children playgrounds\"}]},{\"@type\":\"WebSite\",\"@id\":\"https:\/\/www.lesgets.com\/en\/#website\",\"url\":\"https:\/\/www.lesgets.com\/en\/\",\"name\":\"Les Gets\",\"description\":\"\",\"publisher\":{\"@id\":\"https:\/\/www.lesgets.com\/en\/#organization\"},\"potentialAction\":[{\"@type\":\"SearchAction\",\"target\":{\"@type\":\"EntryPoint\",\"urlTemplate\":\"https:\/\/www.lesgets.com\/en\/?s={search_term_string}\"},\"query-input\":{\"@type\":\"PropertyValueSpecification\",\"valueRequired\":true,\"valueName\":\"search_term_string\"}}],\"inLanguage\":\"en-US\"},{\"@type\":\"Organization\",\"@id\":\"https:\/\/www.lesgets.com\/en\/#organization\",\"name\":\"Les Gets\",\"url\":\"https:\/\/www.lesgets.com\/en\/\",\"logo\":{\"@type\":\"ImageObject\",\"inLanguage\":\"en-US\",\"@id\":\"https:\/\/www.lesgets.com\/en\/#\/schema\/logo\/image\/\",\"url\":\"https:\/\/www.lesgets.com\/wp\/..\/app\/uploads\/2020\/06\/logo_lesgets.png\",\"contentUrl\":\"https:\/\/www.lesgets.com\/wp\/..\/app\/uploads\/2020\/06\/logo_lesgets.png\",\"width\":136,\"height\":115,\"caption\":\"Les Gets\"},\"image\":{\"@id\":\"https:\/\/www.lesgets.com\/en\/#\/schema\/logo\/image\/\"}}]}<\/script>\n<!-- \/ Yoast SEO plugin. -->","yoast_head_json":{"title":"Children playgrounds - All summer activities - Les Gets","description":"Enjoy with your children the different playgrounds and leisure areas of the resort.","robots":{"index":"index","follow":"follow","max-snippet":"max-snippet:-1","max-image-preview":"max-image-preview:large","max-video-preview":"max-video-preview:-1"},"canonical":"https:\/\/www.lesgets.com\/en\/what-to-do\/summer-activities\/children-summer-activities\/children-playgrounds\/","og_locale":"en_US","og_type":"article","og_title":"Children playgrounds - All summer activities - Les Gets","og_description":"Enjoy with your children the different playgrounds and leisure areas of the resort.","og_url":"https:\/\/www.lesgets.com\/en\/what-to-do\/summer-activities\/children-summer-activities\/children-playgrounds\/","og_site_name":"Les Gets","article_modified_time":"2022-05-04T08:10:46+00:00","og_image":[{"width":1920,"height":1283,"url":"https:\/\/www.lesgets.com\/wp\/..\/app\/uploads\/2020\/05\/LesGets_2018_Mane\u0300geChevaux_e\u0301te\u0301_Muse\u0301eMusiqueMe\u0301canique_02.jpeg","type":"image\/jpeg"}],"twitter_card":"summary_large_image","twitter_misc":{"Est. reading time":"1 minute"},"schema":{"@context":"https:\/\/schema.org","@graph":[{"@type":"WebPage","@id":"https:\/\/www.lesgets.com\/en\/what-to-do\/summer-activities\/children-summer-activities\/children-playgrounds\/","url":"https:\/\/www.lesgets.com\/en\/what-to-do\/summer-activities\/children-summer-activities\/children-playgrounds\/","name":"Children playgrounds - All summer activities - Les Gets","isPartOf":{"@id":"https:\/\/www.lesgets.com\/en\/#website"},"primaryImageOfPage":{"@id":"https:\/\/www.lesgets.com\/en\/what-to-do\/summer-activities\/children-summer-activities\/children-playgrounds\/#primaryimage"},"image":{"@id":"https:\/\/www.lesgets.com\/en\/what-to-do\/summer-activities\/children-summer-activities\/children-playgrounds\/#primaryimage"},"thumbnailUrl":"https:\/\/www.lesgets.com\/wp\/..\/app\/uploads\/2020\/05\/LesGets_2018_Mane\u0300geChevaux_e\u0301te\u0301_Muse\u0301eMusiqueMe\u0301canique_02.jpeg","datePublished":"2020-06-04T14:27:51+00:00","dateModified":"2022-05-04T08:10:46+00:00","description":"Enjoy with your children the different playgrounds and leisure areas of the resort.","breadcrumb":{"@id":"https:\/\/www.lesgets.com\/en\/what-to-do\/summer-activities\/children-summer-activities\/children-playgrounds\/#breadcrumb"},"inLanguage":"en-US","potentialAction":[{"@type":"ReadAction","target":["https:\/\/www.lesgets.com\/en\/what-to-do\/summer-activities\/children-summer-activities\/children-playgrounds\/"]}]},{"@type":"ImageObject","inLanguage":"en-US","@id":"https:\/\/www.lesgets.com\/en\/what-to-do\/summer-activities\/children-summer-activities\/children-playgrounds\/#primaryimage","url":"https:\/\/www.lesgets.com\/wp\/..\/app\/uploads\/2020\/05\/LesGets_2018_Mane\u0300geChevaux_e\u0301te\u0301_Muse\u0301eMusiqueMe\u0301canique_02.jpeg","contentUrl":"https:\/\/www.lesgets.com\/wp\/..\/app\/uploads\/2020\/05\/LesGets_2018_Mane\u0300geChevaux_e\u0301te\u0301_Muse\u0301eMusiqueMe\u0301canique_02.jpeg","width":1920,"height":1283,"caption":"Vue d'ensemble d'un man\u00e8ge en \u00e9t\u00e9"},{"@type":"BreadcrumbList","@id":"https:\/\/www.lesgets.com\/en\/what-to-do\/summer-activities\/children-summer-activities\/children-playgrounds\/#breadcrumb","itemListElement":[{"@type":"ListItem","position":1,"name":"Home","item":"https:\/\/www.lesgets.com\/en\/"},{"@type":"ListItem","position":2,"name":"What to do?","item":"https:\/\/www.lesgets.com\/en\/what-to-do\/"},{"@type":"ListItem","position":3,"name":"Summer activities","item":"https:\/\/www.lesgets.com\/en\/what-to-do\/summer-activities\/"},{"@type":"ListItem","position":4,"name":"Children&#8217;s summer activities","item":"https:\/\/www.lesgets.com\/en\/what-to-do\/summer-activities\/children-summer-activities\/"},{"@type":"ListItem","position":5,"name":"Children playgrounds"}]},{"@type":"WebSite","@id":"https:\/\/www.lesgets.com\/en\/#website","url":"https:\/\/www.lesgets.com\/en\/","name":"Les Gets","description":"","publisher":{"@id":"https:\/\/www.lesgets.com\/en\/#organization"},"potentialAction":[{"@type":"SearchAction","target":{"@type":"EntryPoint","urlTemplate":"https:\/\/www.lesgets.com\/en\/?s={search_term_string}"},"query-input":{"@type":"PropertyValueSpecification","valueRequired":true,"valueName":"search_term_string"}}],"inLanguage":"en-US"},{"@type":"Organization","@id":"https:\/\/www.lesgets.com\/en\/#organization","name":"Les Gets","url":"https:\/\/www.lesgets.com\/en\/","logo":{"@type":"ImageObject","inLanguage":"en-US","@id":"https:\/\/www.lesgets.com\/en\/#\/schema\/logo\/image\/","url":"https:\/\/www.lesgets.com\/wp\/..\/app\/uploads\/2020\/06\/logo_lesgets.png","contentUrl":"https:\/\/www.lesgets.com\/wp\/..\/app\/uploads\/2020\/06\/logo_lesgets.png","width":136,"height":115,"caption":"Les Gets"},"image":{"@id":"https:\/\/www.lesgets.com\/en\/#\/schema\/logo\/image\/"}}]}},"featured_image_src":"https:\/\/www.lesgets.com\/wp\/..\/app\/uploads\/2020\/05\/LesGets_2018_Mane\u0300geChevaux_e\u0301te\u0301_Muse\u0301eMusiqueMe\u0301canique_02.jpeg","featured_image_src_square":"https:\/\/www.lesgets.com\/wp\/..\/app\/uploads\/2020\/05\/LesGets_2018_Mane\u0300geChevaux_e\u0301te\u0301_Muse\u0301eMusiqueMe\u0301canique_02.jpeg","_links":{"self":[{"href":"https:\/\/www.lesgets.com\/en\/wp-json\/wp\/v2\/pages\/13107","targetHints":{"allow":["GET"]}}],"collection":[{"href":"https:\/\/www.lesgets.com\/en\/wp-json\/wp\/v2\/pages"}],"about":[{"href":"https:\/\/www.lesgets.com\/en\/wp-json\/wp\/v2\/types\/page"}],"author":[{"embeddable":true,"href":"https:\/\/www.lesgets.com\/en\/wp-json\/wp\/v2\/users\/4"}],"replies":[{"embeddable":true,"href":"https:\/\/www.lesgets.com\/en\/wp-json\/wp\/v2\/comments?post=13107"}],"version-history":[{"count":4,"href":"https:\/\/www.lesgets.com\/en\/wp-json\/wp\/v2\/pages\/13107\/revisions"}],"predecessor-version":[{"id":36290,"href":"https:\/\/www.lesgets.com\/en\/wp-json\/wp\/v2\/pages\/13107\/revisions\/36290"}],"up":[{"embeddable":true,"href":"https:\/\/www.lesgets.com\/en\/wp-json\/wp\/v2\/pages\/13110"}],"wp:featuredmedia":[{"embeddable":true,"href":"https:\/\/www.lesgets.com\/en\/wp-json\/wp\/v2\/media\/10238"}],"wp:attachment":[{"href":"https:\/\/www.lesgets.com\/en\/wp-json\/wp\/v2\/media?parent=13107"}],"curies":[{"name":"wp","href":"https:\/\/api.w.org\/{rel}","templated":true}]}}