{"id":13110,"date":"2020-06-04T16:35:32","date_gmt":"2020-06-04T14:35:32","guid":{"rendered":"https:\/\/www.lesgets.com\/what-to-do\/summer-activities\/childrens-summer-activities\/"},"modified":"2022-07-11T14:16:49","modified_gmt":"2022-07-11T12:16:49","slug":"children-summer-activities","status":"publish","type":"page","link":"https:\/\/www.lesgets.com\/en\/what-to-do\/summer-activities\/children-summer-activities\/","title":{"rendered":"Children&#8217;s summer activities"},"content":{"rendered":"<div class=\"block block-core-spacer\">\n<div style=\"height:29px\" aria-hidden=\"true\" class=\"wp-block-spacer\"><\/div>\n<\/div>\n\n<div class=\"block block-core-heading\">\n<h3 class=\"wp-block-heading\"><strong>A mountain of activities<\/strong> for children<\/h3>\n<\/div>\n\n<div class=\"block block-core-paragraph\">\n<p>Your children will benefit from the Wibit water park, the playgrounds, the children&#8217;s carousel in the heart of the resort and many other entertainments. <\/p>\n<\/div>\n\n<div class=\"block block-core-paragraph\">\n<p>Want to enjoy a special moment together with your other half ? You can entrust your children with complete peace of mind to the professional teams of the different daycare centres in the resort.<\/p>\n<\/div>\n\n<div class=\"block block-core-spacer\">\n<div style=\"height:30px\" aria-hidden=\"true\" class=\"wp-block-spacer\"><\/div>\n<\/div>\n\n<div class=\"block block-genesis-custom-blocks-pushs\">    <div class=\"pushs-inside blanc\">\r\n        <div class=\"container\">\r\n            <div class=\"row\">\r\n                                        <div class=\"col-4\">\r\n                            <a href=\"https:\/\/www.lesgets.com\/en\/what-to-do\/summer-activities\/sports-activities\/wibit\/\">\r\n                                <div class=\"img\"><img decoding=\"async\" src=\"https:\/\/www.lesgets.com\/wp\/..\/app\/uploads\/2020\/04\/DSC08394-1920x1080.jpg\" alt=\"Wibit leisure area at the Lac des \u00c9coles\">\r\n                                <\/div>\r\n                                <div class=\"conteneur\">\r\n                                    <h3>Wibit<\/h3>\r\n                                    <p>Enjoy some family fun at the inflatable water park Wibit in Les Gets on tthe Lac des Ecoles. Laughters and fun guaranteed ! <\/p>\r\n                                <\/div>\r\n                            <\/a>\r\n                        <\/div>\r\n                                                <div class=\"col-4\">\r\n                            <a href=\"https:\/\/www.lesgets.com\/en\/what-to-do\/summer-activities\/sports-activities\/swimming-lake\/\">\r\n                                <div class=\"img\"><img decoding=\"async\" src=\"https:\/\/www.lesgets.com\/wp\/..\/app\/uploads\/2020\/05\/Lac-des-ecoles-les-gets-1920x1080.jpg\" alt=\"Mountain lake in summer with inflatable game and slide\">\r\n                                <\/div>\r\n                                <div class=\"conteneur\">\r\n                                    <h3>Swimming lake<\/h3>\r\n                                    <p>The Lac des Ecoles is a supervised mountain lake. In a wonderful environment, you can enjoy large grassy beaches, water slides&#8230; Enough to delight the whole family!<\/p>\r\n                                <\/div>\r\n                            <\/a>\r\n                        <\/div>\r\n                                                <div class=\"col-4\">\r\n                            <a href=\"https:\/\/www.lesgets.com\/en\/what-to-do\/alta-lumina\/\">\r\n                                <div class=\"img\"><img decoding=\"async\" src=\"https:\/\/www.lesgets.com\/wp\/..\/app\/uploads\/2025\/10\/bloc_vacances_pour_toute-famille-2-1640x1080.jpg\" alt=\"\">\r\n                                <\/div>\r\n                                <div class=\"conteneur\">\r\n                                    <h3>Alta Lumina<\/h3>\r\n                                    <p>As night falls in the heart of the forest, the brand new Alta Lumina trail plunges you into an imaginary world where the story is told through a unique play of lights and images. <\/p>\r\n                                <\/div>\r\n                            <\/a>\r\n                        <\/div>\r\n                                    <\/div>\r\n        <\/div>\r\n    <\/div>\r\n<\/div>\n\n<div class=\"block block-genesis-custom-blocks-pushs\">    <div class=\"pushs-inside blanc\">\r\n        <div class=\"container\">\r\n            <div class=\"row\">\r\n                                        <div class=\"col-4\">\r\n                            <a href=\"https:\/\/www.lesgets.com\/en\/what-to-do\/summer-activities\/children-summer-activities\/summer-daycare\/\">\r\n                                <div class=\"img\"><img decoding=\"async\" src=\"https:\/\/www.lesgets.com\/wp\/..\/app\/uploads\/2020\/05\/garderie-les-fripouilles4.jpg\" alt=\"Salle principale d'une garderie avec tables, meubles et d\u00e9corations\">\r\n                                <\/div>\r\n                                <div class=\"conteneur\">\r\n                                    <h3>Summer daycare<\/h3>\r\n                                    <p>Place your children in one of the resort&#8217;s day-care centres, and enjoy your holiday with complete peace of mind. <\/p>\r\n                                <\/div>\r\n                            <\/a>\r\n                        <\/div>\r\n                                                <div class=\"col-4\">\r\n                            <a href=\"https:\/\/www.lesgets.com\/en\/what-to-do\/summer-activities\/sports\/dog-hiking-in-summer\/\">\r\n                                <div class=\"img\"><img decoding=\"async\" src=\"https:\/\/www.lesgets.com\/wp\/..\/app\/uploads\/2024\/06\/2022_07_21_cani_rando_ete_Les_Gets_La_Patte_Nordic_cpLauraBureau-38_LD-1920x1080.jpg\" alt=\"\">\r\n                                <\/div>\r\n                                <div class=\"conteneur\">\r\n                                    <h3>Cani-cross in summer<\/h3>\r\n                                    <p>Discover the dog-hiking, a hike in which you are harnessed to a dog. A great way to discover the trails in a different way.<\/p>\r\n                                <\/div>\r\n                            <\/a>\r\n                        <\/div>\r\n                                                <div class=\"col-4\">\r\n                            <a href=\"https:\/\/www.lesgets.com\/en\/what-to-do\/summer-activities\/sports\/tennis\/\">\r\n                                <div class=\"img\"><img decoding=\"async\" src=\"https:\/\/www.lesgets.com\/wp\/..\/app\/uploads\/2020\/08\/Tennis_7966_Keno_Photographie_OT_Les_Gets-1920x1080.jpg\" alt=\"\">\r\n                                <\/div>\r\n                                <div class=\"conteneur\">\r\n                                    <h3>Tennis<\/h3>\r\n                                    <p>Enjoy a game of tennis with family and friends on one of the resort&#8217;s tennis courts. <\/p>\r\n                                <\/div>\r\n                            <\/a>\r\n                        <\/div>\r\n                                    <\/div>\r\n        <\/div>\r\n    <\/div>\r\n<\/div>\n\n<div class=\"block block-genesis-custom-blocks-pushs\">    <div class=\"pushs-inside blanc\">\r\n        <div class=\"container\">\r\n            <div class=\"row\">\r\n                                        <div class=\"col-4\">\r\n                            <a href=\"https:\/\/www.lesgets.com\/en\/what-to-do\/summer-activities\/children-summer-activities\/children-playgrounds\/\">\r\n                                <div class=\"img\"><img decoding=\"async\" src=\"https:\/\/www.lesgets.com\/wp\/..\/app\/uploads\/2020\/05\/LesGets_2018_Mane\u0300geChevaux_e\u0301te\u0301_Muse\u0301eMusiqueMe\u0301canique_02-1920x1080.jpeg\" alt=\"Vue d'ensemble d'un man\u00e8ge en \u00e9t\u00e9\">\r\n                                <\/div>\r\n                                <div class=\"conteneur\">\r\n                                    <h3>Children playgrounds<\/h3>\r\n                                    <p>Enjoy with your children the different playgrounds and leisure areas of the resort. <\/p>\r\n                                <\/div>\r\n                            <\/a>\r\n                        <\/div>\r\n                                                <div class=\"col-4\">\r\n                            <a href=\"https:\/\/www.lesgets.com\/en\/what-to-do\/summer-activities\/sports-activities\/other-sports-activities\/\">\r\n                                <div class=\"img\"><img decoding=\"async\" src=\"https:\/\/www.lesgets.com\/wp\/..\/app\/uploads\/2021\/06\/laser_game_lesgets-2.jpeg\" alt=\"\">\r\n                                <\/div>\r\n                                <div class=\"conteneur\">\r\n                                    <h3>Other sports activities<\/h3>\r\n                                    <p>Archery, laser game, bowling, horse riding, table tennis, electric motorbikes&#8230; Discover all the activities and leisure activities available in Les Gets !<\/p>\r\n                                <\/div>\r\n                            <\/a>\r\n                        <\/div>\r\n                                    <\/div>\r\n        <\/div>\r\n    <\/div>\r\n<\/div>","protected":false},"excerpt":{"rendered":"<p>In Les Gets, your children will have access to a mountain of activities: aquatic leisure activities, playgrounds, wooden carousel, various animations&#8230;<\/p>\n","protected":false},"author":4,"featured_media":10881,"parent":12211,"menu_order":0,"comment_status":"closed","ping_status":"closed","template":"","meta":{"_acf_changed":false,"footnotes":""},"class_list":["post-13110","page","type-page","status-publish","has-post-thumbnail","hentry"],"acf":[],"yoast_head":"<!-- This site is optimized with the Yoast SEO plugin v27.2 - https:\/\/yoast.com\/product\/yoast-seo-wordpress\/ -->\n<title>Children&#039;s summer activities - Family holidays - Les Gets<\/title>\n<meta name=\"description\" content=\"In Les Gets, your children will have access to a mountain of activities: aquatic leisure activities, playgrounds, wooden carousel, various animations...\" \/>\n<meta name=\"robots\" content=\"index, follow, max-snippet:-1, max-image-preview:large, max-video-preview:-1\" \/>\n<link rel=\"canonical\" href=\"https:\/\/www.lesgets.com\/en\/what-to-do\/summer-activities\/children-summer-activities\/\" \/>\n<meta property=\"og:locale\" content=\"en_US\" \/>\n<meta property=\"og:type\" content=\"article\" \/>\n<meta property=\"og:title\" content=\"Children&#039;s summer activities - Family holidays - Les Gets\" \/>\n<meta property=\"og:description\" content=\"In Les Gets, your children will have access to a mountain of activities: aquatic leisure activities, playgrounds, wooden carousel, various animations...\" \/>\n<meta property=\"og:url\" content=\"https:\/\/www.lesgets.com\/en\/what-to-do\/summer-activities\/children-summer-activities\/\" \/>\n<meta property=\"og:site_name\" content=\"Les Gets\" \/>\n<meta property=\"article:modified_time\" content=\"2022-07-11T12:16:49+00:00\" \/>\n<meta property=\"og:image\" content=\"https:\/\/www.lesgets.com\/..\/app\/uploads\/2020\/05\/LesGets_2017_animations_V.Ducrettet_04.jpg\" \/>\n\t<meta property=\"og:image:width\" content=\"1617\" \/>\n\t<meta property=\"og:image:height\" content=\"1080\" \/>\n\t<meta property=\"og:image:type\" content=\"image\/jpeg\" \/>\n<meta name=\"twitter:card\" content=\"summary_large_image\" \/>\n<meta name=\"twitter:label1\" content=\"Est. reading time\" \/>\n\t<meta name=\"twitter:data1\" content=\"1 minute\" \/>\n<script type=\"application\/ld+json\" class=\"yoast-schema-graph\">{\"@context\":\"https:\/\/schema.org\",\"@graph\":[{\"@type\":\"WebPage\",\"@id\":\"https:\/\/www.lesgets.com\/en\/what-to-do\/summer-activities\/children-summer-activities\/\",\"url\":\"https:\/\/www.lesgets.com\/en\/what-to-do\/summer-activities\/children-summer-activities\/\",\"name\":\"Children's summer activities - Family holidays - Les Gets\",\"isPartOf\":{\"@id\":\"https:\/\/www.lesgets.com\/en\/#website\"},\"primaryImageOfPage\":{\"@id\":\"https:\/\/www.lesgets.com\/en\/what-to-do\/summer-activities\/children-summer-activities\/#primaryimage\"},\"image\":{\"@id\":\"https:\/\/www.lesgets.com\/en\/what-to-do\/summer-activities\/children-summer-activities\/#primaryimage\"},\"thumbnailUrl\":\"https:\/\/www.lesgets.com\/wp\/..\/app\/uploads\/2020\/05\/LesGets_2017_animations_V.Ducrettet_04.jpg\",\"datePublished\":\"2020-06-04T14:35:32+00:00\",\"dateModified\":\"2022-07-11T12:16:49+00:00\",\"description\":\"In Les Gets, your children will have access to a mountain of activities: aquatic leisure activities, playgrounds, wooden carousel, various animations...\",\"breadcrumb\":{\"@id\":\"https:\/\/www.lesgets.com\/en\/what-to-do\/summer-activities\/children-summer-activities\/#breadcrumb\"},\"inLanguage\":\"en-US\",\"potentialAction\":[{\"@type\":\"ReadAction\",\"target\":[\"https:\/\/www.lesgets.com\/en\/what-to-do\/summer-activities\/children-summer-activities\/\"]}]},{\"@type\":\"ImageObject\",\"inLanguage\":\"en-US\",\"@id\":\"https:\/\/www.lesgets.com\/en\/what-to-do\/summer-activities\/children-summer-activities\/#primaryimage\",\"url\":\"https:\/\/www.lesgets.com\/wp\/..\/app\/uploads\/2020\/05\/LesGets_2017_animations_V.Ducrettet_04.jpg\",\"contentUrl\":\"https:\/\/www.lesgets.com\/wp\/..\/app\/uploads\/2020\/05\/LesGets_2017_animations_V.Ducrettet_04.jpg\",\"width\":1617,\"height\":1080,\"caption\":\"Vacanciers jouant \u00e0 divers jeux : babyfoot, ping-pong...dans la rue du Centre des Gets\"},{\"@type\":\"BreadcrumbList\",\"@id\":\"https:\/\/www.lesgets.com\/en\/what-to-do\/summer-activities\/children-summer-activities\/#breadcrumb\",\"itemListElement\":[{\"@type\":\"ListItem\",\"position\":1,\"name\":\"Home\",\"item\":\"https:\/\/www.lesgets.com\/en\/\"},{\"@type\":\"ListItem\",\"position\":2,\"name\":\"What to do?\",\"item\":\"https:\/\/www.lesgets.com\/en\/what-to-do\/\"},{\"@type\":\"ListItem\",\"position\":3,\"name\":\"Summer activities\",\"item\":\"https:\/\/www.lesgets.com\/en\/what-to-do\/summer-activities\/\"},{\"@type\":\"ListItem\",\"position\":4,\"name\":\"Children&#8217;s summer activities\"}]},{\"@type\":\"WebSite\",\"@id\":\"https:\/\/www.lesgets.com\/en\/#website\",\"url\":\"https:\/\/www.lesgets.com\/en\/\",\"name\":\"Les Gets\",\"description\":\"\",\"publisher\":{\"@id\":\"https:\/\/www.lesgets.com\/en\/#organization\"},\"potentialAction\":[{\"@type\":\"SearchAction\",\"target\":{\"@type\":\"EntryPoint\",\"urlTemplate\":\"https:\/\/www.lesgets.com\/en\/?s={search_term_string}\"},\"query-input\":{\"@type\":\"PropertyValueSpecification\",\"valueRequired\":true,\"valueName\":\"search_term_string\"}}],\"inLanguage\":\"en-US\"},{\"@type\":\"Organization\",\"@id\":\"https:\/\/www.lesgets.com\/en\/#organization\",\"name\":\"Les Gets\",\"url\":\"https:\/\/www.lesgets.com\/en\/\",\"logo\":{\"@type\":\"ImageObject\",\"inLanguage\":\"en-US\",\"@id\":\"https:\/\/www.lesgets.com\/en\/#\/schema\/logo\/image\/\",\"url\":\"https:\/\/www.lesgets.com\/wp\/..\/app\/uploads\/2020\/06\/logo_lesgets.png\",\"contentUrl\":\"https:\/\/www.lesgets.com\/wp\/..\/app\/uploads\/2020\/06\/logo_lesgets.png\",\"width\":136,\"height\":115,\"caption\":\"Les Gets\"},\"image\":{\"@id\":\"https:\/\/www.lesgets.com\/en\/#\/schema\/logo\/image\/\"}}]}<\/script>\n<!-- \/ Yoast SEO plugin. -->","yoast_head_json":{"title":"Children's summer activities - Family holidays - Les Gets","description":"In Les Gets, your children will have access to a mountain of activities: aquatic leisure activities, playgrounds, wooden carousel, various animations...","robots":{"index":"index","follow":"follow","max-snippet":"max-snippet:-1","max-image-preview":"max-image-preview:large","max-video-preview":"max-video-preview:-1"},"canonical":"https:\/\/www.lesgets.com\/en\/what-to-do\/summer-activities\/children-summer-activities\/","og_locale":"en_US","og_type":"article","og_title":"Children's summer activities - Family holidays - Les Gets","og_description":"In Les Gets, your children will have access to a mountain of activities: aquatic leisure activities, playgrounds, wooden carousel, various animations...","og_url":"https:\/\/www.lesgets.com\/en\/what-to-do\/summer-activities\/children-summer-activities\/","og_site_name":"Les Gets","article_modified_time":"2022-07-11T12:16:49+00:00","og_image":[{"width":1617,"height":1080,"url":"https:\/\/www.lesgets.com\/..\/app\/uploads\/2020\/05\/LesGets_2017_animations_V.Ducrettet_04.jpg","type":"image\/jpeg"}],"twitter_card":"summary_large_image","twitter_misc":{"Est. reading time":"1 minute"},"schema":{"@context":"https:\/\/schema.org","@graph":[{"@type":"WebPage","@id":"https:\/\/www.lesgets.com\/en\/what-to-do\/summer-activities\/children-summer-activities\/","url":"https:\/\/www.lesgets.com\/en\/what-to-do\/summer-activities\/children-summer-activities\/","name":"Children's summer activities - Family holidays - Les Gets","isPartOf":{"@id":"https:\/\/www.lesgets.com\/en\/#website"},"primaryImageOfPage":{"@id":"https:\/\/www.lesgets.com\/en\/what-to-do\/summer-activities\/children-summer-activities\/#primaryimage"},"image":{"@id":"https:\/\/www.lesgets.com\/en\/what-to-do\/summer-activities\/children-summer-activities\/#primaryimage"},"thumbnailUrl":"https:\/\/www.lesgets.com\/wp\/..\/app\/uploads\/2020\/05\/LesGets_2017_animations_V.Ducrettet_04.jpg","datePublished":"2020-06-04T14:35:32+00:00","dateModified":"2022-07-11T12:16:49+00:00","description":"In Les Gets, your children will have access to a mountain of activities: aquatic leisure activities, playgrounds, wooden carousel, various animations...","breadcrumb":{"@id":"https:\/\/www.lesgets.com\/en\/what-to-do\/summer-activities\/children-summer-activities\/#breadcrumb"},"inLanguage":"en-US","potentialAction":[{"@type":"ReadAction","target":["https:\/\/www.lesgets.com\/en\/what-to-do\/summer-activities\/children-summer-activities\/"]}]},{"@type":"ImageObject","inLanguage":"en-US","@id":"https:\/\/www.lesgets.com\/en\/what-to-do\/summer-activities\/children-summer-activities\/#primaryimage","url":"https:\/\/www.lesgets.com\/wp\/..\/app\/uploads\/2020\/05\/LesGets_2017_animations_V.Ducrettet_04.jpg","contentUrl":"https:\/\/www.lesgets.com\/wp\/..\/app\/uploads\/2020\/05\/LesGets_2017_animations_V.Ducrettet_04.jpg","width":1617,"height":1080,"caption":"Vacanciers jouant \u00e0 divers jeux : babyfoot, ping-pong...dans la rue du Centre des Gets"},{"@type":"BreadcrumbList","@id":"https:\/\/www.lesgets.com\/en\/what-to-do\/summer-activities\/children-summer-activities\/#breadcrumb","itemListElement":[{"@type":"ListItem","position":1,"name":"Home","item":"https:\/\/www.lesgets.com\/en\/"},{"@type":"ListItem","position":2,"name":"What to do?","item":"https:\/\/www.lesgets.com\/en\/what-to-do\/"},{"@type":"ListItem","position":3,"name":"Summer activities","item":"https:\/\/www.lesgets.com\/en\/what-to-do\/summer-activities\/"},{"@type":"ListItem","position":4,"name":"Children&#8217;s summer activities"}]},{"@type":"WebSite","@id":"https:\/\/www.lesgets.com\/en\/#website","url":"https:\/\/www.lesgets.com\/en\/","name":"Les Gets","description":"","publisher":{"@id":"https:\/\/www.lesgets.com\/en\/#organization"},"potentialAction":[{"@type":"SearchAction","target":{"@type":"EntryPoint","urlTemplate":"https:\/\/www.lesgets.com\/en\/?s={search_term_string}"},"query-input":{"@type":"PropertyValueSpecification","valueRequired":true,"valueName":"search_term_string"}}],"inLanguage":"en-US"},{"@type":"Organization","@id":"https:\/\/www.lesgets.com\/en\/#organization","name":"Les Gets","url":"https:\/\/www.lesgets.com\/en\/","logo":{"@type":"ImageObject","inLanguage":"en-US","@id":"https:\/\/www.lesgets.com\/en\/#\/schema\/logo\/image\/","url":"https:\/\/www.lesgets.com\/wp\/..\/app\/uploads\/2020\/06\/logo_lesgets.png","contentUrl":"https:\/\/www.lesgets.com\/wp\/..\/app\/uploads\/2020\/06\/logo_lesgets.png","width":136,"height":115,"caption":"Les Gets"},"image":{"@id":"https:\/\/www.lesgets.com\/en\/#\/schema\/logo\/image\/"}}]}},"featured_image_src":"https:\/\/www.lesgets.com\/wp\/..\/app\/uploads\/2020\/05\/LesGets_2017_animations_V.Ducrettet_04.jpg","featured_image_src_square":"https:\/\/www.lesgets.com\/wp\/..\/app\/uploads\/2020\/05\/LesGets_2017_animations_V.Ducrettet_04.jpg","_links":{"self":[{"href":"https:\/\/www.lesgets.com\/en\/wp-json\/wp\/v2\/pages\/13110","targetHints":{"allow":["GET"]}}],"collection":[{"href":"https:\/\/www.lesgets.com\/en\/wp-json\/wp\/v2\/pages"}],"about":[{"href":"https:\/\/www.lesgets.com\/en\/wp-json\/wp\/v2\/types\/page"}],"author":[{"embeddable":true,"href":"https:\/\/www.lesgets.com\/en\/wp-json\/wp\/v2\/users\/4"}],"replies":[{"embeddable":true,"href":"https:\/\/www.lesgets.com\/en\/wp-json\/wp\/v2\/comments?post=13110"}],"version-history":[{"count":5,"href":"https:\/\/www.lesgets.com\/en\/wp-json\/wp\/v2\/pages\/13110\/revisions"}],"predecessor-version":[{"id":37287,"href":"https:\/\/www.lesgets.com\/en\/wp-json\/wp\/v2\/pages\/13110\/revisions\/37287"}],"up":[{"embeddable":true,"href":"https:\/\/www.lesgets.com\/en\/wp-json\/wp\/v2\/pages\/12211"}],"wp:featuredmedia":[{"embeddable":true,"href":"https:\/\/www.lesgets.com\/en\/wp-json\/wp\/v2\/media\/10881"}],"wp:attachment":[{"href":"https:\/\/www.lesgets.com\/en\/wp-json\/wp\/v2\/media?parent=13110"}],"curies":[{"name":"wp","href":"https:\/\/api.w.org\/{rel}","templated":true}]}}