{"id":13205,"date":"2020-06-05T12:02:11","date_gmt":"2020-06-05T10:02:11","guid":{"rendered":"https:\/\/www.lesgets.com\/practical-information\/shops-and-services\/interior-design\/"},"modified":"2020-10-07T10:02:07","modified_gmt":"2020-10-07T08:02:07","slug":"interior-design","status":"publish","type":"page","link":"https:\/\/www.lesgets.com\/en\/practical-information\/shops-and-services\/interior-design\/","title":{"rendered":"Interior design"},"content":{"rendered":"<div class=\"block block-core-spacer\">\n<div style=\"height:50px\" aria-hidden=\"true\" class=\"wp-block-spacer\"><\/div>\n<\/div>\n\n<div class=\"block block-lba-apidae-selection\"><!--BEGIN FILTER -->\r\n<!--BEGIN FILTER -->\r\n\r\n<!--BEGIN ITEMS APIDAE -->\r\n  <div class=\"selection-mode-default\">\r\n          <div class=\"card 0-3places 0-3pieces\">\r\n        <div class=\"row\">\r\n          <div class=\"col-md-3\">\r\n            <img decoding=\"async\" src=\"https:\/\/static.apidae-tourisme.com\/filestore\/objets-touristiques\/images\/12\/11\/27069196-fiche.jpg\" class=\"w-100\"\r\n                 alt=\"Image MO2A6959-Edit\">\r\n          <\/div>\r\n          <div class=\"col-md-7\">\r\n            <div class=\"card-block px-1\">\r\n              <h2 class=\"card-title\">\r\n                                    <a href=\"https:\/\/www.lesgets.com\/en\/details\/italian-home-design-6808818-En\/\">Italian Home Design<\/a>\r\n                              <\/h2>\r\n              <p class=\"classement\"><\/p>\r\n              <p class=\"card-text\">Kitchen &#8211; Interior design &#8211; Italian design<\/p>\r\n            <\/div>\r\n          <\/div>\r\n          <div class=\"col-md-2\">\r\n                            <a href=\"https:\/\/www.lesgets.com\/en\/details\/italian-home-design-6808818-En\/\" class=\"btn\">Learn more<\/a>\r\n                      <\/div>\r\n        <\/div>\r\n      <\/div>\r\n          <div class=\"card 0-3places 0-3pieces\">\r\n        <div class=\"row\">\r\n          <div class=\"col-md-3\">\r\n            <img decoding=\"async\" src=\"https:\/\/static.apidae-tourisme.com\/filestore\/objets-touristiques\/images\/233\/50\/37565161-fiche.jpg\" class=\"w-100\"\r\n                 alt=\"Image Tetes_de_Radis_8668_\u00a9Chrys\">\r\n          <\/div>\r\n          <div class=\"col-md-7\">\r\n            <div class=\"card-block px-1\">\r\n              <h2 class=\"card-title\">\r\n                                    <a href=\"https:\/\/www.lesgets.com\/en\/details\/tetes-de-radis-6832784-En\/\">T\u00eates de Radis<\/a>\r\n                              <\/h2>\r\n              <p class=\"classement\"><\/p>\r\n              <p class=\"card-text\">Family Concept Store: Home D\u00e9cor, Clothing, Toys, Stationery, Tableware, and More\u2026<\/p>\r\n            <\/div>\r\n          <\/div>\r\n          <div class=\"col-md-2\">\r\n                            <a href=\"https:\/\/www.lesgets.com\/en\/details\/tetes-de-radis-6832784-En\/\" class=\"btn\">Learn more<\/a>\r\n                      <\/div>\r\n        <\/div>\r\n      <\/div>\r\n          <div class=\"card 0-3places 0-3pieces\">\r\n        <div class=\"row\">\r\n          <div class=\"col-md-3\">\r\n            <img decoding=\"async\" src=\"https:\/\/static.apidae-tourisme.com\/filestore\/objets-touristiques\/images\/198\/34\/29827782-fiche.jpg\" class=\"w-100\"\r\n                 alt=\"Image 28054795 (1)\">\r\n          <\/div>\r\n          <div class=\"col-md-7\">\r\n            <div class=\"card-block px-1\">\r\n              <h2 class=\"card-title\">\r\n                                    <a href=\"https:\/\/www.lesgets.com\/en\/details\/michaud-sports-7288249-En\/\">Michaud Sports<\/a>\r\n                              <\/h2>\r\n              <p class=\"classement\"><\/p>\r\n              <p class=\"card-text\">Nouveaut\u00e9 cette ann\u00e9e, retrouvez tout l&#8217;univers de la maison Sylvie Thiriez ainsi que d&#8217;autres marques. Venez d\u00e9couvrir les senteurs Ambiance des Alpes.<\/p>\r\n            <\/div>\r\n          <\/div>\r\n          <div class=\"col-md-2\">\r\n                            <a href=\"https:\/\/www.lesgets.com\/en\/details\/michaud-sports-7288249-En\/\" class=\"btn\">Learn more<\/a>\r\n                      <\/div>\r\n        <\/div>\r\n      <\/div>\r\n      <\/div>\r\n<!--END ITEMS APIDAE -->\r\n\r\n<!--BEGIN PAGINATOR -->\r\n<!--BEGIN PAGINATOR --><\/div>","protected":false},"excerpt":{"rendered":"<p>Find the list of decoration and interior design shops in the resort.<\/p>\n","protected":false},"author":4,"featured_media":17863,"parent":12407,"menu_order":0,"comment_status":"closed","ping_status":"closed","template":"","meta":{"_acf_changed":false,"footnotes":""},"class_list":["post-13205","page","type-page","status-publish","has-post-thumbnail","hentry"],"acf":[],"yoast_head":"<!-- This site is optimized with the Yoast SEO plugin v27.3 - https:\/\/yoast.com\/product\/yoast-seo-wordpress\/ -->\n<title>Interior design - Interior design - Shops &amp; services - Les Gets<\/title>\n<meta name=\"description\" content=\"Find the list of decoration and interior design shops in the resort.\" \/>\n<meta name=\"robots\" content=\"index, follow, max-snippet:-1, max-image-preview:large, max-video-preview:-1\" \/>\n<link rel=\"canonical\" href=\"https:\/\/www.lesgets.com\/en\/practical-information\/shops-and-services\/interior-design\/\" \/>\n<meta property=\"og:locale\" content=\"en_US\" \/>\n<meta property=\"og:type\" content=\"article\" \/>\n<meta property=\"og:title\" content=\"Interior design - Interior design - Shops &amp; services - Les Gets\" \/>\n<meta property=\"og:description\" content=\"Find the list of decoration and interior design shops in the resort.\" \/>\n<meta property=\"og:url\" content=\"https:\/\/www.lesgets.com\/en\/practical-information\/shops-and-services\/interior-design\/\" \/>\n<meta property=\"og:site_name\" content=\"Les Gets\" \/>\n<meta property=\"article:modified_time\" content=\"2020-10-07T08:02:07+00:00\" \/>\n<meta property=\"og:image\" content=\"https:\/\/www.lesgets.com\/..\/app\/uploads\/2020\/08\/LesGets_Chalet_Deco_Chalet_Vinson.jpg\" \/>\n\t<meta property=\"og:image:width\" content=\"2000\" \/>\n\t<meta property=\"og:image:height\" content=\"1365\" \/>\n\t<meta property=\"og:image:type\" content=\"image\/jpeg\" \/>\n<meta name=\"twitter:card\" content=\"summary_large_image\" \/>\n<script type=\"application\/ld+json\" class=\"yoast-schema-graph\">{\"@context\":\"https:\\\/\\\/schema.org\",\"@graph\":[{\"@type\":\"WebPage\",\"@id\":\"https:\\\/\\\/www.lesgets.com\\\/en\\\/practical-information\\\/shops-and-services\\\/interior-design\\\/\",\"url\":\"https:\\\/\\\/www.lesgets.com\\\/en\\\/practical-information\\\/shops-and-services\\\/interior-design\\\/\",\"name\":\"Interior design - Interior design - Shops & services - Les Gets\",\"isPartOf\":{\"@id\":\"https:\\\/\\\/www.lesgets.com\\\/en\\\/#website\"},\"primaryImageOfPage\":{\"@id\":\"https:\\\/\\\/www.lesgets.com\\\/en\\\/practical-information\\\/shops-and-services\\\/interior-design\\\/#primaryimage\"},\"image\":{\"@id\":\"https:\\\/\\\/www.lesgets.com\\\/en\\\/practical-information\\\/shops-and-services\\\/interior-design\\\/#primaryimage\"},\"thumbnailUrl\":\"https:\\\/\\\/www.lesgets.com\\\/wp\\\/..\\\/app\\\/uploads\\\/2020\\\/08\\\/LesGets_Chalet_Deco_Chalet_Vinson.jpg\",\"datePublished\":\"2020-06-05T10:02:11+00:00\",\"dateModified\":\"2020-10-07T08:02:07+00:00\",\"description\":\"Find the list of decoration and interior design shops in the resort.\",\"breadcrumb\":{\"@id\":\"https:\\\/\\\/www.lesgets.com\\\/en\\\/practical-information\\\/shops-and-services\\\/interior-design\\\/#breadcrumb\"},\"inLanguage\":\"en-US\",\"potentialAction\":[{\"@type\":\"ReadAction\",\"target\":[\"https:\\\/\\\/www.lesgets.com\\\/en\\\/practical-information\\\/shops-and-services\\\/interior-design\\\/\"]}]},{\"@type\":\"ImageObject\",\"inLanguage\":\"en-US\",\"@id\":\"https:\\\/\\\/www.lesgets.com\\\/en\\\/practical-information\\\/shops-and-services\\\/interior-design\\\/#primaryimage\",\"url\":\"https:\\\/\\\/www.lesgets.com\\\/wp\\\/..\\\/app\\\/uploads\\\/2020\\\/08\\\/LesGets_Chalet_Deco_Chalet_Vinson.jpg\",\"contentUrl\":\"https:\\\/\\\/www.lesgets.com\\\/wp\\\/..\\\/app\\\/uploads\\\/2020\\\/08\\\/LesGets_Chalet_Deco_Chalet_Vinson.jpg\",\"width\":2000,\"height\":1365},{\"@type\":\"BreadcrumbList\",\"@id\":\"https:\\\/\\\/www.lesgets.com\\\/en\\\/practical-information\\\/shops-and-services\\\/interior-design\\\/#breadcrumb\",\"itemListElement\":[{\"@type\":\"ListItem\",\"position\":1,\"name\":\"Home\",\"item\":\"https:\\\/\\\/www.lesgets.com\\\/en\\\/\"},{\"@type\":\"ListItem\",\"position\":2,\"name\":\"Practical information\",\"item\":\"https:\\\/\\\/www.lesgets.com\\\/en\\\/practical-information\\\/\"},{\"@type\":\"ListItem\",\"position\":3,\"name\":\"Shops and services\",\"item\":\"https:\\\/\\\/www.lesgets.com\\\/en\\\/practical-information\\\/shops-and-services\\\/\"},{\"@type\":\"ListItem\",\"position\":4,\"name\":\"Interior design\"}]},{\"@type\":\"WebSite\",\"@id\":\"https:\\\/\\\/www.lesgets.com\\\/en\\\/#website\",\"url\":\"https:\\\/\\\/www.lesgets.com\\\/en\\\/\",\"name\":\"Les Gets\",\"description\":\"\",\"publisher\":{\"@id\":\"https:\\\/\\\/www.lesgets.com\\\/en\\\/#organization\"},\"potentialAction\":[{\"@type\":\"SearchAction\",\"target\":{\"@type\":\"EntryPoint\",\"urlTemplate\":\"https:\\\/\\\/www.lesgets.com\\\/en\\\/?s={search_term_string}\"},\"query-input\":{\"@type\":\"PropertyValueSpecification\",\"valueRequired\":true,\"valueName\":\"search_term_string\"}}],\"inLanguage\":\"en-US\"},{\"@type\":\"Organization\",\"@id\":\"https:\\\/\\\/www.lesgets.com\\\/en\\\/#organization\",\"name\":\"Les Gets\",\"url\":\"https:\\\/\\\/www.lesgets.com\\\/en\\\/\",\"logo\":{\"@type\":\"ImageObject\",\"inLanguage\":\"en-US\",\"@id\":\"https:\\\/\\\/www.lesgets.com\\\/en\\\/#\\\/schema\\\/logo\\\/image\\\/\",\"url\":\"https:\\\/\\\/www.lesgets.com\\\/wp\\\/..\\\/app\\\/uploads\\\/2020\\\/06\\\/logo_lesgets.png\",\"contentUrl\":\"https:\\\/\\\/www.lesgets.com\\\/wp\\\/..\\\/app\\\/uploads\\\/2020\\\/06\\\/logo_lesgets.png\",\"width\":136,\"height\":115,\"caption\":\"Les Gets\"},\"image\":{\"@id\":\"https:\\\/\\\/www.lesgets.com\\\/en\\\/#\\\/schema\\\/logo\\\/image\\\/\"}}]}<\/script>\n<!-- \/ Yoast SEO plugin. -->","yoast_head_json":{"title":"Interior design - Interior design - Shops & services - Les Gets","description":"Find the list of decoration and interior design shops in the resort.","robots":{"index":"index","follow":"follow","max-snippet":"max-snippet:-1","max-image-preview":"max-image-preview:large","max-video-preview":"max-video-preview:-1"},"canonical":"https:\/\/www.lesgets.com\/en\/practical-information\/shops-and-services\/interior-design\/","og_locale":"en_US","og_type":"article","og_title":"Interior design - Interior design - Shops & services - Les Gets","og_description":"Find the list of decoration and interior design shops in the resort.","og_url":"https:\/\/www.lesgets.com\/en\/practical-information\/shops-and-services\/interior-design\/","og_site_name":"Les Gets","article_modified_time":"2020-10-07T08:02:07+00:00","og_image":[{"width":2000,"height":1365,"url":"https:\/\/www.lesgets.com\/..\/app\/uploads\/2020\/08\/LesGets_Chalet_Deco_Chalet_Vinson.jpg","type":"image\/jpeg"}],"twitter_card":"summary_large_image","schema":{"@context":"https:\/\/schema.org","@graph":[{"@type":"WebPage","@id":"https:\/\/www.lesgets.com\/en\/practical-information\/shops-and-services\/interior-design\/","url":"https:\/\/www.lesgets.com\/en\/practical-information\/shops-and-services\/interior-design\/","name":"Interior design - Interior design - Shops & services - Les Gets","isPartOf":{"@id":"https:\/\/www.lesgets.com\/en\/#website"},"primaryImageOfPage":{"@id":"https:\/\/www.lesgets.com\/en\/practical-information\/shops-and-services\/interior-design\/#primaryimage"},"image":{"@id":"https:\/\/www.lesgets.com\/en\/practical-information\/shops-and-services\/interior-design\/#primaryimage"},"thumbnailUrl":"https:\/\/www.lesgets.com\/wp\/..\/app\/uploads\/2020\/08\/LesGets_Chalet_Deco_Chalet_Vinson.jpg","datePublished":"2020-06-05T10:02:11+00:00","dateModified":"2020-10-07T08:02:07+00:00","description":"Find the list of decoration and interior design shops in the resort.","breadcrumb":{"@id":"https:\/\/www.lesgets.com\/en\/practical-information\/shops-and-services\/interior-design\/#breadcrumb"},"inLanguage":"en-US","potentialAction":[{"@type":"ReadAction","target":["https:\/\/www.lesgets.com\/en\/practical-information\/shops-and-services\/interior-design\/"]}]},{"@type":"ImageObject","inLanguage":"en-US","@id":"https:\/\/www.lesgets.com\/en\/practical-information\/shops-and-services\/interior-design\/#primaryimage","url":"https:\/\/www.lesgets.com\/wp\/..\/app\/uploads\/2020\/08\/LesGets_Chalet_Deco_Chalet_Vinson.jpg","contentUrl":"https:\/\/www.lesgets.com\/wp\/..\/app\/uploads\/2020\/08\/LesGets_Chalet_Deco_Chalet_Vinson.jpg","width":2000,"height":1365},{"@type":"BreadcrumbList","@id":"https:\/\/www.lesgets.com\/en\/practical-information\/shops-and-services\/interior-design\/#breadcrumb","itemListElement":[{"@type":"ListItem","position":1,"name":"Home","item":"https:\/\/www.lesgets.com\/en\/"},{"@type":"ListItem","position":2,"name":"Practical information","item":"https:\/\/www.lesgets.com\/en\/practical-information\/"},{"@type":"ListItem","position":3,"name":"Shops and services","item":"https:\/\/www.lesgets.com\/en\/practical-information\/shops-and-services\/"},{"@type":"ListItem","position":4,"name":"Interior design"}]},{"@type":"WebSite","@id":"https:\/\/www.lesgets.com\/en\/#website","url":"https:\/\/www.lesgets.com\/en\/","name":"Les Gets","description":"","publisher":{"@id":"https:\/\/www.lesgets.com\/en\/#organization"},"potentialAction":[{"@type":"SearchAction","target":{"@type":"EntryPoint","urlTemplate":"https:\/\/www.lesgets.com\/en\/?s={search_term_string}"},"query-input":{"@type":"PropertyValueSpecification","valueRequired":true,"valueName":"search_term_string"}}],"inLanguage":"en-US"},{"@type":"Organization","@id":"https:\/\/www.lesgets.com\/en\/#organization","name":"Les Gets","url":"https:\/\/www.lesgets.com\/en\/","logo":{"@type":"ImageObject","inLanguage":"en-US","@id":"https:\/\/www.lesgets.com\/en\/#\/schema\/logo\/image\/","url":"https:\/\/www.lesgets.com\/wp\/..\/app\/uploads\/2020\/06\/logo_lesgets.png","contentUrl":"https:\/\/www.lesgets.com\/wp\/..\/app\/uploads\/2020\/06\/logo_lesgets.png","width":136,"height":115,"caption":"Les Gets"},"image":{"@id":"https:\/\/www.lesgets.com\/en\/#\/schema\/logo\/image\/"}}]}},"featured_image_src":"https:\/\/www.lesgets.com\/wp\/..\/app\/uploads\/2020\/08\/LesGets_Chalet_Deco_Chalet_Vinson.jpg","featured_image_src_square":"https:\/\/www.lesgets.com\/wp\/..\/app\/uploads\/2020\/08\/LesGets_Chalet_Deco_Chalet_Vinson.jpg","_links":{"self":[{"href":"https:\/\/www.lesgets.com\/en\/wp-json\/wp\/v2\/pages\/13205","targetHints":{"allow":["GET"]}}],"collection":[{"href":"https:\/\/www.lesgets.com\/en\/wp-json\/wp\/v2\/pages"}],"about":[{"href":"https:\/\/www.lesgets.com\/en\/wp-json\/wp\/v2\/types\/page"}],"author":[{"embeddable":true,"href":"https:\/\/www.lesgets.com\/en\/wp-json\/wp\/v2\/users\/4"}],"replies":[{"embeddable":true,"href":"https:\/\/www.lesgets.com\/en\/wp-json\/wp\/v2\/comments?post=13205"}],"version-history":[{"count":5,"href":"https:\/\/www.lesgets.com\/en\/wp-json\/wp\/v2\/pages\/13205\/revisions"}],"predecessor-version":[{"id":20208,"href":"https:\/\/www.lesgets.com\/en\/wp-json\/wp\/v2\/pages\/13205\/revisions\/20208"}],"up":[{"embeddable":true,"href":"https:\/\/www.lesgets.com\/en\/wp-json\/wp\/v2\/pages\/12407"}],"wp:featuredmedia":[{"embeddable":true,"href":"https:\/\/www.lesgets.com\/en\/wp-json\/wp\/v2\/media\/17863"}],"wp:attachment":[{"href":"https:\/\/www.lesgets.com\/en\/wp-json\/wp\/v2\/media?parent=13205"}],"curies":[{"name":"wp","href":"https:\/\/api.w.org\/{rel}","templated":true}]}}