{"id":13810,"date":"2020-06-15T10:48:25","date_gmt":"2020-06-15T08:48:25","guid":{"rendered":"https:\/\/www.lesgets.com\/discover-the-resort\/ski-winter-sports\/special-areas\/boarder-cross\/"},"modified":"2020-06-15T14:09:58","modified_gmt":"2020-06-15T12:09:58","slug":"boarder-cross","status":"publish","type":"page","link":"https:\/\/www.lesgets.com\/en\/discover-the-resort\/ski-winter-sports\/special-areas\/boarder-cross\/","title":{"rendered":"Boarder cross"},"content":{"rendered":"<div class=\"block block-core-heading\">\n<h2 class=\"wp-block-heading\"><strong>D\u00e9borah Anthonioz&#8217; Boardercross<\/strong><\/h2>\n<\/div>\n\n<div class=\"block block-core-paragraph\">\n<p>On the Chavannes slopes, it is now possible to follow D\u00e9borah\u2019s steps, our very own Vancouver Olympics champion.<\/p>\n<\/div>\n\n<div class=\"block block-core-paragraph\">\n<p>A Boardercross has been built on the Les Gets slopes so that everyone can become familiar with this new and growing sport. Moreover, this is one of the very few permanent Boardercrosses that can greet international races and competitions.<\/p>\n<\/div>\n\n<div class=\"block block-core-paragraph\">\n<p>To get to the D\u00e9borah Anthonioz&#8217; Boardercross, take the t\u00e9l\u00e9cabine des Chavannes and follow the Gentiane slope.<\/p>\n<\/div>\n\n<div class=\"block block-core-paragraph\">\n<p>Level recommended : minimum 2 stars<\/p>\n<\/div>\n\n<div class=\"block block-core-embed-youtube\">\n<figure class=\"wp-block-embed-youtube wp-block-embed is-type-video is-provider-youtube wp-embed-aspect-16-9 wp-has-aspect-ratio\"><div class=\"wp-block-embed__wrapper\">\n<iframe loading=\"lazy\" title=\"Boardercross Les Gets\" width=\"640\" height=\"360\" src=\"https:\/\/www.youtube.com\/embed\/GHWpHqeynco?feature=oembed\" frameborder=\"0\" allow=\"accelerometer; autoplay; clipboard-write; encrypted-media; gyroscope; picture-in-picture; web-share\" referrerpolicy=\"strict-origin-when-cross-origin\" allowfullscreen><\/iframe>\n<\/div><\/figure>\n<\/div>\n\n<div class=\"block block-core-heading\">\n<h3 class=\"wp-block-heading\">Conception <\/h3>\n<\/div>\n\n<div class=\"block block-core-paragraph\">\n<p>The making of this Boardercross was done by the SnowConcept Company, which is the leading European company when it comes to projects similar to this one.&nbsp;<\/p>\n<\/div>\n\n<div class=\"block block-core-paragraph\">\n<p>It was designed by David Ny, the official designer for the winter Olympics in Vancouver.<\/p>\n<\/div>\n\n<div class=\"block block-core-heading\">\n<h3 class=\"wp-block-heading\">Layout<\/h3>\n<\/div>\n\n<blockquote>\n<p><b>Length<\/b><span style=\"font-weight: 400;\"> : 523 meters<\/span><\/p>\n<p><b>Width<\/b><span style=\"font-weight: 400;\"> : 10 meters wide<\/span><\/p>\n<p><b>Difference in altitude<\/b><span style=\"font-weight: 400;\"> : 124 meters<\/span><\/p>\n<p><b>Curves<\/b><span style=\"font-weight: 400;\"> : 6 banks (between 3 and 6 meters high<\/span><\/p>\n<p><b>Radius<\/b><span style=\"font-weight: 400;\"> : 48\u00b0 &#8211; 79\u00b0<\/span><\/p>\n<p><b>Slope<\/b><span style=\"font-weight: 400;\"> : 30\u00b0 &#8211; 45\u00b0<\/span><\/p>\n<p><b>Equipements\u00a0<\/b><span style=\"font-weight: 400;\">: 17 whoops, 2 step downs, 1 step up, two 8 meters tables, one 10 or 12 meters table, 1 transfer jump and 1 step down to step up.<\/span><\/p>\n<\/blockquote>\n\n<div class=\"block block-core-spacer\">\n<div style=\"height:50px\" aria-hidden=\"true\" class=\"wp-block-spacer\"><\/div>\n<\/div>","protected":false},"excerpt":{"rendered":"<p>Discover boarder-cross where you can challenge your friends in the footsteps of D\u00e9borah Anthonioz, Vice Olympic Snowboard Cross Champion.<\/p>\n","protected":false},"author":5,"featured_media":3258,"parent":13791,"menu_order":0,"comment_status":"closed","ping_status":"closed","template":"","meta":{"_acf_changed":false,"footnotes":""},"class_list":["post-13810","page","type-page","status-publish","has-post-thumbnail","hentry"],"acf":[],"yoast_head":"<!-- This site is optimized with the Yoast SEO plugin v27.3 - https:\/\/yoast.com\/product\/yoast-seo-wordpress\/ -->\n<title>Boarder cross D\u00e9borah Anhonioz, challenge your friends on the slopes!<\/title>\n<meta name=\"description\" content=\"Discover boarder-cross where you can challenge your friends in the footsteps of D\u00e9borah Anthonioz, Vice Olympic Snowboard Cross Champion.\" \/>\n<meta name=\"robots\" content=\"index, follow, max-snippet:-1, max-image-preview:large, max-video-preview:-1\" \/>\n<link rel=\"canonical\" href=\"https:\/\/www.lesgets.com\/en\/discover-the-resort\/ski-winter-sports\/special-areas\/boarder-cross\/\" \/>\n<meta property=\"og:locale\" content=\"en_US\" \/>\n<meta property=\"og:type\" content=\"article\" \/>\n<meta property=\"og:title\" content=\"Boarder cross D\u00e9borah Anhonioz, challenge your friends on the slopes!\" \/>\n<meta property=\"og:description\" content=\"Discover boarder-cross where you can challenge your friends in the footsteps of D\u00e9borah Anthonioz, Vice Olympic Snowboard Cross Champion.\" \/>\n<meta property=\"og:url\" content=\"https:\/\/www.lesgets.com\/en\/discover-the-resort\/ski-winter-sports\/special-areas\/boarder-cross\/\" \/>\n<meta property=\"og:site_name\" content=\"Les Gets\" \/>\n<meta property=\"article:modified_time\" content=\"2020-06-15T12:09:58+00:00\" \/>\n<meta property=\"og:image\" content=\"https:\/\/www.lesgets.com\/..\/app\/uploads\/2020\/04\/Panorama-ski-sapins-enneigesles_gets.jpg\" \/>\n\t<meta property=\"og:image:width\" content=\"1200\" \/>\n\t<meta property=\"og:image:height\" content=\"801\" \/>\n\t<meta property=\"og:image:type\" content=\"image\/jpeg\" \/>\n<meta name=\"twitter:card\" content=\"summary_large_image\" \/>\n<meta name=\"twitter:label1\" content=\"Est. reading time\" \/>\n\t<meta name=\"twitter:data1\" content=\"1 minute\" \/>\n<script type=\"application\/ld+json\" class=\"yoast-schema-graph\">{\"@context\":\"https:\\\/\\\/schema.org\",\"@graph\":[{\"@type\":\"WebPage\",\"@id\":\"https:\\\/\\\/www.lesgets.com\\\/en\\\/discover-the-resort\\\/ski-winter-sports\\\/special-areas\\\/boarder-cross\\\/\",\"url\":\"https:\\\/\\\/www.lesgets.com\\\/en\\\/discover-the-resort\\\/ski-winter-sports\\\/special-areas\\\/boarder-cross\\\/\",\"name\":\"Boarder cross D\u00e9borah Anhonioz, challenge your friends on the slopes!\",\"isPartOf\":{\"@id\":\"https:\\\/\\\/www.lesgets.com\\\/en\\\/#website\"},\"primaryImageOfPage\":{\"@id\":\"https:\\\/\\\/www.lesgets.com\\\/en\\\/discover-the-resort\\\/ski-winter-sports\\\/special-areas\\\/boarder-cross\\\/#primaryimage\"},\"image\":{\"@id\":\"https:\\\/\\\/www.lesgets.com\\\/en\\\/discover-the-resort\\\/ski-winter-sports\\\/special-areas\\\/boarder-cross\\\/#primaryimage\"},\"thumbnailUrl\":\"https:\\\/\\\/www.lesgets.com\\\/wp\\\/..\\\/app\\\/uploads\\\/2020\\\/04\\\/Panorama-ski-sapins-enneigesles_gets.jpg\",\"datePublished\":\"2020-06-15T08:48:25+00:00\",\"dateModified\":\"2020-06-15T12:09:58+00:00\",\"description\":\"Discover boarder-cross where you can challenge your friends in the footsteps of D\u00e9borah Anthonioz, Vice Olympic Snowboard Cross Champion.\",\"breadcrumb\":{\"@id\":\"https:\\\/\\\/www.lesgets.com\\\/en\\\/discover-the-resort\\\/ski-winter-sports\\\/special-areas\\\/boarder-cross\\\/#breadcrumb\"},\"inLanguage\":\"en-US\",\"potentialAction\":[{\"@type\":\"ReadAction\",\"target\":[\"https:\\\/\\\/www.lesgets.com\\\/en\\\/discover-the-resort\\\/ski-winter-sports\\\/special-areas\\\/boarder-cross\\\/\"]}]},{\"@type\":\"ImageObject\",\"inLanguage\":\"en-US\",\"@id\":\"https:\\\/\\\/www.lesgets.com\\\/en\\\/discover-the-resort\\\/ski-winter-sports\\\/special-areas\\\/boarder-cross\\\/#primaryimage\",\"url\":\"https:\\\/\\\/www.lesgets.com\\\/wp\\\/..\\\/app\\\/uploads\\\/2020\\\/04\\\/Panorama-ski-sapins-enneigesles_gets.jpg\",\"contentUrl\":\"https:\\\/\\\/www.lesgets.com\\\/wp\\\/..\\\/app\\\/uploads\\\/2020\\\/04\\\/Panorama-ski-sapins-enneigesles_gets.jpg\",\"width\":1200,\"height\":801,\"caption\":\"Sapins enneig\u00e9s aux Gets\"},{\"@type\":\"BreadcrumbList\",\"@id\":\"https:\\\/\\\/www.lesgets.com\\\/en\\\/discover-the-resort\\\/ski-winter-sports\\\/special-areas\\\/boarder-cross\\\/#breadcrumb\",\"itemListElement\":[{\"@type\":\"ListItem\",\"position\":1,\"name\":\"Home\",\"item\":\"https:\\\/\\\/www.lesgets.com\\\/en\\\/\"},{\"@type\":\"ListItem\",\"position\":2,\"name\":\"Discover the resort\",\"item\":\"https:\\\/\\\/www.lesgets.com\\\/en\\\/discover-the-resort\\\/\"},{\"@type\":\"ListItem\",\"position\":3,\"name\":\"Ski &#8211; Winter sports\",\"item\":\"https:\\\/\\\/www.lesgets.com\\\/en\\\/discover-the-resort\\\/ski-winter-sports\\\/\"},{\"@type\":\"ListItem\",\"position\":4,\"name\":\"Special areas\",\"item\":\"https:\\\/\\\/www.lesgets.com\\\/en\\\/discover-the-resort\\\/ski-winter-sports\\\/special-areas\\\/\"},{\"@type\":\"ListItem\",\"position\":5,\"name\":\"Boarder cross\"}]},{\"@type\":\"WebSite\",\"@id\":\"https:\\\/\\\/www.lesgets.com\\\/en\\\/#website\",\"url\":\"https:\\\/\\\/www.lesgets.com\\\/en\\\/\",\"name\":\"Les Gets\",\"description\":\"\",\"publisher\":{\"@id\":\"https:\\\/\\\/www.lesgets.com\\\/en\\\/#organization\"},\"potentialAction\":[{\"@type\":\"SearchAction\",\"target\":{\"@type\":\"EntryPoint\",\"urlTemplate\":\"https:\\\/\\\/www.lesgets.com\\\/en\\\/?s={search_term_string}\"},\"query-input\":{\"@type\":\"PropertyValueSpecification\",\"valueRequired\":true,\"valueName\":\"search_term_string\"}}],\"inLanguage\":\"en-US\"},{\"@type\":\"Organization\",\"@id\":\"https:\\\/\\\/www.lesgets.com\\\/en\\\/#organization\",\"name\":\"Les Gets\",\"url\":\"https:\\\/\\\/www.lesgets.com\\\/en\\\/\",\"logo\":{\"@type\":\"ImageObject\",\"inLanguage\":\"en-US\",\"@id\":\"https:\\\/\\\/www.lesgets.com\\\/en\\\/#\\\/schema\\\/logo\\\/image\\\/\",\"url\":\"https:\\\/\\\/www.lesgets.com\\\/wp\\\/..\\\/app\\\/uploads\\\/2020\\\/06\\\/logo_lesgets.png\",\"contentUrl\":\"https:\\\/\\\/www.lesgets.com\\\/wp\\\/..\\\/app\\\/uploads\\\/2020\\\/06\\\/logo_lesgets.png\",\"width\":136,\"height\":115,\"caption\":\"Les Gets\"},\"image\":{\"@id\":\"https:\\\/\\\/www.lesgets.com\\\/en\\\/#\\\/schema\\\/logo\\\/image\\\/\"}}]}<\/script>\n<!-- \/ Yoast SEO plugin. -->","yoast_head_json":{"title":"Boarder cross D\u00e9borah Anhonioz, challenge your friends on the slopes!","description":"Discover boarder-cross where you can challenge your friends in the footsteps of D\u00e9borah Anthonioz, Vice Olympic Snowboard Cross Champion.","robots":{"index":"index","follow":"follow","max-snippet":"max-snippet:-1","max-image-preview":"max-image-preview:large","max-video-preview":"max-video-preview:-1"},"canonical":"https:\/\/www.lesgets.com\/en\/discover-the-resort\/ski-winter-sports\/special-areas\/boarder-cross\/","og_locale":"en_US","og_type":"article","og_title":"Boarder cross D\u00e9borah Anhonioz, challenge your friends on the slopes!","og_description":"Discover boarder-cross where you can challenge your friends in the footsteps of D\u00e9borah Anthonioz, Vice Olympic Snowboard Cross Champion.","og_url":"https:\/\/www.lesgets.com\/en\/discover-the-resort\/ski-winter-sports\/special-areas\/boarder-cross\/","og_site_name":"Les Gets","article_modified_time":"2020-06-15T12:09:58+00:00","og_image":[{"width":1200,"height":801,"url":"https:\/\/www.lesgets.com\/..\/app\/uploads\/2020\/04\/Panorama-ski-sapins-enneigesles_gets.jpg","type":"image\/jpeg"}],"twitter_card":"summary_large_image","twitter_misc":{"Est. reading time":"1 minute"},"schema":{"@context":"https:\/\/schema.org","@graph":[{"@type":"WebPage","@id":"https:\/\/www.lesgets.com\/en\/discover-the-resort\/ski-winter-sports\/special-areas\/boarder-cross\/","url":"https:\/\/www.lesgets.com\/en\/discover-the-resort\/ski-winter-sports\/special-areas\/boarder-cross\/","name":"Boarder cross D\u00e9borah Anhonioz, challenge your friends on the slopes!","isPartOf":{"@id":"https:\/\/www.lesgets.com\/en\/#website"},"primaryImageOfPage":{"@id":"https:\/\/www.lesgets.com\/en\/discover-the-resort\/ski-winter-sports\/special-areas\/boarder-cross\/#primaryimage"},"image":{"@id":"https:\/\/www.lesgets.com\/en\/discover-the-resort\/ski-winter-sports\/special-areas\/boarder-cross\/#primaryimage"},"thumbnailUrl":"https:\/\/www.lesgets.com\/wp\/..\/app\/uploads\/2020\/04\/Panorama-ski-sapins-enneigesles_gets.jpg","datePublished":"2020-06-15T08:48:25+00:00","dateModified":"2020-06-15T12:09:58+00:00","description":"Discover boarder-cross where you can challenge your friends in the footsteps of D\u00e9borah Anthonioz, Vice Olympic Snowboard Cross Champion.","breadcrumb":{"@id":"https:\/\/www.lesgets.com\/en\/discover-the-resort\/ski-winter-sports\/special-areas\/boarder-cross\/#breadcrumb"},"inLanguage":"en-US","potentialAction":[{"@type":"ReadAction","target":["https:\/\/www.lesgets.com\/en\/discover-the-resort\/ski-winter-sports\/special-areas\/boarder-cross\/"]}]},{"@type":"ImageObject","inLanguage":"en-US","@id":"https:\/\/www.lesgets.com\/en\/discover-the-resort\/ski-winter-sports\/special-areas\/boarder-cross\/#primaryimage","url":"https:\/\/www.lesgets.com\/wp\/..\/app\/uploads\/2020\/04\/Panorama-ski-sapins-enneigesles_gets.jpg","contentUrl":"https:\/\/www.lesgets.com\/wp\/..\/app\/uploads\/2020\/04\/Panorama-ski-sapins-enneigesles_gets.jpg","width":1200,"height":801,"caption":"Sapins enneig\u00e9s aux Gets"},{"@type":"BreadcrumbList","@id":"https:\/\/www.lesgets.com\/en\/discover-the-resort\/ski-winter-sports\/special-areas\/boarder-cross\/#breadcrumb","itemListElement":[{"@type":"ListItem","position":1,"name":"Home","item":"https:\/\/www.lesgets.com\/en\/"},{"@type":"ListItem","position":2,"name":"Discover the resort","item":"https:\/\/www.lesgets.com\/en\/discover-the-resort\/"},{"@type":"ListItem","position":3,"name":"Ski &#8211; Winter sports","item":"https:\/\/www.lesgets.com\/en\/discover-the-resort\/ski-winter-sports\/"},{"@type":"ListItem","position":4,"name":"Special areas","item":"https:\/\/www.lesgets.com\/en\/discover-the-resort\/ski-winter-sports\/special-areas\/"},{"@type":"ListItem","position":5,"name":"Boarder cross"}]},{"@type":"WebSite","@id":"https:\/\/www.lesgets.com\/en\/#website","url":"https:\/\/www.lesgets.com\/en\/","name":"Les Gets","description":"","publisher":{"@id":"https:\/\/www.lesgets.com\/en\/#organization"},"potentialAction":[{"@type":"SearchAction","target":{"@type":"EntryPoint","urlTemplate":"https:\/\/www.lesgets.com\/en\/?s={search_term_string}"},"query-input":{"@type":"PropertyValueSpecification","valueRequired":true,"valueName":"search_term_string"}}],"inLanguage":"en-US"},{"@type":"Organization","@id":"https:\/\/www.lesgets.com\/en\/#organization","name":"Les Gets","url":"https:\/\/www.lesgets.com\/en\/","logo":{"@type":"ImageObject","inLanguage":"en-US","@id":"https:\/\/www.lesgets.com\/en\/#\/schema\/logo\/image\/","url":"https:\/\/www.lesgets.com\/wp\/..\/app\/uploads\/2020\/06\/logo_lesgets.png","contentUrl":"https:\/\/www.lesgets.com\/wp\/..\/app\/uploads\/2020\/06\/logo_lesgets.png","width":136,"height":115,"caption":"Les Gets"},"image":{"@id":"https:\/\/www.lesgets.com\/en\/#\/schema\/logo\/image\/"}}]}},"featured_image_src":"https:\/\/www.lesgets.com\/wp\/..\/app\/uploads\/2020\/04\/Panorama-ski-sapins-enneigesles_gets.jpg","featured_image_src_square":"https:\/\/www.lesgets.com\/wp\/..\/app\/uploads\/2020\/04\/Panorama-ski-sapins-enneigesles_gets.jpg","_links":{"self":[{"href":"https:\/\/www.lesgets.com\/en\/wp-json\/wp\/v2\/pages\/13810","targetHints":{"allow":["GET"]}}],"collection":[{"href":"https:\/\/www.lesgets.com\/en\/wp-json\/wp\/v2\/pages"}],"about":[{"href":"https:\/\/www.lesgets.com\/en\/wp-json\/wp\/v2\/types\/page"}],"author":[{"embeddable":true,"href":"https:\/\/www.lesgets.com\/en\/wp-json\/wp\/v2\/users\/5"}],"replies":[{"embeddable":true,"href":"https:\/\/www.lesgets.com\/en\/wp-json\/wp\/v2\/comments?post=13810"}],"version-history":[{"count":4,"href":"https:\/\/www.lesgets.com\/en\/wp-json\/wp\/v2\/pages\/13810\/revisions"}],"predecessor-version":[{"id":13973,"href":"https:\/\/www.lesgets.com\/en\/wp-json\/wp\/v2\/pages\/13810\/revisions\/13973"}],"up":[{"embeddable":true,"href":"https:\/\/www.lesgets.com\/en\/wp-json\/wp\/v2\/pages\/13791"}],"wp:featuredmedia":[{"embeddable":true,"href":"https:\/\/www.lesgets.com\/en\/wp-json\/wp\/v2\/media\/3258"}],"wp:attachment":[{"href":"https:\/\/www.lesgets.com\/en\/wp-json\/wp\/v2\/media?parent=13810"}],"curies":[{"name":"wp","href":"https:\/\/api.w.org\/{rel}","templated":true}]}}