{"id":13943,"date":"2020-06-15T12:30:58","date_gmt":"2020-06-15T10:30:58","guid":{"rendered":"https:\/\/www.lesgets.com\/what-to-do\/winter-activities\/sports\/"},"modified":"2024-10-22T11:51:57","modified_gmt":"2024-10-22T09:51:57","slug":"sports","status":"publish","type":"page","link":"https:\/\/www.lesgets.com\/en\/what-to-do\/winter-activities\/sports\/","title":{"rendered":"Sports"},"content":{"rendered":"<div class=\"block block-core-spacer\">\n<div style=\"height:50px\" aria-hidden=\"true\" class=\"wp-block-spacer\"><\/div>\n<\/div>\n\n<p>With an open-air playground, in an environment that is both preserved and dynamic, Les Gets resort offers a wide range of outdoor and indoor sports to recharge your batteries while preserving nature.<\/p>\n<p>Downhill or cross-country skiing, ski touring, snowshoeing, cani-rando or paragliding&#8230; Find all the sporting activities possible in winter in Les Gets.<\/p>\n\n<div class=\"block block-core-spacer\">\n<div style=\"height:30px\" aria-hidden=\"true\" class=\"wp-block-spacer\"><\/div>\n<\/div>\n\n<div class=\"block block-genesis-custom-blocks-pushs\">    <div class=\"pushs-inside blanc\">\r\n        <div class=\"container\">\r\n            <div class=\"row\">\r\n                                        <div class=\"col-4\">\r\n                            <a href=\"https:\/\/www.lesgets.com\/en\/what-to-do\/winter-activities\/sports\/skiing\/\">\r\n                                <div class=\"img\"><img decoding=\"async\" src=\"https:\/\/www.lesgets.com\/wp\/..\/app\/uploads\/2025\/10\/bloc_header_actualites-1920x1080.jpg\" alt=\"\">\r\n                                <\/div>\r\n                                <div class=\"conteneur\">\r\n                                    <h3>Skiing<\/h3>\r\n                                    <p>Find all the information you need about skiing in Les Gets: ski schools, equipment hire, mountain guides&#8230;<\/p>\r\n                                <\/div>\r\n                            <\/a>\r\n                        <\/div>\r\n                                                <div class=\"col-4\">\r\n                            <a href=\"https:\/\/www.lesgets.com\/en\/discover-the-resort\/ski-winter-sports\/ski-touring\/\">\r\n                                <div class=\"img\"><img decoding=\"async\" src=\"https:\/\/www.lesgets.com\/wp\/..\/app\/uploads\/2025\/10\/bloc_header_ski_randonnee-1920x1080.jpg\" alt=\"ski-randonnee-les-gets\">\r\n                                <\/div>\r\n                                <div class=\"conteneur\">\r\n                                    <h3>Ski touring<\/h3>\r\n                                    <p>Les Gets offers a marked and secure ski touring itinerary on the Mont Ch\u00e9ry. Enjoy the view of the Mont Blanc range on arrival. <\/p>\r\n                                <\/div>\r\n                            <\/a>\r\n                        <\/div>\r\n                                                <div class=\"col-4\">\r\n                            <a href=\"https:\/\/www.lesgets.com\/en\/discover-the-resort\/ski-winter-sports\/cross-country-skiing\/\">\r\n                                <div class=\"img\"><img decoding=\"async\" src=\"https:\/\/www.lesgets.com\/wp\/..\/app\/uploads\/2020\/04\/Ski_de_fond-1920x1080.jpg\" alt=\"Deux personnes faisant du ski de fond avec chalet et sapins enneig\u00e9s\">\r\n                                <\/div>\r\n                                <div class=\"conteneur\">\r\n                                    <h3>Nordic skiing<\/h3>\r\n                                    <p>Discover the various cross-country skiing trails in Les Gets, on the Chavannes area and the Ch\u00e9ry area. Slopes for every levels. <\/p>\r\n                                <\/div>\r\n                            <\/a>\r\n                        <\/div>\r\n                                    <\/div>\r\n        <\/div>\r\n    <\/div>\r\n<\/div>\n\n<div class=\"block block-genesis-custom-blocks-pushs\">    <div class=\"pushs-inside blanc\">\r\n        <div class=\"container\">\r\n            <div class=\"row\">\r\n                                        <div class=\"col-4\">\r\n                            <a href=\"https:\/\/www.lesgets.com\/en\/what-to-do\/winter-activities\/sports\/cani-cross-winter\/\">\r\n                                <div class=\"img\"><img decoding=\"async\" src=\"https:\/\/www.lesgets.com\/wp\/..\/app\/uploads\/2020\/05\/LesGets_2019_Canirando_hiver_D.Lagorce_01-1-1920x1080.jpg\" alt=\"Groupe faisant une balade \u00e0 pied en hiver arnach\u00e9s \u00e0 des chiens\">\r\n                                <\/div>\r\n                                <div class=\"conteneur\">\r\n                                    <h3>Cani-cross in winter<\/h3>\r\n                                    <p>Cani-cross is a hike during which you are harnessed to a dog. It is ideal to give children a taste for hiking and it allows adults to venture onto new paths.<\/p>\r\n                                <\/div>\r\n                            <\/a>\r\n                        <\/div>\r\n                                                <div class=\"col-4\">\r\n                            <a href=\"https:\/\/www.lesgets.com\/en\/what-to-do\/winter-activities\/sports\/hiking-snowshoeing\/\">\r\n                                <div class=\"img\"><img decoding=\"async\" src=\"https:\/\/www.lesgets.com\/wp\/..\/app\/uploads\/2021\/01\/2021_01_08_raquettes_esf_moniteur_loex_LD_lesgets_Mel_Carle_IMG_7784-1920x1080.jpg\" alt=\"\">\r\n                                <\/div>\r\n                                <div class=\"conteneur\">\r\n                                    <h3>Hiking and snowshoeing<\/h3>\r\n                                    <p>Discover the joys of the mountains in winter thanks to hiking and snowshoeing in wide open spaces and unspoilt natural settings. <\/p>\r\n                                <\/div>\r\n                            <\/a>\r\n                        <\/div>\r\n                                                <div class=\"col-4\">\r\n                            <a href=\"https:\/\/www.lesgets.com\/en\/what-to-do\/winter-activities\/mountain-biking-on-snow\/\">\r\n                                <div class=\"img\"><img decoding=\"async\" src=\"https:\/\/www.lesgets.com\/wp\/..\/app\/uploads\/2025\/10\/2023_01_23_fat_bike_velo_neige_hiver_Les_Gets_cpOTGets_LD-43-1920x1080.jpg\" alt=\"Loisirs_sportifs_Les_Gets\">\r\n                                <\/div>\r\n                                <div class=\"conteneur\">\r\n                                    <h3>Mountain biking on the snow<\/h3>\r\n                                    <p>Please note that this route is only available to groups with a guide. Book your mountain bike tour on the snow Book your activity now with one of our partner schools:<\/p>\r\n                                <\/div>\r\n                            <\/a>\r\n                        <\/div>\r\n                                    <\/div>\r\n        <\/div>\r\n    <\/div>\r\n<\/div>\n\n<div class=\"block block-genesis-custom-blocks-pushs\">    <div class=\"pushs-inside blanc\">\r\n        <div class=\"container\">\r\n            <div class=\"row\">\r\n                                        <div class=\"col-4\">\r\n                            <a href=\"https:\/\/www.lesgets.com\/en\/what-to-do\/summer-activities\/sports\/fitness\/\">\r\n                                <div class=\"img\"><img decoding=\"async\" src=\"https:\/\/www.lesgets.com\/wp\/..\/app\/uploads\/2020\/05\/LesGets_2020_Fitness_Fitlife_01-1-1920x1080.jpeg\" alt=\"Salle de fitness et de musculation avec tapis et appareils\">\r\n                                <\/div>\r\n                                <div class=\"conteneur\">\r\n                                    <h3>Fitness<\/h3>\r\n                                    <p>Here is the list of establishments in Les Gets with fitness rooms or classes. <\/p>\r\n                                <\/div>\r\n                            <\/a>\r\n                        <\/div>\r\n                                    <\/div>\r\n        <\/div>\r\n    <\/div>\r\n<\/div>","protected":false},"excerpt":{"rendered":"<p>Downhill or cross-country skiing, ski touring, snowshoeing, cani-rando or paragliding&#8230; Find all the sporting activities possible in winter in Les Gets. <\/p>\n","protected":false},"author":4,"featured_media":6998,"parent":12296,"menu_order":0,"comment_status":"closed","ping_status":"closed","template":"","meta":{"_acf_changed":false,"footnotes":""},"class_list":["post-13943","page","type-page","status-publish","has-post-thumbnail","hentry"],"acf":[],"yoast_head":"<!-- This site is optimized with the Yoast SEO plugin v27.2 - https:\/\/yoast.com\/product\/yoast-seo-wordpress\/ -->\n<title>Sports - All winter activities - Les Gets<\/title>\n<meta name=\"description\" content=\"Downhill or cross-country skiing, ski touring, snowshoeing, cani-rando or paragliding... Find all the sporting activities possible in winter in Les Gets.\" \/>\n<meta name=\"robots\" content=\"index, follow, max-snippet:-1, max-image-preview:large, max-video-preview:-1\" \/>\n<link rel=\"canonical\" href=\"https:\/\/www.lesgets.com\/en\/what-to-do\/winter-activities\/sports\/\" \/>\n<meta property=\"og:locale\" content=\"en_US\" \/>\n<meta property=\"og:type\" content=\"article\" \/>\n<meta property=\"og:title\" content=\"Sports - All winter activities - Les Gets\" \/>\n<meta property=\"og:description\" content=\"Downhill or cross-country skiing, ski touring, snowshoeing, cani-rando or paragliding... Find all the sporting activities possible in winter in Les Gets.\" \/>\n<meta property=\"og:url\" content=\"https:\/\/www.lesgets.com\/en\/what-to-do\/winter-activities\/sports\/\" \/>\n<meta property=\"og:site_name\" content=\"Les Gets\" \/>\n<meta property=\"article:modified_time\" content=\"2024-10-22T09:51:57+00:00\" \/>\n<meta property=\"og:image\" content=\"https:\/\/www.lesgets.com\/wp\/..\/app\/uploads\/2020\/05\/LesGets_2019_ski_amis_Keno_Derleyn_03.jpg\" \/>\n\t<meta property=\"og:image:width\" content=\"1920\" \/>\n\t<meta property=\"og:image:height\" content=\"1281\" \/>\n\t<meta property=\"og:image:type\" content=\"image\/jpeg\" \/>\n<meta name=\"twitter:card\" content=\"summary_large_image\" \/>\n<meta name=\"twitter:label1\" content=\"Est. reading time\" \/>\n\t<meta name=\"twitter:data1\" content=\"1 minute\" \/>\n<script type=\"application\/ld+json\" class=\"yoast-schema-graph\">{\"@context\":\"https:\/\/schema.org\",\"@graph\":[{\"@type\":\"WebPage\",\"@id\":\"https:\/\/www.lesgets.com\/en\/what-to-do\/winter-activities\/sports\/\",\"url\":\"https:\/\/www.lesgets.com\/en\/what-to-do\/winter-activities\/sports\/\",\"name\":\"Sports - All winter activities - Les Gets\",\"isPartOf\":{\"@id\":\"https:\/\/www.lesgets.com\/en\/#website\"},\"primaryImageOfPage\":{\"@id\":\"https:\/\/www.lesgets.com\/en\/what-to-do\/winter-activities\/sports\/#primaryimage\"},\"image\":{\"@id\":\"https:\/\/www.lesgets.com\/en\/what-to-do\/winter-activities\/sports\/#primaryimage\"},\"thumbnailUrl\":\"https:\/\/www.lesgets.com\/wp\/..\/app\/uploads\/2020\/05\/LesGets_2019_ski_amis_Keno_Derleyn_03.jpg\",\"datePublished\":\"2020-06-15T10:30:58+00:00\",\"dateModified\":\"2024-10-22T09:51:57+00:00\",\"description\":\"Downhill or cross-country skiing, ski touring, snowshoeing, cani-rando or paragliding... Find all the sporting activities possible in winter in Les Gets.\",\"breadcrumb\":{\"@id\":\"https:\/\/www.lesgets.com\/en\/what-to-do\/winter-activities\/sports\/#breadcrumb\"},\"inLanguage\":\"en-US\",\"potentialAction\":[{\"@type\":\"ReadAction\",\"target\":[\"https:\/\/www.lesgets.com\/en\/what-to-do\/winter-activities\/sports\/\"]}]},{\"@type\":\"ImageObject\",\"inLanguage\":\"en-US\",\"@id\":\"https:\/\/www.lesgets.com\/en\/what-to-do\/winter-activities\/sports\/#primaryimage\",\"url\":\"https:\/\/www.lesgets.com\/wp\/..\/app\/uploads\/2020\/05\/LesGets_2019_ski_amis_Keno_Derleyn_03.jpg\",\"contentUrl\":\"https:\/\/www.lesgets.com\/wp\/..\/app\/uploads\/2020\/05\/LesGets_2019_ski_amis_Keno_Derleyn_03.jpg\",\"width\":1920,\"height\":1281,\"caption\":\"Skieurs et snowboardeuse en hiver\"},{\"@type\":\"BreadcrumbList\",\"@id\":\"https:\/\/www.lesgets.com\/en\/what-to-do\/winter-activities\/sports\/#breadcrumb\",\"itemListElement\":[{\"@type\":\"ListItem\",\"position\":1,\"name\":\"Home\",\"item\":\"https:\/\/www.lesgets.com\/en\/\"},{\"@type\":\"ListItem\",\"position\":2,\"name\":\"What to do?\",\"item\":\"https:\/\/www.lesgets.com\/en\/what-to-do\/\"},{\"@type\":\"ListItem\",\"position\":3,\"name\":\"Winter activities\",\"item\":\"https:\/\/www.lesgets.com\/en\/what-to-do\/winter-activities\/\"},{\"@type\":\"ListItem\",\"position\":4,\"name\":\"Sports\"}]},{\"@type\":\"WebSite\",\"@id\":\"https:\/\/www.lesgets.com\/en\/#website\",\"url\":\"https:\/\/www.lesgets.com\/en\/\",\"name\":\"Les Gets\",\"description\":\"\",\"publisher\":{\"@id\":\"https:\/\/www.lesgets.com\/en\/#organization\"},\"potentialAction\":[{\"@type\":\"SearchAction\",\"target\":{\"@type\":\"EntryPoint\",\"urlTemplate\":\"https:\/\/www.lesgets.com\/en\/?s={search_term_string}\"},\"query-input\":{\"@type\":\"PropertyValueSpecification\",\"valueRequired\":true,\"valueName\":\"search_term_string\"}}],\"inLanguage\":\"en-US\"},{\"@type\":\"Organization\",\"@id\":\"https:\/\/www.lesgets.com\/en\/#organization\",\"name\":\"Les Gets\",\"url\":\"https:\/\/www.lesgets.com\/en\/\",\"logo\":{\"@type\":\"ImageObject\",\"inLanguage\":\"en-US\",\"@id\":\"https:\/\/www.lesgets.com\/en\/#\/schema\/logo\/image\/\",\"url\":\"https:\/\/www.lesgets.com\/wp\/..\/app\/uploads\/2020\/06\/logo_lesgets.png\",\"contentUrl\":\"https:\/\/www.lesgets.com\/wp\/..\/app\/uploads\/2020\/06\/logo_lesgets.png\",\"width\":136,\"height\":115,\"caption\":\"Les Gets\"},\"image\":{\"@id\":\"https:\/\/www.lesgets.com\/en\/#\/schema\/logo\/image\/\"}}]}<\/script>\n<!-- \/ Yoast SEO plugin. -->","yoast_head_json":{"title":"Sports - All winter activities - Les Gets","description":"Downhill or cross-country skiing, ski touring, snowshoeing, cani-rando or paragliding... Find all the sporting activities possible in winter in Les Gets.","robots":{"index":"index","follow":"follow","max-snippet":"max-snippet:-1","max-image-preview":"max-image-preview:large","max-video-preview":"max-video-preview:-1"},"canonical":"https:\/\/www.lesgets.com\/en\/what-to-do\/winter-activities\/sports\/","og_locale":"en_US","og_type":"article","og_title":"Sports - All winter activities - Les Gets","og_description":"Downhill or cross-country skiing, ski touring, snowshoeing, cani-rando or paragliding... Find all the sporting activities possible in winter in Les Gets.","og_url":"https:\/\/www.lesgets.com\/en\/what-to-do\/winter-activities\/sports\/","og_site_name":"Les Gets","article_modified_time":"2024-10-22T09:51:57+00:00","og_image":[{"width":1920,"height":1281,"url":"https:\/\/www.lesgets.com\/wp\/..\/app\/uploads\/2020\/05\/LesGets_2019_ski_amis_Keno_Derleyn_03.jpg","type":"image\/jpeg"}],"twitter_card":"summary_large_image","twitter_misc":{"Est. reading time":"1 minute"},"schema":{"@context":"https:\/\/schema.org","@graph":[{"@type":"WebPage","@id":"https:\/\/www.lesgets.com\/en\/what-to-do\/winter-activities\/sports\/","url":"https:\/\/www.lesgets.com\/en\/what-to-do\/winter-activities\/sports\/","name":"Sports - All winter activities - Les Gets","isPartOf":{"@id":"https:\/\/www.lesgets.com\/en\/#website"},"primaryImageOfPage":{"@id":"https:\/\/www.lesgets.com\/en\/what-to-do\/winter-activities\/sports\/#primaryimage"},"image":{"@id":"https:\/\/www.lesgets.com\/en\/what-to-do\/winter-activities\/sports\/#primaryimage"},"thumbnailUrl":"https:\/\/www.lesgets.com\/wp\/..\/app\/uploads\/2020\/05\/LesGets_2019_ski_amis_Keno_Derleyn_03.jpg","datePublished":"2020-06-15T10:30:58+00:00","dateModified":"2024-10-22T09:51:57+00:00","description":"Downhill or cross-country skiing, ski touring, snowshoeing, cani-rando or paragliding... Find all the sporting activities possible in winter in Les Gets.","breadcrumb":{"@id":"https:\/\/www.lesgets.com\/en\/what-to-do\/winter-activities\/sports\/#breadcrumb"},"inLanguage":"en-US","potentialAction":[{"@type":"ReadAction","target":["https:\/\/www.lesgets.com\/en\/what-to-do\/winter-activities\/sports\/"]}]},{"@type":"ImageObject","inLanguage":"en-US","@id":"https:\/\/www.lesgets.com\/en\/what-to-do\/winter-activities\/sports\/#primaryimage","url":"https:\/\/www.lesgets.com\/wp\/..\/app\/uploads\/2020\/05\/LesGets_2019_ski_amis_Keno_Derleyn_03.jpg","contentUrl":"https:\/\/www.lesgets.com\/wp\/..\/app\/uploads\/2020\/05\/LesGets_2019_ski_amis_Keno_Derleyn_03.jpg","width":1920,"height":1281,"caption":"Skieurs et snowboardeuse en hiver"},{"@type":"BreadcrumbList","@id":"https:\/\/www.lesgets.com\/en\/what-to-do\/winter-activities\/sports\/#breadcrumb","itemListElement":[{"@type":"ListItem","position":1,"name":"Home","item":"https:\/\/www.lesgets.com\/en\/"},{"@type":"ListItem","position":2,"name":"What to do?","item":"https:\/\/www.lesgets.com\/en\/what-to-do\/"},{"@type":"ListItem","position":3,"name":"Winter activities","item":"https:\/\/www.lesgets.com\/en\/what-to-do\/winter-activities\/"},{"@type":"ListItem","position":4,"name":"Sports"}]},{"@type":"WebSite","@id":"https:\/\/www.lesgets.com\/en\/#website","url":"https:\/\/www.lesgets.com\/en\/","name":"Les Gets","description":"","publisher":{"@id":"https:\/\/www.lesgets.com\/en\/#organization"},"potentialAction":[{"@type":"SearchAction","target":{"@type":"EntryPoint","urlTemplate":"https:\/\/www.lesgets.com\/en\/?s={search_term_string}"},"query-input":{"@type":"PropertyValueSpecification","valueRequired":true,"valueName":"search_term_string"}}],"inLanguage":"en-US"},{"@type":"Organization","@id":"https:\/\/www.lesgets.com\/en\/#organization","name":"Les Gets","url":"https:\/\/www.lesgets.com\/en\/","logo":{"@type":"ImageObject","inLanguage":"en-US","@id":"https:\/\/www.lesgets.com\/en\/#\/schema\/logo\/image\/","url":"https:\/\/www.lesgets.com\/wp\/..\/app\/uploads\/2020\/06\/logo_lesgets.png","contentUrl":"https:\/\/www.lesgets.com\/wp\/..\/app\/uploads\/2020\/06\/logo_lesgets.png","width":136,"height":115,"caption":"Les Gets"},"image":{"@id":"https:\/\/www.lesgets.com\/en\/#\/schema\/logo\/image\/"}}]}},"featured_image_src":"https:\/\/www.lesgets.com\/wp\/..\/app\/uploads\/2020\/05\/LesGets_2019_ski_amis_Keno_Derleyn_03.jpg","featured_image_src_square":"https:\/\/www.lesgets.com\/wp\/..\/app\/uploads\/2020\/05\/LesGets_2019_ski_amis_Keno_Derleyn_03.jpg","_links":{"self":[{"href":"https:\/\/www.lesgets.com\/en\/wp-json\/wp\/v2\/pages\/13943","targetHints":{"allow":["GET"]}}],"collection":[{"href":"https:\/\/www.lesgets.com\/en\/wp-json\/wp\/v2\/pages"}],"about":[{"href":"https:\/\/www.lesgets.com\/en\/wp-json\/wp\/v2\/types\/page"}],"author":[{"embeddable":true,"href":"https:\/\/www.lesgets.com\/en\/wp-json\/wp\/v2\/users\/4"}],"replies":[{"embeddable":true,"href":"https:\/\/www.lesgets.com\/en\/wp-json\/wp\/v2\/comments?post=13943"}],"version-history":[{"count":5,"href":"https:\/\/www.lesgets.com\/en\/wp-json\/wp\/v2\/pages\/13943\/revisions"}],"predecessor-version":[{"id":50889,"href":"https:\/\/www.lesgets.com\/en\/wp-json\/wp\/v2\/pages\/13943\/revisions\/50889"}],"up":[{"embeddable":true,"href":"https:\/\/www.lesgets.com\/en\/wp-json\/wp\/v2\/pages\/12296"}],"wp:featuredmedia":[{"embeddable":true,"href":"https:\/\/www.lesgets.com\/en\/wp-json\/wp\/v2\/media\/6998"}],"wp:attachment":[{"href":"https:\/\/www.lesgets.com\/en\/wp-json\/wp\/v2\/media?parent=13943"}],"curies":[{"name":"wp","href":"https:\/\/api.w.org\/{rel}","templated":true}]}}