{"id":14970,"date":"2020-07-13T11:47:16","date_gmt":"2020-07-13T09:47:16","guid":{"rendered":"https:\/\/www.lesgets.com\/credits\/"},"modified":"2020-10-26T14:06:44","modified_gmt":"2020-10-26T13:06:44","slug":"credits","status":"publish","type":"page","link":"https:\/\/www.lesgets.com\/en\/credits\/","title":{"rendered":"Credits"},"content":{"rendered":"<h2>Technical realisation and graphic design<\/h2>\n<p><a href=\"https:\/\/www.labonneagence.com\" target=\"_blank\" rel=\"noopener noreferrer\">La Bonne Agence<\/a><br \/>8, rue Jean Pr\u00e9vost<br \/>38000 Grenoble<\/p>\n<h2>Digital assistance and advice : AMO<\/h2>\n<p>Jean-J\u00e9r\u00f4me Danton<br \/><a href=\"https:\/\/www.kixit-consulting.com\" target=\"_blank\" rel=\"noopener noreferrer\">KiXiT Consulting<\/a><br \/>347, chemin de sur la ville<br \/>74340 Samo\u00ebns<\/p>\n<h2>Photo credits<\/h2>\n<p>Keno Derleyn Photographie &#8211; Valentin Ducrettet &#8211; Mel Carle &#8211; Giovanna Fleming Photographie &#8211; Manon Guenot &#8211; Mairie des Gets &#8211; Les Gets Tourisme &#8211; Sagets &#8211; Portes du Soleil &#8211; Savoie Mont Blanc &#8211; Philippe Dagau &#8211; Les Sources du Ch\u00e9ry\/David Machet &#8211; Sereni Cimes &#8211; JB Premat &#8211; Ange Jimenez &#8211; Gwenaelle Farault &#8211; Keolan Yoga &#8211; Guillaume G Photographie &#8211; C. Cooper &#8211; PhotosBarns &#8211; Les Gets Bike School &#8211; Laurent Reviron &#8211; Alexandre Ambrosini &#8211; A. Berger &#8211; JM Baud &#8211; A. Gamito &#8211; O. Ducrettet &#8211; Sarah Galvan &#8211; Edouard Blanc Anthonioz &#8211; J. Mondi\u00e8re &#8211; G. Place &#8211; M. Persin &#8211; J. Lambertini &#8211; Pitchmark &#8211; N. Joly &#8211; A. Genin &#8211; F. Courteil &#8211; A7 Aventures &#8211; Mus\u00e9e Musique M\u00e9canique &#8211; A. Berkut &#8211; C. Mutillod &#8211; E. Perdu &#8211; Karmen Mentil &#8211; Yuichiro Haga &#8211; Marco Verch &#8211; Foto Presse Belzerek &#8211; Kustomhead &#8211; T. Nalet &#8211; Ecole 360 &#8211; Mountain e-park &#8211; JL Tamanini &#8211; S. Brummel &#8211; JB Bieuville &#8211; CCHC\/Yvan Tisseyre &#8211; L. Lagorce &#8211; Benjamin Hutter &#8211; PYCanova &#8211; Alpine Residences &#8211; Moment Factory &#8211; Clair Moment &#8211; Chalet Vinson &#8211; Berthet Sports &#8211; Matthieu Vitre &#8211; Checkoutsam &#8211; Bibi Vermaesen &#8211; Catherine Wagner.\u00a0<\/p>\n<p>\u00a0<\/p>\n<h2>Video credits<\/h2>\n<p>Lucas Stanus &#8211; <span class=\"style-scope yt-formatted-string\" dir=\"auto\">Deadliners Productions<\/span> &#8211; Les Gets Tourisme &#8211; Sagets &#8211; S\u00e9bastien Varlet &#8211; Moment Factory<\/p>\n<h2>Text credits<\/h2>\n<p>Les Gets Tourisme &#8211; Sagets &#8211; Murmure studio &#8211; M\u00e9lanie Pontet &#8211; Pitchmark<\/p>\n\n<div class=\"block block-core-spacer\">\n<div style=\"height:100px\" aria-hidden=\"true\" class=\"wp-block-spacer\"><\/div>\n<\/div>","protected":false},"excerpt":{"rendered":"<p>Technical realisation and graphic design La Bonne Agence8, rue Jean Pr\u00e9vost38000 Grenoble Digital assistance and advice : AMO Jean-J\u00e9r\u00f4me DantonKiXiT Consulting347, chemin de sur la ville74340 Samo\u00ebns Photo credits Keno Derleyn Photographie &#8211; Valentin Ducrettet &#8211; Mel Carle &#8211; Giovanna Fleming Photographie &#8211; Manon Guenot &#8211; Mairie des Gets &#8211; Les Gets Tourisme &#8211; Sagets [&hellip;]<\/p>\n","protected":false},"author":1,"featured_media":0,"parent":0,"menu_order":0,"comment_status":"closed","ping_status":"closed","template":"","meta":{"_acf_changed":false,"footnotes":""},"class_list":["post-14970","page","type-page","status-publish","hentry"],"acf":[],"yoast_head":"<!-- This site is optimized with the Yoast SEO plugin v27.2 - https:\/\/yoast.com\/product\/yoast-seo-wordpress\/ -->\n<title>Credits - Les Gets<\/title>\n<meta name=\"robots\" content=\"index, follow, max-snippet:-1, max-image-preview:large, max-video-preview:-1\" \/>\n<link rel=\"canonical\" href=\"https:\/\/www.lesgets.com\/en\/credits\/\" \/>\n<meta property=\"og:locale\" content=\"en_US\" \/>\n<meta property=\"og:type\" content=\"article\" \/>\n<meta property=\"og:title\" content=\"Credits - Les Gets\" \/>\n<meta property=\"og:description\" content=\"Technical realisation and graphic design La Bonne Agence8, rue Jean Pr\u00e9vost38000 Grenoble Digital assistance and advice : AMO Jean-J\u00e9r\u00f4me DantonKiXiT Consulting347, chemin de sur la ville74340 Samo\u00ebns Photo credits Keno Derleyn Photographie &#8211; Valentin Ducrettet &#8211; Mel Carle &#8211; Giovanna Fleming Photographie &#8211; Manon Guenot &#8211; Mairie des Gets &#8211; Les Gets Tourisme &#8211; Sagets [&hellip;]\" \/>\n<meta property=\"og:url\" content=\"https:\/\/www.lesgets.com\/en\/credits\/\" \/>\n<meta property=\"og:site_name\" content=\"Les Gets\" \/>\n<meta property=\"article:modified_time\" content=\"2020-10-26T13:06:44+00:00\" \/>\n<meta name=\"twitter:card\" content=\"summary_large_image\" \/>\n<meta name=\"twitter:label1\" content=\"Est. reading time\" \/>\n\t<meta name=\"twitter:data1\" content=\"1 minute\" \/>\n<script type=\"application\/ld+json\" class=\"yoast-schema-graph\">{\"@context\":\"https:\/\/schema.org\",\"@graph\":[{\"@type\":\"WebPage\",\"@id\":\"https:\/\/www.lesgets.com\/en\/credits\/\",\"url\":\"https:\/\/www.lesgets.com\/en\/credits\/\",\"name\":\"Credits - Les Gets\",\"isPartOf\":{\"@id\":\"https:\/\/www.lesgets.com\/en\/#website\"},\"datePublished\":\"2020-07-13T09:47:16+00:00\",\"dateModified\":\"2020-10-26T13:06:44+00:00\",\"breadcrumb\":{\"@id\":\"https:\/\/www.lesgets.com\/en\/credits\/#breadcrumb\"},\"inLanguage\":\"en-US\",\"potentialAction\":[{\"@type\":\"ReadAction\",\"target\":[\"https:\/\/www.lesgets.com\/en\/credits\/\"]}]},{\"@type\":\"BreadcrumbList\",\"@id\":\"https:\/\/www.lesgets.com\/en\/credits\/#breadcrumb\",\"itemListElement\":[{\"@type\":\"ListItem\",\"position\":1,\"name\":\"Home\",\"item\":\"https:\/\/www.lesgets.com\/en\/\"},{\"@type\":\"ListItem\",\"position\":2,\"name\":\"Credits\"}]},{\"@type\":\"WebSite\",\"@id\":\"https:\/\/www.lesgets.com\/en\/#website\",\"url\":\"https:\/\/www.lesgets.com\/en\/\",\"name\":\"Les Gets\",\"description\":\"\",\"publisher\":{\"@id\":\"https:\/\/www.lesgets.com\/en\/#organization\"},\"potentialAction\":[{\"@type\":\"SearchAction\",\"target\":{\"@type\":\"EntryPoint\",\"urlTemplate\":\"https:\/\/www.lesgets.com\/en\/?s={search_term_string}\"},\"query-input\":{\"@type\":\"PropertyValueSpecification\",\"valueRequired\":true,\"valueName\":\"search_term_string\"}}],\"inLanguage\":\"en-US\"},{\"@type\":\"Organization\",\"@id\":\"https:\/\/www.lesgets.com\/en\/#organization\",\"name\":\"Les Gets\",\"url\":\"https:\/\/www.lesgets.com\/en\/\",\"logo\":{\"@type\":\"ImageObject\",\"inLanguage\":\"en-US\",\"@id\":\"https:\/\/www.lesgets.com\/en\/#\/schema\/logo\/image\/\",\"url\":\"https:\/\/www.lesgets.com\/wp\/..\/app\/uploads\/2020\/06\/logo_lesgets.png\",\"contentUrl\":\"https:\/\/www.lesgets.com\/wp\/..\/app\/uploads\/2020\/06\/logo_lesgets.png\",\"width\":136,\"height\":115,\"caption\":\"Les Gets\"},\"image\":{\"@id\":\"https:\/\/www.lesgets.com\/en\/#\/schema\/logo\/image\/\"}}]}<\/script>\n<!-- \/ Yoast SEO plugin. -->","yoast_head_json":{"title":"Credits - Les Gets","robots":{"index":"index","follow":"follow","max-snippet":"max-snippet:-1","max-image-preview":"max-image-preview:large","max-video-preview":"max-video-preview:-1"},"canonical":"https:\/\/www.lesgets.com\/en\/credits\/","og_locale":"en_US","og_type":"article","og_title":"Credits - Les Gets","og_description":"Technical realisation and graphic design La Bonne Agence8, rue Jean Pr\u00e9vost38000 Grenoble Digital assistance and advice : AMO Jean-J\u00e9r\u00f4me DantonKiXiT Consulting347, chemin de sur la ville74340 Samo\u00ebns Photo credits Keno Derleyn Photographie &#8211; Valentin Ducrettet &#8211; Mel Carle &#8211; Giovanna Fleming Photographie &#8211; Manon Guenot &#8211; Mairie des Gets &#8211; Les Gets Tourisme &#8211; Sagets [&hellip;]","og_url":"https:\/\/www.lesgets.com\/en\/credits\/","og_site_name":"Les Gets","article_modified_time":"2020-10-26T13:06:44+00:00","twitter_card":"summary_large_image","twitter_misc":{"Est. reading time":"1 minute"},"schema":{"@context":"https:\/\/schema.org","@graph":[{"@type":"WebPage","@id":"https:\/\/www.lesgets.com\/en\/credits\/","url":"https:\/\/www.lesgets.com\/en\/credits\/","name":"Credits - Les Gets","isPartOf":{"@id":"https:\/\/www.lesgets.com\/en\/#website"},"datePublished":"2020-07-13T09:47:16+00:00","dateModified":"2020-10-26T13:06:44+00:00","breadcrumb":{"@id":"https:\/\/www.lesgets.com\/en\/credits\/#breadcrumb"},"inLanguage":"en-US","potentialAction":[{"@type":"ReadAction","target":["https:\/\/www.lesgets.com\/en\/credits\/"]}]},{"@type":"BreadcrumbList","@id":"https:\/\/www.lesgets.com\/en\/credits\/#breadcrumb","itemListElement":[{"@type":"ListItem","position":1,"name":"Home","item":"https:\/\/www.lesgets.com\/en\/"},{"@type":"ListItem","position":2,"name":"Credits"}]},{"@type":"WebSite","@id":"https:\/\/www.lesgets.com\/en\/#website","url":"https:\/\/www.lesgets.com\/en\/","name":"Les Gets","description":"","publisher":{"@id":"https:\/\/www.lesgets.com\/en\/#organization"},"potentialAction":[{"@type":"SearchAction","target":{"@type":"EntryPoint","urlTemplate":"https:\/\/www.lesgets.com\/en\/?s={search_term_string}"},"query-input":{"@type":"PropertyValueSpecification","valueRequired":true,"valueName":"search_term_string"}}],"inLanguage":"en-US"},{"@type":"Organization","@id":"https:\/\/www.lesgets.com\/en\/#organization","name":"Les Gets","url":"https:\/\/www.lesgets.com\/en\/","logo":{"@type":"ImageObject","inLanguage":"en-US","@id":"https:\/\/www.lesgets.com\/en\/#\/schema\/logo\/image\/","url":"https:\/\/www.lesgets.com\/wp\/..\/app\/uploads\/2020\/06\/logo_lesgets.png","contentUrl":"https:\/\/www.lesgets.com\/wp\/..\/app\/uploads\/2020\/06\/logo_lesgets.png","width":136,"height":115,"caption":"Les Gets"},"image":{"@id":"https:\/\/www.lesgets.com\/en\/#\/schema\/logo\/image\/"}}]}},"featured_image_src":null,"featured_image_src_square":null,"_links":{"self":[{"href":"https:\/\/www.lesgets.com\/en\/wp-json\/wp\/v2\/pages\/14970","targetHints":{"allow":["GET"]}}],"collection":[{"href":"https:\/\/www.lesgets.com\/en\/wp-json\/wp\/v2\/pages"}],"about":[{"href":"https:\/\/www.lesgets.com\/en\/wp-json\/wp\/v2\/types\/page"}],"author":[{"embeddable":true,"href":"https:\/\/www.lesgets.com\/en\/wp-json\/wp\/v2\/users\/1"}],"replies":[{"embeddable":true,"href":"https:\/\/www.lesgets.com\/en\/wp-json\/wp\/v2\/comments?post=14970"}],"version-history":[{"count":5,"href":"https:\/\/www.lesgets.com\/en\/wp-json\/wp\/v2\/pages\/14970\/revisions"}],"predecessor-version":[{"id":22052,"href":"https:\/\/www.lesgets.com\/en\/wp-json\/wp\/v2\/pages\/14970\/revisions\/22052"}],"wp:attachment":[{"href":"https:\/\/www.lesgets.com\/en\/wp-json\/wp\/v2\/media?parent=14970"}],"curies":[{"name":"wp","href":"https:\/\/api.w.org\/{rel}","templated":true}]}}