{"id":15201,"date":"2020-07-20T10:53:37","date_gmt":"2020-07-20T08:53:37","guid":{"rendered":"https:\/\/www.lesgets.com\/customer-focus\/"},"modified":"2020-07-20T10:53:38","modified_gmt":"2020-07-20T08:53:38","slug":"customer-focus","status":"publish","type":"page","link":"https:\/\/www.lesgets.com\/en\/customer-focus\/","title":{"rendered":"Customer focus"},"content":{"rendered":"<div class=\"block block-core-heading\">\n<h2 class=\"wp-block-heading\">You wish to make a complaint, a suggestion or to share your satisfaction?<\/h2>\n<\/div><div class=\"block block-core-spacer\">\n<div style=\"height:50px\" aria-hidden=\"true\" class=\"wp-block-spacer\"><\/div>\n<\/div>\n<div class=\"wpcf7 no-js\" id=\"wpcf7-f15155-o1\" lang=\"en-US\" dir=\"ltr\" data-wpcf7-id=\"15155\">\n<div class=\"screen-reader-response\"><p role=\"status\" aria-live=\"polite\" aria-atomic=\"true\"><\/p> <ul><\/ul><\/div>\n<form action=\"\/en\/wp-json\/wp\/v2\/pages\/15201#wpcf7-f15155-o1\" method=\"post\" class=\"wpcf7-form init 8494ac647382 cmatic-conn cmatic-aud-23 cmatic-mapd0-0 cmatic-v0978 cmatic-sent-0 cmatic-total-1247\" aria-label=\"Contact form\" novalidate=\"novalidate\" data-status=\"init\">\n<fieldset class=\"hidden-fields-container\"><input type=\"hidden\" name=\"_wpcf7\" value=\"15155\" \/><input type=\"hidden\" name=\"_wpcf7_version\" value=\"6.1.5\" \/><input type=\"hidden\" name=\"_wpcf7_locale\" value=\"en_US\" \/><input type=\"hidden\" name=\"_wpcf7_unit_tag\" value=\"wpcf7-f15155-o1\" \/><input type=\"hidden\" name=\"_wpcf7_container_post\" value=\"0\" \/><input type=\"hidden\" name=\"_wpcf7_posted_data_hash\" value=\"\" \/><input type=\"hidden\" name=\"_wpcf7_recaptcha_response\" value=\"\" \/>\n<\/fieldset>\n<p><label> Your name (required)<br \/>\n<span class=\"wpcf7-form-control-wrap\" data-name=\"your-name\"><input size=\"40\" maxlength=\"400\" class=\"wpcf7-form-control wpcf7-text wpcf7-validates-as-required\" aria-required=\"true\" aria-invalid=\"false\" value=\"\" type=\"text\" name=\"your-name\" \/><\/span> <\/label>\n<\/p>\n<p><label> Your email address (required)<br \/>\n<span class=\"wpcf7-form-control-wrap\" data-name=\"your-email\"><input size=\"40\" maxlength=\"400\" class=\"wpcf7-form-control wpcf7-email wpcf7-validates-as-required wpcf7-text wpcf7-validates-as-email\" aria-required=\"true\" aria-invalid=\"false\" value=\"\" type=\"email\" name=\"your-email\" \/><\/span> <\/label>\n<\/p>\n<p><label> Subject (required)<br \/>\n<span class=\"wpcf7-form-control-wrap\" data-name=\"your-subject\"><select class=\"wpcf7-form-control wpcf7-select wpcf7-validates-as-required\" aria-required=\"true\" aria-invalid=\"false\" name=\"your-subject\"><option value=\"Forfaits\">Forfaits<\/option><option value=\"Domaine skiable\">Domaine skiable<\/option><option value=\"Bikepark\">Bikepark<\/option><option value=\"h\u00e9bergements\">h\u00e9bergements<\/option><option value=\"Ev\u00e9nements\">Ev\u00e9nements<\/option><option value=\"Station\">Station<\/option><option value=\"Services publics\">Services publics<\/option><option value=\"Transports\">Transports<\/option><\/select><\/span> <\/label>\n<\/p>\n<p><label> Your message<br \/>\n<span class=\"wpcf7-form-control-wrap\" data-name=\"your-message\"><textarea cols=\"40\" rows=\"10\" maxlength=\"2000\" class=\"wpcf7-form-control wpcf7-textarea\" aria-invalid=\"false\" name=\"your-message\"><\/textarea><\/span> <\/label>\n<\/p>\n<p>By submitting this form, I agree that the information entered will be used for a period of 36 months in the context of the business relationship that may result.\n<\/p>\n<p>To know and exercise your rights, in particular to withdraw your consent to the use of the data collected by this form, please <a href=\"\/politique-de-confidentialite\/\" target=\"_blank\"\">consult our privacy policy<\/a>.\n<\/p>\n<p><input class=\"wpcf7-form-control wpcf7-submit has-spinner\" type=\"submit\" value=\"Envoyer\" \/>\n<\/p><div class=\"wpcf7-response-output\" aria-hidden=\"true\"><\/div>\n<\/form>\n<\/div>\n\n<div class=\"block block-core-spacer\">\n<div style=\"height:100px\" aria-hidden=\"true\" class=\"wp-block-spacer\"><\/div>\n<\/div>","protected":false},"excerpt":{"rendered":"<p>You wish to make a complaint, a suggestion or to share your satisfaction? Send us your comments and opinions via the online form. <\/p>\n","protected":false},"author":4,"featured_media":10134,"parent":0,"menu_order":0,"comment_status":"closed","ping_status":"closed","template":"","meta":{"_acf_changed":false,"footnotes":""},"class_list":["post-15201","page","type-page","status-publish","has-post-thumbnail","hentry"],"acf":[],"yoast_head":"<!-- This site is optimized with the Yoast SEO plugin v27.3 - https:\/\/yoast.com\/product\/yoast-seo-wordpress\/ -->\n<title>Customer focus - Satisfaction Form - Les Gets<\/title>\n<meta name=\"description\" content=\"You wish to make a complaint, a suggestion or to share your satisfaction? Send us your comments and opinions via the online form.\" \/>\n<meta name=\"robots\" content=\"index, follow, max-snippet:-1, max-image-preview:large, max-video-preview:-1\" \/>\n<link rel=\"canonical\" href=\"https:\/\/www.lesgets.com\/en\/customer-focus\/\" \/>\n<meta property=\"og:locale\" content=\"en_US\" \/>\n<meta property=\"og:type\" content=\"article\" \/>\n<meta property=\"og:title\" content=\"Customer focus - Satisfaction Form - Les Gets\" \/>\n<meta property=\"og:description\" content=\"You wish to make a complaint, a suggestion or to share your satisfaction? Send us your comments and opinions via the online form.\" \/>\n<meta property=\"og:url\" content=\"https:\/\/www.lesgets.com\/en\/customer-focus\/\" \/>\n<meta property=\"og:site_name\" content=\"Les Gets\" \/>\n<meta property=\"article:modified_time\" content=\"2020-07-20T08:53:38+00:00\" \/>\n<meta property=\"og:image\" content=\"https:\/\/www.lesgets.com\/..\/app\/uploads\/2020\/05\/Accueil_OT_LesGets-\u00a9V.Ducrettet-2.jpg\" \/>\n\t<meta property=\"og:image:width\" content=\"1920\" \/>\n\t<meta property=\"og:image:height\" content=\"1272\" \/>\n\t<meta property=\"og:image:type\" content=\"image\/jpeg\" \/>\n<meta name=\"twitter:card\" content=\"summary_large_image\" \/>\n<script type=\"application\/ld+json\" class=\"yoast-schema-graph\">{\"@context\":\"https:\\\/\\\/schema.org\",\"@graph\":[{\"@type\":\"WebPage\",\"@id\":\"https:\\\/\\\/www.lesgets.com\\\/en\\\/customer-focus\\\/\",\"url\":\"https:\\\/\\\/www.lesgets.com\\\/en\\\/customer-focus\\\/\",\"name\":\"Customer focus - Satisfaction Form - Les Gets\",\"isPartOf\":{\"@id\":\"https:\\\/\\\/www.lesgets.com\\\/en\\\/#website\"},\"primaryImageOfPage\":{\"@id\":\"https:\\\/\\\/www.lesgets.com\\\/en\\\/customer-focus\\\/#primaryimage\"},\"image\":{\"@id\":\"https:\\\/\\\/www.lesgets.com\\\/en\\\/customer-focus\\\/#primaryimage\"},\"thumbnailUrl\":\"https:\\\/\\\/www.lesgets.com\\\/wp\\\/..\\\/app\\\/uploads\\\/2020\\\/05\\\/Accueil_OT_LesGets-\u00a9V.Ducrettet-2.jpg\",\"datePublished\":\"2020-07-20T08:53:37+00:00\",\"dateModified\":\"2020-07-20T08:53:38+00:00\",\"description\":\"You wish to make a complaint, a suggestion or to share your satisfaction? Send us your comments and opinions via the online form.\",\"breadcrumb\":{\"@id\":\"https:\\\/\\\/www.lesgets.com\\\/en\\\/customer-focus\\\/#breadcrumb\"},\"inLanguage\":\"en-US\",\"potentialAction\":[{\"@type\":\"ReadAction\",\"target\":[\"https:\\\/\\\/www.lesgets.com\\\/en\\\/customer-focus\\\/\"]}]},{\"@type\":\"ImageObject\",\"inLanguage\":\"en-US\",\"@id\":\"https:\\\/\\\/www.lesgets.com\\\/en\\\/customer-focus\\\/#primaryimage\",\"url\":\"https:\\\/\\\/www.lesgets.com\\\/wp\\\/..\\\/app\\\/uploads\\\/2020\\\/05\\\/Accueil_OT_LesGets-\u00a9V.Ducrettet-2.jpg\",\"contentUrl\":\"https:\\\/\\\/www.lesgets.com\\\/wp\\\/..\\\/app\\\/uploads\\\/2020\\\/05\\\/Accueil_OT_LesGets-\u00a9V.Ducrettet-2.jpg\",\"width\":1920,\"height\":1272,\"caption\":\"Conseill\u00e8re en s\u00e9jour au t\u00e9l\u00e9phone Office de Tourisme\"},{\"@type\":\"BreadcrumbList\",\"@id\":\"https:\\\/\\\/www.lesgets.com\\\/en\\\/customer-focus\\\/#breadcrumb\",\"itemListElement\":[{\"@type\":\"ListItem\",\"position\":1,\"name\":\"Home\",\"item\":\"https:\\\/\\\/www.lesgets.com\\\/en\\\/\"},{\"@type\":\"ListItem\",\"position\":2,\"name\":\"Customer focus\"}]},{\"@type\":\"WebSite\",\"@id\":\"https:\\\/\\\/www.lesgets.com\\\/en\\\/#website\",\"url\":\"https:\\\/\\\/www.lesgets.com\\\/en\\\/\",\"name\":\"Les Gets\",\"description\":\"\",\"publisher\":{\"@id\":\"https:\\\/\\\/www.lesgets.com\\\/en\\\/#organization\"},\"potentialAction\":[{\"@type\":\"SearchAction\",\"target\":{\"@type\":\"EntryPoint\",\"urlTemplate\":\"https:\\\/\\\/www.lesgets.com\\\/en\\\/?s={search_term_string}\"},\"query-input\":{\"@type\":\"PropertyValueSpecification\",\"valueRequired\":true,\"valueName\":\"search_term_string\"}}],\"inLanguage\":\"en-US\"},{\"@type\":\"Organization\",\"@id\":\"https:\\\/\\\/www.lesgets.com\\\/en\\\/#organization\",\"name\":\"Les Gets\",\"url\":\"https:\\\/\\\/www.lesgets.com\\\/en\\\/\",\"logo\":{\"@type\":\"ImageObject\",\"inLanguage\":\"en-US\",\"@id\":\"https:\\\/\\\/www.lesgets.com\\\/en\\\/#\\\/schema\\\/logo\\\/image\\\/\",\"url\":\"https:\\\/\\\/www.lesgets.com\\\/wp\\\/..\\\/app\\\/uploads\\\/2020\\\/06\\\/logo_lesgets.png\",\"contentUrl\":\"https:\\\/\\\/www.lesgets.com\\\/wp\\\/..\\\/app\\\/uploads\\\/2020\\\/06\\\/logo_lesgets.png\",\"width\":136,\"height\":115,\"caption\":\"Les Gets\"},\"image\":{\"@id\":\"https:\\\/\\\/www.lesgets.com\\\/en\\\/#\\\/schema\\\/logo\\\/image\\\/\"}}]}<\/script>\n<!-- \/ Yoast SEO plugin. -->","yoast_head_json":{"title":"Customer focus - Satisfaction Form - Les Gets","description":"You wish to make a complaint, a suggestion or to share your satisfaction? Send us your comments and opinions via the online form.","robots":{"index":"index","follow":"follow","max-snippet":"max-snippet:-1","max-image-preview":"max-image-preview:large","max-video-preview":"max-video-preview:-1"},"canonical":"https:\/\/www.lesgets.com\/en\/customer-focus\/","og_locale":"en_US","og_type":"article","og_title":"Customer focus - Satisfaction Form - Les Gets","og_description":"You wish to make a complaint, a suggestion or to share your satisfaction? Send us your comments and opinions via the online form.","og_url":"https:\/\/www.lesgets.com\/en\/customer-focus\/","og_site_name":"Les Gets","article_modified_time":"2020-07-20T08:53:38+00:00","og_image":[{"width":1920,"height":1272,"url":"https:\/\/www.lesgets.com\/..\/app\/uploads\/2020\/05\/Accueil_OT_LesGets-\u00a9V.Ducrettet-2.jpg","type":"image\/jpeg"}],"twitter_card":"summary_large_image","schema":{"@context":"https:\/\/schema.org","@graph":[{"@type":"WebPage","@id":"https:\/\/www.lesgets.com\/en\/customer-focus\/","url":"https:\/\/www.lesgets.com\/en\/customer-focus\/","name":"Customer focus - Satisfaction Form - Les Gets","isPartOf":{"@id":"https:\/\/www.lesgets.com\/en\/#website"},"primaryImageOfPage":{"@id":"https:\/\/www.lesgets.com\/en\/customer-focus\/#primaryimage"},"image":{"@id":"https:\/\/www.lesgets.com\/en\/customer-focus\/#primaryimage"},"thumbnailUrl":"https:\/\/www.lesgets.com\/wp\/..\/app\/uploads\/2020\/05\/Accueil_OT_LesGets-\u00a9V.Ducrettet-2.jpg","datePublished":"2020-07-20T08:53:37+00:00","dateModified":"2020-07-20T08:53:38+00:00","description":"You wish to make a complaint, a suggestion or to share your satisfaction? Send us your comments and opinions via the online form.","breadcrumb":{"@id":"https:\/\/www.lesgets.com\/en\/customer-focus\/#breadcrumb"},"inLanguage":"en-US","potentialAction":[{"@type":"ReadAction","target":["https:\/\/www.lesgets.com\/en\/customer-focus\/"]}]},{"@type":"ImageObject","inLanguage":"en-US","@id":"https:\/\/www.lesgets.com\/en\/customer-focus\/#primaryimage","url":"https:\/\/www.lesgets.com\/wp\/..\/app\/uploads\/2020\/05\/Accueil_OT_LesGets-\u00a9V.Ducrettet-2.jpg","contentUrl":"https:\/\/www.lesgets.com\/wp\/..\/app\/uploads\/2020\/05\/Accueil_OT_LesGets-\u00a9V.Ducrettet-2.jpg","width":1920,"height":1272,"caption":"Conseill\u00e8re en s\u00e9jour au t\u00e9l\u00e9phone Office de Tourisme"},{"@type":"BreadcrumbList","@id":"https:\/\/www.lesgets.com\/en\/customer-focus\/#breadcrumb","itemListElement":[{"@type":"ListItem","position":1,"name":"Home","item":"https:\/\/www.lesgets.com\/en\/"},{"@type":"ListItem","position":2,"name":"Customer focus"}]},{"@type":"WebSite","@id":"https:\/\/www.lesgets.com\/en\/#website","url":"https:\/\/www.lesgets.com\/en\/","name":"Les Gets","description":"","publisher":{"@id":"https:\/\/www.lesgets.com\/en\/#organization"},"potentialAction":[{"@type":"SearchAction","target":{"@type":"EntryPoint","urlTemplate":"https:\/\/www.lesgets.com\/en\/?s={search_term_string}"},"query-input":{"@type":"PropertyValueSpecification","valueRequired":true,"valueName":"search_term_string"}}],"inLanguage":"en-US"},{"@type":"Organization","@id":"https:\/\/www.lesgets.com\/en\/#organization","name":"Les Gets","url":"https:\/\/www.lesgets.com\/en\/","logo":{"@type":"ImageObject","inLanguage":"en-US","@id":"https:\/\/www.lesgets.com\/en\/#\/schema\/logo\/image\/","url":"https:\/\/www.lesgets.com\/wp\/..\/app\/uploads\/2020\/06\/logo_lesgets.png","contentUrl":"https:\/\/www.lesgets.com\/wp\/..\/app\/uploads\/2020\/06\/logo_lesgets.png","width":136,"height":115,"caption":"Les Gets"},"image":{"@id":"https:\/\/www.lesgets.com\/en\/#\/schema\/logo\/image\/"}}]}},"featured_image_src":"https:\/\/www.lesgets.com\/wp\/..\/app\/uploads\/2020\/05\/Accueil_OT_LesGets-\u00a9V.Ducrettet-2.jpg","featured_image_src_square":"https:\/\/www.lesgets.com\/wp\/..\/app\/uploads\/2020\/05\/Accueil_OT_LesGets-\u00a9V.Ducrettet-2.jpg","_links":{"self":[{"href":"https:\/\/www.lesgets.com\/en\/wp-json\/wp\/v2\/pages\/15201","targetHints":{"allow":["GET"]}}],"collection":[{"href":"https:\/\/www.lesgets.com\/en\/wp-json\/wp\/v2\/pages"}],"about":[{"href":"https:\/\/www.lesgets.com\/en\/wp-json\/wp\/v2\/types\/page"}],"author":[{"embeddable":true,"href":"https:\/\/www.lesgets.com\/en\/wp-json\/wp\/v2\/users\/4"}],"replies":[{"embeddable":true,"href":"https:\/\/www.lesgets.com\/en\/wp-json\/wp\/v2\/comments?post=15201"}],"version-history":[{"count":3,"href":"https:\/\/www.lesgets.com\/en\/wp-json\/wp\/v2\/pages\/15201\/revisions"}],"predecessor-version":[{"id":19378,"href":"https:\/\/www.lesgets.com\/en\/wp-json\/wp\/v2\/pages\/15201\/revisions\/19378"}],"wp:featuredmedia":[{"embeddable":true,"href":"https:\/\/www.lesgets.com\/en\/wp-json\/wp\/v2\/media\/10134"}],"wp:attachment":[{"href":"https:\/\/www.lesgets.com\/en\/wp-json\/wp\/v2\/media?parent=15201"}],"curies":[{"name":"wp","href":"https:\/\/api.w.org\/{rel}","templated":true}]}}