{"id":16064,"date":"2020-07-31T10:47:52","date_gmt":"2020-07-31T08:47:52","guid":{"rendered":"https:\/\/www.lesgets.com\/what-to-do\/high-altitude-wellness\/workshop-and-journey-around-wellness\/"},"modified":"2021-10-25T11:30:52","modified_gmt":"2021-10-25T09:30:52","slug":"wellness-stays-and-workshop","status":"publish","type":"page","link":"https:\/\/www.lesgets.com\/en\/what-to-do\/high-altitude-wellness\/wellness-stays-and-workshop\/","title":{"rendered":"Wellness stays and workshops"},"content":{"rendered":"<div class=\"block block-core-spacer\">\n<div style=\"height:30px\" aria-hidden=\"true\" class=\"wp-block-spacer\"><\/div>\n<\/div>\n\n<div class=\"\">\n<h2><strong>Change in the Air<\/strong><\/h2>\n<div>&nbsp;<\/div>\n<\/div>\n<div class=\"\">\n<div class=\"\"><span class=\"\"><span class=\"\">In the calm of the wide garden, in the softness of the spa and through the originality and joie de vivre of its guests, <strong>the eco-responsible lodging Du Changement dans l&#8217;Air (Change in The Air) <\/strong>gives you the keys to improve your daily life, with only one idea in mind: autonomy!<br><\/span><\/span><\/div>\n<div>&nbsp;<\/div>\n<\/div>\n<div class=\"\">\n<div class=\"\">Agathe and Barbara encourage zero waste and promote new consumption habits.<\/div>\n<\/div>\n<div class=\"\">\n<div class=\"\">&nbsp;<\/div>\n<\/div>\n<div class=\"\">\n<h3>Change in your plate<\/h3>\n<div>&nbsp;<\/div>\n<\/div>\n<div class=\"\">\n<div class=\"\">Discover healthy and tasty veggie and vegan dishes that can be reproduced by everyone in a short time <span class=\"\">: id<\/span><span class=\"\">eas, methods, various tools are used to give you the opprtunity to g<\/span><span class=\"\">o back home with a cookbook full of easy recipes. <br><\/span><\/div>\n<\/div>\n<div class=\"\">\n<div class=\"\">&nbsp;<\/div>\n<\/div>\n<div class=\"\">\n<h3>Change in your life<\/h3>\n<div>&nbsp;<\/div>\n<\/div>\n<div class=\"\">\n<div class=\"\"><span class=\"\"><span class=\"\">During residential workshops with various themes, <strong>Agathe Le Roux<\/strong> (former restorer converted into naturopathy) and <strong>Barbara Porret<\/strong> (yoga and massage teacher) surround themselves with professionals who have at heart to share their know-how in a caring and cheerful environment. <br><\/span><\/span><\/div>\n<div>&nbsp;<\/div>\n<div class=\"\">Worshops :&nbsp;<i class=\"\"><i class=\"\">yoga and naturopathic, slow food, slow cosm\u00e9tics, phototherapy&#8230;<\/i><\/i><\/div>\n<div>&nbsp;<\/div>\n<\/div>\n<div class=\"\">\n<div class=\"\">Wellness weeks : <i class=\"\">Tasty detox &amp; nature, mountain sports &amp; meditation, phototherapy &amp; hiking, acroyoga &amp; nutrition&#8230;<\/i><\/div>\n<\/div>\n\n<div class=\"block block-core-spacer\">\n<div style=\"height:50px\" aria-hidden=\"true\" class=\"wp-block-spacer\"><\/div>\n<\/div>\n\n\n<figure class=\"wp-block-gallery columns-2 is-cropped wp-block-gallery-1 is-layout-flex wp-block-gallery-is-layout-flex\"><ul class=\"blocks-gallery-grid\"><li class=\"blocks-gallery-item\"><figure><img loading=\"lazy\" decoding=\"async\" width=\"2048\" height=\"1386\" src=\"https:\/\/www.lesgets.com\/app\/uploads\/2020\/06\/Agathe_Sarah-Galvan-Photographe-3.jpg\" alt=\"\" data-id=\"14721\" data-full-url=\"https:\/\/www.lesgets.com\/app\/uploads\/2020\/06\/Agathe_Sarah-Galvan-Photographe-3.jpg\" data-link=\"https:\/\/www.lesgets.com\/agathe_sarah-galvan-photographe-3\/\" class=\"wp-image-14723\" srcset=\"https:\/\/www.lesgets.com\/wp\/..\/app\/uploads\/2020\/06\/Agathe_Sarah-Galvan-Photographe-3.jpg 2048w, https:\/\/www.lesgets.com\/wp\/..\/app\/uploads\/2020\/06\/Agathe_Sarah-Galvan-Photographe-3-768x520.jpg 768w, https:\/\/www.lesgets.com\/wp\/..\/app\/uploads\/2020\/06\/Agathe_Sarah-Galvan-Photographe-3-1536x1040.jpg 1536w, https:\/\/www.lesgets.com\/wp\/..\/app\/uploads\/2020\/06\/Agathe_Sarah-Galvan-Photographe-3-960x650.jpg 960w\" sizes=\"auto, (max-width: 2048px) 100vw, 2048px\" \/><\/figure><\/li><li class=\"blocks-gallery-item\"><figure><img loading=\"lazy\" decoding=\"async\" width=\"1920\" height=\"1280\" src=\"https:\/\/www.lesgets.com\/app\/uploads\/2020\/05\/Yoga_ETE_Lac_4_Keolan_Yoga.jpeg\" alt=\"Woman doing yoga by the lake\" data-id=\"10451\" data-full-url=\"https:\/\/www.lesgets.com\/app\/uploads\/2020\/05\/Yoga_ETE_Lac_4_Keolan_Yoga.jpeg\" data-link=\"https:\/\/www.lesgets.com\/yoga_ete_lac_4_keolan_yoga-2\/\" class=\"wp-image-10451\" srcset=\"https:\/\/www.lesgets.com\/wp\/..\/app\/uploads\/2020\/05\/Yoga_ETE_Lac_4_Keolan_Yoga.jpeg 1920w, https:\/\/www.lesgets.com\/wp\/..\/app\/uploads\/2020\/05\/Yoga_ETE_Lac_4_Keolan_Yoga-768x512.jpeg 768w, https:\/\/www.lesgets.com\/wp\/..\/app\/uploads\/2020\/05\/Yoga_ETE_Lac_4_Keolan_Yoga-1536x1024.jpeg 1536w, https:\/\/www.lesgets.com\/wp\/..\/app\/uploads\/2020\/05\/Yoga_ETE_Lac_4_Keolan_Yoga-960x640.jpeg 960w\" sizes=\"auto, (max-width: 1920px) 100vw, 1920px\" \/><\/figure><\/li><\/ul><\/figure>\n\n\n<div class=\"block block-core-spacer\">\n<div style=\"height:30px\" aria-hidden=\"true\" class=\"wp-block-spacer\"><\/div>\n<\/div>\n\n<div class=\"block block-core-heading\">\n<h2 class=\"wp-block-heading\">Contact<\/h2>\n<\/div>\n\n<p class=\"font_8\"><strong>G\u00eete Du Changement dans l&#8217;Air<\/strong><br>915 route de la Turche, 74260 Les Gets<\/p>\n<p>Tel. <a href=\"tel:04%2050%2037%2099%2052\" data-content=\"04 50 37 99 52\" data-type=\"phone\">+33 4 50 37 99 52<\/a> &#8211; <a href=\"tel:06%2085%2013%2039%2098\" data-content=\"06 85 13 39 98\" data-type=\"phone\">+33 6 85 13 39 98<\/a><br>Mail <a href=\"mailto:bonjour@duchangementdanslair.com\" target=\"_blank\" rel=\"noopener noreferrer\">bonjour@duchangementdanslair.com<\/a> <br><a href=\"http:\/\/www.duchangementdanslair.com\" target=\"_blank\" rel=\"noopener noreferrer\">www.duchangementdanslair.com<\/a><\/p>\n\n<div class=\"block block-core-spacer\">\n<div style=\"height:100px\" aria-hidden=\"true\" class=\"wp-block-spacer\"><\/div>\n<\/div>","protected":false},"excerpt":{"rendered":"<p>Du Changement dans l&#8217;Air : an eco-responsible lodging offering wellness stays and workshops around zero waste, naturopathy, yoga and natural care.<\/p>\n","protected":false},"author":4,"featured_media":14737,"parent":12316,"menu_order":0,"comment_status":"closed","ping_status":"closed","template":"","meta":{"_acf_changed":false,"footnotes":""},"class_list":["post-16064","page","type-page","status-publish","has-post-thumbnail","hentry"],"acf":[],"yoast_head":"<!-- This site is optimized with the Yoast SEO plugin v27.3 - https:\/\/yoast.com\/product\/yoast-seo-wordpress\/ -->\n<title>Wellness stays and workshops - G\u00eete Du Changement dans l&#039;Air - Les Gets<\/title>\n<meta name=\"description\" content=\"Du Changement dans l&#039;Air : an eco-responsible lodging offering wellness stays and workshops around zero waste, naturopathy, yoga and natural care.\" \/>\n<meta name=\"robots\" content=\"index, follow, max-snippet:-1, max-image-preview:large, max-video-preview:-1\" \/>\n<link rel=\"canonical\" href=\"https:\/\/www.lesgets.com\/en\/what-to-do\/high-altitude-wellness\/wellness-stays-and-workshop\/\" \/>\n<meta property=\"og:locale\" content=\"en_US\" \/>\n<meta property=\"og:type\" content=\"article\" \/>\n<meta property=\"og:title\" content=\"Wellness stays and workshops - G\u00eete Du Changement dans l&#039;Air - Les Gets\" \/>\n<meta property=\"og:description\" content=\"Du Changement dans l&#039;Air : an eco-responsible lodging offering wellness stays and workshops around zero waste, naturopathy, yoga and natural care.\" \/>\n<meta property=\"og:url\" content=\"https:\/\/www.lesgets.com\/en\/what-to-do\/high-altitude-wellness\/wellness-stays-and-workshop\/\" \/>\n<meta property=\"og:site_name\" content=\"Les Gets\" \/>\n<meta property=\"article:modified_time\" content=\"2021-10-25T09:30:52+00:00\" \/>\n<meta property=\"og:image\" content=\"https:\/\/www.lesgets.com\/..\/app\/uploads\/2020\/06\/Agathe_Sarah-Galvan-Photographe-50.jpg\" \/>\n\t<meta property=\"og:image:width\" content=\"2048\" \/>\n\t<meta property=\"og:image:height\" content=\"1365\" \/>\n\t<meta property=\"og:image:type\" content=\"image\/jpeg\" \/>\n<meta name=\"twitter:card\" content=\"summary_large_image\" \/>\n<meta name=\"twitter:label1\" content=\"Est. reading time\" \/>\n\t<meta name=\"twitter:data1\" content=\"1 minute\" \/>\n<script type=\"application\/ld+json\" class=\"yoast-schema-graph\">{\"@context\":\"https:\\\/\\\/schema.org\",\"@graph\":[{\"@type\":\"WebPage\",\"@id\":\"https:\\\/\\\/www.lesgets.com\\\/en\\\/what-to-do\\\/high-altitude-wellness\\\/wellness-stays-and-workshop\\\/\",\"url\":\"https:\\\/\\\/www.lesgets.com\\\/en\\\/what-to-do\\\/high-altitude-wellness\\\/wellness-stays-and-workshop\\\/\",\"name\":\"Wellness stays and workshops - G\u00eete Du Changement dans l'Air - Les Gets\",\"isPartOf\":{\"@id\":\"https:\\\/\\\/www.lesgets.com\\\/en\\\/#website\"},\"primaryImageOfPage\":{\"@id\":\"https:\\\/\\\/www.lesgets.com\\\/en\\\/what-to-do\\\/high-altitude-wellness\\\/wellness-stays-and-workshop\\\/#primaryimage\"},\"image\":{\"@id\":\"https:\\\/\\\/www.lesgets.com\\\/en\\\/what-to-do\\\/high-altitude-wellness\\\/wellness-stays-and-workshop\\\/#primaryimage\"},\"thumbnailUrl\":\"https:\\\/\\\/www.lesgets.com\\\/wp\\\/..\\\/app\\\/uploads\\\/2020\\\/06\\\/Agathe_Sarah-Galvan-Photographe-50.jpg\",\"datePublished\":\"2020-07-31T08:47:52+00:00\",\"dateModified\":\"2021-10-25T09:30:52+00:00\",\"description\":\"Du Changement dans l'Air : an eco-responsible lodging offering wellness stays and workshops around zero waste, naturopathy, yoga and natural care.\",\"breadcrumb\":{\"@id\":\"https:\\\/\\\/www.lesgets.com\\\/en\\\/what-to-do\\\/high-altitude-wellness\\\/wellness-stays-and-workshop\\\/#breadcrumb\"},\"inLanguage\":\"en-US\",\"potentialAction\":[{\"@type\":\"ReadAction\",\"target\":[\"https:\\\/\\\/www.lesgets.com\\\/en\\\/what-to-do\\\/high-altitude-wellness\\\/wellness-stays-and-workshop\\\/\"]}]},{\"@type\":\"ImageObject\",\"inLanguage\":\"en-US\",\"@id\":\"https:\\\/\\\/www.lesgets.com\\\/en\\\/what-to-do\\\/high-altitude-wellness\\\/wellness-stays-and-workshop\\\/#primaryimage\",\"url\":\"https:\\\/\\\/www.lesgets.com\\\/wp\\\/..\\\/app\\\/uploads\\\/2020\\\/06\\\/Agathe_Sarah-Galvan-Photographe-50.jpg\",\"contentUrl\":\"https:\\\/\\\/www.lesgets.com\\\/wp\\\/..\\\/app\\\/uploads\\\/2020\\\/06\\\/Agathe_Sarah-Galvan-Photographe-50.jpg\",\"width\":2048,\"height\":1365,\"caption\":\"recette v\u00e9g\u00e9tarienne lors d'un atelier bien-\u00eatre au g\u00eete le changement dans l'air\"},{\"@type\":\"BreadcrumbList\",\"@id\":\"https:\\\/\\\/www.lesgets.com\\\/en\\\/what-to-do\\\/high-altitude-wellness\\\/wellness-stays-and-workshop\\\/#breadcrumb\",\"itemListElement\":[{\"@type\":\"ListItem\",\"position\":1,\"name\":\"Home\",\"item\":\"https:\\\/\\\/www.lesgets.com\\\/en\\\/\"},{\"@type\":\"ListItem\",\"position\":2,\"name\":\"What to do?\",\"item\":\"https:\\\/\\\/www.lesgets.com\\\/en\\\/what-to-do\\\/\"},{\"@type\":\"ListItem\",\"position\":3,\"name\":\"High altitude wellness\",\"item\":\"https:\\\/\\\/www.lesgets.com\\\/en\\\/what-to-do\\\/high-altitude-wellness\\\/\"},{\"@type\":\"ListItem\",\"position\":4,\"name\":\"Wellness stays and workshops\"}]},{\"@type\":\"WebSite\",\"@id\":\"https:\\\/\\\/www.lesgets.com\\\/en\\\/#website\",\"url\":\"https:\\\/\\\/www.lesgets.com\\\/en\\\/\",\"name\":\"Les Gets\",\"description\":\"\",\"publisher\":{\"@id\":\"https:\\\/\\\/www.lesgets.com\\\/en\\\/#organization\"},\"potentialAction\":[{\"@type\":\"SearchAction\",\"target\":{\"@type\":\"EntryPoint\",\"urlTemplate\":\"https:\\\/\\\/www.lesgets.com\\\/en\\\/?s={search_term_string}\"},\"query-input\":{\"@type\":\"PropertyValueSpecification\",\"valueRequired\":true,\"valueName\":\"search_term_string\"}}],\"inLanguage\":\"en-US\"},{\"@type\":\"Organization\",\"@id\":\"https:\\\/\\\/www.lesgets.com\\\/en\\\/#organization\",\"name\":\"Les Gets\",\"url\":\"https:\\\/\\\/www.lesgets.com\\\/en\\\/\",\"logo\":{\"@type\":\"ImageObject\",\"inLanguage\":\"en-US\",\"@id\":\"https:\\\/\\\/www.lesgets.com\\\/en\\\/#\\\/schema\\\/logo\\\/image\\\/\",\"url\":\"https:\\\/\\\/www.lesgets.com\\\/wp\\\/..\\\/app\\\/uploads\\\/2020\\\/06\\\/logo_lesgets.png\",\"contentUrl\":\"https:\\\/\\\/www.lesgets.com\\\/wp\\\/..\\\/app\\\/uploads\\\/2020\\\/06\\\/logo_lesgets.png\",\"width\":136,\"height\":115,\"caption\":\"Les Gets\"},\"image\":{\"@id\":\"https:\\\/\\\/www.lesgets.com\\\/en\\\/#\\\/schema\\\/logo\\\/image\\\/\"}}]}<\/script>\n<!-- \/ Yoast SEO plugin. -->","yoast_head_json":{"title":"Wellness stays and workshops - G\u00eete Du Changement dans l'Air - Les Gets","description":"Du Changement dans l'Air : an eco-responsible lodging offering wellness stays and workshops around zero waste, naturopathy, yoga and natural care.","robots":{"index":"index","follow":"follow","max-snippet":"max-snippet:-1","max-image-preview":"max-image-preview:large","max-video-preview":"max-video-preview:-1"},"canonical":"https:\/\/www.lesgets.com\/en\/what-to-do\/high-altitude-wellness\/wellness-stays-and-workshop\/","og_locale":"en_US","og_type":"article","og_title":"Wellness stays and workshops - G\u00eete Du Changement dans l'Air - Les Gets","og_description":"Du Changement dans l'Air : an eco-responsible lodging offering wellness stays and workshops around zero waste, naturopathy, yoga and natural care.","og_url":"https:\/\/www.lesgets.com\/en\/what-to-do\/high-altitude-wellness\/wellness-stays-and-workshop\/","og_site_name":"Les Gets","article_modified_time":"2021-10-25T09:30:52+00:00","og_image":[{"width":2048,"height":1365,"url":"https:\/\/www.lesgets.com\/..\/app\/uploads\/2020\/06\/Agathe_Sarah-Galvan-Photographe-50.jpg","type":"image\/jpeg"}],"twitter_card":"summary_large_image","twitter_misc":{"Est. reading time":"1 minute"},"schema":{"@context":"https:\/\/schema.org","@graph":[{"@type":"WebPage","@id":"https:\/\/www.lesgets.com\/en\/what-to-do\/high-altitude-wellness\/wellness-stays-and-workshop\/","url":"https:\/\/www.lesgets.com\/en\/what-to-do\/high-altitude-wellness\/wellness-stays-and-workshop\/","name":"Wellness stays and workshops - G\u00eete Du Changement dans l'Air - Les Gets","isPartOf":{"@id":"https:\/\/www.lesgets.com\/en\/#website"},"primaryImageOfPage":{"@id":"https:\/\/www.lesgets.com\/en\/what-to-do\/high-altitude-wellness\/wellness-stays-and-workshop\/#primaryimage"},"image":{"@id":"https:\/\/www.lesgets.com\/en\/what-to-do\/high-altitude-wellness\/wellness-stays-and-workshop\/#primaryimage"},"thumbnailUrl":"https:\/\/www.lesgets.com\/wp\/..\/app\/uploads\/2020\/06\/Agathe_Sarah-Galvan-Photographe-50.jpg","datePublished":"2020-07-31T08:47:52+00:00","dateModified":"2021-10-25T09:30:52+00:00","description":"Du Changement dans l'Air : an eco-responsible lodging offering wellness stays and workshops around zero waste, naturopathy, yoga and natural care.","breadcrumb":{"@id":"https:\/\/www.lesgets.com\/en\/what-to-do\/high-altitude-wellness\/wellness-stays-and-workshop\/#breadcrumb"},"inLanguage":"en-US","potentialAction":[{"@type":"ReadAction","target":["https:\/\/www.lesgets.com\/en\/what-to-do\/high-altitude-wellness\/wellness-stays-and-workshop\/"]}]},{"@type":"ImageObject","inLanguage":"en-US","@id":"https:\/\/www.lesgets.com\/en\/what-to-do\/high-altitude-wellness\/wellness-stays-and-workshop\/#primaryimage","url":"https:\/\/www.lesgets.com\/wp\/..\/app\/uploads\/2020\/06\/Agathe_Sarah-Galvan-Photographe-50.jpg","contentUrl":"https:\/\/www.lesgets.com\/wp\/..\/app\/uploads\/2020\/06\/Agathe_Sarah-Galvan-Photographe-50.jpg","width":2048,"height":1365,"caption":"recette v\u00e9g\u00e9tarienne lors d'un atelier bien-\u00eatre au g\u00eete le changement dans l'air"},{"@type":"BreadcrumbList","@id":"https:\/\/www.lesgets.com\/en\/what-to-do\/high-altitude-wellness\/wellness-stays-and-workshop\/#breadcrumb","itemListElement":[{"@type":"ListItem","position":1,"name":"Home","item":"https:\/\/www.lesgets.com\/en\/"},{"@type":"ListItem","position":2,"name":"What to do?","item":"https:\/\/www.lesgets.com\/en\/what-to-do\/"},{"@type":"ListItem","position":3,"name":"High altitude wellness","item":"https:\/\/www.lesgets.com\/en\/what-to-do\/high-altitude-wellness\/"},{"@type":"ListItem","position":4,"name":"Wellness stays and workshops"}]},{"@type":"WebSite","@id":"https:\/\/www.lesgets.com\/en\/#website","url":"https:\/\/www.lesgets.com\/en\/","name":"Les Gets","description":"","publisher":{"@id":"https:\/\/www.lesgets.com\/en\/#organization"},"potentialAction":[{"@type":"SearchAction","target":{"@type":"EntryPoint","urlTemplate":"https:\/\/www.lesgets.com\/en\/?s={search_term_string}"},"query-input":{"@type":"PropertyValueSpecification","valueRequired":true,"valueName":"search_term_string"}}],"inLanguage":"en-US"},{"@type":"Organization","@id":"https:\/\/www.lesgets.com\/en\/#organization","name":"Les Gets","url":"https:\/\/www.lesgets.com\/en\/","logo":{"@type":"ImageObject","inLanguage":"en-US","@id":"https:\/\/www.lesgets.com\/en\/#\/schema\/logo\/image\/","url":"https:\/\/www.lesgets.com\/wp\/..\/app\/uploads\/2020\/06\/logo_lesgets.png","contentUrl":"https:\/\/www.lesgets.com\/wp\/..\/app\/uploads\/2020\/06\/logo_lesgets.png","width":136,"height":115,"caption":"Les Gets"},"image":{"@id":"https:\/\/www.lesgets.com\/en\/#\/schema\/logo\/image\/"}}]}},"featured_image_src":"https:\/\/www.lesgets.com\/wp\/..\/app\/uploads\/2020\/06\/Agathe_Sarah-Galvan-Photographe-50.jpg","featured_image_src_square":"https:\/\/www.lesgets.com\/wp\/..\/app\/uploads\/2020\/06\/Agathe_Sarah-Galvan-Photographe-50.jpg","_links":{"self":[{"href":"https:\/\/www.lesgets.com\/en\/wp-json\/wp\/v2\/pages\/16064","targetHints":{"allow":["GET"]}}],"collection":[{"href":"https:\/\/www.lesgets.com\/en\/wp-json\/wp\/v2\/pages"}],"about":[{"href":"https:\/\/www.lesgets.com\/en\/wp-json\/wp\/v2\/types\/page"}],"author":[{"embeddable":true,"href":"https:\/\/www.lesgets.com\/en\/wp-json\/wp\/v2\/users\/4"}],"replies":[{"embeddable":true,"href":"https:\/\/www.lesgets.com\/en\/wp-json\/wp\/v2\/comments?post=16064"}],"version-history":[{"count":5,"href":"https:\/\/www.lesgets.com\/en\/wp-json\/wp\/v2\/pages\/16064\/revisions"}],"predecessor-version":[{"id":32790,"href":"https:\/\/www.lesgets.com\/en\/wp-json\/wp\/v2\/pages\/16064\/revisions\/32790"}],"up":[{"embeddable":true,"href":"https:\/\/www.lesgets.com\/en\/wp-json\/wp\/v2\/pages\/12316"}],"wp:featuredmedia":[{"embeddable":true,"href":"https:\/\/www.lesgets.com\/en\/wp-json\/wp\/v2\/media\/14737"}],"wp:attachment":[{"href":"https:\/\/www.lesgets.com\/en\/wp-json\/wp\/v2\/media?parent=16064"}],"curies":[{"name":"wp","href":"https:\/\/api.w.org\/{rel}","templated":true}]}}