{"id":1967,"date":"2020-04-22T16:26:48","date_gmt":"2020-04-22T14:26:48","guid":{"rendered":"http:\/\/les-gets.votre-projet.com\/skipass-prices\/"},"modified":"2025-07-09T10:50:10","modified_gmt":"2025-07-09T08:50:10","slug":"skipass-prices","status":"publish","type":"page","link":"https:\/\/www.lesgets.com\/en\/lift-pass\/skipass-prices\/","title":{"rendered":"Skipass Prices"},"content":{"rendered":"<div class=\"block block-core-spacer\">\n<div style=\"height:30px\" aria-hidden=\"true\" class=\"wp-block-spacer\"><\/div>\n<\/div>\n\n<div class=\"block block-core-paragraph\">\n<p>The ski resort of Les Gets is part of two ski areas :<\/p>\n<\/div>\n\n<div class=\"block block-core-list\">\n<ul class=\"wp-block-list\"><div class=\"block block-core-list-item\">\n<li>Les Gets-Morzine ski area (48 lifts, 71 slopes)<\/li>\n<\/div>\n\n<div class=\"block block-core-list-item\">\n<li>Les Portes du Soleil ski area (2 countries, 12 resorts, 196 ski-lifts, 286 slopes)<\/li>\n<\/div><\/ul>\n<\/div>\n\n<div class=\"block block-core-paragraph\">\n<p><strong>Best prices guaranteed on-line ! <\/strong><\/p>\n<\/div>\n\n<div class=\"block block-core-button\">\n<div class=\"wp-block-button alignleft\"><a class=\"wp-block-button__link wp-element-button\" href=\"https:\/\/www.lesgets.com\/en\/ski-passes\/\">Buy or reload you skipass online !<\/a><\/div>\n<\/div>\n\n<div class=\"block block-core-paragraph\">\n<p><\/p>\n<\/div>\n\n<div class=\"block block-core-spacer\">\n<div style=\"height:30px\" aria-hidden=\"true\" class=\"wp-block-spacer\"><\/div>\n<\/div>\n\n<div class=\"block block-core-heading\">\n<h2 class=\"wp-block-heading\" id=\"lesgets-morzine\">Skipass <strong>Les Gets-Morzine<\/strong><\/h2>\n<\/div>\n\n<div class=\"block block-genesis-custom-blocks-surtitre\"><span class=\"subtitle\">Winter 2025-2026<\/span><\/div>\n\n<div class=\"block block-core-spacer\">\n<div style=\"height:30px\" aria-hidden=\"true\" class=\"wp-block-spacer\"><\/div>\n<\/div>\n\n<div class=\"block block-genesis-custom-blocks-titre-tableau\">\t<h3 class=\"titre-tableau bleu\">\r\n\t\tOnline prices\t<\/h3>\r\n\t<\/div>\n\n<div class=\"block block-core-table\">\n<figure class=\"wp-block-table is-style-stripes\"><table><thead><tr><th><\/th><th> <strong>ADULT<\/strong> <\/th><th> <strong>CHILD<\/strong><br>(5-15 yo) <\/th><th> <strong>YOUNG<\/strong><br>(16-25 yo) <\/th><th> <strong>SENIOR<\/strong><br>(65-74 yo) <\/th><\/tr><\/thead><tbody><tr><td><strong>1 day<\/strong><\/td><td><strong>48 \u20ac<\/strong><\/td><td><strong>38 \u20ac<\/strong><\/td><td><strong>42 \u20ac<\/strong><\/td><td>46<strong> \u20ac<\/strong><\/td><\/tr><tr><td> 5 hours <\/td><td>44 \u20ac<\/td><td>34 \u20ac<\/td><td>38 \u20ac<\/td><td>41 \u20ac<\/td><\/tr><tr><td>2 to 5 days <\/td><td>46 \u20ac \/ day<\/td><td>35 \u20ac \/ day<\/td><td>39 \u20ac \/ day<\/td><td>41 \u20ac \/ day<\/td><\/tr><tr><td><strong>6 days<\/strong><\/td><td><strong>264 \u20ac<\/strong><\/td><td><strong>204 \u20ac<\/strong><\/td><td><strong>228 \u20ac<\/strong><\/td><td><strong>252 \u20ac<\/strong><\/td><\/tr><tr><td>7 days and +<\/td><td>44 \u20ac \/ day<\/td><td>34 \u20ac \/ day<\/td><td>38 \u20ac \/ day<\/td><td>42 \u20ac \/ day<\/td><\/tr><tr><td><strong>Saturday<\/strong><\/td><td><strong>38\u20ac<\/strong><\/td><td><strong>34 \u20ac<\/strong><\/td><td><strong>38 \u20ac<\/strong><\/td><td><strong>38 \u20ac<\/strong><\/td><\/tr><tr><td>Week-end<\/td><td>72 \u20ac<\/td><td>68 \u20ac<\/td><td>72 \u20ac<\/td><td>72 \u20ac<\/td><\/tr><tr><td>P&#8217;tite Glisse* 1 day<\/td><td>28 \u20ac<\/td><td>21.5 \u20ac<\/td><td>24.5 \u20ac<\/td><td>24.5 \u20ac<\/td><\/tr><\/tbody><\/table><\/figure>\n<\/div>\n\n<div class=\"block block-core-spacer\">\n<div style=\"height:30px\" aria-hidden=\"true\" class=\"wp-block-spacer\"><\/div>\n<\/div>\n\n<div class=\"block block-genesis-custom-blocks-titre-tableau\">\t<h3 class=\"titre-tableau gris\">\r\n\t\tCashier prices\t<\/h3>\r\n\t<\/div>\n\n<div class=\"block block-core-table\">\n<figure class=\"wp-block-table is-style-stripes\"><table><thead><tr><th><\/th><th> <strong>ADULT<\/strong><\/th><th> <strong>CHILD <\/strong><br>(5-15 yo) <\/th><th> <strong>YOUNG<\/strong><br>(16-25 yo) <\/th><th> <strong>SENIOR<\/strong><br>(65-74 yo) <\/th><\/tr><\/thead><tbody><tr><td><strong>1 day<\/strong><\/td><td><strong>54 \u20ac<\/strong><\/td><td><strong>42 \u20ac<\/strong><\/td><td><strong>46 \u20ac<\/strong><\/td><td><strong>50 \u20ac<\/strong><\/td><\/tr><tr><td> 5 hours <\/td><td>49 \u20ac<\/td><td>37 \u20ac<\/td><td>41 \u20ac<\/td><td>45 \u20ac<\/td><\/tr><tr><td>2 to 5 days <\/td><td>51 \u20ac \/ day<\/td><td>39 \u20ac \/ day<\/td><td>43 \u20ac \/ day<\/td><td>48 \u20ac \/ day<\/td><\/tr><tr><td><strong>6 days<\/strong><\/td><td><strong>300 \u20ac<\/strong><\/td><td><strong>228 \u20ac<\/strong><\/td><td><strong>252 \u20ac<\/strong><\/td><td><strong>282 \u20ac<\/strong><\/td><\/tr><tr><td>7 days and +<\/td><td>50 \u20ac \/ day<\/td><td>38 \u20ac \/ day<\/td><td>42 \u20ac \/ day<\/td><td>47 \u20ac \/ day<\/td><\/tr><tr><td><strong>Saturday<\/strong><\/td><td><strong>41 \u20ac<\/strong><\/td><td><strong>37 \u20ac<\/strong><\/td><td><strong><strong>41 \u20ac<\/strong><\/strong><\/td><td><strong><strong>41 \u20ac<\/strong><\/strong><\/td><\/tr><tr><td>Week-end<\/td><td>74 \u20ac<\/td><td>74 \u20ac<\/td><td>74 \u20ac<\/td><td>74 \u20ac<\/td><\/tr><tr><td>P&#8217;tite Glisse* 1 day<\/td><td>29.7 \u20ac<\/td><td>23.5 \u20ac<\/td><td>26.6 \u20ac<\/td><td>26.6 \u20ac<\/td><\/tr><\/tbody><\/table><\/figure>\n<\/div>\n\n<p><!--EndFragment--><\/p>\n<p><em>* &nbsp;&#8220;<strong>P&#8217;tite Glisse<\/strong>&#8221; &nbsp;skipass allows to ski on 12 ski lifts and 13 slopes (6 green, 6 blue, 1 red)<\/em><\/p>\n\n<div class=\"block block-core-button\">\n<div class=\"wp-block-button is-style-outline is-style-outline--1\"><a class=\"wp-block-button__link wp-element-button\" href=\"https:\/\/www.lesgets.com\/en\/?page_id=14829\">More info on &#8220;Petite Glisse&#8221; ski pass <\/a><\/div>\n<\/div>\n\n<div class=\"block block-core-spacer\">\n<div style=\"height:50px\" aria-hidden=\"true\" class=\"wp-block-spacer\"><\/div>\n<\/div>\n\n<div class=\"block block-genesis-custom-blocks-titre-tableau\">\t<h3 class=\"titre-tableau bleu\">\r\n\t\tGood deals\t<\/h3>\r\n\t<\/div>\n\n<div class=\"block block-core-table\">\n<figure class=\"wp-block-table is-style-stripes\"><table><thead><tr><th> SPECIAL DEALS <\/th><th> ONLINE RATES <\/th><th> CASHIER RATES <\/th><\/tr><\/thead><tbody><tr><td><strong>Family<\/strong><\/td><td>-10% for 4 people and more, 4 days and more skipass <\/td><td>-10% for 4 people and more, 4 days and more skipass <\/td><\/tr><tr><td><strong><strong>Mont Ch\u00e9ry 1 day<\/strong> <\/strong><\/td><td>26 \u20ac<\/td><td>28 \u20ac<\/td><\/tr><tr><td><strong>Saturday<\/strong> <strong>Les Gets-Morzine<\/strong><\/td><td>38 \u20ac (34\u20ac for child)<\/td><td>41 \u20ac (37\u20ac for child)<\/td><\/tr><tr><td><strong>Week-end<\/strong> <strong>Les Gets-Morzine<\/strong><\/td><td>72 \u20ac (68\u20ac for child)<\/td><td>74 \u20ac<\/td><\/tr><tr><td><strong>&#8211; 5 yo<\/strong>**<\/td><td>Free<\/td><td>Free<\/td><\/tr><tr><td> <strong>+75 yo<\/strong>** <strong>Les Gets-Morzine<\/strong><\/td><td>1 day : 21 \u20ac<br>6 days : 83 \u20ac <br>Season : 149 \u20ac<\/td><td>1 day : 24 \u20ac<br>6 days : 92 \u20ac <br>Season : 149 \u20ac<\/td><\/tr><tr><td><strong>+75 yo** Portes du Soleil<\/strong><\/td><td>1 to 9 days : 28 \u20ac \/ day<br>Season : 280 \u20ac<\/td><td>1 to 9 days : 28 \u20ac \/ day<br>Season : 280 \u20ac<\/td><\/tr><tr><td><strong><strong>Disabled person**<\/strong>*<\/strong><\/td><td><\/td><td>50% off public price<\/td><\/tr><\/tbody><\/table><figcaption class=\"wp-element-caption\">**upon presentation of proof<\/figcaption><\/figure>\n<\/div>\n\n<div class=\"block block-core-paragraph\">\n<p>*** only for holders of the CMI invalidity card<\/p>\n<\/div>\n\n<div class=\"block block-core-spacer\">\n<div style=\"height:50px\" aria-hidden=\"true\" class=\"wp-block-spacer\"><\/div>\n<\/div>\n\n<div class=\"block block-core-heading\">\n<h2 class=\"wp-block-heading\" id=\"portes-du-soleil\"><strong>Portes du Soleil<\/strong> Skipass<\/h2>\n<\/div>\n\n<div class=\"block block-genesis-custom-blocks-surtitre\"><span class=\"subtitle\">Winter 2025-2026<\/span><\/div>\n\n<div class=\"block block-genesis-custom-blocks-titre-tableau\">\t<h3 class=\"titre-tableau bleu\">\r\n\t\tOnline prices\t<\/h3>\r\n\t<\/div>\n\n<div class=\"block block-core-table\">\n<figure class=\"wp-block-table is-style-stripes\"><table><thead><tr><th><\/th><th> <strong>ADULT<\/strong> <\/th><th> <strong>CHILD <\/strong><br>(5-15 yo) <\/th><th> <strong>YOUNG<\/strong> (16-25 yo)<br><strong>SENIOR <\/strong>(65-74 yo) <\/th><\/tr><\/thead><tbody><tr><td>5 hours<\/td><td>61 \u20ac<\/td><td>46 \u20ac<\/td><td>55 \u20ac<\/td><\/tr><tr><td><strong>1 day<\/strong><\/td><td><strong>68 \u20ac<\/strong><\/td><td><strong>51 \u20ac<\/strong><\/td><td><strong>61 \u20ac<\/strong><\/td><\/tr><tr><td>2 days <\/td><td>129 \u20ac<\/td><td>97 \u20ac<\/td><td>116 \u20ac<\/td><\/tr><tr><td>3 days<\/td><td>193 \u20ac<\/td><td>145 \u20ac<\/td><td>174 \u20ac<\/td><\/tr><tr><td><strong>6 days<\/strong><\/td><td><strong>345 \u20ac<\/strong><\/td><td><strong>259 \u20ac<\/strong><\/td><td><strong>311 \u20ac<\/strong><\/td><\/tr><\/tbody><\/table><\/figure>\n<\/div>\n\n<div class=\"block block-genesis-custom-blocks-titre-tableau\">\t<h3 class=\"titre-tableau gris\">\r\n\t\tCashier prices\t<\/h3>\r\n\t<\/div>\n\n<div class=\"block block-core-table\">\n<figure class=\"wp-block-table is-style-stripes\"><table><thead><tr><th><\/th><th> <strong>ADULT<\/strong><\/th><th> <strong>CHILD <\/strong><br>(5-15 yo) <\/th><th> <strong>YOUNG<\/strong> (16-25 yo)<br><strong>SENIOR <\/strong>(65-74 yo) <\/th><\/tr><\/thead><tbody><tr><td>5 hours  <\/td><td>65 \u20ac<\/td><td>49 \u20ac<\/td><td>59 \u20ac<\/td><\/tr><tr><td><strong>1 day<\/strong><\/td><td><strong>72 \u20ac<\/strong><\/td><td><strong>54 \u20ac<\/strong><\/td><td><strong>65 \u20ac<\/strong><\/td><\/tr><tr><td>2 days <\/td><td>136 \u20ac<\/td><td>102 \u20ac<\/td><td>122 \u20ac<\/td><\/tr><tr><td>3 days<\/td><td>204 \u20ac<\/td><td>153 \u20ac<\/td><td>184 \u20ac<\/td><\/tr><tr><td><strong>6 days<\/strong><\/td><td><strong>366 \u20ac<\/strong><\/td><td><strong>275 \u20ac<\/strong><\/td><td><strong>329 \u20ac<\/strong><\/td><\/tr><\/tbody><\/table><\/figure>\n<\/div>\n\n<div class=\"block block-core-spacer\">\n<div style=\"height:50px\" aria-hidden=\"true\" class=\"wp-block-spacer\"><\/div>\n<\/div>\n\n<div class=\"block block-core-heading\">\n<h2 class=\"wp-block-heading\"><strong>Pedestrian<\/strong> pass<\/h2>\n<\/div>\n\n<div class=\"block block-core-table\">\n<figure class=\"wp-block-table is-style-stripes\"><table><thead><tr><th><\/th><th> <strong>ADULT<\/strong> <\/th><th> <strong>CHILD <\/strong><br><strong>(5-15 yo) <\/strong><\/th><th><strong> YOUNG (16-25 yo) <br>SENIOR (65 yo +) <\/strong><\/th><\/tr><\/thead><tbody><tr><td>1 way<\/td><td>6 \u20ac<\/td><td>4.20 \u20ac<\/td><td>5.50 \u20ac<\/td><\/tr><tr><td>1 return pass<\/td><td>10 \u20ac<\/td><td>7.50 \u20ac<\/td><td>9 \u20ac<\/td><\/tr><tr><td>Season cable car pass<\/td><td>194 \u20ac<\/td><td>145 \u20ac<\/td><td>174 \u20ac<\/td><\/tr><tr><td>6 ways (card)<\/td><td>27.50 \u20ac<\/td><td>27.50 \u20ac<\/td><td>27.50 \u20ac<\/td><\/tr><tr><td>12 ways (card)<\/td><td>49 \u20ac<\/td><td>49 \u20ac<\/td><td>49 \u20ac<\/td><\/tr><\/tbody><\/table><\/figure>\n<\/div>\n\n<div class=\"block block-core-spacer\">\n<div style=\"height:50px\" aria-hidden=\"true\" class=\"wp-block-spacer\"><\/div>\n<\/div>\n\n<div class=\"block block-core-heading\">\n<h2 class=\"wp-block-heading\"><strong>Season<\/strong> skipass<\/h2>\n<\/div>\n\n<div class=\"block block-core-paragraph\">\n<p>Ski without limits all winter with your Les Gets-Morzine or Portes du Soleil season pass.<\/p>\n<\/div>\n\n<div class=\"block block-core-paragraph\">\n<p>Enjoy the advantages of the Club Privineige with the Les Gets-Morzine season pass, and vouchers and discounts with the Portes du Soleil season pass! <\/p>\n<\/div>\n\n<div class=\"block block-core-paragraph\">\n<p>In order to discover other partner resorts, you can also benefit from 3 ski-discovery days with your season pass !<\/p>\n<\/div>\n\n<div class=\"block block-core-button\">\n<div class=\"wp-block-button aligncenter\"><a class=\"wp-block-button__link wp-element-button\" href=\"https:\/\/www.lesgets.com\/en\/ski-passes\/winter-season-pass\/\">Prices and info on the season ski pass Les Gets-Morzine and Portes Du Soleil<\/a><\/div>\n<\/div>\n\n<div class=\"block block-core-spacer\">\n<div style=\"height:50px\" aria-hidden=\"true\" class=\"wp-block-spacer\"><\/div>\n<\/div>\n\n<div class=\"block block-core-heading\">\n<h2 class=\"wp-block-heading\">Ski <strong>insurance<\/strong><\/h2>\n<\/div>\n\n<div class=\"block block-core-paragraph\">\n<p>Skipass <strong>does not include insurance<\/strong> in case of an accident. Insurance can be purchased on the cash desk or on the Internet when buying your skipass.<\/p>\n<\/div>\n\n<div class=\"block block-core-paragraph\">\n<p>SnowRisk insurance covers assistance and emergency expenses on the slopes, reimbursement of lessons, skipasses, medical and hospital expenses. The insurance is charged on the free packages.<\/p>\n<\/div>\n\n<div class=\"block block-core-paragraph\">\n<p>Price : 3,5\u20ac \/ day<\/p>\n<\/div>\n\n<div class=\"block block-core-paragraph\">\n<p><strong><em>Warning<\/em><\/strong> :<em> rescue services for all sports activities are chargeable in winter (skiing, snowboarding, snowshoeing, tobogganing, hiking, etc.). So make sure!<\/em><\/p>\n<\/div>\n\n<div class=\"block block-core-button\">\n<div class=\"wp-block-button\"><a class=\"wp-block-button__link wp-element-button\" href=\"https:\/\/www.snowrisk.com\/english\/\" target=\"_blank\" rel=\"noreferrer noopener\">More information<\/a><\/div>\n<\/div>\n\n<div class=\"block block-core-spacer\">\n<div style=\"height:50px\" aria-hidden=\"true\" class=\"wp-block-spacer\"><\/div>\n<\/div>\n\n<div class=\"block block-core-heading\">\n<h2 class=\"wp-block-heading\"><strong>Rechargeable<\/strong> Cards<\/h2>\n<\/div>\n\n<div class=\"block block-core-paragraph\">\n<p>When you reload your ski pass on-line, you can <strong>use a reload card that you already have<\/strong>: the cards of most ski areas work (<em>often rated Team Axess<\/em>). <\/p>\n<\/div>\n\n<div class=\"block block-core-paragraph\">\n<p>You can also <strong>buy a card on-line<\/strong> for 3 \u20ac and then withdraw it:<\/p>\n<\/div>\n\n<div class=\"block block-core-list\">\n<ul class=\"wp-block-list\"><div class=\"block block-core-list-item\">\n<li>At the <strong>Click &amp; Collect 24\/24<\/strong> terminals located at the Chavannes ticket offices, under the departure of the Chavannes gondola. (<em><a href=\"https:\/\/www.google.com\/maps\/place\/Caisse+des+Chavannes\/@46.1570502,6.6683511,15z\/data=!4m5!3m4!1s0x0:0xb9937d388fd89f78!8m2!3d46.1570502!4d6.6683511\">297 route du Front de Neige, Les Gets)<\/a><\/em> <br><br><\/li>\n<\/div>\n\n<div class=\"block block-core-list-item\">\n<li>To the <strong>24\/24 automatons<\/strong> located :<br>&#8211; Caisses des Chavannes, under the departure of the Chavannes cable car (<a href=\"https:\/\/www.google.com\/maps\/place\/Caisse+des+Chavannes\/@46.1570502,6.6683511,15z\/data=!4m5!3m4!1s0x0:0xb9937d388fd89f78!8m2!3d46.1570502!4d6.6683511\" target=\"_blank\" rel=\"noreferrer noopener\">297 route du Front de Neige, Les Gets<\/a>) <br>&#8211; Caisses des Perri\u00e8res, at the start of the Perri\u00e8res chairlift (free parking) (Route des Pesses, Les Gets) <em>(Route des Pesses, Les Gets)<\/em><br>&#8211; Tourist Office <em>(89 Route du Front de Neige, Les Gets)<\/em><br><em>&#8211;<\/em> Ch\u00e9ry Nord, from the Ch\u00e9ry Nord Chairlift <em>(167 route de Taninges, La C\u00f4te d&#8217;Arbroz)<\/em><br>&#8211; Caisse de la Turche <em>(935 Route de la Turche, Les Gets)<\/em><br><br><\/li>\n<\/div>\n\n<div class=\"block block-core-list-item\">\n<li>At the <strong>checkout<\/strong><br>&#8211; <a href=\"https:\/\/www.google.com\/maps\/place\/Caisse+des+Chavannes\/@46.1570502,6.6683511,15z\/data=!4m5!3m4!1s0x0:0xb9937d388fd89f78!8m2!3d46.1570502!4d6.6683511\" target=\"_blank\" rel=\"noreferrer noopener\">Caisse des Chavannes<\/a>, Caisse des Perri\u00e8res, Tourist office<br>&#8211; Chavanne haut <em>(3900 route des Chavannes, Les Gets)<\/em><br><em>&#8211; <\/em>Caisse du Ch\u00e9ry<em> (2673 route des Grandes Alpes 74260 Les Gets)<\/em><\/li>\n<\/div><\/ul>\n<\/div>\n\n<div class=\"block block-core-paragraph\">\n<p>When you buy your pass at the checkout, you can also use a reload card that you already have, or buy one for \u20ac3. <\/p>\n<\/div>\n\n<div class=\"block block-core-paragraph\">\n<p><em>Rates expressed in euros including all taxes according to the VAT rate in force.<\/em><\/p>\n<\/div>\n\n<div class=\"block block-core-spacer\">\n<div style=\"height:100px\" aria-hidden=\"true\" class=\"wp-block-spacer\"><\/div>\n<\/div>","protected":false},"excerpt":{"rendered":"<p>All ski pass prices for Les Gets-Morzine and Portes du Soleil ski areas and pedestrian passes.<\/p>\n","protected":false},"author":5,"featured_media":1736,"parent":10628,"menu_order":3,"comment_status":"closed","ping_status":"closed","template":"","meta":{"_acf_changed":false,"footnotes":""},"class_list":["post-1967","page","type-page","status-publish","has-post-thumbnail","hentry"],"acf":[],"yoast_head":"<!-- This site is optimized with the Yoast SEO plugin v27.3 - https:\/\/yoast.com\/product\/yoast-seo-wordpress\/ -->\n<title>Ski pass prices Les-Gets Morzine and Portes du Soleil<\/title>\n<meta name=\"description\" content=\"All ski pass prices for Les Gets-Morzine and Portes du Soleil ski areas and pedestrian passes.\" \/>\n<meta name=\"robots\" content=\"index, follow, max-snippet:-1, max-image-preview:large, max-video-preview:-1\" \/>\n<link rel=\"canonical\" href=\"https:\/\/www.lesgets.com\/en\/lift-pass\/skipass-prices\/\" \/>\n<meta property=\"og:locale\" content=\"en_US\" \/>\n<meta property=\"og:type\" content=\"article\" \/>\n<meta property=\"og:title\" content=\"Ski pass prices Les-Gets Morzine and Portes du Soleil\" \/>\n<meta property=\"og:description\" content=\"All ski pass prices for Les Gets-Morzine and Portes du Soleil ski areas and pedestrian passes.\" \/>\n<meta property=\"og:url\" content=\"https:\/\/www.lesgets.com\/en\/lift-pass\/skipass-prices\/\" \/>\n<meta property=\"og:site_name\" content=\"Les Gets\" \/>\n<meta property=\"article:modified_time\" content=\"2025-07-09T08:50:10+00:00\" \/>\n<meta property=\"og:image\" content=\"https:\/\/www.lesgets.com\/wp\/..\/app\/uploads\/2020\/04\/DSC07923-1.jpg\" \/>\n\t<meta property=\"og:image:width\" content=\"2250\" \/>\n\t<meta property=\"og:image:height\" content=\"1500\" \/>\n\t<meta property=\"og:image:type\" content=\"image\/jpeg\" \/>\n<meta name=\"twitter:card\" content=\"summary_large_image\" \/>\n<meta name=\"twitter:label1\" content=\"Est. reading time\" \/>\n\t<meta name=\"twitter:data1\" content=\"6 minutes\" \/>\n<script type=\"application\/ld+json\" class=\"yoast-schema-graph\">{\"@context\":\"https:\\\/\\\/schema.org\",\"@graph\":[{\"@type\":\"WebPage\",\"@id\":\"https:\\\/\\\/www.lesgets.com\\\/en\\\/lift-pass\\\/skipass-prices\\\/\",\"url\":\"https:\\\/\\\/www.lesgets.com\\\/en\\\/lift-pass\\\/skipass-prices\\\/\",\"name\":\"Ski pass prices Les-Gets Morzine and Portes du Soleil\",\"isPartOf\":{\"@id\":\"https:\\\/\\\/www.lesgets.com\\\/en\\\/#website\"},\"primaryImageOfPage\":{\"@id\":\"https:\\\/\\\/www.lesgets.com\\\/en\\\/lift-pass\\\/skipass-prices\\\/#primaryimage\"},\"image\":{\"@id\":\"https:\\\/\\\/www.lesgets.com\\\/en\\\/lift-pass\\\/skipass-prices\\\/#primaryimage\"},\"thumbnailUrl\":\"https:\\\/\\\/www.lesgets.com\\\/wp\\\/..\\\/app\\\/uploads\\\/2020\\\/04\\\/DSC07923-1.jpg\",\"datePublished\":\"2020-04-22T14:26:48+00:00\",\"dateModified\":\"2025-07-09T08:50:10+00:00\",\"description\":\"All ski pass prices for Les Gets-Morzine and Portes du Soleil ski areas and pedestrian passes.\",\"breadcrumb\":{\"@id\":\"https:\\\/\\\/www.lesgets.com\\\/en\\\/lift-pass\\\/skipass-prices\\\/#breadcrumb\"},\"inLanguage\":\"en-US\",\"potentialAction\":[{\"@type\":\"ReadAction\",\"target\":[\"https:\\\/\\\/www.lesgets.com\\\/en\\\/lift-pass\\\/skipass-prices\\\/\"]}]},{\"@type\":\"ImageObject\",\"inLanguage\":\"en-US\",\"@id\":\"https:\\\/\\\/www.lesgets.com\\\/en\\\/lift-pass\\\/skipass-prices\\\/#primaryimage\",\"url\":\"https:\\\/\\\/www.lesgets.com\\\/wp\\\/..\\\/app\\\/uploads\\\/2020\\\/04\\\/DSC07923-1.jpg\",\"contentUrl\":\"https:\\\/\\\/www.lesgets.com\\\/wp\\\/..\\\/app\\\/uploads\\\/2020\\\/04\\\/DSC07923-1.jpg\",\"width\":2250,\"height\":1500,\"caption\":\"Domaines skiable des Gets Morzine\"},{\"@type\":\"BreadcrumbList\",\"@id\":\"https:\\\/\\\/www.lesgets.com\\\/en\\\/lift-pass\\\/skipass-prices\\\/#breadcrumb\",\"itemListElement\":[{\"@type\":\"ListItem\",\"position\":1,\"name\":\"Home\",\"item\":\"https:\\\/\\\/www.lesgets.com\\\/en\\\/\"},{\"@type\":\"ListItem\",\"position\":2,\"name\":\"Lift passes\",\"item\":\"https:\\\/\\\/www.lesgets.com\\\/en\\\/lift-pass\\\/\"},{\"@type\":\"ListItem\",\"position\":3,\"name\":\"Skipass Prices\"}]},{\"@type\":\"WebSite\",\"@id\":\"https:\\\/\\\/www.lesgets.com\\\/en\\\/#website\",\"url\":\"https:\\\/\\\/www.lesgets.com\\\/en\\\/\",\"name\":\"Les Gets\",\"description\":\"\",\"publisher\":{\"@id\":\"https:\\\/\\\/www.lesgets.com\\\/en\\\/#organization\"},\"potentialAction\":[{\"@type\":\"SearchAction\",\"target\":{\"@type\":\"EntryPoint\",\"urlTemplate\":\"https:\\\/\\\/www.lesgets.com\\\/en\\\/?s={search_term_string}\"},\"query-input\":{\"@type\":\"PropertyValueSpecification\",\"valueRequired\":true,\"valueName\":\"search_term_string\"}}],\"inLanguage\":\"en-US\"},{\"@type\":\"Organization\",\"@id\":\"https:\\\/\\\/www.lesgets.com\\\/en\\\/#organization\",\"name\":\"Les Gets\",\"url\":\"https:\\\/\\\/www.lesgets.com\\\/en\\\/\",\"logo\":{\"@type\":\"ImageObject\",\"inLanguage\":\"en-US\",\"@id\":\"https:\\\/\\\/www.lesgets.com\\\/en\\\/#\\\/schema\\\/logo\\\/image\\\/\",\"url\":\"https:\\\/\\\/www.lesgets.com\\\/wp\\\/..\\\/app\\\/uploads\\\/2020\\\/06\\\/logo_lesgets.png\",\"contentUrl\":\"https:\\\/\\\/www.lesgets.com\\\/wp\\\/..\\\/app\\\/uploads\\\/2020\\\/06\\\/logo_lesgets.png\",\"width\":136,\"height\":115,\"caption\":\"Les Gets\"},\"image\":{\"@id\":\"https:\\\/\\\/www.lesgets.com\\\/en\\\/#\\\/schema\\\/logo\\\/image\\\/\"}}]}<\/script>\n<!-- \/ Yoast SEO plugin. -->","yoast_head_json":{"title":"Ski pass prices Les-Gets Morzine and Portes du Soleil","description":"All ski pass prices for Les Gets-Morzine and Portes du Soleil ski areas and pedestrian passes.","robots":{"index":"index","follow":"follow","max-snippet":"max-snippet:-1","max-image-preview":"max-image-preview:large","max-video-preview":"max-video-preview:-1"},"canonical":"https:\/\/www.lesgets.com\/en\/lift-pass\/skipass-prices\/","og_locale":"en_US","og_type":"article","og_title":"Ski pass prices Les-Gets Morzine and Portes du Soleil","og_description":"All ski pass prices for Les Gets-Morzine and Portes du Soleil ski areas and pedestrian passes.","og_url":"https:\/\/www.lesgets.com\/en\/lift-pass\/skipass-prices\/","og_site_name":"Les Gets","article_modified_time":"2025-07-09T08:50:10+00:00","og_image":[{"width":2250,"height":1500,"url":"https:\/\/www.lesgets.com\/wp\/..\/app\/uploads\/2020\/04\/DSC07923-1.jpg","type":"image\/jpeg"}],"twitter_card":"summary_large_image","twitter_misc":{"Est. reading time":"6 minutes"},"schema":{"@context":"https:\/\/schema.org","@graph":[{"@type":"WebPage","@id":"https:\/\/www.lesgets.com\/en\/lift-pass\/skipass-prices\/","url":"https:\/\/www.lesgets.com\/en\/lift-pass\/skipass-prices\/","name":"Ski pass prices Les-Gets Morzine and Portes du Soleil","isPartOf":{"@id":"https:\/\/www.lesgets.com\/en\/#website"},"primaryImageOfPage":{"@id":"https:\/\/www.lesgets.com\/en\/lift-pass\/skipass-prices\/#primaryimage"},"image":{"@id":"https:\/\/www.lesgets.com\/en\/lift-pass\/skipass-prices\/#primaryimage"},"thumbnailUrl":"https:\/\/www.lesgets.com\/wp\/..\/app\/uploads\/2020\/04\/DSC07923-1.jpg","datePublished":"2020-04-22T14:26:48+00:00","dateModified":"2025-07-09T08:50:10+00:00","description":"All ski pass prices for Les Gets-Morzine and Portes du Soleil ski areas and pedestrian passes.","breadcrumb":{"@id":"https:\/\/www.lesgets.com\/en\/lift-pass\/skipass-prices\/#breadcrumb"},"inLanguage":"en-US","potentialAction":[{"@type":"ReadAction","target":["https:\/\/www.lesgets.com\/en\/lift-pass\/skipass-prices\/"]}]},{"@type":"ImageObject","inLanguage":"en-US","@id":"https:\/\/www.lesgets.com\/en\/lift-pass\/skipass-prices\/#primaryimage","url":"https:\/\/www.lesgets.com\/wp\/..\/app\/uploads\/2020\/04\/DSC07923-1.jpg","contentUrl":"https:\/\/www.lesgets.com\/wp\/..\/app\/uploads\/2020\/04\/DSC07923-1.jpg","width":2250,"height":1500,"caption":"Domaines skiable des Gets Morzine"},{"@type":"BreadcrumbList","@id":"https:\/\/www.lesgets.com\/en\/lift-pass\/skipass-prices\/#breadcrumb","itemListElement":[{"@type":"ListItem","position":1,"name":"Home","item":"https:\/\/www.lesgets.com\/en\/"},{"@type":"ListItem","position":2,"name":"Lift passes","item":"https:\/\/www.lesgets.com\/en\/lift-pass\/"},{"@type":"ListItem","position":3,"name":"Skipass Prices"}]},{"@type":"WebSite","@id":"https:\/\/www.lesgets.com\/en\/#website","url":"https:\/\/www.lesgets.com\/en\/","name":"Les Gets","description":"","publisher":{"@id":"https:\/\/www.lesgets.com\/en\/#organization"},"potentialAction":[{"@type":"SearchAction","target":{"@type":"EntryPoint","urlTemplate":"https:\/\/www.lesgets.com\/en\/?s={search_term_string}"},"query-input":{"@type":"PropertyValueSpecification","valueRequired":true,"valueName":"search_term_string"}}],"inLanguage":"en-US"},{"@type":"Organization","@id":"https:\/\/www.lesgets.com\/en\/#organization","name":"Les Gets","url":"https:\/\/www.lesgets.com\/en\/","logo":{"@type":"ImageObject","inLanguage":"en-US","@id":"https:\/\/www.lesgets.com\/en\/#\/schema\/logo\/image\/","url":"https:\/\/www.lesgets.com\/wp\/..\/app\/uploads\/2020\/06\/logo_lesgets.png","contentUrl":"https:\/\/www.lesgets.com\/wp\/..\/app\/uploads\/2020\/06\/logo_lesgets.png","width":136,"height":115,"caption":"Les Gets"},"image":{"@id":"https:\/\/www.lesgets.com\/en\/#\/schema\/logo\/image\/"}}]}},"featured_image_src":"https:\/\/www.lesgets.com\/wp\/..\/app\/uploads\/2020\/04\/DSC07923-1.jpg","featured_image_src_square":"https:\/\/www.lesgets.com\/wp\/..\/app\/uploads\/2020\/04\/DSC07923-1.jpg","_links":{"self":[{"href":"https:\/\/www.lesgets.com\/en\/wp-json\/wp\/v2\/pages\/1967","targetHints":{"allow":["GET"]}}],"collection":[{"href":"https:\/\/www.lesgets.com\/en\/wp-json\/wp\/v2\/pages"}],"about":[{"href":"https:\/\/www.lesgets.com\/en\/wp-json\/wp\/v2\/types\/page"}],"author":[{"embeddable":true,"href":"https:\/\/www.lesgets.com\/en\/wp-json\/wp\/v2\/users\/5"}],"replies":[{"embeddable":true,"href":"https:\/\/www.lesgets.com\/en\/wp-json\/wp\/v2\/comments?post=1967"}],"version-history":[{"count":5,"href":"https:\/\/www.lesgets.com\/en\/wp-json\/wp\/v2\/pages\/1967\/revisions"}],"predecessor-version":[{"id":64382,"href":"https:\/\/www.lesgets.com\/en\/wp-json\/wp\/v2\/pages\/1967\/revisions\/64382"}],"up":[{"embeddable":true,"href":"https:\/\/www.lesgets.com\/en\/wp-json\/wp\/v2\/pages\/10628"}],"wp:featuredmedia":[{"embeddable":true,"href":"https:\/\/www.lesgets.com\/en\/wp-json\/wp\/v2\/media\/1736"}],"wp:attachment":[{"href":"https:\/\/www.lesgets.com\/en\/wp-json\/wp\/v2\/media?parent=1967"}],"curies":[{"name":"wp","href":"https:\/\/api.w.org\/{rel}","templated":true}]}}