{"id":2036,"date":"2020-04-23T09:12:58","date_gmt":"2020-04-23T07:12:58","guid":{"rendered":"http:\/\/les-gets.votre-projet.com\/our-environment-labels\/"},"modified":"2025-03-19T15:03:44","modified_gmt":"2025-03-19T14:03:44","slug":"our-environment-labels","status":"publish","type":"page","link":"https:\/\/www.lesgets.com\/en\/discover-the-resort\/ecotourism\/our-environment-labels\/","title":{"rendered":"Our Environment labels"},"content":{"rendered":"<div class=\"block block-core-spacer\">\n<div style=\"height:50px\" aria-hidden=\"true\" class=\"wp-block-spacer\"><\/div>\n<\/div>\n\n<div class=\"block block-core-heading\">\n<h2 class=\"wp-block-heading\">The environment, <strong>an important concern in the mountains<\/strong><\/h2>\n<\/div>\n\n<p>By adopting an <strong>eco-tourism approach<\/strong> to all its activities, Les Gets is affirming its commitment to the principles of <strong>sustainable development<\/strong>. The aim is to ensure that not only our clients, but also local businesses, shopkeepers and accommodation providers are aware of the fragility of the local environment. We give great importance to raising awareness of the importance of protecting the area for the future.<\/p>\n<p>Since 2012, Les Gets has been awarded the <b>UNESCO Chablais Geopark<\/b> <b>label<\/b> thanks to the presence of peat bogs in the area, which play a very important role in our ecosystem.<\/p>\n\n<div class=\"block block-core-spacer\">\n<div style=\"height:30px\" aria-hidden=\"true\" class=\"wp-block-spacer\"><\/div>\n<\/div>\n\n<div class=\"block block-core-heading\">\n<h2 class=\"wp-block-heading\">Welcome to the Chablais UNESCO Global Geopark<\/h2>\n<\/div>\n\n<div class=\"block block-core-spacer\">\n<div style=\"height:20px\" aria-hidden=\"true\" class=\"wp-block-spacer\"><\/div>\n<\/div>\n\n<div class=\"block block-core-columns\">\n<div class=\"wp-block-columns is-layout-flex wp-container-core-columns-is-layout-9d6595d7 wp-block-columns-is-layout-flex\"><div class=\"block block-core-column\">\n<div class=\"wp-block-column is-layout-flow wp-block-column-is-layout-flow\" style=\"flex-basis:30%\">\n<figure class=\"wp-block-image size-full is-style-default\"><img loading=\"lazy\" decoding=\"async\" width=\"1869\" height=\"677\" src=\"https:\/\/www.lesgets.com\/wp\/..\/app\/uploads\/2021\/10\/2021_logoGeoparc_UnescoGlobal.png\" alt=\"\" class=\"wp-image-32745\" srcset=\"https:\/\/www.lesgets.com\/wp\/..\/app\/uploads\/2021\/10\/2021_logoGeoparc_UnescoGlobal.png 1869w, https:\/\/www.lesgets.com\/wp\/..\/app\/uploads\/2021\/10\/2021_logoGeoparc_UnescoGlobal-768x278.png 768w, https:\/\/www.lesgets.com\/wp\/..\/app\/uploads\/2021\/10\/2021_logoGeoparc_UnescoGlobal-1536x556.png 1536w, https:\/\/www.lesgets.com\/wp\/..\/app\/uploads\/2021\/10\/2021_logoGeoparc_UnescoGlobal-960x348.png 960w\" sizes=\"auto, (max-width: 1869px) 100vw, 1869px\" \/><\/figure>\n<\/div>\n<\/div>\n\n<div class=\"block block-core-column\">\n<div class=\"wp-block-column is-layout-flow wp-block-column-is-layout-flow\" style=\"flex-basis:70%\"><div class=\"block block-core-freeform\">\n<p>Les Gets is part of the Chablais, designated as UNESCO Global Geopark.<\/p>\n<p>The Chablais stretches from the southern shore of Lake Leman right up to the summits of the Portes<\/p>\n<p>du Soleil. From amazing Earth science to human endeavors, the identity of the Chablais has been shaped over thousands of years. In our story, the geology has played the leading role. It is expressed through magnificient landscapes, remarkable cultural sites, high quality local produces as well as through stories and legends.<\/p>\n<\/div>\n\n<div class=\"block block-core-paragraph\">\n<p><\/p>\n<\/div><\/div>\n<\/div><\/div>\n<\/div>\n\n<p>Chablais Geopark offer you the keys to unlock and immerse yourself in this wealth, and to understand the strength of the ties between man and nature. 21 iconic and easily accessible sites reveal the secrets of its rich heritage. <\/p>\n<p><strong>The Georoute circuit <\/strong>is an important part of the Geopark. It is a walking route linking 20 of the most interesting geological sites where visitors can learn about the geology specific to the region, as they walk. <strong>Les Gets, with its Tourbieres, is a site with a rich geological identity.<\/strong><\/p>\n<p>UNESCO Global Geoparks are areas recognised by UNESCO for their geological heritage of international value and their commitment to conservation, education and local economic development.<\/p>\n\n<div class=\"block block-core-button\">\n<div class=\"wp-block-button\"><a class=\"wp-block-button__link wp-element-button\" href=\"https:\/\/www.geoparc-chablais.com\/\">Learn more about the Chablais Geopark<\/a><\/div>\n<\/div>\n\n<div class=\"block block-core-spacer\">\n<div style=\"height:50px\" aria-hidden=\"true\" class=\"wp-block-spacer\"><\/div>\n<\/div>\n\n<div class=\"block block-genesis-custom-blocks-image-texte\">\r\n\t\t    <div class=\"container-fluid full-width image-gauche fond-blanc\">\r\n\t\t\t\t<div class=\"row\">\r\n\t\t\t\t\t<div class=\"col-lg-6\">\r\n\t\t\t\t\t\t<div class=\"image\" style=\"background-image:url('https:\/\/www.lesgets.com\/wp\/..\/app\/uploads\/2020\/05\/Environnement_Tourbieres_Lac_Ecoles_25_SIAC_A.Berger-960x1080.jpg');\"><\/div>\r\n\t\t\t\t\t<\/div>\r\n\t\t\t\t\t<div class=\"col-lg-6\">\r\n\t\t\t\t\t\t<div class=\"conteneur\">\r\n\t\t\t\t\t\t\t<span class=\"subtitle\"><\/span>\r\n\t\t\t\t\t\t\t<h2>The UNESCO Global Geopark <strong> missions <\/strong> <\/h2>\r\n\t\t\t\t\t\t\t<div><p>The Chablais Geopark participates in the construction of the identity and image of the Chablais region through five main actions:\u00a0<\/p>\n<p><strong>1) Identify, protect, and preserve various types of heritage<\/strong> <\/p>\n<p> It is important to fully understand an area\u2019s geoheritage in order to protect it. Geological formations are the foundation of all ecosystems and human interactions with all landscapes. <\/p>\n<p><strong>2) Education, information, and awareness-raising<\/strong> <\/p>\n<p>Geoparks seek to raise awareness of the connections between this  geological heritage and all other aspects of natural, cultural, and  intangible heritage. <\/p>\n<p><strong>3) Geotourism<\/strong> <\/p>\n<p>Geoparks contribute to the local and sustainable economic development of their area by promoting responsible tourism. <\/p>\n<p><strong>4) Cooperation<\/strong> <\/p>\n<p>Networking lies at the heart of the Geopark\u2019s mission, and is based on cooperation from the local to the international level. <\/p>\n<p><strong> 5)<\/strong> <strong>Sustainable development<\/strong> <\/p>\n<p>Each UNESCO Global Geopark takes a sustainable development approach that supports local communities. <\/p>\n<\/div>\r\n                            \t\t\t\t\t\t<\/div>\r\n\t\t\t\t\t<\/div>\r\n\t\t\t\t<\/div>\r\n\t\t\t<\/div>\r\n\t\t\t<\/div>","protected":false},"excerpt":{"rendered":"<p>Les Gets has been awarded the Chablais UNESCO Global Geopark label thanks to the presence of peat bogs in the area, which play a very important role in our ecosystem.<\/p>\n","protected":false},"author":4,"featured_media":9176,"parent":2918,"menu_order":0,"comment_status":"closed","ping_status":"closed","template":"","meta":{"_acf_changed":false,"footnotes":""},"class_list":["post-2036","page","type-page","status-publish","has-post-thumbnail","hentry"],"acf":[],"yoast_head":"<!-- This site is optimized with the Yoast SEO plugin v27.2 - https:\/\/yoast.com\/product\/yoast-seo-wordpress\/ -->\n<title>Our environmental labels - the Chablais UNESCO Global Geopark - Les Gets<\/title>\n<meta name=\"description\" content=\"Les Gets has been awarded the Chablais UNESCO Global Geopark label thanks to the presence of peat bogs in the area, which play a very important role in our ecosystem.\" \/>\n<meta name=\"robots\" content=\"index, follow, max-snippet:-1, max-image-preview:large, max-video-preview:-1\" \/>\n<link rel=\"canonical\" href=\"https:\/\/www.lesgets.com\/en\/discover-the-resort\/ecotourism\/our-environment-labels\/\" \/>\n<meta property=\"og:locale\" content=\"en_US\" \/>\n<meta property=\"og:type\" content=\"article\" \/>\n<meta property=\"og:title\" content=\"Our environmental labels - the Chablais UNESCO Global Geopark - Les Gets\" \/>\n<meta property=\"og:description\" content=\"Les Gets has been awarded the Chablais UNESCO Global Geopark label thanks to the presence of peat bogs in the area, which play a very important role in our ecosystem.\" \/>\n<meta property=\"og:url\" content=\"https:\/\/www.lesgets.com\/en\/discover-the-resort\/ecotourism\/our-environment-labels\/\" \/>\n<meta property=\"og:site_name\" content=\"Les Gets\" \/>\n<meta property=\"article:modified_time\" content=\"2025-03-19T14:03:44+00:00\" \/>\n<meta property=\"og:image\" content=\"https:\/\/www.lesgets.com\/wp\/..\/app\/uploads\/2020\/05\/Environnement_Zones_Humides_ASTER.jpeg\" \/>\n\t<meta property=\"og:image:width\" content=\"1920\" \/>\n\t<meta property=\"og:image:height\" content=\"1272\" \/>\n\t<meta property=\"og:image:type\" content=\"image\/jpeg\" \/>\n<meta name=\"twitter:card\" content=\"summary_large_image\" \/>\n<meta name=\"twitter:label1\" content=\"Est. reading time\" \/>\n\t<meta name=\"twitter:data1\" content=\"2 minutes\" \/>\n<script type=\"application\/ld+json\" class=\"yoast-schema-graph\">{\"@context\":\"https:\/\/schema.org\",\"@graph\":[{\"@type\":\"WebPage\",\"@id\":\"https:\/\/www.lesgets.com\/en\/discover-the-resort\/ecotourism\/our-environment-labels\/\",\"url\":\"https:\/\/www.lesgets.com\/en\/discover-the-resort\/ecotourism\/our-environment-labels\/\",\"name\":\"Our environmental labels - the Chablais UNESCO Global Geopark - Les Gets\",\"isPartOf\":{\"@id\":\"https:\/\/www.lesgets.com\/en\/#website\"},\"primaryImageOfPage\":{\"@id\":\"https:\/\/www.lesgets.com\/en\/discover-the-resort\/ecotourism\/our-environment-labels\/#primaryimage\"},\"image\":{\"@id\":\"https:\/\/www.lesgets.com\/en\/discover-the-resort\/ecotourism\/our-environment-labels\/#primaryimage\"},\"thumbnailUrl\":\"https:\/\/www.lesgets.com\/wp\/..\/app\/uploads\/2020\/05\/Environnement_Zones_Humides_ASTER.jpeg\",\"datePublished\":\"2020-04-23T07:12:58+00:00\",\"dateModified\":\"2025-03-19T14:03:44+00:00\",\"description\":\"Les Gets has been awarded the Chablais UNESCO Global Geopark label thanks to the presence of peat bogs in the area, which play a very important role in our ecosystem.\",\"breadcrumb\":{\"@id\":\"https:\/\/www.lesgets.com\/en\/discover-the-resort\/ecotourism\/our-environment-labels\/#breadcrumb\"},\"inLanguage\":\"en-US\",\"potentialAction\":[{\"@type\":\"ReadAction\",\"target\":[\"https:\/\/www.lesgets.com\/en\/discover-the-resort\/ecotourism\/our-environment-labels\/\"]}]},{\"@type\":\"ImageObject\",\"inLanguage\":\"en-US\",\"@id\":\"https:\/\/www.lesgets.com\/en\/discover-the-resort\/ecotourism\/our-environment-labels\/#primaryimage\",\"url\":\"https:\/\/www.lesgets.com\/wp\/..\/app\/uploads\/2020\/05\/Environnement_Zones_Humides_ASTER.jpeg\",\"contentUrl\":\"https:\/\/www.lesgets.com\/wp\/..\/app\/uploads\/2020\/05\/Environnement_Zones_Humides_ASTER.jpeg\",\"width\":1920,\"height\":1272,\"caption\":\"Groupe \u00e9coutant une femme donner des explications sur l'environnement en \u00e9t\u00e9\"},{\"@type\":\"BreadcrumbList\",\"@id\":\"https:\/\/www.lesgets.com\/en\/discover-the-resort\/ecotourism\/our-environment-labels\/#breadcrumb\",\"itemListElement\":[{\"@type\":\"ListItem\",\"position\":1,\"name\":\"Home\",\"item\":\"https:\/\/www.lesgets.com\/en\/\"},{\"@type\":\"ListItem\",\"position\":2,\"name\":\"Discover the resort\",\"item\":\"https:\/\/www.lesgets.com\/en\/discover-the-resort\/\"},{\"@type\":\"ListItem\",\"position\":3,\"name\":\"Ecotourism &#038; quality\",\"item\":\"https:\/\/www.lesgets.com\/en\/discover-the-resort\/ecotourism\/\"},{\"@type\":\"ListItem\",\"position\":4,\"name\":\"Our Environment labels\"}]},{\"@type\":\"WebSite\",\"@id\":\"https:\/\/www.lesgets.com\/en\/#website\",\"url\":\"https:\/\/www.lesgets.com\/en\/\",\"name\":\"Les Gets\",\"description\":\"\",\"publisher\":{\"@id\":\"https:\/\/www.lesgets.com\/en\/#organization\"},\"potentialAction\":[{\"@type\":\"SearchAction\",\"target\":{\"@type\":\"EntryPoint\",\"urlTemplate\":\"https:\/\/www.lesgets.com\/en\/?s={search_term_string}\"},\"query-input\":{\"@type\":\"PropertyValueSpecification\",\"valueRequired\":true,\"valueName\":\"search_term_string\"}}],\"inLanguage\":\"en-US\"},{\"@type\":\"Organization\",\"@id\":\"https:\/\/www.lesgets.com\/en\/#organization\",\"name\":\"Les Gets\",\"url\":\"https:\/\/www.lesgets.com\/en\/\",\"logo\":{\"@type\":\"ImageObject\",\"inLanguage\":\"en-US\",\"@id\":\"https:\/\/www.lesgets.com\/en\/#\/schema\/logo\/image\/\",\"url\":\"https:\/\/www.lesgets.com\/wp\/..\/app\/uploads\/2020\/06\/logo_lesgets.png\",\"contentUrl\":\"https:\/\/www.lesgets.com\/wp\/..\/app\/uploads\/2020\/06\/logo_lesgets.png\",\"width\":136,\"height\":115,\"caption\":\"Les Gets\"},\"image\":{\"@id\":\"https:\/\/www.lesgets.com\/en\/#\/schema\/logo\/image\/\"}}]}<\/script>\n<!-- \/ Yoast SEO plugin. -->","yoast_head_json":{"title":"Our environmental labels - the Chablais UNESCO Global Geopark - Les Gets","description":"Les Gets has been awarded the Chablais UNESCO Global Geopark label thanks to the presence of peat bogs in the area, which play a very important role in our ecosystem.","robots":{"index":"index","follow":"follow","max-snippet":"max-snippet:-1","max-image-preview":"max-image-preview:large","max-video-preview":"max-video-preview:-1"},"canonical":"https:\/\/www.lesgets.com\/en\/discover-the-resort\/ecotourism\/our-environment-labels\/","og_locale":"en_US","og_type":"article","og_title":"Our environmental labels - the Chablais UNESCO Global Geopark - Les Gets","og_description":"Les Gets has been awarded the Chablais UNESCO Global Geopark label thanks to the presence of peat bogs in the area, which play a very important role in our ecosystem.","og_url":"https:\/\/www.lesgets.com\/en\/discover-the-resort\/ecotourism\/our-environment-labels\/","og_site_name":"Les Gets","article_modified_time":"2025-03-19T14:03:44+00:00","og_image":[{"width":1920,"height":1272,"url":"https:\/\/www.lesgets.com\/wp\/..\/app\/uploads\/2020\/05\/Environnement_Zones_Humides_ASTER.jpeg","type":"image\/jpeg"}],"twitter_card":"summary_large_image","twitter_misc":{"Est. reading time":"2 minutes"},"schema":{"@context":"https:\/\/schema.org","@graph":[{"@type":"WebPage","@id":"https:\/\/www.lesgets.com\/en\/discover-the-resort\/ecotourism\/our-environment-labels\/","url":"https:\/\/www.lesgets.com\/en\/discover-the-resort\/ecotourism\/our-environment-labels\/","name":"Our environmental labels - the Chablais UNESCO Global Geopark - Les Gets","isPartOf":{"@id":"https:\/\/www.lesgets.com\/en\/#website"},"primaryImageOfPage":{"@id":"https:\/\/www.lesgets.com\/en\/discover-the-resort\/ecotourism\/our-environment-labels\/#primaryimage"},"image":{"@id":"https:\/\/www.lesgets.com\/en\/discover-the-resort\/ecotourism\/our-environment-labels\/#primaryimage"},"thumbnailUrl":"https:\/\/www.lesgets.com\/wp\/..\/app\/uploads\/2020\/05\/Environnement_Zones_Humides_ASTER.jpeg","datePublished":"2020-04-23T07:12:58+00:00","dateModified":"2025-03-19T14:03:44+00:00","description":"Les Gets has been awarded the Chablais UNESCO Global Geopark label thanks to the presence of peat bogs in the area, which play a very important role in our ecosystem.","breadcrumb":{"@id":"https:\/\/www.lesgets.com\/en\/discover-the-resort\/ecotourism\/our-environment-labels\/#breadcrumb"},"inLanguage":"en-US","potentialAction":[{"@type":"ReadAction","target":["https:\/\/www.lesgets.com\/en\/discover-the-resort\/ecotourism\/our-environment-labels\/"]}]},{"@type":"ImageObject","inLanguage":"en-US","@id":"https:\/\/www.lesgets.com\/en\/discover-the-resort\/ecotourism\/our-environment-labels\/#primaryimage","url":"https:\/\/www.lesgets.com\/wp\/..\/app\/uploads\/2020\/05\/Environnement_Zones_Humides_ASTER.jpeg","contentUrl":"https:\/\/www.lesgets.com\/wp\/..\/app\/uploads\/2020\/05\/Environnement_Zones_Humides_ASTER.jpeg","width":1920,"height":1272,"caption":"Groupe \u00e9coutant une femme donner des explications sur l'environnement en \u00e9t\u00e9"},{"@type":"BreadcrumbList","@id":"https:\/\/www.lesgets.com\/en\/discover-the-resort\/ecotourism\/our-environment-labels\/#breadcrumb","itemListElement":[{"@type":"ListItem","position":1,"name":"Home","item":"https:\/\/www.lesgets.com\/en\/"},{"@type":"ListItem","position":2,"name":"Discover the resort","item":"https:\/\/www.lesgets.com\/en\/discover-the-resort\/"},{"@type":"ListItem","position":3,"name":"Ecotourism &#038; quality","item":"https:\/\/www.lesgets.com\/en\/discover-the-resort\/ecotourism\/"},{"@type":"ListItem","position":4,"name":"Our Environment labels"}]},{"@type":"WebSite","@id":"https:\/\/www.lesgets.com\/en\/#website","url":"https:\/\/www.lesgets.com\/en\/","name":"Les Gets","description":"","publisher":{"@id":"https:\/\/www.lesgets.com\/en\/#organization"},"potentialAction":[{"@type":"SearchAction","target":{"@type":"EntryPoint","urlTemplate":"https:\/\/www.lesgets.com\/en\/?s={search_term_string}"},"query-input":{"@type":"PropertyValueSpecification","valueRequired":true,"valueName":"search_term_string"}}],"inLanguage":"en-US"},{"@type":"Organization","@id":"https:\/\/www.lesgets.com\/en\/#organization","name":"Les Gets","url":"https:\/\/www.lesgets.com\/en\/","logo":{"@type":"ImageObject","inLanguage":"en-US","@id":"https:\/\/www.lesgets.com\/en\/#\/schema\/logo\/image\/","url":"https:\/\/www.lesgets.com\/wp\/..\/app\/uploads\/2020\/06\/logo_lesgets.png","contentUrl":"https:\/\/www.lesgets.com\/wp\/..\/app\/uploads\/2020\/06\/logo_lesgets.png","width":136,"height":115,"caption":"Les Gets"},"image":{"@id":"https:\/\/www.lesgets.com\/en\/#\/schema\/logo\/image\/"}}]}},"featured_image_src":"https:\/\/www.lesgets.com\/wp\/..\/app\/uploads\/2020\/05\/Environnement_Zones_Humides_ASTER.jpeg","featured_image_src_square":"https:\/\/www.lesgets.com\/wp\/..\/app\/uploads\/2020\/05\/Environnement_Zones_Humides_ASTER.jpeg","_links":{"self":[{"href":"https:\/\/www.lesgets.com\/en\/wp-json\/wp\/v2\/pages\/2036","targetHints":{"allow":["GET"]}}],"collection":[{"href":"https:\/\/www.lesgets.com\/en\/wp-json\/wp\/v2\/pages"}],"about":[{"href":"https:\/\/www.lesgets.com\/en\/wp-json\/wp\/v2\/types\/page"}],"author":[{"embeddable":true,"href":"https:\/\/www.lesgets.com\/en\/wp-json\/wp\/v2\/users\/4"}],"replies":[{"embeddable":true,"href":"https:\/\/www.lesgets.com\/en\/wp-json\/wp\/v2\/comments?post=2036"}],"version-history":[{"count":5,"href":"https:\/\/www.lesgets.com\/en\/wp-json\/wp\/v2\/pages\/2036\/revisions"}],"predecessor-version":[{"id":54735,"href":"https:\/\/www.lesgets.com\/en\/wp-json\/wp\/v2\/pages\/2036\/revisions\/54735"}],"up":[{"embeddable":true,"href":"https:\/\/www.lesgets.com\/en\/wp-json\/wp\/v2\/pages\/2918"}],"wp:featuredmedia":[{"embeddable":true,"href":"https:\/\/www.lesgets.com\/en\/wp-json\/wp\/v2\/media\/9176"}],"wp:attachment":[{"href":"https:\/\/www.lesgets.com\/en\/wp-json\/wp\/v2\/media?parent=2036"}],"curies":[{"name":"wp","href":"https:\/\/api.w.org\/{rel}","templated":true}]}}