{"id":26918,"date":"2021-03-18T15:12:16","date_gmt":"2021-03-18T14:12:16","guid":{"rendered":"https:\/\/www.lesgets.com\/les-courses\/"},"modified":"2026-02-11T17:06:16","modified_gmt":"2026-02-11T16:06:16","slug":"the-races","status":"publish","type":"page","link":"https:\/\/www.lesgets.com\/en\/trail-des-gets\/the-races\/","title":{"rendered":"The races"},"content":{"rendered":"<div class=\"block block-core-spacer\">\n<div style=\"height:20px\" aria-hidden=\"true\" class=\"wp-block-spacer\"><\/div>\n<\/div>\n\n<p>Choose the format that suits you best and enjoy a breathtaking view of Mont Blanc in every case!<\/p>\n\n<div class=\"block block-genesis-blocks-gb-spacer\">\n<div style=\"color:#ddd\" class=\"wp-block-genesis-blocks-gb-spacer gb-block-spacer gb-divider-solid gb-divider-size-1\"><hr style=\"height:30px\"\/><\/div>\n<\/div>\n\n<div class=\"block block-core-columns\">\n<div class=\"wp-block-columns is-layout-flex wp-container-core-columns-is-layout-9d6595d7 wp-block-columns-is-layout-flex\"><div class=\"block block-core-column\">\n<div class=\"wp-block-column is-layout-flow wp-block-column-is-layout-flow\">\n<figure class=\"wp-block-image size-full\"><a href=\"https:\/\/www.lesgets.com\/en\/trail-des-gets\/the-races\/the-green-trail\/\" target=\"_blank\" rel=\" noreferrer noopener\"><img loading=\"lazy\" decoding=\"async\" width=\"2000\" height=\"2000\" src=\"https:\/\/www.lesgets.com\/wp\/..\/app\/uploads\/2025\/02\/1.png\" alt=\"\" class=\"wp-image-53801\" srcset=\"https:\/\/www.lesgets.com\/wp\/..\/app\/uploads\/2025\/02\/1.png 2000w, https:\/\/www.lesgets.com\/wp\/..\/app\/uploads\/2025\/02\/1-768x768.png 768w, https:\/\/www.lesgets.com\/wp\/..\/app\/uploads\/2025\/02\/1-1536x1536.png 1536w, https:\/\/www.lesgets.com\/wp\/..\/app\/uploads\/2025\/02\/1-600x600.png 600w, https:\/\/www.lesgets.com\/wp\/..\/app\/uploads\/2025\/02\/1-500x500.png 500w, https:\/\/www.lesgets.com\/wp\/..\/app\/uploads\/2025\/02\/1-960x960.png 960w\" sizes=\"auto, (max-width: 2000px) 100vw, 2000px\" \/><\/a><\/figure>\n<\/div>\n<\/div>\n\n<div class=\"block block-core-column\">\n<div class=\"wp-block-column is-layout-flow wp-block-column-is-layout-flow\">\n<figure class=\"wp-block-image size-full\"><a href=\"https:\/\/www.lesgets.com\/en\/trail-des-gets\/the-races\/the-blue-trail\/\" target=\"_blank\" rel=\" noreferrer noopener\"><img loading=\"lazy\" decoding=\"async\" width=\"2000\" height=\"2000\" src=\"https:\/\/www.lesgets.com\/wp\/..\/app\/uploads\/2025\/02\/2.png\" alt=\"\" class=\"wp-image-53804\" srcset=\"https:\/\/www.lesgets.com\/wp\/..\/app\/uploads\/2025\/02\/2.png 2000w, https:\/\/www.lesgets.com\/wp\/..\/app\/uploads\/2025\/02\/2-768x768.png 768w, https:\/\/www.lesgets.com\/wp\/..\/app\/uploads\/2025\/02\/2-1536x1536.png 1536w, https:\/\/www.lesgets.com\/wp\/..\/app\/uploads\/2025\/02\/2-600x600.png 600w, https:\/\/www.lesgets.com\/wp\/..\/app\/uploads\/2025\/02\/2-500x500.png 500w, https:\/\/www.lesgets.com\/wp\/..\/app\/uploads\/2025\/02\/2-960x960.png 960w\" sizes=\"auto, (max-width: 2000px) 100vw, 2000px\" \/><\/a><\/figure>\n<\/div>\n<\/div>\n\n<div class=\"block block-core-column\">\n<div class=\"wp-block-column is-layout-flow wp-block-column-is-layout-flow\">\n<figure class=\"wp-block-image size-full\"><a href=\"https:\/\/www.lesgets.com\/en\/trail-des-gets\/the-races\/the-red-trail\/\" target=\"_blank\" rel=\" noreferrer noopener\"><img loading=\"lazy\" decoding=\"async\" width=\"2000\" height=\"2000\" src=\"https:\/\/www.lesgets.com\/wp\/..\/app\/uploads\/2025\/02\/11KM-1.png\" alt=\"\" class=\"wp-image-53810\" srcset=\"https:\/\/www.lesgets.com\/wp\/..\/app\/uploads\/2025\/02\/11KM-1.png 2000w, https:\/\/www.lesgets.com\/wp\/..\/app\/uploads\/2025\/02\/11KM-1-768x768.png 768w, https:\/\/www.lesgets.com\/wp\/..\/app\/uploads\/2025\/02\/11KM-1-1536x1536.png 1536w, https:\/\/www.lesgets.com\/wp\/..\/app\/uploads\/2025\/02\/11KM-1-600x600.png 600w, https:\/\/www.lesgets.com\/wp\/..\/app\/uploads\/2025\/02\/11KM-1-500x500.png 500w, https:\/\/www.lesgets.com\/wp\/..\/app\/uploads\/2025\/02\/11KM-1-960x960.png 960w\" sizes=\"auto, (max-width: 2000px) 100vw, 2000px\" \/><\/a><\/figure>\n<\/div>\n<\/div>\n\n<div class=\"block block-core-column\">\n<div class=\"wp-block-column is-layout-flow wp-block-column-is-layout-flow\">\n<figure class=\"wp-block-image size-full\"><a href=\"https:\/\/www.lesgets.com\/en\/trail-des-gets\/the-races\/the-mont-chery-challenge\/\" target=\"_blank\" rel=\" noreferrer noopener\"><img loading=\"lazy\" decoding=\"async\" width=\"2000\" height=\"2000\" src=\"https:\/\/www.lesgets.com\/wp\/..\/app\/uploads\/2025\/02\/11KM-1-1.png\" alt=\"\" class=\"wp-image-53813\" srcset=\"https:\/\/www.lesgets.com\/wp\/..\/app\/uploads\/2025\/02\/11KM-1-1.png 2000w, https:\/\/www.lesgets.com\/wp\/..\/app\/uploads\/2025\/02\/11KM-1-1-768x768.png 768w, https:\/\/www.lesgets.com\/wp\/..\/app\/uploads\/2025\/02\/11KM-1-1-1536x1536.png 1536w, https:\/\/www.lesgets.com\/wp\/..\/app\/uploads\/2025\/02\/11KM-1-1-600x600.png 600w, https:\/\/www.lesgets.com\/wp\/..\/app\/uploads\/2025\/02\/11KM-1-1-500x500.png 500w, https:\/\/www.lesgets.com\/wp\/..\/app\/uploads\/2025\/02\/11KM-1-1-960x960.png 960w\" sizes=\"auto, (max-width: 2000px) 100vw, 2000px\" \/><\/a><\/figure>\n<\/div>\n<\/div><\/div>\n<\/div>\n\n<div class=\"block block-core-buttons\">\n<div class=\"wp-block-buttons is-content-justification-center is-layout-flex wp-container-core-buttons-is-layout-16018d1d wp-block-buttons-is-layout-flex\"><div class=\"block block-core-button\">\n<div class=\"wp-block-button\"><a class=\"wp-block-button__link has-luminous-vivid-amber-background-color has-background wp-element-button\" href=\"https:\/\/in.njuko.com\/trail-des-gets-by-rossignol-2026?currentPage=select-competition\" target=\"_blank\" rel=\"noreferrer noopener\">Register<\/a><\/div>\n<\/div><\/div>\n<\/div>\n\n<div class=\"block block-core-heading\">\n<h2 class=\"wp-block-heading\">\ud83d\udd14 Registration for the 2026 edition is now open<\/h2>\n<\/div>\n\n<div class=\"block block-core-paragraph\">\n<p>For all elite registration requests, please send your application to the following address: trail@lesgets.com.<\/p>\n<\/div>\n\n<div class=\"block block-core-buttons\">\n<div class=\"wp-block-buttons is-layout-flex wp-block-buttons-is-layout-flex\"><div class=\"block block-core-button\">\n<div class=\"wp-block-button\"><a class=\"wp-block-button__link wp-element-button\" href=\"https:\/\/in.njuko.com\/trail-des-gets-by-rossignol-2026?currentPage=select-competition\">Register<\/a><\/div>\n<\/div><\/div>\n<\/div>\n\n<div class=\"block block-genesis-blocks-gb-spacer\">\n<div style=\"color:#ddd\" class=\"wp-block-genesis-blocks-gb-spacer gb-block-spacer gb-divider-solid gb-divider-size-1\"><hr style=\"height:30px\"\/><\/div>\n<\/div>\n\n<div class=\"block block-genesis-custom-blocks-pushs\">    <div class=\"pushs-inside blanc\">\r\n        <div class=\"container\">\r\n            <div class=\"row\">\r\n                                        <div class=\"col-4\">\r\n                            <a href=\"https:\/\/www.lesgets.com\/en\/trail-des-gets\/the-races\/the-mont-chery-challenge\/\">\r\n                                <div class=\"img\"><img decoding=\"async\" src=\"https:\/\/www.lesgets.com\/wp\/..\/app\/uploads\/2025\/02\/2024_07_20_Trail-Les-Gets-215-1920x1080.jpg\" alt=\"\">\r\n                                <\/div>\r\n                                <div class=\"conteneur\">\r\n                                    <h3>The Mont Ch\u00e9ry challenge<\/h3>\r\n                                    <p>Would you like to take on the Mont Ch\u00e9ry challenge ? We propose a vertical run of 380D+ in a loop over 4 hours to reach the greatest uphill climb possible! \u00a0<\/p>\r\n                                <\/div>\r\n                            <\/a>\r\n                        <\/div>\r\n                                                <div class=\"col-4\">\r\n                            <a href=\"https:\/\/www.lesgets.com\/en\/trail-des-gets\/the-races\/the-red-trail\/\">\r\n                                <div class=\"img\"><img decoding=\"async\" src=\"https:\/\/www.lesgets.com\/wp\/..\/app\/uploads\/2025\/02\/2024_07_20_Trail-Les-Gets-201-min.jpg\" alt=\"\">\r\n                                <\/div>\r\n                                <div class=\"conteneur\">\r\n                                    <h3>The red trail<\/h3>\r\n                                    <p>For the big Trail des Gets (43 km and 2280 D+\/-). Cross the two sides of Les Gets, taking in the legendary peaks of Ranfoilly, Mont Ch\u00e9ry,&#8230;<\/p>\r\n                                <\/div>\r\n                            <\/a>\r\n                        <\/div>\r\n                                                <div class=\"col-4\">\r\n                            <a href=\"https:\/\/www.lesgets.com\/en\/trail-des-gets\/the-races\/the-blue-trail\/\">\r\n                                <div class=\"img\"><img decoding=\"async\" src=\"https:\/\/www.lesgets.com\/wp\/..\/app\/uploads\/2025\/02\/2024_07_20_Trail-Les-Gets-216-min-1920x1080.jpg\" alt=\"\">\r\n                                <\/div>\r\n                                <div class=\"conteneur\">\r\n                                    <h3>The blue trail<\/h3>\r\n                                    <p>The blue trail (20,5km and 1100D+\/-) offers the option to walk around the Mont Ch\u00e9ry between passages in the forest and mountain pasture crossings. <\/p>\r\n                                <\/div>\r\n                            <\/a>\r\n                        <\/div>\r\n                                    <\/div>\r\n        <\/div>\r\n    <\/div>\r\n<\/div>\n\n<div class=\"block block-genesis-custom-blocks-pushs\">    <div class=\"pushs-inside blanc\">\r\n        <div class=\"container\">\r\n            <div class=\"row\">\r\n                                        <div class=\"col-4\">\r\n                            <a href=\"https:\/\/www.lesgets.com\/traildesgetsbyrossignol\/les-courses\/trail-vert\/\">\r\n                                <div class=\"img\"><img decoding=\"async\" src=\"https:\/\/www.lesgets.com\/wp\/..\/app\/uploads\/2025\/02\/2024_07_20_Trail-Les-Gets-203-1-1920x1080.jpg\" alt=\"\">\r\n                                <\/div>\r\n                                <div class=\"conteneur\">\r\n                                    <h3>Le trail vert<\/h3>\r\n                                    <p>Si vous d\u00e9butez dans la course en montagne, ce trail d\u00e9couverte de 11km et 550D+ entre for\u00eats et alpages est fait pour vous !\u00a0\u00a0<\/p>\r\n                                <\/div>\r\n                            <\/a>\r\n                        <\/div>\r\n                                                <div class=\"col-4\">\r\n                            <a href=\"https:\/\/www.lesgets.com\/traildesgetsbyrossignol\/les-courses\/courses-enfants\/\">\r\n                                <div class=\"img\"><img decoding=\"async\" src=\"https:\/\/www.lesgets.com\/wp\/..\/app\/uploads\/2022\/01\/2021_07_17_trail_des_gets_enfants_LD_LesGets_MelCarle_IMG_0761-1920x1080.jpg\" alt=\"\">\r\n                                <\/div>\r\n                                <div class=\"conteneur\">\r\n                                    <h3>Les courses enfants<\/h3>\r\n                                    <p>Le Trail des Gets, c&#8217;est aussi des \u00e9preuves pour vos enfants. On vous propose 4 courses selon les cat\u00e9gories : 800m, 1500m, 3km ou 6km. <\/p>\r\n                                <\/div>\r\n                            <\/a>\r\n                        <\/div>\r\n                                    <\/div>\r\n        <\/div>\r\n    <\/div>\r\n<\/div>\n\n<div class=\"block block-genesis-blocks-gb-spacer\">\n<div style=\"color:#ddd\" class=\"wp-block-genesis-blocks-gb-spacer gb-block-spacer gb-divider-solid gb-divider-size-1\"><hr style=\"height:30px\"\/><\/div>\n<\/div>\n\n\n<figure class=\"wp-block-image size-full\"><img loading=\"lazy\" decoding=\"async\" width=\"2000\" height=\"524\" src=\"https:\/\/www.lesgets.com\/wp\/..\/app\/uploads\/2025\/06\/Trail-partenaire.png\" alt=\"\" class=\"wp-image-63268\" srcset=\"https:\/\/www.lesgets.com\/wp\/..\/app\/uploads\/2025\/06\/Trail-partenaire.png 2000w, https:\/\/www.lesgets.com\/wp\/..\/app\/uploads\/2025\/06\/Trail-partenaire-768x201.png 768w, https:\/\/www.lesgets.com\/wp\/..\/app\/uploads\/2025\/06\/Trail-partenaire-1536x402.png 1536w, https:\/\/www.lesgets.com\/wp\/..\/app\/uploads\/2025\/06\/Trail-partenaire-960x252.png 960w\" sizes=\"auto, (max-width: 2000px) 100vw, 2000px\" \/><\/figure>\n\n\n<div class=\"block block-core-spacer\">\n<div style=\"height:100px\" aria-hidden=\"true\" class=\"wp-block-spacer\"><\/div>\n<\/div>","protected":false},"excerpt":{"rendered":"<p>11, 21 or 43 km and\/or the Mont Ch\u00e9ry challenge&#8230; Choose the format that suits you best and in all cases enjoy breathtaking views of Mont Blanc!<\/p>\n","protected":false},"author":4,"featured_media":53774,"parent":26991,"menu_order":0,"comment_status":"closed","ping_status":"closed","template":"","meta":{"_acf_changed":false,"footnotes":""},"class_list":["post-26918","page","type-page","status-publish","has-post-thumbnail","hentry"],"acf":[],"yoast_head":"<!-- This site is optimized with the Yoast SEO plugin v27.3 - https:\/\/yoast.com\/product\/yoast-seo-wordpress\/ -->\n<title>Trail des Gets - Discover all the adult and children&#039;s races<\/title>\n<meta name=\"description\" content=\"10,5, 20 or 43km and\/or the Mont Ch\u00e9ry challenge... Choose the format that suits you best and in all cases enjoy breathtaking views of Mont Blanc!\" \/>\n<meta name=\"robots\" content=\"index, follow, max-snippet:-1, max-image-preview:large, max-video-preview:-1\" \/>\n<link rel=\"canonical\" href=\"https:\/\/www.lesgets.com\/en\/trail-des-gets\/the-races\/\" \/>\n<meta property=\"og:locale\" content=\"en_US\" \/>\n<meta property=\"og:type\" content=\"article\" \/>\n<meta property=\"og:title\" content=\"Trail des Gets - Discover all the adult and children&#039;s races\" \/>\n<meta property=\"og:description\" content=\"10,5, 20 or 43km and\/or the Mont Ch\u00e9ry challenge... Choose the format that suits you best and in all cases enjoy breathtaking views of Mont Blanc!\" \/>\n<meta property=\"og:url\" content=\"https:\/\/www.lesgets.com\/en\/trail-des-gets\/the-races\/\" \/>\n<meta property=\"og:site_name\" content=\"Les Gets\" \/>\n<meta property=\"article:modified_time\" content=\"2026-02-11T16:06:16+00:00\" \/>\n<meta property=\"og:image\" content=\"https:\/\/www.lesgets.com\/wp\/..\/app\/uploads\/2025\/02\/courses.jpg\" \/>\n\t<meta property=\"og:image:width\" content=\"2388\" \/>\n\t<meta property=\"og:image:height\" content=\"740\" \/>\n\t<meta property=\"og:image:type\" content=\"image\/jpeg\" \/>\n<meta name=\"twitter:card\" content=\"summary_large_image\" \/>\n<meta name=\"twitter:label1\" content=\"Est. reading time\" \/>\n\t<meta name=\"twitter:data1\" content=\"2 minutes\" \/>\n<script type=\"application\/ld+json\" class=\"yoast-schema-graph\">{\"@context\":\"https:\\\/\\\/schema.org\",\"@graph\":[{\"@type\":\"WebPage\",\"@id\":\"https:\\\/\\\/www.lesgets.com\\\/en\\\/trail-des-gets\\\/the-races\\\/\",\"url\":\"https:\\\/\\\/www.lesgets.com\\\/en\\\/trail-des-gets\\\/the-races\\\/\",\"name\":\"Trail des Gets - Discover all the adult and children's races\",\"isPartOf\":{\"@id\":\"https:\\\/\\\/www.lesgets.com\\\/en\\\/#website\"},\"primaryImageOfPage\":{\"@id\":\"https:\\\/\\\/www.lesgets.com\\\/en\\\/trail-des-gets\\\/the-races\\\/#primaryimage\"},\"image\":{\"@id\":\"https:\\\/\\\/www.lesgets.com\\\/en\\\/trail-des-gets\\\/the-races\\\/#primaryimage\"},\"thumbnailUrl\":\"https:\\\/\\\/www.lesgets.com\\\/wp\\\/..\\\/app\\\/uploads\\\/2025\\\/02\\\/courses.jpg\",\"datePublished\":\"2021-03-18T14:12:16+00:00\",\"dateModified\":\"2026-02-11T16:06:16+00:00\",\"description\":\"10,5, 20 or 43km and\\\/or the Mont Ch\u00e9ry challenge... Choose the format that suits you best and in all cases enjoy breathtaking views of Mont Blanc!\",\"breadcrumb\":{\"@id\":\"https:\\\/\\\/www.lesgets.com\\\/en\\\/trail-des-gets\\\/the-races\\\/#breadcrumb\"},\"inLanguage\":\"en-US\",\"potentialAction\":[{\"@type\":\"ReadAction\",\"target\":[\"https:\\\/\\\/www.lesgets.com\\\/en\\\/trail-des-gets\\\/the-races\\\/\"]}]},{\"@type\":\"ImageObject\",\"inLanguage\":\"en-US\",\"@id\":\"https:\\\/\\\/www.lesgets.com\\\/en\\\/trail-des-gets\\\/the-races\\\/#primaryimage\",\"url\":\"https:\\\/\\\/www.lesgets.com\\\/wp\\\/..\\\/app\\\/uploads\\\/2025\\\/02\\\/courses.jpg\",\"contentUrl\":\"https:\\\/\\\/www.lesgets.com\\\/wp\\\/..\\\/app\\\/uploads\\\/2025\\\/02\\\/courses.jpg\",\"width\":2388,\"height\":740,\"caption\":\"Screenshot\"},{\"@type\":\"BreadcrumbList\",\"@id\":\"https:\\\/\\\/www.lesgets.com\\\/en\\\/trail-des-gets\\\/the-races\\\/#breadcrumb\",\"itemListElement\":[{\"@type\":\"ListItem\",\"position\":1,\"name\":\"Home\",\"item\":\"https:\\\/\\\/www.lesgets.com\\\/en\\\/\"},{\"@type\":\"ListItem\",\"position\":2,\"name\":\"Trail of Les Gets by Rossignol\",\"item\":\"https:\\\/\\\/www.lesgets.com\\\/en\\\/trail-des-gets\\\/\"},{\"@type\":\"ListItem\",\"position\":3,\"name\":\"The races\"}]},{\"@type\":\"WebSite\",\"@id\":\"https:\\\/\\\/www.lesgets.com\\\/en\\\/#website\",\"url\":\"https:\\\/\\\/www.lesgets.com\\\/en\\\/\",\"name\":\"Les Gets\",\"description\":\"\",\"publisher\":{\"@id\":\"https:\\\/\\\/www.lesgets.com\\\/en\\\/#organization\"},\"potentialAction\":[{\"@type\":\"SearchAction\",\"target\":{\"@type\":\"EntryPoint\",\"urlTemplate\":\"https:\\\/\\\/www.lesgets.com\\\/en\\\/?s={search_term_string}\"},\"query-input\":{\"@type\":\"PropertyValueSpecification\",\"valueRequired\":true,\"valueName\":\"search_term_string\"}}],\"inLanguage\":\"en-US\"},{\"@type\":\"Organization\",\"@id\":\"https:\\\/\\\/www.lesgets.com\\\/en\\\/#organization\",\"name\":\"Les Gets\",\"url\":\"https:\\\/\\\/www.lesgets.com\\\/en\\\/\",\"logo\":{\"@type\":\"ImageObject\",\"inLanguage\":\"en-US\",\"@id\":\"https:\\\/\\\/www.lesgets.com\\\/en\\\/#\\\/schema\\\/logo\\\/image\\\/\",\"url\":\"https:\\\/\\\/www.lesgets.com\\\/wp\\\/..\\\/app\\\/uploads\\\/2020\\\/06\\\/logo_lesgets.png\",\"contentUrl\":\"https:\\\/\\\/www.lesgets.com\\\/wp\\\/..\\\/app\\\/uploads\\\/2020\\\/06\\\/logo_lesgets.png\",\"width\":136,\"height\":115,\"caption\":\"Les Gets\"},\"image\":{\"@id\":\"https:\\\/\\\/www.lesgets.com\\\/en\\\/#\\\/schema\\\/logo\\\/image\\\/\"}}]}<\/script>\n<!-- \/ Yoast SEO plugin. -->","yoast_head_json":{"title":"Trail des Gets - Discover all the adult and children's races","description":"10,5, 20 or 43km and\/or the Mont Ch\u00e9ry challenge... Choose the format that suits you best and in all cases enjoy breathtaking views of Mont Blanc!","robots":{"index":"index","follow":"follow","max-snippet":"max-snippet:-1","max-image-preview":"max-image-preview:large","max-video-preview":"max-video-preview:-1"},"canonical":"https:\/\/www.lesgets.com\/en\/trail-des-gets\/the-races\/","og_locale":"en_US","og_type":"article","og_title":"Trail des Gets - Discover all the adult and children's races","og_description":"10,5, 20 or 43km and\/or the Mont Ch\u00e9ry challenge... Choose the format that suits you best and in all cases enjoy breathtaking views of Mont Blanc!","og_url":"https:\/\/www.lesgets.com\/en\/trail-des-gets\/the-races\/","og_site_name":"Les Gets","article_modified_time":"2026-02-11T16:06:16+00:00","og_image":[{"width":2388,"height":740,"url":"https:\/\/www.lesgets.com\/wp\/..\/app\/uploads\/2025\/02\/courses.jpg","type":"image\/jpeg"}],"twitter_card":"summary_large_image","twitter_misc":{"Est. reading time":"2 minutes"},"schema":{"@context":"https:\/\/schema.org","@graph":[{"@type":"WebPage","@id":"https:\/\/www.lesgets.com\/en\/trail-des-gets\/the-races\/","url":"https:\/\/www.lesgets.com\/en\/trail-des-gets\/the-races\/","name":"Trail des Gets - Discover all the adult and children's races","isPartOf":{"@id":"https:\/\/www.lesgets.com\/en\/#website"},"primaryImageOfPage":{"@id":"https:\/\/www.lesgets.com\/en\/trail-des-gets\/the-races\/#primaryimage"},"image":{"@id":"https:\/\/www.lesgets.com\/en\/trail-des-gets\/the-races\/#primaryimage"},"thumbnailUrl":"https:\/\/www.lesgets.com\/wp\/..\/app\/uploads\/2025\/02\/courses.jpg","datePublished":"2021-03-18T14:12:16+00:00","dateModified":"2026-02-11T16:06:16+00:00","description":"10,5, 20 or 43km and\/or the Mont Ch\u00e9ry challenge... Choose the format that suits you best and in all cases enjoy breathtaking views of Mont Blanc!","breadcrumb":{"@id":"https:\/\/www.lesgets.com\/en\/trail-des-gets\/the-races\/#breadcrumb"},"inLanguage":"en-US","potentialAction":[{"@type":"ReadAction","target":["https:\/\/www.lesgets.com\/en\/trail-des-gets\/the-races\/"]}]},{"@type":"ImageObject","inLanguage":"en-US","@id":"https:\/\/www.lesgets.com\/en\/trail-des-gets\/the-races\/#primaryimage","url":"https:\/\/www.lesgets.com\/wp\/..\/app\/uploads\/2025\/02\/courses.jpg","contentUrl":"https:\/\/www.lesgets.com\/wp\/..\/app\/uploads\/2025\/02\/courses.jpg","width":2388,"height":740,"caption":"Screenshot"},{"@type":"BreadcrumbList","@id":"https:\/\/www.lesgets.com\/en\/trail-des-gets\/the-races\/#breadcrumb","itemListElement":[{"@type":"ListItem","position":1,"name":"Home","item":"https:\/\/www.lesgets.com\/en\/"},{"@type":"ListItem","position":2,"name":"Trail of Les Gets by Rossignol","item":"https:\/\/www.lesgets.com\/en\/trail-des-gets\/"},{"@type":"ListItem","position":3,"name":"The races"}]},{"@type":"WebSite","@id":"https:\/\/www.lesgets.com\/en\/#website","url":"https:\/\/www.lesgets.com\/en\/","name":"Les Gets","description":"","publisher":{"@id":"https:\/\/www.lesgets.com\/en\/#organization"},"potentialAction":[{"@type":"SearchAction","target":{"@type":"EntryPoint","urlTemplate":"https:\/\/www.lesgets.com\/en\/?s={search_term_string}"},"query-input":{"@type":"PropertyValueSpecification","valueRequired":true,"valueName":"search_term_string"}}],"inLanguage":"en-US"},{"@type":"Organization","@id":"https:\/\/www.lesgets.com\/en\/#organization","name":"Les Gets","url":"https:\/\/www.lesgets.com\/en\/","logo":{"@type":"ImageObject","inLanguage":"en-US","@id":"https:\/\/www.lesgets.com\/en\/#\/schema\/logo\/image\/","url":"https:\/\/www.lesgets.com\/wp\/..\/app\/uploads\/2020\/06\/logo_lesgets.png","contentUrl":"https:\/\/www.lesgets.com\/wp\/..\/app\/uploads\/2020\/06\/logo_lesgets.png","width":136,"height":115,"caption":"Les Gets"},"image":{"@id":"https:\/\/www.lesgets.com\/en\/#\/schema\/logo\/image\/"}}]}},"featured_image_src":"https:\/\/www.lesgets.com\/wp\/..\/app\/uploads\/2025\/02\/courses-600x400.jpg","featured_image_src_square":"https:\/\/www.lesgets.com\/wp\/..\/app\/uploads\/2025\/02\/courses-600x600.jpg","_links":{"self":[{"href":"https:\/\/www.lesgets.com\/en\/wp-json\/wp\/v2\/pages\/26918","targetHints":{"allow":["GET"]}}],"collection":[{"href":"https:\/\/www.lesgets.com\/en\/wp-json\/wp\/v2\/pages"}],"about":[{"href":"https:\/\/www.lesgets.com\/en\/wp-json\/wp\/v2\/types\/page"}],"author":[{"embeddable":true,"href":"https:\/\/www.lesgets.com\/en\/wp-json\/wp\/v2\/users\/4"}],"replies":[{"embeddable":true,"href":"https:\/\/www.lesgets.com\/en\/wp-json\/wp\/v2\/comments?post=26918"}],"version-history":[{"count":5,"href":"https:\/\/www.lesgets.com\/en\/wp-json\/wp\/v2\/pages\/26918\/revisions"}],"predecessor-version":[{"id":98014,"href":"https:\/\/www.lesgets.com\/en\/wp-json\/wp\/v2\/pages\/26918\/revisions\/98014"}],"up":[{"embeddable":true,"href":"https:\/\/www.lesgets.com\/en\/wp-json\/wp\/v2\/pages\/26991"}],"wp:featuredmedia":[{"embeddable":true,"href":"https:\/\/www.lesgets.com\/en\/wp-json\/wp\/v2\/media\/53774"}],"wp:attachment":[{"href":"https:\/\/www.lesgets.com\/en\/wp-json\/wp\/v2\/media?parent=26918"}],"curies":[{"name":"wp","href":"https:\/\/api.w.org\/{rel}","templated":true}]}}