{"id":26936,"date":"2021-03-18T16:01:12","date_gmt":"2021-03-18T15:01:12","guid":{"rendered":"https:\/\/www.lesgets.com\/programme\/"},"modified":"2025-06-24T14:21:10","modified_gmt":"2025-06-24T12:21:10","slug":"faq","status":"publish","type":"page","link":"https:\/\/www.lesgets.com\/en\/trail-des-gets\/faq\/","title":{"rendered":"FAQ"},"content":{"rendered":"<div class=\"block block-core-spacer\">\n<div style=\"height:20px\" aria-hidden=\"true\" class=\"wp-block-spacer\"><\/div>\n<\/div>\n\n<div class=\"block block-core-columns\">\n<div class=\"wp-block-columns is-layout-flex wp-container-core-columns-is-layout-9d6595d7 wp-block-columns-is-layout-flex\"><div class=\"block block-core-column\">\n<div class=\"wp-block-column is-layout-flow wp-block-column-is-layout-flow\"><div class=\"block block-core-heading\">\n<h2 class=\"wp-block-heading\"><strong>The Races<\/strong><\/h2>\n<\/div>\n\n<div class=\"block block-core-paragraph\">\n<p>Which one to choose ? <\/p>\n<\/div><\/div>\n<\/div>\n\n<div class=\"block block-core-column\">\n<div class=\"wp-block-column is-layout-flow wp-block-column-is-layout-flow\"><div class=\"wp-block-image\">\n<figure class=\"aligncenter size-full is-resized\"><img loading=\"lazy\" decoding=\"async\" width=\"512\" height=\"512\" src=\"https:\/\/www.lesgets.com\/wp\/..\/app\/uploads\/2025\/02\/coureur.png\" alt=\"\" class=\"wp-image-53856\" style=\"width:112px\" srcset=\"https:\/\/www.lesgets.com\/wp\/..\/app\/uploads\/2025\/02\/coureur.png 512w, https:\/\/www.lesgets.com\/wp\/..\/app\/uploads\/2025\/02\/coureur-500x500.png 500w\" sizes=\"auto, (max-width: 512px) 100vw, 512px\" \/><\/figure>\n<\/div><\/div>\n<\/div><\/div>\n<\/div>\n\n<div class=\"block block-core-heading\">\n<h4 class=\"wp-block-heading\">What is The Ch\u00e9ry challenge ? <\/h4>\n<\/div>\n\n<div class=\"block block-core-paragraph\">\n<p>Opt for a different race format with 4 hours of racing against the clock and pushing yourself to the limit! The Mont\u00e9e du Ch\u00e9ry is 1.9km (uphill) with 380D+ and a gondola descent. If you&#8217;re feeling brave, you can do the Mont\u00e9e du Ch\u00e9ry on Saturday, followed by a trail run on Sunday.<br><a href=\"https:\/\/www.lesgets.com\/en\/trail-des-gets\/the-races\/the-mont-chery-challenge\/\" target=\"_blank\" rel=\"noreferrer noopener\">Read more<\/a><\/p>\n<\/div>\n\n<div class=\"block block-core-heading\">\n<h4 class=\"wp-block-heading\">Are there races for children ? <\/h4>\n<\/div>\n\n<div class=\"block block-core-paragraph\">\n<p>Yes, children can run in the early years category (from the age of 6). You can find <a href=\"https:\/\/www.lesgets.com\/en\/trail-des-gets\/the-races\/\" target=\"_blank\" rel=\"noreferrer noopener\">all the race formats here.<\/a> People under 20 years old cannot register for the red trail and the blue trail.<\/p>\n<\/div>\n\n<div class=\"block block-core-heading\">\n<h4 class=\"wp-block-heading\">What is the new trail for the Red Race ? <\/h4>\n<\/div>\n\n<div class=\"block block-core-paragraph\">\n<p>This year, discover a new route for those who like to get into the red! No more sticking to just one side of the village: for the 2025 edition, run the length and breadth of Les Gets. Start in the centre, head towards the Chavannes side, then continue along the Mont Ch\u00e9ry side. A route with unique landscapes.<br><a href=\"https:\/\/www.lesgets.com\/en\/trail-des-gets\/the-races\/the-red-trail\/\" target=\"_blank\" rel=\"noreferrer noopener\">Sign up<\/a><\/p>\n<\/div>\n\n<div class=\"block block-core-paragraph\">\n<p><strong><a href=\"https:\/\/www.lesgets.com\/en\/trail-des-gets\/the-races\/\" target=\"_blank\" rel=\"noreferrer noopener\">Find out all the others races<\/a><\/strong><\/p>\n<\/div>\n\n<div class=\"block block-genesis-blocks-gb-spacer\">\n<div style=\"color:#ddd\" class=\"wp-block-genesis-blocks-gb-spacer gb-block-spacer gb-divider-solid gb-divider-size-1\"><hr style=\"height:30px\"\/><\/div>\n<\/div>\n\n<div class=\"block block-core-columns\">\n<div class=\"wp-block-columns is-layout-flex wp-container-core-columns-is-layout-9d6595d7 wp-block-columns-is-layout-flex\"><div class=\"block block-core-column\">\n<div class=\"wp-block-column is-layout-flow wp-block-column-is-layout-flow\"><div class=\"block block-core-heading\">\n<h2 class=\"wp-block-heading\"><strong>Registrations<\/strong><\/h2>\n<\/div>\n\n<div class=\"block block-core-paragraph\">\n<p><\/p>\n<\/div><\/div>\n<\/div>\n\n<div class=\"block block-core-column\">\n<div class=\"wp-block-column is-layout-flow wp-block-column-is-layout-flow\"><div class=\"wp-block-image\">\n<figure class=\"aligncenter size-full is-resized\"><img loading=\"lazy\" decoding=\"async\" width=\"512\" height=\"512\" src=\"https:\/\/www.lesgets.com\/wp\/..\/app\/uploads\/2025\/01\/enregistrement-en-ligne.png\" alt=\"\" class=\"wp-image-52635\" style=\"width:112px\" srcset=\"https:\/\/www.lesgets.com\/wp\/..\/app\/uploads\/2025\/01\/enregistrement-en-ligne.png 512w, https:\/\/www.lesgets.com\/wp\/..\/app\/uploads\/2025\/01\/enregistrement-en-ligne-500x500.png 500w\" sizes=\"auto, (max-width: 512px) 100vw, 512px\" \/><\/figure>\n<\/div><\/div>\n<\/div><\/div>\n<\/div>\n\n<div class=\"block block-core-heading\">\n<h4 class=\"wp-block-heading\">Is the medical certificat mandatory ? <\/h4>\n<\/div>\n\n<div class=\"block block-core-paragraph\">\n<p>No. You don&#8217;t necessarily need a medical certificate &#8211; your athletics licence number is all you need. If you don&#8217;t have a licence, you can obtain a certificate of fitness in just a few minutes by following the health prevention course available on the <a href=\"https:\/\/pps.athle.fr\/\" target=\"_blank\" rel=\"noreferrer noopener\">athle.fr <\/a>website.<\/p>\n<\/div>\n\n<div class=\"block block-core-heading\">\n<h4 class=\"wp-block-heading\">My registration is still incomplete, what can I do ? <\/h4>\n<\/div>\n\n<div class=\"block block-core-paragraph\">\n<p>Please note: your registration is not yet complete. Please check that your licence\/PPS number has been entered correctly. If the problem persists, your registration payment has not been recorded. You can log on to your I-chrono space using the runner code given in the registration confirmation email.<br>We remain available at <a href=\"mailto:trail@lesgets.com\">trail@lesgets.com<\/a>.<\/p>\n<\/div>\n\n<div class=\"block block-core-heading\">\n<h4 class=\"wp-block-heading\">Are there elite race numbers?<\/h4>\n<\/div>\n\n<div class=\"block block-core-paragraph\">\n<p>Elite race numbers can only be obtained on request from <a href=\"mailto:trail@lesgets.com\">trail@lesgets.com<\/a><\/p>\n<\/div>\n\n<div class=\"block block-genesis-blocks-gb-spacer\">\n<div style=\"color:#ddd\" class=\"wp-block-genesis-blocks-gb-spacer gb-block-spacer gb-divider-solid gb-divider-size-1\"><hr style=\"height:30px\"\/><\/div>\n<\/div>\n\n<div class=\"block block-core-columns\">\n<div class=\"wp-block-columns is-layout-flex wp-container-core-columns-is-layout-9d6595d7 wp-block-columns-is-layout-flex\"><div class=\"block block-core-column\">\n<div class=\"wp-block-column is-layout-flow wp-block-column-is-layout-flow\"><div class=\"block block-core-heading\">\n<h2 class=\"wp-block-heading\"><strong>Practical informations<\/strong><\/h2>\n<\/div>\n\n<div class=\"block block-core-paragraph\">\n<p><\/p>\n<\/div><\/div>\n<\/div>\n\n<div class=\"block block-core-column\">\n<div class=\"wp-block-column is-layout-flow wp-block-column-is-layout-flow\"><div class=\"wp-block-image\">\n<figure class=\"aligncenter size-full is-resized\"><img loading=\"lazy\" decoding=\"async\" width=\"512\" height=\"512\" src=\"https:\/\/www.lesgets.com\/wp\/..\/app\/uploads\/2025\/01\/verifier.png\" alt=\"\" class=\"wp-image-52638\" style=\"width:112px\" srcset=\"https:\/\/www.lesgets.com\/wp\/..\/app\/uploads\/2025\/01\/verifier.png 512w, https:\/\/www.lesgets.com\/wp\/..\/app\/uploads\/2025\/01\/verifier-500x500.png 500w\" sizes=\"auto, (max-width: 512px) 100vw, 512px\" \/><\/figure>\n<\/div><\/div>\n<\/div><\/div>\n<\/div>\n\n<div class=\"block block-core-heading\">\n<h4 class=\"wp-block-heading\">Where I can find the departure times ? <\/h4>\n<\/div>\n\n<div class=\"block block-core-paragraph\">\n<p>Each route has different departure times. You can find full details on the <a href=\"https:\/\/www.lesgets.com\/en\/trail-des-gets\/practical-information-2\/\">Practical info<\/a> page.<\/p>\n<\/div>\n\n<div class=\"block block-core-heading\">\n<h4 class=\"wp-block-heading\">How can I can to Les Gets and where can I park ? <\/h4>\n<\/div>\n\n<div class=\"block block-core-paragraph\">\n<p>You can find all the access details on our page: <a href=\"https:\/\/www.lesgets.com\/en\/discover-the-resort\/mountain-resort\/getting-there\/\">Access<\/a>.<\/p>\n<\/div>\n\n<div class=\"block block-core-heading\">\n<h4 class=\"wp-block-heading\">Are dogs allowed on the course?<\/h4>\n<\/div>\n\n<div class=\"block block-core-paragraph\">\n<p>No, except in medical cases requiring the animal&#8217;s presence.<br><\/p>\n<\/div>\n\n\n<figure class=\"wp-block-gallery has-nested-images columns-default is-cropped wp-block-gallery-1 is-layout-flex wp-block-gallery-is-layout-flex\">\n<figure class=\"wp-block-image size-large\"><img loading=\"lazy\" decoding=\"async\" width=\"1200\" height=\"800\" data-id=\"34152\" src=\"https:\/\/www.lesgets.com\/wp\/..\/app\/uploads\/2022\/01\/2021_07_18_trail_des_gets_arrivee_lesgets_LD_Manon_Guenot_7RA00975.jpg\" alt=\"\" class=\"wp-image-34152\" srcset=\"https:\/\/www.lesgets.com\/wp\/..\/app\/uploads\/2022\/01\/2021_07_18_trail_des_gets_arrivee_lesgets_LD_Manon_Guenot_7RA00975.jpg 1200w, https:\/\/www.lesgets.com\/wp\/..\/app\/uploads\/2022\/01\/2021_07_18_trail_des_gets_arrivee_lesgets_LD_Manon_Guenot_7RA00975-768x512.jpg 768w, https:\/\/www.lesgets.com\/wp\/..\/app\/uploads\/2022\/01\/2021_07_18_trail_des_gets_arrivee_lesgets_LD_Manon_Guenot_7RA00975-600x400.jpg 600w, https:\/\/www.lesgets.com\/wp\/..\/app\/uploads\/2022\/01\/2021_07_18_trail_des_gets_arrivee_lesgets_LD_Manon_Guenot_7RA00975-960x640.jpg 960w\" sizes=\"auto, (max-width: 1200px) 100vw, 1200px\" \/><\/figure>\n\n\n\n<figure class=\"wp-block-image size-large\"><img loading=\"lazy\" decoding=\"async\" width=\"1920\" height=\"1280\" data-id=\"34223\" src=\"https:\/\/www.lesgets.com\/wp\/..\/app\/uploads\/2022\/01\/2021_07_17_trail_des_gets_defi_chery_LD_LesGets_MelCarle_IMG_0969.jpg\" alt=\"\" class=\"wp-image-34223\" srcset=\"https:\/\/www.lesgets.com\/wp\/..\/app\/uploads\/2022\/01\/2021_07_17_trail_des_gets_defi_chery_LD_LesGets_MelCarle_IMG_0969.jpg 1920w, https:\/\/www.lesgets.com\/wp\/..\/app\/uploads\/2022\/01\/2021_07_17_trail_des_gets_defi_chery_LD_LesGets_MelCarle_IMG_0969-768x512.jpg 768w, https:\/\/www.lesgets.com\/wp\/..\/app\/uploads\/2022\/01\/2021_07_17_trail_des_gets_defi_chery_LD_LesGets_MelCarle_IMG_0969-1536x1024.jpg 1536w, https:\/\/www.lesgets.com\/wp\/..\/app\/uploads\/2022\/01\/2021_07_17_trail_des_gets_defi_chery_LD_LesGets_MelCarle_IMG_0969-600x400.jpg 600w, https:\/\/www.lesgets.com\/wp\/..\/app\/uploads\/2022\/01\/2021_07_17_trail_des_gets_defi_chery_LD_LesGets_MelCarle_IMG_0969-960x640.jpg 960w\" sizes=\"auto, (max-width: 1920px) 100vw, 1920px\" \/><\/figure>\n<\/figure>\n\n\n<div class=\"block block-genesis-blocks-gb-spacer\">\n<div style=\"color:#ddd\" class=\"wp-block-genesis-blocks-gb-spacer gb-block-spacer gb-divider-solid gb-divider-size-1\"><hr style=\"height:30px\"\/><\/div>\n<\/div>\n\n\n<figure class=\"wp-block-image size-full\"><img loading=\"lazy\" decoding=\"async\" width=\"2000\" height=\"524\" src=\"https:\/\/www.lesgets.com\/wp\/..\/app\/uploads\/2025\/02\/Trail-partenaire.png\" alt=\"\" class=\"wp-image-54028\" srcset=\"https:\/\/www.lesgets.com\/wp\/..\/app\/uploads\/2025\/02\/Trail-partenaire.png 2000w, https:\/\/www.lesgets.com\/wp\/..\/app\/uploads\/2025\/02\/Trail-partenaire-768x201.png 768w, https:\/\/www.lesgets.com\/wp\/..\/app\/uploads\/2025\/02\/Trail-partenaire-1536x402.png 1536w, https:\/\/www.lesgets.com\/wp\/..\/app\/uploads\/2025\/02\/Trail-partenaire-960x252.png 960w\" sizes=\"auto, (max-width: 2000px) 100vw, 2000px\" \/><\/figure>\n\n\n<div class=\"block block-core-spacer\">\n<div style=\"height:100px\" aria-hidden=\"true\" class=\"wp-block-spacer\"><\/div>\n<\/div>\n\n<div class=\"block block-core-paragraph\">\n<p><\/p>\n<\/div>","protected":false},"excerpt":{"rendered":"<p>Find out the questions of this 100% trail weekend on 19 and 20 July 2025: numbers collection, departures and prize-giving. <\/p>\n","protected":false},"author":4,"featured_media":26172,"parent":26991,"menu_order":0,"comment_status":"closed","ping_status":"closed","template":"","meta":{"_acf_changed":false,"footnotes":""},"class_list":["post-26936","page","type-page","status-publish","has-post-thumbnail","hentry"],"acf":[],"yoast_head":"<!-- This site is optimized with the Yoast SEO plugin v27.2 - https:\/\/yoast.com\/product\/yoast-seo-wordpress\/ -->\n<title>Trail des Gets - FAQ<\/title>\n<meta name=\"description\" content=\"Find out the questions of this 100% trail weekend on 19 and 20 July 2025: numbers collection, departures and prize-giving.\" \/>\n<meta name=\"robots\" content=\"index, follow, max-snippet:-1, max-image-preview:large, max-video-preview:-1\" \/>\n<link rel=\"canonical\" href=\"https:\/\/www.lesgets.com\/en\/trail-des-gets\/faq\/\" \/>\n<meta property=\"og:locale\" content=\"en_US\" \/>\n<meta property=\"og:type\" content=\"article\" \/>\n<meta property=\"og:title\" content=\"Trail des Gets - FAQ\" \/>\n<meta property=\"og:description\" content=\"Find out the questions of this 100% trail weekend on 19 and 20 July 2025: numbers collection, departures and prize-giving.\" \/>\n<meta property=\"og:url\" content=\"https:\/\/www.lesgets.com\/en\/trail-des-gets\/faq\/\" \/>\n<meta property=\"og:site_name\" content=\"Les Gets\" \/>\n<meta property=\"article:modified_time\" content=\"2025-06-24T12:21:10+00:00\" \/>\n<meta property=\"og:image\" content=\"https:\/\/www.lesgets.com\/wp\/..\/app\/uploads\/2021\/02\/2019_08_25_Trail_des_gets_depart_coureurs_Lesgets_Manon_Guenot_08573.jpg\" \/>\n\t<meta property=\"og:image:width\" content=\"1920\" \/>\n\t<meta property=\"og:image:height\" content=\"1280\" \/>\n\t<meta property=\"og:image:type\" content=\"image\/jpeg\" \/>\n<meta name=\"twitter:card\" content=\"summary_large_image\" \/>\n<meta name=\"twitter:label1\" content=\"Est. reading time\" \/>\n\t<meta name=\"twitter:data1\" content=\"4 minutes\" \/>\n<script type=\"application\/ld+json\" class=\"yoast-schema-graph\">{\"@context\":\"https:\/\/schema.org\",\"@graph\":[{\"@type\":\"WebPage\",\"@id\":\"https:\/\/www.lesgets.com\/en\/trail-des-gets\/faq\/\",\"url\":\"https:\/\/www.lesgets.com\/en\/trail-des-gets\/faq\/\",\"name\":\"Trail des Gets - FAQ\",\"isPartOf\":{\"@id\":\"https:\/\/www.lesgets.com\/en\/#website\"},\"primaryImageOfPage\":{\"@id\":\"https:\/\/www.lesgets.com\/en\/trail-des-gets\/faq\/#primaryimage\"},\"image\":{\"@id\":\"https:\/\/www.lesgets.com\/en\/trail-des-gets\/faq\/#primaryimage\"},\"thumbnailUrl\":\"https:\/\/www.lesgets.com\/wp\/..\/app\/uploads\/2021\/02\/2019_08_25_Trail_des_gets_depart_coureurs_Lesgets_Manon_Guenot_08573.jpg\",\"datePublished\":\"2021-03-18T15:01:12+00:00\",\"dateModified\":\"2025-06-24T12:21:10+00:00\",\"description\":\"Find out the questions of this 100% trail weekend on 19 and 20 July 2025: numbers collection, departures and prize-giving.\",\"breadcrumb\":{\"@id\":\"https:\/\/www.lesgets.com\/en\/trail-des-gets\/faq\/#breadcrumb\"},\"inLanguage\":\"en-US\",\"potentialAction\":[{\"@type\":\"ReadAction\",\"target\":[\"https:\/\/www.lesgets.com\/en\/trail-des-gets\/faq\/\"]}]},{\"@type\":\"ImageObject\",\"inLanguage\":\"en-US\",\"@id\":\"https:\/\/www.lesgets.com\/en\/trail-des-gets\/faq\/#primaryimage\",\"url\":\"https:\/\/www.lesgets.com\/wp\/..\/app\/uploads\/2021\/02\/2019_08_25_Trail_des_gets_depart_coureurs_Lesgets_Manon_Guenot_08573.jpg\",\"contentUrl\":\"https:\/\/www.lesgets.com\/wp\/..\/app\/uploads\/2021\/02\/2019_08_25_Trail_des_gets_depart_coureurs_Lesgets_Manon_Guenot_08573.jpg\",\"width\":1920,\"height\":1280},{\"@type\":\"BreadcrumbList\",\"@id\":\"https:\/\/www.lesgets.com\/en\/trail-des-gets\/faq\/#breadcrumb\",\"itemListElement\":[{\"@type\":\"ListItem\",\"position\":1,\"name\":\"Home\",\"item\":\"https:\/\/www.lesgets.com\/en\/\"},{\"@type\":\"ListItem\",\"position\":2,\"name\":\"Trail of Les Gets by Rossignol\",\"item\":\"https:\/\/www.lesgets.com\/en\/trail-des-gets\/\"},{\"@type\":\"ListItem\",\"position\":3,\"name\":\"FAQ\"}]},{\"@type\":\"WebSite\",\"@id\":\"https:\/\/www.lesgets.com\/en\/#website\",\"url\":\"https:\/\/www.lesgets.com\/en\/\",\"name\":\"Les Gets\",\"description\":\"\",\"publisher\":{\"@id\":\"https:\/\/www.lesgets.com\/en\/#organization\"},\"potentialAction\":[{\"@type\":\"SearchAction\",\"target\":{\"@type\":\"EntryPoint\",\"urlTemplate\":\"https:\/\/www.lesgets.com\/en\/?s={search_term_string}\"},\"query-input\":{\"@type\":\"PropertyValueSpecification\",\"valueRequired\":true,\"valueName\":\"search_term_string\"}}],\"inLanguage\":\"en-US\"},{\"@type\":\"Organization\",\"@id\":\"https:\/\/www.lesgets.com\/en\/#organization\",\"name\":\"Les Gets\",\"url\":\"https:\/\/www.lesgets.com\/en\/\",\"logo\":{\"@type\":\"ImageObject\",\"inLanguage\":\"en-US\",\"@id\":\"https:\/\/www.lesgets.com\/en\/#\/schema\/logo\/image\/\",\"url\":\"https:\/\/www.lesgets.com\/wp\/..\/app\/uploads\/2020\/06\/logo_lesgets.png\",\"contentUrl\":\"https:\/\/www.lesgets.com\/wp\/..\/app\/uploads\/2020\/06\/logo_lesgets.png\",\"width\":136,\"height\":115,\"caption\":\"Les Gets\"},\"image\":{\"@id\":\"https:\/\/www.lesgets.com\/en\/#\/schema\/logo\/image\/\"}}]}<\/script>\n<!-- \/ Yoast SEO plugin. -->","yoast_head_json":{"title":"Trail des Gets - FAQ","description":"Find out the questions of this 100% trail weekend on 19 and 20 July 2025: numbers collection, departures and prize-giving.","robots":{"index":"index","follow":"follow","max-snippet":"max-snippet:-1","max-image-preview":"max-image-preview:large","max-video-preview":"max-video-preview:-1"},"canonical":"https:\/\/www.lesgets.com\/en\/trail-des-gets\/faq\/","og_locale":"en_US","og_type":"article","og_title":"Trail des Gets - FAQ","og_description":"Find out the questions of this 100% trail weekend on 19 and 20 July 2025: numbers collection, departures and prize-giving.","og_url":"https:\/\/www.lesgets.com\/en\/trail-des-gets\/faq\/","og_site_name":"Les Gets","article_modified_time":"2025-06-24T12:21:10+00:00","og_image":[{"width":1920,"height":1280,"url":"https:\/\/www.lesgets.com\/wp\/..\/app\/uploads\/2021\/02\/2019_08_25_Trail_des_gets_depart_coureurs_Lesgets_Manon_Guenot_08573.jpg","type":"image\/jpeg"}],"twitter_card":"summary_large_image","twitter_misc":{"Est. reading time":"4 minutes"},"schema":{"@context":"https:\/\/schema.org","@graph":[{"@type":"WebPage","@id":"https:\/\/www.lesgets.com\/en\/trail-des-gets\/faq\/","url":"https:\/\/www.lesgets.com\/en\/trail-des-gets\/faq\/","name":"Trail des Gets - FAQ","isPartOf":{"@id":"https:\/\/www.lesgets.com\/en\/#website"},"primaryImageOfPage":{"@id":"https:\/\/www.lesgets.com\/en\/trail-des-gets\/faq\/#primaryimage"},"image":{"@id":"https:\/\/www.lesgets.com\/en\/trail-des-gets\/faq\/#primaryimage"},"thumbnailUrl":"https:\/\/www.lesgets.com\/wp\/..\/app\/uploads\/2021\/02\/2019_08_25_Trail_des_gets_depart_coureurs_Lesgets_Manon_Guenot_08573.jpg","datePublished":"2021-03-18T15:01:12+00:00","dateModified":"2025-06-24T12:21:10+00:00","description":"Find out the questions of this 100% trail weekend on 19 and 20 July 2025: numbers collection, departures and prize-giving.","breadcrumb":{"@id":"https:\/\/www.lesgets.com\/en\/trail-des-gets\/faq\/#breadcrumb"},"inLanguage":"en-US","potentialAction":[{"@type":"ReadAction","target":["https:\/\/www.lesgets.com\/en\/trail-des-gets\/faq\/"]}]},{"@type":"ImageObject","inLanguage":"en-US","@id":"https:\/\/www.lesgets.com\/en\/trail-des-gets\/faq\/#primaryimage","url":"https:\/\/www.lesgets.com\/wp\/..\/app\/uploads\/2021\/02\/2019_08_25_Trail_des_gets_depart_coureurs_Lesgets_Manon_Guenot_08573.jpg","contentUrl":"https:\/\/www.lesgets.com\/wp\/..\/app\/uploads\/2021\/02\/2019_08_25_Trail_des_gets_depart_coureurs_Lesgets_Manon_Guenot_08573.jpg","width":1920,"height":1280},{"@type":"BreadcrumbList","@id":"https:\/\/www.lesgets.com\/en\/trail-des-gets\/faq\/#breadcrumb","itemListElement":[{"@type":"ListItem","position":1,"name":"Home","item":"https:\/\/www.lesgets.com\/en\/"},{"@type":"ListItem","position":2,"name":"Trail of Les Gets by Rossignol","item":"https:\/\/www.lesgets.com\/en\/trail-des-gets\/"},{"@type":"ListItem","position":3,"name":"FAQ"}]},{"@type":"WebSite","@id":"https:\/\/www.lesgets.com\/en\/#website","url":"https:\/\/www.lesgets.com\/en\/","name":"Les Gets","description":"","publisher":{"@id":"https:\/\/www.lesgets.com\/en\/#organization"},"potentialAction":[{"@type":"SearchAction","target":{"@type":"EntryPoint","urlTemplate":"https:\/\/www.lesgets.com\/en\/?s={search_term_string}"},"query-input":{"@type":"PropertyValueSpecification","valueRequired":true,"valueName":"search_term_string"}}],"inLanguage":"en-US"},{"@type":"Organization","@id":"https:\/\/www.lesgets.com\/en\/#organization","name":"Les Gets","url":"https:\/\/www.lesgets.com\/en\/","logo":{"@type":"ImageObject","inLanguage":"en-US","@id":"https:\/\/www.lesgets.com\/en\/#\/schema\/logo\/image\/","url":"https:\/\/www.lesgets.com\/wp\/..\/app\/uploads\/2020\/06\/logo_lesgets.png","contentUrl":"https:\/\/www.lesgets.com\/wp\/..\/app\/uploads\/2020\/06\/logo_lesgets.png","width":136,"height":115,"caption":"Les Gets"},"image":{"@id":"https:\/\/www.lesgets.com\/en\/#\/schema\/logo\/image\/"}}]}},"featured_image_src":"https:\/\/www.lesgets.com\/wp\/..\/app\/uploads\/2021\/02\/2019_08_25_Trail_des_gets_depart_coureurs_Lesgets_Manon_Guenot_08573.jpg","featured_image_src_square":"https:\/\/www.lesgets.com\/wp\/..\/app\/uploads\/2021\/02\/2019_08_25_Trail_des_gets_depart_coureurs_Lesgets_Manon_Guenot_08573.jpg","_links":{"self":[{"href":"https:\/\/www.lesgets.com\/en\/wp-json\/wp\/v2\/pages\/26936","targetHints":{"allow":["GET"]}}],"collection":[{"href":"https:\/\/www.lesgets.com\/en\/wp-json\/wp\/v2\/pages"}],"about":[{"href":"https:\/\/www.lesgets.com\/en\/wp-json\/wp\/v2\/types\/page"}],"author":[{"embeddable":true,"href":"https:\/\/www.lesgets.com\/en\/wp-json\/wp\/v2\/users\/4"}],"replies":[{"embeddable":true,"href":"https:\/\/www.lesgets.com\/en\/wp-json\/wp\/v2\/comments?post=26936"}],"version-history":[{"count":5,"href":"https:\/\/www.lesgets.com\/en\/wp-json\/wp\/v2\/pages\/26936\/revisions"}],"predecessor-version":[{"id":63287,"href":"https:\/\/www.lesgets.com\/en\/wp-json\/wp\/v2\/pages\/26936\/revisions\/63287"}],"up":[{"embeddable":true,"href":"https:\/\/www.lesgets.com\/en\/wp-json\/wp\/v2\/pages\/26991"}],"wp:featuredmedia":[{"embeddable":true,"href":"https:\/\/www.lesgets.com\/en\/wp-json\/wp\/v2\/media\/26172"}],"wp:attachment":[{"href":"https:\/\/www.lesgets.com\/en\/wp-json\/wp\/v2\/media?parent=26936"}],"curies":[{"name":"wp","href":"https:\/\/api.w.org\/{rel}","templated":true}]}}