{"id":26991,"date":"2021-03-19T09:36:35","date_gmt":"2021-03-19T08:36:35","guid":{"rendered":"https:\/\/www.lesgets.com\/trail-des-gets\/"},"modified":"2026-02-11T15:52:40","modified_gmt":"2026-02-11T14:52:40","slug":"trail-des-gets","status":"publish","type":"page","link":"https:\/\/www.lesgets.com\/en\/trail-des-gets\/","title":{"rendered":"Trail of Les Gets by Rossignol"},"content":{"rendered":"<div class=\"block block-core-heading\">\n<h2 class=\"wp-block-heading has-text-align-center\">See you on the weekend of 18 and 19 July for the 2026 edition of the Trail des Gets by Rossignol \ud83c\udfc3\u200d\u2640\ufe0f<\/h2>\n<\/div>\n\n<div class=\"block block-core-paragraph\">\n<p>The Trail des Gets by Rossignol invites runners to push themselves to the limit while exploring the rich landscapes of Les Gets. Between open mountain pastures, ridge trails offering exceptional views of Mont Blanc and Roc d&#8217;Enfer, and shaded passages through the woods, each kilometre reveals a new facet of this unique terrain.<\/p>\n<\/div>\n\n<div class=\"block block-core-paragraph\">\n<p>A typical mountain course, alternating between technical sections and more rolling sections, designed to appeal to all mountain trail enthusiasts.<\/p>\n<\/div>\n\n<div class=\"block block-core-paragraph\">\n<p><strong><em>The red and blue adult events of the Trail des Gets by Rossignol are qualifying races for the French Trail Championships.<\/em><\/strong><\/p>\n<\/div>\n\n<div class=\"block block-core-heading\">\n<h2 class=\"wp-block-heading\">\ud83d\udd14 Registration for the 2026 edition of the Trail des Gets by Rossignol<\/h2>\n<\/div>\n\n<div class=\"block block-core-paragraph\">\n<p>For all elite registration requests, please send your request to the following address: <a href=\"mailto:trail@lesgets.com\">trail@lesgets.com<\/a>.<\/p>\n<\/div>\n\n<div class=\"block block-core-buttons\">\n<div class=\"wp-block-buttons is-layout-flex wp-block-buttons-is-layout-flex\"><div class=\"block block-core-button\">\n<div class=\"wp-block-button\"><a class=\"wp-block-button__link wp-element-button\" href=\"https:\/\/in.njuko.com\/trail-des-gets-by-rossignol-2026?currentPage=select-competition\">I&#8217;m registering<\/a><\/div>\n<\/div><\/div>\n<\/div>\n\n<div class=\"block block-core-heading\">\n<h2 class=\"wp-block-heading\">The races in the 2026 edition of the Trail des Gets by Rossignol<\/h2>\n<\/div>\n\n<div class=\"block block-core-list\">\n<ul class=\"wp-block-list\"><div class=\"block block-core-list-item\">\n<li>4 children&#8217;s races<\/li>\n<\/div>\n\n<div class=\"block block-core-list-item\">\n<li>1 youth race<\/li>\n<\/div>\n\n<div class=\"block block-core-list-item\">\n<li>3 adult races<\/li>\n<\/div>\n\n<div class=\"block block-core-list-item\">\n<li>1 vertical challenge<\/li>\n<\/div>\n\n<div class=\"block block-core-list-item\">\n<li>New relay format for the D\u00e9fi du Ch\u00e9ry! \ud83c\udd95<\/li>\n<\/div><\/ul>\n<\/div>\n\n<div class=\"block block-core-buttons\">\n<div class=\"wp-block-buttons is-layout-flex wp-block-buttons-is-layout-flex\"><div class=\"block block-core-button\">\n<div class=\"wp-block-button\"><a class=\"wp-block-button__link wp-element-button\" href=\"https:\/\/www.lesgets.com\/en\/trail-des-gets\/the-races\/childrens-races\/\">See the races<\/a><\/div>\n<\/div><\/div>\n<\/div>\n\n<div class=\"block block-core-spacer\">\n<div style=\"height:20px\" aria-hidden=\"true\" class=\"wp-block-spacer\"><\/div>\n<\/div>\n\n<div class=\"block block-core-heading\">\n<h2 class=\"wp-block-heading\"><strong>Results for the 2025 edition<\/strong><\/h2>\n<\/div>\n\n<div class=\"block block-core-paragraph\">\n<p>Find the results for the 2025 Trail des Gets and D\u00e9fi du Ch\u00e9ry below.<\/p>\n<\/div>\n\n<div class=\"block block-core-buttons\">\n<div class=\"wp-block-buttons is-content-justification-center is-layout-flex wp-container-core-buttons-is-layout-16018d1d wp-block-buttons-is-layout-flex\"><div class=\"block block-core-button\">\n<div class=\"wp-block-button\"><a class=\"wp-block-button__link wp-element-button\" href=\"https:\/\/live.l-chrono.com\/resultats\/trail-des-gets-2025\">See the results &#8211; Trails<\/a><\/div>\n<\/div>\n\n<div class=\"block block-core-button\">\n<div class=\"wp-block-button\"><a class=\"wp-block-button__link wp-element-button\" href=\"https:\/\/live.l-chrono.com\/resultats\/defi-du-mont-chery-2025\">See the results &#8211; D\u00e9fi du Ch\u00e9ry<\/a><\/div>\n<\/div><\/div>\n<\/div>\n\n<div class=\"block block-core-heading\">\n<h2 class=\"wp-block-heading\"><strong>Picture edition 2025<\/strong><\/h2>\n<\/div>\n\n<div class=\"block block-core-paragraph\">\n<p>Photos from the 2025 Trail des Gets and the 2025 D\u00e9fi du Ch\u00e9ry are available below.<\/p>\n<\/div>\n\n<div class=\"block block-core-buttons\">\n<div class=\"wp-block-buttons is-content-justification-center is-layout-flex wp-container-core-buttons-is-layout-16018d1d wp-block-buttons-is-layout-flex\"><div class=\"block block-core-button\">\n<div class=\"wp-block-button\"><a class=\"wp-block-button__link wp-element-button\" href=\"https:\/\/pixalpes.photodeck.com\/-\/galleries\/2025-trail-des-gets\">See pictures<\/a><\/div>\n<\/div><\/div>\n<\/div>\n\n<div class=\"block block-genesis-blocks-gb-spacer\">\n<div style=\"color:#ddd\" class=\"wp-block-genesis-blocks-gb-spacer gb-block-spacer gb-divider-solid gb-divider-size-1\"><hr style=\"height:30px\"\/><\/div>\n<\/div>\n\n<div class=\"block block-core-heading\">\n<h2 class=\"wp-block-heading\">A quick flashback<\/h2>\n<\/div>\n\n<div class=\"block block-core-paragraph\">\n<p>In 2025, more than 2,000 runners took part in the Trail des Gets by Rossignol, across all races!<\/p>\n<\/div>\n\n<div class=\"block block-core-spacer\">\n<div style=\"height:30px\" aria-hidden=\"true\" class=\"wp-block-spacer\"><\/div>\n<\/div>\n\n<div class=\"block block-genesis-blocks-gb-spacer\">\n<div style=\"color:#ddd\" class=\"wp-block-genesis-blocks-gb-spacer gb-block-spacer gb-divider-solid gb-divider-size-1\"><hr style=\"height:30px\"\/><\/div>\n<\/div>\n\n<div class=\"block block-core-heading\">\n<h2 class=\"wp-block-heading\">The Les Gets Tourisme &amp; Faucigny Athletic Club organisation<\/h2>\n<\/div>\n\n<div class=\"block block-core-paragraph\">\n<p>Les Gets Tourisme has teamed up with the Faucigny Athletic Club to bring you a Trail des Gets event that promises thrills and excitement!<\/p>\n<\/div>\n\n<div class=\"wp-block-image\">\n<figure class=\"aligncenter size-full is-resized\"><img loading=\"lazy\" decoding=\"async\" width=\"766\" height=\"768\" src=\"https:\/\/www.lesgets.com\/wp\/..\/app\/uploads\/2025\/02\/Logo-FAC.png\" alt=\"\" class=\"wp-image-53795\" style=\"width:150px\" srcset=\"https:\/\/www.lesgets.com\/wp\/..\/app\/uploads\/2025\/02\/Logo-FAC.png 766w, https:\/\/www.lesgets.com\/wp\/..\/app\/uploads\/2025\/02\/Logo-FAC-500x500.png 500w\" sizes=\"auto, (max-width: 766px) 100vw, 766px\" \/><\/figure>\n<\/div>\n\n<div class=\"block block-core-paragraph\">\n<p>The Faucigny Athletic Club (FAC) is an off-track running club based in the Cluses area. It is open to runners of all levels and all terrains aged 4 and above. It has more than 150 members who come to run with family and friends, whether it&#8217;s around Mont Blanc or Lake Thyez, supervised by qualified coaches and experienced runners.<\/p>\n<\/div>\n\n<div class=\"block block-core-paragraph\">\n<p>The club participates in all races in Haute-Savoie, as well as most off-track championships, including cross-country, road, mountain and trail running.<\/p>\n<\/div>\n\n<div class=\"block block-genesis-custom-blocks-pushs\">    <div class=\"pushs-inside blanc\">\r\n        <div class=\"container\">\r\n            <div class=\"row\">\r\n                                        <div class=\"col-4\">\r\n                            <a href=\"https:\/\/www.lesgets.com\/en\/les-gets-comedie\/presentation\/\">\r\n                                <div class=\"img\"><img decoding=\"async\" src=\"https:\/\/www.lesgets.com\/wp\/..\/app\/uploads\/2025\/10\/2025_01_26_Les-Gets-Comedie-3-2.jpg\" alt=\"les_Gets_comedie\">\r\n                                <\/div>\r\n                                <div class=\"conteneur\">\r\n                                    <h3>Presentation<\/h3>\r\n                                    <p>Presentation of the event, the program and the organization.<\/p>\r\n                                <\/div>\r\n                            <\/a>\r\n                        <\/div>\r\n                                                <div class=\"col-4\">\r\n                            <a href=\"https:\/\/www.lesgets.com\/en\/trail-des-gets\/\">\r\n                                <div class=\"img\"><img decoding=\"async\" src=\"https:\/\/www.lesgets.com\/wp\/..\/app\/uploads\/2025\/02\/Trail22-min-1920x748.png\" alt=\"\">\r\n                                <\/div>\r\n                                <div class=\"conteneur\">\r\n                                    <h3>Trail of Les Gets by Rossignol<\/h3>\r\n                                    <p>The Trail des Gets is the ideal opportunity to push yourself to the limit in a race while discovering the beauty and many aspects of Les Gets playground. See you on 18 &#038; 19 July 2026. <\/p>\r\n                                <\/div>\r\n                            <\/a>\r\n                        <\/div>\r\n                                                <div class=\"col-4\">\r\n                            <a href=\"https:\/\/www.lesgets.com\/traildesgetsbyrossignol\/inscriptions\/\">\r\n                                <div class=\"img\"><img decoding=\"async\" src=\"https:\/\/www.lesgets.com\/wp\/..\/app\/uploads\/2025\/02\/2024_07_20_Trail-Les-Gets-86.jpg\" alt=\"\">\r\n                                <\/div>\r\n                                <div class=\"conteneur\">\r\n                                    <h3>Inscriptions<\/h3>\r\n                                    <p>Inscrivez-vous en ligne pour participer \u00e0 l&#8217;une des courses du Trail des Gets.<\/p>\r\n                                <\/div>\r\n                            <\/a>\r\n                        <\/div>\r\n                                    <\/div>\r\n        <\/div>\r\n    <\/div>\r\n<\/div>\n\n<div class=\"block block-genesis-custom-blocks-pushs\">    <div class=\"pushs-inside blanc\">\r\n        <div class=\"container\">\r\n            <div class=\"row\">\r\n                                        <div class=\"col-4\">\r\n                            <a href=\"https:\/\/www.lesgets.com\/traildesgetsbyrossignol\/infos-pratiques\/\">\r\n                                <div class=\"img\"><img decoding=\"async\" src=\"https:\/\/www.lesgets.com\/wp\/..\/app\/uploads\/2025\/02\/2024_07_20_Trail-Les-Gets-150-min.jpg\" alt=\"\">\r\n                                <\/div>\r\n                                <div class=\"conteneur\">\r\n                                    <h3>Infos pratiques<\/h3>\r\n                                    <p>Toutes les infos pratiques pour bien pr\u00e9parer votre trail: r\u00e8glement, mat\u00e9riel obligatoire, liste des h\u00e9bergements et restaurants sur place&#8230;<\/p>\r\n                                <\/div>\r\n                            <\/a>\r\n                        <\/div>\r\n                                                <div class=\"col-4\">\r\n                            <a href=\"https:\/\/www.lesgets.com\/traildesgetsbyrossignol\/programme\/\">\r\n                                <div class=\"img\"><img decoding=\"async\" src=\"https:\/\/www.lesgets.com\/wp\/..\/app\/uploads\/2021\/02\/2019_08_25_Trail_des_gets_depart_coureurs_Lesgets_Manon_Guenot_08573-1920x1080.jpg\" alt=\"\">\r\n                                <\/div>\r\n                                <div class=\"conteneur\">\r\n                                    <h3>Foire aux Questions<\/h3>\r\n                                    <p>La Foire aux question du trail d&#8217;\u00e9t\u00e9 2025 les 19 et 20 juillet aux Gets.<\/p>\r\n                                <\/div>\r\n                            <\/a>\r\n                        <\/div>\r\n                                                <div class=\"col-4\">\r\n                            <a href=\"https:\/\/www.lesgets.com\/traildesgetsbyrossignol\/benevoles\/\">\r\n                                <div class=\"img\"><img decoding=\"async\" src=\"https:\/\/www.lesgets.com\/wp\/..\/app\/uploads\/2025\/02\/2024_07_20_Trail-Les-Gets-158-min-1-1920x1080.jpg\" alt=\"\">\r\n                                <\/div>\r\n                                <div class=\"conteneur\">\r\n                                    <h3>B\u00e9n\u00e9voles<\/h3>\r\n                                    <p>Soyez au c\u0153ur du Trail des Gets 2025 en devenant b\u00e9n\u00e9vole ! Nous recherchons de nombreux b\u00e9n\u00e9voles pour le balisage, les ravitos, les retraits de dossards&#8230;<\/p>\r\n                                <\/div>\r\n                            <\/a>\r\n                        <\/div>\r\n                                    <\/div>\r\n        <\/div>\r\n    <\/div>\r\n<\/div>\n\n<div class=\"block block-genesis-blocks-gb-spacer\">\n<div style=\"color:#ddd\" class=\"wp-block-genesis-blocks-gb-spacer gb-block-spacer gb-divider-solid gb-divider-size-1\"><hr style=\"height:30px\"\/><\/div>\n<\/div>\n\n\n<figure class=\"wp-block-image size-full\"><img loading=\"lazy\" decoding=\"async\" width=\"2000\" height=\"524\" src=\"https:\/\/www.lesgets.com\/wp\/..\/app\/uploads\/2025\/02\/Trail-partenaire.png\" alt=\"\" class=\"wp-image-54028\" srcset=\"https:\/\/www.lesgets.com\/wp\/..\/app\/uploads\/2025\/02\/Trail-partenaire.png 2000w, https:\/\/www.lesgets.com\/wp\/..\/app\/uploads\/2025\/02\/Trail-partenaire-768x201.png 768w, https:\/\/www.lesgets.com\/wp\/..\/app\/uploads\/2025\/02\/Trail-partenaire-1536x402.png 1536w, https:\/\/www.lesgets.com\/wp\/..\/app\/uploads\/2025\/02\/Trail-partenaire-960x252.png 960w\" sizes=\"auto, (max-width: 2000px) 100vw, 2000px\" \/><\/figure>\n","protected":false},"excerpt":{"rendered":"<p>The Trail des Gets is the ideal opportunity to push yourself to the limit in a race while discovering the beauty and many aspects of Les Gets playground. See you on 18 &#038; 19 July 2026. <\/p>\n","protected":false},"author":4,"featured_media":53768,"parent":0,"menu_order":0,"comment_status":"closed","ping_status":"closed","template":"","meta":{"_acf_changed":false,"footnotes":""},"class_list":["post-26991","page","type-page","status-publish","has-post-thumbnail","hentry"],"acf":[],"yoast_head":"<!-- This site is optimized with the Yoast SEO plugin v27.2 - https:\/\/yoast.com\/product\/yoast-seo-wordpress\/ -->\n<title>Trail of Les Gets by Rossignol - 18 &amp; 19 July 2026 - Les Gets<\/title>\n<meta name=\"description\" content=\"The Trail des Gets is the ideal opportunity to push yourself to the limit in a race while discovering the beauty and many aspects of Les Gets playground.\" \/>\n<meta name=\"robots\" content=\"index, follow, max-snippet:-1, max-image-preview:large, max-video-preview:-1\" \/>\n<link rel=\"canonical\" href=\"https:\/\/www.lesgets.com\/en\/trail-des-gets\/\" \/>\n<meta property=\"og:locale\" content=\"en_US\" \/>\n<meta property=\"og:type\" content=\"article\" \/>\n<meta property=\"og:title\" content=\"Trail of Les Gets by Rossignol - 18 &amp; 19 July 2026 - Les Gets\" \/>\n<meta property=\"og:description\" content=\"The Trail des Gets is the ideal opportunity to push yourself to the limit in a race while discovering the beauty and many aspects of Les Gets playground.\" \/>\n<meta property=\"og:url\" content=\"https:\/\/www.lesgets.com\/en\/trail-des-gets\/\" \/>\n<meta property=\"og:site_name\" content=\"Les Gets\" \/>\n<meta property=\"article:modified_time\" content=\"2026-02-11T14:52:40+00:00\" \/>\n<meta property=\"og:image\" content=\"https:\/\/www.lesgets.com\/wp\/..\/app\/uploads\/2025\/02\/Trail22-min.png\" \/>\n\t<meta property=\"og:image:width\" content=\"2392\" \/>\n\t<meta property=\"og:image:height\" content=\"748\" \/>\n\t<meta property=\"og:image:type\" content=\"image\/png\" \/>\n<meta name=\"twitter:card\" content=\"summary_large_image\" \/>\n<meta name=\"twitter:label1\" content=\"Est. reading time\" \/>\n\t<meta name=\"twitter:data1\" content=\"3 minutes\" \/>\n<script type=\"application\/ld+json\" class=\"yoast-schema-graph\">{\"@context\":\"https:\/\/schema.org\",\"@graph\":[{\"@type\":\"WebPage\",\"@id\":\"https:\/\/www.lesgets.com\/en\/trail-des-gets\/\",\"url\":\"https:\/\/www.lesgets.com\/en\/trail-des-gets\/\",\"name\":\"Trail of Les Gets by Rossignol - 18 & 19 July 2026 - Les Gets\",\"isPartOf\":{\"@id\":\"https:\/\/www.lesgets.com\/en\/#website\"},\"primaryImageOfPage\":{\"@id\":\"https:\/\/www.lesgets.com\/en\/trail-des-gets\/#primaryimage\"},\"image\":{\"@id\":\"https:\/\/www.lesgets.com\/en\/trail-des-gets\/#primaryimage\"},\"thumbnailUrl\":\"https:\/\/www.lesgets.com\/wp\/..\/app\/uploads\/2025\/02\/Trail22-min.png\",\"datePublished\":\"2021-03-19T08:36:35+00:00\",\"dateModified\":\"2026-02-11T14:52:40+00:00\",\"description\":\"The Trail des Gets is the ideal opportunity to push yourself to the limit in a race while discovering the beauty and many aspects of Les Gets playground.\",\"breadcrumb\":{\"@id\":\"https:\/\/www.lesgets.com\/en\/trail-des-gets\/#breadcrumb\"},\"inLanguage\":\"en-US\",\"potentialAction\":[{\"@type\":\"ReadAction\",\"target\":[\"https:\/\/www.lesgets.com\/en\/trail-des-gets\/\"]}]},{\"@type\":\"ImageObject\",\"inLanguage\":\"en-US\",\"@id\":\"https:\/\/www.lesgets.com\/en\/trail-des-gets\/#primaryimage\",\"url\":\"https:\/\/www.lesgets.com\/wp\/..\/app\/uploads\/2025\/02\/Trail22-min.png\",\"contentUrl\":\"https:\/\/www.lesgets.com\/wp\/..\/app\/uploads\/2025\/02\/Trail22-min.png\",\"width\":2392,\"height\":748},{\"@type\":\"BreadcrumbList\",\"@id\":\"https:\/\/www.lesgets.com\/en\/trail-des-gets\/#breadcrumb\",\"itemListElement\":[{\"@type\":\"ListItem\",\"position\":1,\"name\":\"Home\",\"item\":\"https:\/\/www.lesgets.com\/en\/\"},{\"@type\":\"ListItem\",\"position\":2,\"name\":\"Trail of Les Gets by Rossignol\"}]},{\"@type\":\"WebSite\",\"@id\":\"https:\/\/www.lesgets.com\/en\/#website\",\"url\":\"https:\/\/www.lesgets.com\/en\/\",\"name\":\"Les Gets\",\"description\":\"\",\"publisher\":{\"@id\":\"https:\/\/www.lesgets.com\/en\/#organization\"},\"potentialAction\":[{\"@type\":\"SearchAction\",\"target\":{\"@type\":\"EntryPoint\",\"urlTemplate\":\"https:\/\/www.lesgets.com\/en\/?s={search_term_string}\"},\"query-input\":{\"@type\":\"PropertyValueSpecification\",\"valueRequired\":true,\"valueName\":\"search_term_string\"}}],\"inLanguage\":\"en-US\"},{\"@type\":\"Organization\",\"@id\":\"https:\/\/www.lesgets.com\/en\/#organization\",\"name\":\"Les Gets\",\"url\":\"https:\/\/www.lesgets.com\/en\/\",\"logo\":{\"@type\":\"ImageObject\",\"inLanguage\":\"en-US\",\"@id\":\"https:\/\/www.lesgets.com\/en\/#\/schema\/logo\/image\/\",\"url\":\"https:\/\/www.lesgets.com\/wp\/..\/app\/uploads\/2020\/06\/logo_lesgets.png\",\"contentUrl\":\"https:\/\/www.lesgets.com\/wp\/..\/app\/uploads\/2020\/06\/logo_lesgets.png\",\"width\":136,\"height\":115,\"caption\":\"Les Gets\"},\"image\":{\"@id\":\"https:\/\/www.lesgets.com\/en\/#\/schema\/logo\/image\/\"}}]}<\/script>\n<!-- \/ Yoast SEO plugin. -->","yoast_head_json":{"title":"Trail of Les Gets by Rossignol - 18 & 19 July 2026 - Les Gets","description":"The Trail des Gets is the ideal opportunity to push yourself to the limit in a race while discovering the beauty and many aspects of Les Gets playground.","robots":{"index":"index","follow":"follow","max-snippet":"max-snippet:-1","max-image-preview":"max-image-preview:large","max-video-preview":"max-video-preview:-1"},"canonical":"https:\/\/www.lesgets.com\/en\/trail-des-gets\/","og_locale":"en_US","og_type":"article","og_title":"Trail of Les Gets by Rossignol - 18 & 19 July 2026 - Les Gets","og_description":"The Trail des Gets is the ideal opportunity to push yourself to the limit in a race while discovering the beauty and many aspects of Les Gets playground.","og_url":"https:\/\/www.lesgets.com\/en\/trail-des-gets\/","og_site_name":"Les Gets","article_modified_time":"2026-02-11T14:52:40+00:00","og_image":[{"width":2392,"height":748,"url":"https:\/\/www.lesgets.com\/wp\/..\/app\/uploads\/2025\/02\/Trail22-min.png","type":"image\/png"}],"twitter_card":"summary_large_image","twitter_misc":{"Est. reading time":"3 minutes"},"schema":{"@context":"https:\/\/schema.org","@graph":[{"@type":"WebPage","@id":"https:\/\/www.lesgets.com\/en\/trail-des-gets\/","url":"https:\/\/www.lesgets.com\/en\/trail-des-gets\/","name":"Trail of Les Gets by Rossignol - 18 & 19 July 2026 - Les Gets","isPartOf":{"@id":"https:\/\/www.lesgets.com\/en\/#website"},"primaryImageOfPage":{"@id":"https:\/\/www.lesgets.com\/en\/trail-des-gets\/#primaryimage"},"image":{"@id":"https:\/\/www.lesgets.com\/en\/trail-des-gets\/#primaryimage"},"thumbnailUrl":"https:\/\/www.lesgets.com\/wp\/..\/app\/uploads\/2025\/02\/Trail22-min.png","datePublished":"2021-03-19T08:36:35+00:00","dateModified":"2026-02-11T14:52:40+00:00","description":"The Trail des Gets is the ideal opportunity to push yourself to the limit in a race while discovering the beauty and many aspects of Les Gets playground.","breadcrumb":{"@id":"https:\/\/www.lesgets.com\/en\/trail-des-gets\/#breadcrumb"},"inLanguage":"en-US","potentialAction":[{"@type":"ReadAction","target":["https:\/\/www.lesgets.com\/en\/trail-des-gets\/"]}]},{"@type":"ImageObject","inLanguage":"en-US","@id":"https:\/\/www.lesgets.com\/en\/trail-des-gets\/#primaryimage","url":"https:\/\/www.lesgets.com\/wp\/..\/app\/uploads\/2025\/02\/Trail22-min.png","contentUrl":"https:\/\/www.lesgets.com\/wp\/..\/app\/uploads\/2025\/02\/Trail22-min.png","width":2392,"height":748},{"@type":"BreadcrumbList","@id":"https:\/\/www.lesgets.com\/en\/trail-des-gets\/#breadcrumb","itemListElement":[{"@type":"ListItem","position":1,"name":"Home","item":"https:\/\/www.lesgets.com\/en\/"},{"@type":"ListItem","position":2,"name":"Trail of Les Gets by Rossignol"}]},{"@type":"WebSite","@id":"https:\/\/www.lesgets.com\/en\/#website","url":"https:\/\/www.lesgets.com\/en\/","name":"Les Gets","description":"","publisher":{"@id":"https:\/\/www.lesgets.com\/en\/#organization"},"potentialAction":[{"@type":"SearchAction","target":{"@type":"EntryPoint","urlTemplate":"https:\/\/www.lesgets.com\/en\/?s={search_term_string}"},"query-input":{"@type":"PropertyValueSpecification","valueRequired":true,"valueName":"search_term_string"}}],"inLanguage":"en-US"},{"@type":"Organization","@id":"https:\/\/www.lesgets.com\/en\/#organization","name":"Les Gets","url":"https:\/\/www.lesgets.com\/en\/","logo":{"@type":"ImageObject","inLanguage":"en-US","@id":"https:\/\/www.lesgets.com\/en\/#\/schema\/logo\/image\/","url":"https:\/\/www.lesgets.com\/wp\/..\/app\/uploads\/2020\/06\/logo_lesgets.png","contentUrl":"https:\/\/www.lesgets.com\/wp\/..\/app\/uploads\/2020\/06\/logo_lesgets.png","width":136,"height":115,"caption":"Les Gets"},"image":{"@id":"https:\/\/www.lesgets.com\/en\/#\/schema\/logo\/image\/"}}]}},"featured_image_src":"https:\/\/www.lesgets.com\/wp\/..\/app\/uploads\/2025\/02\/Trail22-min-600x400.png","featured_image_src_square":"https:\/\/www.lesgets.com\/wp\/..\/app\/uploads\/2025\/02\/Trail22-min-600x600.png","_links":{"self":[{"href":"https:\/\/www.lesgets.com\/en\/wp-json\/wp\/v2\/pages\/26991","targetHints":{"allow":["GET"]}}],"collection":[{"href":"https:\/\/www.lesgets.com\/en\/wp-json\/wp\/v2\/pages"}],"about":[{"href":"https:\/\/www.lesgets.com\/en\/wp-json\/wp\/v2\/types\/page"}],"author":[{"embeddable":true,"href":"https:\/\/www.lesgets.com\/en\/wp-json\/wp\/v2\/users\/4"}],"replies":[{"embeddable":true,"href":"https:\/\/www.lesgets.com\/en\/wp-json\/wp\/v2\/comments?post=26991"}],"version-history":[{"count":5,"href":"https:\/\/www.lesgets.com\/en\/wp-json\/wp\/v2\/pages\/26991\/revisions"}],"predecessor-version":[{"id":97970,"href":"https:\/\/www.lesgets.com\/en\/wp-json\/wp\/v2\/pages\/26991\/revisions\/97970"}],"wp:featuredmedia":[{"embeddable":true,"href":"https:\/\/www.lesgets.com\/en\/wp-json\/wp\/v2\/media\/53768"}],"wp:attachment":[{"href":"https:\/\/www.lesgets.com\/en\/wp-json\/wp\/v2\/media?parent=26991"}],"curies":[{"name":"wp","href":"https:\/\/api.w.org\/{rel}","templated":true}]}}