{"id":37288,"date":"2022-07-11T14:33:53","date_gmt":"2022-07-11T12:33:53","guid":{"rendered":"https:\/\/www.lesgets.com\/early-booking-30-off-in-january-2023\/"},"modified":"2022-07-12T15:45:24","modified_gmt":"2022-07-12T13:45:24","slug":"early-booking-january-2023","status":"publish","type":"page","link":"https:\/\/www.lesgets.com\/en\/early-booking-january-2023\/","title":{"rendered":"Early Booking &#8211; Get 30% off in January 2023"},"content":{"rendered":"<div class=\"block block-core-paragraph\">\n<p>Good deals come to those who get in early! <strong>Book your ski holiday <span style=\"text-decoration: underline;\">before 31st of August<\/span> and get 30% off Portes du Soleil ski passes + ski lessons!<\/strong><\/p>\n<\/div>\n\n<div class=\"block block-core-paragraph\">\n<p>Between 07 and 21 January 2023, spend a week in Les Gets and enjoy the ideal conditions of skiing in January: guaranteed quality snow \u2744\ufe0f, sunshine as a bonus \u2600\ufe0f and far fewer people on the slopes \u26f7<\/p>\n<\/div>\n\n<div class=\"block block-lba-ingenie-offre\"><\/div>\n\n<div class=\"block block-core-heading\">\n<h2 class=\"wp-block-heading\"><strong>3 good reasons<\/strong> to ski in January<\/h2>\n<\/div>\n\n\n<figure class=\"wp-block-gallery has-nested-images columns-2 is-cropped wp-block-gallery-1 is-layout-flex wp-block-gallery-is-layout-flex\">\n<figure class=\"wp-block-image size-large\"><img loading=\"lazy\" decoding=\"async\" width=\"1920\" height=\"1279\" data-id=\"7068\" src=\"https:\/\/www.lesgets.com\/app\/uploads\/2020\/05\/LesGets_2019_ski_domaine_Keno_Derleyn_06.jpg\" alt=\"Domaine skiable et pistes vus d'en haut avec skieurs\" class=\"wp-image-7068\" srcset=\"https:\/\/www.lesgets.com\/wp\/..\/app\/uploads\/2020\/05\/LesGets_2019_ski_domaine_Keno_Derleyn_06.jpg 1920w, https:\/\/www.lesgets.com\/wp\/..\/app\/uploads\/2020\/05\/LesGets_2019_ski_domaine_Keno_Derleyn_06-768x512.jpg 768w, https:\/\/www.lesgets.com\/wp\/..\/app\/uploads\/2020\/05\/LesGets_2019_ski_domaine_Keno_Derleyn_06-1536x1023.jpg 1536w, https:\/\/www.lesgets.com\/wp\/..\/app\/uploads\/2020\/05\/LesGets_2019_ski_domaine_Keno_Derleyn_06-960x640.jpg 960w\" sizes=\"auto, (max-width: 1920px) 100vw, 1920px\" \/><\/figure>\n\n\n\n<figure class=\"wp-block-image size-large\"><img loading=\"lazy\" decoding=\"async\" width=\"1920\" height=\"1280\" data-id=\"6795\" src=\"https:\/\/www.lesgets.com\/app\/uploads\/2020\/05\/2018_Ski-03071_Keno_Photographie_OT_Les_Gets.jpg\" alt=\"Skieur descendant une piste avec montagne et t\u00e9l\u00e9si\u00e8ge en fond\" class=\"wp-image-6795\" srcset=\"https:\/\/www.lesgets.com\/wp\/..\/app\/uploads\/2020\/05\/2018_Ski-03071_Keno_Photographie_OT_Les_Gets.jpg 1920w, https:\/\/www.lesgets.com\/wp\/..\/app\/uploads\/2020\/05\/2018_Ski-03071_Keno_Photographie_OT_Les_Gets-768x512.jpg 768w, https:\/\/www.lesgets.com\/wp\/..\/app\/uploads\/2020\/05\/2018_Ski-03071_Keno_Photographie_OT_Les_Gets-1536x1024.jpg 1536w, https:\/\/www.lesgets.com\/wp\/..\/app\/uploads\/2020\/05\/2018_Ski-03071_Keno_Photographie_OT_Les_Gets-960x640.jpg 960w\" sizes=\"auto, (max-width: 1920px) 100vw, 1920px\" \/><\/figure>\n<\/figure>\n\n\n<div class=\"block block-core-heading\">\n<h3 class=\"wp-block-heading\">\u26f7 Peace of mind guaranteed<\/h3>\n<\/div>\n\n<div class=\"block block-core-paragraph\">\n<p>Fewer people on the slopes, at the lifts, on the roads, in the restaurants\u2026 There are many advantages to going skiing outside the school holidays, without missing out on the friendly and festive atmosphere of a week of skiing in the mountains!<\/p>\n<\/div>\n\n<div class=\"block block-core-heading\">\n<h3 class=\"wp-block-heading\">\u2744\ufe0f Good snow<\/h3>\n<\/div>\n\n<div class=\"block block-core-paragraph\">\n<p>January is usually the time of the winter season with good snowfall. Skiing in January also allows you to enjoy better snow. With fewer skiers, the snow is better preserved and therefore of better quality. In Les Gets, enjoy 120km of slopes for all levels between fir trees and mountain pastures. From Les Gets, you can also explore the Portes du Soleil ski area and its 650km of slopes between France and Switzerland. <\/p>\n<\/div>\n\n<div class=\"block block-core-buttons\">\n<div class=\"wp-block-buttons is-layout-flex wp-block-buttons-is-layout-flex\"><div class=\"block block-core-button\">\n<div class=\"wp-block-button\"><a class=\"wp-block-button__link\" href=\"https:\/\/www.lesgets.com\/en\/discover-the-resort\/ski-winter-sports\/ski-area\/\">Discover the ski area<\/a><\/div>\n<\/div><\/div>\n<\/div>\n\n<div class=\"block block-core-heading\">\n<h3 class=\"wp-block-heading\">\ud83d\udcb8 Low prices <\/h3>\n<\/div>\n\n<div class=\"block block-core-paragraph\">\n<p>Going skiing in January also allows you to save on your holiday budget. In the off-season, prices for accommodation, rental equipment and ski passes are lower, to the delight of winter sports enthusiasts!<\/p>\n<\/div>\n\n<div class=\"block block-core-heading\">\n<h3 class=\"wp-block-heading\"><strong>So, are you interested ? Go ahead and book your stay BEFORE 31 AUGUST  \u2935\ufe0f<\/strong><\/h3>\n<\/div>\n\n<div class=\"block block-lba-ingenie-offre\"><\/div>","protected":false},"excerpt":{"rendered":"<p>Good deals come to those who get in early! Book your ski holiday before 31st of August and get 30% off Portes du Soleil ski passes + ski lessons! Between 07 and 21 January 2023, spend a week in Les Gets and enjoy the ideal conditions of skiing in January: guaranteed quality snow \u2744\ufe0f, sunshine [&hellip;]<\/p>\n","protected":false},"author":4,"featured_media":37295,"parent":0,"menu_order":0,"comment_status":"closed","ping_status":"closed","template":"","meta":{"_acf_changed":false,"footnotes":""},"class_list":["post-37288","page","type-page","status-publish","has-post-thumbnail","hentry"],"acf":[],"yoast_head":"<!-- This site is optimized with the Yoast SEO plugin v27.2 - https:\/\/yoast.com\/product\/yoast-seo-wordpress\/ -->\n<title>Early Booking - Get 30% off in January 2023 - Cheap ski holidays in Les Gets<\/title>\n<meta name=\"description\" content=\"Book your ski holiday before August 31st and get 30% off Portes du Soleil ski passes + ski lessons!\" \/>\n<meta name=\"robots\" content=\"index, follow, max-snippet:-1, max-image-preview:large, max-video-preview:-1\" \/>\n<link rel=\"canonical\" href=\"https:\/\/www.lesgets.com\/en\/early-booking-january-2023\/\" \/>\n<meta property=\"og:locale\" content=\"en_US\" \/>\n<meta property=\"og:type\" content=\"article\" \/>\n<meta property=\"og:title\" content=\"Early Booking - Get 30% off in January 2023 - Cheap ski holidays in Les Gets\" \/>\n<meta property=\"og:description\" content=\"Book your ski holiday before August 31st and get 30% off Portes du Soleil ski passes + ski lessons!\" \/>\n<meta property=\"og:url\" content=\"https:\/\/www.lesgets.com\/en\/early-booking-january-2023\/\" \/>\n<meta property=\"og:site_name\" content=\"Les Gets\" \/>\n<meta property=\"article:modified_time\" content=\"2022-07-12T13:45:24+00:00\" \/>\n<meta property=\"og:image\" content=\"https:\/\/www.lesgets.com\/..\/app\/uploads\/2022\/07\/2022_01_cours_ski_adultes_esf_Valentin_Ducrettet-06-2-LD.png\" \/>\n\t<meta property=\"og:image:width\" content=\"1260\" \/>\n\t<meta property=\"og:image:height\" content=\"840\" \/>\n\t<meta property=\"og:image:type\" content=\"image\/png\" \/>\n<meta name=\"twitter:card\" content=\"summary_large_image\" \/>\n<meta name=\"twitter:label1\" content=\"Est. reading time\" \/>\n\t<meta name=\"twitter:data1\" content=\"2 minutes\" \/>\n<script type=\"application\/ld+json\" class=\"yoast-schema-graph\">{\"@context\":\"https:\/\/schema.org\",\"@graph\":[{\"@type\":\"WebPage\",\"@id\":\"https:\/\/www.lesgets.com\/en\/early-booking-january-2023\/\",\"url\":\"https:\/\/www.lesgets.com\/en\/early-booking-january-2023\/\",\"name\":\"Early Booking - Get 30% off in January 2023 - Cheap ski holidays in Les Gets\",\"isPartOf\":{\"@id\":\"https:\/\/www.lesgets.com\/en\/#website\"},\"primaryImageOfPage\":{\"@id\":\"https:\/\/www.lesgets.com\/en\/early-booking-january-2023\/#primaryimage\"},\"image\":{\"@id\":\"https:\/\/www.lesgets.com\/en\/early-booking-january-2023\/#primaryimage\"},\"thumbnailUrl\":\"https:\/\/www.lesgets.com\/wp\/..\/app\/uploads\/2022\/07\/2022_01_cours_ski_adultes_esf_Valentin_Ducrettet-06-2-LD.png\",\"datePublished\":\"2022-07-11T12:33:53+00:00\",\"dateModified\":\"2022-07-12T13:45:24+00:00\",\"description\":\"Book your ski holiday before August 31st and get 30% off Portes du Soleil ski passes + ski lessons!\",\"breadcrumb\":{\"@id\":\"https:\/\/www.lesgets.com\/en\/early-booking-january-2023\/#breadcrumb\"},\"inLanguage\":\"en-US\",\"potentialAction\":[{\"@type\":\"ReadAction\",\"target\":[\"https:\/\/www.lesgets.com\/en\/early-booking-january-2023\/\"]}]},{\"@type\":\"ImageObject\",\"inLanguage\":\"en-US\",\"@id\":\"https:\/\/www.lesgets.com\/en\/early-booking-january-2023\/#primaryimage\",\"url\":\"https:\/\/www.lesgets.com\/wp\/..\/app\/uploads\/2022\/07\/2022_01_cours_ski_adultes_esf_Valentin_Ducrettet-06-2-LD.png\",\"contentUrl\":\"https:\/\/www.lesgets.com\/wp\/..\/app\/uploads\/2022\/07\/2022_01_cours_ski_adultes_esf_Valentin_Ducrettet-06-2-LD.png\",\"width\":1260,\"height\":840},{\"@type\":\"BreadcrumbList\",\"@id\":\"https:\/\/www.lesgets.com\/en\/early-booking-january-2023\/#breadcrumb\",\"itemListElement\":[{\"@type\":\"ListItem\",\"position\":1,\"name\":\"Home\",\"item\":\"https:\/\/www.lesgets.com\/en\/\"},{\"@type\":\"ListItem\",\"position\":2,\"name\":\"Early Booking &#8211; Get 30% off in January 2023\"}]},{\"@type\":\"WebSite\",\"@id\":\"https:\/\/www.lesgets.com\/en\/#website\",\"url\":\"https:\/\/www.lesgets.com\/en\/\",\"name\":\"Les Gets\",\"description\":\"\",\"publisher\":{\"@id\":\"https:\/\/www.lesgets.com\/en\/#organization\"},\"potentialAction\":[{\"@type\":\"SearchAction\",\"target\":{\"@type\":\"EntryPoint\",\"urlTemplate\":\"https:\/\/www.lesgets.com\/en\/?s={search_term_string}\"},\"query-input\":{\"@type\":\"PropertyValueSpecification\",\"valueRequired\":true,\"valueName\":\"search_term_string\"}}],\"inLanguage\":\"en-US\"},{\"@type\":\"Organization\",\"@id\":\"https:\/\/www.lesgets.com\/en\/#organization\",\"name\":\"Les Gets\",\"url\":\"https:\/\/www.lesgets.com\/en\/\",\"logo\":{\"@type\":\"ImageObject\",\"inLanguage\":\"en-US\",\"@id\":\"https:\/\/www.lesgets.com\/en\/#\/schema\/logo\/image\/\",\"url\":\"https:\/\/www.lesgets.com\/wp\/..\/app\/uploads\/2020\/06\/logo_lesgets.png\",\"contentUrl\":\"https:\/\/www.lesgets.com\/wp\/..\/app\/uploads\/2020\/06\/logo_lesgets.png\",\"width\":136,\"height\":115,\"caption\":\"Les Gets\"},\"image\":{\"@id\":\"https:\/\/www.lesgets.com\/en\/#\/schema\/logo\/image\/\"}}]}<\/script>\n<!-- \/ Yoast SEO plugin. -->","yoast_head_json":{"title":"Early Booking - Get 30% off in January 2023 - Cheap ski holidays in Les Gets","description":"Book your ski holiday before August 31st and get 30% off Portes du Soleil ski passes + ski lessons!","robots":{"index":"index","follow":"follow","max-snippet":"max-snippet:-1","max-image-preview":"max-image-preview:large","max-video-preview":"max-video-preview:-1"},"canonical":"https:\/\/www.lesgets.com\/en\/early-booking-january-2023\/","og_locale":"en_US","og_type":"article","og_title":"Early Booking - Get 30% off in January 2023 - Cheap ski holidays in Les Gets","og_description":"Book your ski holiday before August 31st and get 30% off Portes du Soleil ski passes + ski lessons!","og_url":"https:\/\/www.lesgets.com\/en\/early-booking-january-2023\/","og_site_name":"Les Gets","article_modified_time":"2022-07-12T13:45:24+00:00","og_image":[{"width":1260,"height":840,"url":"https:\/\/www.lesgets.com\/..\/app\/uploads\/2022\/07\/2022_01_cours_ski_adultes_esf_Valentin_Ducrettet-06-2-LD.png","type":"image\/png"}],"twitter_card":"summary_large_image","twitter_misc":{"Est. reading time":"2 minutes"},"schema":{"@context":"https:\/\/schema.org","@graph":[{"@type":"WebPage","@id":"https:\/\/www.lesgets.com\/en\/early-booking-january-2023\/","url":"https:\/\/www.lesgets.com\/en\/early-booking-january-2023\/","name":"Early Booking - Get 30% off in January 2023 - Cheap ski holidays in Les Gets","isPartOf":{"@id":"https:\/\/www.lesgets.com\/en\/#website"},"primaryImageOfPage":{"@id":"https:\/\/www.lesgets.com\/en\/early-booking-january-2023\/#primaryimage"},"image":{"@id":"https:\/\/www.lesgets.com\/en\/early-booking-january-2023\/#primaryimage"},"thumbnailUrl":"https:\/\/www.lesgets.com\/wp\/..\/app\/uploads\/2022\/07\/2022_01_cours_ski_adultes_esf_Valentin_Ducrettet-06-2-LD.png","datePublished":"2022-07-11T12:33:53+00:00","dateModified":"2022-07-12T13:45:24+00:00","description":"Book your ski holiday before August 31st and get 30% off Portes du Soleil ski passes + ski lessons!","breadcrumb":{"@id":"https:\/\/www.lesgets.com\/en\/early-booking-january-2023\/#breadcrumb"},"inLanguage":"en-US","potentialAction":[{"@type":"ReadAction","target":["https:\/\/www.lesgets.com\/en\/early-booking-january-2023\/"]}]},{"@type":"ImageObject","inLanguage":"en-US","@id":"https:\/\/www.lesgets.com\/en\/early-booking-january-2023\/#primaryimage","url":"https:\/\/www.lesgets.com\/wp\/..\/app\/uploads\/2022\/07\/2022_01_cours_ski_adultes_esf_Valentin_Ducrettet-06-2-LD.png","contentUrl":"https:\/\/www.lesgets.com\/wp\/..\/app\/uploads\/2022\/07\/2022_01_cours_ski_adultes_esf_Valentin_Ducrettet-06-2-LD.png","width":1260,"height":840},{"@type":"BreadcrumbList","@id":"https:\/\/www.lesgets.com\/en\/early-booking-january-2023\/#breadcrumb","itemListElement":[{"@type":"ListItem","position":1,"name":"Home","item":"https:\/\/www.lesgets.com\/en\/"},{"@type":"ListItem","position":2,"name":"Early Booking &#8211; Get 30% off in January 2023"}]},{"@type":"WebSite","@id":"https:\/\/www.lesgets.com\/en\/#website","url":"https:\/\/www.lesgets.com\/en\/","name":"Les Gets","description":"","publisher":{"@id":"https:\/\/www.lesgets.com\/en\/#organization"},"potentialAction":[{"@type":"SearchAction","target":{"@type":"EntryPoint","urlTemplate":"https:\/\/www.lesgets.com\/en\/?s={search_term_string}"},"query-input":{"@type":"PropertyValueSpecification","valueRequired":true,"valueName":"search_term_string"}}],"inLanguage":"en-US"},{"@type":"Organization","@id":"https:\/\/www.lesgets.com\/en\/#organization","name":"Les Gets","url":"https:\/\/www.lesgets.com\/en\/","logo":{"@type":"ImageObject","inLanguage":"en-US","@id":"https:\/\/www.lesgets.com\/en\/#\/schema\/logo\/image\/","url":"https:\/\/www.lesgets.com\/wp\/..\/app\/uploads\/2020\/06\/logo_lesgets.png","contentUrl":"https:\/\/www.lesgets.com\/wp\/..\/app\/uploads\/2020\/06\/logo_lesgets.png","width":136,"height":115,"caption":"Les Gets"},"image":{"@id":"https:\/\/www.lesgets.com\/en\/#\/schema\/logo\/image\/"}}]}},"featured_image_src":"https:\/\/www.lesgets.com\/wp\/..\/app\/uploads\/2022\/07\/2022_01_cours_ski_adultes_esf_Valentin_Ducrettet-06-2-LD-600x400.png","featured_image_src_square":"https:\/\/www.lesgets.com\/wp\/..\/app\/uploads\/2022\/07\/2022_01_cours_ski_adultes_esf_Valentin_Ducrettet-06-2-LD-600x600.png","_links":{"self":[{"href":"https:\/\/www.lesgets.com\/en\/wp-json\/wp\/v2\/pages\/37288","targetHints":{"allow":["GET"]}}],"collection":[{"href":"https:\/\/www.lesgets.com\/en\/wp-json\/wp\/v2\/pages"}],"about":[{"href":"https:\/\/www.lesgets.com\/en\/wp-json\/wp\/v2\/types\/page"}],"author":[{"embeddable":true,"href":"https:\/\/www.lesgets.com\/en\/wp-json\/wp\/v2\/users\/4"}],"replies":[{"embeddable":true,"href":"https:\/\/www.lesgets.com\/en\/wp-json\/wp\/v2\/comments?post=37288"}],"version-history":[{"count":5,"href":"https:\/\/www.lesgets.com\/en\/wp-json\/wp\/v2\/pages\/37288\/revisions"}],"predecessor-version":[{"id":37309,"href":"https:\/\/www.lesgets.com\/en\/wp-json\/wp\/v2\/pages\/37288\/revisions\/37309"}],"wp:featuredmedia":[{"embeddable":true,"href":"https:\/\/www.lesgets.com\/en\/wp-json\/wp\/v2\/media\/37295"}],"wp:attachment":[{"href":"https:\/\/www.lesgets.com\/en\/wp-json\/wp\/v2\/media?parent=37288"}],"curies":[{"name":"wp","href":"https:\/\/api.w.org\/{rel}","templated":true}]}}