{"id":43318,"date":"2023-08-09T09:22:05","date_gmt":"2023-08-09T07:22:05","guid":{"rendered":"https:\/\/www.lesgets.com\/worldcup\/les-gets-the-place-to-bike\/"},"modified":"2025-07-01T15:19:13","modified_gmt":"2025-07-01T13:19:13","slug":"les-gets-the-place-to-bike","status":"publish","type":"page","link":"https:\/\/www.lesgets.com\/en\/worldcup\/les-gets-the-place-to-bike\/","title":{"rendered":"Les Gets, the place to bike"},"content":{"rendered":"<div class=\"block block-core-paragraph\">\n<p>DH mountain bike, cross-country, road bikes or electric bikes\u2026 Les Gets has been a pioneering destination in cycling since 1992! Today it is a European benchmark, with an exceptional Bikepark with over 128 km of marked trails, including specially-adapted ones for e-bikes, and facilities for every level of ability.&nbsp;<\/p>\n<\/div>\n\n<div class=\"block block-core-buttons\">\n<div class=\"wp-block-buttons is-content-justification-center is-layout-flex wp-container-core-buttons-is-layout-16018d1d wp-block-buttons-is-layout-flex\"><div class=\"block block-core-button\">\n<div class=\"wp-block-button\"><a class=\"wp-block-button__link wp-element-button\" href=\"https:\/\/www.lesgets.bike\/\" target=\"_blank\" rel=\"noreferrer noopener\">Lesgets.bike<\/a><\/div>\n<\/div><\/div>\n<\/div>\n\n<div class=\"block block-genesis-custom-blocks-slider\"><div id=\"img-slideshow\"><ul><li><div class=\"img\" style=\"background-image:url(https:\/\/www.lesgets.com\/wp\/..\/app\/uploads\/2023\/04\/2022_06_15_bikepark_-whip_cpCommencal_DSC_9462_LD.jpg);\"><\/div><\/li><li><div class=\"img\" style=\"background-image:url(https:\/\/www.lesgets.com\/wp\/..\/app\/uploads\/2023\/04\/2022_06_10_Les-Gets_Ebike_VTT_electrique_Chery_-Caly_LD_-291_cpCorentinCroisonnier-scaled.jpg);\"><\/div><\/li><li><div class=\"img\" style=\"background-image:url(https:\/\/www.lesgets.com\/wp\/..\/app\/uploads\/2023\/06\/2023_06_23_velo_de_route_cpTimArnold_LD-49.jpg);\"><\/div><\/li><li><div class=\"img\" style=\"background-image:url(https:\/\/www.lesgets.com\/wp\/..\/app\/uploads\/2020\/05\/Transports_GetsLib_Keno_Photographie_OT_Les_Gets.jpg);\"><\/div><\/li><\/ul><\/div>\n<div id=\"slideshow\"><ul><li><div class=\"content\"><span class=\"subtitle\"><\/span><h2>The biggest Bikepark of Europe<\/h2><div class=\"description\"><p>With its 128 km of marked trails and direct access to the huge MTB playground of the Portes du Soleil, Les Gets Bikepark is a major, world-famous mountain biking site. Suited to mountain bikers of all levels, the bikepark is constantly being developed. It is a magnificent playground for all disciplines including downhill mountain biking (DHI), cross-country (XCO), freestyle, freeride and electric mountain biking.<\/p>\n<\/div><\/div><\/li><li><div class=\"content\"><span class=\"subtitle\"><\/span><h2>A fast-growing e-mtb offer<\/h2><div class=\"description\"><p>Les Gets resort is an ideal location to discover electric mountain biking thanks to five marked routes for around 60 km of enjoyment!<\/p>\n<p>Varied and fun routes where each person can go at their own pace: green and blue routes for those who love quiet, contemplative rides along the Mont Caly, the Pl\u00e9ney and Morzine, red routes for more experienced riders wanting to conquer the Col de Ranfoilly or the unspolit nature on the Plateau de Loex.<\/p>\n<p>You want to conquer the Portes du Soleil ? It\u2019s possible starting from Les Gets.<\/p>\n<p>With almost 300 km of accessible mountain bike trails and 34 marked routes, the Portes du Soleil area offers endless possibilities. In addition, 21 Bosch charging points have been installed so you can charge your battery free of charge.<\/p>\n<\/div><\/div><\/li><li><div class=\"content\"><span class=\"subtitle\"><\/span><h2>On the Great Alpine Road<\/h2><div class=\"description\"><p>Road-bikers come to the region, both as part of the Great Alpine Road (Route des Grandes Alpes), or to climb the mythical Tour de France passes surrounding the village such as the Joux-Plane pass.\u00a0Many road cyclists take the Col des Gets (second on the Great Alpine Road) and compete with Alberto Contador on the now legendary Mont\u00e9e du Mont-Ch\u00e9ry and its slopes of over 15%, climbed by the champions of the Crit\u00e9rium du Dauphin\u00e9 in 2016. The same famous Crit\u00e9rium that has seen its final stage arrive in Les Gets in 2021.<\/p>\n<\/div><\/div><\/li><li><div class=\"content\"><span class=\"subtitle\"><\/span><h2>Try the Getslib&#8217; to get around the resort by electric bicycles<\/h2><div class=\"description\"><p>Les Gets is one of the pioneer resorts for self-service electrically assisted bicycle hire thanks to the Getslib\u2019.The Getslib\u2019 is a soft mobility service available 7 days a week from the end of May to the beginning of November. They can be used to move around the resort, to do your shopping or to go to your activities!<\/p>\n<\/div><\/div><\/li><\/ul><div class=\"controls\">\n\t\t<a href=\"#\" class=\"control_next\"><\/a>\n\t\t<a href=\"#\" class=\"control_prev\"><\/a>\n\t<\/div><\/div><\/div>\n\n<div class=\"block block-core-spacer\">\n<div style=\"height:14px\" aria-hidden=\"true\" class=\"wp-block-spacer\"><\/div>\n<\/div>\n\n<div class=\"block block-core-heading\">\n<h2 class=\"wp-block-heading\">A Bikepark that champions love!<\/h2>\n<\/div>\n\n<div class=\"block block-core-paragraph\">\n<p>World Championships, World Cups, French Cups\u2026 it&#8217;s on the G\u00e9tois slopes that the greatest champions have competed and won their finest medals. Remember the historic 100% French podium in the Downhill and the many tricolour medals at the 2022 World Championships, which are now etched in everyone&#8217;s memories. The World Cup will once again be held in Haute Savoie, in Morillon from 22 to 24 August 2025, and in Les Gets from 28 to 31 August 2025.<\/p>\n<\/div>\n\n<div class=\"block block-core-paragraph\">\n<p>These exceptional athletes inspire mountain biking enthusiasts and set an example for young people, more and more of whom are taking up the sport in the mountains. As a pioneering destination in the sport, Les Gets has developed a tailor-made offering for riders of all levels. With a high-performance Bikepark accessible to experts and beginners alike, the resort is a magnificent playground for downhill, freestyle, freeride, e-bike and cross-country riders in the Portes du Soleil area, not forgetting the Kids Zones with Pumptracks, mini-Jump Park and other fun modules for children.<\/p>\n<\/div>\n\n<div class=\"block block-core-buttons\">\n<div class=\"wp-block-buttons is-content-justification-center is-layout-flex wp-container-core-buttons-is-layout-16018d1d wp-block-buttons-is-layout-flex\"><div class=\"block block-core-button\">\n<div class=\"wp-block-button\"><a class=\"wp-block-button__link wp-element-button\" href=\"https:\/\/www.lesgets.com\/en\/lift-pass\/\">Buy your pass<\/a><\/div>\n<\/div><\/div>\n<\/div>\n\n<div class=\"block block-core-heading\">\n<h2 class=\"wp-block-heading\">Les Gets is committed<\/h2>\n<\/div>\n\n<div class=\"block block-core-paragraph\">\n<p>Having hosted a stage of the Tour de France, Les Gets has been awarded the &#8220;Ville \u00e0 V\u00e9lo&#8221; label (with 3 yellow bikes out of a maximum of 4) thanks to initiatives that promote the activity as a whole, whether for sport, leisure or as a means of everyday transport. To complete the two-wheeled offer, the resort has also been awarded the &#8220;Accueil V\u00e9lo (Cyclists Welcome)&#8221; label since 2018, guaranteeing riders quality services and tools.<\/p>\n<\/div>\n\n<div class=\"block block-core-buttons\">\n<div class=\"wp-block-buttons is-content-justification-center is-layout-flex wp-container-core-buttons-is-layout-16018d1d wp-block-buttons-is-layout-flex\"><div class=\"block block-core-button\">\n<div class=\"wp-block-button\"><a class=\"wp-block-button__link wp-element-button\" href=\"https:\/\/www.lesgets.com\/en\/actualite\/les-gets-a-tour-de-france-cycling-town\/\">The &#8220;city bike&#8221; label<\/a><\/div>\n<\/div><\/div>\n<\/div>\n\n<div class=\"block block-core-spacer\">\n<div style=\"height:40px\" aria-hidden=\"true\" class=\"wp-block-spacer\"><\/div>\n<\/div>\n\n\n<figure class=\"wp-block-image size-full\"><img loading=\"lazy\" decoding=\"async\" width=\"2000\" height=\"524\" src=\"https:\/\/www.lesgets.com\/wp\/..\/app\/uploads\/2025\/07\/Logos-mise-en-page-site.png\" alt=\"\" class=\"wp-image-63861\" srcset=\"https:\/\/www.lesgets.com\/wp\/..\/app\/uploads\/2025\/07\/Logos-mise-en-page-site.png 2000w, https:\/\/www.lesgets.com\/wp\/..\/app\/uploads\/2025\/07\/Logos-mise-en-page-site-768x201.png 768w, https:\/\/www.lesgets.com\/wp\/..\/app\/uploads\/2025\/07\/Logos-mise-en-page-site-1536x402.png 1536w, https:\/\/www.lesgets.com\/wp\/..\/app\/uploads\/2025\/07\/Logos-mise-en-page-site-960x252.png 960w\" sizes=\"auto, (max-width: 2000px) 100vw, 2000px\" \/><\/figure>\n","protected":false},"excerpt":{"rendered":"<p>Mountain biking, enduro, road or electric bikes&#8230; Les Gets has been a pioneering cycling destination since 1992!<\/p>\n","protected":false},"author":14,"featured_media":41612,"parent":43287,"menu_order":0,"comment_status":"closed","ping_status":"closed","template":"","meta":{"_acf_changed":false,"footnotes":""},"class_list":["post-43318","page","type-page","status-publish","has-post-thumbnail","hentry"],"acf":[],"yoast_head":"<!-- This site is optimized with the Yoast SEO plugin v27.2 - https:\/\/yoast.com\/product\/yoast-seo-wordpress\/ -->\n<title>Les Gets, the place to bike - Les Gets<\/title>\n<meta name=\"description\" content=\"Mountain biking, enduro, road or electric bikes... Les Gets has been a pioneering cycling destination since 1992!\" \/>\n<meta name=\"robots\" content=\"index, follow, max-snippet:-1, max-image-preview:large, max-video-preview:-1\" \/>\n<link rel=\"canonical\" href=\"https:\/\/www.lesgets.com\/en\/worldcup\/les-gets-the-place-to-bike\/\" \/>\n<meta property=\"og:locale\" content=\"en_US\" \/>\n<meta property=\"og:type\" content=\"article\" \/>\n<meta property=\"og:title\" content=\"Les Gets, the place to bike - Les Gets\" \/>\n<meta property=\"og:description\" content=\"Mountain biking, enduro, road or electric bikes... Les Gets has been a pioneering cycling destination since 1992!\" \/>\n<meta property=\"og:url\" content=\"https:\/\/www.lesgets.com\/en\/worldcup\/les-gets-the-place-to-bike\/\" \/>\n<meta property=\"og:site_name\" content=\"Les Gets\" \/>\n<meta property=\"article:modified_time\" content=\"2025-07-01T13:19:13+00:00\" \/>\n<meta property=\"og:image\" content=\"https:\/\/www.lesgets.com\/wp\/..\/app\/uploads\/2023\/04\/2022_06_10_Les-Gets_Bikepark_LD_-75_cpCorentinCroisonnier-scaled.jpg\" \/>\n\t<meta property=\"og:image:width\" content=\"2560\" \/>\n\t<meta property=\"og:image:height\" content=\"1707\" \/>\n\t<meta property=\"og:image:type\" content=\"image\/jpeg\" \/>\n<meta name=\"twitter:card\" content=\"summary_large_image\" \/>\n<meta name=\"twitter:label1\" content=\"Est. reading time\" \/>\n\t<meta name=\"twitter:data1\" content=\"2 minutes\" \/>\n<script type=\"application\/ld+json\" class=\"yoast-schema-graph\">{\"@context\":\"https:\/\/schema.org\",\"@graph\":[{\"@type\":\"WebPage\",\"@id\":\"https:\/\/www.lesgets.com\/en\/worldcup\/les-gets-the-place-to-bike\/\",\"url\":\"https:\/\/www.lesgets.com\/en\/worldcup\/les-gets-the-place-to-bike\/\",\"name\":\"Les Gets, the place to bike - Les Gets\",\"isPartOf\":{\"@id\":\"https:\/\/www.lesgets.com\/en\/#website\"},\"primaryImageOfPage\":{\"@id\":\"https:\/\/www.lesgets.com\/en\/worldcup\/les-gets-the-place-to-bike\/#primaryimage\"},\"image\":{\"@id\":\"https:\/\/www.lesgets.com\/en\/worldcup\/les-gets-the-place-to-bike\/#primaryimage\"},\"thumbnailUrl\":\"https:\/\/www.lesgets.com\/wp\/..\/app\/uploads\/2023\/04\/2022_06_10_Les-Gets_Bikepark_LD_-75_cpCorentinCroisonnier-scaled.jpg\",\"datePublished\":\"2023-08-09T07:22:05+00:00\",\"dateModified\":\"2025-07-01T13:19:13+00:00\",\"description\":\"Mountain biking, enduro, road or electric bikes... Les Gets has been a pioneering cycling destination since 1992!\",\"breadcrumb\":{\"@id\":\"https:\/\/www.lesgets.com\/en\/worldcup\/les-gets-the-place-to-bike\/#breadcrumb\"},\"inLanguage\":\"en-US\",\"potentialAction\":[{\"@type\":\"ReadAction\",\"target\":[\"https:\/\/www.lesgets.com\/en\/worldcup\/les-gets-the-place-to-bike\/\"]}]},{\"@type\":\"ImageObject\",\"inLanguage\":\"en-US\",\"@id\":\"https:\/\/www.lesgets.com\/en\/worldcup\/les-gets-the-place-to-bike\/#primaryimage\",\"url\":\"https:\/\/www.lesgets.com\/wp\/..\/app\/uploads\/2023\/04\/2022_06_10_Les-Gets_Bikepark_LD_-75_cpCorentinCroisonnier-scaled.jpg\",\"contentUrl\":\"https:\/\/www.lesgets.com\/wp\/..\/app\/uploads\/2023\/04\/2022_06_10_Les-Gets_Bikepark_LD_-75_cpCorentinCroisonnier-scaled.jpg\",\"width\":2560,\"height\":1707},{\"@type\":\"BreadcrumbList\",\"@id\":\"https:\/\/www.lesgets.com\/en\/worldcup\/les-gets-the-place-to-bike\/#breadcrumb\",\"itemListElement\":[{\"@type\":\"ListItem\",\"position\":1,\"name\":\"Home\",\"item\":\"https:\/\/www.lesgets.com\/en\/\"},{\"@type\":\"ListItem\",\"position\":2,\"name\":\"UCI Mountain Bike World Series 2025\",\"item\":\"https:\/\/www.lesgets.com\/en\/worldcup\/\"},{\"@type\":\"ListItem\",\"position\":3,\"name\":\"Les Gets, the place to bike\"}]},{\"@type\":\"WebSite\",\"@id\":\"https:\/\/www.lesgets.com\/en\/#website\",\"url\":\"https:\/\/www.lesgets.com\/en\/\",\"name\":\"Les Gets\",\"description\":\"\",\"publisher\":{\"@id\":\"https:\/\/www.lesgets.com\/en\/#organization\"},\"potentialAction\":[{\"@type\":\"SearchAction\",\"target\":{\"@type\":\"EntryPoint\",\"urlTemplate\":\"https:\/\/www.lesgets.com\/en\/?s={search_term_string}\"},\"query-input\":{\"@type\":\"PropertyValueSpecification\",\"valueRequired\":true,\"valueName\":\"search_term_string\"}}],\"inLanguage\":\"en-US\"},{\"@type\":\"Organization\",\"@id\":\"https:\/\/www.lesgets.com\/en\/#organization\",\"name\":\"Les Gets\",\"url\":\"https:\/\/www.lesgets.com\/en\/\",\"logo\":{\"@type\":\"ImageObject\",\"inLanguage\":\"en-US\",\"@id\":\"https:\/\/www.lesgets.com\/en\/#\/schema\/logo\/image\/\",\"url\":\"https:\/\/www.lesgets.com\/wp\/..\/app\/uploads\/2020\/06\/logo_lesgets.png\",\"contentUrl\":\"https:\/\/www.lesgets.com\/wp\/..\/app\/uploads\/2020\/06\/logo_lesgets.png\",\"width\":136,\"height\":115,\"caption\":\"Les Gets\"},\"image\":{\"@id\":\"https:\/\/www.lesgets.com\/en\/#\/schema\/logo\/image\/\"}}]}<\/script>\n<!-- \/ Yoast SEO plugin. -->","yoast_head_json":{"title":"Les Gets, the place to bike - Les Gets","description":"Mountain biking, enduro, road or electric bikes... Les Gets has been a pioneering cycling destination since 1992!","robots":{"index":"index","follow":"follow","max-snippet":"max-snippet:-1","max-image-preview":"max-image-preview:large","max-video-preview":"max-video-preview:-1"},"canonical":"https:\/\/www.lesgets.com\/en\/worldcup\/les-gets-the-place-to-bike\/","og_locale":"en_US","og_type":"article","og_title":"Les Gets, the place to bike - Les Gets","og_description":"Mountain biking, enduro, road or electric bikes... Les Gets has been a pioneering cycling destination since 1992!","og_url":"https:\/\/www.lesgets.com\/en\/worldcup\/les-gets-the-place-to-bike\/","og_site_name":"Les Gets","article_modified_time":"2025-07-01T13:19:13+00:00","og_image":[{"width":2560,"height":1707,"url":"https:\/\/www.lesgets.com\/wp\/..\/app\/uploads\/2023\/04\/2022_06_10_Les-Gets_Bikepark_LD_-75_cpCorentinCroisonnier-scaled.jpg","type":"image\/jpeg"}],"twitter_card":"summary_large_image","twitter_misc":{"Est. reading time":"2 minutes"},"schema":{"@context":"https:\/\/schema.org","@graph":[{"@type":"WebPage","@id":"https:\/\/www.lesgets.com\/en\/worldcup\/les-gets-the-place-to-bike\/","url":"https:\/\/www.lesgets.com\/en\/worldcup\/les-gets-the-place-to-bike\/","name":"Les Gets, the place to bike - Les Gets","isPartOf":{"@id":"https:\/\/www.lesgets.com\/en\/#website"},"primaryImageOfPage":{"@id":"https:\/\/www.lesgets.com\/en\/worldcup\/les-gets-the-place-to-bike\/#primaryimage"},"image":{"@id":"https:\/\/www.lesgets.com\/en\/worldcup\/les-gets-the-place-to-bike\/#primaryimage"},"thumbnailUrl":"https:\/\/www.lesgets.com\/wp\/..\/app\/uploads\/2023\/04\/2022_06_10_Les-Gets_Bikepark_LD_-75_cpCorentinCroisonnier-scaled.jpg","datePublished":"2023-08-09T07:22:05+00:00","dateModified":"2025-07-01T13:19:13+00:00","description":"Mountain biking, enduro, road or electric bikes... Les Gets has been a pioneering cycling destination since 1992!","breadcrumb":{"@id":"https:\/\/www.lesgets.com\/en\/worldcup\/les-gets-the-place-to-bike\/#breadcrumb"},"inLanguage":"en-US","potentialAction":[{"@type":"ReadAction","target":["https:\/\/www.lesgets.com\/en\/worldcup\/les-gets-the-place-to-bike\/"]}]},{"@type":"ImageObject","inLanguage":"en-US","@id":"https:\/\/www.lesgets.com\/en\/worldcup\/les-gets-the-place-to-bike\/#primaryimage","url":"https:\/\/www.lesgets.com\/wp\/..\/app\/uploads\/2023\/04\/2022_06_10_Les-Gets_Bikepark_LD_-75_cpCorentinCroisonnier-scaled.jpg","contentUrl":"https:\/\/www.lesgets.com\/wp\/..\/app\/uploads\/2023\/04\/2022_06_10_Les-Gets_Bikepark_LD_-75_cpCorentinCroisonnier-scaled.jpg","width":2560,"height":1707},{"@type":"BreadcrumbList","@id":"https:\/\/www.lesgets.com\/en\/worldcup\/les-gets-the-place-to-bike\/#breadcrumb","itemListElement":[{"@type":"ListItem","position":1,"name":"Home","item":"https:\/\/www.lesgets.com\/en\/"},{"@type":"ListItem","position":2,"name":"UCI Mountain Bike World Series 2025","item":"https:\/\/www.lesgets.com\/en\/worldcup\/"},{"@type":"ListItem","position":3,"name":"Les Gets, the place to bike"}]},{"@type":"WebSite","@id":"https:\/\/www.lesgets.com\/en\/#website","url":"https:\/\/www.lesgets.com\/en\/","name":"Les Gets","description":"","publisher":{"@id":"https:\/\/www.lesgets.com\/en\/#organization"},"potentialAction":[{"@type":"SearchAction","target":{"@type":"EntryPoint","urlTemplate":"https:\/\/www.lesgets.com\/en\/?s={search_term_string}"},"query-input":{"@type":"PropertyValueSpecification","valueRequired":true,"valueName":"search_term_string"}}],"inLanguage":"en-US"},{"@type":"Organization","@id":"https:\/\/www.lesgets.com\/en\/#organization","name":"Les Gets","url":"https:\/\/www.lesgets.com\/en\/","logo":{"@type":"ImageObject","inLanguage":"en-US","@id":"https:\/\/www.lesgets.com\/en\/#\/schema\/logo\/image\/","url":"https:\/\/www.lesgets.com\/wp\/..\/app\/uploads\/2020\/06\/logo_lesgets.png","contentUrl":"https:\/\/www.lesgets.com\/wp\/..\/app\/uploads\/2020\/06\/logo_lesgets.png","width":136,"height":115,"caption":"Les Gets"},"image":{"@id":"https:\/\/www.lesgets.com\/en\/#\/schema\/logo\/image\/"}}]}},"featured_image_src":"https:\/\/www.lesgets.com\/wp\/..\/app\/uploads\/2023\/04\/2022_06_10_Les-Gets_Bikepark_LD_-75_cpCorentinCroisonnier-600x400.jpg","featured_image_src_square":"https:\/\/www.lesgets.com\/wp\/..\/app\/uploads\/2023\/04\/2022_06_10_Les-Gets_Bikepark_LD_-75_cpCorentinCroisonnier-600x600.jpg","_links":{"self":[{"href":"https:\/\/www.lesgets.com\/en\/wp-json\/wp\/v2\/pages\/43318","targetHints":{"allow":["GET"]}}],"collection":[{"href":"https:\/\/www.lesgets.com\/en\/wp-json\/wp\/v2\/pages"}],"about":[{"href":"https:\/\/www.lesgets.com\/en\/wp-json\/wp\/v2\/types\/page"}],"author":[{"embeddable":true,"href":"https:\/\/www.lesgets.com\/en\/wp-json\/wp\/v2\/users\/14"}],"replies":[{"embeddable":true,"href":"https:\/\/www.lesgets.com\/en\/wp-json\/wp\/v2\/comments?post=43318"}],"version-history":[{"count":5,"href":"https:\/\/www.lesgets.com\/en\/wp-json\/wp\/v2\/pages\/43318\/revisions"}],"predecessor-version":[{"id":63879,"href":"https:\/\/www.lesgets.com\/en\/wp-json\/wp\/v2\/pages\/43318\/revisions\/63879"}],"up":[{"embeddable":true,"href":"https:\/\/www.lesgets.com\/en\/wp-json\/wp\/v2\/pages\/43287"}],"wp:featuredmedia":[{"embeddable":true,"href":"https:\/\/www.lesgets.com\/en\/wp-json\/wp\/v2\/media\/41612"}],"wp:attachment":[{"href":"https:\/\/www.lesgets.com\/en\/wp-json\/wp\/v2\/media?parent=43318"}],"curies":[{"name":"wp","href":"https:\/\/api.w.org\/{rel}","templated":true}]}}