{"id":50678,"date":"2024-10-18T15:15:13","date_gmt":"2024-10-18T13:15:13","guid":{"rendered":"https:\/\/www.lesgets.com\/?page_id=50678"},"modified":"2025-10-01T16:33:11","modified_gmt":"2025-10-01T14:33:11","slug":"infos-les-gets-winter-trail","status":"publish","type":"page","link":"https:\/\/www.lesgets.com\/en\/les-gets-winter-trail\/infos-les-gets-winter-trail\/","title":{"rendered":"Infos"},"content":{"rendered":"<div class=\"block block-core-paragraph\">\n<p>Find all the information you need to prepare for the second edition of the Trail d&#8217;Hiver des Gets! \u2744\ufe0f\ud83c\udfc3\ud83c\udffc<\/p>\n<\/div>\n\n<div class=\"block block-core-buttons\">\n<div class=\"wp-block-buttons is-content-justification-center is-layout-flex wp-container-core-buttons-is-layout-16018d1d wp-block-buttons-is-layout-flex\"><div class=\"block block-core-button\">\n<div class=\"wp-block-button\"><a class=\"wp-block-button__link wp-element-button\" href=\"https:\/\/www.lesgets.com\/wp\/..\/app\/uploads\/2025\/01\/Rules-2.pdf\" target=\"_blank\" rel=\"noreferrer noopener nofollow\">Upload the rules<\/a><\/div>\n<\/div>\n\n<div class=\"block block-core-button\">\n<div class=\"wp-block-button\"><a class=\"wp-block-button__link wp-element-button\" href=\"https:\/\/in.njuko.com\/trail-hiver-des-gets-2026?currentPage=select-competition\" target=\"_blank\" rel=\"noreferrer noopener nofollow\">Get Ticket<\/a><\/div>\n<\/div><\/div>\n<\/div>\n\n<div class=\"block block-genesis-custom-blocks-accordion\">    <div class=\"accordion\">\r\n                    <div class=\"title\">\r\n                <h3>\ud83e\udd7e Equipment <\/h3>\r\n            <\/div>\r\n        \r\n                    <div class=\"description\">\r\n                <p>\u27a1\ufe0f Required equipment<\/p>\n<p>Water supply of at least 0.5 litres<br \/>Food supplies<br \/>Survival blanket<br \/>Whistle<br \/>Windproof mountain jacket<br \/>Mobile phone with the number of the organisers (07 66 33 50 03). Participants must be contactable at all times (before, during and after the race).<br \/>Sticks are accepted<br \/>Bib visible on chest<\/p>\n<p>\u27a1\ufe0f Recommended equipment<br \/>Waterproof jacket<br \/>Gloves and hat in case of cold weather<\/p>\n<p>\u2757 You undertake to have the required equipment and to present it at the request of the organisers during the entire event (start, finish and on the course). \u2757<\/p>\n<p>Here\u2019s the corrected version:<\/p>\n<p>\u27a1\ufe0f <strong>Race Number Collection<\/strong><br \/>You can collect your race number on race day, Saturday, 17 January 2026, at the Salle de La Colombi\u00e8re (2813 Rte des Grandes Alpes, 74260 Les Gets) between 08:30 and 18:00, upon presentation of proof of identity.<br \/>Your race number can also be collected by a third party, provided they present proof of identity.<\/p>\n<p>If your registration is marked as incomplete, please provide a valid FFA license or PPS certificate, which can be obtained from the athle.fr website.<\/p>\n<p>For your information, your entry for the adult courses includes: a finisher&#8217;s medal, a participant&#8217;s gift, course security and assistance, as well as the post-race meal.<br \/>Meals for runners and accompanying persons will be served from 7:00 p.m. to 10:45 p.m.<\/p>\n            <\/div>\r\n            <\/div>\r\n<\/div>\n\n<div class=\"block block-genesis-custom-blocks-accordion\">    <div class=\"accordion\">\r\n                    <div class=\"title\">\r\n                <h3>\ud83d\udeb0 Refuelling<\/h3>\r\n            <\/div>\r\n        \r\n                    <div class=\"description\">\r\n                <p>Refreshments will include both liquids and solids. They may be distributed individually when picking up race bibs and\/or available along the course depending on the current health regulations.<\/p>\n<p>Refreshment Station 1 : Les Chavannes at kilometers 4 and 13<br \/>Refreshment Station 2 : Lac des Ecoles at kilometers 9 and 18<br \/>Refreshment Station 3 : At the finish area on the Front de Neige<\/p>\n<p>Personal refreshments provided by a support team are not allowed in the official refreshment zones.<\/p>\n            <\/div>\r\n            <\/div>\r\n<\/div>\n\n<div class=\"block block-genesis-custom-blocks-accordion\">    <div class=\"accordion\">\r\n                    <div class=\"title\">\r\n                <h3>\u274c Insurance and cancellation<\/h3>\r\n            <\/div>\r\n        \r\n                    <div class=\"description\">\r\n                <p>Participants with a licence are covered by their own licence.<\/p>\n<p>Non-licensed participants are advised to take out personal accident insurance to cover any search and rescue costs in France. Such insurance can be taken out with any organiser of the competitor&#8217;s choice, and in particular with the F\u00e9d\u00e9ration Fran\u00e7aise d&#8217;Athl\u00e9tisme.<\/p>\n<p>If the race is cancelled due to force majeure or for reasons beyond the control of the organisers, participants will be entitled to :<br \/>\u27a1\ufe0f Either the transfer of their registration to the Trail d\u2019Hiver des Gets 2027,<br \/>\u27a1\ufe0f Or a refund of their registration for the Trail d\u2019Hiver des Gets 2026. Only the registration fees will not be refunded.<\/p>\n            <\/div>\r\n            <\/div>\r\n<\/div>\n\n<div class=\"block block-genesis-custom-blocks-accordion\">    <div class=\"accordion\">\r\n                    <div class=\"title\">\r\n                <h3>\ud83e\uddd1\u200d\ud83e\udd1d\u200d\ud83e\uddd1  Accompanying person<\/h3>\r\n            <\/div>\r\n        \r\n                    <div class=\"description\">\r\n                <p>Come with a guest and share the post-race meal together!<br \/>Meals for accompanying persons are available for \u20ac15 when you register.<br \/>You don&#8217;t necessarily need a race number to book your meal.<br \/>Reservations must be made 15 days before the start date.<\/p>\n            <\/div>\r\n            <\/div>\r\n<\/div>\n\n<div class=\"block block-genesis-custom-blocks-accordion\">    <div class=\"accordion\">\r\n                    <div class=\"title\">\r\n                <h3>Mandatory document<\/h3>\r\n            <\/div>\r\n        \r\n                    <div class=\"description\">\r\n                <p>Please have a PPS (health prevention plan) available on <a href=\"https:\/\/pps.athle.fr\" target=\"_blank\" rel=\"noreferrer noopener\">pps.athle.fr<\/a><\/p>\n            <\/div>\r\n            <\/div>\r\n<\/div>\n\n<div class=\"block block-genesis-custom-blocks-accordion\">    <div class=\"accordion\">\r\n                    <div class=\"title\">\r\n                <h3>\ud83d\udcde Contact<\/h3>\r\n            <\/div>\r\n        \r\n                    <div class=\"description\">\r\n                <p>For any information or questions regarding the event, please contact :<\/p>\n<p><strong>Les Gets Tourisme<\/strong><br \/>89 route du front de neige<br \/>74 260 Les Gets\u00a0<br \/>Mail\u202f:\u00a0<a href=\"mailto:trail@lesgets.com\">trail@lesgets.com<\/a>\u00a0\u00a0<br \/>T\u00e9l\u202f: 04 50 74 74 74\u00a0<\/p>\n            <\/div>\r\n            <\/div>\r\n<\/div>\n\n<div class=\"wp-block-image\">\n<figure class=\"aligncenter size-full\"><img loading=\"lazy\" decoding=\"async\" width=\"635\" height=\"166\" src=\"https:\/\/www.lesgets.com\/wp\/..\/app\/uploads\/2025\/09\/Logo-Partenaires-Trail-dHiver.png\" alt=\"Logo-Partenaires Trail d'Hiver\n\" class=\"wp-image-74006\"\/><\/figure>\n<\/div>","protected":false},"excerpt":{"rendered":"<p>All the informations for your winter trail in Les Gets on saturday 18 january.<\/p>\n","protected":false},"author":2,"featured_media":74464,"parent":50676,"menu_order":0,"comment_status":"closed","ping_status":"closed","template":"","meta":{"_acf_changed":false,"footnotes":""},"class_list":["post-50678","page","type-page","status-publish","has-post-thumbnail","hentry"],"acf":[],"yoast_head":"<!-- This site is optimized with the Yoast SEO plugin v27.2 - https:\/\/yoast.com\/product\/yoast-seo-wordpress\/ -->\n<title>Infos - Les Gets<\/title>\n<meta name=\"description\" content=\"All the informations for your winter trail in Les Gets on saturday 18 january.\" \/>\n<meta name=\"robots\" content=\"index, follow, max-snippet:-1, max-image-preview:large, max-video-preview:-1\" \/>\n<link rel=\"canonical\" href=\"https:\/\/www.lesgets.com\/en\/les-gets-winter-trail\/infos-les-gets-winter-trail\/\" \/>\n<meta property=\"og:locale\" content=\"en_US\" \/>\n<meta property=\"og:type\" content=\"article\" \/>\n<meta property=\"og:title\" content=\"Infos - Les Gets\" \/>\n<meta property=\"og:description\" content=\"All the informations for your winter trail in Les Gets on saturday 18 january.\" \/>\n<meta property=\"og:url\" content=\"https:\/\/www.lesgets.com\/en\/les-gets-winter-trail\/infos-les-gets-winter-trail\/\" \/>\n<meta property=\"og:site_name\" content=\"Les Gets\" \/>\n<meta property=\"article:modified_time\" content=\"2025-10-01T14:33:11+00:00\" \/>\n<meta property=\"og:image\" content=\"https:\/\/www.lesgets.com\/wp\/..\/app\/uploads\/2024\/10\/2022_12_20_LesGets_paysage_vue_village_neige_fraiche_86_cpCorentinCroisonnier_LD-scaled.jpg\" \/>\n\t<meta property=\"og:image:width\" content=\"2560\" \/>\n\t<meta property=\"og:image:height\" content=\"1707\" \/>\n\t<meta property=\"og:image:type\" content=\"image\/jpeg\" \/>\n<meta name=\"twitter:card\" content=\"summary_large_image\" \/>\n<meta name=\"twitter:label1\" content=\"Est. reading time\" \/>\n\t<meta name=\"twitter:data1\" content=\"1 minute\" \/>\n<script type=\"application\/ld+json\" class=\"yoast-schema-graph\">{\"@context\":\"https:\/\/schema.org\",\"@graph\":[{\"@type\":\"WebPage\",\"@id\":\"https:\/\/www.lesgets.com\/en\/les-gets-winter-trail\/infos-les-gets-winter-trail\/\",\"url\":\"https:\/\/www.lesgets.com\/en\/les-gets-winter-trail\/infos-les-gets-winter-trail\/\",\"name\":\"Infos - Les Gets\",\"isPartOf\":{\"@id\":\"https:\/\/www.lesgets.com\/en\/#website\"},\"primaryImageOfPage\":{\"@id\":\"https:\/\/www.lesgets.com\/en\/les-gets-winter-trail\/infos-les-gets-winter-trail\/#primaryimage\"},\"image\":{\"@id\":\"https:\/\/www.lesgets.com\/en\/les-gets-winter-trail\/infos-les-gets-winter-trail\/#primaryimage\"},\"thumbnailUrl\":\"https:\/\/www.lesgets.com\/wp\/..\/app\/uploads\/2025\/10\/2025_01_18_Trail-Hiver-Les-Gets-4.jpg\",\"datePublished\":\"2024-10-18T13:15:13+00:00\",\"dateModified\":\"2025-10-01T14:33:11+00:00\",\"description\":\"All the informations for your winter trail in Les Gets on saturday 18 january.\",\"breadcrumb\":{\"@id\":\"https:\/\/www.lesgets.com\/en\/les-gets-winter-trail\/infos-les-gets-winter-trail\/#breadcrumb\"},\"inLanguage\":\"en-US\",\"potentialAction\":[{\"@type\":\"ReadAction\",\"target\":[\"https:\/\/www.lesgets.com\/en\/les-gets-winter-trail\/infos-les-gets-winter-trail\/\"]}]},{\"@type\":\"ImageObject\",\"inLanguage\":\"en-US\",\"@id\":\"https:\/\/www.lesgets.com\/en\/les-gets-winter-trail\/infos-les-gets-winter-trail\/#primaryimage\",\"url\":\"https:\/\/www.lesgets.com\/wp\/..\/app\/uploads\/2025\/10\/2025_01_18_Trail-Hiver-Les-Gets-4.jpg\",\"contentUrl\":\"https:\/\/www.lesgets.com\/wp\/..\/app\/uploads\/2025\/10\/2025_01_18_Trail-Hiver-Les-Gets-4.jpg\",\"width\":1900,\"height\":1069,\"caption\":\"trail_hiver_les_Gets\"},{\"@type\":\"BreadcrumbList\",\"@id\":\"https:\/\/www.lesgets.com\/en\/les-gets-winter-trail\/infos-les-gets-winter-trail\/#breadcrumb\",\"itemListElement\":[{\"@type\":\"ListItem\",\"position\":1,\"name\":\"Home\",\"item\":\"https:\/\/www.lesgets.com\/en\/\"},{\"@type\":\"ListItem\",\"position\":2,\"name\":\"Les Gets Winter Trail\",\"item\":\"https:\/\/www.lesgets.com\/en\/les-gets-winter-trail\/\"},{\"@type\":\"ListItem\",\"position\":3,\"name\":\"Infos\"}]},{\"@type\":\"WebSite\",\"@id\":\"https:\/\/www.lesgets.com\/en\/#website\",\"url\":\"https:\/\/www.lesgets.com\/en\/\",\"name\":\"Les Gets\",\"description\":\"\",\"publisher\":{\"@id\":\"https:\/\/www.lesgets.com\/en\/#organization\"},\"potentialAction\":[{\"@type\":\"SearchAction\",\"target\":{\"@type\":\"EntryPoint\",\"urlTemplate\":\"https:\/\/www.lesgets.com\/en\/?s={search_term_string}\"},\"query-input\":{\"@type\":\"PropertyValueSpecification\",\"valueRequired\":true,\"valueName\":\"search_term_string\"}}],\"inLanguage\":\"en-US\"},{\"@type\":\"Organization\",\"@id\":\"https:\/\/www.lesgets.com\/en\/#organization\",\"name\":\"Les Gets\",\"url\":\"https:\/\/www.lesgets.com\/en\/\",\"logo\":{\"@type\":\"ImageObject\",\"inLanguage\":\"en-US\",\"@id\":\"https:\/\/www.lesgets.com\/en\/#\/schema\/logo\/image\/\",\"url\":\"https:\/\/www.lesgets.com\/wp\/..\/app\/uploads\/2020\/06\/logo_lesgets.png\",\"contentUrl\":\"https:\/\/www.lesgets.com\/wp\/..\/app\/uploads\/2020\/06\/logo_lesgets.png\",\"width\":136,\"height\":115,\"caption\":\"Les Gets\"},\"image\":{\"@id\":\"https:\/\/www.lesgets.com\/en\/#\/schema\/logo\/image\/\"}}]}<\/script>\n<!-- \/ Yoast SEO plugin. -->","yoast_head_json":{"title":"Infos - Les Gets","description":"All the informations for your winter trail in Les Gets on saturday 18 january.","robots":{"index":"index","follow":"follow","max-snippet":"max-snippet:-1","max-image-preview":"max-image-preview:large","max-video-preview":"max-video-preview:-1"},"canonical":"https:\/\/www.lesgets.com\/en\/les-gets-winter-trail\/infos-les-gets-winter-trail\/","og_locale":"en_US","og_type":"article","og_title":"Infos - Les Gets","og_description":"All the informations for your winter trail in Les Gets on saturday 18 january.","og_url":"https:\/\/www.lesgets.com\/en\/les-gets-winter-trail\/infos-les-gets-winter-trail\/","og_site_name":"Les Gets","article_modified_time":"2025-10-01T14:33:11+00:00","og_image":[{"width":2560,"height":1707,"url":"https:\/\/www.lesgets.com\/wp\/..\/app\/uploads\/2024\/10\/2022_12_20_LesGets_paysage_vue_village_neige_fraiche_86_cpCorentinCroisonnier_LD-scaled.jpg","type":"image\/jpeg"}],"twitter_card":"summary_large_image","twitter_misc":{"Est. reading time":"1 minute"},"schema":{"@context":"https:\/\/schema.org","@graph":[{"@type":"WebPage","@id":"https:\/\/www.lesgets.com\/en\/les-gets-winter-trail\/infos-les-gets-winter-trail\/","url":"https:\/\/www.lesgets.com\/en\/les-gets-winter-trail\/infos-les-gets-winter-trail\/","name":"Infos - Les Gets","isPartOf":{"@id":"https:\/\/www.lesgets.com\/en\/#website"},"primaryImageOfPage":{"@id":"https:\/\/www.lesgets.com\/en\/les-gets-winter-trail\/infos-les-gets-winter-trail\/#primaryimage"},"image":{"@id":"https:\/\/www.lesgets.com\/en\/les-gets-winter-trail\/infos-les-gets-winter-trail\/#primaryimage"},"thumbnailUrl":"https:\/\/www.lesgets.com\/wp\/..\/app\/uploads\/2025\/10\/2025_01_18_Trail-Hiver-Les-Gets-4.jpg","datePublished":"2024-10-18T13:15:13+00:00","dateModified":"2025-10-01T14:33:11+00:00","description":"All the informations for your winter trail in Les Gets on saturday 18 january.","breadcrumb":{"@id":"https:\/\/www.lesgets.com\/en\/les-gets-winter-trail\/infos-les-gets-winter-trail\/#breadcrumb"},"inLanguage":"en-US","potentialAction":[{"@type":"ReadAction","target":["https:\/\/www.lesgets.com\/en\/les-gets-winter-trail\/infos-les-gets-winter-trail\/"]}]},{"@type":"ImageObject","inLanguage":"en-US","@id":"https:\/\/www.lesgets.com\/en\/les-gets-winter-trail\/infos-les-gets-winter-trail\/#primaryimage","url":"https:\/\/www.lesgets.com\/wp\/..\/app\/uploads\/2025\/10\/2025_01_18_Trail-Hiver-Les-Gets-4.jpg","contentUrl":"https:\/\/www.lesgets.com\/wp\/..\/app\/uploads\/2025\/10\/2025_01_18_Trail-Hiver-Les-Gets-4.jpg","width":1900,"height":1069,"caption":"trail_hiver_les_Gets"},{"@type":"BreadcrumbList","@id":"https:\/\/www.lesgets.com\/en\/les-gets-winter-trail\/infos-les-gets-winter-trail\/#breadcrumb","itemListElement":[{"@type":"ListItem","position":1,"name":"Home","item":"https:\/\/www.lesgets.com\/en\/"},{"@type":"ListItem","position":2,"name":"Les Gets Winter Trail","item":"https:\/\/www.lesgets.com\/en\/les-gets-winter-trail\/"},{"@type":"ListItem","position":3,"name":"Infos"}]},{"@type":"WebSite","@id":"https:\/\/www.lesgets.com\/en\/#website","url":"https:\/\/www.lesgets.com\/en\/","name":"Les Gets","description":"","publisher":{"@id":"https:\/\/www.lesgets.com\/en\/#organization"},"potentialAction":[{"@type":"SearchAction","target":{"@type":"EntryPoint","urlTemplate":"https:\/\/www.lesgets.com\/en\/?s={search_term_string}"},"query-input":{"@type":"PropertyValueSpecification","valueRequired":true,"valueName":"search_term_string"}}],"inLanguage":"en-US"},{"@type":"Organization","@id":"https:\/\/www.lesgets.com\/en\/#organization","name":"Les Gets","url":"https:\/\/www.lesgets.com\/en\/","logo":{"@type":"ImageObject","inLanguage":"en-US","@id":"https:\/\/www.lesgets.com\/en\/#\/schema\/logo\/image\/","url":"https:\/\/www.lesgets.com\/wp\/..\/app\/uploads\/2020\/06\/logo_lesgets.png","contentUrl":"https:\/\/www.lesgets.com\/wp\/..\/app\/uploads\/2020\/06\/logo_lesgets.png","width":136,"height":115,"caption":"Les Gets"},"image":{"@id":"https:\/\/www.lesgets.com\/en\/#\/schema\/logo\/image\/"}}]}},"featured_image_src":"https:\/\/www.lesgets.com\/wp\/..\/app\/uploads\/2025\/10\/2025_01_18_Trail-Hiver-Les-Gets-4-600x400.jpg","featured_image_src_square":"https:\/\/www.lesgets.com\/wp\/..\/app\/uploads\/2025\/10\/2025_01_18_Trail-Hiver-Les-Gets-4-600x600.jpg","_links":{"self":[{"href":"https:\/\/www.lesgets.com\/en\/wp-json\/wp\/v2\/pages\/50678","targetHints":{"allow":["GET"]}}],"collection":[{"href":"https:\/\/www.lesgets.com\/en\/wp-json\/wp\/v2\/pages"}],"about":[{"href":"https:\/\/www.lesgets.com\/en\/wp-json\/wp\/v2\/types\/page"}],"author":[{"embeddable":true,"href":"https:\/\/www.lesgets.com\/en\/wp-json\/wp\/v2\/users\/2"}],"replies":[{"embeddable":true,"href":"https:\/\/www.lesgets.com\/en\/wp-json\/wp\/v2\/comments?post=50678"}],"version-history":[{"count":5,"href":"https:\/\/www.lesgets.com\/en\/wp-json\/wp\/v2\/pages\/50678\/revisions"}],"predecessor-version":[{"id":74041,"href":"https:\/\/www.lesgets.com\/en\/wp-json\/wp\/v2\/pages\/50678\/revisions\/74041"}],"up":[{"embeddable":true,"href":"https:\/\/www.lesgets.com\/en\/wp-json\/wp\/v2\/pages\/50676"}],"wp:featuredmedia":[{"embeddable":true,"href":"https:\/\/www.lesgets.com\/en\/wp-json\/wp\/v2\/media\/74464"}],"wp:attachment":[{"href":"https:\/\/www.lesgets.com\/en\/wp-json\/wp\/v2\/media?parent=50678"}],"curies":[{"name":"wp","href":"https:\/\/api.w.org\/{rel}","templated":true}]}}