{"id":53568,"date":"2025-02-06T11:19:34","date_gmt":"2025-02-06T10:19:34","guid":{"rendered":"https:\/\/www.lesgets.com\/rosta\/"},"modified":"2025-02-06T11:26:18","modified_gmt":"2025-02-06T10:26:18","slug":"rosta","status":"publish","type":"page","link":"https:\/\/www.lesgets.com\/en\/rosta\/","title":{"rendered":"New ROSTA chairlift"},"content":{"rendered":"<div class=\"block block-core-paragraph\">\n<p>Starting from Christmas 2025, the Rosta area will be equipped with a brand-new detachable 8-seater chairlift. <strong>Comfort, speed, and modernity<\/strong> will be at the forefront for an enhanced experience. This new lift will replace the old 4-seater chairlift.<\/p>\n<\/div>\n\n<div class=\"block block-core-heading\">\n<h3 class=\"wp-block-heading\"><strong>A brand-new chairlift for an even smoother skiing experience at Les Gets!<\/strong><\/h3>\n<\/div>\n\n<div class=\"block block-core-list\">\n<ul class=\"wp-block-list\"><div class=\"block block-core-list-item\">\n<li>With its <strong>ergonomic 8-seater chairs<\/strong>, easy boarding thanks to a positioning carpet, and design tailored for all levels of skiers.<\/li>\n<\/div>\n\n<div class=\"block block-core-list-item\">\n<li>Thanks to a speed of 6 m\/s, you\u2019ll reach the top in <strong>under 3 minutes<\/strong>.<\/li>\n<\/div><\/ul>\n<\/div>\n\n<div class=\"block block-core-spacer\">\n<div style=\"height:20px\" aria-hidden=\"true\" class=\"wp-block-spacer\"><\/div>\n<\/div>\n\n\n<figure class=\"wp-block-gallery has-nested-images columns-default is-cropped wp-block-gallery-1 is-layout-flex wp-block-gallery-is-layout-flex\">\n<figure class=\"wp-block-image size-large\"><img loading=\"lazy\" decoding=\"async\" width=\"1183\" height=\"744\" data-id=\"53524\" src=\"https:\/\/www.lesgets.com\/wp\/..\/app\/uploads\/2025\/02\/ROSTA2.png\" alt=\"\" class=\"wp-image-53524\" srcset=\"https:\/\/www.lesgets.com\/wp\/..\/app\/uploads\/2025\/02\/ROSTA2.png 1183w, https:\/\/www.lesgets.com\/wp\/..\/app\/uploads\/2025\/02\/ROSTA2-768x483.png 768w, https:\/\/www.lesgets.com\/wp\/..\/app\/uploads\/2025\/02\/ROSTA2-960x604.png 960w\" sizes=\"auto, (max-width: 1183px) 100vw, 1183px\" \/><\/figure>\n\n\n\n<figure class=\"wp-block-image size-large\"><img loading=\"lazy\" decoding=\"async\" width=\"1063\" height=\"828\" data-id=\"53527\" src=\"https:\/\/www.lesgets.com\/wp\/..\/app\/uploads\/2025\/02\/ROSTA3.png\" alt=\"\" class=\"wp-image-53527\" srcset=\"https:\/\/www.lesgets.com\/wp\/..\/app\/uploads\/2025\/02\/ROSTA3.png 1063w, https:\/\/www.lesgets.com\/wp\/..\/app\/uploads\/2025\/02\/ROSTA3-768x598.png 768w, https:\/\/www.lesgets.com\/wp\/..\/app\/uploads\/2025\/02\/ROSTA3-960x748.png 960w\" sizes=\"auto, (max-width: 1063px) 100vw, 1063px\" \/><\/figure>\n\n\n\n<figure class=\"wp-block-image size-large\"><img loading=\"lazy\" decoding=\"async\" width=\"1055\" height=\"783\" data-id=\"53530\" src=\"https:\/\/www.lesgets.com\/wp\/..\/app\/uploads\/2025\/02\/ROSTA4.png\" alt=\"\" class=\"wp-image-53530\" srcset=\"https:\/\/www.lesgets.com\/wp\/..\/app\/uploads\/2025\/02\/ROSTA4.png 1055w, https:\/\/www.lesgets.com\/wp\/..\/app\/uploads\/2025\/02\/ROSTA4-768x570.png 768w, https:\/\/www.lesgets.com\/wp\/..\/app\/uploads\/2025\/02\/ROSTA4-960x712.png 960w\" sizes=\"auto, (max-width: 1055px) 100vw, 1055px\" \/><\/figure>\n<\/figure>\n\n\n<div class=\"block block-core-spacer\">\n<div style=\"height:20px\" aria-hidden=\"true\" class=\"wp-block-spacer\"><\/div>\n<\/div>\n\n<div class=\"block block-core-heading\">\n<h4 class=\"wp-block-heading\">A more environmentally friendly technology<\/h4>\n<\/div>\n\n<div class=\"block block-core-spacer\">\n<div style=\"height:15px\" aria-hidden=\"true\" class=\"wp-block-spacer\"><\/div>\n<\/div>\n\n<div class=\"block block-core-columns\">\n<div class=\"wp-block-columns is-layout-flex wp-container-core-columns-is-layout-9d6595d7 wp-block-columns-is-layout-flex\"><div class=\"block block-core-column\">\n<div class=\"wp-block-column is-vertically-aligned-center is-layout-flow wp-block-column-is-layout-flow\"><div class=\"block block-core-columns\">\n<div class=\"wp-block-columns is-layout-flex wp-container-core-columns-is-layout-9d6595d7 wp-block-columns-is-layout-flex\"><div class=\"block block-core-column\">\n<div class=\"wp-block-column is-layout-flow wp-block-column-is-layout-flow\"><div class=\"block block-core-paragraph\">\n<p>Equipped with a Direct Drive motor, the future Rosta chairlift offers several environmental benefits:<\/p>\n<\/div>\n\n<div class=\"block block-core-list\">\n<ul class=\"wp-block-list\"><div class=\"block block-core-list-item\">\n<li>Reduced energy consumption<\/li>\n<\/div>\n\n<div class=\"block block-core-list-item\">\n<li>Lower noise pollution<\/li>\n<\/div>\n\n<div class=\"block block-core-list-item\">\n<li>No use of hydrocarbons<\/li>\n<\/div>\n\n<div class=\"block block-core-list-item\">\n<li>Enhanced safety for the teams responsible for operation and maintenance<\/li>\n<\/div><\/ul>\n<\/div><\/div>\n<\/div>\n\n<div class=\"block block-core-column\">\n<div class=\"wp-block-column is-vertically-aligned-top has-white-background-color has-background is-layout-flow wp-block-column-is-layout-flow\"><div class=\"wp-block-image is-style-rounded\">\n<figure class=\"aligncenter size-full\"><img loading=\"lazy\" decoding=\"async\" width=\"265\" height=\"255\" src=\"https:\/\/www.lesgets.com\/wp\/..\/app\/uploads\/2025\/02\/poma-vert.png\" alt=\"\" class=\"wp-image-53558\"\/><\/figure>\n<\/div><\/div>\n<\/div><\/div>\n<\/div><\/div>\n<\/div><\/div>\n<\/div>\n\n<div class=\"block block-core-paragraph\">\n<p><strong>See you in December 2025 to discover this new installation at Les Gets!<\/strong><\/p>\n<\/div>","protected":false},"excerpt":{"rendered":"<p>Starting from Christmas 2025, the Rosta area will be equipped with a brand-new detachable 8-seater chairlift. Comfort, speed, and modernity will be at the forefront for an enhanced experience. This new lift will replace the old 4-seater chairlift.<\/p>\n","protected":false},"author":5,"featured_media":53522,"parent":0,"menu_order":0,"comment_status":"closed","ping_status":"closed","template":"","meta":{"_acf_changed":false,"footnotes":""},"class_list":["post-53568","page","type-page","status-publish","has-post-thumbnail","hentry"],"acf":[],"yoast_head":"<!-- This site is optimized with the Yoast SEO plugin v27.2 - https:\/\/yoast.com\/product\/yoast-seo-wordpress\/ -->\n<title>New ROSTA chairlift - Les Gets<\/title>\n<meta name=\"description\" content=\"D\u00e8s No\u00ebl 2025, le secteur de la Rosta se dote d\u2019un tout nouveau t\u00e9l\u00e9si\u00e8ge d\u00e9brayable 8 places : le TSD8 de la Rosta.\" \/>\n<meta name=\"robots\" content=\"index, follow, max-snippet:-1, max-image-preview:large, max-video-preview:-1\" \/>\n<link rel=\"canonical\" href=\"https:\/\/www.lesgets.com\/en\/rosta\/\" \/>\n<meta property=\"og:locale\" content=\"en_US\" \/>\n<meta property=\"og:type\" content=\"article\" \/>\n<meta property=\"og:title\" content=\"New ROSTA chairlift - Les Gets\" \/>\n<meta property=\"og:description\" content=\"D\u00e8s No\u00ebl 2025, le secteur de la Rosta se dote d\u2019un tout nouveau t\u00e9l\u00e9si\u00e8ge d\u00e9brayable 8 places : le TSD8 de la Rosta.\" \/>\n<meta property=\"og:url\" content=\"https:\/\/www.lesgets.com\/en\/rosta\/\" \/>\n<meta property=\"og:site_name\" content=\"Les Gets\" \/>\n<meta property=\"article:modified_time\" content=\"2025-02-06T10:26:18+00:00\" \/>\n<meta property=\"og:image\" content=\"https:\/\/www.lesgets.com\/wp\/..\/app\/uploads\/2025\/02\/ROSTA1.png\" \/>\n\t<meta property=\"og:image:width\" content=\"1153\" \/>\n\t<meta property=\"og:image:height\" content=\"517\" \/>\n\t<meta property=\"og:image:type\" content=\"image\/png\" \/>\n<meta name=\"twitter:card\" content=\"summary_large_image\" \/>\n<meta name=\"twitter:label1\" content=\"Est. reading time\" \/>\n\t<meta name=\"twitter:data1\" content=\"2 minutes\" \/>\n<script type=\"application\/ld+json\" class=\"yoast-schema-graph\">{\"@context\":\"https:\/\/schema.org\",\"@graph\":[{\"@type\":\"WebPage\",\"@id\":\"https:\/\/www.lesgets.com\/en\/rosta\/\",\"url\":\"https:\/\/www.lesgets.com\/en\/rosta\/\",\"name\":\"New ROSTA chairlift - Les Gets\",\"isPartOf\":{\"@id\":\"https:\/\/www.lesgets.com\/en\/#website\"},\"primaryImageOfPage\":{\"@id\":\"https:\/\/www.lesgets.com\/en\/rosta\/#primaryimage\"},\"image\":{\"@id\":\"https:\/\/www.lesgets.com\/en\/rosta\/#primaryimage\"},\"thumbnailUrl\":\"https:\/\/www.lesgets.com\/wp\/..\/app\/uploads\/2025\/02\/ROSTA1.png\",\"datePublished\":\"2025-02-06T10:19:34+00:00\",\"dateModified\":\"2025-02-06T10:26:18+00:00\",\"description\":\"D\u00e8s No\u00ebl 2025, le secteur de la Rosta se dote d\u2019un tout nouveau t\u00e9l\u00e9si\u00e8ge d\u00e9brayable 8 places : le TSD8 de la Rosta.\",\"breadcrumb\":{\"@id\":\"https:\/\/www.lesgets.com\/en\/rosta\/#breadcrumb\"},\"inLanguage\":\"en-US\",\"potentialAction\":[{\"@type\":\"ReadAction\",\"target\":[\"https:\/\/www.lesgets.com\/en\/rosta\/\"]}]},{\"@type\":\"ImageObject\",\"inLanguage\":\"en-US\",\"@id\":\"https:\/\/www.lesgets.com\/en\/rosta\/#primaryimage\",\"url\":\"https:\/\/www.lesgets.com\/wp\/..\/app\/uploads\/2025\/02\/ROSTA1.png\",\"contentUrl\":\"https:\/\/www.lesgets.com\/wp\/..\/app\/uploads\/2025\/02\/ROSTA1.png\",\"width\":1153,\"height\":517},{\"@type\":\"BreadcrumbList\",\"@id\":\"https:\/\/www.lesgets.com\/en\/rosta\/#breadcrumb\",\"itemListElement\":[{\"@type\":\"ListItem\",\"position\":1,\"name\":\"Home\",\"item\":\"https:\/\/www.lesgets.com\/en\/\"},{\"@type\":\"ListItem\",\"position\":2,\"name\":\"New ROSTA chairlift\"}]},{\"@type\":\"WebSite\",\"@id\":\"https:\/\/www.lesgets.com\/en\/#website\",\"url\":\"https:\/\/www.lesgets.com\/en\/\",\"name\":\"Les Gets\",\"description\":\"\",\"publisher\":{\"@id\":\"https:\/\/www.lesgets.com\/en\/#organization\"},\"potentialAction\":[{\"@type\":\"SearchAction\",\"target\":{\"@type\":\"EntryPoint\",\"urlTemplate\":\"https:\/\/www.lesgets.com\/en\/?s={search_term_string}\"},\"query-input\":{\"@type\":\"PropertyValueSpecification\",\"valueRequired\":true,\"valueName\":\"search_term_string\"}}],\"inLanguage\":\"en-US\"},{\"@type\":\"Organization\",\"@id\":\"https:\/\/www.lesgets.com\/en\/#organization\",\"name\":\"Les Gets\",\"url\":\"https:\/\/www.lesgets.com\/en\/\",\"logo\":{\"@type\":\"ImageObject\",\"inLanguage\":\"en-US\",\"@id\":\"https:\/\/www.lesgets.com\/en\/#\/schema\/logo\/image\/\",\"url\":\"https:\/\/www.lesgets.com\/wp\/..\/app\/uploads\/2020\/06\/logo_lesgets.png\",\"contentUrl\":\"https:\/\/www.lesgets.com\/wp\/..\/app\/uploads\/2020\/06\/logo_lesgets.png\",\"width\":136,\"height\":115,\"caption\":\"Les Gets\"},\"image\":{\"@id\":\"https:\/\/www.lesgets.com\/en\/#\/schema\/logo\/image\/\"}}]}<\/script>\n<!-- \/ Yoast SEO plugin. -->","yoast_head_json":{"title":"New ROSTA chairlift - Les Gets","description":"D\u00e8s No\u00ebl 2025, le secteur de la Rosta se dote d\u2019un tout nouveau t\u00e9l\u00e9si\u00e8ge d\u00e9brayable 8 places : le TSD8 de la Rosta.","robots":{"index":"index","follow":"follow","max-snippet":"max-snippet:-1","max-image-preview":"max-image-preview:large","max-video-preview":"max-video-preview:-1"},"canonical":"https:\/\/www.lesgets.com\/en\/rosta\/","og_locale":"en_US","og_type":"article","og_title":"New ROSTA chairlift - Les Gets","og_description":"D\u00e8s No\u00ebl 2025, le secteur de la Rosta se dote d\u2019un tout nouveau t\u00e9l\u00e9si\u00e8ge d\u00e9brayable 8 places : le TSD8 de la Rosta.","og_url":"https:\/\/www.lesgets.com\/en\/rosta\/","og_site_name":"Les Gets","article_modified_time":"2025-02-06T10:26:18+00:00","og_image":[{"width":1153,"height":517,"url":"https:\/\/www.lesgets.com\/wp\/..\/app\/uploads\/2025\/02\/ROSTA1.png","type":"image\/png"}],"twitter_card":"summary_large_image","twitter_misc":{"Est. reading time":"2 minutes"},"schema":{"@context":"https:\/\/schema.org","@graph":[{"@type":"WebPage","@id":"https:\/\/www.lesgets.com\/en\/rosta\/","url":"https:\/\/www.lesgets.com\/en\/rosta\/","name":"New ROSTA chairlift - Les Gets","isPartOf":{"@id":"https:\/\/www.lesgets.com\/en\/#website"},"primaryImageOfPage":{"@id":"https:\/\/www.lesgets.com\/en\/rosta\/#primaryimage"},"image":{"@id":"https:\/\/www.lesgets.com\/en\/rosta\/#primaryimage"},"thumbnailUrl":"https:\/\/www.lesgets.com\/wp\/..\/app\/uploads\/2025\/02\/ROSTA1.png","datePublished":"2025-02-06T10:19:34+00:00","dateModified":"2025-02-06T10:26:18+00:00","description":"D\u00e8s No\u00ebl 2025, le secteur de la Rosta se dote d\u2019un tout nouveau t\u00e9l\u00e9si\u00e8ge d\u00e9brayable 8 places : le TSD8 de la Rosta.","breadcrumb":{"@id":"https:\/\/www.lesgets.com\/en\/rosta\/#breadcrumb"},"inLanguage":"en-US","potentialAction":[{"@type":"ReadAction","target":["https:\/\/www.lesgets.com\/en\/rosta\/"]}]},{"@type":"ImageObject","inLanguage":"en-US","@id":"https:\/\/www.lesgets.com\/en\/rosta\/#primaryimage","url":"https:\/\/www.lesgets.com\/wp\/..\/app\/uploads\/2025\/02\/ROSTA1.png","contentUrl":"https:\/\/www.lesgets.com\/wp\/..\/app\/uploads\/2025\/02\/ROSTA1.png","width":1153,"height":517},{"@type":"BreadcrumbList","@id":"https:\/\/www.lesgets.com\/en\/rosta\/#breadcrumb","itemListElement":[{"@type":"ListItem","position":1,"name":"Home","item":"https:\/\/www.lesgets.com\/en\/"},{"@type":"ListItem","position":2,"name":"New ROSTA chairlift"}]},{"@type":"WebSite","@id":"https:\/\/www.lesgets.com\/en\/#website","url":"https:\/\/www.lesgets.com\/en\/","name":"Les Gets","description":"","publisher":{"@id":"https:\/\/www.lesgets.com\/en\/#organization"},"potentialAction":[{"@type":"SearchAction","target":{"@type":"EntryPoint","urlTemplate":"https:\/\/www.lesgets.com\/en\/?s={search_term_string}"},"query-input":{"@type":"PropertyValueSpecification","valueRequired":true,"valueName":"search_term_string"}}],"inLanguage":"en-US"},{"@type":"Organization","@id":"https:\/\/www.lesgets.com\/en\/#organization","name":"Les Gets","url":"https:\/\/www.lesgets.com\/en\/","logo":{"@type":"ImageObject","inLanguage":"en-US","@id":"https:\/\/www.lesgets.com\/en\/#\/schema\/logo\/image\/","url":"https:\/\/www.lesgets.com\/wp\/..\/app\/uploads\/2020\/06\/logo_lesgets.png","contentUrl":"https:\/\/www.lesgets.com\/wp\/..\/app\/uploads\/2020\/06\/logo_lesgets.png","width":136,"height":115,"caption":"Les Gets"},"image":{"@id":"https:\/\/www.lesgets.com\/en\/#\/schema\/logo\/image\/"}}]}},"featured_image_src":"https:\/\/www.lesgets.com\/wp\/..\/app\/uploads\/2025\/02\/ROSTA1-600x400.png","featured_image_src_square":"https:\/\/www.lesgets.com\/wp\/..\/app\/uploads\/2025\/02\/ROSTA1-600x517.png","_links":{"self":[{"href":"https:\/\/www.lesgets.com\/en\/wp-json\/wp\/v2\/pages\/53568","targetHints":{"allow":["GET"]}}],"collection":[{"href":"https:\/\/www.lesgets.com\/en\/wp-json\/wp\/v2\/pages"}],"about":[{"href":"https:\/\/www.lesgets.com\/en\/wp-json\/wp\/v2\/types\/page"}],"author":[{"embeddable":true,"href":"https:\/\/www.lesgets.com\/en\/wp-json\/wp\/v2\/users\/5"}],"replies":[{"embeddable":true,"href":"https:\/\/www.lesgets.com\/en\/wp-json\/wp\/v2\/comments?post=53568"}],"version-history":[{"count":2,"href":"https:\/\/www.lesgets.com\/en\/wp-json\/wp\/v2\/pages\/53568\/revisions"}],"predecessor-version":[{"id":53571,"href":"https:\/\/www.lesgets.com\/en\/wp-json\/wp\/v2\/pages\/53568\/revisions\/53571"}],"wp:featuredmedia":[{"embeddable":true,"href":"https:\/\/www.lesgets.com\/en\/wp-json\/wp\/v2\/media\/53522"}],"wp:attachment":[{"href":"https:\/\/www.lesgets.com\/en\/wp-json\/wp\/v2\/media?parent=53568"}],"curies":[{"name":"wp","href":"https:\/\/api.w.org\/{rel}","templated":true}]}}