{"id":93565,"date":"2026-01-23T11:58:52","date_gmt":"2026-01-23T10:58:52","guid":{"rendered":"https:\/\/www.lesgets.com\/gestion-des-dechets\/"},"modified":"2026-01-23T15:22:37","modified_gmt":"2026-01-23T14:22:37","slug":"gestion-des-dechets","status":"publish","type":"page","link":"https:\/\/www.lesgets.com\/en\/gestion-des-dechets\/","title":{"rendered":"Gestion des d\u00e9chets"},"content":{"rendered":"<div class=\"block block-core-heading\">\n<h2 class=\"wp-block-heading\">O\u00f9 d\u00e9poser mes d\u00e9chets aux Gets ? <\/h2>\n<\/div>\n\n<div class=\"block block-core-paragraph\">\n<p>Aux Gets, la collecte des ordures m\u00e9nag\u00e8res, des emballages et du verre recyclables se fait en Points d&#8217;Apport Volontaire (PAV). <\/p>\n<\/div>\n\n<div class=\"block block-core-buttons\">\n<div class=\"wp-block-buttons is-layout-flex wp-block-buttons-is-layout-flex\"><div class=\"block block-core-button\">\n<div class=\"wp-block-button\"><a class=\"wp-block-button__link wp-element-button\" href=\"https:\/\/www.ouposermespoubelles.com\/\" target=\"_blank\" rel=\"noreferrer noopener nofollow\">Localisez les points d&#8217;apport volontaire<\/a><\/div>\n<\/div>\n\n<div class=\"block block-core-button\">\n<div class=\"wp-block-button\"><a class=\"wp-block-button__link wp-element-button\" href=\"https:\/\/www.lesgets-mairie.fr\/vie-local\/environnement\/gestion-dechets.aspx\" target=\"_blank\" rel=\"noreferrer noopener nofollow\">Plus d&#8217;informations sur la gestion des d\u00e9chets<\/a><\/div>\n<\/div><\/div>\n<\/div>\n\n\n<figure class=\"wp-block-image size-full\"><img loading=\"lazy\" decoding=\"async\" width=\"2298\" height=\"1176\" src=\"https:\/\/www.lesgets.com\/wp\/..\/app\/uploads\/2026\/01\/Ecran_PAV.webp\" alt=\"gestion-des-dechets-les-gets\" class=\"wp-image-93489\" srcset=\"https:\/\/www.lesgets.com\/wp\/..\/app\/uploads\/2026\/01\/Ecran_PAV.webp 2298w, https:\/\/www.lesgets.com\/wp\/..\/app\/uploads\/2026\/01\/Ecran_PAV-768x393.webp 768w, https:\/\/www.lesgets.com\/wp\/..\/app\/uploads\/2026\/01\/Ecran_PAV-1536x786.webp 1536w, https:\/\/www.lesgets.com\/wp\/..\/app\/uploads\/2026\/01\/Ecran_PAV-2048x1048.webp 2048w, https:\/\/www.lesgets.com\/wp\/..\/app\/uploads\/2026\/01\/Ecran_PAV-960x491.webp 960w\" sizes=\"auto, (max-width: 2298px) 100vw, 2298px\" \/><\/figure>\n\n\n<div class=\"block block-core-heading\">\n<h2 class=\"wp-block-heading\">Les d\u00e9p\u00f4ts sauvages sont interdits et polluants<\/h2>\n<\/div>\n\n<div class=\"block block-core-paragraph\">\n<p>Les d\u00e9p\u00f4ts sauvages polluent l&#8217;environnement (sols, eau, paysages), attirent les animaux sauvages et g\u00e9n\u00e8rent des odeurs d\u00e9sagr\u00e9ables. <\/p>\n<\/div>\n\n<div class=\"block block-core-paragraph\">\n<p>D\u00e9poser vos d\u00e9chets (ordures m\u00e9nag\u00e8res, cartons, encombrants, bois, pneus, \u00e9lectrom\u00e9nagers etc&#8230;) au pied des conteneurs est ill\u00e9gal. Il s&#8217;agit d&#8217;un d\u00e9p\u00f4t sauvage. <\/p>\n<\/div>\n\n<div class=\"block block-core-paragraph\">\n<p><strong>Ce geste peut entra\u00eener : <\/strong><\/p>\n<\/div>\n\n<div class=\"block block-core-list\">\n<ul class=\"wp-block-list\"><div class=\"block block-core-list-item\">\n<li>Une amende pouvant aller de 450\u20ac \u00e0 1500\u20ac<\/li>\n<\/div>\n\n<div class=\"block block-core-list-item\">\n<li>La saisie du v\u00e9hicule qui a servi \u00e0 transporter les d\u00e9chets <\/li>\n<\/div><\/ul>\n<\/div>\n\n<div class=\"block block-core-paragraph\">\n<p><strong><em>Merci de bien vouloir respectez le travail des agents de nettoyage et de collecte qui interviennent chaque jour. <\/em><\/strong><\/p>\n<\/div>\n\n<div class=\"block block-core-paragraph\">\n<p>Pour vos d\u00e9chets sp\u00e9cifiques ou encombrants, merci d&#8217;utiliser les d\u00e9chetteries ou services adapt\u00e9s. <\/p>\n<\/div>\n\n<div class=\"block block-core-heading\">\n<h2 class=\"wp-block-heading\">La d\u00e9ch\u00e8terie des Gets <\/h2>\n<\/div>\n\n<div class=\"block block-core-paragraph\">\n<p>L&#8217;acc\u00e8s \u00e0 la d\u00e9ch\u00e8terie des Gets est permis par la d\u00e9tention d&#8217;une carte (gratuite), d\u00e9livr\u00e9e uniquement aux habitants par la CCHC sur pr\u00e9sentation d&#8217;une fiche disponible en t\u00e9l\u00e9chargement ci-dessous et d&#8217;un justificatif de domicile de moins de 3 mois.<\/p>\n<\/div>\n\n<div class=\"block block-core-buttons\">\n<div class=\"wp-block-buttons is-layout-flex wp-block-buttons-is-layout-flex\"><div class=\"block block-core-button\">\n<div class=\"wp-block-button\"><a class=\"wp-block-button__link wp-element-button\" href=\"https:\/\/files.appli-intramuros.com\/website\/uploads\/32982\/2025\/formulaire_de_demande_de_carte_d_acces_aux_decheteries.pdf\" target=\"_blank\" rel=\"noreferrer noopener nofollow\">Formulaire de carte d&#8217;acc\u00e8s aux d\u00e9ch\u00e8teries<\/a><\/div>\n<\/div><\/div>\n<\/div>\n\n<div class=\"block block-core-paragraph\">\n<p>L&#8217;acc\u00e8s \u00e0 la d\u00e9ch\u00e8terie se faire librement pour les usagers ayant une carte d&#8217;acc\u00e8s \u00e0 pr\u00e9senter aux gardiens. Les d\u00e9chets doivent-\u00eatre pr\u00e9alablement tri\u00e9s pour ne pas exc\u00e9der les 15 minutes de pr\u00e9sence sur site. <\/p>\n<\/div>\n\n<div class=\"block block-core-buttons\">\n<div class=\"wp-block-buttons is-layout-flex wp-block-buttons-is-layout-flex\"><div class=\"block block-core-button\">\n<div class=\"wp-block-button\"><a class=\"wp-block-button__link wp-element-button\" href=\"https:\/\/files.appli-intramuros.com\/website\/uploads\/32982\/2025\/reglement_interieur_des_decheteries_cchc_2021-2.pdf\" target=\"_blank\" rel=\"noreferrer noopener nofollow\">R\u00e8glement des d\u00e9ch\u00e8teries<\/a><\/div>\n<\/div><\/div>\n<\/div>\n\n<div class=\"block block-core-paragraph\">\n<p><strong>Adresse et horaires de la d\u00e9ch\u00e8terie des Gets <\/strong><\/p>\n<\/div>\n\n<div class=\"block block-core-paragraph\">\n<p><strong>D\u00e9ch\u00e8terie des Gets<\/strong><br>Route des Lanches<br>74260 Les Gets<\/p>\n<\/div>\n\n<div class=\"block block-core-paragraph\">\n<p><strong>HORAIRES :&nbsp;<\/strong>Du lundi au samedi : 8h30 \u00e0 12h30 et 13h30 \u00e0 17h30.<\/p>\n<\/div>\n\n<div class=\"block block-core-paragraph\">\n<p>La d\u00e9ch\u00e8terie est ferm\u00e9e les jours f\u00e9ri\u00e9s.&nbsp;L\u2019acc\u00e8s au site est interdit en dehors des horaires d\u2019ouverture.<\/p>\n<\/div>","protected":false},"excerpt":{"rendered":"<p>O\u00f9 d\u00e9poser mes d\u00e9chets aux Gets ? Aux Gets, la collecte des ordures m\u00e9nag\u00e8res, des emballages et du verre recyclables se fait en Points d&#8217;Apport Volontaire (PAV). Les d\u00e9p\u00f4ts sauvages sont interdits et polluants Les d\u00e9p\u00f4ts sauvages polluent l&#8217;environnement (sols, eau, paysages), attirent les animaux sauvages et g\u00e9n\u00e8rent des odeurs d\u00e9sagr\u00e9ables. D\u00e9poser vos d\u00e9chets (ordures [&hellip;]<\/p>\n","protected":false},"author":2,"featured_media":0,"parent":0,"menu_order":0,"comment_status":"closed","ping_status":"closed","template":"","meta":{"_acf_changed":false,"footnotes":""},"class_list":["post-93565","page","type-page","status-publish","hentry"],"acf":[],"yoast_head":"<!-- This site is optimized with the Yoast SEO plugin v27.3 - https:\/\/yoast.com\/product\/yoast-seo-wordpress\/ -->\n<title>Gestion des d\u00e9chets - Point d&#039;Apport Volontaire - Les Gets<\/title>\n<meta name=\"description\" content=\"La gestion des d\u00e9chets au coeur du village des Gets se fait par point d&#039;apport volontaire. D\u00e9couvrez les emplacements des PAV sur la commune.\" \/>\n<meta name=\"robots\" content=\"index, follow, max-snippet:-1, max-image-preview:large, max-video-preview:-1\" \/>\n<link rel=\"canonical\" href=\"https:\/\/www.lesgets.com\/en\/gestion-des-dechets\/\" \/>\n<meta property=\"og:locale\" content=\"en_US\" \/>\n<meta property=\"og:type\" content=\"article\" \/>\n<meta property=\"og:title\" content=\"Gestion des d\u00e9chets - Point d&#039;Apport Volontaire - Les Gets\" \/>\n<meta property=\"og:description\" content=\"La gestion des d\u00e9chets au coeur du village des Gets se fait par point d&#039;apport volontaire. D\u00e9couvrez les emplacements des PAV sur la commune.\" \/>\n<meta property=\"og:url\" content=\"https:\/\/www.lesgets.com\/en\/gestion-des-dechets\/\" \/>\n<meta property=\"og:site_name\" content=\"Les Gets\" \/>\n<meta property=\"article:modified_time\" content=\"2026-01-23T14:22:37+00:00\" \/>\n<meta property=\"og:image\" content=\"https:\/\/www.lesgets.com\/wp\/..\/app\/uploads\/2026\/01\/Ecran_PAV.webp\" \/>\n\t<meta property=\"og:image:width\" content=\"2298\" \/>\n\t<meta property=\"og:image:height\" content=\"1176\" \/>\n\t<meta property=\"og:image:type\" content=\"image\/webp\" \/>\n<meta name=\"twitter:card\" content=\"summary_large_image\" \/>\n<meta name=\"twitter:label1\" content=\"Est. reading time\" \/>\n\t<meta name=\"twitter:data1\" content=\"2 minutes\" \/>\n<script type=\"application\/ld+json\" class=\"yoast-schema-graph\">{\"@context\":\"https:\\\/\\\/schema.org\",\"@graph\":[{\"@type\":\"WebPage\",\"@id\":\"https:\\\/\\\/www.lesgets.com\\\/en\\\/gestion-des-dechets\\\/\",\"url\":\"https:\\\/\\\/www.lesgets.com\\\/en\\\/gestion-des-dechets\\\/\",\"name\":\"Gestion des d\u00e9chets - Point d'Apport Volontaire - Les Gets\",\"isPartOf\":{\"@id\":\"https:\\\/\\\/www.lesgets.com\\\/en\\\/#website\"},\"primaryImageOfPage\":{\"@id\":\"https:\\\/\\\/www.lesgets.com\\\/en\\\/gestion-des-dechets\\\/#primaryimage\"},\"image\":{\"@id\":\"https:\\\/\\\/www.lesgets.com\\\/en\\\/gestion-des-dechets\\\/#primaryimage\"},\"thumbnailUrl\":\"https:\\\/\\\/www.lesgets.com\\\/wp\\\/..\\\/app\\\/uploads\\\/2026\\\/01\\\/Ecran_PAV.webp\",\"datePublished\":\"2026-01-23T10:58:52+00:00\",\"dateModified\":\"2026-01-23T14:22:37+00:00\",\"description\":\"La gestion des d\u00e9chets au coeur du village des Gets se fait par point d'apport volontaire. D\u00e9couvrez les emplacements des PAV sur la commune.\",\"breadcrumb\":{\"@id\":\"https:\\\/\\\/www.lesgets.com\\\/en\\\/gestion-des-dechets\\\/#breadcrumb\"},\"inLanguage\":\"en-US\",\"potentialAction\":[{\"@type\":\"ReadAction\",\"target\":[\"https:\\\/\\\/www.lesgets.com\\\/en\\\/gestion-des-dechets\\\/\"]}]},{\"@type\":\"ImageObject\",\"inLanguage\":\"en-US\",\"@id\":\"https:\\\/\\\/www.lesgets.com\\\/en\\\/gestion-des-dechets\\\/#primaryimage\",\"url\":\"https:\\\/\\\/www.lesgets.com\\\/wp\\\/..\\\/app\\\/uploads\\\/2026\\\/01\\\/Ecran_PAV.webp\",\"contentUrl\":\"https:\\\/\\\/www.lesgets.com\\\/wp\\\/..\\\/app\\\/uploads\\\/2026\\\/01\\\/Ecran_PAV.webp\"},{\"@type\":\"BreadcrumbList\",\"@id\":\"https:\\\/\\\/www.lesgets.com\\\/en\\\/gestion-des-dechets\\\/#breadcrumb\",\"itemListElement\":[{\"@type\":\"ListItem\",\"position\":1,\"name\":\"Home\",\"item\":\"https:\\\/\\\/www.lesgets.com\\\/en\\\/\"},{\"@type\":\"ListItem\",\"position\":2,\"name\":\"Gestion des d\u00e9chets\"}]},{\"@type\":\"WebSite\",\"@id\":\"https:\\\/\\\/www.lesgets.com\\\/en\\\/#website\",\"url\":\"https:\\\/\\\/www.lesgets.com\\\/en\\\/\",\"name\":\"Les Gets\",\"description\":\"\",\"publisher\":{\"@id\":\"https:\\\/\\\/www.lesgets.com\\\/en\\\/#organization\"},\"potentialAction\":[{\"@type\":\"SearchAction\",\"target\":{\"@type\":\"EntryPoint\",\"urlTemplate\":\"https:\\\/\\\/www.lesgets.com\\\/en\\\/?s={search_term_string}\"},\"query-input\":{\"@type\":\"PropertyValueSpecification\",\"valueRequired\":true,\"valueName\":\"search_term_string\"}}],\"inLanguage\":\"en-US\"},{\"@type\":\"Organization\",\"@id\":\"https:\\\/\\\/www.lesgets.com\\\/en\\\/#organization\",\"name\":\"Les Gets\",\"url\":\"https:\\\/\\\/www.lesgets.com\\\/en\\\/\",\"logo\":{\"@type\":\"ImageObject\",\"inLanguage\":\"en-US\",\"@id\":\"https:\\\/\\\/www.lesgets.com\\\/en\\\/#\\\/schema\\\/logo\\\/image\\\/\",\"url\":\"https:\\\/\\\/www.lesgets.com\\\/wp\\\/..\\\/app\\\/uploads\\\/2020\\\/06\\\/logo_lesgets.png\",\"contentUrl\":\"https:\\\/\\\/www.lesgets.com\\\/wp\\\/..\\\/app\\\/uploads\\\/2020\\\/06\\\/logo_lesgets.png\",\"width\":136,\"height\":115,\"caption\":\"Les Gets\"},\"image\":{\"@id\":\"https:\\\/\\\/www.lesgets.com\\\/en\\\/#\\\/schema\\\/logo\\\/image\\\/\"}}]}<\/script>\n<!-- \/ Yoast SEO plugin. -->","yoast_head_json":{"title":"Gestion des d\u00e9chets - Point d'Apport Volontaire - Les Gets","description":"La gestion des d\u00e9chets au coeur du village des Gets se fait par point d'apport volontaire. D\u00e9couvrez les emplacements des PAV sur la commune.","robots":{"index":"index","follow":"follow","max-snippet":"max-snippet:-1","max-image-preview":"max-image-preview:large","max-video-preview":"max-video-preview:-1"},"canonical":"https:\/\/www.lesgets.com\/en\/gestion-des-dechets\/","og_locale":"en_US","og_type":"article","og_title":"Gestion des d\u00e9chets - Point d'Apport Volontaire - Les Gets","og_description":"La gestion des d\u00e9chets au coeur du village des Gets se fait par point d'apport volontaire. D\u00e9couvrez les emplacements des PAV sur la commune.","og_url":"https:\/\/www.lesgets.com\/en\/gestion-des-dechets\/","og_site_name":"Les Gets","article_modified_time":"2026-01-23T14:22:37+00:00","og_image":[{"width":2298,"height":1176,"url":"https:\/\/www.lesgets.com\/wp\/..\/app\/uploads\/2026\/01\/Ecran_PAV.webp","type":"image\/webp"}],"twitter_card":"summary_large_image","twitter_misc":{"Est. reading time":"2 minutes"},"schema":{"@context":"https:\/\/schema.org","@graph":[{"@type":"WebPage","@id":"https:\/\/www.lesgets.com\/en\/gestion-des-dechets\/","url":"https:\/\/www.lesgets.com\/en\/gestion-des-dechets\/","name":"Gestion des d\u00e9chets - Point d'Apport Volontaire - Les Gets","isPartOf":{"@id":"https:\/\/www.lesgets.com\/en\/#website"},"primaryImageOfPage":{"@id":"https:\/\/www.lesgets.com\/en\/gestion-des-dechets\/#primaryimage"},"image":{"@id":"https:\/\/www.lesgets.com\/en\/gestion-des-dechets\/#primaryimage"},"thumbnailUrl":"https:\/\/www.lesgets.com\/wp\/..\/app\/uploads\/2026\/01\/Ecran_PAV.webp","datePublished":"2026-01-23T10:58:52+00:00","dateModified":"2026-01-23T14:22:37+00:00","description":"La gestion des d\u00e9chets au coeur du village des Gets se fait par point d'apport volontaire. D\u00e9couvrez les emplacements des PAV sur la commune.","breadcrumb":{"@id":"https:\/\/www.lesgets.com\/en\/gestion-des-dechets\/#breadcrumb"},"inLanguage":"en-US","potentialAction":[{"@type":"ReadAction","target":["https:\/\/www.lesgets.com\/en\/gestion-des-dechets\/"]}]},{"@type":"ImageObject","inLanguage":"en-US","@id":"https:\/\/www.lesgets.com\/en\/gestion-des-dechets\/#primaryimage","url":"https:\/\/www.lesgets.com\/wp\/..\/app\/uploads\/2026\/01\/Ecran_PAV.webp","contentUrl":"https:\/\/www.lesgets.com\/wp\/..\/app\/uploads\/2026\/01\/Ecran_PAV.webp"},{"@type":"BreadcrumbList","@id":"https:\/\/www.lesgets.com\/en\/gestion-des-dechets\/#breadcrumb","itemListElement":[{"@type":"ListItem","position":1,"name":"Home","item":"https:\/\/www.lesgets.com\/en\/"},{"@type":"ListItem","position":2,"name":"Gestion des d\u00e9chets"}]},{"@type":"WebSite","@id":"https:\/\/www.lesgets.com\/en\/#website","url":"https:\/\/www.lesgets.com\/en\/","name":"Les Gets","description":"","publisher":{"@id":"https:\/\/www.lesgets.com\/en\/#organization"},"potentialAction":[{"@type":"SearchAction","target":{"@type":"EntryPoint","urlTemplate":"https:\/\/www.lesgets.com\/en\/?s={search_term_string}"},"query-input":{"@type":"PropertyValueSpecification","valueRequired":true,"valueName":"search_term_string"}}],"inLanguage":"en-US"},{"@type":"Organization","@id":"https:\/\/www.lesgets.com\/en\/#organization","name":"Les Gets","url":"https:\/\/www.lesgets.com\/en\/","logo":{"@type":"ImageObject","inLanguage":"en-US","@id":"https:\/\/www.lesgets.com\/en\/#\/schema\/logo\/image\/","url":"https:\/\/www.lesgets.com\/wp\/..\/app\/uploads\/2020\/06\/logo_lesgets.png","contentUrl":"https:\/\/www.lesgets.com\/wp\/..\/app\/uploads\/2020\/06\/logo_lesgets.png","width":136,"height":115,"caption":"Les Gets"},"image":{"@id":"https:\/\/www.lesgets.com\/en\/#\/schema\/logo\/image\/"}}]}},"featured_image_src":null,"featured_image_src_square":null,"_links":{"self":[{"href":"https:\/\/www.lesgets.com\/en\/wp-json\/wp\/v2\/pages\/93565","targetHints":{"allow":["GET"]}}],"collection":[{"href":"https:\/\/www.lesgets.com\/en\/wp-json\/wp\/v2\/pages"}],"about":[{"href":"https:\/\/www.lesgets.com\/en\/wp-json\/wp\/v2\/types\/page"}],"author":[{"embeddable":true,"href":"https:\/\/www.lesgets.com\/en\/wp-json\/wp\/v2\/users\/2"}],"replies":[{"embeddable":true,"href":"https:\/\/www.lesgets.com\/en\/wp-json\/wp\/v2\/comments?post=93565"}],"version-history":[{"count":2,"href":"https:\/\/www.lesgets.com\/en\/wp-json\/wp\/v2\/pages\/93565\/revisions"}],"predecessor-version":[{"id":93568,"href":"https:\/\/www.lesgets.com\/en\/wp-json\/wp\/v2\/pages\/93565\/revisions\/93568"}],"wp:attachment":[{"href":"https:\/\/www.lesgets.com\/en\/wp-json\/wp\/v2\/media?parent=93565"}],"curies":[{"name":"wp","href":"https:\/\/api.w.org\/{rel}","templated":true}]}}