{"id":15122,"date":"2020-05-28T15:10:47","date_gmt":"2020-05-28T13:10:47","guid":{"rendered":"https:\/\/www.lesgets.com\/the-multi-pass-portes-du-soleil\/"},"modified":"2026-04-21T16:17:41","modified_gmt":"2026-04-21T14:17:41","slug":"multi-pass","status":"publish","type":"page","link":"https:\/\/www.lesgets.com\/nl\/wat-is-er-te-doen\/multi-pass\/","title":{"rendered":"Multi Pass"},"content":{"rendered":"<div class=\"block block-core-spacer\">\n<div style=\"height:30px\" aria-hidden=\"true\" class=\"wp-block-spacer\"><\/div>\n<\/div>\n\n<div class=\"block block-core-spacer\">\n<div style=\"height:50px\" aria-hidden=\"true\" class=\"wp-block-spacer\"><\/div>\n<\/div>\n\n<div class=\"block block-core-heading\">\n<h2 class=\"wp-block-heading\">De Portes du Soleil met een nieuwe kijk op zomer in de bergen!<\/h2>\n<\/div>\n\n<div class=\"block block-core-paragraph\">\n<p>Met de MultiPass heeft u toegang naar hartenlust tot meer dan 70 activiteiten in de 12 verschillende skistations van de Portes du Soleil. Grijp deze kans, alleen, samen, met het gezin, met een groep&#8230; <strong><strong>voor slechts \u20ac 4,00* per\u00a0verblijfsdag\u00a0of \u20ac 15,00* per dag.<\/strong><\/strong><\/p>\n<\/div>\n\n<div class=\"block block-core-spacer\">\n<div style=\"height:20px\" aria-hidden=\"true\" class=\"wp-block-spacer\"><\/div>\n<\/div>\n\n<div class=\"block block-core-heading\">\n<h2 class=\"wp-block-heading\">Opening<\/h2>\n<\/div>\n\n<div class=\"container tpl-free-content colored-violet-famille\">\n<div class=\"row\">\n<div class=\"col span_2\">\n<h3><span data-olk-copy-source=\"MessageBody\">Van 22 mei tot en met 13 september 2026**<\/span><\/h3>\n<h4>Met de Multi Pass hebt u onbeperkt toegang tot :<\/h4>\n<ul>\n<li>25 liften voor wandelaars<\/li>\n<li>Zwembaden en bergmeren<\/li>\n<li>Minigolf en schaatsen<\/li>\n<li><span data-olk-copy-source=\"MessageBody\">Klimhal<\/span>\u00a0en\u00a0bouldergedeelte<\/li>\n<li>Bioscopen<\/li>\n<li>Musea en culturele activiteiten : museum voor mechanische muziek in Les Gets, le domaine de d\u00e9couverte de la Vall\u00e9e d\u2019Aulps, Abbatial d\u2019Abondance, <span data-olk-copy-source=\"MessageBody\">Kaaswinkel<\/span>\u00a0Abondance, Les Vieux Moulins de la Tine in\u00a0Troistorrents<\/li>\n<li><span data-olk-copy-source=\"MessageBody\">Shuttles<\/span>\u00a0tussen\u00a0de stations<\/li>\n<li>Tennis,\u00a0padel\u00a0en squash<\/li>\n<\/ul>\n<\/div>\n<\/div>\n<\/div>\n\n<h3><span data-olk-copy-source=\"MessageBody\">Voor iedereen een Multi Pass<\/span><\/h3>\n<p><span data-olk-copy-source=\"MessageBody\">Of u nu op vakantie bent, een dagje uit bent of een vaste bezoeker van het skigebied, wij hebben verschillende Multi Pass-formules samengesteld die aan uw behoeften zijn aangepast.<\/span><\/p>\n<h3>Multi Pass <strong>Verblijf<\/strong><\/h3>\n<p>4\u20ac* per verblijfsdag voor alle vakantiegangers bij een deelnemende accommodatie-aanbieder<span data-olk-copy-source=\"MessageBody\">(minimaal 2 dagen)<\/span>. Voor 6 dagen ter plaatse kost de Portes du Soleil Multi Pass bijvoorbeeld slechts <span data-olk-copy-source=\"MessageBody\">\u20ac 24,00* voor onbeperkte toegang tot alle inbegrepen activiteiten op het hele domein.<\/span><\/p>\n<h3>Multi Pass <strong>1 dag<\/strong><\/h3>\n<p><span data-olk-copy-source=\"MessageBody\">Verblijft u niet bij een deelnemende accommodatie of in de Portes du Soleil, maar wilt u toch een dagje genieten van de Multi Pass-activiteiten? Dat kan met de kaart van \u20ac 15* (of 18 CHF) en onbeperkte toegang tot de activiteiten!<\/span><\/p>\n<h3>Multi Pass <strong>Seizoen<\/strong><\/h3>\n<p>Is de Portes du Soleil jouw favoriete speeltuin? Kies voor de pas van <span data-olk-copy-source=\"MessageBody\">120 \u20ac* (of 130 CHF) per volwassene (26 jaar en ouder) en 90 \u20ac* (of 100 CHF) voor jongeren (van 5 tot 25 jaar).<\/span><\/p>\n<p><strong>\u2705 En voor kinderen jonger dan 5 jaar is de Multi Pass Portes du Soleil GRATIS !<\/strong><\/p>\n\n<div class=\"block block-core-buttons\">\n<div class=\"wp-block-buttons is-content-justification-center is-layout-flex wp-container-core-buttons-is-layout-16018d1d wp-block-buttons-is-layout-flex\"><div class=\"block block-core-button\">\n<div class=\"wp-block-button is-style-outline is-style-outline--1\"><a class=\"wp-block-button__link has-luminous-vivid-amber-background-color has-background wp-element-button\" href=\"https:\/\/www.lesgets.com\/wp\/..\/app\/uploads\/2025\/07\/PDS_Guide_Multipass_2025_A6_GB_BD-1.pdf\">De Multipass-gids 2026 kan binnenkort worden gedownload<\/a><\/div>\n<\/div><\/div>\n<\/div>\n\n<p><em>*<span data-olk-copy-source=\"MessageBody\">Aanbieding geldig van 22 mei tot en met 13 september 2026<\/span>, onder voorbehoud van beschikbaarheid, openingstijden en data van de dienstverleners en de geldende verkoopvoorwaarden. Handsfree kaart verplicht, toeslag van \u20ac3 niet restitueerbaar maar herbruikbaar in zomer en winter in de 12 Portes du Soleil resorts. Je kunt je eigen houder meenemen. 4\u20ac voor de houten standaard.<\/em><\/p>\n<p><em>**<span data-olk-copy-source=\"MessageBody\">Afhankelijk van de beschikbaarheid, openingstijden en openingsdata van de dienstverleners, volgens de geldende verkoopvoorwaarden.<\/span><\/em><\/p>\n\n<div class=\"block block-core-button\">\n<div class=\"wp-block-button is-style-outline is-style-outline--2\"><a class=\"wp-block-button__link wp-element-button\" href=\"https:\/\/www.portesdusoleil.com\/activites\/multi-pass\/activites-multi-pass.html\" target=\"_blank\" rel=\"noreferrer noopener\">Meer lezen<\/a><\/div>\n<\/div>\n\n<div class=\"block block-core-spacer\">\n<div style=\"height:50px\" aria-hidden=\"true\" class=\"wp-block-spacer\"><\/div>\n<\/div>\n\n<div class=\"block block-core-heading\">\n<h2 class=\"wp-block-heading\">Multi Pass activiteiten en accommodaties<\/h2>\n<\/div>\n\n<div class=\"block block-core-spacer\">\n<div style=\"height:30px\" aria-hidden=\"true\" class=\"wp-block-spacer\"><\/div>\n<\/div>\n\n<div class=\"block block-genesis-custom-blocks-pushs\">    <div class=\"pushs-inside blanc\">\r\n        <div class=\"container\">\r\n            <div class=\"row\">\r\n                                        <div class=\"col-4\">\r\n                            <a href=\"https:\/\/www.lesgets.com\/nl\/wat-is-er-te-doen\/multi-pass\/activiteiten-die-inbegrepen-in-de-multi-pass\/\">\r\n                                <div class=\"img\"><img decoding=\"async\" src=\"https:\/\/www.lesgets.com\/wp\/..\/app\/uploads\/2020\/03\/DSC08753-min-1920x1080.jpg\" alt=\"Femme et son fils se promenant en \u00e9t\u00e9 en montagne avec t\u00e9l\u00e9si\u00e8ges derri\u00e8re\">\r\n                                <\/div>\r\n                                <div class=\"conteneur\">\r\n                                    <h3>Activiteiten die inbegrepen zijn in de Multi Pass<\/h3>\r\n                                    <p>Hier is de lijst met onbeperkte activiteiten en services die beschikbaar zijn als onderdeel van de Multi Pass Portes du Soleil.<\/p>\r\n                                <\/div>\r\n                            <\/a>\r\n                        <\/div>\r\n                                                <div class=\"col-4\">\r\n                            <a href=\"https:\/\/www.lesgets.com\/nl\/wat-is-er-te-doen\/multi-pass\/activitieiten-special-korting-multi-pass\/\">\r\n                                <div class=\"img\"><img decoding=\"async\" src=\"https:\/\/www.lesgets.com\/wp\/..\/app\/uploads\/2024\/07\/2023_07_13_luge_4S_cpTimArnold_HD-05-1920x1080.jpg\" alt=\"\">\r\n                                <\/div>\r\n                                <div class=\"conteneur\">\r\n                                    <h3>Activiteiten : special korting Multi Pass<\/h3>\r\n                                    <p>Hier is de lijst met activiteiten en diensten die tegen een gereduceerde prijs beschikbaar zijn op vertoon van een geldige Multi Pass-kaart.<\/p>\r\n                                <\/div>\r\n                            <\/a>\r\n                        <\/div>\r\n                                                <div class=\"col-4\">\r\n                            <a href=\"https:\/\/www.lesgets.com\/nl\/wat-is-er-te-doen\/multi-pass\/accommodatie-multi-pass\/\">\r\n                                <div class=\"img\"><img decoding=\"async\" src=\"https:\/\/www.lesgets.com\/wp\/..\/app\/uploads\/2020\/05\/LesGets_Gite_Exterieur_Ete_\u00a9arah_Galvan-1920x1080.jpg\" alt=\"Chalets en bois en \u00e9t\u00e9 avec sapin devant et pelouse verte.\">\r\n                                <\/div>\r\n                                <div class=\"conteneur\">\r\n                                    <h3>Accommodatie Multi Pass<\/h3>\r\n                                    <p>Vind hier de lijst met accommodaties die deelnemen aan de Multi Pass Portes du Soleil.<\/p>\r\n                                <\/div>\r\n                            <\/a>\r\n                        <\/div>\r\n                                    <\/div>\r\n        <\/div>\r\n    <\/div>\r\n<\/div>","protected":false},"excerpt":{"rendered":"<p>De Portes du Soleil Multi Pass is DE kaart om te genieten van een groot aantal activiteiten in de 12 Frans-Zwitserse resorts, vanaf slechts 2,5\u20ac per dag.<\/p>\n","protected":false},"author":4,"featured_media":35981,"parent":16734,"menu_order":0,"comment_status":"closed","ping_status":"closed","template":"","meta":{"_acf_changed":false,"footnotes":""},"class_list":["post-15122","page","type-page","status-publish","has-post-thumbnail","hentry"],"acf":[],"yoast_head":"<!-- This site is optimized with the Yoast SEO plugin v27.3 - https:\/\/yoast.com\/product\/yoast-seo-wordpress\/ -->\n<title>Multi Pass Portes du Soleil - Alle zomeractiviteiten - Les Gets<\/title>\n<meta name=\"description\" content=\"De Portes du Soleil Multi Pass is DE kaart om te genieten van een groot aantal activiteiten in de 12 Frans-Zwitserse resorts, vanaf slechts 2,5\u20ac per dag.\" \/>\n<meta name=\"robots\" content=\"index, follow, max-snippet:-1, max-image-preview:large, max-video-preview:-1\" \/>\n<link rel=\"canonical\" href=\"https:\/\/www.lesgets.com\/nl\/wat-is-er-te-doen\/multi-pass\/\" \/>\n<meta property=\"og:locale\" content=\"nl_NL\" \/>\n<meta property=\"og:type\" content=\"article\" \/>\n<meta property=\"og:title\" content=\"Multi Pass Portes du Soleil - Alle zomeractiviteiten - Les Gets\" \/>\n<meta property=\"og:description\" content=\"De Portes du Soleil Multi Pass is DE kaart om te genieten van een groot aantal activiteiten in de 12 Frans-Zwitserse resorts, vanaf slechts 2,5\u20ac per dag.\" \/>\n<meta property=\"og:url\" content=\"https:\/\/www.lesgets.com\/nl\/wat-is-er-te-doen\/multi-pass\/\" \/>\n<meta property=\"og:site_name\" content=\"Les Gets\" \/>\n<meta property=\"article:modified_time\" content=\"2026-04-21T14:17:41+00:00\" \/>\n<meta property=\"og:image\" content=\"https:\/\/www.lesgets.com\/wp\/..\/app\/uploads\/2022\/04\/MULTIPASS_FR_2022.jpg\" \/>\n\t<meta property=\"og:image:width\" content=\"886\" \/>\n\t<meta property=\"og:image:height\" content=\"594\" \/>\n\t<meta property=\"og:image:type\" content=\"image\/jpeg\" \/>\n<meta name=\"twitter:card\" content=\"summary_large_image\" \/>\n<meta name=\"twitter:label1\" content=\"Est. reading time\" \/>\n\t<meta name=\"twitter:data1\" content=\"3 minutes\" \/>\n<script type=\"application\/ld+json\" class=\"yoast-schema-graph\">{\"@context\":\"https:\\\/\\\/schema.org\",\"@graph\":[{\"@type\":\"WebPage\",\"@id\":\"https:\\\/\\\/www.lesgets.com\\\/nl\\\/wat-is-er-te-doen\\\/multi-pass\\\/\",\"url\":\"https:\\\/\\\/www.lesgets.com\\\/nl\\\/wat-is-er-te-doen\\\/multi-pass\\\/\",\"name\":\"Multi Pass Portes du Soleil - Alle zomeractiviteiten - Les Gets\",\"isPartOf\":{\"@id\":\"https:\\\/\\\/www.lesgets.com\\\/en\\\/#website\"},\"primaryImageOfPage\":{\"@id\":\"https:\\\/\\\/www.lesgets.com\\\/nl\\\/wat-is-er-te-doen\\\/multi-pass\\\/#primaryimage\"},\"image\":{\"@id\":\"https:\\\/\\\/www.lesgets.com\\\/nl\\\/wat-is-er-te-doen\\\/multi-pass\\\/#primaryimage\"},\"thumbnailUrl\":\"https:\\\/\\\/www.lesgets.com\\\/wp\\\/..\\\/app\\\/uploads\\\/2022\\\/04\\\/MULTIPASS_FR_2022.jpg\",\"datePublished\":\"2020-05-28T13:10:47+00:00\",\"dateModified\":\"2026-04-21T14:17:41+00:00\",\"description\":\"De Portes du Soleil Multi Pass is DE kaart om te genieten van een groot aantal activiteiten in de 12 Frans-Zwitserse resorts, vanaf slechts 2,5\u20ac per dag.\",\"breadcrumb\":{\"@id\":\"https:\\\/\\\/www.lesgets.com\\\/nl\\\/wat-is-er-te-doen\\\/multi-pass\\\/#breadcrumb\"},\"inLanguage\":\"nl-NL\",\"potentialAction\":[{\"@type\":\"ReadAction\",\"target\":[\"https:\\\/\\\/www.lesgets.com\\\/nl\\\/wat-is-er-te-doen\\\/multi-pass\\\/\"]}]},{\"@type\":\"ImageObject\",\"inLanguage\":\"nl-NL\",\"@id\":\"https:\\\/\\\/www.lesgets.com\\\/nl\\\/wat-is-er-te-doen\\\/multi-pass\\\/#primaryimage\",\"url\":\"https:\\\/\\\/www.lesgets.com\\\/wp\\\/..\\\/app\\\/uploads\\\/2022\\\/04\\\/MULTIPASS_FR_2022.jpg\",\"contentUrl\":\"https:\\\/\\\/www.lesgets.com\\\/wp\\\/..\\\/app\\\/uploads\\\/2022\\\/04\\\/MULTIPASS_FR_2022.jpg\",\"width\":886,\"height\":594},{\"@type\":\"BreadcrumbList\",\"@id\":\"https:\\\/\\\/www.lesgets.com\\\/nl\\\/wat-is-er-te-doen\\\/multi-pass\\\/#breadcrumb\",\"itemListElement\":[{\"@type\":\"ListItem\",\"position\":1,\"name\":\"Accueil\",\"item\":\"https:\\\/\\\/www.lesgets.com\\\/nl\\\/\"},{\"@type\":\"ListItem\",\"position\":2,\"name\":\"Wat is er te doen?\",\"item\":\"https:\\\/\\\/www.lesgets.com\\\/nl\\\/wat-is-er-te-doen\\\/\"},{\"@type\":\"ListItem\",\"position\":3,\"name\":\"Multi Pass\"}]},{\"@type\":\"WebSite\",\"@id\":\"https:\\\/\\\/www.lesgets.com\\\/en\\\/#website\",\"url\":\"https:\\\/\\\/www.lesgets.com\\\/en\\\/\",\"name\":\"Les Gets\",\"description\":\"\",\"publisher\":{\"@id\":\"https:\\\/\\\/www.lesgets.com\\\/en\\\/#organization\"},\"potentialAction\":[{\"@type\":\"SearchAction\",\"target\":{\"@type\":\"EntryPoint\",\"urlTemplate\":\"https:\\\/\\\/www.lesgets.com\\\/en\\\/?s={search_term_string}\"},\"query-input\":{\"@type\":\"PropertyValueSpecification\",\"valueRequired\":true,\"valueName\":\"search_term_string\"}}],\"inLanguage\":\"nl-NL\"},{\"@type\":\"Organization\",\"@id\":\"https:\\\/\\\/www.lesgets.com\\\/en\\\/#organization\",\"name\":\"Les Gets\",\"url\":\"https:\\\/\\\/www.lesgets.com\\\/en\\\/\",\"logo\":{\"@type\":\"ImageObject\",\"inLanguage\":\"nl-NL\",\"@id\":\"https:\\\/\\\/www.lesgets.com\\\/en\\\/#\\\/schema\\\/logo\\\/image\\\/\",\"url\":\"https:\\\/\\\/www.lesgets.com\\\/wp\\\/..\\\/app\\\/uploads\\\/2020\\\/06\\\/logo_lesgets.png\",\"contentUrl\":\"https:\\\/\\\/www.lesgets.com\\\/wp\\\/..\\\/app\\\/uploads\\\/2020\\\/06\\\/logo_lesgets.png\",\"width\":136,\"height\":115,\"caption\":\"Les Gets\"},\"image\":{\"@id\":\"https:\\\/\\\/www.lesgets.com\\\/en\\\/#\\\/schema\\\/logo\\\/image\\\/\"}}]}<\/script>\n<!-- \/ Yoast SEO plugin. -->","yoast_head_json":{"title":"Multi Pass Portes du Soleil - Alle zomeractiviteiten - Les Gets","description":"De Portes du Soleil Multi Pass is DE kaart om te genieten van een groot aantal activiteiten in de 12 Frans-Zwitserse resorts, vanaf slechts 2,5\u20ac per dag.","robots":{"index":"index","follow":"follow","max-snippet":"max-snippet:-1","max-image-preview":"max-image-preview:large","max-video-preview":"max-video-preview:-1"},"canonical":"https:\/\/www.lesgets.com\/nl\/wat-is-er-te-doen\/multi-pass\/","og_locale":"nl_NL","og_type":"article","og_title":"Multi Pass Portes du Soleil - Alle zomeractiviteiten - Les Gets","og_description":"De Portes du Soleil Multi Pass is DE kaart om te genieten van een groot aantal activiteiten in de 12 Frans-Zwitserse resorts, vanaf slechts 2,5\u20ac per dag.","og_url":"https:\/\/www.lesgets.com\/nl\/wat-is-er-te-doen\/multi-pass\/","og_site_name":"Les Gets","article_modified_time":"2026-04-21T14:17:41+00:00","og_image":[{"width":886,"height":594,"url":"https:\/\/www.lesgets.com\/wp\/..\/app\/uploads\/2022\/04\/MULTIPASS_FR_2022.jpg","type":"image\/jpeg"}],"twitter_card":"summary_large_image","twitter_misc":{"Est. reading time":"3 minutes"},"schema":{"@context":"https:\/\/schema.org","@graph":[{"@type":"WebPage","@id":"https:\/\/www.lesgets.com\/nl\/wat-is-er-te-doen\/multi-pass\/","url":"https:\/\/www.lesgets.com\/nl\/wat-is-er-te-doen\/multi-pass\/","name":"Multi Pass Portes du Soleil - Alle zomeractiviteiten - Les Gets","isPartOf":{"@id":"https:\/\/www.lesgets.com\/en\/#website"},"primaryImageOfPage":{"@id":"https:\/\/www.lesgets.com\/nl\/wat-is-er-te-doen\/multi-pass\/#primaryimage"},"image":{"@id":"https:\/\/www.lesgets.com\/nl\/wat-is-er-te-doen\/multi-pass\/#primaryimage"},"thumbnailUrl":"https:\/\/www.lesgets.com\/wp\/..\/app\/uploads\/2022\/04\/MULTIPASS_FR_2022.jpg","datePublished":"2020-05-28T13:10:47+00:00","dateModified":"2026-04-21T14:17:41+00:00","description":"De Portes du Soleil Multi Pass is DE kaart om te genieten van een groot aantal activiteiten in de 12 Frans-Zwitserse resorts, vanaf slechts 2,5\u20ac per dag.","breadcrumb":{"@id":"https:\/\/www.lesgets.com\/nl\/wat-is-er-te-doen\/multi-pass\/#breadcrumb"},"inLanguage":"nl-NL","potentialAction":[{"@type":"ReadAction","target":["https:\/\/www.lesgets.com\/nl\/wat-is-er-te-doen\/multi-pass\/"]}]},{"@type":"ImageObject","inLanguage":"nl-NL","@id":"https:\/\/www.lesgets.com\/nl\/wat-is-er-te-doen\/multi-pass\/#primaryimage","url":"https:\/\/www.lesgets.com\/wp\/..\/app\/uploads\/2022\/04\/MULTIPASS_FR_2022.jpg","contentUrl":"https:\/\/www.lesgets.com\/wp\/..\/app\/uploads\/2022\/04\/MULTIPASS_FR_2022.jpg","width":886,"height":594},{"@type":"BreadcrumbList","@id":"https:\/\/www.lesgets.com\/nl\/wat-is-er-te-doen\/multi-pass\/#breadcrumb","itemListElement":[{"@type":"ListItem","position":1,"name":"Accueil","item":"https:\/\/www.lesgets.com\/nl\/"},{"@type":"ListItem","position":2,"name":"Wat is er te doen?","item":"https:\/\/www.lesgets.com\/nl\/wat-is-er-te-doen\/"},{"@type":"ListItem","position":3,"name":"Multi Pass"}]},{"@type":"WebSite","@id":"https:\/\/www.lesgets.com\/en\/#website","url":"https:\/\/www.lesgets.com\/en\/","name":"Les Gets","description":"","publisher":{"@id":"https:\/\/www.lesgets.com\/en\/#organization"},"potentialAction":[{"@type":"SearchAction","target":{"@type":"EntryPoint","urlTemplate":"https:\/\/www.lesgets.com\/en\/?s={search_term_string}"},"query-input":{"@type":"PropertyValueSpecification","valueRequired":true,"valueName":"search_term_string"}}],"inLanguage":"nl-NL"},{"@type":"Organization","@id":"https:\/\/www.lesgets.com\/en\/#organization","name":"Les Gets","url":"https:\/\/www.lesgets.com\/en\/","logo":{"@type":"ImageObject","inLanguage":"nl-NL","@id":"https:\/\/www.lesgets.com\/en\/#\/schema\/logo\/image\/","url":"https:\/\/www.lesgets.com\/wp\/..\/app\/uploads\/2020\/06\/logo_lesgets.png","contentUrl":"https:\/\/www.lesgets.com\/wp\/..\/app\/uploads\/2020\/06\/logo_lesgets.png","width":136,"height":115,"caption":"Les Gets"},"image":{"@id":"https:\/\/www.lesgets.com\/en\/#\/schema\/logo\/image\/"}}]}},"featured_image_src":"https:\/\/www.lesgets.com\/wp\/..\/app\/uploads\/2022\/04\/MULTIPASS_FR_2022-600x400.jpg","featured_image_src_square":"https:\/\/www.lesgets.com\/wp\/..\/app\/uploads\/2022\/04\/MULTIPASS_FR_2022-600x594.jpg","_links":{"self":[{"href":"https:\/\/www.lesgets.com\/nl\/wp-json\/wp\/v2\/pages\/15122","targetHints":{"allow":["GET"]}}],"collection":[{"href":"https:\/\/www.lesgets.com\/nl\/wp-json\/wp\/v2\/pages"}],"about":[{"href":"https:\/\/www.lesgets.com\/nl\/wp-json\/wp\/v2\/types\/page"}],"author":[{"embeddable":true,"href":"https:\/\/www.lesgets.com\/nl\/wp-json\/wp\/v2\/users\/4"}],"replies":[{"embeddable":true,"href":"https:\/\/www.lesgets.com\/nl\/wp-json\/wp\/v2\/comments?post=15122"}],"version-history":[{"count":6,"href":"https:\/\/www.lesgets.com\/nl\/wp-json\/wp\/v2\/pages\/15122\/revisions"}],"predecessor-version":[{"id":112280,"href":"https:\/\/www.lesgets.com\/nl\/wp-json\/wp\/v2\/pages\/15122\/revisions\/112280"}],"up":[{"embeddable":true,"href":"https:\/\/www.lesgets.com\/nl\/wp-json\/wp\/v2\/pages\/16734"}],"wp:featuredmedia":[{"embeddable":true,"href":"https:\/\/www.lesgets.com\/nl\/wp-json\/wp\/v2\/media\/35981"}],"wp:attachment":[{"href":"https:\/\/www.lesgets.com\/nl\/wp-json\/wp\/v2\/media?parent=15122"}],"curies":[{"name":"wp","href":"https:\/\/api.w.org\/{rel}","templated":true}]}}