{"id":15463,"date":"2020-07-24T17:36:43","date_gmt":"2020-07-24T15:36:43","guid":{"rendered":"https:\/\/www.lesgets.com\/accommodation\/"},"modified":"2021-03-17T17:25:11","modified_gmt":"2021-03-17T16:25:11","slug":"accommodatie","status":"publish","type":"page","link":"https:\/\/www.lesgets.com\/nl\/ontdek-het-skigebied\/bergstation\/miva-toerisme\/accommodatie\/","title":{"rendered":"Accommodatie"},"content":{"rendered":"<div class=\"block block-core-spacer\">\n<div style=\"height:50px\" aria-hidden=\"true\" class=\"wp-block-spacer\"><\/div>\n<\/div>\n\n<div class=\"block block-lba-apidae-selection\"><!--BEGIN FILTER -->\r\n<!--BEGIN FILTER -->\r\n\r\n<!--BEGIN ITEMS APIDAE -->\r\n  <p class=\"alert alert-info\">Aucun \u00e9l\u00e9ment trouv\u00e9..!<\/p>\r\n<!--END ITEMS APIDAE -->\r\n\r\n<!--BEGIN PAGINATOR -->\r\n<!--BEGIN PAGINATOR --><\/div>","protected":false},"excerpt":{"rendered":"<p>U vindt hier de lijst met accommodaties in het resort die toegankelijk en aangepast zijn voor mensen met een handicap.<\/p>\n","protected":false},"author":4,"featured_media":3060,"parent":16198,"menu_order":1,"comment_status":"closed","ping_status":"closed","template":"","meta":{"_acf_changed":false,"footnotes":""},"class_list":["post-15463","page","type-page","status-publish","has-post-thumbnail","hentry"],"acf":[],"yoast_head":"<!-- This site is optimized with the Yoast SEO plugin v27.2 - https:\/\/yoast.com\/product\/yoast-seo-wordpress\/ -->\n<title>Accommodatie - MiVa toerisme - Les Gets voor iedereen<\/title>\n<meta name=\"description\" content=\"U vindt hier de lijst met accommodaties in het resort die toegankelijk en aangepast zijn voor mensen met een handicap.\" \/>\n<meta name=\"robots\" content=\"index, follow, max-snippet:-1, max-image-preview:large, max-video-preview:-1\" \/>\n<link rel=\"canonical\" href=\"https:\/\/www.lesgets.com\/nl\/ontdek-het-skigebied\/bergstation\/miva-toerisme\/accommodatie\/\" \/>\n<meta property=\"og:locale\" content=\"nl_NL\" \/>\n<meta property=\"og:type\" content=\"article\" \/>\n<meta property=\"og:title\" content=\"Accommodatie - MiVa toerisme - Les Gets voor iedereen\" \/>\n<meta property=\"og:description\" content=\"U vindt hier de lijst met accommodaties in het resort die toegankelijk en aangepast zijn voor mensen met een handicap.\" \/>\n<meta property=\"og:url\" content=\"https:\/\/www.lesgets.com\/nl\/ontdek-het-skigebied\/bergstation\/miva-toerisme\/accommodatie\/\" \/>\n<meta property=\"og:site_name\" content=\"Les Gets\" \/>\n<meta property=\"article:modified_time\" content=\"2021-03-17T16:25:11+00:00\" \/>\n<meta property=\"og:image\" content=\"https:\/\/www.lesgets.com\/wp\/..\/app\/uploads\/2020\/04\/Bedroom-06004.jpg\" \/>\n\t<meta property=\"og:image:width\" content=\"2000\" \/>\n\t<meta property=\"og:image:height\" content=\"1335\" \/>\n\t<meta property=\"og:image:type\" content=\"image\/jpeg\" \/>\n<meta name=\"twitter:card\" content=\"summary_large_image\" \/>\n<script type=\"application\/ld+json\" class=\"yoast-schema-graph\">{\"@context\":\"https:\/\/schema.org\",\"@graph\":[{\"@type\":\"WebPage\",\"@id\":\"https:\/\/www.lesgets.com\/nl\/ontdek-het-skigebied\/bergstation\/miva-toerisme\/accommodatie\/\",\"url\":\"https:\/\/www.lesgets.com\/nl\/ontdek-het-skigebied\/bergstation\/miva-toerisme\/accommodatie\/\",\"name\":\"Accommodatie - MiVa toerisme - Les Gets voor iedereen\",\"isPartOf\":{\"@id\":\"https:\/\/www.lesgets.com\/en\/#website\"},\"primaryImageOfPage\":{\"@id\":\"https:\/\/www.lesgets.com\/nl\/ontdek-het-skigebied\/bergstation\/miva-toerisme\/accommodatie\/#primaryimage\"},\"image\":{\"@id\":\"https:\/\/www.lesgets.com\/nl\/ontdek-het-skigebied\/bergstation\/miva-toerisme\/accommodatie\/#primaryimage\"},\"thumbnailUrl\":\"https:\/\/www.lesgets.com\/wp\/..\/app\/uploads\/2020\/04\/Bedroom-06004.jpg\",\"datePublished\":\"2020-07-24T15:36:43+00:00\",\"dateModified\":\"2021-03-17T16:25:11+00:00\",\"description\":\"U vindt hier de lijst met accommodaties in het resort die toegankelijk en aangepast zijn voor mensen met een handicap.\",\"breadcrumb\":{\"@id\":\"https:\/\/www.lesgets.com\/nl\/ontdek-het-skigebied\/bergstation\/miva-toerisme\/accommodatie\/#breadcrumb\"},\"inLanguage\":\"nl-NL\",\"potentialAction\":[{\"@type\":\"ReadAction\",\"target\":[\"https:\/\/www.lesgets.com\/nl\/ontdek-het-skigebied\/bergstation\/miva-toerisme\/accommodatie\/\"]}]},{\"@type\":\"ImageObject\",\"inLanguage\":\"nl-NL\",\"@id\":\"https:\/\/www.lesgets.com\/nl\/ontdek-het-skigebied\/bergstation\/miva-toerisme\/accommodatie\/#primaryimage\",\"url\":\"https:\/\/www.lesgets.com\/wp\/..\/app\/uploads\/2020\/04\/Bedroom-06004.jpg\",\"contentUrl\":\"https:\/\/www.lesgets.com\/wp\/..\/app\/uploads\/2020\/04\/Bedroom-06004.jpg\",\"width\":2000,\"height\":1335,\"caption\":\"Chambre d'h\u00f4tel avec deux lits simples, tout en bois et peau de b\u00eate\"},{\"@type\":\"BreadcrumbList\",\"@id\":\"https:\/\/www.lesgets.com\/nl\/ontdek-het-skigebied\/bergstation\/miva-toerisme\/accommodatie\/#breadcrumb\",\"itemListElement\":[{\"@type\":\"ListItem\",\"position\":1,\"name\":\"Accueil\",\"item\":\"https:\/\/www.lesgets.com\/nl\/\"},{\"@type\":\"ListItem\",\"position\":2,\"name\":\"Ontdek het resort\",\"item\":\"https:\/\/www.lesgets.com\/nl\/ontdek-het-skigebied\/\"},{\"@type\":\"ListItem\",\"position\":3,\"name\":\"Charming station &amp; village\",\"item\":\"https:\/\/www.lesgets.com\/nl\/ontdek-het-skigebied\/bergstation\/\"},{\"@type\":\"ListItem\",\"position\":4,\"name\":\"MiVa toerisme\",\"item\":\"https:\/\/www.lesgets.com\/nl\/ontdek-het-skigebied\/bergstation\/miva-toerisme\/\"},{\"@type\":\"ListItem\",\"position\":5,\"name\":\"Accommodatie\"}]},{\"@type\":\"WebSite\",\"@id\":\"https:\/\/www.lesgets.com\/en\/#website\",\"url\":\"https:\/\/www.lesgets.com\/en\/\",\"name\":\"Les Gets\",\"description\":\"\",\"publisher\":{\"@id\":\"https:\/\/www.lesgets.com\/en\/#organization\"},\"potentialAction\":[{\"@type\":\"SearchAction\",\"target\":{\"@type\":\"EntryPoint\",\"urlTemplate\":\"https:\/\/www.lesgets.com\/en\/?s={search_term_string}\"},\"query-input\":{\"@type\":\"PropertyValueSpecification\",\"valueRequired\":true,\"valueName\":\"search_term_string\"}}],\"inLanguage\":\"nl-NL\"},{\"@type\":\"Organization\",\"@id\":\"https:\/\/www.lesgets.com\/en\/#organization\",\"name\":\"Les Gets\",\"url\":\"https:\/\/www.lesgets.com\/en\/\",\"logo\":{\"@type\":\"ImageObject\",\"inLanguage\":\"nl-NL\",\"@id\":\"https:\/\/www.lesgets.com\/en\/#\/schema\/logo\/image\/\",\"url\":\"https:\/\/www.lesgets.com\/wp\/..\/app\/uploads\/2020\/06\/logo_lesgets.png\",\"contentUrl\":\"https:\/\/www.lesgets.com\/wp\/..\/app\/uploads\/2020\/06\/logo_lesgets.png\",\"width\":136,\"height\":115,\"caption\":\"Les Gets\"},\"image\":{\"@id\":\"https:\/\/www.lesgets.com\/en\/#\/schema\/logo\/image\/\"}}]}<\/script>\n<!-- \/ Yoast SEO plugin. -->","yoast_head_json":{"title":"Accommodatie - MiVa toerisme - Les Gets voor iedereen","description":"U vindt hier de lijst met accommodaties in het resort die toegankelijk en aangepast zijn voor mensen met een handicap.","robots":{"index":"index","follow":"follow","max-snippet":"max-snippet:-1","max-image-preview":"max-image-preview:large","max-video-preview":"max-video-preview:-1"},"canonical":"https:\/\/www.lesgets.com\/nl\/ontdek-het-skigebied\/bergstation\/miva-toerisme\/accommodatie\/","og_locale":"nl_NL","og_type":"article","og_title":"Accommodatie - MiVa toerisme - Les Gets voor iedereen","og_description":"U vindt hier de lijst met accommodaties in het resort die toegankelijk en aangepast zijn voor mensen met een handicap.","og_url":"https:\/\/www.lesgets.com\/nl\/ontdek-het-skigebied\/bergstation\/miva-toerisme\/accommodatie\/","og_site_name":"Les Gets","article_modified_time":"2021-03-17T16:25:11+00:00","og_image":[{"width":2000,"height":1335,"url":"https:\/\/www.lesgets.com\/wp\/..\/app\/uploads\/2020\/04\/Bedroom-06004.jpg","type":"image\/jpeg"}],"twitter_card":"summary_large_image","schema":{"@context":"https:\/\/schema.org","@graph":[{"@type":"WebPage","@id":"https:\/\/www.lesgets.com\/nl\/ontdek-het-skigebied\/bergstation\/miva-toerisme\/accommodatie\/","url":"https:\/\/www.lesgets.com\/nl\/ontdek-het-skigebied\/bergstation\/miva-toerisme\/accommodatie\/","name":"Accommodatie - MiVa toerisme - Les Gets voor iedereen","isPartOf":{"@id":"https:\/\/www.lesgets.com\/en\/#website"},"primaryImageOfPage":{"@id":"https:\/\/www.lesgets.com\/nl\/ontdek-het-skigebied\/bergstation\/miva-toerisme\/accommodatie\/#primaryimage"},"image":{"@id":"https:\/\/www.lesgets.com\/nl\/ontdek-het-skigebied\/bergstation\/miva-toerisme\/accommodatie\/#primaryimage"},"thumbnailUrl":"https:\/\/www.lesgets.com\/wp\/..\/app\/uploads\/2020\/04\/Bedroom-06004.jpg","datePublished":"2020-07-24T15:36:43+00:00","dateModified":"2021-03-17T16:25:11+00:00","description":"U vindt hier de lijst met accommodaties in het resort die toegankelijk en aangepast zijn voor mensen met een handicap.","breadcrumb":{"@id":"https:\/\/www.lesgets.com\/nl\/ontdek-het-skigebied\/bergstation\/miva-toerisme\/accommodatie\/#breadcrumb"},"inLanguage":"nl-NL","potentialAction":[{"@type":"ReadAction","target":["https:\/\/www.lesgets.com\/nl\/ontdek-het-skigebied\/bergstation\/miva-toerisme\/accommodatie\/"]}]},{"@type":"ImageObject","inLanguage":"nl-NL","@id":"https:\/\/www.lesgets.com\/nl\/ontdek-het-skigebied\/bergstation\/miva-toerisme\/accommodatie\/#primaryimage","url":"https:\/\/www.lesgets.com\/wp\/..\/app\/uploads\/2020\/04\/Bedroom-06004.jpg","contentUrl":"https:\/\/www.lesgets.com\/wp\/..\/app\/uploads\/2020\/04\/Bedroom-06004.jpg","width":2000,"height":1335,"caption":"Chambre d'h\u00f4tel avec deux lits simples, tout en bois et peau de b\u00eate"},{"@type":"BreadcrumbList","@id":"https:\/\/www.lesgets.com\/nl\/ontdek-het-skigebied\/bergstation\/miva-toerisme\/accommodatie\/#breadcrumb","itemListElement":[{"@type":"ListItem","position":1,"name":"Accueil","item":"https:\/\/www.lesgets.com\/nl\/"},{"@type":"ListItem","position":2,"name":"Ontdek het resort","item":"https:\/\/www.lesgets.com\/nl\/ontdek-het-skigebied\/"},{"@type":"ListItem","position":3,"name":"Charming station &amp; village","item":"https:\/\/www.lesgets.com\/nl\/ontdek-het-skigebied\/bergstation\/"},{"@type":"ListItem","position":4,"name":"MiVa toerisme","item":"https:\/\/www.lesgets.com\/nl\/ontdek-het-skigebied\/bergstation\/miva-toerisme\/"},{"@type":"ListItem","position":5,"name":"Accommodatie"}]},{"@type":"WebSite","@id":"https:\/\/www.lesgets.com\/en\/#website","url":"https:\/\/www.lesgets.com\/en\/","name":"Les Gets","description":"","publisher":{"@id":"https:\/\/www.lesgets.com\/en\/#organization"},"potentialAction":[{"@type":"SearchAction","target":{"@type":"EntryPoint","urlTemplate":"https:\/\/www.lesgets.com\/en\/?s={search_term_string}"},"query-input":{"@type":"PropertyValueSpecification","valueRequired":true,"valueName":"search_term_string"}}],"inLanguage":"nl-NL"},{"@type":"Organization","@id":"https:\/\/www.lesgets.com\/en\/#organization","name":"Les Gets","url":"https:\/\/www.lesgets.com\/en\/","logo":{"@type":"ImageObject","inLanguage":"nl-NL","@id":"https:\/\/www.lesgets.com\/en\/#\/schema\/logo\/image\/","url":"https:\/\/www.lesgets.com\/wp\/..\/app\/uploads\/2020\/06\/logo_lesgets.png","contentUrl":"https:\/\/www.lesgets.com\/wp\/..\/app\/uploads\/2020\/06\/logo_lesgets.png","width":136,"height":115,"caption":"Les Gets"},"image":{"@id":"https:\/\/www.lesgets.com\/en\/#\/schema\/logo\/image\/"}}]}},"featured_image_src":"https:\/\/www.lesgets.com\/wp\/..\/app\/uploads\/2020\/04\/Bedroom-06004-600x400.jpg","featured_image_src_square":"https:\/\/www.lesgets.com\/wp\/..\/app\/uploads\/2020\/04\/Bedroom-06004-600x600.jpg","_links":{"self":[{"href":"https:\/\/www.lesgets.com\/nl\/wp-json\/wp\/v2\/pages\/15463","targetHints":{"allow":["GET"]}}],"collection":[{"href":"https:\/\/www.lesgets.com\/nl\/wp-json\/wp\/v2\/pages"}],"about":[{"href":"https:\/\/www.lesgets.com\/nl\/wp-json\/wp\/v2\/types\/page"}],"author":[{"embeddable":true,"href":"https:\/\/www.lesgets.com\/nl\/wp-json\/wp\/v2\/users\/4"}],"replies":[{"embeddable":true,"href":"https:\/\/www.lesgets.com\/nl\/wp-json\/wp\/v2\/comments?post=15463"}],"version-history":[{"count":5,"href":"https:\/\/www.lesgets.com\/nl\/wp-json\/wp\/v2\/pages\/15463\/revisions"}],"predecessor-version":[{"id":26852,"href":"https:\/\/www.lesgets.com\/nl\/wp-json\/wp\/v2\/pages\/15463\/revisions\/26852"}],"up":[{"embeddable":true,"href":"https:\/\/www.lesgets.com\/nl\/wp-json\/wp\/v2\/pages\/16198"}],"wp:featuredmedia":[{"embeddable":true,"href":"https:\/\/www.lesgets.com\/nl\/wp-json\/wp\/v2\/media\/3060"}],"wp:attachment":[{"href":"https:\/\/www.lesgets.com\/nl\/wp-json\/wp\/v2\/media?parent=15463"}],"curies":[{"name":"wp","href":"https:\/\/api.w.org\/{rel}","templated":true}]}}