{"id":15505,"date":"2020-07-27T09:57:24","date_gmt":"2020-07-27T07:57:24","guid":{"rendered":"https:\/\/www.lesgets.com\/winter-cultural-activities\/"},"modified":"2021-03-19T14:26:19","modified_gmt":"2021-03-19T13:26:19","slug":"winter-culturele-activiteiten","status":"publish","type":"page","link":"https:\/\/www.lesgets.com\/nl\/wat-is-er-te-doen\/winter-activiteiten\/winter-culturele-activiteiten\/","title":{"rendered":"Culturele winteractiviteiten"},"content":{"rendered":"<div class=\"block block-core-spacer\">\n<div style=\"height:50px\" aria-hidden=\"true\" class=\"wp-block-spacer\"><\/div>\n<\/div>\n\n<div class=\"block block-lba-apidae-selection\"><!--BEGIN FILTER -->\r\n<!--BEGIN FILTER -->\r\n\r\n<!--BEGIN ITEMS APIDAE -->\r\n  <div class=\"selection-mode-default\">\r\n          <div class=\"card 0-3places 0-3pieces\">\r\n        <div class=\"row\">\r\n          <div class=\"col-md-3\">\r\n            <img decoding=\"async\" src=\"https:\/\/static.apidae-tourisme.com\/filestore\/objets-touristiques\/images\/39\/4\/6751271-fiche.jpg\" class=\"w-100\"\r\n                 alt=\"Image bandeau_bibliotheque_exterieur\">\r\n          <\/div>\r\n          <div class=\"col-md-7\">\r\n            <div class=\"card-block px-1\">\r\n              <h2 class=\"card-title\">\r\n                                    <a href=\"https:\/\/www.lesgets.com\/nl\/details\/bibliotheek-lire-aux-gets-198586-Nl\/\">Bibliotheek &#8220;Lire aux Gets&#8221;<\/a>\r\n                              <\/h2>\r\n              <p class=\"classement\"><\/p>\r\n              <p class=\"card-text\">De bibliotheek biedt boeken en documenten voor alle leeftijden. U vindt er een grote verscheidenheid aan boeken: romans, biografie\u00ebn, stripverhalen, kinderverhalen en -albums, kranten enz.<\/p>\r\n            <\/div>\r\n          <\/div>\r\n          <div class=\"col-md-2\">\r\n                            <a href=\"https:\/\/www.lesgets.com\/nl\/details\/bibliotheek-lire-aux-gets-198586-Nl\/\" class=\"btn\">Meer zien<\/a>\r\n                      <\/div>\r\n        <\/div>\r\n      <\/div>\r\n          <div class=\"card 0-3places 0-3pieces\">\r\n        <div class=\"row\">\r\n          <div class=\"col-md-3\">\r\n            <img decoding=\"async\" src=\"https:\/\/static.apidae-tourisme.com\/filestore\/objets-touristiques\/images\/102\/181\/38516070-fiche.jpg\" class=\"w-100\"\r\n                 alt=\"Image DSCN5923\">\r\n          <\/div>\r\n          <div class=\"col-md-7\">\r\n            <div class=\"card-block px-1\">\r\n              <h2 class=\"card-title\">\r\n                                    <a href=\"https:\/\/www.lesgets.com\/nl\/details\/cinema-le-club-204391-Nl\/\">Cin\u00e9ma Le Club<\/a>\r\n                              <\/h2>\r\n              <p class=\"classement\"><\/p>\r\n              <p class=\"card-text\">Dolby SR Sound. Iedere dag een nieuwe film. Programma beschikbaar bij het VVV of in de bioscoop.<\/p>\r\n            <\/div>\r\n          <\/div>\r\n          <div class=\"col-md-2\">\r\n                            <a href=\"https:\/\/www.lesgets.com\/nl\/details\/cinema-le-club-204391-Nl\/\" class=\"btn\">Meer zien<\/a>\r\n                      <\/div>\r\n        <\/div>\r\n      <\/div>\r\n          <div class=\"card 0-3places 0-3pieces\">\r\n        <div class=\"row\">\r\n          <div class=\"col-md-3\">\r\n            <img decoding=\"async\" src=\"https:\/\/static.apidae-tourisme.com\/filestore\/objets-touristiques\/images\/91\/36\/11150427-fiche.jpg\" class=\"w-100\"\r\n                 alt=\"Image 2020_07_20_Vue_Village_Eglise_Lesgets_Manon_Guenot_00368_LD\">\r\n          <\/div>\r\n          <div class=\"col-md-7\">\r\n            <div class=\"card-block px-1\">\r\n              <h2 class=\"card-title\">\r\n                                    <a href=\"https:\/\/www.lesgets.com\/nl\/details\/kerk-notre-dame-de-la-nativite-269796-Nl\/\">Kerk Notre Dame de la Nativit\u00e9<\/a>\r\n                              <\/h2>\r\n              <p class=\"classement\"><\/p>\r\n              <p class=\"card-text\">Herbouwd in 1895, herbergt Onze-Lieve-Vrouw van Geboorte uitzonderlijke kunstwerken.<\/p>\r\n            <\/div>\r\n          <\/div>\r\n          <div class=\"col-md-2\">\r\n                            <a href=\"https:\/\/www.lesgets.com\/nl\/details\/kerk-notre-dame-de-la-nativite-269796-Nl\/\" class=\"btn\">Meer zien<\/a>\r\n                      <\/div>\r\n        <\/div>\r\n      <\/div>\r\n          <div class=\"card 0-3places 0-3pieces\">\r\n        <div class=\"row\">\r\n          <div class=\"col-md-3\">\r\n            <img decoding=\"async\" src=\"https:\/\/static.apidae-tourisme.com\/filestore\/objets-touristiques\/images\/135\/190\/28425863-fiche.jpg\" class=\"w-100\"\r\n                 alt=\"Image museemeca_expo_dessin\">\r\n          <\/div>\r\n          <div class=\"col-md-7\">\r\n            <div class=\"card-block px-1\">\r\n              <h2 class=\"card-title\">\r\n                                    <a href=\"https:\/\/www.lesgets.com\/nl\/agenda\/exposition-la-musique-mecanique-et-le-dessin-7224033-Nl\/\">Exposition &#8220;La musique m\u00e9canique et le dessin&#8221;<\/a>\r\n                              <\/h2>\r\n              <p class=\"classement\"><\/p>\r\n              <p class=\"card-text\">D\u00e9couvrez la nouvelle exposition temporaire du Mus\u00e9e de la musique m\u00e9canique des Gets pour l&#8217;ann\u00e9e 2025, consacr\u00e9e \u00e0 &#8220;La musique m\u00e9canique et le dessin&#8221;.<\/p>\r\n            <\/div>\r\n          <\/div>\r\n          <div class=\"col-md-2\">\r\n                            <a href=\"https:\/\/www.lesgets.com\/nl\/agenda\/exposition-la-musique-mecanique-et-le-dessin-7224033-Nl\/\" class=\"btn\">Meer zien<\/a>\r\n                      <\/div>\r\n        <\/div>\r\n      <\/div>\r\n          <div class=\"card 0-3places 0-3pieces\">\r\n        <div class=\"row\">\r\n          <div class=\"col-md-3\">\r\n            <img decoding=\"async\" src=\"https:\/\/static.apidae-tourisme.com\/filestore\/objets-touristiques\/images\/141\/244\/3667085-fiche.jpg\" class=\"w-100\"\r\n                 alt=\"Image bar 13+\">\r\n          <\/div>\r\n          <div class=\"col-md-7\">\r\n            <div class=\"card-block px-1\">\r\n              <h2 class=\"card-title\">\r\n                                    <a href=\"https:\/\/www.lesgets.com\/nl\/details\/jeux-trinque-4923287-Nl\/\">Jeux Trinque<\/a>\r\n                              <\/h2>\r\n              <p class=\"classement\"><\/p>\r\n              <p class=\"card-text\">&#8220;Jeux trinque&#8221;. Kom van de vele emblematische gezelschapsspelletjes genieten, maar ook van de biljarttafels, de babyvoetbaltafel en het elektronische dartspel.<\/p>\r\n            <\/div>\r\n          <\/div>\r\n          <div class=\"col-md-2\">\r\n                            <a href=\"https:\/\/www.lesgets.com\/nl\/details\/jeux-trinque-4923287-Nl\/\" class=\"btn\">Meer zien<\/a>\r\n                      <\/div>\r\n        <\/div>\r\n      <\/div>\r\n          <div class=\"card 0-3places 0-3pieces\">\r\n        <div class=\"row\">\r\n          <div class=\"col-md-3\">\r\n            <img decoding=\"async\" src=\"https:\/\/static.apidae-tourisme.com\/filestore\/objets-touristiques\/images\/219\/151\/13015003-fiche.jpg\" class=\"w-100\"\r\n                 alt=\"Image 1312978199_Foto_Presse_Balzerek_086_s420x281\">\r\n          <\/div>\r\n          <div class=\"col-md-7\">\r\n            <div class=\"card-block px-1\">\r\n              <h2 class=\"card-title\">\r\n                                    <a href=\"https:\/\/www.lesgets.com\/nl\/details\/het-aeolian-philharmonisch-orgel-5507061-Nl\/\">Het Aeolian Philharmonisch Orgel<\/a>\r\n                              <\/h2>\r\n              <p class=\"classement\"><\/p>\r\n              <p class=\"card-text\">Een mechanisch muziekinstrument, uniek in Europa, geklasseerd als historisch monument in 1989.<\/p>\r\n            <\/div>\r\n          <\/div>\r\n          <div class=\"col-md-2\">\r\n                            <a href=\"https:\/\/www.lesgets.com\/nl\/details\/het-aeolian-philharmonisch-orgel-5507061-Nl\/\" class=\"btn\">Meer zien<\/a>\r\n                      <\/div>\r\n        <\/div>\r\n      <\/div>\r\n          <div class=\"card 0-3places 0-3pieces\">\r\n        <div class=\"row\">\r\n          <div class=\"col-md-3\">\r\n            <img decoding=\"async\" src=\"https:\/\/static.apidae-tourisme.com\/filestore\/objets-touristiques\/images\/54\/190\/30916150-fiche.jpg\" class=\"w-100\"\r\n                 alt=\"Image b902fd5a5093f7f4f242\">\r\n          <\/div>\r\n          <div class=\"col-md-7\">\r\n            <div class=\"card-block px-1\">\r\n              <h2 class=\"card-title\">\r\n                                    <a href=\"https:\/\/www.lesgets.com\/nl\/details\/museum-van-mechanische-muziek-191340-Nl\/\">Museum van Mechanische Muziek<\/a>\r\n                              <\/h2>\r\n              <p class=\"classement\"><\/p>\r\n              <p class=\"card-text\">Kom en ontdek de ongelooflijke collectie mechanische instrumenten van het museum. Er worden meer dan 1000 stukken tentoongesteld: klokkenspelen, klokken, speeldozen, orchestrions, mechanische piano&#8217;s, snaarinstrumenten, draaiorgels, automaten, fonografen&#8230;<\/p>\r\n            <\/div>\r\n          <\/div>\r\n          <div class=\"col-md-2\">\r\n                            <a href=\"https:\/\/www.lesgets.com\/nl\/details\/museum-van-mechanische-muziek-191340-Nl\/\" class=\"btn\">Meer zien<\/a>\r\n                      <\/div>\r\n        <\/div>\r\n      <\/div>\r\n      <\/div>\r\n<!--END ITEMS APIDAE -->\r\n\r\n<!--BEGIN PAGINATOR -->\r\n<!--BEGIN PAGINATOR --><\/div>","protected":false},"excerpt":{"rendered":"<p>Mechanische muziek museum, bioscoop, bibliotheek, Art&#8217;n&#8217;Chery gallerij&#8230; Culturele ontdekkingen staan ook op de agenda in Les Gets.<\/p>\n","protected":false},"author":4,"featured_media":10831,"parent":16620,"menu_order":0,"comment_status":"closed","ping_status":"closed","template":"","meta":{"_acf_changed":false,"footnotes":""},"class_list":["post-15505","page","type-page","status-publish","has-post-thumbnail","hentry"],"acf":[],"yoast_head":"<!-- This site is optimized with the Yoast SEO plugin v27.3 - https:\/\/yoast.com\/product\/yoast-seo-wordpress\/ -->\n<title>Culturele winteractiviteiten - Alle winteractiviteiten - Les Gets<\/title>\n<meta name=\"description\" content=\"Mechanische muziek museum, bioscoop, bibliotheek, Art&#039;n&#039;Chery gallerij... Culturele ontdekkingen staan ook op de agenda in Les Gets.\" \/>\n<meta name=\"robots\" content=\"index, follow, max-snippet:-1, max-image-preview:large, max-video-preview:-1\" \/>\n<link rel=\"canonical\" href=\"https:\/\/www.lesgets.com\/nl\/wat-is-er-te-doen\/winter-activiteiten\/winter-culturele-activiteiten\/\" \/>\n<meta property=\"og:locale\" content=\"nl_NL\" \/>\n<meta property=\"og:type\" content=\"article\" \/>\n<meta property=\"og:title\" content=\"Culturele winteractiviteiten - Alle winteractiviteiten - Les Gets\" \/>\n<meta property=\"og:description\" content=\"Mechanische muziek museum, bioscoop, bibliotheek, Art&#039;n&#039;Chery gallerij... Culturele ontdekkingen staan ook op de agenda in Les Gets.\" \/>\n<meta property=\"og:url\" content=\"https:\/\/www.lesgets.com\/nl\/wat-is-er-te-doen\/winter-activiteiten\/winter-culturele-activiteiten\/\" \/>\n<meta property=\"og:site_name\" content=\"Les Gets\" \/>\n<meta property=\"article:modified_time\" content=\"2021-03-19T13:26:19+00:00\" \/>\n<meta property=\"og:image\" content=\"https:\/\/www.lesgets.com\/wp\/..\/app\/uploads\/2020\/05\/LesGets_2016_animations_otgets_08.jpg\" \/>\n\t<meta property=\"og:image:width\" content=\"1617\" \/>\n\t<meta property=\"og:image:height\" content=\"1080\" \/>\n\t<meta property=\"og:image:type\" content=\"image\/jpeg\" \/>\n<meta name=\"twitter:card\" content=\"summary_large_image\" \/>\n<script type=\"application\/ld+json\" class=\"yoast-schema-graph\">{\"@context\":\"https:\\\/\\\/schema.org\",\"@graph\":[{\"@type\":\"WebPage\",\"@id\":\"https:\\\/\\\/www.lesgets.com\\\/nl\\\/wat-is-er-te-doen\\\/winter-activiteiten\\\/winter-culturele-activiteiten\\\/\",\"url\":\"https:\\\/\\\/www.lesgets.com\\\/nl\\\/wat-is-er-te-doen\\\/winter-activiteiten\\\/winter-culturele-activiteiten\\\/\",\"name\":\"Culturele winteractiviteiten - Alle winteractiviteiten - Les Gets\",\"isPartOf\":{\"@id\":\"https:\\\/\\\/www.lesgets.com\\\/en\\\/#website\"},\"primaryImageOfPage\":{\"@id\":\"https:\\\/\\\/www.lesgets.com\\\/nl\\\/wat-is-er-te-doen\\\/winter-activiteiten\\\/winter-culturele-activiteiten\\\/#primaryimage\"},\"image\":{\"@id\":\"https:\\\/\\\/www.lesgets.com\\\/nl\\\/wat-is-er-te-doen\\\/winter-activiteiten\\\/winter-culturele-activiteiten\\\/#primaryimage\"},\"thumbnailUrl\":\"https:\\\/\\\/www.lesgets.com\\\/wp\\\/..\\\/app\\\/uploads\\\/2020\\\/05\\\/LesGets_2016_animations_otgets_08.jpg\",\"datePublished\":\"2020-07-27T07:57:24+00:00\",\"dateModified\":\"2021-03-19T13:26:19+00:00\",\"description\":\"Mechanische muziek museum, bioscoop, bibliotheek, Art'n'Chery gallerij... Culturele ontdekkingen staan ook op de agenda in Les Gets.\",\"breadcrumb\":{\"@id\":\"https:\\\/\\\/www.lesgets.com\\\/nl\\\/wat-is-er-te-doen\\\/winter-activiteiten\\\/winter-culturele-activiteiten\\\/#breadcrumb\"},\"inLanguage\":\"nl-NL\",\"potentialAction\":[{\"@type\":\"ReadAction\",\"target\":[\"https:\\\/\\\/www.lesgets.com\\\/nl\\\/wat-is-er-te-doen\\\/winter-activiteiten\\\/winter-culturele-activiteiten\\\/\"]}]},{\"@type\":\"ImageObject\",\"inLanguage\":\"nl-NL\",\"@id\":\"https:\\\/\\\/www.lesgets.com\\\/nl\\\/wat-is-er-te-doen\\\/winter-activiteiten\\\/winter-culturele-activiteiten\\\/#primaryimage\",\"url\":\"https:\\\/\\\/www.lesgets.com\\\/wp\\\/..\\\/app\\\/uploads\\\/2020\\\/05\\\/LesGets_2016_animations_otgets_08.jpg\",\"contentUrl\":\"https:\\\/\\\/www.lesgets.com\\\/wp\\\/..\\\/app\\\/uploads\\\/2020\\\/05\\\/LesGets_2016_animations_otgets_08.jpg\",\"width\":1617,\"height\":1080,\"caption\":\"Groupe de personnes avec des flambeaux devant l'\u00e9glise pour l'animation balade cont\u00e9e\"},{\"@type\":\"BreadcrumbList\",\"@id\":\"https:\\\/\\\/www.lesgets.com\\\/nl\\\/wat-is-er-te-doen\\\/winter-activiteiten\\\/winter-culturele-activiteiten\\\/#breadcrumb\",\"itemListElement\":[{\"@type\":\"ListItem\",\"position\":1,\"name\":\"Accueil\",\"item\":\"https:\\\/\\\/www.lesgets.com\\\/nl\\\/\"},{\"@type\":\"ListItem\",\"position\":2,\"name\":\"Wat is er te doen?\",\"item\":\"https:\\\/\\\/www.lesgets.com\\\/nl\\\/wat-is-er-te-doen\\\/\"},{\"@type\":\"ListItem\",\"position\":3,\"name\":\"Winter activiteiten\",\"item\":\"https:\\\/\\\/www.lesgets.com\\\/nl\\\/wat-is-er-te-doen\\\/winter-activiteiten\\\/\"},{\"@type\":\"ListItem\",\"position\":4,\"name\":\"Culturele winteractiviteiten\"}]},{\"@type\":\"WebSite\",\"@id\":\"https:\\\/\\\/www.lesgets.com\\\/en\\\/#website\",\"url\":\"https:\\\/\\\/www.lesgets.com\\\/en\\\/\",\"name\":\"Les Gets\",\"description\":\"\",\"publisher\":{\"@id\":\"https:\\\/\\\/www.lesgets.com\\\/en\\\/#organization\"},\"potentialAction\":[{\"@type\":\"SearchAction\",\"target\":{\"@type\":\"EntryPoint\",\"urlTemplate\":\"https:\\\/\\\/www.lesgets.com\\\/en\\\/?s={search_term_string}\"},\"query-input\":{\"@type\":\"PropertyValueSpecification\",\"valueRequired\":true,\"valueName\":\"search_term_string\"}}],\"inLanguage\":\"nl-NL\"},{\"@type\":\"Organization\",\"@id\":\"https:\\\/\\\/www.lesgets.com\\\/en\\\/#organization\",\"name\":\"Les Gets\",\"url\":\"https:\\\/\\\/www.lesgets.com\\\/en\\\/\",\"logo\":{\"@type\":\"ImageObject\",\"inLanguage\":\"nl-NL\",\"@id\":\"https:\\\/\\\/www.lesgets.com\\\/en\\\/#\\\/schema\\\/logo\\\/image\\\/\",\"url\":\"https:\\\/\\\/www.lesgets.com\\\/wp\\\/..\\\/app\\\/uploads\\\/2020\\\/06\\\/logo_lesgets.png\",\"contentUrl\":\"https:\\\/\\\/www.lesgets.com\\\/wp\\\/..\\\/app\\\/uploads\\\/2020\\\/06\\\/logo_lesgets.png\",\"width\":136,\"height\":115,\"caption\":\"Les Gets\"},\"image\":{\"@id\":\"https:\\\/\\\/www.lesgets.com\\\/en\\\/#\\\/schema\\\/logo\\\/image\\\/\"}}]}<\/script>\n<!-- \/ Yoast SEO plugin. -->","yoast_head_json":{"title":"Culturele winteractiviteiten - Alle winteractiviteiten - Les Gets","description":"Mechanische muziek museum, bioscoop, bibliotheek, Art'n'Chery gallerij... Culturele ontdekkingen staan ook op de agenda in Les Gets.","robots":{"index":"index","follow":"follow","max-snippet":"max-snippet:-1","max-image-preview":"max-image-preview:large","max-video-preview":"max-video-preview:-1"},"canonical":"https:\/\/www.lesgets.com\/nl\/wat-is-er-te-doen\/winter-activiteiten\/winter-culturele-activiteiten\/","og_locale":"nl_NL","og_type":"article","og_title":"Culturele winteractiviteiten - Alle winteractiviteiten - Les Gets","og_description":"Mechanische muziek museum, bioscoop, bibliotheek, Art'n'Chery gallerij... Culturele ontdekkingen staan ook op de agenda in Les Gets.","og_url":"https:\/\/www.lesgets.com\/nl\/wat-is-er-te-doen\/winter-activiteiten\/winter-culturele-activiteiten\/","og_site_name":"Les Gets","article_modified_time":"2021-03-19T13:26:19+00:00","og_image":[{"width":1617,"height":1080,"url":"https:\/\/www.lesgets.com\/wp\/..\/app\/uploads\/2020\/05\/LesGets_2016_animations_otgets_08.jpg","type":"image\/jpeg"}],"twitter_card":"summary_large_image","schema":{"@context":"https:\/\/schema.org","@graph":[{"@type":"WebPage","@id":"https:\/\/www.lesgets.com\/nl\/wat-is-er-te-doen\/winter-activiteiten\/winter-culturele-activiteiten\/","url":"https:\/\/www.lesgets.com\/nl\/wat-is-er-te-doen\/winter-activiteiten\/winter-culturele-activiteiten\/","name":"Culturele winteractiviteiten - Alle winteractiviteiten - Les Gets","isPartOf":{"@id":"https:\/\/www.lesgets.com\/en\/#website"},"primaryImageOfPage":{"@id":"https:\/\/www.lesgets.com\/nl\/wat-is-er-te-doen\/winter-activiteiten\/winter-culturele-activiteiten\/#primaryimage"},"image":{"@id":"https:\/\/www.lesgets.com\/nl\/wat-is-er-te-doen\/winter-activiteiten\/winter-culturele-activiteiten\/#primaryimage"},"thumbnailUrl":"https:\/\/www.lesgets.com\/wp\/..\/app\/uploads\/2020\/05\/LesGets_2016_animations_otgets_08.jpg","datePublished":"2020-07-27T07:57:24+00:00","dateModified":"2021-03-19T13:26:19+00:00","description":"Mechanische muziek museum, bioscoop, bibliotheek, Art'n'Chery gallerij... Culturele ontdekkingen staan ook op de agenda in Les Gets.","breadcrumb":{"@id":"https:\/\/www.lesgets.com\/nl\/wat-is-er-te-doen\/winter-activiteiten\/winter-culturele-activiteiten\/#breadcrumb"},"inLanguage":"nl-NL","potentialAction":[{"@type":"ReadAction","target":["https:\/\/www.lesgets.com\/nl\/wat-is-er-te-doen\/winter-activiteiten\/winter-culturele-activiteiten\/"]}]},{"@type":"ImageObject","inLanguage":"nl-NL","@id":"https:\/\/www.lesgets.com\/nl\/wat-is-er-te-doen\/winter-activiteiten\/winter-culturele-activiteiten\/#primaryimage","url":"https:\/\/www.lesgets.com\/wp\/..\/app\/uploads\/2020\/05\/LesGets_2016_animations_otgets_08.jpg","contentUrl":"https:\/\/www.lesgets.com\/wp\/..\/app\/uploads\/2020\/05\/LesGets_2016_animations_otgets_08.jpg","width":1617,"height":1080,"caption":"Groupe de personnes avec des flambeaux devant l'\u00e9glise pour l'animation balade cont\u00e9e"},{"@type":"BreadcrumbList","@id":"https:\/\/www.lesgets.com\/nl\/wat-is-er-te-doen\/winter-activiteiten\/winter-culturele-activiteiten\/#breadcrumb","itemListElement":[{"@type":"ListItem","position":1,"name":"Accueil","item":"https:\/\/www.lesgets.com\/nl\/"},{"@type":"ListItem","position":2,"name":"Wat is er te doen?","item":"https:\/\/www.lesgets.com\/nl\/wat-is-er-te-doen\/"},{"@type":"ListItem","position":3,"name":"Winter activiteiten","item":"https:\/\/www.lesgets.com\/nl\/wat-is-er-te-doen\/winter-activiteiten\/"},{"@type":"ListItem","position":4,"name":"Culturele winteractiviteiten"}]},{"@type":"WebSite","@id":"https:\/\/www.lesgets.com\/en\/#website","url":"https:\/\/www.lesgets.com\/en\/","name":"Les Gets","description":"","publisher":{"@id":"https:\/\/www.lesgets.com\/en\/#organization"},"potentialAction":[{"@type":"SearchAction","target":{"@type":"EntryPoint","urlTemplate":"https:\/\/www.lesgets.com\/en\/?s={search_term_string}"},"query-input":{"@type":"PropertyValueSpecification","valueRequired":true,"valueName":"search_term_string"}}],"inLanguage":"nl-NL"},{"@type":"Organization","@id":"https:\/\/www.lesgets.com\/en\/#organization","name":"Les Gets","url":"https:\/\/www.lesgets.com\/en\/","logo":{"@type":"ImageObject","inLanguage":"nl-NL","@id":"https:\/\/www.lesgets.com\/en\/#\/schema\/logo\/image\/","url":"https:\/\/www.lesgets.com\/wp\/..\/app\/uploads\/2020\/06\/logo_lesgets.png","contentUrl":"https:\/\/www.lesgets.com\/wp\/..\/app\/uploads\/2020\/06\/logo_lesgets.png","width":136,"height":115,"caption":"Les Gets"},"image":{"@id":"https:\/\/www.lesgets.com\/en\/#\/schema\/logo\/image\/"}}]}},"featured_image_src":"https:\/\/www.lesgets.com\/wp\/..\/app\/uploads\/2020\/05\/LesGets_2016_animations_otgets_08-600x400.jpg","featured_image_src_square":"https:\/\/www.lesgets.com\/wp\/..\/app\/uploads\/2020\/05\/LesGets_2016_animations_otgets_08-600x600.jpg","_links":{"self":[{"href":"https:\/\/www.lesgets.com\/nl\/wp-json\/wp\/v2\/pages\/15505","targetHints":{"allow":["GET"]}}],"collection":[{"href":"https:\/\/www.lesgets.com\/nl\/wp-json\/wp\/v2\/pages"}],"about":[{"href":"https:\/\/www.lesgets.com\/nl\/wp-json\/wp\/v2\/types\/page"}],"author":[{"embeddable":true,"href":"https:\/\/www.lesgets.com\/nl\/wp-json\/wp\/v2\/users\/4"}],"replies":[{"embeddable":true,"href":"https:\/\/www.lesgets.com\/nl\/wp-json\/wp\/v2\/comments?post=15505"}],"version-history":[{"count":5,"href":"https:\/\/www.lesgets.com\/nl\/wp-json\/wp\/v2\/pages\/15505\/revisions"}],"predecessor-version":[{"id":27050,"href":"https:\/\/www.lesgets.com\/nl\/wp-json\/wp\/v2\/pages\/15505\/revisions\/27050"}],"up":[{"embeddable":true,"href":"https:\/\/www.lesgets.com\/nl\/wp-json\/wp\/v2\/pages\/16620"}],"wp:featuredmedia":[{"embeddable":true,"href":"https:\/\/www.lesgets.com\/nl\/wp-json\/wp\/v2\/media\/10831"}],"wp:attachment":[{"href":"https:\/\/www.lesgets.com\/nl\/wp-json\/wp\/v2\/media?parent=15505"}],"curies":[{"name":"wp","href":"https:\/\/api.w.org\/{rel}","templated":true}]}}