{"id":15537,"date":"2020-07-27T10:32:00","date_gmt":"2020-07-27T08:32:00","guid":{"rendered":"https:\/\/www.lesgets.com\/mtb-schools\/"},"modified":"2021-03-19T14:43:19","modified_gmt":"2021-03-19T13:43:19","slug":"mtb-scholen","status":"publish","type":"page","link":"https:\/\/www.lesgets.com\/nl\/wat-is-er-te-doen\/zomeractiviteiten\/sporten\/mtb\/mtb-scholen\/","title":{"rendered":"MTB scholen"},"content":{"rendered":"<div class=\"block block-lba-apidae-selection\"><!--BEGIN FILTER -->\r\n<!--BEGIN FILTER -->\r\n\r\n<!--BEGIN ITEMS APIDAE -->\r\n  <div class=\"selection-mode-default\">\r\n          <div class=\"card 0-3places 0-3pieces\">\r\n        <div class=\"row\">\r\n          <div class=\"col-md-3\">\r\n            <img decoding=\"async\" src=\"https:\/\/static.apidae-tourisme.com\/filestore\/objets-touristiques\/images\/160\/35\/34218912-fiche.png\" class=\"w-100\"\r\n                 alt=\"Image 360Outdoor-logo-300x150\">\r\n          <\/div>\r\n          <div class=\"col-md-7\">\r\n            <div class=\"card-block px-1\">\r\n              <h2 class=\"card-title\">\r\n                                    <a href=\"https:\/\/www.lesgets.com\/nl\/details\/360-outdoor-7363961-Nl\/\">360 Outdoor<\/a>\r\n                              <\/h2>\r\n              <p class=\"classement\"><\/p>\r\n              <p class=\"card-text\">360 Outdoor, een mountainbike- en e-bike-avontuur aan de voet van de pistes.<\/p>\r\n            <\/div>\r\n          <\/div>\r\n          <div class=\"col-md-2\">\r\n                            <a href=\"https:\/\/www.lesgets.com\/nl\/details\/360-outdoor-7363961-Nl\/\" class=\"btn\">Meer zien<\/a>\r\n                      <\/div>\r\n        <\/div>\r\n      <\/div>\r\n          <div class=\"card 0-3places 0-3pieces\">\r\n        <div class=\"row\">\r\n          <div class=\"col-md-3\">\r\n            <img decoding=\"async\" src=\"https:\/\/static.apidae-tourisme.com\/filestore\/objets-touristiques\/images\/189\/172\/17345725-fiche.jpg\" class=\"w-100\"\r\n                 alt=\"Image 8-bike-experience-guide-enduro-vtt\">\r\n          <\/div>\r\n          <div class=\"col-md-7\">\r\n            <div class=\"card-block px-1\">\r\n              <h2 class=\"card-title\">\r\n                                    <a href=\"https:\/\/www.lesgets.com\/nl\/details\/bike-experience-gidsen-en-instructeurs-zomer-5534406-Nl\/\">Bike Experience \/ Gidsen en instructeurs (zomer)<\/a>\r\n                              <\/h2>\r\n              <p class=\"classement\"><\/p>\r\n              <p class=\"card-text\">Gidsen, instructeurs en mechaniekers, het Bike Experience team laat u hun passie voor mountainbiken ontdekken.<\/p>\r\n            <\/div>\r\n          <\/div>\r\n          <div class=\"col-md-2\">\r\n                            <a href=\"https:\/\/www.lesgets.com\/nl\/details\/bike-experience-gidsen-en-instructeurs-zomer-5534406-Nl\/\" class=\"btn\">Meer zien<\/a>\r\n                      <\/div>\r\n        <\/div>\r\n      <\/div>\r\n          <div class=\"card 0-3places 0-3pieces\">\r\n        <div class=\"row\">\r\n          <div class=\"col-md-3\">\r\n            <img decoding=\"async\" src=\"https:\/\/www.lesgets.com\/app\/plugins\/lba_apidae\/assets\/img\/default.png\" class=\"w-100\"\r\n                 alt=\"Image \">\r\n          <\/div>\r\n          <div class=\"col-md-7\">\r\n            <div class=\"card-block px-1\">\r\n              <h2 class=\"card-title\">\r\n                                    <a href=\"https:\/\/www.lesgets.com\/nl\/details\/bike-experience-gidsen-en-instructeurs-tussenseizoen-winter-6827815-Nl\/\">Bike Experience \/ Gidsen en instructeurs (tussenseizoen\/ winter)<\/a>\r\n                              <\/h2>\r\n              <p class=\"classement\"><\/p>\r\n              <p class=\"card-text\">Gidsen, instructeurs en mechaniekers, het Bike Experience team laat u hun passie voor mountainbiken ontdekken.<\/p>\r\n            <\/div>\r\n          <\/div>\r\n          <div class=\"col-md-2\">\r\n                            <a href=\"https:\/\/www.lesgets.com\/nl\/details\/bike-experience-gidsen-en-instructeurs-tussenseizoen-winter-6827815-Nl\/\" class=\"btn\">Meer zien<\/a>\r\n                      <\/div>\r\n        <\/div>\r\n      <\/div>\r\n          <div class=\"card 0-3places 0-3pieces\">\r\n        <div class=\"row\">\r\n          <div class=\"col-md-3\">\r\n            <img decoding=\"async\" src=\"https:\/\/static.apidae-tourisme.com\/filestore\/objets-touristiques\/images-principales\/56\/164\/107576-fiche.gif\" class=\"w-100\"\r\n                 alt=\"Image sitraACT602196_64318_vttphoto1\">\r\n          <\/div>\r\n          <div class=\"col-md-7\">\r\n            <div class=\"card-block px-1\">\r\n              <h2 class=\"card-title\">\r\n                                    <a href=\"https:\/\/www.lesgets.com\/nl\/details\/mtb-lessen-jean-luc-tamanini-183403-Nl\/\">MTB-lessen  &#8211; Jean Luc Tamanini<\/a>\r\n                              <\/h2>\r\n              <p class=\"classement\"><\/p>\r\n              <p class=\"card-text\">Deze fietstocht doorkruist de Portes du Soleil kom en ontdek het schitterende panorama tussen Zwitserland en Frankrijk.<\/p>\r\n            <\/div>\r\n          <\/div>\r\n          <div class=\"col-md-2\">\r\n                            <a href=\"https:\/\/www.lesgets.com\/nl\/details\/mtb-lessen-jean-luc-tamanini-183403-Nl\/\" class=\"btn\">Meer zien<\/a>\r\n                      <\/div>\r\n        <\/div>\r\n      <\/div>\r\n          <div class=\"card 0-3places 0-3pieces\">\r\n        <div class=\"row\">\r\n          <div class=\"col-md-3\">\r\n            <img decoding=\"async\" src=\"https:\/\/static.apidae-tourisme.com\/filestore\/objets-touristiques\/images\/102\/150\/18585190-fiche.jpg\" class=\"w-100\"\r\n                 alt=\"Image 13025721\">\r\n          <\/div>\r\n          <div class=\"col-md-7\">\r\n            <div class=\"card-block px-1\">\r\n              <h2 class=\"card-title\">\r\n                                    <a href=\"https:\/\/www.lesgets.com\/nl\/details\/mountainbikeles-bike-experience-6622513-Nl\/\">mountainbikeles &#8211; Bike experience<\/a>\r\n                              <\/h2>\r\n              <p class=\"classement\"><\/p>\r\n              <p class=\"card-text\">Gidsen, instructeurs en mechaniekers, het Bike Experience team laat u hun passie voor mountainbiken ontdekken.<\/p>\r\n            <\/div>\r\n          <\/div>\r\n          <div class=\"col-md-2\">\r\n                            <a href=\"https:\/\/www.lesgets.com\/nl\/details\/mountainbikeles-bike-experience-6622513-Nl\/\" class=\"btn\">Meer zien<\/a>\r\n                      <\/div>\r\n        <\/div>\r\n      <\/div>\r\n          <div class=\"card 0-3places 0-3pieces\">\r\n        <div class=\"row\">\r\n          <div class=\"col-md-3\">\r\n            <img decoding=\"async\" src=\"https:\/\/static.apidae-tourisme.com\/filestore\/objets-touristiques\/images\/9\/144\/17272841-fiche.jpg\" class=\"w-100\"\r\n                 alt=\"Image Img_CyclAventure_Tandem_Adapte\">\r\n          <\/div>\r\n          <div class=\"col-md-7\">\r\n            <div class=\"card-block px-1\">\r\n              <h2 class=\"card-title\">\r\n                                    <a href=\"https:\/\/www.lesgets.com\/nl\/details\/cyclaventure-6500671-Nl\/\">CyclAventure<\/a>\r\n                              <\/h2>\r\n              <p class=\"classement\"><\/p>\r\n              <p class=\"card-text\">Ga van de gebaande paden af en ontdek de bergen op een andere manier met CyclAventure!<\/p>\r\n            <\/div>\r\n          <\/div>\r\n          <div class=\"col-md-2\">\r\n                            <a href=\"https:\/\/www.lesgets.com\/nl\/details\/cyclaventure-6500671-Nl\/\" class=\"btn\">Meer zien<\/a>\r\n                      <\/div>\r\n        <\/div>\r\n      <\/div>\r\n          <div class=\"card 0-3places 0-3pieces\">\r\n        <div class=\"row\">\r\n          <div class=\"col-md-3\">\r\n            <img decoding=\"async\" src=\"https:\/\/static.apidae-tourisme.com\/filestore\/objets-touristiques\/images\/187\/247\/31651771-fiche.jpg\" class=\"w-100\"\r\n                 alt=\"Image BIKE\">\r\n          <\/div>\r\n          <div class=\"col-md-7\">\r\n            <div class=\"card-block px-1\">\r\n              <h2 class=\"card-title\">\r\n                                    <a href=\"https:\/\/www.lesgets.com\/nl\/details\/bike-academy-mountainbikeschool-458594-Nl\/\">Bike Academy &#8211; mountainbikeschool<\/a>\r\n                              <\/h2>\r\n              <p class=\"classement\"><\/p>\r\n              <p class=\"card-text\">Onze kantoren bevinden zich bij Intersport Les Gets, tegenover de skiliften, voor directe toegang tot de pistes van het Bikepark.<\/p>\r\n            <\/div>\r\n          <\/div>\r\n          <div class=\"col-md-2\">\r\n                            <a href=\"https:\/\/www.lesgets.com\/nl\/details\/bike-academy-mountainbikeschool-458594-Nl\/\" class=\"btn\">Meer zien<\/a>\r\n                      <\/div>\r\n        <\/div>\r\n      <\/div>\r\n          <div class=\"card 0-3places 0-3pieces\">\r\n        <div class=\"row\">\r\n          <div class=\"col-md-3\">\r\n            <img decoding=\"async\" src=\"https:\/\/static.apidae-tourisme.com\/filestore\/objets-touristiques\/images\/94\/153\/3709278-fiche.png\" class=\"w-100\"\r\n                 alt=\"Image MCF\">\r\n          <\/div>\r\n          <div class=\"col-md-7\">\r\n            <div class=\"card-block px-1\">\r\n              <h2 class=\"card-title\">\r\n                                    <a href=\"https:\/\/www.lesgets.com\/nl\/details\/les-gets-bike-school-640866-Nl\/\">Les Gets Bike School<\/a>\r\n                              <\/h2>\r\n              <p class=\"classement\"><\/p>\r\n              <p class=\"card-text\">School en onafhankelijke mountainbikegidsen<\/p>\r\n            <\/div>\r\n          <\/div>\r\n          <div class=\"col-md-2\">\r\n                            <a href=\"https:\/\/www.lesgets.com\/nl\/details\/les-gets-bike-school-640866-Nl\/\" class=\"btn\">Meer zien<\/a>\r\n                      <\/div>\r\n        <\/div>\r\n      <\/div>\r\n          <div class=\"card 0-3places 0-3pieces\">\r\n        <div class=\"row\">\r\n          <div class=\"col-md-3\">\r\n            <img decoding=\"async\" src=\"https:\/\/static.apidae-tourisme.com\/filestore\/objets-touristiques\/images\/30\/120\/9664542-fiche.jpg\" class=\"w-100\"\r\n                 alt=\"Image CA3A9544-0528-4186-9078-9AA49BB8311C\">\r\n          <\/div>\r\n          <div class=\"col-md-7\">\r\n            <div class=\"card-block px-1\">\r\n              <h2 class=\"card-title\">\r\n                                    <a href=\"https:\/\/www.lesgets.com\/nl\/details\/season-guiding-5792842-Nl\/\">Season Guiding<\/a>\r\n                              <\/h2>\r\n              <p class=\"classement\"><\/p>\r\n              <p class=\"card-text\">Begeleide skitochten, mountainbiken, e-biken&#8230;<\/p>\r\n            <\/div>\r\n          <\/div>\r\n          <div class=\"col-md-2\">\r\n                            <a href=\"https:\/\/www.lesgets.com\/nl\/details\/season-guiding-5792842-Nl\/\" class=\"btn\">Meer zien<\/a>\r\n                      <\/div>\r\n        <\/div>\r\n      <\/div>\r\n          <div class=\"card 0-3places 0-3pieces\">\r\n        <div class=\"row\">\r\n          <div class=\"col-md-3\">\r\n            <img decoding=\"async\" src=\"https:\/\/static.apidae-tourisme.com\/filestore\/objets-touristiques\/images\/105\/77\/30887273-fiche.jpg\" class=\"w-100\"\r\n                 alt=\"Image d6178435131ce73a3613927efecc77e3\">\r\n          <\/div>\r\n          <div class=\"col-md-7\">\r\n            <div class=\"card-block px-1\">\r\n              <h2 class=\"card-title\">\r\n                                    <a href=\"https:\/\/www.lesgets.com\/nl\/details\/ulrika-tamanini-sortie-de-vtt-7327362-Nl\/\">Ulrika Tamanini &#8211; Sortie de VTT<\/a>\r\n                              <\/h2>\r\n              <p class=\"classement\"><\/p>\r\n              <p class=\"card-text\">Partez pour une randonn\u00e9e en VTT guid\u00e9e (de 3h ou une journ\u00e9e) sur les magnifiques chemins des Gets, Morzine ou Les Portes du Soleil.<\/p>\r\n            <\/div>\r\n          <\/div>\r\n          <div class=\"col-md-2\">\r\n                            <a href=\"https:\/\/www.lesgets.com\/nl\/details\/ulrika-tamanini-sortie-de-vtt-7327362-Nl\/\" class=\"btn\">Meer zien<\/a>\r\n                      <\/div>\r\n        <\/div>\r\n      <\/div>\r\n      <\/div>\r\n<!--END ITEMS APIDAE -->\r\n\r\n<!--BEGIN PAGINATOR -->\r\n  \r\n<nav>\r\n    <ul class=\"pagination text-center\">\r\n        <li class=\"page-item disabled\">\r\n            <a class=\"page-link\" href=\"https:\/\/www.lesgets.com\/nl\/wp-json\/wp\/v2\/pages\/15537\/\" tabindex=\"-1\">Pr\u00e9c\u00e9dent<\/a>\r\n        <\/li>\r\n                                    <li class=\"page-item active\">\r\n                    <a class=\"page-link\" href=\"https:\/\/www.lesgets.com\/nl\/wp-json\/wp\/v2\/pages\/15537\/\">1                        <span class=\"sr-only\">(current)<\/span>\r\n                    <\/a>\r\n                <\/li>\r\n                                                <li class=\"page-item\">\r\n                    <a class=\"page-link\" href=\"https:\/\/www.lesgets.com\/nl\/wp-json\/wp\/v2\/pages\/15537\/?paged=2\">2<\/a>\r\n                <\/li>\r\n                    \r\n        <li class=\"page-item \">\r\n            <a class=\"page-link\" href=\"https:\/\/www.lesgets.com\/nl\/wp-json\/wp\/v2\/pages\/15537\/?paged=2\">Suivant<\/a>\r\n        <\/li>\r\n\r\n    <\/ul>\r\n<\/nav><!--BEGIN PAGINATOR --><\/div>","protected":false},"excerpt":{"rendered":"<p>Vind hier alle scholen om u kennis te laten maken met het mountainbiken, om uw vaardigheden te verbeteren of om onder begeleiding het mountainbikegebied te verkennen.<\/p>\n","protected":false},"author":4,"featured_media":9543,"parent":15889,"menu_order":0,"comment_status":"closed","ping_status":"closed","template":"","meta":{"_acf_changed":false,"footnotes":""},"class_list":["post-15537","page","type-page","status-publish","has-post-thumbnail","hentry"],"acf":[],"yoast_head":"<!-- This site is optimized with the Yoast SEO plugin v27.3 - https:\/\/yoast.com\/product\/yoast-seo-wordpress\/ -->\n<title>MTB scholen - Alle zomeractiviteiten - Les Gets<\/title>\n<meta name=\"description\" content=\"Vind hier alle scholen om u kennis te laten maken met het mountainbiken, om uw vaardigheden te verbeteren of om onder begeleiding het mountainbikegebied te verkennen.\" \/>\n<meta name=\"robots\" content=\"index, follow, max-snippet:-1, max-image-preview:large, max-video-preview:-1\" \/>\n<link rel=\"canonical\" href=\"https:\/\/www.lesgets.com\/nl\/wat-is-er-te-doen\/zomeractiviteiten\/sporten\/mtb\/mtb-scholen\/\" \/>\n<meta property=\"og:locale\" content=\"nl_NL\" \/>\n<meta property=\"og:type\" content=\"article\" \/>\n<meta property=\"og:title\" content=\"MTB scholen - Alle zomeractiviteiten - Les Gets\" \/>\n<meta property=\"og:description\" content=\"Vind hier alle scholen om u kennis te laten maken met het mountainbiken, om uw vaardigheden te verbeteren of om onder begeleiding het mountainbikegebied te verkennen.\" \/>\n<meta property=\"og:url\" content=\"https:\/\/www.lesgets.com\/nl\/wat-is-er-te-doen\/zomeractiviteiten\/sporten\/mtb\/mtb-scholen\/\" \/>\n<meta property=\"og:site_name\" content=\"Les Gets\" \/>\n<meta property=\"article:modified_time\" content=\"2021-03-19T13:43:19+00:00\" \/>\n<meta property=\"og:image\" content=\"https:\/\/www.lesgets.com\/wp\/..\/app\/uploads\/2020\/05\/VTT_Enfants_Cours2_Les_Gets_Bike_School-1.jpg\" \/>\n\t<meta property=\"og:image:width\" content=\"2500\" \/>\n\t<meta property=\"og:image:height\" content=\"1741\" \/>\n\t<meta property=\"og:image:type\" content=\"image\/jpeg\" \/>\n<meta name=\"twitter:card\" content=\"summary_large_image\" \/>\n<script type=\"application\/ld+json\" class=\"yoast-schema-graph\">{\"@context\":\"https:\\\/\\\/schema.org\",\"@graph\":[{\"@type\":\"WebPage\",\"@id\":\"https:\\\/\\\/www.lesgets.com\\\/nl\\\/wat-is-er-te-doen\\\/zomeractiviteiten\\\/sporten\\\/mtb\\\/mtb-scholen\\\/\",\"url\":\"https:\\\/\\\/www.lesgets.com\\\/nl\\\/wat-is-er-te-doen\\\/zomeractiviteiten\\\/sporten\\\/mtb\\\/mtb-scholen\\\/\",\"name\":\"MTB scholen - Alle zomeractiviteiten - Les Gets\",\"isPartOf\":{\"@id\":\"https:\\\/\\\/www.lesgets.com\\\/en\\\/#website\"},\"primaryImageOfPage\":{\"@id\":\"https:\\\/\\\/www.lesgets.com\\\/nl\\\/wat-is-er-te-doen\\\/zomeractiviteiten\\\/sporten\\\/mtb\\\/mtb-scholen\\\/#primaryimage\"},\"image\":{\"@id\":\"https:\\\/\\\/www.lesgets.com\\\/nl\\\/wat-is-er-te-doen\\\/zomeractiviteiten\\\/sporten\\\/mtb\\\/mtb-scholen\\\/#primaryimage\"},\"thumbnailUrl\":\"https:\\\/\\\/www.lesgets.com\\\/wp\\\/..\\\/app\\\/uploads\\\/2020\\\/05\\\/VTT_Enfants_Cours2_Les_Gets_Bike_School-1.jpg\",\"datePublished\":\"2020-07-27T08:32:00+00:00\",\"dateModified\":\"2021-03-19T13:43:19+00:00\",\"description\":\"Vind hier alle scholen om u kennis te laten maken met het mountainbiken, om uw vaardigheden te verbeteren of om onder begeleiding het mountainbikegebied te verkennen.\",\"breadcrumb\":{\"@id\":\"https:\\\/\\\/www.lesgets.com\\\/nl\\\/wat-is-er-te-doen\\\/zomeractiviteiten\\\/sporten\\\/mtb\\\/mtb-scholen\\\/#breadcrumb\"},\"inLanguage\":\"nl-NL\",\"potentialAction\":[{\"@type\":\"ReadAction\",\"target\":[\"https:\\\/\\\/www.lesgets.com\\\/nl\\\/wat-is-er-te-doen\\\/zomeractiviteiten\\\/sporten\\\/mtb\\\/mtb-scholen\\\/\"]}]},{\"@type\":\"ImageObject\",\"inLanguage\":\"nl-NL\",\"@id\":\"https:\\\/\\\/www.lesgets.com\\\/nl\\\/wat-is-er-te-doen\\\/zomeractiviteiten\\\/sporten\\\/mtb\\\/mtb-scholen\\\/#primaryimage\",\"url\":\"https:\\\/\\\/www.lesgets.com\\\/wp\\\/..\\\/app\\\/uploads\\\/2020\\\/05\\\/VTT_Enfants_Cours2_Les_Gets_Bike_School-1.jpg\",\"contentUrl\":\"https:\\\/\\\/www.lesgets.com\\\/wp\\\/..\\\/app\\\/uploads\\\/2020\\\/05\\\/VTT_Enfants_Cours2_Les_Gets_Bike_School-1.jpg\",\"width\":2500,\"height\":1741,\"caption\":\"Enfants prenant des cours de VTT en \u00e9t\u00e9\"},{\"@type\":\"BreadcrumbList\",\"@id\":\"https:\\\/\\\/www.lesgets.com\\\/nl\\\/wat-is-er-te-doen\\\/zomeractiviteiten\\\/sporten\\\/mtb\\\/mtb-scholen\\\/#breadcrumb\",\"itemListElement\":[{\"@type\":\"ListItem\",\"position\":1,\"name\":\"Accueil\",\"item\":\"https:\\\/\\\/www.lesgets.com\\\/nl\\\/\"},{\"@type\":\"ListItem\",\"position\":2,\"name\":\"Wat is er te doen?\",\"item\":\"https:\\\/\\\/www.lesgets.com\\\/nl\\\/wat-is-er-te-doen\\\/\"},{\"@type\":\"ListItem\",\"position\":3,\"name\":\"Zomeractiviteiten\",\"item\":\"https:\\\/\\\/www.lesgets.com\\\/nl\\\/wat-is-er-te-doen\\\/zomeractiviteiten\\\/\"},{\"@type\":\"ListItem\",\"position\":4,\"name\":\"Sporten\",\"item\":\"https:\\\/\\\/www.lesgets.com\\\/nl\\\/wat-is-er-te-doen\\\/zomeractiviteiten\\\/sporten\\\/\"},{\"@type\":\"ListItem\",\"position\":5,\"name\":\"MTB\",\"item\":\"https:\\\/\\\/www.lesgets.com\\\/nl\\\/wat-is-er-te-doen\\\/zomeractiviteiten\\\/sporten\\\/mtb\\\/\"},{\"@type\":\"ListItem\",\"position\":6,\"name\":\"MTB scholen\"}]},{\"@type\":\"WebSite\",\"@id\":\"https:\\\/\\\/www.lesgets.com\\\/en\\\/#website\",\"url\":\"https:\\\/\\\/www.lesgets.com\\\/en\\\/\",\"name\":\"Les Gets\",\"description\":\"\",\"publisher\":{\"@id\":\"https:\\\/\\\/www.lesgets.com\\\/en\\\/#organization\"},\"potentialAction\":[{\"@type\":\"SearchAction\",\"target\":{\"@type\":\"EntryPoint\",\"urlTemplate\":\"https:\\\/\\\/www.lesgets.com\\\/en\\\/?s={search_term_string}\"},\"query-input\":{\"@type\":\"PropertyValueSpecification\",\"valueRequired\":true,\"valueName\":\"search_term_string\"}}],\"inLanguage\":\"nl-NL\"},{\"@type\":\"Organization\",\"@id\":\"https:\\\/\\\/www.lesgets.com\\\/en\\\/#organization\",\"name\":\"Les Gets\",\"url\":\"https:\\\/\\\/www.lesgets.com\\\/en\\\/\",\"logo\":{\"@type\":\"ImageObject\",\"inLanguage\":\"nl-NL\",\"@id\":\"https:\\\/\\\/www.lesgets.com\\\/en\\\/#\\\/schema\\\/logo\\\/image\\\/\",\"url\":\"https:\\\/\\\/www.lesgets.com\\\/wp\\\/..\\\/app\\\/uploads\\\/2020\\\/06\\\/logo_lesgets.png\",\"contentUrl\":\"https:\\\/\\\/www.lesgets.com\\\/wp\\\/..\\\/app\\\/uploads\\\/2020\\\/06\\\/logo_lesgets.png\",\"width\":136,\"height\":115,\"caption\":\"Les Gets\"},\"image\":{\"@id\":\"https:\\\/\\\/www.lesgets.com\\\/en\\\/#\\\/schema\\\/logo\\\/image\\\/\"}}]}<\/script>\n<!-- \/ Yoast SEO plugin. -->","yoast_head_json":{"title":"MTB scholen - Alle zomeractiviteiten - Les Gets","description":"Vind hier alle scholen om u kennis te laten maken met het mountainbiken, om uw vaardigheden te verbeteren of om onder begeleiding het mountainbikegebied te verkennen.","robots":{"index":"index","follow":"follow","max-snippet":"max-snippet:-1","max-image-preview":"max-image-preview:large","max-video-preview":"max-video-preview:-1"},"canonical":"https:\/\/www.lesgets.com\/nl\/wat-is-er-te-doen\/zomeractiviteiten\/sporten\/mtb\/mtb-scholen\/","og_locale":"nl_NL","og_type":"article","og_title":"MTB scholen - Alle zomeractiviteiten - Les Gets","og_description":"Vind hier alle scholen om u kennis te laten maken met het mountainbiken, om uw vaardigheden te verbeteren of om onder begeleiding het mountainbikegebied te verkennen.","og_url":"https:\/\/www.lesgets.com\/nl\/wat-is-er-te-doen\/zomeractiviteiten\/sporten\/mtb\/mtb-scholen\/","og_site_name":"Les Gets","article_modified_time":"2021-03-19T13:43:19+00:00","og_image":[{"width":2500,"height":1741,"url":"https:\/\/www.lesgets.com\/wp\/..\/app\/uploads\/2020\/05\/VTT_Enfants_Cours2_Les_Gets_Bike_School-1.jpg","type":"image\/jpeg"}],"twitter_card":"summary_large_image","schema":{"@context":"https:\/\/schema.org","@graph":[{"@type":"WebPage","@id":"https:\/\/www.lesgets.com\/nl\/wat-is-er-te-doen\/zomeractiviteiten\/sporten\/mtb\/mtb-scholen\/","url":"https:\/\/www.lesgets.com\/nl\/wat-is-er-te-doen\/zomeractiviteiten\/sporten\/mtb\/mtb-scholen\/","name":"MTB scholen - Alle zomeractiviteiten - Les Gets","isPartOf":{"@id":"https:\/\/www.lesgets.com\/en\/#website"},"primaryImageOfPage":{"@id":"https:\/\/www.lesgets.com\/nl\/wat-is-er-te-doen\/zomeractiviteiten\/sporten\/mtb\/mtb-scholen\/#primaryimage"},"image":{"@id":"https:\/\/www.lesgets.com\/nl\/wat-is-er-te-doen\/zomeractiviteiten\/sporten\/mtb\/mtb-scholen\/#primaryimage"},"thumbnailUrl":"https:\/\/www.lesgets.com\/wp\/..\/app\/uploads\/2020\/05\/VTT_Enfants_Cours2_Les_Gets_Bike_School-1.jpg","datePublished":"2020-07-27T08:32:00+00:00","dateModified":"2021-03-19T13:43:19+00:00","description":"Vind hier alle scholen om u kennis te laten maken met het mountainbiken, om uw vaardigheden te verbeteren of om onder begeleiding het mountainbikegebied te verkennen.","breadcrumb":{"@id":"https:\/\/www.lesgets.com\/nl\/wat-is-er-te-doen\/zomeractiviteiten\/sporten\/mtb\/mtb-scholen\/#breadcrumb"},"inLanguage":"nl-NL","potentialAction":[{"@type":"ReadAction","target":["https:\/\/www.lesgets.com\/nl\/wat-is-er-te-doen\/zomeractiviteiten\/sporten\/mtb\/mtb-scholen\/"]}]},{"@type":"ImageObject","inLanguage":"nl-NL","@id":"https:\/\/www.lesgets.com\/nl\/wat-is-er-te-doen\/zomeractiviteiten\/sporten\/mtb\/mtb-scholen\/#primaryimage","url":"https:\/\/www.lesgets.com\/wp\/..\/app\/uploads\/2020\/05\/VTT_Enfants_Cours2_Les_Gets_Bike_School-1.jpg","contentUrl":"https:\/\/www.lesgets.com\/wp\/..\/app\/uploads\/2020\/05\/VTT_Enfants_Cours2_Les_Gets_Bike_School-1.jpg","width":2500,"height":1741,"caption":"Enfants prenant des cours de VTT en \u00e9t\u00e9"},{"@type":"BreadcrumbList","@id":"https:\/\/www.lesgets.com\/nl\/wat-is-er-te-doen\/zomeractiviteiten\/sporten\/mtb\/mtb-scholen\/#breadcrumb","itemListElement":[{"@type":"ListItem","position":1,"name":"Accueil","item":"https:\/\/www.lesgets.com\/nl\/"},{"@type":"ListItem","position":2,"name":"Wat is er te doen?","item":"https:\/\/www.lesgets.com\/nl\/wat-is-er-te-doen\/"},{"@type":"ListItem","position":3,"name":"Zomeractiviteiten","item":"https:\/\/www.lesgets.com\/nl\/wat-is-er-te-doen\/zomeractiviteiten\/"},{"@type":"ListItem","position":4,"name":"Sporten","item":"https:\/\/www.lesgets.com\/nl\/wat-is-er-te-doen\/zomeractiviteiten\/sporten\/"},{"@type":"ListItem","position":5,"name":"MTB","item":"https:\/\/www.lesgets.com\/nl\/wat-is-er-te-doen\/zomeractiviteiten\/sporten\/mtb\/"},{"@type":"ListItem","position":6,"name":"MTB scholen"}]},{"@type":"WebSite","@id":"https:\/\/www.lesgets.com\/en\/#website","url":"https:\/\/www.lesgets.com\/en\/","name":"Les Gets","description":"","publisher":{"@id":"https:\/\/www.lesgets.com\/en\/#organization"},"potentialAction":[{"@type":"SearchAction","target":{"@type":"EntryPoint","urlTemplate":"https:\/\/www.lesgets.com\/en\/?s={search_term_string}"},"query-input":{"@type":"PropertyValueSpecification","valueRequired":true,"valueName":"search_term_string"}}],"inLanguage":"nl-NL"},{"@type":"Organization","@id":"https:\/\/www.lesgets.com\/en\/#organization","name":"Les Gets","url":"https:\/\/www.lesgets.com\/en\/","logo":{"@type":"ImageObject","inLanguage":"nl-NL","@id":"https:\/\/www.lesgets.com\/en\/#\/schema\/logo\/image\/","url":"https:\/\/www.lesgets.com\/wp\/..\/app\/uploads\/2020\/06\/logo_lesgets.png","contentUrl":"https:\/\/www.lesgets.com\/wp\/..\/app\/uploads\/2020\/06\/logo_lesgets.png","width":136,"height":115,"caption":"Les Gets"},"image":{"@id":"https:\/\/www.lesgets.com\/en\/#\/schema\/logo\/image\/"}}]}},"featured_image_src":"https:\/\/www.lesgets.com\/wp\/..\/app\/uploads\/2020\/05\/VTT_Enfants_Cours2_Les_Gets_Bike_School-1-600x400.jpg","featured_image_src_square":"https:\/\/www.lesgets.com\/wp\/..\/app\/uploads\/2020\/05\/VTT_Enfants_Cours2_Les_Gets_Bike_School-1-600x600.jpg","_links":{"self":[{"href":"https:\/\/www.lesgets.com\/nl\/wp-json\/wp\/v2\/pages\/15537","targetHints":{"allow":["GET"]}}],"collection":[{"href":"https:\/\/www.lesgets.com\/nl\/wp-json\/wp\/v2\/pages"}],"about":[{"href":"https:\/\/www.lesgets.com\/nl\/wp-json\/wp\/v2\/types\/page"}],"author":[{"embeddable":true,"href":"https:\/\/www.lesgets.com\/nl\/wp-json\/wp\/v2\/users\/4"}],"replies":[{"embeddable":true,"href":"https:\/\/www.lesgets.com\/nl\/wp-json\/wp\/v2\/comments?post=15537"}],"version-history":[{"count":5,"href":"https:\/\/www.lesgets.com\/nl\/wp-json\/wp\/v2\/pages\/15537\/revisions"}],"predecessor-version":[{"id":27067,"href":"https:\/\/www.lesgets.com\/nl\/wp-json\/wp\/v2\/pages\/15537\/revisions\/27067"}],"up":[{"embeddable":true,"href":"https:\/\/www.lesgets.com\/nl\/wp-json\/wp\/v2\/pages\/15889"}],"wp:featuredmedia":[{"embeddable":true,"href":"https:\/\/www.lesgets.com\/nl\/wp-json\/wp\/v2\/media\/9543"}],"wp:attachment":[{"href":"https:\/\/www.lesgets.com\/nl\/wp-json\/wp\/v2\/media?parent=15537"}],"curies":[{"name":"wp","href":"https:\/\/api.w.org\/{rel}","templated":true}]}}