{"id":15547,"date":"2020-07-27T10:38:10","date_gmt":"2020-07-27T08:38:10","guid":{"rendered":"https:\/\/www.lesgets.com\/list-of-summer-marked-footpaths\/"},"modified":"2021-03-19T14:47:44","modified_gmt":"2021-03-19T13:47:44","slug":"zomerwandelpaden-lijst","status":"publish","type":"page","link":"https:\/\/www.lesgets.com\/nl\/wat-is-er-te-doen\/zomeractiviteiten\/sporten\/wandeling\/zomerwandelpaden-lijst\/","title":{"rendered":"Lijst met zomerwandelroutes"},"content":{"rendered":"<div class=\"block block-lba-apidae-selection\"><!--BEGIN FILTER -->\r\n<!--BEGIN FILTER -->\r\n\r\n<!--BEGIN ITEMS APIDAE -->\r\n  <div class=\"selection-mode-default\">\r\n          <div class=\"card 0-3places 0-3pieces\">\r\n        <div class=\"row\">\r\n          <div class=\"col-md-3\">\r\n            <img decoding=\"async\" src=\"https:\/\/static.apidae-tourisme.com\/filestore\/objets-touristiques\/images\/228\/86\/24073956-fiche.jpg\" class=\"w-100\"\r\n                 alt=\"Image Nauchets \u00e9t\u00e9\">\r\n          <\/div>\r\n          <div class=\"col-md-7\">\r\n            <div class=\"card-block px-1\">\r\n              <h2 class=\"card-title\">\r\n                                    <a href=\"https:\/\/www.lesgets.com\/nl\/details\/belvedere-des-nauchets-131103-Nl\/\">Belv\u00e9d\u00e8re des Nauchets<\/a>\r\n                              <\/h2>\r\n              <p class=\"classement\"><\/p>\r\n              <p class=\"card-text\">Sentier facile, adapt\u00e9 pour les familles accompagn\u00e9s d&#8217;enfants en bas \u00e2ges, id\u00e9al pour un go\u00fbter.<\/p>\r\n            <\/div>\r\n          <\/div>\r\n          <div class=\"col-md-2\">\r\n                            <a href=\"https:\/\/www.lesgets.com\/nl\/details\/belvedere-des-nauchets-131103-Nl\/\" class=\"btn\">Meer zien<\/a>\r\n                      <\/div>\r\n        <\/div>\r\n      <\/div>\r\n          <div class=\"card 0-3places 0-3pieces\">\r\n        <div class=\"row\">\r\n          <div class=\"col-md-3\">\r\n            <img decoding=\"async\" src=\"https:\/\/static.apidae-tourisme.com\/filestore\/objets-touristiques\/images\/61\/188\/29604925-fiche.jpg\" class=\"w-100\"\r\n                 alt=\"Image mt caly 3\">\r\n          <\/div>\r\n          <div class=\"col-md-7\">\r\n            <div class=\"card-block px-1\">\r\n              <h2 class=\"card-title\">\r\n                                    <a href=\"https:\/\/www.lesgets.com\/nl\/details\/boucle-pedestre-mont-chery-par-col-de-lachat-depuis-mont-caly-7261018-Nl\/\">Boucle p\u00e9destre &#8211; Mont Ch\u00e9ry par Col de Lachat depuis Mont Caly<\/a>\r\n                              <\/h2>\r\n              <p class=\"classement\"><\/p>\r\n              <p class=\"card-text\">Offrez-vous un moment en nature sur les sentiers bucoliques du Mont Ch\u00e9ry et profitez d&#8217;une vue \u00e9poustouflante sur le Massif du Mont Blanc et les montagnes environnantes (Aravis, Montagnes du Giffre). Un itin\u00e9raire sans difficult\u00e9 majeure.<\/p>\r\n            <\/div>\r\n          <\/div>\r\n          <div class=\"col-md-2\">\r\n                            <a href=\"https:\/\/www.lesgets.com\/nl\/details\/boucle-pedestre-mont-chery-par-col-de-lachat-depuis-mont-caly-7261018-Nl\/\" class=\"btn\">Meer zien<\/a>\r\n                      <\/div>\r\n        <\/div>\r\n      <\/div>\r\n          <div class=\"card 0-3places 0-3pieces\">\r\n        <div class=\"row\">\r\n          <div class=\"col-md-3\">\r\n            <img decoding=\"async\" src=\"https:\/\/static.apidae-tourisme.com\/filestore\/objets-touristiques\/images\/115\/74\/805491-fiche.jpg\" class=\"w-100\"\r\n                 alt=\"Image boucles des clarines \">\r\n          <\/div>\r\n          <div class=\"col-md-7\">\r\n            <div class=\"card-block px-1\">\r\n              <h2 class=\"card-title\">\r\n                                    <a href=\"https:\/\/www.lesgets.com\/nl\/details\/la-boucle-des-clarines-131110-Nl\/\">La Boucle des Clarines<\/a>\r\n                              <\/h2>\r\n              <p class=\"classement\"><\/p>\r\n              <p class=\"card-text\">Prachtig panorama uitzicht op de Mont Blanc.\r\nGeschikt voor jong en oud, deze wandeling is toegangkelijk met wandelwagens die voorzien zijn met wielen geschikt voor \u201call terrain\u201c.<\/p>\r\n            <\/div>\r\n          <\/div>\r\n          <div class=\"col-md-2\">\r\n                            <a href=\"https:\/\/www.lesgets.com\/nl\/details\/la-boucle-des-clarines-131110-Nl\/\" class=\"btn\">Meer zien<\/a>\r\n                      <\/div>\r\n        <\/div>\r\n      <\/div>\r\n          <div class=\"card 0-3places 0-3pieces\">\r\n        <div class=\"row\">\r\n          <div class=\"col-md-3\">\r\n            <img decoding=\"async\" src=\"https:\/\/static.apidae-tourisme.com\/filestore\/objets-touristiques\/images\/45\/208\/22859821-fiche.jpg\" class=\"w-100\"\r\n                 alt=\"Image 2018_07_20_Chapelle_Jacquicourt_Lesgets_Valentinducrettet\">\r\n          <\/div>\r\n          <div class=\"col-md-7\">\r\n            <div class=\"card-block px-1\">\r\n              <h2 class=\"card-title\">\r\n                                    <a href=\"https:\/\/www.lesgets.com\/nl\/details\/la-chapelle-de-jacquicourt-6928762-Nl\/\">La chapelle de Jacquicourt<\/a>\r\n                              <\/h2>\r\n              <p class=\"classement\"><\/p>\r\n              <p class=\"card-text\">Admirez la chapelle de Jacquicourt, construite en 1679 et reconstruite de 1986 \u00e0 1989, marquant la fin de si\u00e8cles de conflits entre Taninges, Verchaix et Les Gets.<\/p>\r\n            <\/div>\r\n          <\/div>\r\n          <div class=\"col-md-2\">\r\n                            <a href=\"https:\/\/www.lesgets.com\/nl\/details\/la-chapelle-de-jacquicourt-6928762-Nl\/\" class=\"btn\">Meer zien<\/a>\r\n                      <\/div>\r\n        <\/div>\r\n      <\/div>\r\n          <div class=\"card 0-3places 0-3pieces\">\r\n        <div class=\"row\">\r\n          <div class=\"col-md-3\">\r\n            <img decoding=\"async\" src=\"https:\/\/static.apidae-tourisme.com\/filestore\/objets-touristiques\/images\/136\/189\/310664-fiche.jpg\" class=\"w-100\"\r\n                 alt=\"Image sitraLOI595009_273895_circuits-chevres-2\">\r\n          <\/div>\r\n          <div class=\"col-md-7\">\r\n            <div class=\"card-block px-1\">\r\n              <h2 class=\"card-title\">\r\n                                    <a href=\"https:\/\/www.lesgets.com\/nl\/details\/le-circuit-des-chevres-131134-Nl\/\">Le Circuit des ch\u00e8vres<\/a>\r\n                              <\/h2>\r\n              <p class=\"classement\"><\/p>\r\n              <p class=\"card-text\">Een gemakkelijke familiewandeling waarbij je een vrijlopende kudde schapen kunt ontmoeten in de buurt van de pottenbakkerij en schaapskooi van Lassare.<\/p>\r\n            <\/div>\r\n          <\/div>\r\n          <div class=\"col-md-2\">\r\n                            <a href=\"https:\/\/www.lesgets.com\/nl\/details\/le-circuit-des-chevres-131134-Nl\/\" class=\"btn\">Meer zien<\/a>\r\n                      <\/div>\r\n        <\/div>\r\n      <\/div>\r\n          <div class=\"card 0-3places 0-3pieces\">\r\n        <div class=\"row\">\r\n          <div class=\"col-md-3\">\r\n            <img decoding=\"async\" src=\"https:\/\/static.apidae-tourisme.com\/filestore\/objets-touristiques\/images-principales\/203\/189\/310731-fiche.jpg\" class=\"w-100\"\r\n                 alt=\"Image sitraLOI595003_273916_tour-chavannes\">\r\n          <\/div>\r\n          <div class=\"col-md-7\">\r\n            <div class=\"card-block px-1\">\r\n              <h2 class=\"card-title\">\r\n                                    <a href=\"https:\/\/www.lesgets.com\/nl\/details\/le-grand-tour-des-chavannes-131137-Nl\/\">Le Grand Tour des Chavannes<\/a>\r\n                              <\/h2>\r\n              <p class=\"classement\"><\/p>\r\n              <p class=\"card-text\">Een perfecte route voor een picknick en wat te drinken. Dit is een mooi\u00eb route voor goede wandelaars en nieuwsgierige mensen om het hele gebied van de Chavannes te leren kennen.\r\nMet uitzichten op de Mont Blanc, de Morzine-vallei en de mooiste bergtoppen van de Chablais.<\/p>\r\n            <\/div>\r\n          <\/div>\r\n          <div class=\"col-md-2\">\r\n                            <a href=\"https:\/\/www.lesgets.com\/nl\/details\/le-grand-tour-des-chavannes-131137-Nl\/\" class=\"btn\">Meer zien<\/a>\r\n                      <\/div>\r\n        <\/div>\r\n      <\/div>\r\n          <div class=\"card 0-3places 0-3pieces\">\r\n        <div class=\"row\">\r\n          <div class=\"col-md-3\">\r\n            <img decoding=\"async\" src=\"https:\/\/static.apidae-tourisme.com\/filestore\/objets-touristiques\/images-principales\/124\/191\/311164-fiche.jpg\" class=\"w-100\"\r\n                 alt=\"Image sitraLOI595005_274236_variante-chery\">\r\n          <\/div>\r\n          <div class=\"col-md-7\">\r\n            <div class=\"card-block px-1\">\r\n              <h2 class=\"card-title\">\r\n                                    <a href=\"https:\/\/www.lesgets.com\/nl\/details\/de-grand-tour-van-mont-chery-en-variant-131131-Nl\/\">De Grand Tour van Mont Ch\u00e9ry en variant<\/a>\r\n                              <\/h2>\r\n              <p class=\"classement\"><\/p>\r\n              <p class=\"card-text\">Deze route gaat door het hele gebied van Mont Ch\u00e9ry.  De variant van de Grand Tour du Mont-Ch\u00e9ry brengt je naar de Col de Lachat, waar het panorama op de Mont Blanc-keten en de Voor-Alpen prachtig is.<\/p>\r\n            <\/div>\r\n          <\/div>\r\n          <div class=\"col-md-2\">\r\n                            <a href=\"https:\/\/www.lesgets.com\/nl\/details\/de-grand-tour-van-mont-chery-en-variant-131131-Nl\/\" class=\"btn\">Meer zien<\/a>\r\n                      <\/div>\r\n        <\/div>\r\n      <\/div>\r\n          <div class=\"card 0-3places 0-3pieces\">\r\n        <div class=\"row\">\r\n          <div class=\"col-md-3\">\r\n            <img decoding=\"async\" src=\"https:\/\/www.lesgets.com\/app\/plugins\/lba_apidae\/assets\/img\/default.png\" class=\"w-100\"\r\n                 alt=\"Image \">\r\n          <\/div>\r\n          <div class=\"col-md-7\">\r\n            <div class=\"card-block px-1\">\r\n              <h2 class=\"card-title\">\r\n                                    <a href=\"https:\/\/www.lesgets.com\/nl\/details\/le-sentier-des-myrtilles-6367853-Nl\/\">Le sentier des Myrtilles<\/a>\r\n                              <\/h2>\r\n              <p class=\"classement\"><\/p>\r\n              <p class=\"card-text\">Een gemakkelijke route die geschikt is voor gezinnen met kleine kinderen.<\/p>\r\n            <\/div>\r\n          <\/div>\r\n          <div class=\"col-md-2\">\r\n                            <a href=\"https:\/\/www.lesgets.com\/nl\/details\/le-sentier-des-myrtilles-6367853-Nl\/\" class=\"btn\">Meer zien<\/a>\r\n                      <\/div>\r\n        <\/div>\r\n      <\/div>\r\n          <div class=\"card 0-3places 0-3pieces\">\r\n        <div class=\"row\">\r\n          <div class=\"col-md-3\">\r\n            <img decoding=\"async\" src=\"https:\/\/static.apidae-tourisme.com\/filestore\/objets-touristiques\/images-principales\/144\/191\/311184-fiche.jpg\" class=\"w-100\"\r\n                 alt=\"Image sitraLOI595010_274238_sentiers-des-tetrards\">\r\n          <\/div>\r\n          <div class=\"col-md-7\">\r\n            <div class=\"card-block px-1\">\r\n              <h2 class=\"card-title\">\r\n                                    <a href=\"https:\/\/www.lesgets.com\/nl\/details\/le-sentier-des-tetards-131127-Nl\/\">Le Sentier des T\u00e9tards<\/a>\r\n                              <\/h2>\r\n              <p class=\"classement\"><\/p>\r\n              <p class=\"card-text\">Een gemakkelijke rit geschikt voor kinderen, leuk voor een picknick bij het meer.<\/p>\r\n            <\/div>\r\n          <\/div>\r\n          <div class=\"col-md-2\">\r\n                            <a href=\"https:\/\/www.lesgets.com\/nl\/details\/le-sentier-des-tetards-131127-Nl\/\" class=\"btn\">Meer zien<\/a>\r\n                      <\/div>\r\n        <\/div>\r\n      <\/div>\r\n          <div class=\"card 0-3places 0-3pieces\">\r\n        <div class=\"row\">\r\n          <div class=\"col-md-3\">\r\n            <img decoding=\"async\" src=\"https:\/\/static.apidae-tourisme.com\/filestore\/objets-touristiques\/images\/134\/71\/804742-fiche.jpg\" class=\"w-100\"\r\n                 alt=\"Image mauve1\">\r\n          <\/div>\r\n          <div class=\"col-md-7\">\r\n            <div class=\"card-block px-1\">\r\n              <h2 class=\"card-title\">\r\n                                    <a href=\"https:\/\/www.lesgets.com\/nl\/details\/het-paarse-pad-4645709-Nl\/\">Het paarse pad<\/a>\r\n                              <\/h2>\r\n              <p class=\"classement\"><\/p>\r\n              <p class=\"card-text\">Een korte, leuke wandeling om je kennis te laten maken met de alpine omgeving en je de bergen te laten ontdekken.<\/p>\r\n            <\/div>\r\n          <\/div>\r\n          <div class=\"col-md-2\">\r\n                            <a href=\"https:\/\/www.lesgets.com\/nl\/details\/het-paarse-pad-4645709-Nl\/\" class=\"btn\">Meer zien<\/a>\r\n                      <\/div>\r\n        <\/div>\r\n      <\/div>\r\n      <\/div>\r\n<!--END ITEMS APIDAE -->\r\n\r\n<!--BEGIN PAGINATOR -->\r\n  \r\n<nav>\r\n    <ul class=\"pagination text-center\">\r\n        <li class=\"page-item disabled\">\r\n            <a class=\"page-link\" href=\"https:\/\/www.lesgets.com\/nl\/wp-json\/wp\/v2\/pages\/15547\/\" tabindex=\"-1\">Pr\u00e9c\u00e9dent<\/a>\r\n        <\/li>\r\n                                    <li class=\"page-item active\">\r\n                    <a class=\"page-link\" href=\"https:\/\/www.lesgets.com\/nl\/wp-json\/wp\/v2\/pages\/15547\/\">1                        <span class=\"sr-only\">(current)<\/span>\r\n                    <\/a>\r\n                <\/li>\r\n                                                <li class=\"page-item\">\r\n                    <a class=\"page-link\" href=\"https:\/\/www.lesgets.com\/nl\/wp-json\/wp\/v2\/pages\/15547\/?paged=2\">2<\/a>\r\n                <\/li>\r\n                    \r\n        <li class=\"page-item \">\r\n            <a class=\"page-link\" href=\"https:\/\/www.lesgets.com\/nl\/wp-json\/wp\/v2\/pages\/15547\/?paged=2\">Suivant<\/a>\r\n        <\/li>\r\n\r\n    <\/ul>\r\n<\/nav><!--BEGIN PAGINATOR --><\/div>","protected":false},"excerpt":{"rendered":"<p>U vindt hier de lijst met gemarkeerde wandelpaden en diverse wandelroutes om van te genieten!<\/p>\n","protected":false},"author":4,"featured_media":53255,"parent":16666,"menu_order":0,"comment_status":"closed","ping_status":"closed","template":"","meta":{"_acf_changed":false,"footnotes":""},"class_list":["post-15547","page","type-page","status-publish","has-post-thumbnail","hentry"],"acf":[],"yoast_head":"<!-- This site is optimized with the Yoast SEO plugin v27.2 - https:\/\/yoast.com\/product\/yoast-seo-wordpress\/ -->\n<title>Lijst met zomerwandelroutes - Wandelen - Alle zomeractiviteiten in les Gets<\/title>\n<meta name=\"description\" content=\"U vindt hier de lijst met gemarkeerde wandelpaden en diverse wandelroutes om van te genieten!\" \/>\n<meta name=\"robots\" content=\"index, follow, max-snippet:-1, max-image-preview:large, max-video-preview:-1\" \/>\n<link rel=\"canonical\" href=\"https:\/\/www.lesgets.com\/nl\/wat-is-er-te-doen\/zomeractiviteiten\/sporten\/wandeling\/zomerwandelpaden-lijst\/\" \/>\n<meta property=\"og:locale\" content=\"nl_NL\" \/>\n<meta property=\"og:type\" content=\"article\" \/>\n<meta property=\"og:title\" content=\"Lijst met zomerwandelroutes - Wandelen - Alle zomeractiviteiten in les Gets\" \/>\n<meta property=\"og:description\" content=\"U vindt hier de lijst met gemarkeerde wandelpaden en diverse wandelroutes om van te genieten!\" \/>\n<meta property=\"og:url\" content=\"https:\/\/www.lesgets.com\/nl\/wat-is-er-te-doen\/zomeractiviteiten\/sporten\/wandeling\/zomerwandelpaden-lijst\/\" \/>\n<meta property=\"og:site_name\" content=\"Les Gets\" \/>\n<meta property=\"article:modified_time\" content=\"2021-03-19T13:47:44+00:00\" \/>\n<meta property=\"og:image\" content=\"https:\/\/www.lesgets.com\/..\/app\/uploads\/2020\/05\/LesGets_2017_Rando_Gio_Fleming_05.jpg\" \/>\n\t<meta property=\"og:image:width\" content=\"640\" \/>\n\t<meta property=\"og:image:height\" content=\"427\" \/>\n\t<meta property=\"og:image:type\" content=\"image\/jpeg\" \/>\n<meta name=\"twitter:card\" content=\"summary_large_image\" \/>\n<script type=\"application\/ld+json\" class=\"yoast-schema-graph\">{\"@context\":\"https:\/\/schema.org\",\"@graph\":[{\"@type\":\"WebPage\",\"@id\":\"https:\/\/www.lesgets.com\/nl\/wat-is-er-te-doen\/zomeractiviteiten\/sporten\/wandeling\/zomerwandelpaden-lijst\/\",\"url\":\"https:\/\/www.lesgets.com\/nl\/wat-is-er-te-doen\/zomeractiviteiten\/sporten\/wandeling\/zomerwandelpaden-lijst\/\",\"name\":\"Lijst met zomerwandelroutes - Wandelen - Alle zomeractiviteiten in les Gets\",\"isPartOf\":{\"@id\":\"https:\/\/www.lesgets.com\/en\/#website\"},\"primaryImageOfPage\":{\"@id\":\"https:\/\/www.lesgets.com\/nl\/wat-is-er-te-doen\/zomeractiviteiten\/sporten\/wandeling\/zomerwandelpaden-lijst\/#primaryimage\"},\"image\":{\"@id\":\"https:\/\/www.lesgets.com\/nl\/wat-is-er-te-doen\/zomeractiviteiten\/sporten\/wandeling\/zomerwandelpaden-lijst\/#primaryimage\"},\"thumbnailUrl\":\"https:\/\/www.lesgets.com\/wp\/..\/app\/uploads\/2025\/02\/2023_08_21_rando_jacquicourt_loex_cpTimArnold_LD-04.jpg\",\"datePublished\":\"2020-07-27T08:38:10+00:00\",\"dateModified\":\"2021-03-19T13:47:44+00:00\",\"description\":\"U vindt hier de lijst met gemarkeerde wandelpaden en diverse wandelroutes om van te genieten!\",\"breadcrumb\":{\"@id\":\"https:\/\/www.lesgets.com\/nl\/wat-is-er-te-doen\/zomeractiviteiten\/sporten\/wandeling\/zomerwandelpaden-lijst\/#breadcrumb\"},\"inLanguage\":\"nl-NL\",\"potentialAction\":[{\"@type\":\"ReadAction\",\"target\":[\"https:\/\/www.lesgets.com\/nl\/wat-is-er-te-doen\/zomeractiviteiten\/sporten\/wandeling\/zomerwandelpaden-lijst\/\"]}]},{\"@type\":\"ImageObject\",\"inLanguage\":\"nl-NL\",\"@id\":\"https:\/\/www.lesgets.com\/nl\/wat-is-er-te-doen\/zomeractiviteiten\/sporten\/wandeling\/zomerwandelpaden-lijst\/#primaryimage\",\"url\":\"https:\/\/www.lesgets.com\/wp\/..\/app\/uploads\/2025\/02\/2023_08_21_rando_jacquicourt_loex_cpTimArnold_LD-04.jpg\",\"contentUrl\":\"https:\/\/www.lesgets.com\/wp\/..\/app\/uploads\/2025\/02\/2023_08_21_rando_jacquicourt_loex_cpTimArnold_LD-04.jpg\",\"width\":1920,\"height\":1280},{\"@type\":\"BreadcrumbList\",\"@id\":\"https:\/\/www.lesgets.com\/nl\/wat-is-er-te-doen\/zomeractiviteiten\/sporten\/wandeling\/zomerwandelpaden-lijst\/#breadcrumb\",\"itemListElement\":[{\"@type\":\"ListItem\",\"position\":1,\"name\":\"Accueil\",\"item\":\"https:\/\/www.lesgets.com\/nl\/\"},{\"@type\":\"ListItem\",\"position\":2,\"name\":\"Wat is er te doen?\",\"item\":\"https:\/\/www.lesgets.com\/nl\/wat-is-er-te-doen\/\"},{\"@type\":\"ListItem\",\"position\":3,\"name\":\"Zomeractiviteiten\",\"item\":\"https:\/\/www.lesgets.com\/nl\/wat-is-er-te-doen\/zomeractiviteiten\/\"},{\"@type\":\"ListItem\",\"position\":4,\"name\":\"Sporten\",\"item\":\"https:\/\/www.lesgets.com\/nl\/wat-is-er-te-doen\/zomeractiviteiten\/sporten\/\"},{\"@type\":\"ListItem\",\"position\":5,\"name\":\"Wandelen\",\"item\":\"https:\/\/www.lesgets.com\/nl\/wat-is-er-te-doen\/zomeractiviteiten\/sporten\/wandeling\/\"},{\"@type\":\"ListItem\",\"position\":6,\"name\":\"Lijst met zomerwandelroutes\"}]},{\"@type\":\"WebSite\",\"@id\":\"https:\/\/www.lesgets.com\/en\/#website\",\"url\":\"https:\/\/www.lesgets.com\/en\/\",\"name\":\"Les Gets\",\"description\":\"\",\"publisher\":{\"@id\":\"https:\/\/www.lesgets.com\/en\/#organization\"},\"potentialAction\":[{\"@type\":\"SearchAction\",\"target\":{\"@type\":\"EntryPoint\",\"urlTemplate\":\"https:\/\/www.lesgets.com\/en\/?s={search_term_string}\"},\"query-input\":{\"@type\":\"PropertyValueSpecification\",\"valueRequired\":true,\"valueName\":\"search_term_string\"}}],\"inLanguage\":\"nl-NL\"},{\"@type\":\"Organization\",\"@id\":\"https:\/\/www.lesgets.com\/en\/#organization\",\"name\":\"Les Gets\",\"url\":\"https:\/\/www.lesgets.com\/en\/\",\"logo\":{\"@type\":\"ImageObject\",\"inLanguage\":\"nl-NL\",\"@id\":\"https:\/\/www.lesgets.com\/en\/#\/schema\/logo\/image\/\",\"url\":\"https:\/\/www.lesgets.com\/wp\/..\/app\/uploads\/2020\/06\/logo_lesgets.png\",\"contentUrl\":\"https:\/\/www.lesgets.com\/wp\/..\/app\/uploads\/2020\/06\/logo_lesgets.png\",\"width\":136,\"height\":115,\"caption\":\"Les Gets\"},\"image\":{\"@id\":\"https:\/\/www.lesgets.com\/en\/#\/schema\/logo\/image\/\"}}]}<\/script>\n<!-- \/ Yoast SEO plugin. -->","yoast_head_json":{"title":"Lijst met zomerwandelroutes - Wandelen - Alle zomeractiviteiten in les Gets","description":"U vindt hier de lijst met gemarkeerde wandelpaden en diverse wandelroutes om van te genieten!","robots":{"index":"index","follow":"follow","max-snippet":"max-snippet:-1","max-image-preview":"max-image-preview:large","max-video-preview":"max-video-preview:-1"},"canonical":"https:\/\/www.lesgets.com\/nl\/wat-is-er-te-doen\/zomeractiviteiten\/sporten\/wandeling\/zomerwandelpaden-lijst\/","og_locale":"nl_NL","og_type":"article","og_title":"Lijst met zomerwandelroutes - Wandelen - Alle zomeractiviteiten in les Gets","og_description":"U vindt hier de lijst met gemarkeerde wandelpaden en diverse wandelroutes om van te genieten!","og_url":"https:\/\/www.lesgets.com\/nl\/wat-is-er-te-doen\/zomeractiviteiten\/sporten\/wandeling\/zomerwandelpaden-lijst\/","og_site_name":"Les Gets","article_modified_time":"2021-03-19T13:47:44+00:00","og_image":[{"url":"https:\/\/www.lesgets.com\/..\/app\/uploads\/2020\/05\/LesGets_2017_Rando_Gio_Fleming_05.jpg","width":640,"height":427,"type":"image\/jpeg"}],"twitter_card":"summary_large_image","schema":{"@context":"https:\/\/schema.org","@graph":[{"@type":"WebPage","@id":"https:\/\/www.lesgets.com\/nl\/wat-is-er-te-doen\/zomeractiviteiten\/sporten\/wandeling\/zomerwandelpaden-lijst\/","url":"https:\/\/www.lesgets.com\/nl\/wat-is-er-te-doen\/zomeractiviteiten\/sporten\/wandeling\/zomerwandelpaden-lijst\/","name":"Lijst met zomerwandelroutes - Wandelen - Alle zomeractiviteiten in les Gets","isPartOf":{"@id":"https:\/\/www.lesgets.com\/en\/#website"},"primaryImageOfPage":{"@id":"https:\/\/www.lesgets.com\/nl\/wat-is-er-te-doen\/zomeractiviteiten\/sporten\/wandeling\/zomerwandelpaden-lijst\/#primaryimage"},"image":{"@id":"https:\/\/www.lesgets.com\/nl\/wat-is-er-te-doen\/zomeractiviteiten\/sporten\/wandeling\/zomerwandelpaden-lijst\/#primaryimage"},"thumbnailUrl":"https:\/\/www.lesgets.com\/wp\/..\/app\/uploads\/2025\/02\/2023_08_21_rando_jacquicourt_loex_cpTimArnold_LD-04.jpg","datePublished":"2020-07-27T08:38:10+00:00","dateModified":"2021-03-19T13:47:44+00:00","description":"U vindt hier de lijst met gemarkeerde wandelpaden en diverse wandelroutes om van te genieten!","breadcrumb":{"@id":"https:\/\/www.lesgets.com\/nl\/wat-is-er-te-doen\/zomeractiviteiten\/sporten\/wandeling\/zomerwandelpaden-lijst\/#breadcrumb"},"inLanguage":"nl-NL","potentialAction":[{"@type":"ReadAction","target":["https:\/\/www.lesgets.com\/nl\/wat-is-er-te-doen\/zomeractiviteiten\/sporten\/wandeling\/zomerwandelpaden-lijst\/"]}]},{"@type":"ImageObject","inLanguage":"nl-NL","@id":"https:\/\/www.lesgets.com\/nl\/wat-is-er-te-doen\/zomeractiviteiten\/sporten\/wandeling\/zomerwandelpaden-lijst\/#primaryimage","url":"https:\/\/www.lesgets.com\/wp\/..\/app\/uploads\/2025\/02\/2023_08_21_rando_jacquicourt_loex_cpTimArnold_LD-04.jpg","contentUrl":"https:\/\/www.lesgets.com\/wp\/..\/app\/uploads\/2025\/02\/2023_08_21_rando_jacquicourt_loex_cpTimArnold_LD-04.jpg","width":1920,"height":1280},{"@type":"BreadcrumbList","@id":"https:\/\/www.lesgets.com\/nl\/wat-is-er-te-doen\/zomeractiviteiten\/sporten\/wandeling\/zomerwandelpaden-lijst\/#breadcrumb","itemListElement":[{"@type":"ListItem","position":1,"name":"Accueil","item":"https:\/\/www.lesgets.com\/nl\/"},{"@type":"ListItem","position":2,"name":"Wat is er te doen?","item":"https:\/\/www.lesgets.com\/nl\/wat-is-er-te-doen\/"},{"@type":"ListItem","position":3,"name":"Zomeractiviteiten","item":"https:\/\/www.lesgets.com\/nl\/wat-is-er-te-doen\/zomeractiviteiten\/"},{"@type":"ListItem","position":4,"name":"Sporten","item":"https:\/\/www.lesgets.com\/nl\/wat-is-er-te-doen\/zomeractiviteiten\/sporten\/"},{"@type":"ListItem","position":5,"name":"Wandelen","item":"https:\/\/www.lesgets.com\/nl\/wat-is-er-te-doen\/zomeractiviteiten\/sporten\/wandeling\/"},{"@type":"ListItem","position":6,"name":"Lijst met zomerwandelroutes"}]},{"@type":"WebSite","@id":"https:\/\/www.lesgets.com\/en\/#website","url":"https:\/\/www.lesgets.com\/en\/","name":"Les Gets","description":"","publisher":{"@id":"https:\/\/www.lesgets.com\/en\/#organization"},"potentialAction":[{"@type":"SearchAction","target":{"@type":"EntryPoint","urlTemplate":"https:\/\/www.lesgets.com\/en\/?s={search_term_string}"},"query-input":{"@type":"PropertyValueSpecification","valueRequired":true,"valueName":"search_term_string"}}],"inLanguage":"nl-NL"},{"@type":"Organization","@id":"https:\/\/www.lesgets.com\/en\/#organization","name":"Les Gets","url":"https:\/\/www.lesgets.com\/en\/","logo":{"@type":"ImageObject","inLanguage":"nl-NL","@id":"https:\/\/www.lesgets.com\/en\/#\/schema\/logo\/image\/","url":"https:\/\/www.lesgets.com\/wp\/..\/app\/uploads\/2020\/06\/logo_lesgets.png","contentUrl":"https:\/\/www.lesgets.com\/wp\/..\/app\/uploads\/2020\/06\/logo_lesgets.png","width":136,"height":115,"caption":"Les Gets"},"image":{"@id":"https:\/\/www.lesgets.com\/en\/#\/schema\/logo\/image\/"}}]}},"featured_image_src":"https:\/\/www.lesgets.com\/wp\/..\/app\/uploads\/2025\/02\/2023_08_21_rando_jacquicourt_loex_cpTimArnold_LD-04-600x400.jpg","featured_image_src_square":"https:\/\/www.lesgets.com\/wp\/..\/app\/uploads\/2025\/02\/2023_08_21_rando_jacquicourt_loex_cpTimArnold_LD-04-600x600.jpg","_links":{"self":[{"href":"https:\/\/www.lesgets.com\/nl\/wp-json\/wp\/v2\/pages\/15547","targetHints":{"allow":["GET"]}}],"collection":[{"href":"https:\/\/www.lesgets.com\/nl\/wp-json\/wp\/v2\/pages"}],"about":[{"href":"https:\/\/www.lesgets.com\/nl\/wp-json\/wp\/v2\/types\/page"}],"author":[{"embeddable":true,"href":"https:\/\/www.lesgets.com\/nl\/wp-json\/wp\/v2\/users\/4"}],"replies":[{"embeddable":true,"href":"https:\/\/www.lesgets.com\/nl\/wp-json\/wp\/v2\/comments?post=15547"}],"version-history":[{"count":5,"href":"https:\/\/www.lesgets.com\/nl\/wp-json\/wp\/v2\/pages\/15547\/revisions"}],"predecessor-version":[{"id":27075,"href":"https:\/\/www.lesgets.com\/nl\/wp-json\/wp\/v2\/pages\/15547\/revisions\/27075"}],"up":[{"embeddable":true,"href":"https:\/\/www.lesgets.com\/nl\/wp-json\/wp\/v2\/pages\/16666"}],"wp:featuredmedia":[{"embeddable":true,"href":"https:\/\/www.lesgets.com\/nl\/wp-json\/wp\/v2\/media\/53255"}],"wp:attachment":[{"href":"https:\/\/www.lesgets.com\/nl\/wp-json\/wp\/v2\/media?parent=15547"}],"curies":[{"name":"wp","href":"https:\/\/api.w.org\/{rel}","templated":true}]}}