{"id":15550,"date":"2020-07-27T10:46:30","date_gmt":"2020-07-27T08:46:30","guid":{"rendered":"https:\/\/www.lesgets.com\/mountain-guides-summer\/"},"modified":"2021-03-19T14:46:23","modified_gmt":"2021-03-19T13:46:23","slug":"zomer-berggids","status":"publish","type":"page","link":"https:\/\/www.lesgets.com\/nl\/zomer-berggids\/","title":{"rendered":"Zomer berggids"},"content":{"rendered":"<div class=\"block block-lba-apidae-selection\"><!--BEGIN FILTER -->\r\n<!--BEGIN FILTER -->\r\n\r\n<!--BEGIN ITEMS APIDAE -->\r\n  <div class=\"selection-mode-default\">\r\n          <div class=\"card 0-3places 0-3pieces\">\r\n        <div class=\"row\">\r\n          <div class=\"col-md-3\">\r\n            <img decoding=\"async\" src=\"https:\/\/static.apidae-tourisme.com\/filestore\/objets-touristiques\/images\/185\/148\/31691961-fiche.jpg\" class=\"w-100\"\r\n                 alt=\"Image cycle\">\r\n          <\/div>\r\n          <div class=\"col-md-7\">\r\n            <div class=\"card-block px-1\">\r\n              <h2 class=\"card-title\">\r\n                                    <a href=\"https:\/\/www.lesgets.com\/nl\/details\/cycle-aventure-randonnees-pedestres-7383924-Nl\/\">Cycle Aventure &#8211; Randonn\u00e9es p\u00e9destres<\/a>\r\n                              <\/h2>\r\n              <p class=\"classement\"><\/p>\r\n              <p class=\"card-text\">Pour les amoureux de la nature.\r\nLa montagne est un milieu aussi riche et vari\u00e9 que fragile et h\u00e9berge une faune et une flore uniques adapt\u00e9es aux conditions et au climat alpin.<\/p>\r\n            <\/div>\r\n          <\/div>\r\n          <div class=\"col-md-2\">\r\n                            <a href=\"https:\/\/www.lesgets.com\/nl\/details\/cycle-aventure-randonnees-pedestres-7383924-Nl\/\" class=\"btn\">Meer zien<\/a>\r\n                      <\/div>\r\n        <\/div>\r\n      <\/div>\r\n          <div class=\"card 0-3places 0-3pieces\">\r\n        <div class=\"row\">\r\n          <div class=\"col-md-3\">\r\n            <img decoding=\"async\" src=\"https:\/\/static.apidae-tourisme.com\/filestore\/objets-touristiques\/images\/98\/77\/30887266-fiche.jpg\" class=\"w-100\"\r\n                 alt=\"Image a54338bee189044a5464\">\r\n          <\/div>\r\n          <div class=\"col-md-7\">\r\n            <div class=\"card-block px-1\">\r\n              <h2 class=\"card-title\">\r\n                                    <a href=\"https:\/\/www.lesgets.com\/nl\/details\/jean-luc-tamanini-guide-de-haute-montagne-7327336-Nl\/\">Jean luc Tamanini &#8211; Guide de haute montagne<\/a>\r\n                              <\/h2>\r\n              <p class=\"classement\"><\/p>\r\n              <p class=\"card-text\">Ik neem je mee naar de mooiste toppen van de Alpen, van beginnerscursussen tot je eerste 4000 meter hoge top (Mont-Blanc du Tacul, Petite Aiguille Verte, Aiguille du Tour, Tour Ronde, enz.).<\/p>\r\n            <\/div>\r\n          <\/div>\r\n          <div class=\"col-md-2\">\r\n                            <a href=\"https:\/\/www.lesgets.com\/nl\/details\/jean-luc-tamanini-guide-de-haute-montagne-7327336-Nl\/\" class=\"btn\">Meer zien<\/a>\r\n                      <\/div>\r\n        <\/div>\r\n      <\/div>\r\n          <div class=\"card 0-3places 0-3pieces\">\r\n        <div class=\"row\">\r\n          <div class=\"col-md-3\">\r\n            <img decoding=\"async\" src=\"https:\/\/static.apidae-tourisme.com\/filestore\/objets-touristiques\/images\/139\/196\/27968651-fiche.jpg\" class=\"w-100\"\r\n                 alt=\"Image b02fb70c5d5ccbc77af83ecdc0f36e6e\">\r\n          <\/div>\r\n          <div class=\"col-md-7\">\r\n            <div class=\"card-block px-1\">\r\n              <h2 class=\"card-title\">\r\n                                    <a href=\"https:\/\/www.lesgets.com\/nl\/details\/vecteur-montagne-7021390-Nl\/\">Vecteur Montagne<\/a>\r\n                              <\/h2>\r\n              <p class=\"classement\"><\/p>\r\n              <p class=\"card-text\">Activiteiten in de bergen<\/p>\r\n            <\/div>\r\n          <\/div>\r\n          <div class=\"col-md-2\">\r\n                            <a href=\"https:\/\/www.lesgets.com\/nl\/details\/vecteur-montagne-7021390-Nl\/\" class=\"btn\">Meer zien<\/a>\r\n                      <\/div>\r\n        <\/div>\r\n      <\/div>\r\n      <\/div>\r\n<!--END ITEMS APIDAE -->\r\n\r\n<!--BEGIN PAGINATOR -->\r\n<!--BEGIN PAGINATOR --><\/div>","protected":false},"excerpt":{"rendered":"<p>Hier zijn de contactgegevens van de berggidsen die beschikbaar zijn om u te adviseren en uw wandelingen in Les Gets te begeleiden.<\/p>\n","protected":false},"author":4,"featured_media":8167,"parent":0,"menu_order":1,"comment_status":"closed","ping_status":"closed","template":"","meta":{"_acf_changed":false,"footnotes":""},"class_list":["post-15550","page","type-page","status-publish","has-post-thumbnail","hentry"],"acf":[],"yoast_head":"<!-- This site is optimized with the Yoast SEO plugin v27.2 - https:\/\/yoast.com\/product\/yoast-seo-wordpress\/ -->\n<title>Berggidsen in de zomer - wandelen - Les Gets<\/title>\n<meta name=\"description\" content=\"Hier zijn de contactgegevens van de berggidsen die beschikbaar zijn om u te adviseren en uw wandelingen in Les Gets te begeleiden.\" \/>\n<meta name=\"robots\" content=\"index, follow, max-snippet:-1, max-image-preview:large, max-video-preview:-1\" \/>\n<link rel=\"canonical\" href=\"https:\/\/www.lesgets.com\/nl\/zomer-berggids\/\" \/>\n<meta property=\"og:locale\" content=\"nl_NL\" \/>\n<meta property=\"og:type\" content=\"article\" \/>\n<meta property=\"og:title\" content=\"Berggidsen in de zomer - wandelen - Les Gets\" \/>\n<meta property=\"og:description\" content=\"Hier zijn de contactgegevens van de berggidsen die beschikbaar zijn om u te adviseren en uw wandelingen in Les Gets te begeleiden.\" \/>\n<meta property=\"og:url\" content=\"https:\/\/www.lesgets.com\/nl\/zomer-berggids\/\" \/>\n<meta property=\"og:site_name\" content=\"Les Gets\" \/>\n<meta property=\"article:modified_time\" content=\"2021-03-19T13:46:23+00:00\" \/>\n<meta property=\"og:image\" content=\"https:\/\/www.lesgets.com\/wp\/..\/app\/uploads\/2020\/05\/Paysage_Mont_Caly_6299_Gio_Fleming_Photography.jpg\" \/>\n\t<meta property=\"og:image:width\" content=\"640\" \/>\n\t<meta property=\"og:image:height\" content=\"427\" \/>\n\t<meta property=\"og:image:type\" content=\"image\/jpeg\" \/>\n<meta name=\"twitter:card\" content=\"summary_large_image\" \/>\n<script type=\"application\/ld+json\" class=\"yoast-schema-graph\">{\"@context\":\"https:\/\/schema.org\",\"@graph\":[{\"@type\":\"WebPage\",\"@id\":\"https:\/\/www.lesgets.com\/nl\/zomer-berggids\/\",\"url\":\"https:\/\/www.lesgets.com\/nl\/zomer-berggids\/\",\"name\":\"Berggidsen in de zomer - wandelen - Les Gets\",\"isPartOf\":{\"@id\":\"https:\/\/www.lesgets.com\/en\/#website\"},\"primaryImageOfPage\":{\"@id\":\"https:\/\/www.lesgets.com\/nl\/zomer-berggids\/#primaryimage\"},\"image\":{\"@id\":\"https:\/\/www.lesgets.com\/nl\/zomer-berggids\/#primaryimage\"},\"thumbnailUrl\":\"https:\/\/www.lesgets.com\/wp\/..\/app\/uploads\/2020\/05\/Paysage_Mont_Caly_6299_Gio_Fleming_Photography.jpg\",\"datePublished\":\"2020-07-27T08:46:30+00:00\",\"dateModified\":\"2021-03-19T13:46:23+00:00\",\"description\":\"Hier zijn de contactgegevens van de berggidsen die beschikbaar zijn om u te adviseren en uw wandelingen in Les Gets te begeleiden.\",\"breadcrumb\":{\"@id\":\"https:\/\/www.lesgets.com\/nl\/zomer-berggids\/#breadcrumb\"},\"inLanguage\":\"nl-NL\",\"potentialAction\":[{\"@type\":\"ReadAction\",\"target\":[\"https:\/\/www.lesgets.com\/nl\/zomer-berggids\/\"]}]},{\"@type\":\"ImageObject\",\"inLanguage\":\"nl-NL\",\"@id\":\"https:\/\/www.lesgets.com\/nl\/zomer-berggids\/#primaryimage\",\"url\":\"https:\/\/www.lesgets.com\/wp\/..\/app\/uploads\/2020\/05\/Paysage_Mont_Caly_6299_Gio_Fleming_Photography.jpg\",\"contentUrl\":\"https:\/\/www.lesgets.com\/wp\/..\/app\/uploads\/2020\/05\/Paysage_Mont_Caly_6299_Gio_Fleming_Photography.jpg\",\"width\":1920,\"height\":1282,\"caption\":\"Paysage montagne en \u00e9t\u00e9 avec fleurs sauvages et chalets\"},{\"@type\":\"BreadcrumbList\",\"@id\":\"https:\/\/www.lesgets.com\/nl\/zomer-berggids\/#breadcrumb\",\"itemListElement\":[{\"@type\":\"ListItem\",\"position\":1,\"name\":\"Accueil\",\"item\":\"https:\/\/www.lesgets.com\/nl\/\"},{\"@type\":\"ListItem\",\"position\":2,\"name\":\"Zomer berggids\"}]},{\"@type\":\"WebSite\",\"@id\":\"https:\/\/www.lesgets.com\/en\/#website\",\"url\":\"https:\/\/www.lesgets.com\/en\/\",\"name\":\"Les Gets\",\"description\":\"\",\"publisher\":{\"@id\":\"https:\/\/www.lesgets.com\/en\/#organization\"},\"potentialAction\":[{\"@type\":\"SearchAction\",\"target\":{\"@type\":\"EntryPoint\",\"urlTemplate\":\"https:\/\/www.lesgets.com\/en\/?s={search_term_string}\"},\"query-input\":{\"@type\":\"PropertyValueSpecification\",\"valueRequired\":true,\"valueName\":\"search_term_string\"}}],\"inLanguage\":\"nl-NL\"},{\"@type\":\"Organization\",\"@id\":\"https:\/\/www.lesgets.com\/en\/#organization\",\"name\":\"Les Gets\",\"url\":\"https:\/\/www.lesgets.com\/en\/\",\"logo\":{\"@type\":\"ImageObject\",\"inLanguage\":\"nl-NL\",\"@id\":\"https:\/\/www.lesgets.com\/en\/#\/schema\/logo\/image\/\",\"url\":\"https:\/\/www.lesgets.com\/wp\/..\/app\/uploads\/2020\/06\/logo_lesgets.png\",\"contentUrl\":\"https:\/\/www.lesgets.com\/wp\/..\/app\/uploads\/2020\/06\/logo_lesgets.png\",\"width\":136,\"height\":115,\"caption\":\"Les Gets\"},\"image\":{\"@id\":\"https:\/\/www.lesgets.com\/en\/#\/schema\/logo\/image\/\"}}]}<\/script>\n<!-- \/ Yoast SEO plugin. -->","yoast_head_json":{"title":"Berggidsen in de zomer - wandelen - Les Gets","description":"Hier zijn de contactgegevens van de berggidsen die beschikbaar zijn om u te adviseren en uw wandelingen in Les Gets te begeleiden.","robots":{"index":"index","follow":"follow","max-snippet":"max-snippet:-1","max-image-preview":"max-image-preview:large","max-video-preview":"max-video-preview:-1"},"canonical":"https:\/\/www.lesgets.com\/nl\/zomer-berggids\/","og_locale":"nl_NL","og_type":"article","og_title":"Berggidsen in de zomer - wandelen - Les Gets","og_description":"Hier zijn de contactgegevens van de berggidsen die beschikbaar zijn om u te adviseren en uw wandelingen in Les Gets te begeleiden.","og_url":"https:\/\/www.lesgets.com\/nl\/zomer-berggids\/","og_site_name":"Les Gets","article_modified_time":"2021-03-19T13:46:23+00:00","og_image":[{"url":"https:\/\/www.lesgets.com\/wp\/..\/app\/uploads\/2020\/05\/Paysage_Mont_Caly_6299_Gio_Fleming_Photography.jpg","width":640,"height":427,"type":"image\/jpeg"}],"twitter_card":"summary_large_image","schema":{"@context":"https:\/\/schema.org","@graph":[{"@type":"WebPage","@id":"https:\/\/www.lesgets.com\/nl\/zomer-berggids\/","url":"https:\/\/www.lesgets.com\/nl\/zomer-berggids\/","name":"Berggidsen in de zomer - wandelen - Les Gets","isPartOf":{"@id":"https:\/\/www.lesgets.com\/en\/#website"},"primaryImageOfPage":{"@id":"https:\/\/www.lesgets.com\/nl\/zomer-berggids\/#primaryimage"},"image":{"@id":"https:\/\/www.lesgets.com\/nl\/zomer-berggids\/#primaryimage"},"thumbnailUrl":"https:\/\/www.lesgets.com\/wp\/..\/app\/uploads\/2020\/05\/Paysage_Mont_Caly_6299_Gio_Fleming_Photography.jpg","datePublished":"2020-07-27T08:46:30+00:00","dateModified":"2021-03-19T13:46:23+00:00","description":"Hier zijn de contactgegevens van de berggidsen die beschikbaar zijn om u te adviseren en uw wandelingen in Les Gets te begeleiden.","breadcrumb":{"@id":"https:\/\/www.lesgets.com\/nl\/zomer-berggids\/#breadcrumb"},"inLanguage":"nl-NL","potentialAction":[{"@type":"ReadAction","target":["https:\/\/www.lesgets.com\/nl\/zomer-berggids\/"]}]},{"@type":"ImageObject","inLanguage":"nl-NL","@id":"https:\/\/www.lesgets.com\/nl\/zomer-berggids\/#primaryimage","url":"https:\/\/www.lesgets.com\/wp\/..\/app\/uploads\/2020\/05\/Paysage_Mont_Caly_6299_Gio_Fleming_Photography.jpg","contentUrl":"https:\/\/www.lesgets.com\/wp\/..\/app\/uploads\/2020\/05\/Paysage_Mont_Caly_6299_Gio_Fleming_Photography.jpg","width":1920,"height":1282,"caption":"Paysage montagne en \u00e9t\u00e9 avec fleurs sauvages et chalets"},{"@type":"BreadcrumbList","@id":"https:\/\/www.lesgets.com\/nl\/zomer-berggids\/#breadcrumb","itemListElement":[{"@type":"ListItem","position":1,"name":"Accueil","item":"https:\/\/www.lesgets.com\/nl\/"},{"@type":"ListItem","position":2,"name":"Zomer berggids"}]},{"@type":"WebSite","@id":"https:\/\/www.lesgets.com\/en\/#website","url":"https:\/\/www.lesgets.com\/en\/","name":"Les Gets","description":"","publisher":{"@id":"https:\/\/www.lesgets.com\/en\/#organization"},"potentialAction":[{"@type":"SearchAction","target":{"@type":"EntryPoint","urlTemplate":"https:\/\/www.lesgets.com\/en\/?s={search_term_string}"},"query-input":{"@type":"PropertyValueSpecification","valueRequired":true,"valueName":"search_term_string"}}],"inLanguage":"nl-NL"},{"@type":"Organization","@id":"https:\/\/www.lesgets.com\/en\/#organization","name":"Les Gets","url":"https:\/\/www.lesgets.com\/en\/","logo":{"@type":"ImageObject","inLanguage":"nl-NL","@id":"https:\/\/www.lesgets.com\/en\/#\/schema\/logo\/image\/","url":"https:\/\/www.lesgets.com\/wp\/..\/app\/uploads\/2020\/06\/logo_lesgets.png","contentUrl":"https:\/\/www.lesgets.com\/wp\/..\/app\/uploads\/2020\/06\/logo_lesgets.png","width":136,"height":115,"caption":"Les Gets"},"image":{"@id":"https:\/\/www.lesgets.com\/en\/#\/schema\/logo\/image\/"}}]}},"featured_image_src":"https:\/\/www.lesgets.com\/wp\/..\/app\/uploads\/2020\/05\/Paysage_Mont_Caly_6299_Gio_Fleming_Photography-600x400.jpg","featured_image_src_square":"https:\/\/www.lesgets.com\/wp\/..\/app\/uploads\/2020\/05\/Paysage_Mont_Caly_6299_Gio_Fleming_Photography-600x600.jpg","_links":{"self":[{"href":"https:\/\/www.lesgets.com\/nl\/wp-json\/wp\/v2\/pages\/15550","targetHints":{"allow":["GET"]}}],"collection":[{"href":"https:\/\/www.lesgets.com\/nl\/wp-json\/wp\/v2\/pages"}],"about":[{"href":"https:\/\/www.lesgets.com\/nl\/wp-json\/wp\/v2\/types\/page"}],"author":[{"embeddable":true,"href":"https:\/\/www.lesgets.com\/nl\/wp-json\/wp\/v2\/users\/4"}],"replies":[{"embeddable":true,"href":"https:\/\/www.lesgets.com\/nl\/wp-json\/wp\/v2\/comments?post=15550"}],"version-history":[{"count":5,"href":"https:\/\/www.lesgets.com\/nl\/wp-json\/wp\/v2\/pages\/15550\/revisions"}],"predecessor-version":[{"id":27072,"href":"https:\/\/www.lesgets.com\/nl\/wp-json\/wp\/v2\/pages\/15550\/revisions\/27072"}],"wp:featuredmedia":[{"embeddable":true,"href":"https:\/\/www.lesgets.com\/nl\/wp-json\/wp\/v2\/media\/8167"}],"wp:attachment":[{"href":"https:\/\/www.lesgets.com\/nl\/wp-json\/wp\/v2\/media?parent=15550"}],"curies":[{"name":"wp","href":"https:\/\/api.w.org\/{rel}","templated":true}]}}