{"id":15584,"date":"2020-07-27T11:26:16","date_gmt":"2020-07-27T09:26:16","guid":{"rendered":"https:\/\/www.lesgets.com\/paragliding-schools\/"},"modified":"2021-03-19T14:58:33","modified_gmt":"2021-03-19T13:58:33","slug":"paragliding-scholen","status":"publish","type":"page","link":"https:\/\/www.lesgets.com\/nl\/wat-is-er-te-doen\/zomeractiviteiten\/sportactiviteiten\/paragliding-scholen\/","title":{"rendered":"Paragliding scholen"},"content":{"rendered":"<div class=\"block block-core-spacer\">\n<div style=\"height:50px\" aria-hidden=\"true\" class=\"wp-block-spacer\"><\/div>\n<\/div>\n\n<div class=\"block block-lba-apidae-selection\"><!--BEGIN FILTER -->\r\n<!--BEGIN FILTER -->\r\n\r\n<!--BEGIN ITEMS APIDAE -->\r\n  <div class=\"selection-mode-default\">\r\n          <div class=\"card 0-3places 0-3pieces\">\r\n        <div class=\"row\">\r\n          <div class=\"col-md-3\">\r\n            <img decoding=\"async\" src=\"https:\/\/static.apidae-tourisme.com\/filestore\/objets-touristiques\/images\/159\/148\/4953247-fiche.jpg\" class=\"w-100\"\r\n                 alt=\"Image 34072410946_a9a93f17b1_o\">\r\n          <\/div>\r\n          <div class=\"col-md-7\">\r\n            <div class=\"card-block px-1\">\r\n              <h2 class=\"card-title\">\r\n                                    <a href=\"https:\/\/www.lesgets.com\/nl\/details\/paraglide-eerste-vlucht-ontdekkingsvluchten-194702-Nl\/\">Paraglide eerste vlucht \/  Ontdekkingsvluchten<\/a>\r\n                              <\/h2>\r\n              <p class=\"classement\"><\/p>\r\n              <p class=\"card-text\">Twee kleuren, de blauwe lucht en witte glinsterende bergen en het dorp Les Gets onder je voeten.\r\nHet decor: De Mont-Blanc, de Chablais, Aravis, Les Gets.\r\n\r\nTandem paragliding &#8211; mont ch\u00e9ry vlucht, zonder lawaai of hoogtevrees<\/p>\r\n            <\/div>\r\n          <\/div>\r\n          <div class=\"col-md-2\">\r\n                            <a href=\"https:\/\/www.lesgets.com\/nl\/details\/paraglide-eerste-vlucht-ontdekkingsvluchten-194702-Nl\/\" class=\"btn\">Meer zien<\/a>\r\n                      <\/div>\r\n        <\/div>\r\n      <\/div>\r\n      <\/div>\r\n<!--END ITEMS APIDAE -->\r\n\r\n<!--BEGIN PAGINATOR -->\r\n<!--BEGIN PAGINATOR --><\/div>","protected":false},"excerpt":{"rendered":"<p>Here is the list of paragliding schools in Les Gets. Let yourself be tempted by a paragliding flight and why not learn how to handle the sail with pros. <\/p>\n","protected":false},"author":4,"featured_media":9790,"parent":16714,"menu_order":2,"comment_status":"closed","ping_status":"closed","template":"","meta":{"_acf_changed":false,"footnotes":""},"class_list":["post-15584","page","type-page","status-publish","has-post-thumbnail","hentry"],"acf":[],"yoast_head":"<!-- This site is optimized with the Yoast SEO plugin v27.2 - https:\/\/yoast.com\/product\/yoast-seo-wordpress\/ -->\n<title>Paragliding scholen - All summer activities in Les Gets<\/title>\n<meta name=\"description\" content=\"Here is the list of paragliding schools in Les Gets. Let yourself be tempted by a paragliding flight and why not learn how to handle the sail with pros.\" \/>\n<meta name=\"robots\" content=\"index, follow, max-snippet:-1, max-image-preview:large, max-video-preview:-1\" \/>\n<link rel=\"canonical\" href=\"https:\/\/www.lesgets.com\/nl\/wat-is-er-te-doen\/zomeractiviteiten\/sportactiviteiten\/paragliding-scholen\/\" \/>\n<meta property=\"og:locale\" content=\"nl_NL\" \/>\n<meta property=\"og:type\" content=\"article\" \/>\n<meta property=\"og:title\" content=\"Paragliding scholen - All summer activities in Les Gets\" \/>\n<meta property=\"og:description\" content=\"Here is the list of paragliding schools in Les Gets. Let yourself be tempted by a paragliding flight and why not learn how to handle the sail with pros.\" \/>\n<meta property=\"og:url\" content=\"https:\/\/www.lesgets.com\/nl\/wat-is-er-te-doen\/zomeractiviteiten\/sportactiviteiten\/paragliding-scholen\/\" \/>\n<meta property=\"og:site_name\" content=\"Les Gets\" \/>\n<meta property=\"article:modified_time\" content=\"2021-03-19T13:58:33+00:00\" \/>\n<meta property=\"og:image\" content=\"https:\/\/www.lesgets.com\/wp\/..\/app\/uploads\/2020\/05\/LesGets_2018_Parapente_e\u0301te\u0301_Keno_Photographie_03.jpg\" \/>\n\t<meta property=\"og:image:width\" content=\"1920\" \/>\n\t<meta property=\"og:image:height\" content=\"1280\" \/>\n\t<meta property=\"og:image:type\" content=\"image\/jpeg\" \/>\n<meta name=\"twitter:card\" content=\"summary_large_image\" \/>\n<script type=\"application\/ld+json\" class=\"yoast-schema-graph\">{\"@context\":\"https:\/\/schema.org\",\"@graph\":[{\"@type\":\"WebPage\",\"@id\":\"https:\/\/www.lesgets.com\/nl\/wat-is-er-te-doen\/zomeractiviteiten\/sportactiviteiten\/paragliding-scholen\/\",\"url\":\"https:\/\/www.lesgets.com\/nl\/wat-is-er-te-doen\/zomeractiviteiten\/sportactiviteiten\/paragliding-scholen\/\",\"name\":\"Paragliding scholen - All summer activities in Les Gets\",\"isPartOf\":{\"@id\":\"https:\/\/www.lesgets.com\/en\/#website\"},\"primaryImageOfPage\":{\"@id\":\"https:\/\/www.lesgets.com\/nl\/wat-is-er-te-doen\/zomeractiviteiten\/sportactiviteiten\/paragliding-scholen\/#primaryimage\"},\"image\":{\"@id\":\"https:\/\/www.lesgets.com\/nl\/wat-is-er-te-doen\/zomeractiviteiten\/sportactiviteiten\/paragliding-scholen\/#primaryimage\"},\"thumbnailUrl\":\"https:\/\/www.lesgets.com\/wp\/..\/app\/uploads\/2020\/05\/LesGets_2018_Parapente_e\u0301te\u0301_Keno_Photographie_03.jpg\",\"datePublished\":\"2020-07-27T09:26:16+00:00\",\"dateModified\":\"2021-03-19T13:58:33+00:00\",\"description\":\"Here is the list of paragliding schools in Les Gets. Let yourself be tempted by a paragliding flight and why not learn how to handle the sail with pros.\",\"breadcrumb\":{\"@id\":\"https:\/\/www.lesgets.com\/nl\/wat-is-er-te-doen\/zomeractiviteiten\/sportactiviteiten\/paragliding-scholen\/#breadcrumb\"},\"inLanguage\":\"nl-NL\",\"potentialAction\":[{\"@type\":\"ReadAction\",\"target\":[\"https:\/\/www.lesgets.com\/nl\/wat-is-er-te-doen\/zomeractiviteiten\/sportactiviteiten\/paragliding-scholen\/\"]}]},{\"@type\":\"ImageObject\",\"inLanguage\":\"nl-NL\",\"@id\":\"https:\/\/www.lesgets.com\/nl\/wat-is-er-te-doen\/zomeractiviteiten\/sportactiviteiten\/paragliding-scholen\/#primaryimage\",\"url\":\"https:\/\/www.lesgets.com\/wp\/..\/app\/uploads\/2020\/05\/LesGets_2018_Parapente_e\u0301te\u0301_Keno_Photographie_03.jpg\",\"contentUrl\":\"https:\/\/www.lesgets.com\/wp\/..\/app\/uploads\/2020\/05\/LesGets_2018_Parapente_e\u0301te\u0301_Keno_Photographie_03.jpg\",\"width\":1920,\"height\":1280,\"caption\":\"Groupe se pr\u00e9parant pour une sortie en parapente en \u00e9t\u00e9\"},{\"@type\":\"BreadcrumbList\",\"@id\":\"https:\/\/www.lesgets.com\/nl\/wat-is-er-te-doen\/zomeractiviteiten\/sportactiviteiten\/paragliding-scholen\/#breadcrumb\",\"itemListElement\":[{\"@type\":\"ListItem\",\"position\":1,\"name\":\"Accueil\",\"item\":\"https:\/\/www.lesgets.com\/nl\/\"},{\"@type\":\"ListItem\",\"position\":2,\"name\":\"Wat is er te doen?\",\"item\":\"https:\/\/www.lesgets.com\/nl\/wat-is-er-te-doen\/\"},{\"@type\":\"ListItem\",\"position\":3,\"name\":\"Zomeractiviteiten\",\"item\":\"https:\/\/www.lesgets.com\/nl\/wat-is-er-te-doen\/zomeractiviteiten\/\"},{\"@type\":\"ListItem\",\"position\":4,\"name\":\"Sportactiviteiten\",\"item\":\"https:\/\/www.lesgets.com\/nl\/wat-is-er-te-doen\/zomeractiviteiten\/sportactiviteiten\/\"},{\"@type\":\"ListItem\",\"position\":5,\"name\":\"Paragliding scholen\"}]},{\"@type\":\"WebSite\",\"@id\":\"https:\/\/www.lesgets.com\/en\/#website\",\"url\":\"https:\/\/www.lesgets.com\/en\/\",\"name\":\"Les Gets\",\"description\":\"\",\"publisher\":{\"@id\":\"https:\/\/www.lesgets.com\/en\/#organization\"},\"potentialAction\":[{\"@type\":\"SearchAction\",\"target\":{\"@type\":\"EntryPoint\",\"urlTemplate\":\"https:\/\/www.lesgets.com\/en\/?s={search_term_string}\"},\"query-input\":{\"@type\":\"PropertyValueSpecification\",\"valueRequired\":true,\"valueName\":\"search_term_string\"}}],\"inLanguage\":\"nl-NL\"},{\"@type\":\"Organization\",\"@id\":\"https:\/\/www.lesgets.com\/en\/#organization\",\"name\":\"Les Gets\",\"url\":\"https:\/\/www.lesgets.com\/en\/\",\"logo\":{\"@type\":\"ImageObject\",\"inLanguage\":\"nl-NL\",\"@id\":\"https:\/\/www.lesgets.com\/en\/#\/schema\/logo\/image\/\",\"url\":\"https:\/\/www.lesgets.com\/wp\/..\/app\/uploads\/2020\/06\/logo_lesgets.png\",\"contentUrl\":\"https:\/\/www.lesgets.com\/wp\/..\/app\/uploads\/2020\/06\/logo_lesgets.png\",\"width\":136,\"height\":115,\"caption\":\"Les Gets\"},\"image\":{\"@id\":\"https:\/\/www.lesgets.com\/en\/#\/schema\/logo\/image\/\"}}]}<\/script>\n<!-- \/ Yoast SEO plugin. -->","yoast_head_json":{"title":"Paragliding scholen - All summer activities in Les Gets","description":"Here is the list of paragliding schools in Les Gets. Let yourself be tempted by a paragliding flight and why not learn how to handle the sail with pros.","robots":{"index":"index","follow":"follow","max-snippet":"max-snippet:-1","max-image-preview":"max-image-preview:large","max-video-preview":"max-video-preview:-1"},"canonical":"https:\/\/www.lesgets.com\/nl\/wat-is-er-te-doen\/zomeractiviteiten\/sportactiviteiten\/paragliding-scholen\/","og_locale":"nl_NL","og_type":"article","og_title":"Paragliding scholen - All summer activities in Les Gets","og_description":"Here is the list of paragliding schools in Les Gets. Let yourself be tempted by a paragliding flight and why not learn how to handle the sail with pros.","og_url":"https:\/\/www.lesgets.com\/nl\/wat-is-er-te-doen\/zomeractiviteiten\/sportactiviteiten\/paragliding-scholen\/","og_site_name":"Les Gets","article_modified_time":"2021-03-19T13:58:33+00:00","og_image":[{"width":1920,"height":1280,"url":"https:\/\/www.lesgets.com\/wp\/..\/app\/uploads\/2020\/05\/LesGets_2018_Parapente_e\u0301te\u0301_Keno_Photographie_03.jpg","type":"image\/jpeg"}],"twitter_card":"summary_large_image","schema":{"@context":"https:\/\/schema.org","@graph":[{"@type":"WebPage","@id":"https:\/\/www.lesgets.com\/nl\/wat-is-er-te-doen\/zomeractiviteiten\/sportactiviteiten\/paragliding-scholen\/","url":"https:\/\/www.lesgets.com\/nl\/wat-is-er-te-doen\/zomeractiviteiten\/sportactiviteiten\/paragliding-scholen\/","name":"Paragliding scholen - All summer activities in Les Gets","isPartOf":{"@id":"https:\/\/www.lesgets.com\/en\/#website"},"primaryImageOfPage":{"@id":"https:\/\/www.lesgets.com\/nl\/wat-is-er-te-doen\/zomeractiviteiten\/sportactiviteiten\/paragliding-scholen\/#primaryimage"},"image":{"@id":"https:\/\/www.lesgets.com\/nl\/wat-is-er-te-doen\/zomeractiviteiten\/sportactiviteiten\/paragliding-scholen\/#primaryimage"},"thumbnailUrl":"https:\/\/www.lesgets.com\/wp\/..\/app\/uploads\/2020\/05\/LesGets_2018_Parapente_e\u0301te\u0301_Keno_Photographie_03.jpg","datePublished":"2020-07-27T09:26:16+00:00","dateModified":"2021-03-19T13:58:33+00:00","description":"Here is the list of paragliding schools in Les Gets. Let yourself be tempted by a paragliding flight and why not learn how to handle the sail with pros.","breadcrumb":{"@id":"https:\/\/www.lesgets.com\/nl\/wat-is-er-te-doen\/zomeractiviteiten\/sportactiviteiten\/paragliding-scholen\/#breadcrumb"},"inLanguage":"nl-NL","potentialAction":[{"@type":"ReadAction","target":["https:\/\/www.lesgets.com\/nl\/wat-is-er-te-doen\/zomeractiviteiten\/sportactiviteiten\/paragliding-scholen\/"]}]},{"@type":"ImageObject","inLanguage":"nl-NL","@id":"https:\/\/www.lesgets.com\/nl\/wat-is-er-te-doen\/zomeractiviteiten\/sportactiviteiten\/paragliding-scholen\/#primaryimage","url":"https:\/\/www.lesgets.com\/wp\/..\/app\/uploads\/2020\/05\/LesGets_2018_Parapente_e\u0301te\u0301_Keno_Photographie_03.jpg","contentUrl":"https:\/\/www.lesgets.com\/wp\/..\/app\/uploads\/2020\/05\/LesGets_2018_Parapente_e\u0301te\u0301_Keno_Photographie_03.jpg","width":1920,"height":1280,"caption":"Groupe se pr\u00e9parant pour une sortie en parapente en \u00e9t\u00e9"},{"@type":"BreadcrumbList","@id":"https:\/\/www.lesgets.com\/nl\/wat-is-er-te-doen\/zomeractiviteiten\/sportactiviteiten\/paragliding-scholen\/#breadcrumb","itemListElement":[{"@type":"ListItem","position":1,"name":"Accueil","item":"https:\/\/www.lesgets.com\/nl\/"},{"@type":"ListItem","position":2,"name":"Wat is er te doen?","item":"https:\/\/www.lesgets.com\/nl\/wat-is-er-te-doen\/"},{"@type":"ListItem","position":3,"name":"Zomeractiviteiten","item":"https:\/\/www.lesgets.com\/nl\/wat-is-er-te-doen\/zomeractiviteiten\/"},{"@type":"ListItem","position":4,"name":"Sportactiviteiten","item":"https:\/\/www.lesgets.com\/nl\/wat-is-er-te-doen\/zomeractiviteiten\/sportactiviteiten\/"},{"@type":"ListItem","position":5,"name":"Paragliding scholen"}]},{"@type":"WebSite","@id":"https:\/\/www.lesgets.com\/en\/#website","url":"https:\/\/www.lesgets.com\/en\/","name":"Les Gets","description":"","publisher":{"@id":"https:\/\/www.lesgets.com\/en\/#organization"},"potentialAction":[{"@type":"SearchAction","target":{"@type":"EntryPoint","urlTemplate":"https:\/\/www.lesgets.com\/en\/?s={search_term_string}"},"query-input":{"@type":"PropertyValueSpecification","valueRequired":true,"valueName":"search_term_string"}}],"inLanguage":"nl-NL"},{"@type":"Organization","@id":"https:\/\/www.lesgets.com\/en\/#organization","name":"Les Gets","url":"https:\/\/www.lesgets.com\/en\/","logo":{"@type":"ImageObject","inLanguage":"nl-NL","@id":"https:\/\/www.lesgets.com\/en\/#\/schema\/logo\/image\/","url":"https:\/\/www.lesgets.com\/wp\/..\/app\/uploads\/2020\/06\/logo_lesgets.png","contentUrl":"https:\/\/www.lesgets.com\/wp\/..\/app\/uploads\/2020\/06\/logo_lesgets.png","width":136,"height":115,"caption":"Les Gets"},"image":{"@id":"https:\/\/www.lesgets.com\/en\/#\/schema\/logo\/image\/"}}]}},"featured_image_src":"https:\/\/www.lesgets.com\/wp\/..\/app\/uploads\/2020\/05\/LesGets_2018_Parapente_e\u0301te\u0301_Keno_Photographie_03-600x400.jpg","featured_image_src_square":"https:\/\/www.lesgets.com\/wp\/..\/app\/uploads\/2020\/05\/LesGets_2018_Parapente_e\u0301te\u0301_Keno_Photographie_03-600x600.jpg","_links":{"self":[{"href":"https:\/\/www.lesgets.com\/nl\/wp-json\/wp\/v2\/pages\/15584","targetHints":{"allow":["GET"]}}],"collection":[{"href":"https:\/\/www.lesgets.com\/nl\/wp-json\/wp\/v2\/pages"}],"about":[{"href":"https:\/\/www.lesgets.com\/nl\/wp-json\/wp\/v2\/types\/page"}],"author":[{"embeddable":true,"href":"https:\/\/www.lesgets.com\/nl\/wp-json\/wp\/v2\/users\/4"}],"replies":[{"embeddable":true,"href":"https:\/\/www.lesgets.com\/nl\/wp-json\/wp\/v2\/comments?post=15584"}],"version-history":[{"count":5,"href":"https:\/\/www.lesgets.com\/nl\/wp-json\/wp\/v2\/pages\/15584\/revisions"}],"predecessor-version":[{"id":27085,"href":"https:\/\/www.lesgets.com\/nl\/wp-json\/wp\/v2\/pages\/15584\/revisions\/27085"}],"up":[{"embeddable":true,"href":"https:\/\/www.lesgets.com\/nl\/wp-json\/wp\/v2\/pages\/16714"}],"wp:featuredmedia":[{"embeddable":true,"href":"https:\/\/www.lesgets.com\/nl\/wp-json\/wp\/v2\/media\/9790"}],"wp:attachment":[{"href":"https:\/\/www.lesgets.com\/nl\/wp-json\/wp\/v2\/media?parent=15584"}],"curies":[{"name":"wp","href":"https:\/\/api.w.org\/{rel}","templated":true}]}}