{"id":15596,"date":"2020-07-27T11:32:22","date_gmt":"2020-07-27T09:32:22","guid":{"rendered":"https:\/\/www.lesgets.com\/summer-cultural-activities\/"},"modified":"2021-03-19T15:02:58","modified_gmt":"2021-03-19T14:02:58","slug":"zomer-culturele-activiteiten","status":"publish","type":"page","link":"https:\/\/www.lesgets.com\/nl\/wat-is-er-te-doen\/zomeractiviteiten\/zomer-culturele-activiteiten\/","title":{"rendered":"Culturele zomeractiviteiten"},"content":{"rendered":"<div class=\"block block-core-spacer\">\n<div style=\"height:50px\" aria-hidden=\"true\" class=\"wp-block-spacer\"><\/div>\n<\/div>\n\n<div class=\"block block-lba-apidae-selection\"><!--BEGIN FILTER -->\r\n<!--BEGIN FILTER -->\r\n\r\n<!--BEGIN ITEMS APIDAE -->\r\n  <div class=\"selection-mode-default\">\r\n          <div class=\"card 0-3places 0-3pieces\">\r\n        <div class=\"row\">\r\n          <div class=\"col-md-3\">\r\n            <img decoding=\"async\" src=\"https:\/\/static.apidae-tourisme.com\/filestore\/objets-touristiques\/images\/39\/4\/6751271-fiche.jpg\" class=\"w-100\"\r\n                 alt=\"Image bandeau_bibliotheque_exterieur\">\r\n          <\/div>\r\n          <div class=\"col-md-7\">\r\n            <div class=\"card-block px-1\">\r\n              <h2 class=\"card-title\">\r\n                                    <a href=\"https:\/\/www.lesgets.com\/nl\/details\/bibliotheek-lire-aux-gets-198586-Nl\/\">Bibliotheek &#8220;Lire aux Gets&#8221;<\/a>\r\n                              <\/h2>\r\n              <p class=\"classement\"><\/p>\r\n              <p class=\"card-text\">De bibliotheek biedt boeken en documenten voor alle leeftijden. U vindt er een grote verscheidenheid aan boeken: romans, biografie\u00ebn, stripverhalen, kinderverhalen en -albums, kranten enz.<\/p>\r\n            <\/div>\r\n          <\/div>\r\n          <div class=\"col-md-2\">\r\n                            <a href=\"https:\/\/www.lesgets.com\/nl\/details\/bibliotheek-lire-aux-gets-198586-Nl\/\" class=\"btn\">Meer zien<\/a>\r\n                      <\/div>\r\n        <\/div>\r\n      <\/div>\r\n          <div class=\"card 0-3places 0-3pieces\">\r\n        <div class=\"row\">\r\n          <div class=\"col-md-3\">\r\n            <img decoding=\"async\" src=\"https:\/\/static.apidae-tourisme.com\/filestore\/objets-touristiques\/images\/139\/243\/32568203-fiche.jpg\" class=\"w-100\"\r\n                 alt=\"Image cin\u00e9ma le club\">\r\n          <\/div>\r\n          <div class=\"col-md-7\">\r\n            <div class=\"card-block px-1\">\r\n              <h2 class=\"card-title\">\r\n                                    <a href=\"https:\/\/www.lesgets.com\/nl\/details\/bioscoop-458568-Nl\/\">Bioscoop<\/a>\r\n                              <\/h2>\r\n              <p class=\"classement\"><\/p>\r\n              <p class=\"card-text\">Dolby SR Sound. Iedere dag een nieuwe film. Programma beschikbaar bij Les Gets Tourisme of in de bioscoop.<\/p>\r\n            <\/div>\r\n          <\/div>\r\n          <div class=\"col-md-2\">\r\n                            <a href=\"https:\/\/www.lesgets.com\/nl\/details\/bioscoop-458568-Nl\/\" class=\"btn\">Meer zien<\/a>\r\n                      <\/div>\r\n        <\/div>\r\n      <\/div>\r\n          <div class=\"card 0-3places 0-3pieces\">\r\n        <div class=\"row\">\r\n          <div class=\"col-md-3\">\r\n            <img decoding=\"async\" src=\"https:\/\/static.apidae-tourisme.com\/filestore\/objets-touristiques\/images\/101\/181\/38516069-fiche.jpg\" class=\"w-100\"\r\n                 alt=\"Image Salle_Cinema\">\r\n          <\/div>\r\n          <div class=\"col-md-7\">\r\n            <div class=\"card-block px-1\">\r\n              <h2 class=\"card-title\">\r\n                                    <a href=\"https:\/\/www.lesgets.com\/nl\/details\/cinema-le-club-204391-Nl\/\">Cin\u00e9ma Le Club<\/a>\r\n                              <\/h2>\r\n              <p class=\"classement\"><\/p>\r\n              <p class=\"card-text\">Dolby SR Sound. Iedere dag een nieuwe film. Programma beschikbaar bij het VVV of in de bioscoop.<\/p>\r\n            <\/div>\r\n          <\/div>\r\n          <div class=\"col-md-2\">\r\n                            <a href=\"https:\/\/www.lesgets.com\/nl\/details\/cinema-le-club-204391-Nl\/\" class=\"btn\">Meer zien<\/a>\r\n                      <\/div>\r\n        <\/div>\r\n      <\/div>\r\n          <div class=\"card 0-3places 0-3pieces\">\r\n        <div class=\"row\">\r\n          <div class=\"col-md-3\">\r\n            <img decoding=\"async\" src=\"https:\/\/static.apidae-tourisme.com\/filestore\/objets-touristiques\/images\/51\/65\/32325939-fiche.jpg\" class=\"w-100\"\r\n                 alt=\"Image groupe luge\">\r\n          <\/div>\r\n          <div class=\"col-md-7\">\r\n            <div class=\"card-block px-1\">\r\n              <h2 class=\"card-title\">\r\n                                    <a href=\"https:\/\/www.lesgets.com\/nl\/agenda\/concert-the-bouses-brotherssister-au-snack-de-la-luge-7429053-Nl\/\">Concert &#8221; The Bouses Brothers&#038;sister&#8221; au snack de la luge<\/a>\r\n                              <\/h2>\r\n              <p class=\"classement\"><\/p>\r\n              <p class=\"card-text\">Le jeudi 17 juillet, le snack de la luge des Perri\u00e8res accueillera le groupe &#8220;the Bouses Brother&#038;sisters&#8221;.\r\nPour cette occasion sp\u00e9ciale, nous vous proposons un menu unique le soir : Jambon \u00e0 la broche, gratins dauphinois et ratatouille.<\/p>\r\n            <\/div>\r\n          <\/div>\r\n          <div class=\"col-md-2\">\r\n                            <a href=\"https:\/\/www.lesgets.com\/nl\/agenda\/concert-the-bouses-brotherssister-au-snack-de-la-luge-7429053-Nl\/\" class=\"btn\">Meer zien<\/a>\r\n                      <\/div>\r\n        <\/div>\r\n      <\/div>\r\n          <div class=\"card 0-3places 0-3pieces\">\r\n        <div class=\"row\">\r\n          <div class=\"col-md-3\">\r\n            <img decoding=\"async\" src=\"https:\/\/static.apidae-tourisme.com\/filestore\/objets-touristiques\/images\/89\/62\/3620441-fiche.jpg\" class=\"w-100\"\r\n                 alt=\"Image GRE_0360s\">\r\n          <\/div>\r\n          <div class=\"col-md-7\">\r\n            <div class=\"card-block px-1\">\r\n              <h2 class=\"card-title\">\r\n                                    <a href=\"https:\/\/www.lesgets.com\/nl\/details\/esprit-photo-179441-Nl\/\">Esprit photo<\/a>\r\n                              <\/h2>\r\n              <p class=\"classement\"><\/p>\r\n              <p class=\"card-text\">Esprit Photo is een professionele fotostudio, die gespecialiseerd is in zwart\/wit foto&#8217;s, in Les Gets en Calvi in Corsica sinds 2008.<\/p>\r\n            <\/div>\r\n          <\/div>\r\n          <div class=\"col-md-2\">\r\n                            <a href=\"https:\/\/www.lesgets.com\/nl\/details\/esprit-photo-179441-Nl\/\" class=\"btn\">Meer zien<\/a>\r\n                      <\/div>\r\n        <\/div>\r\n      <\/div>\r\n          <div class=\"card 0-3places 0-3pieces\">\r\n        <div class=\"row\">\r\n          <div class=\"col-md-3\">\r\n            <img decoding=\"async\" src=\"https:\/\/static.apidae-tourisme.com\/filestore\/objets-touristiques\/images\/135\/190\/28425863-fiche.jpg\" class=\"w-100\"\r\n                 alt=\"Image museemeca_expo_dessin\">\r\n          <\/div>\r\n          <div class=\"col-md-7\">\r\n            <div class=\"card-block px-1\">\r\n              <h2 class=\"card-title\">\r\n                                    <a href=\"https:\/\/www.lesgets.com\/nl\/agenda\/exposition-la-musique-mecanique-et-le-dessin-7224033-Nl\/\">Exposition &#8220;La musique m\u00e9canique et le dessin&#8221;<\/a>\r\n                              <\/h2>\r\n              <p class=\"classement\"><\/p>\r\n              <p class=\"card-text\">D\u00e9couvrez la nouvelle exposition temporaire du Mus\u00e9e de la musique m\u00e9canique des Gets pour l&#8217;ann\u00e9e 2025, consacr\u00e9e \u00e0 &#8220;La musique m\u00e9canique et le dessin&#8221;.<\/p>\r\n            <\/div>\r\n          <\/div>\r\n          <div class=\"col-md-2\">\r\n                            <a href=\"https:\/\/www.lesgets.com\/nl\/agenda\/exposition-la-musique-mecanique-et-le-dessin-7224033-Nl\/\" class=\"btn\">Meer zien<\/a>\r\n                      <\/div>\r\n        <\/div>\r\n      <\/div>\r\n          <div class=\"card 0-3places 0-3pieces\">\r\n        <div class=\"row\">\r\n          <div class=\"col-md-3\">\r\n            <img decoding=\"async\" src=\"https:\/\/static.apidae-tourisme.com\/filestore\/objets-touristiques\/images\/87\/34\/34808407-fiche.jpg\" class=\"w-100\"\r\n                 alt=\"Image 2022_10_31_animation_halloween_cpOTLesGets_LD-12\">\r\n          <\/div>\r\n          <div class=\"col-md-7\">\r\n            <div class=\"card-block px-1\">\r\n              <h2 class=\"card-title\">\r\n                                    <a href=\"https:\/\/www.lesgets.com\/nl\/agenda\/welkomstsnack-halloweenweek-7544081-Nl\/\">Welkomstsnack &#8211; Halloweenweek<\/a>\r\n                              <\/h2>\r\n              <p class=\"classement\"><\/p>\r\n              <p class=\"card-text\">Les Gets verwelkomt u met een presentatie van de evenementen en activiteiten van de week.<\/p>\r\n            <\/div>\r\n          <\/div>\r\n          <div class=\"col-md-2\">\r\n                            <a href=\"https:\/\/www.lesgets.com\/nl\/agenda\/welkomstsnack-halloweenweek-7544081-Nl\/\" class=\"btn\">Meer zien<\/a>\r\n                      <\/div>\r\n        <\/div>\r\n      <\/div>\r\n          <div class=\"card 0-3places 0-3pieces\">\r\n        <div class=\"row\">\r\n          <div class=\"col-md-3\">\r\n            <img decoding=\"async\" src=\"https:\/\/static.apidae-tourisme.com\/filestore\/objets-touristiques\/images\/141\/244\/3667085-fiche.jpg\" class=\"w-100\"\r\n                 alt=\"Image bar 13+\">\r\n          <\/div>\r\n          <div class=\"col-md-7\">\r\n            <div class=\"card-block px-1\">\r\n              <h2 class=\"card-title\">\r\n                                    <a href=\"https:\/\/www.lesgets.com\/nl\/details\/jeux-trinque-4923287-Nl\/\">Jeux Trinque<\/a>\r\n                              <\/h2>\r\n              <p class=\"classement\"><\/p>\r\n              <p class=\"card-text\">&#8220;Jeux trinque&#8221;. Kom van de vele emblematische gezelschapsspelletjes genieten, maar ook van de biljarttafels, de babyvoetbaltafel en het elektronische dartspel.<\/p>\r\n            <\/div>\r\n          <\/div>\r\n          <div class=\"col-md-2\">\r\n                            <a href=\"https:\/\/www.lesgets.com\/nl\/details\/jeux-trinque-4923287-Nl\/\" class=\"btn\">Meer zien<\/a>\r\n                      <\/div>\r\n        <\/div>\r\n      <\/div>\r\n          <div class=\"card 0-3places 0-3pieces\">\r\n        <div class=\"row\">\r\n          <div class=\"col-md-3\">\r\n            <img decoding=\"async\" src=\"https:\/\/static.apidae-tourisme.com\/filestore\/objets-touristiques\/images\/54\/190\/30916150-fiche.jpg\" class=\"w-100\"\r\n                 alt=\"Image b902fd5a5093f7f4f242\">\r\n          <\/div>\r\n          <div class=\"col-md-7\">\r\n            <div class=\"card-block px-1\">\r\n              <h2 class=\"card-title\">\r\n                                    <a href=\"https:\/\/www.lesgets.com\/nl\/details\/museum-van-mechanische-muziek-191340-Nl\/\">Museum van Mechanische Muziek<\/a>\r\n                              <\/h2>\r\n              <p class=\"classement\"><\/p>\r\n              <p class=\"card-text\">Kom en ontdek de ongelooflijke collectie mechanische instrumenten van het museum. Er worden meer dan 1000 stukken tentoongesteld: klokkenspelen, klokken, speeldozen, orchestrions, mechanische piano&#8217;s, snaarinstrumenten, draaiorgels, automaten, fonografen&#8230;<\/p>\r\n            <\/div>\r\n          <\/div>\r\n          <div class=\"col-md-2\">\r\n                            <a href=\"https:\/\/www.lesgets.com\/nl\/details\/museum-van-mechanische-muziek-191340-Nl\/\" class=\"btn\">Meer zien<\/a>\r\n                      <\/div>\r\n        <\/div>\r\n      <\/div>\r\n          <div class=\"card 0-3places 0-3pieces\">\r\n        <div class=\"row\">\r\n          <div class=\"col-md-3\">\r\n            <img decoding=\"async\" src=\"https:\/\/static.apidae-tourisme.com\/filestore\/objets-touristiques\/images\/165\/174\/39169701-fiche.jpg\" class=\"w-100\"\r\n                 alt=\"Image It 214\">\r\n          <\/div>\r\n          <div class=\"col-md-7\">\r\n            <div class=\"card-block px-1\">\r\n              <h2 class=\"card-title\">\r\n                                    <a href=\"https:\/\/www.lesgets.com\/nl\/agenda\/europese-museumnacht-mechanisch-muziekmuseum-786267-Nl\/\">Europese Museumnacht &#8211; Mechanisch Muziekmuseum<\/a>\r\n                              <\/h2>\r\n              <p class=\"classement\"><\/p>\r\n              <p class=\"card-text\">Kom ter gelegenheid van de Europese Nacht van de Musea het Museum voor Mechanische Muziek vanuit een andere hoek ontdekken. Met als thema &#8220;laten we teruggaan in de tijd&#8221;<\/p>\r\n            <\/div>\r\n          <\/div>\r\n          <div class=\"col-md-2\">\r\n                            <a href=\"https:\/\/www.lesgets.com\/nl\/agenda\/europese-museumnacht-mechanisch-muziekmuseum-786267-Nl\/\" class=\"btn\">Meer zien<\/a>\r\n                      <\/div>\r\n        <\/div>\r\n      <\/div>\r\n      <\/div>\r\n<!--END ITEMS APIDAE -->\r\n\r\n<!--BEGIN PAGINATOR -->\r\n<!--BEGIN PAGINATOR --><\/div>","protected":false},"excerpt":{"rendered":"<p>Mechanische muziek mueum, bioscoop, bibliotheek, Art&#8217;n&#8217;Chery gallerij &#8230; Culturele ontdekking staan ook op de agende in Les Gets.<\/p>\n","protected":false},"author":4,"featured_media":9662,"parent":16800,"menu_order":3,"comment_status":"closed","ping_status":"closed","template":"","meta":{"_acf_changed":false,"footnotes":""},"class_list":["post-15596","page","type-page","status-publish","has-post-thumbnail","hentry"],"acf":[],"yoast_head":"<!-- This site is optimized with the Yoast SEO plugin v27.2 - https:\/\/yoast.com\/product\/yoast-seo-wordpress\/ -->\n<title>Culturele zomeractiviteiten - Alle zomer activiteiten<\/title>\n<meta name=\"description\" content=\"Mechanische muziek mueum, bioscoop, bibliotheek, Art&#039;n&#039;Chery gallerij ... Culturele ontdekking staan ook op de agende in Les Gets.\" \/>\n<meta name=\"robots\" content=\"index, follow, max-snippet:-1, max-image-preview:large, max-video-preview:-1\" \/>\n<link rel=\"canonical\" href=\"https:\/\/www.lesgets.com\/nl\/wat-is-er-te-doen\/zomeractiviteiten\/zomer-culturele-activiteiten\/\" \/>\n<meta property=\"og:locale\" content=\"nl_NL\" \/>\n<meta property=\"og:type\" content=\"article\" \/>\n<meta property=\"og:title\" content=\"Culturele zomeractiviteiten - Alle zomer activiteiten\" \/>\n<meta property=\"og:description\" content=\"Mechanische muziek mueum, bioscoop, bibliotheek, Art&#039;n&#039;Chery gallerij ... Culturele ontdekking staan ook op de agende in Les Gets.\" \/>\n<meta property=\"og:url\" content=\"https:\/\/www.lesgets.com\/nl\/wat-is-er-te-doen\/zomeractiviteiten\/zomer-culturele-activiteiten\/\" \/>\n<meta property=\"og:site_name\" content=\"Les Gets\" \/>\n<meta property=\"article:modified_time\" content=\"2021-03-19T14:02:58+00:00\" \/>\n<meta property=\"og:image\" content=\"https:\/\/www.lesgets.com\/wp\/..\/app\/uploads\/2020\/05\/LesGets_2016_Muse\u0301eMusiqueMe\u0301canique_V.Ducrettet_01.jpg\" \/>\n\t<meta property=\"og:image:width\" content=\"1920\" \/>\n\t<meta property=\"og:image:height\" content=\"1282\" \/>\n\t<meta property=\"og:image:type\" content=\"image\/jpeg\" \/>\n<meta name=\"twitter:card\" content=\"summary_large_image\" \/>\n<script type=\"application\/ld+json\" class=\"yoast-schema-graph\">{\"@context\":\"https:\/\/schema.org\",\"@graph\":[{\"@type\":\"WebPage\",\"@id\":\"https:\/\/www.lesgets.com\/nl\/wat-is-er-te-doen\/zomeractiviteiten\/zomer-culturele-activiteiten\/\",\"url\":\"https:\/\/www.lesgets.com\/nl\/wat-is-er-te-doen\/zomeractiviteiten\/zomer-culturele-activiteiten\/\",\"name\":\"Culturele zomeractiviteiten - Alle zomer activiteiten\",\"isPartOf\":{\"@id\":\"https:\/\/www.lesgets.com\/en\/#website\"},\"primaryImageOfPage\":{\"@id\":\"https:\/\/www.lesgets.com\/nl\/wat-is-er-te-doen\/zomeractiviteiten\/zomer-culturele-activiteiten\/#primaryimage\"},\"image\":{\"@id\":\"https:\/\/www.lesgets.com\/nl\/wat-is-er-te-doen\/zomeractiviteiten\/zomer-culturele-activiteiten\/#primaryimage\"},\"thumbnailUrl\":\"https:\/\/www.lesgets.com\/wp\/..\/app\/uploads\/2020\/05\/LesGets_2016_Muse\u0301eMusiqueMe\u0301canique_V.Ducrettet_01.jpg\",\"datePublished\":\"2020-07-27T09:32:22+00:00\",\"dateModified\":\"2021-03-19T14:02:58+00:00\",\"description\":\"Mechanische muziek mueum, bioscoop, bibliotheek, Art'n'Chery gallerij ... Culturele ontdekking staan ook op de agende in Les Gets.\",\"breadcrumb\":{\"@id\":\"https:\/\/www.lesgets.com\/nl\/wat-is-er-te-doen\/zomeractiviteiten\/zomer-culturele-activiteiten\/#breadcrumb\"},\"inLanguage\":\"nl-NL\",\"potentialAction\":[{\"@type\":\"ReadAction\",\"target\":[\"https:\/\/www.lesgets.com\/nl\/wat-is-er-te-doen\/zomeractiviteiten\/zomer-culturele-activiteiten\/\"]}]},{\"@type\":\"ImageObject\",\"inLanguage\":\"nl-NL\",\"@id\":\"https:\/\/www.lesgets.com\/nl\/wat-is-er-te-doen\/zomeractiviteiten\/zomer-culturele-activiteiten\/#primaryimage\",\"url\":\"https:\/\/www.lesgets.com\/wp\/..\/app\/uploads\/2020\/05\/LesGets_2016_Muse\u0301eMusiqueMe\u0301canique_V.Ducrettet_01.jpg\",\"contentUrl\":\"https:\/\/www.lesgets.com\/wp\/..\/app\/uploads\/2020\/05\/LesGets_2016_Muse\u0301eMusiqueMe\u0301canique_V.Ducrettet_01.jpg\",\"width\":1920,\"height\":1282,\"caption\":\"Int\u00e9rieur d'un mus\u00e9e de musique m\u00e9canique avec objets, instruments et tableaux\"},{\"@type\":\"BreadcrumbList\",\"@id\":\"https:\/\/www.lesgets.com\/nl\/wat-is-er-te-doen\/zomeractiviteiten\/zomer-culturele-activiteiten\/#breadcrumb\",\"itemListElement\":[{\"@type\":\"ListItem\",\"position\":1,\"name\":\"Accueil\",\"item\":\"https:\/\/www.lesgets.com\/nl\/\"},{\"@type\":\"ListItem\",\"position\":2,\"name\":\"Wat is er te doen?\",\"item\":\"https:\/\/www.lesgets.com\/nl\/wat-is-er-te-doen\/\"},{\"@type\":\"ListItem\",\"position\":3,\"name\":\"Zomeractiviteiten\",\"item\":\"https:\/\/www.lesgets.com\/nl\/wat-is-er-te-doen\/zomeractiviteiten\/\"},{\"@type\":\"ListItem\",\"position\":4,\"name\":\"Culturele zomeractiviteiten\"}]},{\"@type\":\"WebSite\",\"@id\":\"https:\/\/www.lesgets.com\/en\/#website\",\"url\":\"https:\/\/www.lesgets.com\/en\/\",\"name\":\"Les Gets\",\"description\":\"\",\"publisher\":{\"@id\":\"https:\/\/www.lesgets.com\/en\/#organization\"},\"potentialAction\":[{\"@type\":\"SearchAction\",\"target\":{\"@type\":\"EntryPoint\",\"urlTemplate\":\"https:\/\/www.lesgets.com\/en\/?s={search_term_string}\"},\"query-input\":{\"@type\":\"PropertyValueSpecification\",\"valueRequired\":true,\"valueName\":\"search_term_string\"}}],\"inLanguage\":\"nl-NL\"},{\"@type\":\"Organization\",\"@id\":\"https:\/\/www.lesgets.com\/en\/#organization\",\"name\":\"Les Gets\",\"url\":\"https:\/\/www.lesgets.com\/en\/\",\"logo\":{\"@type\":\"ImageObject\",\"inLanguage\":\"nl-NL\",\"@id\":\"https:\/\/www.lesgets.com\/en\/#\/schema\/logo\/image\/\",\"url\":\"https:\/\/www.lesgets.com\/wp\/..\/app\/uploads\/2020\/06\/logo_lesgets.png\",\"contentUrl\":\"https:\/\/www.lesgets.com\/wp\/..\/app\/uploads\/2020\/06\/logo_lesgets.png\",\"width\":136,\"height\":115,\"caption\":\"Les Gets\"},\"image\":{\"@id\":\"https:\/\/www.lesgets.com\/en\/#\/schema\/logo\/image\/\"}}]}<\/script>\n<!-- \/ Yoast SEO plugin. -->","yoast_head_json":{"title":"Culturele zomeractiviteiten - Alle zomer activiteiten","description":"Mechanische muziek mueum, bioscoop, bibliotheek, Art'n'Chery gallerij ... Culturele ontdekking staan ook op de agende in Les Gets.","robots":{"index":"index","follow":"follow","max-snippet":"max-snippet:-1","max-image-preview":"max-image-preview:large","max-video-preview":"max-video-preview:-1"},"canonical":"https:\/\/www.lesgets.com\/nl\/wat-is-er-te-doen\/zomeractiviteiten\/zomer-culturele-activiteiten\/","og_locale":"nl_NL","og_type":"article","og_title":"Culturele zomeractiviteiten - Alle zomer activiteiten","og_description":"Mechanische muziek mueum, bioscoop, bibliotheek, Art'n'Chery gallerij ... Culturele ontdekking staan ook op de agende in Les Gets.","og_url":"https:\/\/www.lesgets.com\/nl\/wat-is-er-te-doen\/zomeractiviteiten\/zomer-culturele-activiteiten\/","og_site_name":"Les Gets","article_modified_time":"2021-03-19T14:02:58+00:00","og_image":[{"width":1920,"height":1282,"url":"https:\/\/www.lesgets.com\/wp\/..\/app\/uploads\/2020\/05\/LesGets_2016_Muse\u0301eMusiqueMe\u0301canique_V.Ducrettet_01.jpg","type":"image\/jpeg"}],"twitter_card":"summary_large_image","schema":{"@context":"https:\/\/schema.org","@graph":[{"@type":"WebPage","@id":"https:\/\/www.lesgets.com\/nl\/wat-is-er-te-doen\/zomeractiviteiten\/zomer-culturele-activiteiten\/","url":"https:\/\/www.lesgets.com\/nl\/wat-is-er-te-doen\/zomeractiviteiten\/zomer-culturele-activiteiten\/","name":"Culturele zomeractiviteiten - Alle zomer activiteiten","isPartOf":{"@id":"https:\/\/www.lesgets.com\/en\/#website"},"primaryImageOfPage":{"@id":"https:\/\/www.lesgets.com\/nl\/wat-is-er-te-doen\/zomeractiviteiten\/zomer-culturele-activiteiten\/#primaryimage"},"image":{"@id":"https:\/\/www.lesgets.com\/nl\/wat-is-er-te-doen\/zomeractiviteiten\/zomer-culturele-activiteiten\/#primaryimage"},"thumbnailUrl":"https:\/\/www.lesgets.com\/wp\/..\/app\/uploads\/2020\/05\/LesGets_2016_Muse\u0301eMusiqueMe\u0301canique_V.Ducrettet_01.jpg","datePublished":"2020-07-27T09:32:22+00:00","dateModified":"2021-03-19T14:02:58+00:00","description":"Mechanische muziek mueum, bioscoop, bibliotheek, Art'n'Chery gallerij ... Culturele ontdekking staan ook op de agende in Les Gets.","breadcrumb":{"@id":"https:\/\/www.lesgets.com\/nl\/wat-is-er-te-doen\/zomeractiviteiten\/zomer-culturele-activiteiten\/#breadcrumb"},"inLanguage":"nl-NL","potentialAction":[{"@type":"ReadAction","target":["https:\/\/www.lesgets.com\/nl\/wat-is-er-te-doen\/zomeractiviteiten\/zomer-culturele-activiteiten\/"]}]},{"@type":"ImageObject","inLanguage":"nl-NL","@id":"https:\/\/www.lesgets.com\/nl\/wat-is-er-te-doen\/zomeractiviteiten\/zomer-culturele-activiteiten\/#primaryimage","url":"https:\/\/www.lesgets.com\/wp\/..\/app\/uploads\/2020\/05\/LesGets_2016_Muse\u0301eMusiqueMe\u0301canique_V.Ducrettet_01.jpg","contentUrl":"https:\/\/www.lesgets.com\/wp\/..\/app\/uploads\/2020\/05\/LesGets_2016_Muse\u0301eMusiqueMe\u0301canique_V.Ducrettet_01.jpg","width":1920,"height":1282,"caption":"Int\u00e9rieur d'un mus\u00e9e de musique m\u00e9canique avec objets, instruments et tableaux"},{"@type":"BreadcrumbList","@id":"https:\/\/www.lesgets.com\/nl\/wat-is-er-te-doen\/zomeractiviteiten\/zomer-culturele-activiteiten\/#breadcrumb","itemListElement":[{"@type":"ListItem","position":1,"name":"Accueil","item":"https:\/\/www.lesgets.com\/nl\/"},{"@type":"ListItem","position":2,"name":"Wat is er te doen?","item":"https:\/\/www.lesgets.com\/nl\/wat-is-er-te-doen\/"},{"@type":"ListItem","position":3,"name":"Zomeractiviteiten","item":"https:\/\/www.lesgets.com\/nl\/wat-is-er-te-doen\/zomeractiviteiten\/"},{"@type":"ListItem","position":4,"name":"Culturele zomeractiviteiten"}]},{"@type":"WebSite","@id":"https:\/\/www.lesgets.com\/en\/#website","url":"https:\/\/www.lesgets.com\/en\/","name":"Les Gets","description":"","publisher":{"@id":"https:\/\/www.lesgets.com\/en\/#organization"},"potentialAction":[{"@type":"SearchAction","target":{"@type":"EntryPoint","urlTemplate":"https:\/\/www.lesgets.com\/en\/?s={search_term_string}"},"query-input":{"@type":"PropertyValueSpecification","valueRequired":true,"valueName":"search_term_string"}}],"inLanguage":"nl-NL"},{"@type":"Organization","@id":"https:\/\/www.lesgets.com\/en\/#organization","name":"Les Gets","url":"https:\/\/www.lesgets.com\/en\/","logo":{"@type":"ImageObject","inLanguage":"nl-NL","@id":"https:\/\/www.lesgets.com\/en\/#\/schema\/logo\/image\/","url":"https:\/\/www.lesgets.com\/wp\/..\/app\/uploads\/2020\/06\/logo_lesgets.png","contentUrl":"https:\/\/www.lesgets.com\/wp\/..\/app\/uploads\/2020\/06\/logo_lesgets.png","width":136,"height":115,"caption":"Les Gets"},"image":{"@id":"https:\/\/www.lesgets.com\/en\/#\/schema\/logo\/image\/"}}]}},"featured_image_src":"https:\/\/www.lesgets.com\/wp\/..\/app\/uploads\/2020\/05\/LesGets_2016_Muse\u0301eMusiqueMe\u0301canique_V.Ducrettet_01-600x400.jpg","featured_image_src_square":"https:\/\/www.lesgets.com\/wp\/..\/app\/uploads\/2020\/05\/LesGets_2016_Muse\u0301eMusiqueMe\u0301canique_V.Ducrettet_01-600x600.jpg","_links":{"self":[{"href":"https:\/\/www.lesgets.com\/nl\/wp-json\/wp\/v2\/pages\/15596","targetHints":{"allow":["GET"]}}],"collection":[{"href":"https:\/\/www.lesgets.com\/nl\/wp-json\/wp\/v2\/pages"}],"about":[{"href":"https:\/\/www.lesgets.com\/nl\/wp-json\/wp\/v2\/types\/page"}],"author":[{"embeddable":true,"href":"https:\/\/www.lesgets.com\/nl\/wp-json\/wp\/v2\/users\/4"}],"replies":[{"embeddable":true,"href":"https:\/\/www.lesgets.com\/nl\/wp-json\/wp\/v2\/comments?post=15596"}],"version-history":[{"count":5,"href":"https:\/\/www.lesgets.com\/nl\/wp-json\/wp\/v2\/pages\/15596\/revisions"}],"predecessor-version":[{"id":27089,"href":"https:\/\/www.lesgets.com\/nl\/wp-json\/wp\/v2\/pages\/15596\/revisions\/27089"}],"up":[{"embeddable":true,"href":"https:\/\/www.lesgets.com\/nl\/wp-json\/wp\/v2\/pages\/16800"}],"wp:featuredmedia":[{"embeddable":true,"href":"https:\/\/www.lesgets.com\/nl\/wp-json\/wp\/v2\/media\/9662"}],"wp:attachment":[{"href":"https:\/\/www.lesgets.com\/nl\/wp-json\/wp\/v2\/media?parent=15596"}],"curies":[{"name":"wp","href":"https:\/\/api.w.org\/{rel}","templated":true}]}}