{"id":15608,"date":"2020-07-27T11:50:24","date_gmt":"2020-07-27T09:50:24","guid":{"rendered":"https:\/\/www.lesgets.com\/in-case-of-bad-weather\/"},"modified":"2021-03-19T14:41:33","modified_gmt":"2021-03-19T13:41:33","slug":"in-geval-van-slecht-weer","status":"publish","type":"page","link":"https:\/\/www.lesgets.com\/nl\/wat-is-er-te-doen\/winter-activiteiten\/in-geval-van-slecht-weer\/","title":{"rendered":"In geval van slecht weer in de winter"},"content":{"rendered":"<div class=\"block block-lba-apidae-selection\"><!--BEGIN FILTER -->\r\n<!--BEGIN FILTER -->\r\n\r\n<!--BEGIN ITEMS APIDAE -->\r\n  <p class=\"alert alert-info\">Aucun \u00e9l\u00e9ment trouv\u00e9..!<\/p>\r\n<!--END ITEMS APIDAE -->\r\n\r\n<!--BEGIN PAGINATOR -->\r\n<!--BEGIN PAGINATOR --><\/div>","protected":false},"excerpt":{"rendered":"<p>Het regent buiten en je weet niet wat je moet doen? Les Gets biedt u verschillende binnenactiviteiten om u bij slecht weer te vermaken.<\/p>\n","protected":false},"author":4,"featured_media":1012,"parent":16620,"menu_order":0,"comment_status":"closed","ping_status":"closed","template":"","meta":{"_acf_changed":false,"footnotes":""},"class_list":["post-15608","page","type-page","status-publish","has-post-thumbnail","hentry"],"acf":[],"yoast_head":"<!-- This site is optimized with the Yoast SEO plugin v27.2 - https:\/\/yoast.com\/product\/yoast-seo-wordpress\/ -->\n<title>In geval van slecht weer in de winter - Alle winteractiviteiten - Les Gets<\/title>\n<meta name=\"description\" content=\"Het regent buiten en je weet niet wat je moet doen? Les Gets biedt u verschillende binnenactiviteiten om u bij slecht weer te vermaken.\" \/>\n<meta name=\"robots\" content=\"index, follow, max-snippet:-1, max-image-preview:large, max-video-preview:-1\" \/>\n<link rel=\"canonical\" href=\"https:\/\/www.lesgets.com\/nl\/wat-is-er-te-doen\/winter-activiteiten\/in-geval-van-slecht-weer\/\" \/>\n<meta property=\"og:locale\" content=\"nl_NL\" \/>\n<meta property=\"og:type\" content=\"article\" \/>\n<meta property=\"og:title\" content=\"In geval van slecht weer in de winter - Alle winteractiviteiten - Les Gets\" \/>\n<meta property=\"og:description\" content=\"Het regent buiten en je weet niet wat je moet doen? Les Gets biedt u verschillende binnenactiviteiten om u bij slecht weer te vermaken.\" \/>\n<meta property=\"og:url\" content=\"https:\/\/www.lesgets.com\/nl\/wat-is-er-te-doen\/winter-activiteiten\/in-geval-van-slecht-weer\/\" \/>\n<meta property=\"og:site_name\" content=\"Les Gets\" \/>\n<meta property=\"article:modified_time\" content=\"2021-03-19T13:41:33+00:00\" \/>\n<meta property=\"og:image\" content=\"https:\/\/www.lesgets.com\/wp\/..\/app\/uploads\/2020\/03\/Solaret_SPA-c34_v1.jpg\" \/>\n\t<meta property=\"og:image:width\" content=\"1440\" \/>\n\t<meta property=\"og:image:height\" content=\"828\" \/>\n\t<meta property=\"og:image:type\" content=\"image\/jpeg\" \/>\n<meta name=\"twitter:card\" content=\"summary_large_image\" \/>\n<script type=\"application\/ld+json\" class=\"yoast-schema-graph\">{\"@context\":\"https:\/\/schema.org\",\"@graph\":[{\"@type\":\"WebPage\",\"@id\":\"https:\/\/www.lesgets.com\/nl\/wat-is-er-te-doen\/winter-activiteiten\/in-geval-van-slecht-weer\/\",\"url\":\"https:\/\/www.lesgets.com\/nl\/wat-is-er-te-doen\/winter-activiteiten\/in-geval-van-slecht-weer\/\",\"name\":\"In geval van slecht weer in de winter - Alle winteractiviteiten - Les Gets\",\"isPartOf\":{\"@id\":\"https:\/\/www.lesgets.com\/en\/#website\"},\"primaryImageOfPage\":{\"@id\":\"https:\/\/www.lesgets.com\/nl\/wat-is-er-te-doen\/winter-activiteiten\/in-geval-van-slecht-weer\/#primaryimage\"},\"image\":{\"@id\":\"https:\/\/www.lesgets.com\/nl\/wat-is-er-te-doen\/winter-activiteiten\/in-geval-van-slecht-weer\/#primaryimage\"},\"thumbnailUrl\":\"https:\/\/www.lesgets.com\/wp\/..\/app\/uploads\/2020\/03\/Solaret_SPA-c34_v1.jpg\",\"datePublished\":\"2020-07-27T09:50:24+00:00\",\"dateModified\":\"2021-03-19T13:41:33+00:00\",\"description\":\"Het regent buiten en je weet niet wat je moet doen? Les Gets biedt u verschillende binnenactiviteiten om u bij slecht weer te vermaken.\",\"breadcrumb\":{\"@id\":\"https:\/\/www.lesgets.com\/nl\/wat-is-er-te-doen\/winter-activiteiten\/in-geval-van-slecht-weer\/#breadcrumb\"},\"inLanguage\":\"nl-NL\",\"potentialAction\":[{\"@type\":\"ReadAction\",\"target\":[\"https:\/\/www.lesgets.com\/nl\/wat-is-er-te-doen\/winter-activiteiten\/in-geval-van-slecht-weer\/\"]}]},{\"@type\":\"ImageObject\",\"inLanguage\":\"nl-NL\",\"@id\":\"https:\/\/www.lesgets.com\/nl\/wat-is-er-te-doen\/winter-activiteiten\/in-geval-van-slecht-weer\/#primaryimage\",\"url\":\"https:\/\/www.lesgets.com\/wp\/..\/app\/uploads\/2020\/03\/Solaret_SPA-c34_v1.jpg\",\"contentUrl\":\"https:\/\/www.lesgets.com\/wp\/..\/app\/uploads\/2020\/03\/Solaret_SPA-c34_v1.jpg\",\"width\":1440,\"height\":828,\"caption\":\"Femme et homme dans un spa\"},{\"@type\":\"BreadcrumbList\",\"@id\":\"https:\/\/www.lesgets.com\/nl\/wat-is-er-te-doen\/winter-activiteiten\/in-geval-van-slecht-weer\/#breadcrumb\",\"itemListElement\":[{\"@type\":\"ListItem\",\"position\":1,\"name\":\"Accueil\",\"item\":\"https:\/\/www.lesgets.com\/nl\/\"},{\"@type\":\"ListItem\",\"position\":2,\"name\":\"Wat is er te doen?\",\"item\":\"https:\/\/www.lesgets.com\/nl\/wat-is-er-te-doen\/\"},{\"@type\":\"ListItem\",\"position\":3,\"name\":\"Winter activiteiten\",\"item\":\"https:\/\/www.lesgets.com\/nl\/wat-is-er-te-doen\/winter-activiteiten\/\"},{\"@type\":\"ListItem\",\"position\":4,\"name\":\"In geval van slecht weer in de winter\"}]},{\"@type\":\"WebSite\",\"@id\":\"https:\/\/www.lesgets.com\/en\/#website\",\"url\":\"https:\/\/www.lesgets.com\/en\/\",\"name\":\"Les Gets\",\"description\":\"\",\"publisher\":{\"@id\":\"https:\/\/www.lesgets.com\/en\/#organization\"},\"potentialAction\":[{\"@type\":\"SearchAction\",\"target\":{\"@type\":\"EntryPoint\",\"urlTemplate\":\"https:\/\/www.lesgets.com\/en\/?s={search_term_string}\"},\"query-input\":{\"@type\":\"PropertyValueSpecification\",\"valueRequired\":true,\"valueName\":\"search_term_string\"}}],\"inLanguage\":\"nl-NL\"},{\"@type\":\"Organization\",\"@id\":\"https:\/\/www.lesgets.com\/en\/#organization\",\"name\":\"Les Gets\",\"url\":\"https:\/\/www.lesgets.com\/en\/\",\"logo\":{\"@type\":\"ImageObject\",\"inLanguage\":\"nl-NL\",\"@id\":\"https:\/\/www.lesgets.com\/en\/#\/schema\/logo\/image\/\",\"url\":\"https:\/\/www.lesgets.com\/wp\/..\/app\/uploads\/2020\/06\/logo_lesgets.png\",\"contentUrl\":\"https:\/\/www.lesgets.com\/wp\/..\/app\/uploads\/2020\/06\/logo_lesgets.png\",\"width\":136,\"height\":115,\"caption\":\"Les Gets\"},\"image\":{\"@id\":\"https:\/\/www.lesgets.com\/en\/#\/schema\/logo\/image\/\"}}]}<\/script>\n<!-- \/ Yoast SEO plugin. -->","yoast_head_json":{"title":"In geval van slecht weer in de winter - Alle winteractiviteiten - Les Gets","description":"Het regent buiten en je weet niet wat je moet doen? Les Gets biedt u verschillende binnenactiviteiten om u bij slecht weer te vermaken.","robots":{"index":"index","follow":"follow","max-snippet":"max-snippet:-1","max-image-preview":"max-image-preview:large","max-video-preview":"max-video-preview:-1"},"canonical":"https:\/\/www.lesgets.com\/nl\/wat-is-er-te-doen\/winter-activiteiten\/in-geval-van-slecht-weer\/","og_locale":"nl_NL","og_type":"article","og_title":"In geval van slecht weer in de winter - Alle winteractiviteiten - Les Gets","og_description":"Het regent buiten en je weet niet wat je moet doen? Les Gets biedt u verschillende binnenactiviteiten om u bij slecht weer te vermaken.","og_url":"https:\/\/www.lesgets.com\/nl\/wat-is-er-te-doen\/winter-activiteiten\/in-geval-van-slecht-weer\/","og_site_name":"Les Gets","article_modified_time":"2021-03-19T13:41:33+00:00","og_image":[{"width":1440,"height":828,"url":"https:\/\/www.lesgets.com\/wp\/..\/app\/uploads\/2020\/03\/Solaret_SPA-c34_v1.jpg","type":"image\/jpeg"}],"twitter_card":"summary_large_image","schema":{"@context":"https:\/\/schema.org","@graph":[{"@type":"WebPage","@id":"https:\/\/www.lesgets.com\/nl\/wat-is-er-te-doen\/winter-activiteiten\/in-geval-van-slecht-weer\/","url":"https:\/\/www.lesgets.com\/nl\/wat-is-er-te-doen\/winter-activiteiten\/in-geval-van-slecht-weer\/","name":"In geval van slecht weer in de winter - Alle winteractiviteiten - Les Gets","isPartOf":{"@id":"https:\/\/www.lesgets.com\/en\/#website"},"primaryImageOfPage":{"@id":"https:\/\/www.lesgets.com\/nl\/wat-is-er-te-doen\/winter-activiteiten\/in-geval-van-slecht-weer\/#primaryimage"},"image":{"@id":"https:\/\/www.lesgets.com\/nl\/wat-is-er-te-doen\/winter-activiteiten\/in-geval-van-slecht-weer\/#primaryimage"},"thumbnailUrl":"https:\/\/www.lesgets.com\/wp\/..\/app\/uploads\/2020\/03\/Solaret_SPA-c34_v1.jpg","datePublished":"2020-07-27T09:50:24+00:00","dateModified":"2021-03-19T13:41:33+00:00","description":"Het regent buiten en je weet niet wat je moet doen? Les Gets biedt u verschillende binnenactiviteiten om u bij slecht weer te vermaken.","breadcrumb":{"@id":"https:\/\/www.lesgets.com\/nl\/wat-is-er-te-doen\/winter-activiteiten\/in-geval-van-slecht-weer\/#breadcrumb"},"inLanguage":"nl-NL","potentialAction":[{"@type":"ReadAction","target":["https:\/\/www.lesgets.com\/nl\/wat-is-er-te-doen\/winter-activiteiten\/in-geval-van-slecht-weer\/"]}]},{"@type":"ImageObject","inLanguage":"nl-NL","@id":"https:\/\/www.lesgets.com\/nl\/wat-is-er-te-doen\/winter-activiteiten\/in-geval-van-slecht-weer\/#primaryimage","url":"https:\/\/www.lesgets.com\/wp\/..\/app\/uploads\/2020\/03\/Solaret_SPA-c34_v1.jpg","contentUrl":"https:\/\/www.lesgets.com\/wp\/..\/app\/uploads\/2020\/03\/Solaret_SPA-c34_v1.jpg","width":1440,"height":828,"caption":"Femme et homme dans un spa"},{"@type":"BreadcrumbList","@id":"https:\/\/www.lesgets.com\/nl\/wat-is-er-te-doen\/winter-activiteiten\/in-geval-van-slecht-weer\/#breadcrumb","itemListElement":[{"@type":"ListItem","position":1,"name":"Accueil","item":"https:\/\/www.lesgets.com\/nl\/"},{"@type":"ListItem","position":2,"name":"Wat is er te doen?","item":"https:\/\/www.lesgets.com\/nl\/wat-is-er-te-doen\/"},{"@type":"ListItem","position":3,"name":"Winter activiteiten","item":"https:\/\/www.lesgets.com\/nl\/wat-is-er-te-doen\/winter-activiteiten\/"},{"@type":"ListItem","position":4,"name":"In geval van slecht weer in de winter"}]},{"@type":"WebSite","@id":"https:\/\/www.lesgets.com\/en\/#website","url":"https:\/\/www.lesgets.com\/en\/","name":"Les Gets","description":"","publisher":{"@id":"https:\/\/www.lesgets.com\/en\/#organization"},"potentialAction":[{"@type":"SearchAction","target":{"@type":"EntryPoint","urlTemplate":"https:\/\/www.lesgets.com\/en\/?s={search_term_string}"},"query-input":{"@type":"PropertyValueSpecification","valueRequired":true,"valueName":"search_term_string"}}],"inLanguage":"nl-NL"},{"@type":"Organization","@id":"https:\/\/www.lesgets.com\/en\/#organization","name":"Les Gets","url":"https:\/\/www.lesgets.com\/en\/","logo":{"@type":"ImageObject","inLanguage":"nl-NL","@id":"https:\/\/www.lesgets.com\/en\/#\/schema\/logo\/image\/","url":"https:\/\/www.lesgets.com\/wp\/..\/app\/uploads\/2020\/06\/logo_lesgets.png","contentUrl":"https:\/\/www.lesgets.com\/wp\/..\/app\/uploads\/2020\/06\/logo_lesgets.png","width":136,"height":115,"caption":"Les Gets"},"image":{"@id":"https:\/\/www.lesgets.com\/en\/#\/schema\/logo\/image\/"}}]}},"featured_image_src":"https:\/\/www.lesgets.com\/wp\/..\/app\/uploads\/2020\/03\/Solaret_SPA-c34_v1-600x400.jpg","featured_image_src_square":"https:\/\/www.lesgets.com\/wp\/..\/app\/uploads\/2020\/03\/Solaret_SPA-c34_v1-600x600.jpg","_links":{"self":[{"href":"https:\/\/www.lesgets.com\/nl\/wp-json\/wp\/v2\/pages\/15608","targetHints":{"allow":["GET"]}}],"collection":[{"href":"https:\/\/www.lesgets.com\/nl\/wp-json\/wp\/v2\/pages"}],"about":[{"href":"https:\/\/www.lesgets.com\/nl\/wp-json\/wp\/v2\/types\/page"}],"author":[{"embeddable":true,"href":"https:\/\/www.lesgets.com\/nl\/wp-json\/wp\/v2\/users\/4"}],"replies":[{"embeddable":true,"href":"https:\/\/www.lesgets.com\/nl\/wp-json\/wp\/v2\/comments?post=15608"}],"version-history":[{"count":5,"href":"https:\/\/www.lesgets.com\/nl\/wp-json\/wp\/v2\/pages\/15608\/revisions"}],"predecessor-version":[{"id":27065,"href":"https:\/\/www.lesgets.com\/nl\/wp-json\/wp\/v2\/pages\/15608\/revisions\/27065"}],"up":[{"embeddable":true,"href":"https:\/\/www.lesgets.com\/nl\/wp-json\/wp\/v2\/pages\/16620"}],"wp:featuredmedia":[{"embeddable":true,"href":"https:\/\/www.lesgets.com\/nl\/wp-json\/wp\/v2\/media\/1012"}],"wp:attachment":[{"href":"https:\/\/www.lesgets.com\/nl\/wp-json\/wp\/v2\/media?parent=15608"}],"curies":[{"name":"wp","href":"https:\/\/api.w.org\/{rel}","templated":true}]}}