{"id":15617,"date":"2020-07-27T11:56:36","date_gmt":"2020-07-27T09:56:36","guid":{"rendered":"https:\/\/www.lesgets.com\/yoga\/"},"modified":"2021-03-19T15:35:17","modified_gmt":"2021-03-19T14:35:17","slug":"yoga","status":"publish","type":"page","link":"https:\/\/www.lesgets.com\/nl\/wat-is-er-te-doen\/welzijn-en-ontspanning\/yoga\/","title":{"rendered":"Yoga"},"content":{"rendered":"<div class=\"block block-lba-apidae-selection\"><!--BEGIN FILTER -->\r\n<!--BEGIN FILTER -->\r\n\r\n<!--BEGIN ITEMS APIDAE -->\r\n  <div class=\"selection-mode-default\">\r\n          <div class=\"card 0-3places 0-3pieces\">\r\n        <div class=\"row\">\r\n          <div class=\"col-md-3\">\r\n            <img decoding=\"async\" src=\"https:\/\/static.apidae-tourisme.com\/filestore\/objets-touristiques\/images\/228\/221\/33152484-fiche.jpg\" class=\"w-100\"\r\n                 alt=\"Image photo yoga danseur - 4000 (1 sur 1)\">\r\n          <\/div>\r\n          <div class=\"col-md-7\">\r\n            <div class=\"card-block px-1\">\r\n              <h2 class=\"card-title\">\r\n                                    <a href=\"https:\/\/www.lesgets.com\/nl\/details\/mountain-explaura-6324945-Nl\/\">Mountain Expl&#8217;Aura<\/a>\r\n                              <\/h2>\r\n              <p class=\"classement\"><\/p>\r\n              <p class=\"card-text\">Wandelen en Yoga<\/p>\r\n            <\/div>\r\n          <\/div>\r\n          <div class=\"col-md-2\">\r\n                            <a href=\"https:\/\/www.lesgets.com\/nl\/details\/mountain-explaura-6324945-Nl\/\" class=\"btn\">Meer zien<\/a>\r\n                      <\/div>\r\n        <\/div>\r\n      <\/div>\r\n      <\/div>\r\n<!--END ITEMS APIDAE -->\r\n\r\n<!--BEGIN PAGINATOR -->\r\n<!--BEGIN PAGINATOR --><\/div>","protected":false},"excerpt":{"rendered":"<p>Zonnegroet voor de Mont Blanc of naast een meer met turkooisblauw water. Ontdek yoga in Les Gets zoals je het nog nooit eerder hebt beoefend&#8230;<\/p>\n","protected":false},"author":4,"featured_media":1028,"parent":16645,"menu_order":2,"comment_status":"closed","ping_status":"closed","template":"","meta":{"_acf_changed":false,"footnotes":""},"class_list":["post-15617","page","type-page","status-publish","has-post-thumbnail","hentry"],"acf":[],"yoast_head":"<!-- This site is optimized with the Yoast SEO plugin v27.3 - https:\/\/yoast.com\/product\/yoast-seo-wordpress\/ -->\n<title>Yoga - welzijn en ontspanning- Les Gets<\/title>\n<meta name=\"description\" content=\"Zonnegroet voor de Mont Blanc of naast een meer met turkooisblauw water. Ontdek yoga in Les Gets zoals je het nog nooit eerder hebt beoefend...\" \/>\n<meta name=\"robots\" content=\"index, follow, max-snippet:-1, max-image-preview:large, max-video-preview:-1\" \/>\n<link rel=\"canonical\" href=\"https:\/\/www.lesgets.com\/nl\/wat-is-er-te-doen\/welzijn-en-ontspanning\/yoga\/\" \/>\n<meta property=\"og:locale\" content=\"nl_NL\" \/>\n<meta property=\"og:type\" content=\"article\" \/>\n<meta property=\"og:title\" content=\"Yoga - welzijn en ontspanning- Les Gets\" \/>\n<meta property=\"og:description\" content=\"Zonnegroet voor de Mont Blanc of naast een meer met turkooisblauw water. Ontdek yoga in Les Gets zoals je het nog nooit eerder hebt beoefend...\" \/>\n<meta property=\"og:url\" content=\"https:\/\/www.lesgets.com\/nl\/wat-is-er-te-doen\/welzijn-en-ontspanning\/yoga\/\" \/>\n<meta property=\"og:site_name\" content=\"Les Gets\" \/>\n<meta property=\"article:modified_time\" content=\"2021-03-19T14:35:17+00:00\" \/>\n<meta property=\"og:image\" content=\"https:\/\/www.lesgets.com\/wp\/..\/app\/uploads\/2020\/03\/yoga2.jpg\" \/>\n\t<meta property=\"og:image:width\" content=\"1152\" \/>\n\t<meta property=\"og:image:height\" content=\"768\" \/>\n\t<meta property=\"og:image:type\" content=\"image\/jpeg\" \/>\n<meta name=\"twitter:card\" content=\"summary_large_image\" \/>\n<script type=\"application\/ld+json\" class=\"yoast-schema-graph\">{\"@context\":\"https:\\\/\\\/schema.org\",\"@graph\":[{\"@type\":\"WebPage\",\"@id\":\"https:\\\/\\\/www.lesgets.com\\\/nl\\\/wat-is-er-te-doen\\\/welzijn-en-ontspanning\\\/yoga\\\/\",\"url\":\"https:\\\/\\\/www.lesgets.com\\\/nl\\\/wat-is-er-te-doen\\\/welzijn-en-ontspanning\\\/yoga\\\/\",\"name\":\"Yoga - welzijn en ontspanning- Les Gets\",\"isPartOf\":{\"@id\":\"https:\\\/\\\/www.lesgets.com\\\/en\\\/#website\"},\"primaryImageOfPage\":{\"@id\":\"https:\\\/\\\/www.lesgets.com\\\/nl\\\/wat-is-er-te-doen\\\/welzijn-en-ontspanning\\\/yoga\\\/#primaryimage\"},\"image\":{\"@id\":\"https:\\\/\\\/www.lesgets.com\\\/nl\\\/wat-is-er-te-doen\\\/welzijn-en-ontspanning\\\/yoga\\\/#primaryimage\"},\"thumbnailUrl\":\"https:\\\/\\\/www.lesgets.com\\\/wp\\\/..\\\/app\\\/uploads\\\/2020\\\/03\\\/yoga2.jpg\",\"datePublished\":\"2020-07-27T09:56:36+00:00\",\"dateModified\":\"2021-03-19T14:35:17+00:00\",\"description\":\"Zonnegroet voor de Mont Blanc of naast een meer met turkooisblauw water. Ontdek yoga in Les Gets zoals je het nog nooit eerder hebt beoefend...\",\"breadcrumb\":{\"@id\":\"https:\\\/\\\/www.lesgets.com\\\/nl\\\/wat-is-er-te-doen\\\/welzijn-en-ontspanning\\\/yoga\\\/#breadcrumb\"},\"inLanguage\":\"nl-NL\",\"potentialAction\":[{\"@type\":\"ReadAction\",\"target\":[\"https:\\\/\\\/www.lesgets.com\\\/nl\\\/wat-is-er-te-doen\\\/welzijn-en-ontspanning\\\/yoga\\\/\"]}]},{\"@type\":\"ImageObject\",\"inLanguage\":\"nl-NL\",\"@id\":\"https:\\\/\\\/www.lesgets.com\\\/nl\\\/wat-is-er-te-doen\\\/welzijn-en-ontspanning\\\/yoga\\\/#primaryimage\",\"url\":\"https:\\\/\\\/www.lesgets.com\\\/wp\\\/..\\\/app\\\/uploads\\\/2020\\\/03\\\/yoga2.jpg\",\"contentUrl\":\"https:\\\/\\\/www.lesgets.com\\\/wp\\\/..\\\/app\\\/uploads\\\/2020\\\/03\\\/yoga2.jpg\",\"width\":1152,\"height\":768,\"caption\":\"Deux personnes faisant du yoga en hiver avec t\u00e9l\u00e9cabine derri\u00e8re\"},{\"@type\":\"BreadcrumbList\",\"@id\":\"https:\\\/\\\/www.lesgets.com\\\/nl\\\/wat-is-er-te-doen\\\/welzijn-en-ontspanning\\\/yoga\\\/#breadcrumb\",\"itemListElement\":[{\"@type\":\"ListItem\",\"position\":1,\"name\":\"Accueil\",\"item\":\"https:\\\/\\\/www.lesgets.com\\\/nl\\\/\"},{\"@type\":\"ListItem\",\"position\":2,\"name\":\"Wat is er te doen?\",\"item\":\"https:\\\/\\\/www.lesgets.com\\\/nl\\\/wat-is-er-te-doen\\\/\"},{\"@type\":\"ListItem\",\"position\":3,\"name\":\"Welzijn en ontspanning\",\"item\":\"https:\\\/\\\/www.lesgets.com\\\/nl\\\/wat-is-er-te-doen\\\/welzijn-en-ontspanning\\\/\"},{\"@type\":\"ListItem\",\"position\":4,\"name\":\"Yoga\"}]},{\"@type\":\"WebSite\",\"@id\":\"https:\\\/\\\/www.lesgets.com\\\/en\\\/#website\",\"url\":\"https:\\\/\\\/www.lesgets.com\\\/en\\\/\",\"name\":\"Les Gets\",\"description\":\"\",\"publisher\":{\"@id\":\"https:\\\/\\\/www.lesgets.com\\\/en\\\/#organization\"},\"potentialAction\":[{\"@type\":\"SearchAction\",\"target\":{\"@type\":\"EntryPoint\",\"urlTemplate\":\"https:\\\/\\\/www.lesgets.com\\\/en\\\/?s={search_term_string}\"},\"query-input\":{\"@type\":\"PropertyValueSpecification\",\"valueRequired\":true,\"valueName\":\"search_term_string\"}}],\"inLanguage\":\"nl-NL\"},{\"@type\":\"Organization\",\"@id\":\"https:\\\/\\\/www.lesgets.com\\\/en\\\/#organization\",\"name\":\"Les Gets\",\"url\":\"https:\\\/\\\/www.lesgets.com\\\/en\\\/\",\"logo\":{\"@type\":\"ImageObject\",\"inLanguage\":\"nl-NL\",\"@id\":\"https:\\\/\\\/www.lesgets.com\\\/en\\\/#\\\/schema\\\/logo\\\/image\\\/\",\"url\":\"https:\\\/\\\/www.lesgets.com\\\/wp\\\/..\\\/app\\\/uploads\\\/2020\\\/06\\\/logo_lesgets.png\",\"contentUrl\":\"https:\\\/\\\/www.lesgets.com\\\/wp\\\/..\\\/app\\\/uploads\\\/2020\\\/06\\\/logo_lesgets.png\",\"width\":136,\"height\":115,\"caption\":\"Les Gets\"},\"image\":{\"@id\":\"https:\\\/\\\/www.lesgets.com\\\/en\\\/#\\\/schema\\\/logo\\\/image\\\/\"}}]}<\/script>\n<!-- \/ Yoast SEO plugin. -->","yoast_head_json":{"title":"Yoga - welzijn en ontspanning- Les Gets","description":"Zonnegroet voor de Mont Blanc of naast een meer met turkooisblauw water. Ontdek yoga in Les Gets zoals je het nog nooit eerder hebt beoefend...","robots":{"index":"index","follow":"follow","max-snippet":"max-snippet:-1","max-image-preview":"max-image-preview:large","max-video-preview":"max-video-preview:-1"},"canonical":"https:\/\/www.lesgets.com\/nl\/wat-is-er-te-doen\/welzijn-en-ontspanning\/yoga\/","og_locale":"nl_NL","og_type":"article","og_title":"Yoga - welzijn en ontspanning- Les Gets","og_description":"Zonnegroet voor de Mont Blanc of naast een meer met turkooisblauw water. Ontdek yoga in Les Gets zoals je het nog nooit eerder hebt beoefend...","og_url":"https:\/\/www.lesgets.com\/nl\/wat-is-er-te-doen\/welzijn-en-ontspanning\/yoga\/","og_site_name":"Les Gets","article_modified_time":"2021-03-19T14:35:17+00:00","og_image":[{"width":1152,"height":768,"url":"https:\/\/www.lesgets.com\/wp\/..\/app\/uploads\/2020\/03\/yoga2.jpg","type":"image\/jpeg"}],"twitter_card":"summary_large_image","schema":{"@context":"https:\/\/schema.org","@graph":[{"@type":"WebPage","@id":"https:\/\/www.lesgets.com\/nl\/wat-is-er-te-doen\/welzijn-en-ontspanning\/yoga\/","url":"https:\/\/www.lesgets.com\/nl\/wat-is-er-te-doen\/welzijn-en-ontspanning\/yoga\/","name":"Yoga - welzijn en ontspanning- Les Gets","isPartOf":{"@id":"https:\/\/www.lesgets.com\/en\/#website"},"primaryImageOfPage":{"@id":"https:\/\/www.lesgets.com\/nl\/wat-is-er-te-doen\/welzijn-en-ontspanning\/yoga\/#primaryimage"},"image":{"@id":"https:\/\/www.lesgets.com\/nl\/wat-is-er-te-doen\/welzijn-en-ontspanning\/yoga\/#primaryimage"},"thumbnailUrl":"https:\/\/www.lesgets.com\/wp\/..\/app\/uploads\/2020\/03\/yoga2.jpg","datePublished":"2020-07-27T09:56:36+00:00","dateModified":"2021-03-19T14:35:17+00:00","description":"Zonnegroet voor de Mont Blanc of naast een meer met turkooisblauw water. Ontdek yoga in Les Gets zoals je het nog nooit eerder hebt beoefend...","breadcrumb":{"@id":"https:\/\/www.lesgets.com\/nl\/wat-is-er-te-doen\/welzijn-en-ontspanning\/yoga\/#breadcrumb"},"inLanguage":"nl-NL","potentialAction":[{"@type":"ReadAction","target":["https:\/\/www.lesgets.com\/nl\/wat-is-er-te-doen\/welzijn-en-ontspanning\/yoga\/"]}]},{"@type":"ImageObject","inLanguage":"nl-NL","@id":"https:\/\/www.lesgets.com\/nl\/wat-is-er-te-doen\/welzijn-en-ontspanning\/yoga\/#primaryimage","url":"https:\/\/www.lesgets.com\/wp\/..\/app\/uploads\/2020\/03\/yoga2.jpg","contentUrl":"https:\/\/www.lesgets.com\/wp\/..\/app\/uploads\/2020\/03\/yoga2.jpg","width":1152,"height":768,"caption":"Deux personnes faisant du yoga en hiver avec t\u00e9l\u00e9cabine derri\u00e8re"},{"@type":"BreadcrumbList","@id":"https:\/\/www.lesgets.com\/nl\/wat-is-er-te-doen\/welzijn-en-ontspanning\/yoga\/#breadcrumb","itemListElement":[{"@type":"ListItem","position":1,"name":"Accueil","item":"https:\/\/www.lesgets.com\/nl\/"},{"@type":"ListItem","position":2,"name":"Wat is er te doen?","item":"https:\/\/www.lesgets.com\/nl\/wat-is-er-te-doen\/"},{"@type":"ListItem","position":3,"name":"Welzijn en ontspanning","item":"https:\/\/www.lesgets.com\/nl\/wat-is-er-te-doen\/welzijn-en-ontspanning\/"},{"@type":"ListItem","position":4,"name":"Yoga"}]},{"@type":"WebSite","@id":"https:\/\/www.lesgets.com\/en\/#website","url":"https:\/\/www.lesgets.com\/en\/","name":"Les Gets","description":"","publisher":{"@id":"https:\/\/www.lesgets.com\/en\/#organization"},"potentialAction":[{"@type":"SearchAction","target":{"@type":"EntryPoint","urlTemplate":"https:\/\/www.lesgets.com\/en\/?s={search_term_string}"},"query-input":{"@type":"PropertyValueSpecification","valueRequired":true,"valueName":"search_term_string"}}],"inLanguage":"nl-NL"},{"@type":"Organization","@id":"https:\/\/www.lesgets.com\/en\/#organization","name":"Les Gets","url":"https:\/\/www.lesgets.com\/en\/","logo":{"@type":"ImageObject","inLanguage":"nl-NL","@id":"https:\/\/www.lesgets.com\/en\/#\/schema\/logo\/image\/","url":"https:\/\/www.lesgets.com\/wp\/..\/app\/uploads\/2020\/06\/logo_lesgets.png","contentUrl":"https:\/\/www.lesgets.com\/wp\/..\/app\/uploads\/2020\/06\/logo_lesgets.png","width":136,"height":115,"caption":"Les Gets"},"image":{"@id":"https:\/\/www.lesgets.com\/en\/#\/schema\/logo\/image\/"}}]}},"featured_image_src":"https:\/\/www.lesgets.com\/wp\/..\/app\/uploads\/2020\/03\/yoga2-600x400.jpg","featured_image_src_square":"https:\/\/www.lesgets.com\/wp\/..\/app\/uploads\/2020\/03\/yoga2-600x600.jpg","_links":{"self":[{"href":"https:\/\/www.lesgets.com\/nl\/wp-json\/wp\/v2\/pages\/15617","targetHints":{"allow":["GET"]}}],"collection":[{"href":"https:\/\/www.lesgets.com\/nl\/wp-json\/wp\/v2\/pages"}],"about":[{"href":"https:\/\/www.lesgets.com\/nl\/wp-json\/wp\/v2\/types\/page"}],"author":[{"embeddable":true,"href":"https:\/\/www.lesgets.com\/nl\/wp-json\/wp\/v2\/users\/4"}],"replies":[{"embeddable":true,"href":"https:\/\/www.lesgets.com\/nl\/wp-json\/wp\/v2\/comments?post=15617"}],"version-history":[{"count":5,"href":"https:\/\/www.lesgets.com\/nl\/wp-json\/wp\/v2\/pages\/15617\/revisions"}],"predecessor-version":[{"id":27114,"href":"https:\/\/www.lesgets.com\/nl\/wp-json\/wp\/v2\/pages\/15617\/revisions\/27114"}],"up":[{"embeddable":true,"href":"https:\/\/www.lesgets.com\/nl\/wp-json\/wp\/v2\/pages\/16645"}],"wp:featuredmedia":[{"embeddable":true,"href":"https:\/\/www.lesgets.com\/nl\/wp-json\/wp\/v2\/media\/1028"}],"wp:attachment":[{"href":"https:\/\/www.lesgets.com\/nl\/wp-json\/wp\/v2\/media?parent=15617"}],"curies":[{"name":"wp","href":"https:\/\/api.w.org\/{rel}","templated":true}]}}