{"id":15619,"date":"2020-07-27T12:03:04","date_gmt":"2020-07-27T10:03:04","guid":{"rendered":"https:\/\/www.lesgets.com\/alternative-medecine\/"},"modified":"2021-11-26T17:24:13","modified_gmt":"2021-11-26T16:24:13","slug":"alternatieve-geneeswijzen","status":"publish","type":"page","link":"https:\/\/www.lesgets.com\/nl\/wat-is-er-te-doen\/welzijn-en-ontspanning\/alternatieve-geneeswijzen\/","title":{"rendered":"Alternatieve geneeswijzen"},"content":{"rendered":"<div class=\"block block-lba-apidae-selection\"><!--BEGIN FILTER -->\r\n<!--BEGIN FILTER -->\r\n\r\n<!--BEGIN ITEMS APIDAE -->\r\n  <div class=\"selection-mode-default\">\r\n          <div class=\"card 0-3places 0-3pieces\">\r\n        <div class=\"row\">\r\n          <div class=\"col-md-3\">\r\n            <img decoding=\"async\" src=\"https:\/\/static.apidae-tourisme.com\/filestore\/objets-touristiques\/images\/22\/240\/32567318-fiche.jpg\" class=\"w-100\"\r\n                 alt=\"Image 8dd43a497a3034683e284e2f37035148\">\r\n          <\/div>\r\n          <div class=\"col-md-7\">\r\n            <div class=\"card-block px-1\">\r\n              <h2 class=\"card-title\">\r\n                                    <a href=\"https:\/\/www.lesgets.com\/nl\/details\/ame-hollistics-valerie-antonicelli-7439169-Nl\/\">Ame hollistics &#8211; Val\u00e9rie Antonicelli<\/a>\r\n                              <\/h2>\r\n              <p class=\"classement\"><\/p>\r\n              <p class=\"card-text\">Shiatsu- en nutri-detoxbegeleiding met Val\u00e9rie Antonicelli<\/p>\r\n            <\/div>\r\n          <\/div>\r\n          <div class=\"col-md-2\">\r\n                            <a href=\"https:\/\/www.lesgets.com\/nl\/details\/ame-hollistics-valerie-antonicelli-7439169-Nl\/\" class=\"btn\">Meer zien<\/a>\r\n                      <\/div>\r\n        <\/div>\r\n      <\/div>\r\n          <div class=\"card 0-3places 0-3pieces\">\r\n        <div class=\"row\">\r\n          <div class=\"col-md-3\">\r\n            <img decoding=\"async\" src=\"https:\/\/static.apidae-tourisme.com\/filestore\/objets-touristiques\/images\/229\/225\/31384037-fiche.jpg\" class=\"w-100\"\r\n                 alt=\"Image 9b588ca5e48fb8fb7d67\">\r\n          <\/div>\r\n          <div class=\"col-md-7\">\r\n            <div class=\"card-block px-1\">\r\n              <h2 class=\"card-title\">\r\n                                    <a href=\"https:\/\/www.lesgets.com\/nl\/details\/cest-si-simple-7171030-Nl\/\">C&#8217;est si simple<\/a>\r\n                              <\/h2>\r\n              <p class=\"classement\"><\/p>\r\n              <p class=\"card-text\">Soins \u00e9nerg\u00e9tiques et magn\u00e9tisme canalis\u00e9s. Formations.\nCommunication par t\u00e9l\u00e9pathie (animaux, enfants, b\u00e9b\u00e9s&#8230;).<\/p>\r\n            <\/div>\r\n          <\/div>\r\n          <div class=\"col-md-2\">\r\n                            <a href=\"https:\/\/www.lesgets.com\/nl\/details\/cest-si-simple-7171030-Nl\/\" class=\"btn\">Meer zien<\/a>\r\n                      <\/div>\r\n        <\/div>\r\n      <\/div>\r\n      <\/div>\r\n<!--END ITEMS APIDAE -->\r\n\r\n<!--BEGIN PAGINATOR -->\r\n<!--BEGIN PAGINATOR --><\/div>","protected":false},"excerpt":{"rendered":"<p>Reflexologie, hypnose, Shiatsu &#8230; Vind hier de alternatieve geneeswijzen op maat in Les Gets.<\/p>\n","protected":false},"author":4,"featured_media":11551,"parent":16645,"menu_order":3,"comment_status":"closed","ping_status":"closed","template":"","meta":{"_acf_changed":false,"footnotes":""},"class_list":["post-15619","page","type-page","status-publish","has-post-thumbnail","hentry"],"acf":[],"yoast_head":"<!-- This site is optimized with the Yoast SEO plugin v27.2 - https:\/\/yoast.com\/product\/yoast-seo-wordpress\/ -->\n<title>Alternatieve geneeswijzen - welzijn en ontspanning - Les Gets<\/title>\n<meta name=\"description\" content=\"Reflexologie, hypnose, Shiatsu ... Vind hier de alternatieve geneeswijzen op maat in Les Gets.\" \/>\n<meta name=\"robots\" content=\"index, follow, max-snippet:-1, max-image-preview:large, max-video-preview:-1\" \/>\n<link rel=\"canonical\" href=\"https:\/\/www.lesgets.com\/nl\/wat-is-er-te-doen\/welzijn-en-ontspanning\/alternatieve-geneeswijzen\/\" \/>\n<meta property=\"og:locale\" content=\"nl_NL\" \/>\n<meta property=\"og:type\" content=\"article\" \/>\n<meta property=\"og:title\" content=\"Alternatieve geneeswijzen - welzijn en ontspanning - Les Gets\" \/>\n<meta property=\"og:description\" content=\"Reflexologie, hypnose, Shiatsu ... Vind hier de alternatieve geneeswijzen op maat in Les Gets.\" \/>\n<meta property=\"og:url\" content=\"https:\/\/www.lesgets.com\/nl\/wat-is-er-te-doen\/welzijn-en-ontspanning\/alternatieve-geneeswijzen\/\" \/>\n<meta property=\"og:site_name\" content=\"Les Gets\" \/>\n<meta property=\"article:modified_time\" content=\"2021-11-26T16:24:13+00:00\" \/>\n<meta property=\"og:image\" content=\"https:\/\/www.lesgets.com\/wp\/..\/app\/uploads\/2020\/05\/LesGets_2008_biene\u0302tre_SPA.Sereni.Cimes_02.jpg\" \/>\n\t<meta property=\"og:image:width\" content=\"640\" \/>\n\t<meta property=\"og:image:height\" content=\"441\" \/>\n\t<meta property=\"og:image:type\" content=\"image\/jpeg\" \/>\n<meta name=\"twitter:card\" content=\"summary_large_image\" \/>\n<meta name=\"twitter:label1\" content=\"Est. reading time\" \/>\n\t<meta name=\"twitter:data1\" content=\"1 minute\" \/>\n<script type=\"application\/ld+json\" class=\"yoast-schema-graph\">{\"@context\":\"https:\/\/schema.org\",\"@graph\":[{\"@type\":\"WebPage\",\"@id\":\"https:\/\/www.lesgets.com\/nl\/wat-is-er-te-doen\/welzijn-en-ontspanning\/alternatieve-geneeswijzen\/\",\"url\":\"https:\/\/www.lesgets.com\/nl\/wat-is-er-te-doen\/welzijn-en-ontspanning\/alternatieve-geneeswijzen\/\",\"name\":\"Alternatieve geneeswijzen - welzijn en ontspanning - Les Gets\",\"isPartOf\":{\"@id\":\"https:\/\/www.lesgets.com\/en\/#website\"},\"primaryImageOfPage\":{\"@id\":\"https:\/\/www.lesgets.com\/nl\/wat-is-er-te-doen\/welzijn-en-ontspanning\/alternatieve-geneeswijzen\/#primaryimage\"},\"image\":{\"@id\":\"https:\/\/www.lesgets.com\/nl\/wat-is-er-te-doen\/welzijn-en-ontspanning\/alternatieve-geneeswijzen\/#primaryimage\"},\"thumbnailUrl\":\"https:\/\/www.lesgets.com\/wp\/..\/app\/uploads\/2020\/05\/LesGets_2008_biene\u0302tre_SPA.Sereni.Cimes_02.jpg\",\"datePublished\":\"2020-07-27T10:03:04+00:00\",\"dateModified\":\"2021-11-26T16:24:13+00:00\",\"description\":\"Reflexologie, hypnose, Shiatsu ... Vind hier de alternatieve geneeswijzen op maat in Les Gets.\",\"breadcrumb\":{\"@id\":\"https:\/\/www.lesgets.com\/nl\/wat-is-er-te-doen\/welzijn-en-ontspanning\/alternatieve-geneeswijzen\/#breadcrumb\"},\"inLanguage\":\"nl-NL\",\"potentialAction\":[{\"@type\":\"ReadAction\",\"target\":[\"https:\/\/www.lesgets.com\/nl\/wat-is-er-te-doen\/welzijn-en-ontspanning\/alternatieve-geneeswijzen\/\"]}]},{\"@type\":\"ImageObject\",\"inLanguage\":\"nl-NL\",\"@id\":\"https:\/\/www.lesgets.com\/nl\/wat-is-er-te-doen\/welzijn-en-ontspanning\/alternatieve-geneeswijzen\/#primaryimage\",\"url\":\"https:\/\/www.lesgets.com\/wp\/..\/app\/uploads\/2020\/05\/LesGets_2008_biene\u0302tre_SPA.Sereni.Cimes_02.jpg\",\"contentUrl\":\"https:\/\/www.lesgets.com\/wp\/..\/app\/uploads\/2020\/05\/LesGets_2008_biene\u0302tre_SPA.Sereni.Cimes_02.jpg\",\"width\":1772,\"height\":1222,\"caption\":\"dame se faisant masser dans salle avec d\u00e9cor savoyard. Utilisation de cailloux.\"},{\"@type\":\"BreadcrumbList\",\"@id\":\"https:\/\/www.lesgets.com\/nl\/wat-is-er-te-doen\/welzijn-en-ontspanning\/alternatieve-geneeswijzen\/#breadcrumb\",\"itemListElement\":[{\"@type\":\"ListItem\",\"position\":1,\"name\":\"Accueil\",\"item\":\"https:\/\/www.lesgets.com\/nl\/\"},{\"@type\":\"ListItem\",\"position\":2,\"name\":\"Wat is er te doen?\",\"item\":\"https:\/\/www.lesgets.com\/nl\/wat-is-er-te-doen\/\"},{\"@type\":\"ListItem\",\"position\":3,\"name\":\"Welzijn en ontspanning\",\"item\":\"https:\/\/www.lesgets.com\/nl\/wat-is-er-te-doen\/welzijn-en-ontspanning\/\"},{\"@type\":\"ListItem\",\"position\":4,\"name\":\"Alternatieve geneeswijzen\"}]},{\"@type\":\"WebSite\",\"@id\":\"https:\/\/www.lesgets.com\/en\/#website\",\"url\":\"https:\/\/www.lesgets.com\/en\/\",\"name\":\"Les Gets\",\"description\":\"\",\"publisher\":{\"@id\":\"https:\/\/www.lesgets.com\/en\/#organization\"},\"potentialAction\":[{\"@type\":\"SearchAction\",\"target\":{\"@type\":\"EntryPoint\",\"urlTemplate\":\"https:\/\/www.lesgets.com\/en\/?s={search_term_string}\"},\"query-input\":{\"@type\":\"PropertyValueSpecification\",\"valueRequired\":true,\"valueName\":\"search_term_string\"}}],\"inLanguage\":\"nl-NL\"},{\"@type\":\"Organization\",\"@id\":\"https:\/\/www.lesgets.com\/en\/#organization\",\"name\":\"Les Gets\",\"url\":\"https:\/\/www.lesgets.com\/en\/\",\"logo\":{\"@type\":\"ImageObject\",\"inLanguage\":\"nl-NL\",\"@id\":\"https:\/\/www.lesgets.com\/en\/#\/schema\/logo\/image\/\",\"url\":\"https:\/\/www.lesgets.com\/wp\/..\/app\/uploads\/2020\/06\/logo_lesgets.png\",\"contentUrl\":\"https:\/\/www.lesgets.com\/wp\/..\/app\/uploads\/2020\/06\/logo_lesgets.png\",\"width\":136,\"height\":115,\"caption\":\"Les Gets\"},\"image\":{\"@id\":\"https:\/\/www.lesgets.com\/en\/#\/schema\/logo\/image\/\"}}]}<\/script>\n<!-- \/ Yoast SEO plugin. -->","yoast_head_json":{"title":"Alternatieve geneeswijzen - welzijn en ontspanning - Les Gets","description":"Reflexologie, hypnose, Shiatsu ... Vind hier de alternatieve geneeswijzen op maat in Les Gets.","robots":{"index":"index","follow":"follow","max-snippet":"max-snippet:-1","max-image-preview":"max-image-preview:large","max-video-preview":"max-video-preview:-1"},"canonical":"https:\/\/www.lesgets.com\/nl\/wat-is-er-te-doen\/welzijn-en-ontspanning\/alternatieve-geneeswijzen\/","og_locale":"nl_NL","og_type":"article","og_title":"Alternatieve geneeswijzen - welzijn en ontspanning - Les Gets","og_description":"Reflexologie, hypnose, Shiatsu ... Vind hier de alternatieve geneeswijzen op maat in Les Gets.","og_url":"https:\/\/www.lesgets.com\/nl\/wat-is-er-te-doen\/welzijn-en-ontspanning\/alternatieve-geneeswijzen\/","og_site_name":"Les Gets","article_modified_time":"2021-11-26T16:24:13+00:00","og_image":[{"url":"https:\/\/www.lesgets.com\/wp\/..\/app\/uploads\/2020\/05\/LesGets_2008_biene\u0302tre_SPA.Sereni.Cimes_02.jpg","width":640,"height":441,"type":"image\/jpeg"}],"twitter_card":"summary_large_image","twitter_misc":{"Est. reading time":"1 minute"},"schema":{"@context":"https:\/\/schema.org","@graph":[{"@type":"WebPage","@id":"https:\/\/www.lesgets.com\/nl\/wat-is-er-te-doen\/welzijn-en-ontspanning\/alternatieve-geneeswijzen\/","url":"https:\/\/www.lesgets.com\/nl\/wat-is-er-te-doen\/welzijn-en-ontspanning\/alternatieve-geneeswijzen\/","name":"Alternatieve geneeswijzen - welzijn en ontspanning - Les Gets","isPartOf":{"@id":"https:\/\/www.lesgets.com\/en\/#website"},"primaryImageOfPage":{"@id":"https:\/\/www.lesgets.com\/nl\/wat-is-er-te-doen\/welzijn-en-ontspanning\/alternatieve-geneeswijzen\/#primaryimage"},"image":{"@id":"https:\/\/www.lesgets.com\/nl\/wat-is-er-te-doen\/welzijn-en-ontspanning\/alternatieve-geneeswijzen\/#primaryimage"},"thumbnailUrl":"https:\/\/www.lesgets.com\/wp\/..\/app\/uploads\/2020\/05\/LesGets_2008_biene\u0302tre_SPA.Sereni.Cimes_02.jpg","datePublished":"2020-07-27T10:03:04+00:00","dateModified":"2021-11-26T16:24:13+00:00","description":"Reflexologie, hypnose, Shiatsu ... Vind hier de alternatieve geneeswijzen op maat in Les Gets.","breadcrumb":{"@id":"https:\/\/www.lesgets.com\/nl\/wat-is-er-te-doen\/welzijn-en-ontspanning\/alternatieve-geneeswijzen\/#breadcrumb"},"inLanguage":"nl-NL","potentialAction":[{"@type":"ReadAction","target":["https:\/\/www.lesgets.com\/nl\/wat-is-er-te-doen\/welzijn-en-ontspanning\/alternatieve-geneeswijzen\/"]}]},{"@type":"ImageObject","inLanguage":"nl-NL","@id":"https:\/\/www.lesgets.com\/nl\/wat-is-er-te-doen\/welzijn-en-ontspanning\/alternatieve-geneeswijzen\/#primaryimage","url":"https:\/\/www.lesgets.com\/wp\/..\/app\/uploads\/2020\/05\/LesGets_2008_biene\u0302tre_SPA.Sereni.Cimes_02.jpg","contentUrl":"https:\/\/www.lesgets.com\/wp\/..\/app\/uploads\/2020\/05\/LesGets_2008_biene\u0302tre_SPA.Sereni.Cimes_02.jpg","width":1772,"height":1222,"caption":"dame se faisant masser dans salle avec d\u00e9cor savoyard. Utilisation de cailloux."},{"@type":"BreadcrumbList","@id":"https:\/\/www.lesgets.com\/nl\/wat-is-er-te-doen\/welzijn-en-ontspanning\/alternatieve-geneeswijzen\/#breadcrumb","itemListElement":[{"@type":"ListItem","position":1,"name":"Accueil","item":"https:\/\/www.lesgets.com\/nl\/"},{"@type":"ListItem","position":2,"name":"Wat is er te doen?","item":"https:\/\/www.lesgets.com\/nl\/wat-is-er-te-doen\/"},{"@type":"ListItem","position":3,"name":"Welzijn en ontspanning","item":"https:\/\/www.lesgets.com\/nl\/wat-is-er-te-doen\/welzijn-en-ontspanning\/"},{"@type":"ListItem","position":4,"name":"Alternatieve geneeswijzen"}]},{"@type":"WebSite","@id":"https:\/\/www.lesgets.com\/en\/#website","url":"https:\/\/www.lesgets.com\/en\/","name":"Les Gets","description":"","publisher":{"@id":"https:\/\/www.lesgets.com\/en\/#organization"},"potentialAction":[{"@type":"SearchAction","target":{"@type":"EntryPoint","urlTemplate":"https:\/\/www.lesgets.com\/en\/?s={search_term_string}"},"query-input":{"@type":"PropertyValueSpecification","valueRequired":true,"valueName":"search_term_string"}}],"inLanguage":"nl-NL"},{"@type":"Organization","@id":"https:\/\/www.lesgets.com\/en\/#organization","name":"Les Gets","url":"https:\/\/www.lesgets.com\/en\/","logo":{"@type":"ImageObject","inLanguage":"nl-NL","@id":"https:\/\/www.lesgets.com\/en\/#\/schema\/logo\/image\/","url":"https:\/\/www.lesgets.com\/wp\/..\/app\/uploads\/2020\/06\/logo_lesgets.png","contentUrl":"https:\/\/www.lesgets.com\/wp\/..\/app\/uploads\/2020\/06\/logo_lesgets.png","width":136,"height":115,"caption":"Les Gets"},"image":{"@id":"https:\/\/www.lesgets.com\/en\/#\/schema\/logo\/image\/"}}]}},"featured_image_src":"https:\/\/www.lesgets.com\/wp\/..\/app\/uploads\/2020\/05\/LesGets_2008_biene\u0302tre_SPA.Sereni.Cimes_02-600x400.jpg","featured_image_src_square":"https:\/\/www.lesgets.com\/wp\/..\/app\/uploads\/2020\/05\/LesGets_2008_biene\u0302tre_SPA.Sereni.Cimes_02-600x600.jpg","_links":{"self":[{"href":"https:\/\/www.lesgets.com\/nl\/wp-json\/wp\/v2\/pages\/15619","targetHints":{"allow":["GET"]}}],"collection":[{"href":"https:\/\/www.lesgets.com\/nl\/wp-json\/wp\/v2\/pages"}],"about":[{"href":"https:\/\/www.lesgets.com\/nl\/wp-json\/wp\/v2\/types\/page"}],"author":[{"embeddable":true,"href":"https:\/\/www.lesgets.com\/nl\/wp-json\/wp\/v2\/users\/4"}],"replies":[{"embeddable":true,"href":"https:\/\/www.lesgets.com\/nl\/wp-json\/wp\/v2\/comments?post=15619"}],"version-history":[{"count":5,"href":"https:\/\/www.lesgets.com\/nl\/wp-json\/wp\/v2\/pages\/15619\/revisions"}],"predecessor-version":[{"id":33318,"href":"https:\/\/www.lesgets.com\/nl\/wp-json\/wp\/v2\/pages\/15619\/revisions\/33318"}],"up":[{"embeddable":true,"href":"https:\/\/www.lesgets.com\/nl\/wp-json\/wp\/v2\/pages\/16645"}],"wp:featuredmedia":[{"embeddable":true,"href":"https:\/\/www.lesgets.com\/nl\/wp-json\/wp\/v2\/media\/11551"}],"wp:attachment":[{"href":"https:\/\/www.lesgets.com\/nl\/wp-json\/wp\/v2\/media?parent=15619"}],"curies":[{"name":"wp","href":"https:\/\/api.w.org\/{rel}","templated":true}]}}