{"id":15631,"date":"2020-07-27T14:24:35","date_gmt":"2020-07-27T12:24:35","guid":{"rendered":"https:\/\/www.lesgets.com\/multi-pass\/activities-included-in-the-multi-pass\/"},"modified":"2021-03-19T15:37:47","modified_gmt":"2021-03-19T14:37:47","slug":"activiteiten-die-inbegrepen-in-de-multi-pass","status":"publish","type":"page","link":"https:\/\/www.lesgets.com\/nl\/wat-is-er-te-doen\/multi-pass\/activiteiten-die-inbegrepen-in-de-multi-pass\/","title":{"rendered":"Activiteiten die inbegrepen zijn in de Multi Pass"},"content":{"rendered":"<div class=\"block block-lba-apidae-selection\"><!--BEGIN FILTER -->\r\n<!--BEGIN FILTER -->\r\n\r\n<!--BEGIN ITEMS APIDAE -->\r\n  <div class=\"selection-mode-default\">\r\n          <div class=\"card 0-3places 0-3pieces\">\r\n        <div class=\"row\">\r\n          <div class=\"col-md-3\">\r\n            <img decoding=\"async\" src=\"https:\/\/static.apidae-tourisme.com\/filestore\/objets-touristiques\/images\/101\/181\/38516069-fiche.jpg\" class=\"w-100\"\r\n                 alt=\"Image Salle_Cinema\">\r\n          <\/div>\r\n          <div class=\"col-md-7\">\r\n            <div class=\"card-block px-1\">\r\n              <h2 class=\"card-title\">\r\n                                    <a href=\"https:\/\/www.lesgets.com\/nl\/details\/cinema-le-club-204391-Nl\/\">Cin\u00e9ma Le Club<\/a>\r\n                              <\/h2>\r\n              <p class=\"classement\"><\/p>\r\n              <p class=\"card-text\">Dolby SR Sound. Iedere dag een nieuwe film. Programma beschikbaar bij het VVV of in de bioscoop.<\/p>\r\n            <\/div>\r\n          <\/div>\r\n          <div class=\"col-md-2\">\r\n                            <a href=\"https:\/\/www.lesgets.com\/nl\/details\/cinema-le-club-204391-Nl\/\" class=\"btn\">Meer zien<\/a>\r\n                      <\/div>\r\n        <\/div>\r\n      <\/div>\r\n          <div class=\"card 0-3places 0-3pieces\">\r\n        <div class=\"row\">\r\n          <div class=\"col-md-3\">\r\n            <img decoding=\"async\" src=\"https:\/\/static.apidae-tourisme.com\/filestore\/objets-touristiques\/images\/95\/254\/17301087-fiche.jpg\" class=\"w-100\"\r\n                 alt=\"Image 2021_07_21_wibit_plage_lac_LD_LesGets_MelCarle_IMG_1244\">\r\n          <\/div>\r\n          <div class=\"col-md-7\">\r\n            <div class=\"card-block px-1\">\r\n              <h2 class=\"card-title\">\r\n                                    <a href=\"https:\/\/www.lesgets.com\/nl\/details\/meer-des-ecoles-7753643-Nl\/\">Meer &#8220;des Ecoles&#8221;<\/a>\r\n                              <\/h2>\r\n              <p class=\"classement\"><\/p>\r\n              <p class=\"card-text\">Het zwemmeer staat onder toezicht van gekwalificeerd personeel om de veiligheid van iedereen te waarborgen.<\/p>\r\n            <\/div>\r\n          <\/div>\r\n          <div class=\"col-md-2\">\r\n                            <a href=\"https:\/\/www.lesgets.com\/nl\/details\/meer-des-ecoles-7753643-Nl\/\" class=\"btn\">Meer zien<\/a>\r\n                      <\/div>\r\n        <\/div>\r\n      <\/div>\r\n          <div class=\"card 0-3places 0-3pieces\">\r\n        <div class=\"row\">\r\n          <div class=\"col-md-3\">\r\n            <img decoding=\"async\" src=\"https:\/\/static.apidae-tourisme.com\/filestore\/objets-touristiques\/images\/54\/190\/30916150-fiche.jpg\" class=\"w-100\"\r\n                 alt=\"Image b902fd5a5093f7f4f242\">\r\n          <\/div>\r\n          <div class=\"col-md-7\">\r\n            <div class=\"card-block px-1\">\r\n              <h2 class=\"card-title\">\r\n                                    <a href=\"https:\/\/www.lesgets.com\/nl\/details\/museum-van-mechanische-muziek-191340-Nl\/\">Museum van Mechanische Muziek<\/a>\r\n                              <\/h2>\r\n              <p class=\"classement\"><\/p>\r\n              <p class=\"card-text\">Kom en ontdek de ongelooflijke collectie mechanische instrumenten van het museum. Er worden meer dan 1000 stukken tentoongesteld: klokkenspelen, klokken, speeldozen, orchestrions, mechanische piano&#8217;s, snaarinstrumenten, draaiorgels, automaten, fonografen&#8230;<\/p>\r\n            <\/div>\r\n          <\/div>\r\n          <div class=\"col-md-2\">\r\n                            <a href=\"https:\/\/www.lesgets.com\/nl\/details\/museum-van-mechanische-muziek-191340-Nl\/\" class=\"btn\">Meer zien<\/a>\r\n                      <\/div>\r\n        <\/div>\r\n      <\/div>\r\n          <div class=\"card 0-3places 0-3pieces\">\r\n        <div class=\"row\">\r\n          <div class=\"col-md-3\">\r\n            <img decoding=\"async\" src=\"https:\/\/static.apidae-tourisme.com\/filestore\/objets-touristiques\/images\/8\/196\/40027144-fiche.jpg\" class=\"w-100\"\r\n                 alt=\"Image unnamed-scaled-e1751552917524-300x125\">\r\n          <\/div>\r\n          <div class=\"col-md-7\">\r\n            <div class=\"card-block px-1\">\r\n              <h2 class=\"card-title\">\r\n                                    <a href=\"https:\/\/www.lesgets.com\/nl\/details\/perrieres-aventures-7764578-Nl\/\">Perri\u00e8res Aventures<\/a>\r\n                              <\/h2>\r\n              <p class=\"classement\"><\/p>\r\n              <p class=\"card-text\">Located next to the all-season toboggan run, discover Perri\u00e8res Aventures, a brand-new leisure area designed for the whole family. This small, welcoming park invites young and old alike to enjoy time together in a natural, relaxed setting.<\/p>\r\n            <\/div>\r\n          <\/div>\r\n          <div class=\"col-md-2\">\r\n                            <a href=\"https:\/\/www.lesgets.com\/nl\/details\/perrieres-aventures-7764578-Nl\/\" class=\"btn\">Meer zien<\/a>\r\n                      <\/div>\r\n        <\/div>\r\n      <\/div>\r\n          <div class=\"card 0-3places 0-3pieces\">\r\n        <div class=\"row\">\r\n          <div class=\"col-md-3\">\r\n            <img decoding=\"async\" src=\"https:\/\/static.apidae-tourisme.com\/filestore\/objets-touristiques\/images\/141\/150\/17274509-fiche.jpg\" class=\"w-100\"\r\n                 alt=\"Image 2017_09_14_Golf_Lesgets_Peignee_Verticale_Nalet_9926_LD\">\r\n          <\/div>\r\n          <div class=\"col-md-7\">\r\n            <div class=\"card-block px-1\">\r\n              <h2 class=\"card-title\">\r\n                                    <a href=\"https:\/\/www.lesgets.com\/nl\/details\/praktijk-golf-les-gets-6501328-Nl\/\">Praktijk Golf Les Gets<\/a>\r\n                              <\/h2>\r\n              <p class=\"classement\"><\/p>\r\n              <p class=\"card-text\">In Les Gets, drift met uitzicht op de Mont Blanc!\r\nDe driving range van Golf des Gets, gelegen op 55 minuten van Gen\u00e8ve en 30 minuten van het Evian Championship, biedt uitzonderlijke panorama&#8217;s.\r\nKom golfen in deze idyllische omgeving!<\/p>\r\n            <\/div>\r\n          <\/div>\r\n          <div class=\"col-md-2\">\r\n                            <a href=\"https:\/\/www.lesgets.com\/nl\/details\/praktijk-golf-les-gets-6501328-Nl\/\" class=\"btn\">Meer zien<\/a>\r\n                      <\/div>\r\n        <\/div>\r\n      <\/div>\r\n          <div class=\"card 0-3places 0-3pieces\">\r\n        <div class=\"row\">\r\n          <div class=\"col-md-3\">\r\n            <img decoding=\"async\" src=\"https:\/\/static.apidae-tourisme.com\/filestore\/objets-touristiques\/images\/5\/248\/18216965-fiche.jpg\" class=\"w-100\"\r\n                 alt=\"Image 20230707_155918\">\r\n          <\/div>\r\n          <div class=\"col-md-7\">\r\n            <div class=\"card-block px-1\">\r\n              <h2 class=\"card-title\">\r\n                                    <a href=\"https:\/\/www.lesgets.com\/nl\/details\/trampolines-7140173-Nl\/\">Trampolines<\/a>\r\n                              <\/h2>\r\n              <p class=\"classement\"><\/p>\r\n              <p class=\"card-text\">6 trampolines voor iedereen vanaf 3 jaar<\/p>\r\n            <\/div>\r\n          <\/div>\r\n          <div class=\"col-md-2\">\r\n                            <a href=\"https:\/\/www.lesgets.com\/nl\/details\/trampolines-7140173-Nl\/\" class=\"btn\">Meer zien<\/a>\r\n                      <\/div>\r\n        <\/div>\r\n      <\/div>\r\n          <div class=\"card 0-3places 0-3pieces\">\r\n        <div class=\"row\">\r\n          <div class=\"col-md-3\">\r\n            <img decoding=\"async\" src=\"https:\/\/static.apidae-tourisme.com\/filestore\/objets-touristiques\/images\/233\/228\/20899049-fiche.jpg\" class=\"w-100\"\r\n                 alt=\"Image 2023_09_journee_patrimoine_LucieBartholome_LD-29\">\r\n          <\/div>\r\n          <div class=\"col-md-7\">\r\n            <div class=\"card-block px-1\">\r\n              <h2 class=\"card-title\">\r\n                                    <a href=\"https:\/\/www.lesgets.com\/nl\/agenda\/bezoek-aan-de-fruitiere-des-perrieres-6588334-Nl\/\">Bezoek aan de Fruiti\u00e8re des Perri\u00e8res<\/a>\r\n                              <\/h2>\r\n              <p class=\"classement\"><\/p>\r\n              <p class=\"card-text\">De kaasmakerij van Perri\u00e8res is een waar paradijs voor kaasliefhebbers en nieuwsgierigen naar de traditionele kaasmakerij.<\/p>\r\n            <\/div>\r\n          <\/div>\r\n          <div class=\"col-md-2\">\r\n                            <a href=\"https:\/\/www.lesgets.com\/nl\/agenda\/bezoek-aan-de-fruitiere-des-perrieres-6588334-Nl\/\" class=\"btn\">Meer zien<\/a>\r\n                      <\/div>\r\n        <\/div>\r\n      <\/div>\r\n      <\/div>\r\n<!--END ITEMS APIDAE -->\r\n\r\n<!--BEGIN PAGINATOR -->\r\n<!--BEGIN PAGINATOR --><\/div>","protected":false},"excerpt":{"rendered":"<p>Hier is de lijst met onbeperkte activiteiten en services die beschikbaar zijn als onderdeel van de Multi Pass Portes du Soleil.<\/p>\n","protected":false},"author":4,"featured_media":965,"parent":15122,"menu_order":0,"comment_status":"closed","ping_status":"closed","template":"","meta":{"_acf_changed":false,"footnotes":""},"class_list":["post-15631","page","type-page","status-publish","has-post-thumbnail","hentry"],"acf":[],"yoast_head":"<!-- This site is optimized with the Yoast SEO plugin v27.2 - https:\/\/yoast.com\/product\/yoast-seo-wordpress\/ -->\n<title>Activiteiten die inbegrepen zijn in de Multi Pass - Les Gets<\/title>\n<meta name=\"description\" content=\"Hier is de lijst met onbeperkte activiteiten en services die beschikbaar zijn als onderdeel van de Multi Pass Portes du Soleil.\" \/>\n<meta name=\"robots\" content=\"index, follow, max-snippet:-1, max-image-preview:large, max-video-preview:-1\" \/>\n<link rel=\"canonical\" href=\"https:\/\/www.lesgets.com\/nl\/wat-is-er-te-doen\/multi-pass\/activiteiten-die-inbegrepen-in-de-multi-pass\/\" \/>\n<meta property=\"og:locale\" content=\"nl_NL\" \/>\n<meta property=\"og:type\" content=\"article\" \/>\n<meta property=\"og:title\" content=\"Activiteiten die inbegrepen zijn in de Multi Pass - Les Gets\" \/>\n<meta property=\"og:description\" content=\"Hier is de lijst met onbeperkte activiteiten en services die beschikbaar zijn als onderdeel van de Multi Pass Portes du Soleil.\" \/>\n<meta property=\"og:url\" content=\"https:\/\/www.lesgets.com\/nl\/wat-is-er-te-doen\/multi-pass\/activiteiten-die-inbegrepen-in-de-multi-pass\/\" \/>\n<meta property=\"og:site_name\" content=\"Les Gets\" \/>\n<meta property=\"article:modified_time\" content=\"2021-03-19T14:37:47+00:00\" \/>\n<meta property=\"og:image\" content=\"https:\/\/www.lesgets.com\/..\/app\/uploads\/2020\/03\/DSC08753-min-scaled.jpg\" \/>\n\t<meta property=\"og:image:width\" content=\"2560\" \/>\n\t<meta property=\"og:image:height\" content=\"1707\" \/>\n\t<meta property=\"og:image:type\" content=\"image\/jpeg\" \/>\n<meta name=\"twitter:card\" content=\"summary_large_image\" \/>\n<script type=\"application\/ld+json\" class=\"yoast-schema-graph\">{\"@context\":\"https:\/\/schema.org\",\"@graph\":[{\"@type\":\"WebPage\",\"@id\":\"https:\/\/www.lesgets.com\/nl\/wat-is-er-te-doen\/multi-pass\/activiteiten-die-inbegrepen-in-de-multi-pass\/\",\"url\":\"https:\/\/www.lesgets.com\/nl\/wat-is-er-te-doen\/multi-pass\/activiteiten-die-inbegrepen-in-de-multi-pass\/\",\"name\":\"Activiteiten die inbegrepen zijn in de Multi Pass - Les Gets\",\"isPartOf\":{\"@id\":\"https:\/\/www.lesgets.com\/en\/#website\"},\"primaryImageOfPage\":{\"@id\":\"https:\/\/www.lesgets.com\/nl\/wat-is-er-te-doen\/multi-pass\/activiteiten-die-inbegrepen-in-de-multi-pass\/#primaryimage\"},\"image\":{\"@id\":\"https:\/\/www.lesgets.com\/nl\/wat-is-er-te-doen\/multi-pass\/activiteiten-die-inbegrepen-in-de-multi-pass\/#primaryimage\"},\"thumbnailUrl\":\"https:\/\/www.lesgets.com\/wp\/..\/app\/uploads\/2020\/03\/DSC08753-min-scaled.jpg\",\"datePublished\":\"2020-07-27T12:24:35+00:00\",\"dateModified\":\"2021-03-19T14:37:47+00:00\",\"description\":\"Hier is de lijst met onbeperkte activiteiten en services die beschikbaar zijn als onderdeel van de Multi Pass Portes du Soleil.\",\"breadcrumb\":{\"@id\":\"https:\/\/www.lesgets.com\/nl\/wat-is-er-te-doen\/multi-pass\/activiteiten-die-inbegrepen-in-de-multi-pass\/#breadcrumb\"},\"inLanguage\":\"nl-NL\",\"potentialAction\":[{\"@type\":\"ReadAction\",\"target\":[\"https:\/\/www.lesgets.com\/nl\/wat-is-er-te-doen\/multi-pass\/activiteiten-die-inbegrepen-in-de-multi-pass\/\"]}]},{\"@type\":\"ImageObject\",\"inLanguage\":\"nl-NL\",\"@id\":\"https:\/\/www.lesgets.com\/nl\/wat-is-er-te-doen\/multi-pass\/activiteiten-die-inbegrepen-in-de-multi-pass\/#primaryimage\",\"url\":\"https:\/\/www.lesgets.com\/wp\/..\/app\/uploads\/2020\/03\/DSC08753-min-scaled.jpg\",\"contentUrl\":\"https:\/\/www.lesgets.com\/wp\/..\/app\/uploads\/2020\/03\/DSC08753-min-scaled.jpg\",\"width\":2560,\"height\":1707,\"caption\":\"Femme et son fils se promenant en \u00e9t\u00e9 en montagne avec t\u00e9l\u00e9si\u00e8ges derri\u00e8re\"},{\"@type\":\"BreadcrumbList\",\"@id\":\"https:\/\/www.lesgets.com\/nl\/wat-is-er-te-doen\/multi-pass\/activiteiten-die-inbegrepen-in-de-multi-pass\/#breadcrumb\",\"itemListElement\":[{\"@type\":\"ListItem\",\"position\":1,\"name\":\"Accueil\",\"item\":\"https:\/\/www.lesgets.com\/nl\/\"},{\"@type\":\"ListItem\",\"position\":2,\"name\":\"Wat is er te doen?\",\"item\":\"https:\/\/www.lesgets.com\/nl\/wat-is-er-te-doen\/\"},{\"@type\":\"ListItem\",\"position\":3,\"name\":\"Multi Pass\",\"item\":\"https:\/\/www.lesgets.com\/nl\/wat-is-er-te-doen\/multi-pass\/\"},{\"@type\":\"ListItem\",\"position\":4,\"name\":\"Activiteiten die inbegrepen zijn in de Multi Pass\"}]},{\"@type\":\"WebSite\",\"@id\":\"https:\/\/www.lesgets.com\/en\/#website\",\"url\":\"https:\/\/www.lesgets.com\/en\/\",\"name\":\"Les Gets\",\"description\":\"\",\"publisher\":{\"@id\":\"https:\/\/www.lesgets.com\/en\/#organization\"},\"potentialAction\":[{\"@type\":\"SearchAction\",\"target\":{\"@type\":\"EntryPoint\",\"urlTemplate\":\"https:\/\/www.lesgets.com\/en\/?s={search_term_string}\"},\"query-input\":{\"@type\":\"PropertyValueSpecification\",\"valueRequired\":true,\"valueName\":\"search_term_string\"}}],\"inLanguage\":\"nl-NL\"},{\"@type\":\"Organization\",\"@id\":\"https:\/\/www.lesgets.com\/en\/#organization\",\"name\":\"Les Gets\",\"url\":\"https:\/\/www.lesgets.com\/en\/\",\"logo\":{\"@type\":\"ImageObject\",\"inLanguage\":\"nl-NL\",\"@id\":\"https:\/\/www.lesgets.com\/en\/#\/schema\/logo\/image\/\",\"url\":\"https:\/\/www.lesgets.com\/wp\/..\/app\/uploads\/2020\/06\/logo_lesgets.png\",\"contentUrl\":\"https:\/\/www.lesgets.com\/wp\/..\/app\/uploads\/2020\/06\/logo_lesgets.png\",\"width\":136,\"height\":115,\"caption\":\"Les Gets\"},\"image\":{\"@id\":\"https:\/\/www.lesgets.com\/en\/#\/schema\/logo\/image\/\"}}]}<\/script>\n<!-- \/ Yoast SEO plugin. -->","yoast_head_json":{"title":"Activiteiten die inbegrepen zijn in de Multi Pass - Les Gets","description":"Hier is de lijst met onbeperkte activiteiten en services die beschikbaar zijn als onderdeel van de Multi Pass Portes du Soleil.","robots":{"index":"index","follow":"follow","max-snippet":"max-snippet:-1","max-image-preview":"max-image-preview:large","max-video-preview":"max-video-preview:-1"},"canonical":"https:\/\/www.lesgets.com\/nl\/wat-is-er-te-doen\/multi-pass\/activiteiten-die-inbegrepen-in-de-multi-pass\/","og_locale":"nl_NL","og_type":"article","og_title":"Activiteiten die inbegrepen zijn in de Multi Pass - Les Gets","og_description":"Hier is de lijst met onbeperkte activiteiten en services die beschikbaar zijn als onderdeel van de Multi Pass Portes du Soleil.","og_url":"https:\/\/www.lesgets.com\/nl\/wat-is-er-te-doen\/multi-pass\/activiteiten-die-inbegrepen-in-de-multi-pass\/","og_site_name":"Les Gets","article_modified_time":"2021-03-19T14:37:47+00:00","og_image":[{"width":2560,"height":1707,"url":"https:\/\/www.lesgets.com\/..\/app\/uploads\/2020\/03\/DSC08753-min-scaled.jpg","type":"image\/jpeg"}],"twitter_card":"summary_large_image","schema":{"@context":"https:\/\/schema.org","@graph":[{"@type":"WebPage","@id":"https:\/\/www.lesgets.com\/nl\/wat-is-er-te-doen\/multi-pass\/activiteiten-die-inbegrepen-in-de-multi-pass\/","url":"https:\/\/www.lesgets.com\/nl\/wat-is-er-te-doen\/multi-pass\/activiteiten-die-inbegrepen-in-de-multi-pass\/","name":"Activiteiten die inbegrepen zijn in de Multi Pass - Les Gets","isPartOf":{"@id":"https:\/\/www.lesgets.com\/en\/#website"},"primaryImageOfPage":{"@id":"https:\/\/www.lesgets.com\/nl\/wat-is-er-te-doen\/multi-pass\/activiteiten-die-inbegrepen-in-de-multi-pass\/#primaryimage"},"image":{"@id":"https:\/\/www.lesgets.com\/nl\/wat-is-er-te-doen\/multi-pass\/activiteiten-die-inbegrepen-in-de-multi-pass\/#primaryimage"},"thumbnailUrl":"https:\/\/www.lesgets.com\/wp\/..\/app\/uploads\/2020\/03\/DSC08753-min-scaled.jpg","datePublished":"2020-07-27T12:24:35+00:00","dateModified":"2021-03-19T14:37:47+00:00","description":"Hier is de lijst met onbeperkte activiteiten en services die beschikbaar zijn als onderdeel van de Multi Pass Portes du Soleil.","breadcrumb":{"@id":"https:\/\/www.lesgets.com\/nl\/wat-is-er-te-doen\/multi-pass\/activiteiten-die-inbegrepen-in-de-multi-pass\/#breadcrumb"},"inLanguage":"nl-NL","potentialAction":[{"@type":"ReadAction","target":["https:\/\/www.lesgets.com\/nl\/wat-is-er-te-doen\/multi-pass\/activiteiten-die-inbegrepen-in-de-multi-pass\/"]}]},{"@type":"ImageObject","inLanguage":"nl-NL","@id":"https:\/\/www.lesgets.com\/nl\/wat-is-er-te-doen\/multi-pass\/activiteiten-die-inbegrepen-in-de-multi-pass\/#primaryimage","url":"https:\/\/www.lesgets.com\/wp\/..\/app\/uploads\/2020\/03\/DSC08753-min-scaled.jpg","contentUrl":"https:\/\/www.lesgets.com\/wp\/..\/app\/uploads\/2020\/03\/DSC08753-min-scaled.jpg","width":2560,"height":1707,"caption":"Femme et son fils se promenant en \u00e9t\u00e9 en montagne avec t\u00e9l\u00e9si\u00e8ges derri\u00e8re"},{"@type":"BreadcrumbList","@id":"https:\/\/www.lesgets.com\/nl\/wat-is-er-te-doen\/multi-pass\/activiteiten-die-inbegrepen-in-de-multi-pass\/#breadcrumb","itemListElement":[{"@type":"ListItem","position":1,"name":"Accueil","item":"https:\/\/www.lesgets.com\/nl\/"},{"@type":"ListItem","position":2,"name":"Wat is er te doen?","item":"https:\/\/www.lesgets.com\/nl\/wat-is-er-te-doen\/"},{"@type":"ListItem","position":3,"name":"Multi Pass","item":"https:\/\/www.lesgets.com\/nl\/wat-is-er-te-doen\/multi-pass\/"},{"@type":"ListItem","position":4,"name":"Activiteiten die inbegrepen zijn in de Multi Pass"}]},{"@type":"WebSite","@id":"https:\/\/www.lesgets.com\/en\/#website","url":"https:\/\/www.lesgets.com\/en\/","name":"Les Gets","description":"","publisher":{"@id":"https:\/\/www.lesgets.com\/en\/#organization"},"potentialAction":[{"@type":"SearchAction","target":{"@type":"EntryPoint","urlTemplate":"https:\/\/www.lesgets.com\/en\/?s={search_term_string}"},"query-input":{"@type":"PropertyValueSpecification","valueRequired":true,"valueName":"search_term_string"}}],"inLanguage":"nl-NL"},{"@type":"Organization","@id":"https:\/\/www.lesgets.com\/en\/#organization","name":"Les Gets","url":"https:\/\/www.lesgets.com\/en\/","logo":{"@type":"ImageObject","inLanguage":"nl-NL","@id":"https:\/\/www.lesgets.com\/en\/#\/schema\/logo\/image\/","url":"https:\/\/www.lesgets.com\/wp\/..\/app\/uploads\/2020\/06\/logo_lesgets.png","contentUrl":"https:\/\/www.lesgets.com\/wp\/..\/app\/uploads\/2020\/06\/logo_lesgets.png","width":136,"height":115,"caption":"Les Gets"},"image":{"@id":"https:\/\/www.lesgets.com\/en\/#\/schema\/logo\/image\/"}}]}},"featured_image_src":"https:\/\/www.lesgets.com\/wp\/..\/app\/uploads\/2020\/03\/DSC08753-min-600x400.jpg","featured_image_src_square":"https:\/\/www.lesgets.com\/wp\/..\/app\/uploads\/2020\/03\/DSC08753-min-600x600.jpg","_links":{"self":[{"href":"https:\/\/www.lesgets.com\/nl\/wp-json\/wp\/v2\/pages\/15631","targetHints":{"allow":["GET"]}}],"collection":[{"href":"https:\/\/www.lesgets.com\/nl\/wp-json\/wp\/v2\/pages"}],"about":[{"href":"https:\/\/www.lesgets.com\/nl\/wp-json\/wp\/v2\/types\/page"}],"author":[{"embeddable":true,"href":"https:\/\/www.lesgets.com\/nl\/wp-json\/wp\/v2\/users\/4"}],"replies":[{"embeddable":true,"href":"https:\/\/www.lesgets.com\/nl\/wp-json\/wp\/v2\/comments?post=15631"}],"version-history":[{"count":5,"href":"https:\/\/www.lesgets.com\/nl\/wp-json\/wp\/v2\/pages\/15631\/revisions"}],"predecessor-version":[{"id":27120,"href":"https:\/\/www.lesgets.com\/nl\/wp-json\/wp\/v2\/pages\/15631\/revisions\/27120"}],"up":[{"embeddable":true,"href":"https:\/\/www.lesgets.com\/nl\/wp-json\/wp\/v2\/pages\/15122"}],"wp:featuredmedia":[{"embeddable":true,"href":"https:\/\/www.lesgets.com\/nl\/wp-json\/wp\/v2\/media\/965"}],"wp:attachment":[{"href":"https:\/\/www.lesgets.com\/nl\/wp-json\/wp\/v2\/media?parent=15631"}],"curies":[{"name":"wp","href":"https:\/\/api.w.org\/{rel}","templated":true}]}}