{"id":15637,"date":"2020-07-27T14:24:49","date_gmt":"2020-07-27T12:24:49","guid":{"rendered":"https:\/\/www.lesgets.com\/multi-pass\/activities-special-discount-multi-pass\/"},"modified":"2021-03-19T15:38:05","modified_gmt":"2021-03-19T14:38:05","slug":"activitieiten-special-korting-multi-pass","status":"publish","type":"page","link":"https:\/\/www.lesgets.com\/nl\/wat-is-er-te-doen\/multi-pass\/activitieiten-special-korting-multi-pass\/","title":{"rendered":"Activiteiten : special korting Multi Pass"},"content":{"rendered":"<div class=\"block block-lba-apidae-selection\"><!--BEGIN FILTER -->\r\n<!--BEGIN FILTER -->\r\n\r\n<!--BEGIN ITEMS APIDAE -->\r\n  <div class=\"selection-mode-default\">\r\n          <div class=\"card 0-3places 0-3pieces\">\r\n        <div class=\"row\">\r\n          <div class=\"col-md-3\">\r\n            <img decoding=\"async\" src=\"https:\/\/static.apidae-tourisme.com\/filestore\/objets-touristiques\/images\/110\/162\/31040110-fiche.jpg\" class=\"w-100\"\r\n                 alt=\"Image a21aaa1ded41ffe88625\">\r\n          <\/div>\r\n          <div class=\"col-md-7\">\r\n            <div class=\"card-block px-1\">\r\n              <h2 class=\"card-title\">\r\n                                    <a href=\"https:\/\/www.lesgets.com\/nl\/details\/intersport-172717-Nl\/\">Intersport<\/a>\r\n                              <\/h2>\r\n              <p class=\"classement\"><\/p>\r\n              <p class=\"card-text\">Verhuurwinkel voor ski&#8217;s, mountainbikes en verkoop van kleding en accessoires, gelegen tegenover de kassa&#8217;s en de skiliften<\/p>\r\n            <\/div>\r\n          <\/div>\r\n          <div class=\"col-md-2\">\r\n                            <a href=\"https:\/\/www.lesgets.com\/nl\/details\/intersport-172717-Nl\/\" class=\"btn\">Meer zien<\/a>\r\n                      <\/div>\r\n        <\/div>\r\n      <\/div>\r\n          <div class=\"card 0-3places 0-3pieces\">\r\n        <div class=\"row\">\r\n          <div class=\"col-md-3\">\r\n            <img decoding=\"async\" src=\"https:\/\/static.apidae-tourisme.com\/filestore\/objets-touristiques\/images\/23\/212\/18273303-fiche.jpg\" class=\"w-100\"\r\n                 alt=\"Image 2023_07_13_luge_4S_cpTimArnold_HD-01\">\r\n          <\/div>\r\n          <div class=\"col-md-7\">\r\n            <div class=\"card-block px-1\">\r\n              <h2 class=\"card-title\">\r\n                                    <a href=\"https:\/\/www.lesgets.com\/nl\/details\/luge-4-saisons-7140148-Nl\/\">Luge 4 Saisons<\/a>\r\n                              <\/h2>\r\n              <p class=\"classement\"><\/p>\r\n              <p class=\"card-text\">In Les Perri\u00e8res wordt deze zomer een nieuwe activiteit gelanceerd: een 4-seizoenen rodelbaan op rails.<\/p>\r\n            <\/div>\r\n          <\/div>\r\n          <div class=\"col-md-2\">\r\n                            <a href=\"https:\/\/www.lesgets.com\/nl\/details\/luge-4-saisons-7140148-Nl\/\" class=\"btn\">Meer zien<\/a>\r\n                      <\/div>\r\n        <\/div>\r\n      <\/div>\r\n          <div class=\"card 0-3places 0-3pieces\">\r\n        <div class=\"row\">\r\n          <div class=\"col-md-3\">\r\n            <img decoding=\"async\" src=\"https:\/\/static.apidae-tourisme.com\/filestore\/objets-touristiques\/images\/144\/253\/16842128-fiche.jpg\" class=\"w-100\"\r\n                 alt=\"Image 34950976143_2084fe725a_o\">\r\n          <\/div>\r\n          <div class=\"col-md-7\">\r\n            <div class=\"card-block px-1\">\r\n              <h2 class=\"card-title\">\r\n                                    <a href=\"https:\/\/www.lesgets.com\/nl\/wat-is-er-te-doen\/zomeractiviteiten\/sportactiviteiten\/wibit\/\">Wibit Waterpark<\/a>\r\n                              <\/h2>\r\n              <p class=\"classement\"><\/p>\r\n              <p class=\"card-text\">Waterspeelplaats bestaande uit springkussens op het water met een dertigtal modules zoals glijbanen, trampolines en een menselijke katapult.\r\nMeer info: lesgets.com\/wibit<\/p>\r\n            <\/div>\r\n          <\/div>\r\n          <div class=\"col-md-2\">\r\n                            <a href=\"https:\/\/www.lesgets.com\/nl\/wat-is-er-te-doen\/zomeractiviteiten\/sportactiviteiten\/wibit\/\" class=\"btn\">Meer zien<\/a>\r\n                      <\/div>\r\n        <\/div>\r\n      <\/div>\r\n          <div class=\"card 0-3places 0-3pieces\">\r\n        <div class=\"row\">\r\n          <div class=\"col-md-3\">\r\n            <img decoding=\"async\" src=\"https:\/\/static.apidae-tourisme.com\/filestore\/objets-touristiques\/images\/51\/30\/9117235-fiche.jpg\" class=\"w-100\"\r\n                 alt=\"Image spa-ehd\">\r\n          <\/div>\r\n          <div class=\"col-md-7\">\r\n            <div class=\"card-block px-1\">\r\n              <h2 class=\"card-title\">\r\n                                    <a href=\"https:\/\/www.lesgets.com\/nl\/details\/sereni-cimes-588280-Nl\/\">S\u00e9r\u00e9ni-C\u00eemes<\/a>\r\n                              <\/h2>\r\n              <p class=\"classement\"><\/p>\r\n              <p class=\"card-text\">Een filosofie van welzijn in de gezellige sfeer van een authentiek bergchalet.<\/p>\r\n            <\/div>\r\n          <\/div>\r\n          <div class=\"col-md-2\">\r\n                            <a href=\"https:\/\/www.lesgets.com\/nl\/details\/sereni-cimes-588280-Nl\/\" class=\"btn\">Meer zien<\/a>\r\n                      <\/div>\r\n        <\/div>\r\n      <\/div>\r\n      <\/div>\r\n<!--END ITEMS APIDAE -->\r\n\r\n<!--BEGIN PAGINATOR -->\r\n<!--BEGIN PAGINATOR --><\/div>","protected":false},"excerpt":{"rendered":"<p>Hier is de lijst met activiteiten en diensten die tegen een gereduceerde prijs beschikbaar zijn op vertoon van een geldige Multi Pass-kaart.<\/p>\n","protected":false},"author":4,"featured_media":47921,"parent":15122,"menu_order":0,"comment_status":"closed","ping_status":"closed","template":"","meta":{"_acf_changed":false,"footnotes":""},"class_list":["post-15637","page","type-page","status-publish","has-post-thumbnail","hentry"],"acf":[],"yoast_head":"<!-- This site is optimized with the Yoast SEO plugin v27.3 - https:\/\/yoast.com\/product\/yoast-seo-wordpress\/ -->\n<title>Activiteiten : special korting Multi Pass - Les Gets<\/title>\n<meta name=\"description\" content=\"Hier is de lijst met activiteiten en diensten die tegen een gereduceerde prijs beschikbaar zijn op vertoon van een geldige Multi Pass.\" \/>\n<meta name=\"robots\" content=\"index, follow, max-snippet:-1, max-image-preview:large, max-video-preview:-1\" \/>\n<link rel=\"canonical\" href=\"https:\/\/www.lesgets.com\/nl\/wat-is-er-te-doen\/multi-pass\/activitieiten-special-korting-multi-pass\/\" \/>\n<meta property=\"og:locale\" content=\"nl_NL\" \/>\n<meta property=\"og:type\" content=\"article\" \/>\n<meta property=\"og:title\" content=\"Activiteiten : special korting Multi Pass - Les Gets\" \/>\n<meta property=\"og:description\" content=\"Hier is de lijst met activiteiten en diensten die tegen een gereduceerde prijs beschikbaar zijn op vertoon van een geldige Multi Pass.\" \/>\n<meta property=\"og:url\" content=\"https:\/\/www.lesgets.com\/nl\/wat-is-er-te-doen\/multi-pass\/activitieiten-special-korting-multi-pass\/\" \/>\n<meta property=\"og:site_name\" content=\"Les Gets\" \/>\n<meta property=\"article:modified_time\" content=\"2021-03-19T14:38:05+00:00\" \/>\n<meta property=\"og:image\" content=\"https:\/\/www.lesgets.com\/wp\/..\/app\/uploads\/2020\/05\/Wibit16_Mel_Carle_OT_Les_Gets.jpg\" \/>\n\t<meta property=\"og:image:width\" content=\"1920\" \/>\n\t<meta property=\"og:image:height\" content=\"1280\" \/>\n\t<meta property=\"og:image:type\" content=\"image\/jpeg\" \/>\n<meta name=\"twitter:card\" content=\"summary_large_image\" \/>\n<script type=\"application\/ld+json\" class=\"yoast-schema-graph\">{\"@context\":\"https:\\\/\\\/schema.org\",\"@graph\":[{\"@type\":\"WebPage\",\"@id\":\"https:\\\/\\\/www.lesgets.com\\\/nl\\\/wat-is-er-te-doen\\\/multi-pass\\\/activitieiten-special-korting-multi-pass\\\/\",\"url\":\"https:\\\/\\\/www.lesgets.com\\\/nl\\\/wat-is-er-te-doen\\\/multi-pass\\\/activitieiten-special-korting-multi-pass\\\/\",\"name\":\"Activiteiten : special korting Multi Pass - Les Gets\",\"isPartOf\":{\"@id\":\"https:\\\/\\\/www.lesgets.com\\\/en\\\/#website\"},\"primaryImageOfPage\":{\"@id\":\"https:\\\/\\\/www.lesgets.com\\\/nl\\\/wat-is-er-te-doen\\\/multi-pass\\\/activitieiten-special-korting-multi-pass\\\/#primaryimage\"},\"image\":{\"@id\":\"https:\\\/\\\/www.lesgets.com\\\/nl\\\/wat-is-er-te-doen\\\/multi-pass\\\/activitieiten-special-korting-multi-pass\\\/#primaryimage\"},\"thumbnailUrl\":\"https:\\\/\\\/www.lesgets.com\\\/wp\\\/..\\\/app\\\/uploads\\\/2024\\\/07\\\/2023_07_13_luge_4S_cpTimArnold_HD-05-scaled.jpg\",\"datePublished\":\"2020-07-27T12:24:49+00:00\",\"dateModified\":\"2021-03-19T14:38:05+00:00\",\"description\":\"Hier is de lijst met activiteiten en diensten die tegen een gereduceerde prijs beschikbaar zijn op vertoon van een geldige Multi Pass.\",\"breadcrumb\":{\"@id\":\"https:\\\/\\\/www.lesgets.com\\\/nl\\\/wat-is-er-te-doen\\\/multi-pass\\\/activitieiten-special-korting-multi-pass\\\/#breadcrumb\"},\"inLanguage\":\"nl-NL\",\"potentialAction\":[{\"@type\":\"ReadAction\",\"target\":[\"https:\\\/\\\/www.lesgets.com\\\/nl\\\/wat-is-er-te-doen\\\/multi-pass\\\/activitieiten-special-korting-multi-pass\\\/\"]}]},{\"@type\":\"ImageObject\",\"inLanguage\":\"nl-NL\",\"@id\":\"https:\\\/\\\/www.lesgets.com\\\/nl\\\/wat-is-er-te-doen\\\/multi-pass\\\/activitieiten-special-korting-multi-pass\\\/#primaryimage\",\"url\":\"https:\\\/\\\/www.lesgets.com\\\/wp\\\/..\\\/app\\\/uploads\\\/2024\\\/07\\\/2023_07_13_luge_4S_cpTimArnold_HD-05-scaled.jpg\",\"contentUrl\":\"https:\\\/\\\/www.lesgets.com\\\/wp\\\/..\\\/app\\\/uploads\\\/2024\\\/07\\\/2023_07_13_luge_4S_cpTimArnold_HD-05-scaled.jpg\",\"width\":2560,\"height\":1707},{\"@type\":\"BreadcrumbList\",\"@id\":\"https:\\\/\\\/www.lesgets.com\\\/nl\\\/wat-is-er-te-doen\\\/multi-pass\\\/activitieiten-special-korting-multi-pass\\\/#breadcrumb\",\"itemListElement\":[{\"@type\":\"ListItem\",\"position\":1,\"name\":\"Accueil\",\"item\":\"https:\\\/\\\/www.lesgets.com\\\/nl\\\/\"},{\"@type\":\"ListItem\",\"position\":2,\"name\":\"Wat is er te doen?\",\"item\":\"https:\\\/\\\/www.lesgets.com\\\/nl\\\/wat-is-er-te-doen\\\/\"},{\"@type\":\"ListItem\",\"position\":3,\"name\":\"Multi Pass\",\"item\":\"https:\\\/\\\/www.lesgets.com\\\/nl\\\/wat-is-er-te-doen\\\/multi-pass\\\/\"},{\"@type\":\"ListItem\",\"position\":4,\"name\":\"Activiteiten : special korting Multi Pass\"}]},{\"@type\":\"WebSite\",\"@id\":\"https:\\\/\\\/www.lesgets.com\\\/en\\\/#website\",\"url\":\"https:\\\/\\\/www.lesgets.com\\\/en\\\/\",\"name\":\"Les Gets\",\"description\":\"\",\"publisher\":{\"@id\":\"https:\\\/\\\/www.lesgets.com\\\/en\\\/#organization\"},\"potentialAction\":[{\"@type\":\"SearchAction\",\"target\":{\"@type\":\"EntryPoint\",\"urlTemplate\":\"https:\\\/\\\/www.lesgets.com\\\/en\\\/?s={search_term_string}\"},\"query-input\":{\"@type\":\"PropertyValueSpecification\",\"valueRequired\":true,\"valueName\":\"search_term_string\"}}],\"inLanguage\":\"nl-NL\"},{\"@type\":\"Organization\",\"@id\":\"https:\\\/\\\/www.lesgets.com\\\/en\\\/#organization\",\"name\":\"Les Gets\",\"url\":\"https:\\\/\\\/www.lesgets.com\\\/en\\\/\",\"logo\":{\"@type\":\"ImageObject\",\"inLanguage\":\"nl-NL\",\"@id\":\"https:\\\/\\\/www.lesgets.com\\\/en\\\/#\\\/schema\\\/logo\\\/image\\\/\",\"url\":\"https:\\\/\\\/www.lesgets.com\\\/wp\\\/..\\\/app\\\/uploads\\\/2020\\\/06\\\/logo_lesgets.png\",\"contentUrl\":\"https:\\\/\\\/www.lesgets.com\\\/wp\\\/..\\\/app\\\/uploads\\\/2020\\\/06\\\/logo_lesgets.png\",\"width\":136,\"height\":115,\"caption\":\"Les Gets\"},\"image\":{\"@id\":\"https:\\\/\\\/www.lesgets.com\\\/en\\\/#\\\/schema\\\/logo\\\/image\\\/\"}}]}<\/script>\n<!-- \/ Yoast SEO plugin. -->","yoast_head_json":{"title":"Activiteiten : special korting Multi Pass - Les Gets","description":"Hier is de lijst met activiteiten en diensten die tegen een gereduceerde prijs beschikbaar zijn op vertoon van een geldige Multi Pass.","robots":{"index":"index","follow":"follow","max-snippet":"max-snippet:-1","max-image-preview":"max-image-preview:large","max-video-preview":"max-video-preview:-1"},"canonical":"https:\/\/www.lesgets.com\/nl\/wat-is-er-te-doen\/multi-pass\/activitieiten-special-korting-multi-pass\/","og_locale":"nl_NL","og_type":"article","og_title":"Activiteiten : special korting Multi Pass - Les Gets","og_description":"Hier is de lijst met activiteiten en diensten die tegen een gereduceerde prijs beschikbaar zijn op vertoon van een geldige Multi Pass.","og_url":"https:\/\/www.lesgets.com\/nl\/wat-is-er-te-doen\/multi-pass\/activitieiten-special-korting-multi-pass\/","og_site_name":"Les Gets","article_modified_time":"2021-03-19T14:38:05+00:00","og_image":[{"width":1920,"height":1280,"url":"https:\/\/www.lesgets.com\/wp\/..\/app\/uploads\/2020\/05\/Wibit16_Mel_Carle_OT_Les_Gets.jpg","type":"image\/jpeg"}],"twitter_card":"summary_large_image","schema":{"@context":"https:\/\/schema.org","@graph":[{"@type":"WebPage","@id":"https:\/\/www.lesgets.com\/nl\/wat-is-er-te-doen\/multi-pass\/activitieiten-special-korting-multi-pass\/","url":"https:\/\/www.lesgets.com\/nl\/wat-is-er-te-doen\/multi-pass\/activitieiten-special-korting-multi-pass\/","name":"Activiteiten : special korting Multi Pass - Les Gets","isPartOf":{"@id":"https:\/\/www.lesgets.com\/en\/#website"},"primaryImageOfPage":{"@id":"https:\/\/www.lesgets.com\/nl\/wat-is-er-te-doen\/multi-pass\/activitieiten-special-korting-multi-pass\/#primaryimage"},"image":{"@id":"https:\/\/www.lesgets.com\/nl\/wat-is-er-te-doen\/multi-pass\/activitieiten-special-korting-multi-pass\/#primaryimage"},"thumbnailUrl":"https:\/\/www.lesgets.com\/wp\/..\/app\/uploads\/2024\/07\/2023_07_13_luge_4S_cpTimArnold_HD-05-scaled.jpg","datePublished":"2020-07-27T12:24:49+00:00","dateModified":"2021-03-19T14:38:05+00:00","description":"Hier is de lijst met activiteiten en diensten die tegen een gereduceerde prijs beschikbaar zijn op vertoon van een geldige Multi Pass.","breadcrumb":{"@id":"https:\/\/www.lesgets.com\/nl\/wat-is-er-te-doen\/multi-pass\/activitieiten-special-korting-multi-pass\/#breadcrumb"},"inLanguage":"nl-NL","potentialAction":[{"@type":"ReadAction","target":["https:\/\/www.lesgets.com\/nl\/wat-is-er-te-doen\/multi-pass\/activitieiten-special-korting-multi-pass\/"]}]},{"@type":"ImageObject","inLanguage":"nl-NL","@id":"https:\/\/www.lesgets.com\/nl\/wat-is-er-te-doen\/multi-pass\/activitieiten-special-korting-multi-pass\/#primaryimage","url":"https:\/\/www.lesgets.com\/wp\/..\/app\/uploads\/2024\/07\/2023_07_13_luge_4S_cpTimArnold_HD-05-scaled.jpg","contentUrl":"https:\/\/www.lesgets.com\/wp\/..\/app\/uploads\/2024\/07\/2023_07_13_luge_4S_cpTimArnold_HD-05-scaled.jpg","width":2560,"height":1707},{"@type":"BreadcrumbList","@id":"https:\/\/www.lesgets.com\/nl\/wat-is-er-te-doen\/multi-pass\/activitieiten-special-korting-multi-pass\/#breadcrumb","itemListElement":[{"@type":"ListItem","position":1,"name":"Accueil","item":"https:\/\/www.lesgets.com\/nl\/"},{"@type":"ListItem","position":2,"name":"Wat is er te doen?","item":"https:\/\/www.lesgets.com\/nl\/wat-is-er-te-doen\/"},{"@type":"ListItem","position":3,"name":"Multi Pass","item":"https:\/\/www.lesgets.com\/nl\/wat-is-er-te-doen\/multi-pass\/"},{"@type":"ListItem","position":4,"name":"Activiteiten : special korting Multi Pass"}]},{"@type":"WebSite","@id":"https:\/\/www.lesgets.com\/en\/#website","url":"https:\/\/www.lesgets.com\/en\/","name":"Les Gets","description":"","publisher":{"@id":"https:\/\/www.lesgets.com\/en\/#organization"},"potentialAction":[{"@type":"SearchAction","target":{"@type":"EntryPoint","urlTemplate":"https:\/\/www.lesgets.com\/en\/?s={search_term_string}"},"query-input":{"@type":"PropertyValueSpecification","valueRequired":true,"valueName":"search_term_string"}}],"inLanguage":"nl-NL"},{"@type":"Organization","@id":"https:\/\/www.lesgets.com\/en\/#organization","name":"Les Gets","url":"https:\/\/www.lesgets.com\/en\/","logo":{"@type":"ImageObject","inLanguage":"nl-NL","@id":"https:\/\/www.lesgets.com\/en\/#\/schema\/logo\/image\/","url":"https:\/\/www.lesgets.com\/wp\/..\/app\/uploads\/2020\/06\/logo_lesgets.png","contentUrl":"https:\/\/www.lesgets.com\/wp\/..\/app\/uploads\/2020\/06\/logo_lesgets.png","width":136,"height":115,"caption":"Les Gets"},"image":{"@id":"https:\/\/www.lesgets.com\/en\/#\/schema\/logo\/image\/"}}]}},"featured_image_src":"https:\/\/www.lesgets.com\/wp\/..\/app\/uploads\/2024\/07\/2023_07_13_luge_4S_cpTimArnold_HD-05-600x400.jpg","featured_image_src_square":"https:\/\/www.lesgets.com\/wp\/..\/app\/uploads\/2024\/07\/2023_07_13_luge_4S_cpTimArnold_HD-05-600x600.jpg","_links":{"self":[{"href":"https:\/\/www.lesgets.com\/nl\/wp-json\/wp\/v2\/pages\/15637","targetHints":{"allow":["GET"]}}],"collection":[{"href":"https:\/\/www.lesgets.com\/nl\/wp-json\/wp\/v2\/pages"}],"about":[{"href":"https:\/\/www.lesgets.com\/nl\/wp-json\/wp\/v2\/types\/page"}],"author":[{"embeddable":true,"href":"https:\/\/www.lesgets.com\/nl\/wp-json\/wp\/v2\/users\/4"}],"replies":[{"embeddable":true,"href":"https:\/\/www.lesgets.com\/nl\/wp-json\/wp\/v2\/comments?post=15637"}],"version-history":[{"count":5,"href":"https:\/\/www.lesgets.com\/nl\/wp-json\/wp\/v2\/pages\/15637\/revisions"}],"predecessor-version":[{"id":27121,"href":"https:\/\/www.lesgets.com\/nl\/wp-json\/wp\/v2\/pages\/15637\/revisions\/27121"}],"up":[{"embeddable":true,"href":"https:\/\/www.lesgets.com\/nl\/wp-json\/wp\/v2\/pages\/15122"}],"wp:featuredmedia":[{"embeddable":true,"href":"https:\/\/www.lesgets.com\/nl\/wp-json\/wp\/v2\/media\/47921"}],"wp:attachment":[{"href":"https:\/\/www.lesgets.com\/nl\/wp-json\/wp\/v2\/media?parent=15637"}],"curies":[{"name":"wp","href":"https:\/\/api.w.org\/{rel}","templated":true}]}}