{"id":15733,"date":"2020-07-28T10:03:07","date_gmt":"2020-07-28T08:03:07","guid":{"rendered":"https:\/\/www.lesgets.com\/summer-lift-pass-prices\/"},"modified":"2024-03-20T11:17:06","modified_gmt":"2024-03-20T10:17:06","slug":"mtb-tarieven-portes-du-soleil","status":"publish","type":"page","link":"https:\/\/www.lesgets.com\/nl\/skipassen\/mtb-tarieven-portes-du-soleil\/","title":{"rendered":"MTB-tarieven Portes du Soleil"},"content":{"rendered":"<div class=\"block block-core-paragraph\">\n<p>Het Les Gets Bikepark heeft 128 km gemarkeerde paden voor alle niveaus en 3 liften die de hele zomer open zijn. <br> Vanuit Les Gets heeft u toegang tot het grootste BikePark van Europa: het Portes du Soleil Mountainbikegebied met 650 km bewegwijzerde routes en 22 liften. <\/p>\n<\/div>\n\n<div class=\"block block-core-paragraph\">\n<p>In Les Gets kunt u ook gebruik maken van de vele wandelroutes, die vanuit het dorp vertrekken en gebruik maken van de liften.<\/p>\n<\/div>\n\n<div class=\"block block-core-spacer\">\n<div style=\"height:30px\" aria-hidden=\"true\" class=\"wp-block-spacer\"><\/div>\n<\/div>\n\n<div class=\"block block-core-heading\">\n<h3 class=\"wp-block-heading\">Beste prijs gegarandeerd online!<\/h3>\n<\/div>\n\n<div class=\"block block-core-paragraph\">\n<p>Anticipeer al op uw aankomst op de pistes en koop (of laad) uw pas op internet.<\/p>\n<\/div>\n\n<div class=\"block block-genesis-custom-blocks-achetez-recharger\"><div class=\"achetez-rechargez jaune\">\r\n\t\t\t<a href=\"\/nl\/skipassen\">\r\n\t\t\t<div class=\"picto-cart\"><\/div>\t\t\t<h3>Koop \/ Herlaad uw pas<\/h3>\r\n\t\t<\/a>\r\n\t<\/div><\/div>\n\n<div class=\"block block-core-spacer\">\n<div style=\"height:40px\" aria-hidden=\"true\" class=\"wp-block-spacer\"><\/div>\n<\/div>\n\n<div class=\"block block-core-heading\">\n<h2 class=\"wp-block-heading\">MTB pas <strong>Les Gets<\/strong><\/h2>\n<\/div>\n\n<div class=\"block block-genesis-custom-blocks-surtitre\"><span class=\"subtitle\">Tarieven zomer 2023<\/span><\/div>\n\n<div class=\"block block-core-table\">\n<figure class=\"wp-block-table is-style-stripes\"><table><thead><tr><th><\/th><th>VOLWASSENEN<\/th><th> <strong>KINDEREN<\/strong><br><em>(5 tot 15 jaar)<\/em> <\/th><th> <strong>S<\/strong>ENIOR<br><em>(65 + jaar)<\/em> <\/th><\/tr><\/thead><tbody><tr><td> <strong>1 rit Les Gets <\/strong>(Mont Ch\u00e9ry gondelbaan OF Chavannes Express stoeltjeslift) <\/td><td>8 \u20ac<\/td><td>5.5 \u20ac<\/td><td>7 \u20ac<\/td><\/tr><tr><td><strong>6 rittenkaart<\/strong> <\/td><td>23 \u20ac<\/td><td>23 \u20ac<\/td><td>23 \u20ac<\/td><\/tr><tr><td><strong>12 rittenkaart<\/strong> <\/td><td>37 \u20ac<\/td><td>37 \u20ac<\/td><td>37 \u20ac<\/td><\/tr><\/tbody><\/table><\/figure>\n<\/div>\n\n<div class=\"block block-core-paragraph\">\n<p><em>Gratis voor kinderen jonger dan 5 jaar (op vertoon van een identiteitsbewijs).<\/em><\/p>\n<\/div>\n\n<div class=\"block block-core-spacer\">\n<div style=\"height:30px\" aria-hidden=\"true\" class=\"wp-block-spacer\"><\/div>\n<\/div>\n\n<div class=\"block block-core-heading\">\n<h2 class=\"wp-block-heading\">MTB pas <strong>Portes du Soleil<\/strong><\/h2>\n<\/div>\n\n<div class=\"block block-genesis-custom-blocks-surtitre\"><span class=\"subtitle\">Tarief zomer 2024<\/span><\/div>\n\n<div class=\"block block-genesis-custom-blocks-titre-tableau\">\t<h3 class=\"titre-tableau bleu\">\r\n\t\tOnline tarief\t<\/h3>\r\n\t<\/div>\n\n<div class=\"block block-core-table\">\n<figure class=\"wp-block-table is-style-stripes\"><table><thead><tr><th><\/th><th>VOLWASSENEN <\/th><th>KINDEREN<br><em>(5 tot 15 jaar)<\/em><\/th><th>JEUGD<br><em>(16 tot 19 jaar)<\/em><br> <strong>SENIOR<\/strong><br><em>(65 + jaar)<\/em>  <\/th><\/tr><\/thead><tbody><tr><td>5 uren<\/td><td>34 \u20ac<\/td><td>26 \u20ac<\/td><td>31 \u20ac<\/td><\/tr><tr><td><strong>1 dag<\/strong><\/td><td><strong>37 \u20ac<\/strong><\/td><td><strong>28 \u20ac<\/strong><\/td><td><strong>33 \u20ac<\/strong><\/td><\/tr><tr><td>2 dagen<\/td><td>69 \u20ac<\/td><td>52 \u20ac<\/td><td>62 \u20ac<\/td><\/tr><tr><td>3 dagen<\/td><td>104 \u20ac<\/td><td>78 \u20ac<\/td><td>94 \u20ac<\/td><\/tr><tr><td>4 dagen<\/td><td>130 \u20ac<\/td><td>98 \u20ac<\/td><td>117 \u20ac<\/td><\/tr><tr><td>5 dagen<\/td><td>163 \u20ac<\/td><td>122 \u20ac<\/td><td>147 \u20ac<\/td><\/tr><tr><td>5 niet opeenvolgende dagen<\/td><td>185 \u20ac <\/td><td>140 \u20ac<\/td><td>165 \u20ac<\/td><\/tr><tr><td>6 dagen<\/td><td>185 \u20ac<\/td><td>139 \u20ac<\/td><td>167 \u20ac<\/td><\/tr><tr><td>7 dagen<\/td><td>216 \u20ac<\/td><td>162 \u20ac<\/td><td>194 \u20ac<\/td><\/tr><tr><td>8 dagen<\/td><td>247 \u20ac<\/td><td>185 \u20ac<\/td><td>222 \u20ac<\/td><\/tr><tr><td>9 dagen<\/td><td>258 \u20ac<\/td><td>194 \u20ac<\/td><td>232 \u20ac<\/td><\/tr><tr><td>10 dagen<\/td><td>268 \u20ac<\/td><td>201 \u20ac<\/td><td>241 \u20ac<\/td><\/tr><tr><td>11 dagen<\/td><td>295 \u20ac<\/td><td>221 \u20ac<\/td><td>266 \u20ac<\/td><\/tr><tr><td>12 dagen <\/td><td>321 \u20ac<\/td><td>241 \u20ac<\/td><td>289 \u20ac<\/td><\/tr><tr><td>13 dagen<\/td><td>348 \u20ac<\/td><td>261 \u20ac<\/td><td>313 \u20ac<\/td><\/tr><tr><td><strong>Seizoen<\/strong><\/td><td><strong>427 \u20ac<\/strong><\/td><td><strong>320 \u20ac<\/strong><\/td><td><strong>384 \u20ac<\/strong><\/td><\/tr><\/tbody><\/table><figcaption class=\"wp-element-caption\">Free for children under 5 years old (upon presentation of an ID card).<br>All days are consecutive.<\/figcaption><\/figure>\n<\/div>\n\n<div class=\"block block-genesis-custom-blocks-titre-tableau\">\t<h3 class=\"titre-tableau gris\">\r\n\t\tTarief kassa\t<\/h3>\r\n\t<\/div>\n\n<div class=\"block block-core-table\">\n<figure class=\"wp-block-table is-style-stripes\"><table><thead><tr><th><\/th><th>VOLWASSENEN <\/th><th><br>KINDEREN<br><em>(5 tot 15 jaar)<\/em><\/th><th><strong>JEUGD<\/strong><br><em>(16 tot 19 jaar)<\/em><br><strong>SENIOR<\/strong><br><em>(65 + jaar)<\/em><\/th><\/tr><\/thead><tbody><tr><td>5 uren<\/td><td>36 \u20ac<\/td><td>27 \u20ac<\/td><td>32 \u20ac<\/td><\/tr><tr><td><strong>1 dag<\/strong><\/td><td><strong>39 \u20ac<\/strong><\/td><td><strong>29 \u20ac<\/strong><\/td><td><strong>35 \u20ac<\/strong><\/td><\/tr><tr><td>2 dagen<\/td><td>72 \u20ac<\/td><td>54 \u20ac<\/td><td>65 \u20ac<\/td><\/tr><tr><td>3 dagen<\/td><td>109 \u20ac<\/td><td>82 \u20ac<\/td><td>98 \u20ac<\/td><\/tr><tr><td>4 dagen<\/td><td>137 \u20ac<\/td><td>102 \u20ac<\/td><td>123 \u20ac<\/td><\/tr><tr><td>5 dagen<\/td><td>171 \u20ac<\/td><td>128 \u20ac<\/td><td>154 \u20ac<\/td><\/tr><tr><td>5 niet opeenvolgende dagen<\/td><td>195 \u20ac<\/td><td>140 \u20ac<\/td><td>175 \u20ac<\/td><\/tr><tr><td>6 dagen<\/td><td>194 \u20ac<\/td><td>146 \u20ac<\/td><td>175 \u20ac<\/td><\/tr><tr><td>7 dagen<\/td><td>227 \u20ac<\/td><td>170 \u20ac<\/td><td>204 \u20ac<\/td><\/tr><tr><td>8 dagen<\/td><td>259 \u20ac<\/td><td>195 \u20ac<\/td><td>233 \u20ac<\/td><\/tr><tr><td>9 dagen<\/td><td>271 \u20ac<\/td><td>203 \u20ac<\/td><td>244 \u20ac<\/td><\/tr><tr><td>10 dagen<\/td><td>281 \u20ac<\/td><td>211 \u20ac<\/td><td>253 \u20ac<\/td><\/tr><tr><td>11 dagen<\/td><td>310 \u20ac<\/td><td>232 \u20ac<\/td><td>279 \u20ac<\/td><\/tr><tr><td>12 dagen<\/td><td>337 \u20ac<\/td><td>253 \u20ac<\/td><td>303 \u20ac<\/td><\/tr><tr><td>13 dagen<\/td><td>365 \u20ac<\/td><td>274 \u20ac<\/td><td>329 \u20ac<\/td><\/tr><tr><td><strong>Seizoen<\/strong><\/td><td><strong>427 \u20ac<\/strong><\/td><td><strong>320 \u20ac<\/strong><\/td><td><strong>384 \u20ac<\/strong><\/td><\/tr><\/tbody><\/table><figcaption class=\"wp-element-caption\">Free for children under 5 years old (upon presentation of an ID card).<br>All days are consecutive.<\/figcaption><\/figure>\n<\/div>\n\n<p><!--StartFragment--><\/p>\n\n<div class=\"block block-core-buttons\">\n<div class=\"wp-block-buttons is-layout-flex wp-block-buttons-is-layout-flex\"><div class=\"block block-core-button\">\n<div class=\"wp-block-button has-custom-width wp-block-button__width-50 has-custom-font-size has-small-font-size\"><a class=\"wp-block-button__link wp-element-button\" href=\"https:\/\/www.lesgets.com\/wp\/..\/app\/uploads\/2024\/03\/anglais-PDS-Tarifs-ete-2024.pdf.pdf\" style=\"border-radius:100px\">DOWNLOAD DE PRIJSLIJST VAN PORTES DU SOLEIL 2024<\/a><\/div>\n<\/div><\/div>\n<\/div>\n\n<div class=\"block block-core-heading\">\n<h2 class=\"wp-block-heading\">Voetgangerspas<\/h2>\n<\/div>\n\n<div class=\"block block-genesis-custom-blocks-surtitre\"><span class=\"subtitle\">Tarieven zomer 2023<\/span><\/div>\n\n<div class=\"block block-core-table\">\n<figure class=\"wp-block-table is-style-stripes\"><table><thead><tr><th><\/th><th> <strong>VOLWAS<\/strong>SENEN<\/th><th>KINDEREN<br><em>(5 tot 15 jaar)<\/em> <\/th><th> <strong>SENIOR<\/strong><br><em>(65 + jaar)<\/em> <\/th><\/tr><\/thead><tbody><tr><td><strong>Mont Ch\u00e9ry pas <\/strong>(tussenstation en top)<\/td><td>8 \u20ac<\/td><td>5.5 \u20ac<\/td><td>7 \u20ac<\/td><\/tr><tr><td><strong>Familie pass Mont-Ch\u00e9ry<\/strong>* (4 pers. min. 2 volwassene,, 2 kinderen ) <\/td><td>7.20 \u20ac<\/td><td>5 \u20ac<\/td><td>6 \u20ac<\/td><\/tr><tr><td><strong>Enkeltje<\/strong> Chavannes Express stoeltjeslift<\/td><td>6 \u20ac<\/td><td>4 \u20ac<\/td><td>5 \u20ac<\/td><\/tr><tr><td> <strong>6 rittenkaart<\/strong> <\/td><td>23 \u20ac<\/td><td>23 \u20ac<\/td><td>23 \u20ac<\/td><\/tr><tr><td> <strong>12 rittenkaart<\/strong><\/td><td>37 \u20ac<\/td><td>37 \u20ac<\/td><td>37 \u20ac<\/td><\/tr><\/tbody><\/table><\/figure>\n<\/div>\n\n<p><!--EndFragment--><\/p>\n\n<div class=\"block block-core-paragraph\">\n<p>*<em>Op vertoon van een ontvangstbewijs. Beperkt tot \u00e9\u00e9n retour per lift.<\/em><\/p>\n<\/div>\n\n<div class=\"block block-core-paragraph\">\n<p><em><strong>Opgelet:<\/strong> Tickets voor het gebruik van de La Pointe stoeltjeslift worden alleen verkocht aan de kassa&#8217;s in het resort en niet aan het begin\/einde van de stoeltjeslift. <\/em><\/p>\n<\/div>\n\n<div class=\"block block-lba-forfait-forfait-widget\">  <h2>Buy or reload your lift pass<\/h2>\r\n<div id=\"eplwidget-\" class=\"eplwidget\" data-url=\"https:\/\/pass.lesgets.com\/\" data-conf=\"lang=en&#038;conf%5Bcss%5D=https:\/\/www.lesgets.com\/nl\/app\/themes\/les-gets\/css\/widget_xsalto.css&#038;requestOffer=&#038;version=full&#038;id=eplwidget-&#038;season=\"><\/div>\r\n<script src=\"https:\/\/pass.lesgets.com\/epasslibre\/js\/eplwidget.js\" type=\"text\/javascript\" id=\"eplwidgetjs\" charset=\"UTF-8\"><\/script>\r\n<\/div>","protected":false},"excerpt":{"rendered":"<p>Vind alle prijzen van mountainbikepakketten voor de zomer van Les Gets en Portes du Soleil Bikeparken, evenals de tarieven voor voetgangers voor uw vakantie in Les Gets.<\/p>\n","protected":false},"author":5,"featured_media":3740,"parent":16029,"menu_order":2,"comment_status":"closed","ping_status":"closed","template":"","meta":{"_acf_changed":false,"footnotes":""},"class_list":["post-15733","page","type-page","status-publish","has-post-thumbnail","hentry"],"acf":[],"yoast_head":"<!-- This site is optimized with the Yoast SEO plugin v27.2 - https:\/\/yoast.com\/product\/yoast-seo-wordpress\/ -->\n<title>Mountainbike tarieven voor Les Gets Bikepark en de Portes du Soleil<\/title>\n<meta name=\"description\" content=\"Vind alle prijzen van mountainbikepakketten voor de zomer van Les Gets en Portes du Soleil Bikeparken, evenals de tarieven voor voetgangers voor uw vakantie in Les Gets.\" \/>\n<meta name=\"robots\" content=\"index, follow, max-snippet:-1, max-image-preview:large, max-video-preview:-1\" \/>\n<link rel=\"canonical\" href=\"https:\/\/www.lesgets.com\/nl\/skipassen\/mtb-tarieven-portes-du-soleil\/\" \/>\n<meta property=\"og:locale\" content=\"nl_NL\" \/>\n<meta property=\"og:type\" content=\"article\" \/>\n<meta property=\"og:title\" content=\"Mountainbike tarieven voor Les Gets Bikepark en de Portes du Soleil\" \/>\n<meta property=\"og:description\" content=\"Vind alle prijzen van mountainbikepakketten voor de zomer van Les Gets en Portes du Soleil Bikeparken, evenals de tarieven voor voetgangers voor uw vakantie in Les Gets.\" \/>\n<meta property=\"og:url\" content=\"https:\/\/www.lesgets.com\/nl\/skipassen\/mtb-tarieven-portes-du-soleil\/\" \/>\n<meta property=\"og:site_name\" content=\"Les Gets\" \/>\n<meta property=\"article:modified_time\" content=\"2024-03-20T10:17:06+00:00\" \/>\n<meta property=\"og:image\" content=\"https:\/\/www.lesgets.com\/wp\/..\/app\/uploads\/2020\/04\/telesiege_des_chavannes_ete_vtt.jpg\" \/>\n\t<meta property=\"og:image:width\" content=\"1500\" \/>\n\t<meta property=\"og:image:height\" content=\"1000\" \/>\n\t<meta property=\"og:image:type\" content=\"image\/jpeg\" \/>\n<meta name=\"twitter:card\" content=\"summary_large_image\" \/>\n<meta name=\"twitter:label1\" content=\"Est. reading time\" \/>\n\t<meta name=\"twitter:data1\" content=\"4 minutes\" \/>\n<script type=\"application\/ld+json\" class=\"yoast-schema-graph\">{\"@context\":\"https:\/\/schema.org\",\"@graph\":[{\"@type\":\"WebPage\",\"@id\":\"https:\/\/www.lesgets.com\/nl\/skipassen\/mtb-tarieven-portes-du-soleil\/\",\"url\":\"https:\/\/www.lesgets.com\/nl\/skipassen\/mtb-tarieven-portes-du-soleil\/\",\"name\":\"Mountainbike tarieven voor Les Gets Bikepark en de Portes du Soleil\",\"isPartOf\":{\"@id\":\"https:\/\/www.lesgets.com\/en\/#website\"},\"primaryImageOfPage\":{\"@id\":\"https:\/\/www.lesgets.com\/nl\/skipassen\/mtb-tarieven-portes-du-soleil\/#primaryimage\"},\"image\":{\"@id\":\"https:\/\/www.lesgets.com\/nl\/skipassen\/mtb-tarieven-portes-du-soleil\/#primaryimage\"},\"thumbnailUrl\":\"https:\/\/www.lesgets.com\/wp\/..\/app\/uploads\/2020\/04\/telesiege_des_chavannes_ete_vtt.jpg\",\"datePublished\":\"2020-07-28T08:03:07+00:00\",\"dateModified\":\"2024-03-20T10:17:06+00:00\",\"description\":\"Vind alle prijzen van mountainbikepakketten voor de zomer van Les Gets en Portes du Soleil Bikeparken, evenals de tarieven voor voetgangers voor uw vakantie in Les Gets.\",\"breadcrumb\":{\"@id\":\"https:\/\/www.lesgets.com\/nl\/skipassen\/mtb-tarieven-portes-du-soleil\/#breadcrumb\"},\"inLanguage\":\"nl-NL\",\"potentialAction\":[{\"@type\":\"ReadAction\",\"target\":[\"https:\/\/www.lesgets.com\/nl\/skipassen\/mtb-tarieven-portes-du-soleil\/\"]}]},{\"@type\":\"ImageObject\",\"inLanguage\":\"nl-NL\",\"@id\":\"https:\/\/www.lesgets.com\/nl\/skipassen\/mtb-tarieven-portes-du-soleil\/#primaryimage\",\"url\":\"https:\/\/www.lesgets.com\/wp\/..\/app\/uploads\/2020\/04\/telesiege_des_chavannes_ete_vtt.jpg\",\"contentUrl\":\"https:\/\/www.lesgets.com\/wp\/..\/app\/uploads\/2020\/04\/telesiege_des_chavannes_ete_vtt.jpg\",\"width\":1500,\"height\":1000,\"caption\":\"T\u00e9l\u00e9si\u00e8ge VTT les Gets\"},{\"@type\":\"BreadcrumbList\",\"@id\":\"https:\/\/www.lesgets.com\/nl\/skipassen\/mtb-tarieven-portes-du-soleil\/#breadcrumb\",\"itemListElement\":[{\"@type\":\"ListItem\",\"position\":1,\"name\":\"Accueil\",\"item\":\"https:\/\/www.lesgets.com\/nl\/\"},{\"@type\":\"ListItem\",\"position\":2,\"name\":\"Liftpassen en skilockers\",\"item\":\"https:\/\/www.lesgets.com\/nl\/skipassen\/\"},{\"@type\":\"ListItem\",\"position\":3,\"name\":\"MTB-tarieven Portes du Soleil\"}]},{\"@type\":\"WebSite\",\"@id\":\"https:\/\/www.lesgets.com\/en\/#website\",\"url\":\"https:\/\/www.lesgets.com\/en\/\",\"name\":\"Les Gets\",\"description\":\"\",\"publisher\":{\"@id\":\"https:\/\/www.lesgets.com\/en\/#organization\"},\"potentialAction\":[{\"@type\":\"SearchAction\",\"target\":{\"@type\":\"EntryPoint\",\"urlTemplate\":\"https:\/\/www.lesgets.com\/en\/?s={search_term_string}\"},\"query-input\":{\"@type\":\"PropertyValueSpecification\",\"valueRequired\":true,\"valueName\":\"search_term_string\"}}],\"inLanguage\":\"nl-NL\"},{\"@type\":\"Organization\",\"@id\":\"https:\/\/www.lesgets.com\/en\/#organization\",\"name\":\"Les Gets\",\"url\":\"https:\/\/www.lesgets.com\/en\/\",\"logo\":{\"@type\":\"ImageObject\",\"inLanguage\":\"nl-NL\",\"@id\":\"https:\/\/www.lesgets.com\/en\/#\/schema\/logo\/image\/\",\"url\":\"https:\/\/www.lesgets.com\/wp\/..\/app\/uploads\/2020\/06\/logo_lesgets.png\",\"contentUrl\":\"https:\/\/www.lesgets.com\/wp\/..\/app\/uploads\/2020\/06\/logo_lesgets.png\",\"width\":136,\"height\":115,\"caption\":\"Les Gets\"},\"image\":{\"@id\":\"https:\/\/www.lesgets.com\/en\/#\/schema\/logo\/image\/\"}}]}<\/script>\n<!-- \/ Yoast SEO plugin. -->","yoast_head_json":{"title":"Mountainbike tarieven voor Les Gets Bikepark en de Portes du Soleil","description":"Vind alle prijzen van mountainbikepakketten voor de zomer van Les Gets en Portes du Soleil Bikeparken, evenals de tarieven voor voetgangers voor uw vakantie in Les Gets.","robots":{"index":"index","follow":"follow","max-snippet":"max-snippet:-1","max-image-preview":"max-image-preview:large","max-video-preview":"max-video-preview:-1"},"canonical":"https:\/\/www.lesgets.com\/nl\/skipassen\/mtb-tarieven-portes-du-soleil\/","og_locale":"nl_NL","og_type":"article","og_title":"Mountainbike tarieven voor Les Gets Bikepark en de Portes du Soleil","og_description":"Vind alle prijzen van mountainbikepakketten voor de zomer van Les Gets en Portes du Soleil Bikeparken, evenals de tarieven voor voetgangers voor uw vakantie in Les Gets.","og_url":"https:\/\/www.lesgets.com\/nl\/skipassen\/mtb-tarieven-portes-du-soleil\/","og_site_name":"Les Gets","article_modified_time":"2024-03-20T10:17:06+00:00","og_image":[{"width":1500,"height":1000,"url":"https:\/\/www.lesgets.com\/wp\/..\/app\/uploads\/2020\/04\/telesiege_des_chavannes_ete_vtt.jpg","type":"image\/jpeg"}],"twitter_card":"summary_large_image","twitter_misc":{"Est. reading time":"4 minutes"},"schema":{"@context":"https:\/\/schema.org","@graph":[{"@type":"WebPage","@id":"https:\/\/www.lesgets.com\/nl\/skipassen\/mtb-tarieven-portes-du-soleil\/","url":"https:\/\/www.lesgets.com\/nl\/skipassen\/mtb-tarieven-portes-du-soleil\/","name":"Mountainbike tarieven voor Les Gets Bikepark en de Portes du Soleil","isPartOf":{"@id":"https:\/\/www.lesgets.com\/en\/#website"},"primaryImageOfPage":{"@id":"https:\/\/www.lesgets.com\/nl\/skipassen\/mtb-tarieven-portes-du-soleil\/#primaryimage"},"image":{"@id":"https:\/\/www.lesgets.com\/nl\/skipassen\/mtb-tarieven-portes-du-soleil\/#primaryimage"},"thumbnailUrl":"https:\/\/www.lesgets.com\/wp\/..\/app\/uploads\/2020\/04\/telesiege_des_chavannes_ete_vtt.jpg","datePublished":"2020-07-28T08:03:07+00:00","dateModified":"2024-03-20T10:17:06+00:00","description":"Vind alle prijzen van mountainbikepakketten voor de zomer van Les Gets en Portes du Soleil Bikeparken, evenals de tarieven voor voetgangers voor uw vakantie in Les Gets.","breadcrumb":{"@id":"https:\/\/www.lesgets.com\/nl\/skipassen\/mtb-tarieven-portes-du-soleil\/#breadcrumb"},"inLanguage":"nl-NL","potentialAction":[{"@type":"ReadAction","target":["https:\/\/www.lesgets.com\/nl\/skipassen\/mtb-tarieven-portes-du-soleil\/"]}]},{"@type":"ImageObject","inLanguage":"nl-NL","@id":"https:\/\/www.lesgets.com\/nl\/skipassen\/mtb-tarieven-portes-du-soleil\/#primaryimage","url":"https:\/\/www.lesgets.com\/wp\/..\/app\/uploads\/2020\/04\/telesiege_des_chavannes_ete_vtt.jpg","contentUrl":"https:\/\/www.lesgets.com\/wp\/..\/app\/uploads\/2020\/04\/telesiege_des_chavannes_ete_vtt.jpg","width":1500,"height":1000,"caption":"T\u00e9l\u00e9si\u00e8ge VTT les Gets"},{"@type":"BreadcrumbList","@id":"https:\/\/www.lesgets.com\/nl\/skipassen\/mtb-tarieven-portes-du-soleil\/#breadcrumb","itemListElement":[{"@type":"ListItem","position":1,"name":"Accueil","item":"https:\/\/www.lesgets.com\/nl\/"},{"@type":"ListItem","position":2,"name":"Liftpassen en skilockers","item":"https:\/\/www.lesgets.com\/nl\/skipassen\/"},{"@type":"ListItem","position":3,"name":"MTB-tarieven Portes du Soleil"}]},{"@type":"WebSite","@id":"https:\/\/www.lesgets.com\/en\/#website","url":"https:\/\/www.lesgets.com\/en\/","name":"Les Gets","description":"","publisher":{"@id":"https:\/\/www.lesgets.com\/en\/#organization"},"potentialAction":[{"@type":"SearchAction","target":{"@type":"EntryPoint","urlTemplate":"https:\/\/www.lesgets.com\/en\/?s={search_term_string}"},"query-input":{"@type":"PropertyValueSpecification","valueRequired":true,"valueName":"search_term_string"}}],"inLanguage":"nl-NL"},{"@type":"Organization","@id":"https:\/\/www.lesgets.com\/en\/#organization","name":"Les Gets","url":"https:\/\/www.lesgets.com\/en\/","logo":{"@type":"ImageObject","inLanguage":"nl-NL","@id":"https:\/\/www.lesgets.com\/en\/#\/schema\/logo\/image\/","url":"https:\/\/www.lesgets.com\/wp\/..\/app\/uploads\/2020\/06\/logo_lesgets.png","contentUrl":"https:\/\/www.lesgets.com\/wp\/..\/app\/uploads\/2020\/06\/logo_lesgets.png","width":136,"height":115,"caption":"Les Gets"},"image":{"@id":"https:\/\/www.lesgets.com\/en\/#\/schema\/logo\/image\/"}}]}},"featured_image_src":"https:\/\/www.lesgets.com\/wp\/..\/app\/uploads\/2020\/04\/telesiege_des_chavannes_ete_vtt-600x400.jpg","featured_image_src_square":"https:\/\/www.lesgets.com\/wp\/..\/app\/uploads\/2020\/04\/telesiege_des_chavannes_ete_vtt-600x600.jpg","_links":{"self":[{"href":"https:\/\/www.lesgets.com\/nl\/wp-json\/wp\/v2\/pages\/15733","targetHints":{"allow":["GET"]}}],"collection":[{"href":"https:\/\/www.lesgets.com\/nl\/wp-json\/wp\/v2\/pages"}],"about":[{"href":"https:\/\/www.lesgets.com\/nl\/wp-json\/wp\/v2\/types\/page"}],"author":[{"embeddable":true,"href":"https:\/\/www.lesgets.com\/nl\/wp-json\/wp\/v2\/users\/5"}],"replies":[{"embeddable":true,"href":"https:\/\/www.lesgets.com\/nl\/wp-json\/wp\/v2\/comments?post=15733"}],"version-history":[{"count":5,"href":"https:\/\/www.lesgets.com\/nl\/wp-json\/wp\/v2\/pages\/15733\/revisions"}],"predecessor-version":[{"id":46205,"href":"https:\/\/www.lesgets.com\/nl\/wp-json\/wp\/v2\/pages\/15733\/revisions\/46205"}],"up":[{"embeddable":true,"href":"https:\/\/www.lesgets.com\/nl\/wp-json\/wp\/v2\/pages\/16029"}],"wp:featuredmedia":[{"embeddable":true,"href":"https:\/\/www.lesgets.com\/nl\/wp-json\/wp\/v2\/media\/3740"}],"wp:attachment":[{"href":"https:\/\/www.lesgets.com\/nl\/wp-json\/wp\/v2\/media?parent=15733"}],"curies":[{"name":"wp","href":"https:\/\/api.w.org\/{rel}","templated":true}]}}