{"id":15880,"date":"2020-07-29T10:10:50","date_gmt":"2020-07-29T08:10:50","guid":{"rendered":"https:\/\/www.lesgets.com\/ski-de-randonnee\/"},"modified":"2025-12-29T12:16:50","modified_gmt":"2025-12-29T11:16:50","slug":"toerski","status":"publish","type":"page","link":"https:\/\/www.lesgets.com\/nl\/ontdek-het-skigebied\/skien-wintersporten\/toerski\/","title":{"rendered":"Toerski\u00ebn"},"content":{"rendered":"<div class=\"block block-core-spacer\">\n<div style=\"height:20px\" aria-hidden=\"true\" class=\"wp-block-spacer\"><\/div>\n<\/div>\n\n<div class=\"block block-core-heading\">\n<h2 class=\"wp-block-heading\">Live opening van skipistes<\/h2>\n<\/div>\n\n<div class=\"block block-core-paragraph\">\n<p>Ontdek skitochten in Les Gets op vier veilige, <strong>bewegwijzerde routes die geschikt zijn voor alle niveaus<\/strong>. Ontdek het gebied op een andere manier, in alle rust, <strong>en geniet van de vrijheid<\/strong> van het buitenleven op de pistes van Mont Ch\u00e9ry en Les Chavannes.<\/p>\n<\/div>\n\n<div class=\"block block-core-heading\">\n<h2 class=\"wp-block-heading\">Ski slope opening status<\/h2>\n<\/div>\n\n<div class=\"block block-core-html\">\n<script src=\"https:\/\/lesgets.digisnow.app\/widget\/widget-digisnow-main.js\" station=\"lesgets\"><\/script>\n<widget-digisnow-ski-area station=\"lesgets\" lang=\"fr\" id=\"15\" ><\/widget-digisnow-ski-area>\n<\/div>\n\n<div class=\"block block-core-columns\">\n<div class=\"wp-block-columns is-layout-flex wp-container-core-columns-is-layout-9d6595d7 wp-block-columns-is-layout-flex\"><div class=\"block block-core-column\">\n<div class=\"wp-block-column is-layout-flow wp-block-column-is-layout-flow\">\n<figure class=\"wp-block-image size-full\"><a href=\"https:\/\/www.lesgets.com\/wp\/..\/app\/uploads\/2024\/11\/SoleGets-PlanPistesSkiRando4.jpg\" target=\"_blank\" rel=\"noreferrer noopener\"><img loading=\"lazy\" decoding=\"async\" width=\"2000\" height=\"2533\" src=\"https:\/\/www.lesgets.com\/wp\/..\/app\/uploads\/2024\/11\/SoleGets-PlanPistesSkiRando4.jpg\" alt=\"\" class=\"wp-image-51354\" srcset=\"https:\/\/www.lesgets.com\/wp\/..\/app\/uploads\/2024\/11\/SoleGets-PlanPistesSkiRando4.jpg 2000w, https:\/\/www.lesgets.com\/wp\/..\/app\/uploads\/2024\/11\/SoleGets-PlanPistesSkiRando4-768x973.jpg 768w, https:\/\/www.lesgets.com\/wp\/..\/app\/uploads\/2024\/11\/SoleGets-PlanPistesSkiRando4-1213x1536.jpg 1213w, https:\/\/www.lesgets.com\/wp\/..\/app\/uploads\/2024\/11\/SoleGets-PlanPistesSkiRando4-1617x2048.jpg 1617w, https:\/\/www.lesgets.com\/wp\/..\/app\/uploads\/2024\/11\/SoleGets-PlanPistesSkiRando4-960x1216.jpg 960w\" sizes=\"auto, (max-width: 2000px) 100vw, 2000px\" \/><\/a><\/figure>\n\n\n<div class=\"block block-core-paragraph\">\n<p>Vanuit het dorp leidt de route naar het Lac des \u00c9coles en gaat dan verder naar de top van Les Nauchets, waar een prachtig uitzicht over het hele skigebied op je wacht.<\/p>\n<\/div>\n\n<div class=\"block block-core-list\">\n<ul class=\"wp-block-list\"><div class=\"block block-core-list-item\">\n<li>Hoogteverschil: 490 m<\/li>\n<\/div>\n\n<div class=\"block block-core-list-item\">\n<li>Lengte: 3,7 km<\/li>\n<\/div>\n\n<div class=\"block block-core-list-item\">\n<li>Hoogte bij vertrek: 1172 m<\/li>\n<\/div>\n\n<div class=\"block block-core-list-item\">\n<li>Hoogte bij aankomst: 1662 m<\/li>\n<\/div>\n\n<div class=\"block block-core-list-item\">\n<li>Gemiddeld stijgingspercentage: 13<\/li>\n<\/div><\/ul>\n<\/div><\/div>\n<\/div>\n\n<div class=\"block block-core-column\">\n<div class=\"wp-block-column is-layout-flow wp-block-column-is-layout-flow\">\n<figure class=\"wp-block-image size-full\"><a href=\"https:\/\/www.lesgets.com\/wp\/..\/app\/uploads\/2024\/11\/SoleGets-PlanPistesSkiRando-1.jpg\" target=\"_blank\" rel=\"noreferrer noopener\"><img loading=\"lazy\" decoding=\"async\" width=\"2000\" height=\"2533\" src=\"https:\/\/www.lesgets.com\/wp\/..\/app\/uploads\/2024\/11\/SoleGets-PlanPistesSkiRando-1.jpg\" alt=\"\" class=\"wp-image-51357\" srcset=\"https:\/\/www.lesgets.com\/wp\/..\/app\/uploads\/2024\/11\/SoleGets-PlanPistesSkiRando-1.jpg 2000w, https:\/\/www.lesgets.com\/wp\/..\/app\/uploads\/2024\/11\/SoleGets-PlanPistesSkiRando-1-768x973.jpg 768w, https:\/\/www.lesgets.com\/wp\/..\/app\/uploads\/2024\/11\/SoleGets-PlanPistesSkiRando-1-1213x1536.jpg 1213w, https:\/\/www.lesgets.com\/wp\/..\/app\/uploads\/2024\/11\/SoleGets-PlanPistesSkiRando-1-1617x2048.jpg 1617w, https:\/\/www.lesgets.com\/wp\/..\/app\/uploads\/2024\/11\/SoleGets-PlanPistesSkiRando-1-960x1216.jpg 960w\" sizes=\"auto, (max-width: 2000px) 100vw, 2000px\" \/><\/a><\/figure>\n\n\n<div class=\"block block-core-paragraph\">\n<p>Vanuit het dorp Les Gets, onderaan de Cabri piste, volg je de route naar de top van de Mont Ch\u00e9ry, waar je kunt genieten van een adembenemend uitzicht op de Mont Blanc.<\/p>\n<\/div>\n\n<div class=\"block block-core-list\">\n<ul class=\"wp-block-list\"><div class=\"block block-core-list-item\">\n<li>Hoogteverschil: 654 m<\/li>\n<\/div>\n\n<div class=\"block block-core-list-item\">\n<li>Lengte: 3 km<\/li>\n<\/div>\n\n<div class=\"block block-core-list-item\">\n<li>Hoogte bij vertrek: 1172 m<\/li>\n<\/div>\n\n<div class=\"block block-core-list-item\">\n<li>Hoogte bij aankomst: 1826 m<\/li>\n<\/div>\n\n<div class=\"block block-core-list-item\">\n<li>Gemiddeld stijgingspercentage: 23<\/li>\n<\/div><\/ul>\n<\/div><\/div>\n<\/div><\/div>\n<\/div>\n\n<div class=\"block block-core-columns\">\n<div class=\"wp-block-columns is-layout-flex wp-container-core-columns-is-layout-9d6595d7 wp-block-columns-is-layout-flex\"><div class=\"block block-core-column\">\n<div class=\"wp-block-column is-layout-flow wp-block-column-is-layout-flow\">\n<figure class=\"wp-block-image size-full\"><a href=\"https:\/\/www.lesgets.com\/wp\/..\/app\/uploads\/2024\/11\/SoleGets-PlanPistesSkiRando3.jpg\" target=\"_blank\" rel=\"noreferrer noopener\"><img loading=\"lazy\" decoding=\"async\" width=\"2000\" height=\"2533\" src=\"https:\/\/www.lesgets.com\/wp\/..\/app\/uploads\/2024\/11\/SoleGets-PlanPistesSkiRando3.jpg\" alt=\"\" class=\"wp-image-51360\" srcset=\"https:\/\/www.lesgets.com\/wp\/..\/app\/uploads\/2024\/11\/SoleGets-PlanPistesSkiRando3.jpg 2000w, https:\/\/www.lesgets.com\/wp\/..\/app\/uploads\/2024\/11\/SoleGets-PlanPistesSkiRando3-768x973.jpg 768w, https:\/\/www.lesgets.com\/wp\/..\/app\/uploads\/2024\/11\/SoleGets-PlanPistesSkiRando3-1213x1536.jpg 1213w, https:\/\/www.lesgets.com\/wp\/..\/app\/uploads\/2024\/11\/SoleGets-PlanPistesSkiRando3-1617x2048.jpg 1617w, https:\/\/www.lesgets.com\/wp\/..\/app\/uploads\/2024\/11\/SoleGets-PlanPistesSkiRando3-960x1216.jpg 960w\" sizes=\"auto, (max-width: 2000px) 100vw, 2000px\" \/><\/a><\/figure>\n\n\n<div class=\"block block-core-paragraph\">\n<p><strong>NIEUW !<\/strong> Volg vanaf de parkeerplaats Col de l&#8217;Encrenaz deze route naar de top van de Mont Ch\u00e9ry.<\/p>\n<\/div>\n\n<div class=\"block block-core-list\">\n<ul class=\"wp-block-list\"><div class=\"block block-core-list-item\">\n<li>Hoogteverschil: 393 m<\/li>\n<\/div>\n\n<div class=\"block block-core-list-item\">\n<li>Lengte: 2,5 km<\/li>\n<\/div>\n\n<div class=\"block block-core-list-item\">\n<li>Hoogte bij vertrek: 1433 m<\/li>\n<\/div>\n\n<div class=\"block block-core-list-item\">\n<li>Hoogte bij aankomst: 1826 m<\/li>\n<\/div>\n\n<div class=\"block block-core-list-item\">\n<li>Gemiddeld stijgingspercentage: 16,2<\/li>\n<\/div><\/ul>\n<\/div><\/div>\n<\/div>\n\n<div class=\"block block-core-column\">\n<div class=\"wp-block-column is-layout-flow wp-block-column-is-layout-flow\">\n<figure class=\"wp-block-image size-full\"><a href=\"https:\/\/www.lesgets.com\/wp\/..\/app\/uploads\/2024\/11\/SoleGets-PlanPistesSkiRando2.jpg\" target=\"_blank\" rel=\"noreferrer noopener\"><img loading=\"lazy\" decoding=\"async\" width=\"2000\" height=\"2533\" src=\"https:\/\/www.lesgets.com\/wp\/..\/app\/uploads\/2024\/11\/SoleGets-PlanPistesSkiRando2.jpg\" alt=\"\" class=\"wp-image-51363\" srcset=\"https:\/\/www.lesgets.com\/wp\/..\/app\/uploads\/2024\/11\/SoleGets-PlanPistesSkiRando2.jpg 2000w, https:\/\/www.lesgets.com\/wp\/..\/app\/uploads\/2024\/11\/SoleGets-PlanPistesSkiRando2-768x973.jpg 768w, https:\/\/www.lesgets.com\/wp\/..\/app\/uploads\/2024\/11\/SoleGets-PlanPistesSkiRando2-1213x1536.jpg 1213w, https:\/\/www.lesgets.com\/wp\/..\/app\/uploads\/2024\/11\/SoleGets-PlanPistesSkiRando2-1617x2048.jpg 1617w, https:\/\/www.lesgets.com\/wp\/..\/app\/uploads\/2024\/11\/SoleGets-PlanPistesSkiRando2-960x1216.jpg 960w\" sizes=\"auto, (max-width: 2000px) 100vw, 2000px\" \/><\/a><\/figure>\n\n\n<div class=\"block block-core-paragraph\">\n<p><strong>NIEUW <\/strong>! Volg vanaf het aankomstpunt van de Mont Ch\u00e9ry kabelbaan deze route naar de top van de Mont Ch\u00e9ry.<\/p>\n<\/div>\n\n<div class=\"block block-core-list\">\n<ul class=\"wp-block-list\"><div class=\"block block-core-list-item\">\n<li>Hoogteverschil: 290 m<\/li>\n<\/div>\n\n<div class=\"block block-core-list-item\">\n<li>Lengte: 2,7 km<\/li>\n<\/div>\n\n<div class=\"block block-core-list-item\">\n<li>Hoogte bij vertrek: 1536 m<\/li>\n<\/div>\n\n<div class=\"block block-core-list-item\">\n<li>Hoogte bij aankomst: 1826 m<\/li>\n<\/div>\n\n<div class=\"block block-core-list-item\">\n<li>Gemiddeld stijgingspercentage: 11,5<\/li>\n<\/div><\/ul>\n<\/div><\/div>\n<\/div><\/div>\n<\/div>\n\n<div class=\"block block-core-heading\">\n<h2 class=\"wp-block-heading\">Enkele veiligheidsregels voor de gemarkeerde routes<\/h2>\n<\/div>\n\n<div class=\"block block-core-list\">\n<ul class=\"wp-block-list\"><div class=\"block block-core-list-item\">\n<li>Rijden op deze routes (inclusief afdalingen) is &#8216;s nachts verboden en alleen toegestaan tijdens de openingstijden van het skigebied : <strong>tussen 9.00 en 17.00 uur<\/strong>. Buiten deze tijden loop je het risico op een ongeluk door de kabels van de pistemachines.<\/li>\n<\/div>\n\n<div class=\"block block-core-list-item\">\n<li><strong>Deze route is alleen voor beklimmingen. Afdalingen zijn alleen mogelijk op de open pistes.<\/strong> De route wordt onderhouden door de gebruikers.<\/li>\n<\/div>\n\n<div class=\"block block-core-list-item\">\n<li>De route kan <strong>om veiligheidsredenen geheel of gedeeltelijk worden afgesloten door de pistedienst<\/strong>. Controleer voor vertrek de opening van de piste op onze website.<\/li>\n<\/div><\/ul>\n<\/div>\n\n<div class=\"block block-core-paragraph\">\n<p class=\"has-luminous-vivid-amber-color has-text-color has-link-color wp-elements-6f1a6345b044462c5f89ccc80ba8257a\"><strong>Eerstehulpnummer: +33 (0)4 50 79 72 22 of 112<\/strong><\/p>\n<\/div>\n\n<div class=\"block block-core-heading\">\n<h2 class=\"wp-block-heading\">Beginnen met toerski\u00ebn<\/h2>\n<\/div>\n\n<div class=\"block block-core-paragraph\">\n<p>Toerski\u00ebn is een ervaring die voor <strong>iedereen toegankelijk<\/strong> is en kan worden aangepast aan ieders smaak: je kunt in je eigen tempo bergop ski\u00ebn en bergaf ski\u00ebn op verschillende soorten terrein en sneeuwcondities, via gemarkeerde pistes of off-piste*.<\/p>\n<\/div>\n\n<div class=\"block block-core-paragraph\">\n<p>Om je eerste uitstapjes te begeleiden, <strong>raden we je aan een beroep te doen op de skileraren of berggidsen die in Les Gets beschikbaar zijn.<\/strong> Zij leren je alles wat je moet weten over ski\u00ebn in de bergen, uitrusting en veiligheidsregels. Wat betreft de uitrusting zijn er in Les Gets genoeg sportwinkels die materiaal te huur of te koop aanbieden.<\/p>\n<\/div>\n\n<div class=\"block block-core-paragraph\">\n<p>*Bij off-piste ski\u00ebn moet je een aantal veiligheidsregels in acht nemen: analyse van het weer, de sneeuwlagen en het terrein, specifieke veiligheidsuitrusting (lawinepieper, airbagrugzak, enz.).<\/p>\n<\/div>\n\n<div class=\"block block-core-columns\">\n<div class=\"wp-block-columns is-layout-flex wp-container-core-columns-is-layout-9d6595d7 wp-block-columns-is-layout-flex\"><div class=\"block block-core-column\">\n<div class=\"wp-block-column is-layout-flow wp-block-column-is-layout-flow\"><div class=\"block block-core-buttons\">\n<div class=\"wp-block-buttons is-content-justification-center is-layout-flex wp-container-core-buttons-is-layout-16018d1d wp-block-buttons-is-layout-flex\"><div class=\"block block-core-button\">\n<div class=\"wp-block-button\"><a class=\"wp-block-button__link wp-element-button\" href=\"https:\/\/www.lesgets.com\/nl\/ontdek-het-skigebied\/skien-wintersporten\/toerski\/middelgrote-berggidsen-voor-skitochten\/\" target=\"_blank\" rel=\"noreferrer noopener\">Berggidsen<\/a><\/div>\n<\/div><\/div>\n<\/div><\/div>\n<\/div>\n\n<div class=\"block block-core-column\">\n<div class=\"wp-block-column is-layout-flow wp-block-column-is-layout-flow\"><div class=\"block block-core-buttons\">\n<div class=\"wp-block-buttons is-content-justification-center is-layout-flex wp-container-core-buttons-is-layout-16018d1d wp-block-buttons-is-layout-flex\"><div class=\"block block-core-button\">\n<div class=\"wp-block-button\"><a class=\"wp-block-button__link wp-element-button\" href=\"https:\/\/www.lesgets.com\/nl\/ontdek-het-skigebied\/skien-wintersporten\/skischolen\/\" target=\"_blank\" rel=\"noreferrer noopener\">Skischolen<\/a><\/div>\n<\/div><\/div>\n<\/div><\/div>\n<\/div>\n\n<div class=\"block block-core-column\">\n<div class=\"wp-block-column is-layout-flow wp-block-column-is-layout-flow\"><div class=\"block block-core-buttons\">\n<div class=\"wp-block-buttons is-content-justification-center is-layout-flex wp-container-core-buttons-is-layout-16018d1d wp-block-buttons-is-layout-flex\"><div class=\"block block-core-button\">\n<div class=\"wp-block-button\"><a class=\"wp-block-button__link wp-element-button\" href=\"https:\/\/www.lesgets.com\/nl\/praktische-informatie\/winkels-en-diensten\/winter-sport-en-skiverhuur-shop\/\" target=\"_blank\" rel=\"noreferrer noopener\">Verhuur winkels<\/a><\/div>\n<\/div><\/div>\n<\/div><\/div>\n<\/div><\/div>\n<\/div>","protected":false},"excerpt":{"rendered":"<p>Les Gets biedt u een gemarkeerde en veilige toerskiroute op de Mont Ch\u00e9ry. Geniet bij aankomst van het uitzicht op de Mont Blanc.<\/p>\n","protected":false},"author":5,"featured_media":76973,"parent":16579,"menu_order":3,"comment_status":"closed","ping_status":"closed","template":"","meta":{"_acf_changed":false,"footnotes":""},"class_list":["post-15880","page","type-page","status-publish","has-post-thumbnail","hentry"],"acf":[],"yoast_head":"<!-- This site is optimized with the Yoast SEO plugin v27.3 - https:\/\/yoast.com\/product\/yoast-seo-wordpress\/ -->\n<title>Toerski\u00ebn in Les Gets : gemarkeerde route van La Mont\u00e9e du Ch\u00e9ry<\/title>\n<meta name=\"description\" content=\"Les Gets biedt u een gemarkeerde en veilige toerskiroute op de Mont Ch\u00e9ry. Geniet bij aankomst van het uitzicht op de Mont Blanc.\" \/>\n<meta name=\"robots\" content=\"index, follow, max-snippet:-1, max-image-preview:large, max-video-preview:-1\" \/>\n<link rel=\"canonical\" href=\"https:\/\/www.lesgets.com\/nl\/ontdek-het-skigebied\/skien-wintersporten\/toerski\/\" \/>\n<meta property=\"og:locale\" content=\"nl_NL\" \/>\n<meta property=\"og:type\" content=\"article\" \/>\n<meta property=\"og:title\" content=\"Toerski\u00ebn in Les Gets : gemarkeerde route van La Mont\u00e9e du Ch\u00e9ry\" \/>\n<meta property=\"og:description\" content=\"Les Gets biedt u een gemarkeerde en veilige toerskiroute op de Mont Ch\u00e9ry. Geniet bij aankomst van het uitzicht op de Mont Blanc.\" \/>\n<meta property=\"og:url\" content=\"https:\/\/www.lesgets.com\/nl\/ontdek-het-skigebied\/skien-wintersporten\/toerski\/\" \/>\n<meta property=\"og:site_name\" content=\"Les Gets\" \/>\n<meta property=\"article:modified_time\" content=\"2025-12-29T11:16:50+00:00\" \/>\n<meta property=\"og:image\" content=\"https:\/\/www.lesgets.com\/wp\/..\/app\/uploads\/2025\/10\/bloc_header_ski_randonnee-scaled.jpg\" \/>\n\t<meta property=\"og:image:width\" content=\"2560\" \/>\n\t<meta property=\"og:image:height\" content=\"1707\" \/>\n\t<meta property=\"og:image:type\" content=\"image\/jpeg\" \/>\n<meta name=\"twitter:card\" content=\"summary_large_image\" \/>\n<meta name=\"twitter:label1\" content=\"Est. reading time\" \/>\n\t<meta name=\"twitter:data1\" content=\"4 minutes\" \/>\n<script type=\"application\/ld+json\" class=\"yoast-schema-graph\">{\"@context\":\"https:\\\/\\\/schema.org\",\"@graph\":[{\"@type\":\"WebPage\",\"@id\":\"https:\\\/\\\/www.lesgets.com\\\/nl\\\/ontdek-het-skigebied\\\/skien-wintersporten\\\/toerski\\\/\",\"url\":\"https:\\\/\\\/www.lesgets.com\\\/nl\\\/ontdek-het-skigebied\\\/skien-wintersporten\\\/toerski\\\/\",\"name\":\"Toerski\u00ebn in Les Gets : gemarkeerde route van La Mont\u00e9e du Ch\u00e9ry\",\"isPartOf\":{\"@id\":\"https:\\\/\\\/www.lesgets.com\\\/en\\\/#website\"},\"primaryImageOfPage\":{\"@id\":\"https:\\\/\\\/www.lesgets.com\\\/nl\\\/ontdek-het-skigebied\\\/skien-wintersporten\\\/toerski\\\/#primaryimage\"},\"image\":{\"@id\":\"https:\\\/\\\/www.lesgets.com\\\/nl\\\/ontdek-het-skigebied\\\/skien-wintersporten\\\/toerski\\\/#primaryimage\"},\"thumbnailUrl\":\"https:\\\/\\\/www.lesgets.com\\\/wp\\\/..\\\/app\\\/uploads\\\/2025\\\/10\\\/bloc_header_ski_randonnee-scaled.jpg\",\"datePublished\":\"2020-07-29T08:10:50+00:00\",\"dateModified\":\"2025-12-29T11:16:50+00:00\",\"description\":\"Les Gets biedt u een gemarkeerde en veilige toerskiroute op de Mont Ch\u00e9ry. Geniet bij aankomst van het uitzicht op de Mont Blanc.\",\"breadcrumb\":{\"@id\":\"https:\\\/\\\/www.lesgets.com\\\/nl\\\/ontdek-het-skigebied\\\/skien-wintersporten\\\/toerski\\\/#breadcrumb\"},\"inLanguage\":\"nl-NL\",\"potentialAction\":[{\"@type\":\"ReadAction\",\"target\":[\"https:\\\/\\\/www.lesgets.com\\\/nl\\\/ontdek-het-skigebied\\\/skien-wintersporten\\\/toerski\\\/\"]}]},{\"@type\":\"ImageObject\",\"inLanguage\":\"nl-NL\",\"@id\":\"https:\\\/\\\/www.lesgets.com\\\/nl\\\/ontdek-het-skigebied\\\/skien-wintersporten\\\/toerski\\\/#primaryimage\",\"url\":\"https:\\\/\\\/www.lesgets.com\\\/wp\\\/..\\\/app\\\/uploads\\\/2025\\\/10\\\/bloc_header_ski_randonnee-scaled.jpg\",\"contentUrl\":\"https:\\\/\\\/www.lesgets.com\\\/wp\\\/..\\\/app\\\/uploads\\\/2025\\\/10\\\/bloc_header_ski_randonnee-scaled.jpg\",\"width\":2560,\"height\":1707,\"caption\":\"ski-randonnee-les-gets\"},{\"@type\":\"BreadcrumbList\",\"@id\":\"https:\\\/\\\/www.lesgets.com\\\/nl\\\/ontdek-het-skigebied\\\/skien-wintersporten\\\/toerski\\\/#breadcrumb\",\"itemListElement\":[{\"@type\":\"ListItem\",\"position\":1,\"name\":\"Accueil\",\"item\":\"https:\\\/\\\/www.lesgets.com\\\/nl\\\/\"},{\"@type\":\"ListItem\",\"position\":2,\"name\":\"Ontdek het resort\",\"item\":\"https:\\\/\\\/www.lesgets.com\\\/nl\\\/ontdek-het-skigebied\\\/\"},{\"@type\":\"ListItem\",\"position\":3,\"name\":\"Ski\u00ebn &#8211; wintersporten\",\"item\":\"https:\\\/\\\/www.lesgets.com\\\/nl\\\/ontdek-het-skigebied\\\/skien-wintersporten\\\/\"},{\"@type\":\"ListItem\",\"position\":4,\"name\":\"Toerski\u00ebn\"}]},{\"@type\":\"WebSite\",\"@id\":\"https:\\\/\\\/www.lesgets.com\\\/en\\\/#website\",\"url\":\"https:\\\/\\\/www.lesgets.com\\\/en\\\/\",\"name\":\"Les Gets\",\"description\":\"\",\"publisher\":{\"@id\":\"https:\\\/\\\/www.lesgets.com\\\/en\\\/#organization\"},\"potentialAction\":[{\"@type\":\"SearchAction\",\"target\":{\"@type\":\"EntryPoint\",\"urlTemplate\":\"https:\\\/\\\/www.lesgets.com\\\/en\\\/?s={search_term_string}\"},\"query-input\":{\"@type\":\"PropertyValueSpecification\",\"valueRequired\":true,\"valueName\":\"search_term_string\"}}],\"inLanguage\":\"nl-NL\"},{\"@type\":\"Organization\",\"@id\":\"https:\\\/\\\/www.lesgets.com\\\/en\\\/#organization\",\"name\":\"Les Gets\",\"url\":\"https:\\\/\\\/www.lesgets.com\\\/en\\\/\",\"logo\":{\"@type\":\"ImageObject\",\"inLanguage\":\"nl-NL\",\"@id\":\"https:\\\/\\\/www.lesgets.com\\\/en\\\/#\\\/schema\\\/logo\\\/image\\\/\",\"url\":\"https:\\\/\\\/www.lesgets.com\\\/wp\\\/..\\\/app\\\/uploads\\\/2020\\\/06\\\/logo_lesgets.png\",\"contentUrl\":\"https:\\\/\\\/www.lesgets.com\\\/wp\\\/..\\\/app\\\/uploads\\\/2020\\\/06\\\/logo_lesgets.png\",\"width\":136,\"height\":115,\"caption\":\"Les Gets\"},\"image\":{\"@id\":\"https:\\\/\\\/www.lesgets.com\\\/en\\\/#\\\/schema\\\/logo\\\/image\\\/\"}}]}<\/script>\n<!-- \/ Yoast SEO plugin. -->","yoast_head_json":{"title":"Toerski\u00ebn in Les Gets : gemarkeerde route van La Mont\u00e9e du Ch\u00e9ry","description":"Les Gets biedt u een gemarkeerde en veilige toerskiroute op de Mont Ch\u00e9ry. Geniet bij aankomst van het uitzicht op de Mont Blanc.","robots":{"index":"index","follow":"follow","max-snippet":"max-snippet:-1","max-image-preview":"max-image-preview:large","max-video-preview":"max-video-preview:-1"},"canonical":"https:\/\/www.lesgets.com\/nl\/ontdek-het-skigebied\/skien-wintersporten\/toerski\/","og_locale":"nl_NL","og_type":"article","og_title":"Toerski\u00ebn in Les Gets : gemarkeerde route van La Mont\u00e9e du Ch\u00e9ry","og_description":"Les Gets biedt u een gemarkeerde en veilige toerskiroute op de Mont Ch\u00e9ry. Geniet bij aankomst van het uitzicht op de Mont Blanc.","og_url":"https:\/\/www.lesgets.com\/nl\/ontdek-het-skigebied\/skien-wintersporten\/toerski\/","og_site_name":"Les Gets","article_modified_time":"2025-12-29T11:16:50+00:00","og_image":[{"width":2560,"height":1707,"url":"https:\/\/www.lesgets.com\/wp\/..\/app\/uploads\/2025\/10\/bloc_header_ski_randonnee-scaled.jpg","type":"image\/jpeg"}],"twitter_card":"summary_large_image","twitter_misc":{"Est. reading time":"4 minutes"},"schema":{"@context":"https:\/\/schema.org","@graph":[{"@type":"WebPage","@id":"https:\/\/www.lesgets.com\/nl\/ontdek-het-skigebied\/skien-wintersporten\/toerski\/","url":"https:\/\/www.lesgets.com\/nl\/ontdek-het-skigebied\/skien-wintersporten\/toerski\/","name":"Toerski\u00ebn in Les Gets : gemarkeerde route van La Mont\u00e9e du Ch\u00e9ry","isPartOf":{"@id":"https:\/\/www.lesgets.com\/en\/#website"},"primaryImageOfPage":{"@id":"https:\/\/www.lesgets.com\/nl\/ontdek-het-skigebied\/skien-wintersporten\/toerski\/#primaryimage"},"image":{"@id":"https:\/\/www.lesgets.com\/nl\/ontdek-het-skigebied\/skien-wintersporten\/toerski\/#primaryimage"},"thumbnailUrl":"https:\/\/www.lesgets.com\/wp\/..\/app\/uploads\/2025\/10\/bloc_header_ski_randonnee-scaled.jpg","datePublished":"2020-07-29T08:10:50+00:00","dateModified":"2025-12-29T11:16:50+00:00","description":"Les Gets biedt u een gemarkeerde en veilige toerskiroute op de Mont Ch\u00e9ry. Geniet bij aankomst van het uitzicht op de Mont Blanc.","breadcrumb":{"@id":"https:\/\/www.lesgets.com\/nl\/ontdek-het-skigebied\/skien-wintersporten\/toerski\/#breadcrumb"},"inLanguage":"nl-NL","potentialAction":[{"@type":"ReadAction","target":["https:\/\/www.lesgets.com\/nl\/ontdek-het-skigebied\/skien-wintersporten\/toerski\/"]}]},{"@type":"ImageObject","inLanguage":"nl-NL","@id":"https:\/\/www.lesgets.com\/nl\/ontdek-het-skigebied\/skien-wintersporten\/toerski\/#primaryimage","url":"https:\/\/www.lesgets.com\/wp\/..\/app\/uploads\/2025\/10\/bloc_header_ski_randonnee-scaled.jpg","contentUrl":"https:\/\/www.lesgets.com\/wp\/..\/app\/uploads\/2025\/10\/bloc_header_ski_randonnee-scaled.jpg","width":2560,"height":1707,"caption":"ski-randonnee-les-gets"},{"@type":"BreadcrumbList","@id":"https:\/\/www.lesgets.com\/nl\/ontdek-het-skigebied\/skien-wintersporten\/toerski\/#breadcrumb","itemListElement":[{"@type":"ListItem","position":1,"name":"Accueil","item":"https:\/\/www.lesgets.com\/nl\/"},{"@type":"ListItem","position":2,"name":"Ontdek het resort","item":"https:\/\/www.lesgets.com\/nl\/ontdek-het-skigebied\/"},{"@type":"ListItem","position":3,"name":"Ski\u00ebn &#8211; wintersporten","item":"https:\/\/www.lesgets.com\/nl\/ontdek-het-skigebied\/skien-wintersporten\/"},{"@type":"ListItem","position":4,"name":"Toerski\u00ebn"}]},{"@type":"WebSite","@id":"https:\/\/www.lesgets.com\/en\/#website","url":"https:\/\/www.lesgets.com\/en\/","name":"Les Gets","description":"","publisher":{"@id":"https:\/\/www.lesgets.com\/en\/#organization"},"potentialAction":[{"@type":"SearchAction","target":{"@type":"EntryPoint","urlTemplate":"https:\/\/www.lesgets.com\/en\/?s={search_term_string}"},"query-input":{"@type":"PropertyValueSpecification","valueRequired":true,"valueName":"search_term_string"}}],"inLanguage":"nl-NL"},{"@type":"Organization","@id":"https:\/\/www.lesgets.com\/en\/#organization","name":"Les Gets","url":"https:\/\/www.lesgets.com\/en\/","logo":{"@type":"ImageObject","inLanguage":"nl-NL","@id":"https:\/\/www.lesgets.com\/en\/#\/schema\/logo\/image\/","url":"https:\/\/www.lesgets.com\/wp\/..\/app\/uploads\/2020\/06\/logo_lesgets.png","contentUrl":"https:\/\/www.lesgets.com\/wp\/..\/app\/uploads\/2020\/06\/logo_lesgets.png","width":136,"height":115,"caption":"Les Gets"},"image":{"@id":"https:\/\/www.lesgets.com\/en\/#\/schema\/logo\/image\/"}}]}},"featured_image_src":"https:\/\/www.lesgets.com\/wp\/..\/app\/uploads\/2025\/10\/bloc_header_ski_randonnee-600x400.jpg","featured_image_src_square":"https:\/\/www.lesgets.com\/wp\/..\/app\/uploads\/2025\/10\/bloc_header_ski_randonnee-600x600.jpg","_links":{"self":[{"href":"https:\/\/www.lesgets.com\/nl\/wp-json\/wp\/v2\/pages\/15880","targetHints":{"allow":["GET"]}}],"collection":[{"href":"https:\/\/www.lesgets.com\/nl\/wp-json\/wp\/v2\/pages"}],"about":[{"href":"https:\/\/www.lesgets.com\/nl\/wp-json\/wp\/v2\/types\/page"}],"author":[{"embeddable":true,"href":"https:\/\/www.lesgets.com\/nl\/wp-json\/wp\/v2\/users\/5"}],"replies":[{"embeddable":true,"href":"https:\/\/www.lesgets.com\/nl\/wp-json\/wp\/v2\/comments?post=15880"}],"version-history":[{"count":5,"href":"https:\/\/www.lesgets.com\/nl\/wp-json\/wp\/v2\/pages\/15880\/revisions"}],"predecessor-version":[{"id":85171,"href":"https:\/\/www.lesgets.com\/nl\/wp-json\/wp\/v2\/pages\/15880\/revisions\/85171"}],"up":[{"embeddable":true,"href":"https:\/\/www.lesgets.com\/nl\/wp-json\/wp\/v2\/pages\/16579"}],"wp:featuredmedia":[{"embeddable":true,"href":"https:\/\/www.lesgets.com\/nl\/wp-json\/wp\/v2\/media\/76973"}],"wp:attachment":[{"href":"https:\/\/www.lesgets.com\/nl\/wp-json\/wp\/v2\/media?parent=15880"}],"curies":[{"name":"wp","href":"https:\/\/api.w.org\/{rel}","templated":true}]}}