{"id":15935,"date":"2020-07-29T17:31:15","date_gmt":"2020-07-29T15:31:15","guid":{"rendered":"https:\/\/www.lesgets.com\/trailrunning\/"},"modified":"2024-07-30T11:01:23","modified_gmt":"2024-07-30T09:01:23","slug":"trail-lopen","status":"publish","type":"page","link":"https:\/\/www.lesgets.com\/nl\/wat-is-er-te-doen\/zomeractiviteiten\/sporten\/trail-lopen\/","title":{"rendered":"Trail lopen"},"content":{"rendered":"<div class=\"block block-core-spacer\">\n<div style=\"height:50px\" aria-hidden=\"true\" class=\"wp-block-spacer\"><\/div>\n<\/div>\n\n<p>Een ideaal gebied voor alle hardlopers die hun conditie in de bergen willen verbeteren of daar tot rust willen komen.<\/p>\n<p>Ontdek dit rijke natuurgebied, tussen de bossen en de bergweiden. Kijk omhoog en geniet van adembenemende vergezichten,\u00a0met de Mont Blanc als achtergrond.<\/p>\n<p>Er liggen 2 gemarkeerde routes, inclusief een beginnersparcours voor het hele gezin, in een unieke omgeving bij de Mont Ch\u00e9ry.<\/p>\n\n<div class=\"block block-core-spacer\">\n<div style=\"height:50px\" aria-hidden=\"true\" class=\"wp-block-spacer\"><\/div>\n<\/div>\n\n<div class=\"block block-genesis-custom-blocks-activite\">\t\t<!-- Modal -->\r\n\t\t<div class=\"modal fade\" id=\"videoActivite-r-IVKEdOtV8\" role=\"dialog\">\r\n\t\t  <div class=\"modal-dialog\" role=\"document\">\r\n\t\t    <div class=\"modal-content\">\r\n\t\t      <div class=\"modal-header\">\r\n\t\t        <button type=\"button\" class=\"close\" data-dismiss=\"modal\" aria-label=\"Close\"><\/button>\r\n\t\t      <\/div>\r\n\t\t      <div class=\"modal-body\">\r\n\t\t        <iframe width=\"560\" height=\"315\" data-requires-vendor-consent=\"Youtube\" data-src=\"https:\/\/www.youtube.com\/embed\/r-IVKEdOtV8?rel=0;\" frameborder=\"0\" allowfullscreen><\/iframe>\r\n\t\t      <\/div>\r\n\t\t    <\/div>\r\n\t\t  <\/div>\r\n\t\t<\/div>\r\n\t\t<script>\r\n\t\t\t$(\"#videoActivite-r-IVKEdOtV8\").on('hidden.bs.modal', function (e) {\r\n\t\t        $(\"#videoActivite-r-IVKEdOtV8 iframe\").attr(\"src\", $(\"#videoActivite-r-IVKEdOtV8 iframe\").attr(\"src\"));\r\n\t\t    });\r\n\t\t<\/script>\r\n\t\t<div class=\"container-fluid\">\r\n\t\t\t<div class=\"fond-image video\" style=\"background-image:url('https:\/\/www.lesgets.com\/wp\/..\/app\/uploads\/2020\/05\/LesGets_2019_traildesGets_MANON_GUENOT_08-960x1080.jpg');\">\r\n\t\t\t<iframe width=\"560\" height=\"315\" data-requires-vendor-consent=\"Youtube\" data-src=\"https:\/\/www.youtube.com\/embed\/r-IVKEdOtV8?rel=0;&#038;autoplay=1&#038;start=22&#038;mute=1&#038;controls=0&#038;loop=1&#038;playlist=r-IVKEdOtV8\" frameborder=\"0\" allowfullscreen><\/iframe>\r\n\t\t\t\t<div class=\"container\">\r\n\t\t\t\t\t<div class=\"row\">\r\n\t\t\t\t\t\t<div class=\"col-sm-12\">\r\n\t\t\t\t\t\t\t<span class=\"subtitle\">Sector Mont Ch\u00e9ry<\/span>\r\n\t\t\t\t\t\t\t<h2>2 trailroutes<\/h2>\r\n\t\t\t\t\t\t\t<button type=\"button\" class=\"video-btn btn btn-primary hvr-outline-out\" data-toggle=\"modal\" data-target=\"#videoActivite-r-IVKEdOtV8\">See the video<\/button>\r\n\t\t\t\t\t\t<\/div>\r\n\t\t\t\t\t<\/div>\r\n\t\t\t\t<\/div>\r\n\t\t\t<\/div>\r\n\t\t<\/div>\r\n\t\t<\/div>\n\n<div class=\"block block-core-spacer\">\n<div style=\"height:50px\" aria-hidden=\"true\" class=\"wp-block-spacer\"><\/div>\n<\/div>\n\n<div class=\"block block-core-heading\">\n<h1 class=\"wp-block-heading\">Trail-routes in Les Gets <\/h1>\n<\/div>\n\n<p>Alle routes beginnen en eindigen bij het aankomststation en zijn bereikbaar met de Mont Ch\u00e9ry gondelbaan.<\/p>\n<h3>Trail 17 \u2013 Groen &#8211; <strong>Mont Caly<\/strong><\/h3>\n<p>Afstand : 5.8 km<br \/>Hoogteverschil : 165m D+<br \/><a href=\"https:\/\/www.lesgets.com\/app\/uploads\/2020\/05\/LesGets_TOPO_Trail17Vert_MontCaly.pdf\" target=\"_blank\" rel=\"noopener noreferrer\">Topografie<\/a><\/p>\n<h3>Trail 19 &#8211; Rood &#8211; <strong>Les Cr\u00eates du Mont Ch\u00e9ry<\/strong><\/h3>\n<p>Afstand : 11.5 km<br \/>Hoogteverschil : 800m D+<br \/><a href=\"https:\/\/www.lesgets.com\/app\/uploads\/2020\/05\/LesGets_TOPO_Trail19Rouge_Cretes-du-Chery.pdf\" target=\"_blank\" rel=\"noopener noreferrer\">Topografie<\/a><\/p>\n<h3>Markeringen<\/h3>\n<p>Langs alle routes staan bordjes met de volgende informatie :<\/p>\n<p>&#8211; De kleur van het parcours, overeenkomstig de moeilijkheidsgraad (net als bij de skipistes)<br \/>&#8211; Het nummer van de markering<br \/>&#8211; De te volgen richting<\/p>\n\n<div class=\"block block-core-spacer\">\n<div style=\"height:50px\" aria-hidden=\"true\" class=\"wp-block-spacer\"><\/div>\n<\/div>\n\n<div class=\"block block-genesis-custom-blocks-image-texte\">\r\n\t\t    <div class=\"container-fluid full-width image-gauche fond-blanc\">\r\n\t\t\t\t<div class=\"row\">\r\n\t\t\t\t\t<div class=\"col-lg-6\">\r\n\t\t\t\t\t\t<div class=\"image\" style=\"background-image:url('https:\/\/www.lesgets.com\/wp\/..\/app\/uploads\/2021\/03\/2017_06_21_coureurs_Trail_PDS_dents_du_midi_Lesgets_Marc_Daviet_084_LD-960x1080.jpg');\"><\/div>\r\n\t\t\t\t\t<\/div>\r\n\t\t\t\t\t<div class=\"col-lg-6\">\r\n\t\t\t\t\t\t<div class=\"conteneur\">\r\n\t\t\t\t\t\t\t<span class=\"subtitle\"><\/span>\r\n\t\t\t\t\t\t\t<h2>Trailrunning in de Portes du Soleil<\/h2>\r\n\t\t\t\t\t\t\t<div><p>Ontdek of herontdek de Portes du Soleil via zijn 44 permanente wandelroutes, toegankelijk voor alle niveaus. Steek de grenzen over en volg de 470 km gemarkeerde loipes. Geniet van adembenemende panorama&#8217;s dankzij de 25 skiliften die in de zomer in bedrijf zijn.Het aanbod van Portes du Soleil Trail Running komt tegemoet aan de behoeften van liefhebbers van de bergen en de open ruimte. Of u nu een expert of een beginner bent, u kunt leren trailrunnen, vooruitgang boeken of trainen. Dankzij de voetgangersliften kan iedereen zijn inspanningen afstemmen op zijn niveau en zijn wensen.In totaal per moeilijkheidsgraad :<br \/>14 groene paden<br \/>17 blauwe paden<br \/>12 rode parcours<br \/>1 zwart parcoursKijk voor meer informatie op <a href=\"https:\/\/tracedetrail.fr\/fr\/trace\/search\" target=\"_blank\" rel=\"noreferrer noopener\">http:\/\/tracedetrail.fr\/fr\/portesdusoleil<\/a> of bij de VVV van les Gets!<\/p>\n<\/div>\r\n                            \t\t\t\t\t\t<\/div>\r\n\t\t\t\t\t<\/div>\r\n\t\t\t\t<\/div>\r\n\t\t\t<\/div>\r\n\t\t\t<\/div>\n\n<div class=\"block block-core-spacer\">\n<div style=\"height:50px\" aria-hidden=\"true\" class=\"wp-block-spacer\"><\/div>\n<\/div>\n\n<div class=\"block block-core-heading\">\n<h2 class=\"wp-block-heading\">Download de GPS app voor een goede trail-start in de Portes du Soleil <\/h2>\n<\/div>\n\n<p><em>Klik hier om de app TRAIL RUNNING PORTES DU SOLEIL te downloaden:<\/em><\/p>\n<p><a href=\"https:\/\/play.google.com\/store\/apps\/details?id=com.tracedetrail.portesdusoleil&amp;hl=fr\" target=\"_blank\" rel=\"noopener noreferrer\">Google Play Store<\/a><\/p>\n<p><a href=\"https:\/\/apps.apple.com\/fr\/app\/trail-running-portes-du-soleil\/id1203003208\" target=\"_blank\" rel=\"noopener noreferrer\">Apple Store<\/a><\/p>\n<p>Met deze app heeft u de routes voor trail running in de Portes du Soleil in uw smartphone! Kies de beste route in de app aan de hand van uw verblijfplaats, de lengte en de moeilijkheidsgraad. Onderweg kunt u &nbsp;live zien hoever u bent met GPS, plus de weersverwachtingen live met webcams, een alarm\/hulp functie, &nbsp;etc.<\/p>\n\n<div class=\"block block-core-spacer\">\n<div style=\"height:100px\" aria-hidden=\"true\" class=\"wp-block-spacer\"><\/div>\n<\/div>","protected":false},"excerpt":{"rendered":"<p>Met zijn 3 gemarkeerde wandelpaden en toegang tot de Portes du Soleil, is Les Gets een ideaal gebied voor alle traillopers.<\/p>\n","protected":false},"author":4,"featured_media":7761,"parent":16671,"menu_order":2,"comment_status":"closed","ping_status":"closed","template":"","meta":{"_acf_changed":false,"footnotes":""},"class_list":["post-15935","page","type-page","status-publish","has-post-thumbnail","hentry"],"acf":[],"yoast_head":"<!-- This site is optimized with the Yoast SEO plugin v27.3 - https:\/\/yoast.com\/product\/yoast-seo-wordpress\/ -->\n<title>Trail lopen - Sport - Alle zomeractiviteiten in Les Gets<\/title>\n<meta name=\"description\" content=\"Met zijn 3 gemarkeerde wandelpaden en toegang tot de Portes du Soleil, is Les Gets een ideaal gebied voor alle traillopers.\" \/>\n<meta name=\"robots\" content=\"index, follow, max-snippet:-1, max-image-preview:large, max-video-preview:-1\" \/>\n<link rel=\"canonical\" href=\"https:\/\/www.lesgets.com\/nl\/wat-is-er-te-doen\/zomeractiviteiten\/sporten\/trail-lopen\/\" \/>\n<meta property=\"og:locale\" content=\"nl_NL\" \/>\n<meta property=\"og:type\" content=\"article\" \/>\n<meta property=\"og:title\" content=\"Trail lopen - Sport - Alle zomeractiviteiten in Les Gets\" \/>\n<meta property=\"og:description\" content=\"Met zijn 3 gemarkeerde wandelpaden en toegang tot de Portes du Soleil, is Les Gets een ideaal gebied voor alle traillopers.\" \/>\n<meta property=\"og:url\" content=\"https:\/\/www.lesgets.com\/nl\/wat-is-er-te-doen\/zomeractiviteiten\/sporten\/trail-lopen\/\" \/>\n<meta property=\"og:site_name\" content=\"Les Gets\" \/>\n<meta property=\"article:modified_time\" content=\"2024-07-30T09:01:23+00:00\" \/>\n<meta property=\"og:image\" content=\"https:\/\/www.lesgets.com\/wp\/..\/app\/uploads\/2020\/05\/LesGets_2019_traildesGets_MANON_GUENOT_09.jpg\" \/>\n\t<meta property=\"og:image:width\" content=\"640\" \/>\n\t<meta property=\"og:image:height\" content=\"427\" \/>\n\t<meta property=\"og:image:type\" content=\"image\/jpeg\" \/>\n<meta name=\"twitter:card\" content=\"summary_large_image\" \/>\n<meta name=\"twitter:label1\" content=\"Est. reading time\" \/>\n\t<meta name=\"twitter:data1\" content=\"2 minutes\" \/>\n<script type=\"application\/ld+json\" class=\"yoast-schema-graph\">{\"@context\":\"https:\\\/\\\/schema.org\",\"@graph\":[{\"@type\":\"WebPage\",\"@id\":\"https:\\\/\\\/www.lesgets.com\\\/nl\\\/wat-is-er-te-doen\\\/zomeractiviteiten\\\/sporten\\\/trail-lopen\\\/\",\"url\":\"https:\\\/\\\/www.lesgets.com\\\/nl\\\/wat-is-er-te-doen\\\/zomeractiviteiten\\\/sporten\\\/trail-lopen\\\/\",\"name\":\"Trail lopen - Sport - Alle zomeractiviteiten in Les Gets\",\"isPartOf\":{\"@id\":\"https:\\\/\\\/www.lesgets.com\\\/en\\\/#website\"},\"primaryImageOfPage\":{\"@id\":\"https:\\\/\\\/www.lesgets.com\\\/nl\\\/wat-is-er-te-doen\\\/zomeractiviteiten\\\/sporten\\\/trail-lopen\\\/#primaryimage\"},\"image\":{\"@id\":\"https:\\\/\\\/www.lesgets.com\\\/nl\\\/wat-is-er-te-doen\\\/zomeractiviteiten\\\/sporten\\\/trail-lopen\\\/#primaryimage\"},\"thumbnailUrl\":\"https:\\\/\\\/www.lesgets.com\\\/wp\\\/..\\\/app\\\/uploads\\\/2020\\\/05\\\/LesGets_2019_traildesGets_MANON_GUENOT_09.jpg\",\"datePublished\":\"2020-07-29T15:31:15+00:00\",\"dateModified\":\"2024-07-30T09:01:23+00:00\",\"description\":\"Met zijn 3 gemarkeerde wandelpaden en toegang tot de Portes du Soleil, is Les Gets een ideaal gebied voor alle traillopers.\",\"breadcrumb\":{\"@id\":\"https:\\\/\\\/www.lesgets.com\\\/nl\\\/wat-is-er-te-doen\\\/zomeractiviteiten\\\/sporten\\\/trail-lopen\\\/#breadcrumb\"},\"inLanguage\":\"nl-NL\",\"potentialAction\":[{\"@type\":\"ReadAction\",\"target\":[\"https:\\\/\\\/www.lesgets.com\\\/nl\\\/wat-is-er-te-doen\\\/zomeractiviteiten\\\/sporten\\\/trail-lopen\\\/\"]}]},{\"@type\":\"ImageObject\",\"inLanguage\":\"nl-NL\",\"@id\":\"https:\\\/\\\/www.lesgets.com\\\/nl\\\/wat-is-er-te-doen\\\/zomeractiviteiten\\\/sporten\\\/trail-lopen\\\/#primaryimage\",\"url\":\"https:\\\/\\\/www.lesgets.com\\\/wp\\\/..\\\/app\\\/uploads\\\/2020\\\/05\\\/LesGets_2019_traildesGets_MANON_GUENOT_09.jpg\",\"contentUrl\":\"https:\\\/\\\/www.lesgets.com\\\/wp\\\/..\\\/app\\\/uploads\\\/2020\\\/05\\\/LesGets_2019_traildesGets_MANON_GUENOT_09.jpg\",\"width\":1920,\"height\":1281,\"caption\":\"Homme faisant de la course \u00e0 pied en \u00e9t\u00e9 en montagne\"},{\"@type\":\"BreadcrumbList\",\"@id\":\"https:\\\/\\\/www.lesgets.com\\\/nl\\\/wat-is-er-te-doen\\\/zomeractiviteiten\\\/sporten\\\/trail-lopen\\\/#breadcrumb\",\"itemListElement\":[{\"@type\":\"ListItem\",\"position\":1,\"name\":\"Accueil\",\"item\":\"https:\\\/\\\/www.lesgets.com\\\/nl\\\/\"},{\"@type\":\"ListItem\",\"position\":2,\"name\":\"Wat is er te doen?\",\"item\":\"https:\\\/\\\/www.lesgets.com\\\/nl\\\/wat-is-er-te-doen\\\/\"},{\"@type\":\"ListItem\",\"position\":3,\"name\":\"Zomeractiviteiten\",\"item\":\"https:\\\/\\\/www.lesgets.com\\\/nl\\\/wat-is-er-te-doen\\\/zomeractiviteiten\\\/\"},{\"@type\":\"ListItem\",\"position\":4,\"name\":\"Sporten\",\"item\":\"https:\\\/\\\/www.lesgets.com\\\/nl\\\/wat-is-er-te-doen\\\/zomeractiviteiten\\\/sporten\\\/\"},{\"@type\":\"ListItem\",\"position\":5,\"name\":\"Trail lopen\"}]},{\"@type\":\"WebSite\",\"@id\":\"https:\\\/\\\/www.lesgets.com\\\/en\\\/#website\",\"url\":\"https:\\\/\\\/www.lesgets.com\\\/en\\\/\",\"name\":\"Les Gets\",\"description\":\"\",\"publisher\":{\"@id\":\"https:\\\/\\\/www.lesgets.com\\\/en\\\/#organization\"},\"potentialAction\":[{\"@type\":\"SearchAction\",\"target\":{\"@type\":\"EntryPoint\",\"urlTemplate\":\"https:\\\/\\\/www.lesgets.com\\\/en\\\/?s={search_term_string}\"},\"query-input\":{\"@type\":\"PropertyValueSpecification\",\"valueRequired\":true,\"valueName\":\"search_term_string\"}}],\"inLanguage\":\"nl-NL\"},{\"@type\":\"Organization\",\"@id\":\"https:\\\/\\\/www.lesgets.com\\\/en\\\/#organization\",\"name\":\"Les Gets\",\"url\":\"https:\\\/\\\/www.lesgets.com\\\/en\\\/\",\"logo\":{\"@type\":\"ImageObject\",\"inLanguage\":\"nl-NL\",\"@id\":\"https:\\\/\\\/www.lesgets.com\\\/en\\\/#\\\/schema\\\/logo\\\/image\\\/\",\"url\":\"https:\\\/\\\/www.lesgets.com\\\/wp\\\/..\\\/app\\\/uploads\\\/2020\\\/06\\\/logo_lesgets.png\",\"contentUrl\":\"https:\\\/\\\/www.lesgets.com\\\/wp\\\/..\\\/app\\\/uploads\\\/2020\\\/06\\\/logo_lesgets.png\",\"width\":136,\"height\":115,\"caption\":\"Les Gets\"},\"image\":{\"@id\":\"https:\\\/\\\/www.lesgets.com\\\/en\\\/#\\\/schema\\\/logo\\\/image\\\/\"}}]}<\/script>\n<!-- \/ Yoast SEO plugin. -->","yoast_head_json":{"title":"Trail lopen - Sport - Alle zomeractiviteiten in Les Gets","description":"Met zijn 3 gemarkeerde wandelpaden en toegang tot de Portes du Soleil, is Les Gets een ideaal gebied voor alle traillopers.","robots":{"index":"index","follow":"follow","max-snippet":"max-snippet:-1","max-image-preview":"max-image-preview:large","max-video-preview":"max-video-preview:-1"},"canonical":"https:\/\/www.lesgets.com\/nl\/wat-is-er-te-doen\/zomeractiviteiten\/sporten\/trail-lopen\/","og_locale":"nl_NL","og_type":"article","og_title":"Trail lopen - Sport - Alle zomeractiviteiten in Les Gets","og_description":"Met zijn 3 gemarkeerde wandelpaden en toegang tot de Portes du Soleil, is Les Gets een ideaal gebied voor alle traillopers.","og_url":"https:\/\/www.lesgets.com\/nl\/wat-is-er-te-doen\/zomeractiviteiten\/sporten\/trail-lopen\/","og_site_name":"Les Gets","article_modified_time":"2024-07-30T09:01:23+00:00","og_image":[{"url":"https:\/\/www.lesgets.com\/wp\/..\/app\/uploads\/2020\/05\/LesGets_2019_traildesGets_MANON_GUENOT_09.jpg","width":640,"height":427,"type":"image\/jpeg"}],"twitter_card":"summary_large_image","twitter_misc":{"Est. reading time":"2 minutes"},"schema":{"@context":"https:\/\/schema.org","@graph":[{"@type":"WebPage","@id":"https:\/\/www.lesgets.com\/nl\/wat-is-er-te-doen\/zomeractiviteiten\/sporten\/trail-lopen\/","url":"https:\/\/www.lesgets.com\/nl\/wat-is-er-te-doen\/zomeractiviteiten\/sporten\/trail-lopen\/","name":"Trail lopen - Sport - Alle zomeractiviteiten in Les Gets","isPartOf":{"@id":"https:\/\/www.lesgets.com\/en\/#website"},"primaryImageOfPage":{"@id":"https:\/\/www.lesgets.com\/nl\/wat-is-er-te-doen\/zomeractiviteiten\/sporten\/trail-lopen\/#primaryimage"},"image":{"@id":"https:\/\/www.lesgets.com\/nl\/wat-is-er-te-doen\/zomeractiviteiten\/sporten\/trail-lopen\/#primaryimage"},"thumbnailUrl":"https:\/\/www.lesgets.com\/wp\/..\/app\/uploads\/2020\/05\/LesGets_2019_traildesGets_MANON_GUENOT_09.jpg","datePublished":"2020-07-29T15:31:15+00:00","dateModified":"2024-07-30T09:01:23+00:00","description":"Met zijn 3 gemarkeerde wandelpaden en toegang tot de Portes du Soleil, is Les Gets een ideaal gebied voor alle traillopers.","breadcrumb":{"@id":"https:\/\/www.lesgets.com\/nl\/wat-is-er-te-doen\/zomeractiviteiten\/sporten\/trail-lopen\/#breadcrumb"},"inLanguage":"nl-NL","potentialAction":[{"@type":"ReadAction","target":["https:\/\/www.lesgets.com\/nl\/wat-is-er-te-doen\/zomeractiviteiten\/sporten\/trail-lopen\/"]}]},{"@type":"ImageObject","inLanguage":"nl-NL","@id":"https:\/\/www.lesgets.com\/nl\/wat-is-er-te-doen\/zomeractiviteiten\/sporten\/trail-lopen\/#primaryimage","url":"https:\/\/www.lesgets.com\/wp\/..\/app\/uploads\/2020\/05\/LesGets_2019_traildesGets_MANON_GUENOT_09.jpg","contentUrl":"https:\/\/www.lesgets.com\/wp\/..\/app\/uploads\/2020\/05\/LesGets_2019_traildesGets_MANON_GUENOT_09.jpg","width":1920,"height":1281,"caption":"Homme faisant de la course \u00e0 pied en \u00e9t\u00e9 en montagne"},{"@type":"BreadcrumbList","@id":"https:\/\/www.lesgets.com\/nl\/wat-is-er-te-doen\/zomeractiviteiten\/sporten\/trail-lopen\/#breadcrumb","itemListElement":[{"@type":"ListItem","position":1,"name":"Accueil","item":"https:\/\/www.lesgets.com\/nl\/"},{"@type":"ListItem","position":2,"name":"Wat is er te doen?","item":"https:\/\/www.lesgets.com\/nl\/wat-is-er-te-doen\/"},{"@type":"ListItem","position":3,"name":"Zomeractiviteiten","item":"https:\/\/www.lesgets.com\/nl\/wat-is-er-te-doen\/zomeractiviteiten\/"},{"@type":"ListItem","position":4,"name":"Sporten","item":"https:\/\/www.lesgets.com\/nl\/wat-is-er-te-doen\/zomeractiviteiten\/sporten\/"},{"@type":"ListItem","position":5,"name":"Trail lopen"}]},{"@type":"WebSite","@id":"https:\/\/www.lesgets.com\/en\/#website","url":"https:\/\/www.lesgets.com\/en\/","name":"Les Gets","description":"","publisher":{"@id":"https:\/\/www.lesgets.com\/en\/#organization"},"potentialAction":[{"@type":"SearchAction","target":{"@type":"EntryPoint","urlTemplate":"https:\/\/www.lesgets.com\/en\/?s={search_term_string}"},"query-input":{"@type":"PropertyValueSpecification","valueRequired":true,"valueName":"search_term_string"}}],"inLanguage":"nl-NL"},{"@type":"Organization","@id":"https:\/\/www.lesgets.com\/en\/#organization","name":"Les Gets","url":"https:\/\/www.lesgets.com\/en\/","logo":{"@type":"ImageObject","inLanguage":"nl-NL","@id":"https:\/\/www.lesgets.com\/en\/#\/schema\/logo\/image\/","url":"https:\/\/www.lesgets.com\/wp\/..\/app\/uploads\/2020\/06\/logo_lesgets.png","contentUrl":"https:\/\/www.lesgets.com\/wp\/..\/app\/uploads\/2020\/06\/logo_lesgets.png","width":136,"height":115,"caption":"Les Gets"},"image":{"@id":"https:\/\/www.lesgets.com\/en\/#\/schema\/logo\/image\/"}}]}},"featured_image_src":"https:\/\/www.lesgets.com\/wp\/..\/app\/uploads\/2020\/05\/LesGets_2019_traildesGets_MANON_GUENOT_09-600x400.jpg","featured_image_src_square":"https:\/\/www.lesgets.com\/wp\/..\/app\/uploads\/2020\/05\/LesGets_2019_traildesGets_MANON_GUENOT_09-600x600.jpg","_links":{"self":[{"href":"https:\/\/www.lesgets.com\/nl\/wp-json\/wp\/v2\/pages\/15935","targetHints":{"allow":["GET"]}}],"collection":[{"href":"https:\/\/www.lesgets.com\/nl\/wp-json\/wp\/v2\/pages"}],"about":[{"href":"https:\/\/www.lesgets.com\/nl\/wp-json\/wp\/v2\/types\/page"}],"author":[{"embeddable":true,"href":"https:\/\/www.lesgets.com\/nl\/wp-json\/wp\/v2\/users\/4"}],"replies":[{"embeddable":true,"href":"https:\/\/www.lesgets.com\/nl\/wp-json\/wp\/v2\/comments?post=15935"}],"version-history":[{"count":5,"href":"https:\/\/www.lesgets.com\/nl\/wp-json\/wp\/v2\/pages\/15935\/revisions"}],"predecessor-version":[{"id":48785,"href":"https:\/\/www.lesgets.com\/nl\/wp-json\/wp\/v2\/pages\/15935\/revisions\/48785"}],"up":[{"embeddable":true,"href":"https:\/\/www.lesgets.com\/nl\/wp-json\/wp\/v2\/pages\/16671"}],"wp:featuredmedia":[{"embeddable":true,"href":"https:\/\/www.lesgets.com\/nl\/wp-json\/wp\/v2\/media\/7761"}],"wp:attachment":[{"href":"https:\/\/www.lesgets.com\/nl\/wp-json\/wp\/v2\/media?parent=15935"}],"curies":[{"name":"wp","href":"https:\/\/api.w.org\/{rel}","templated":true}]}}